{"id":1382,"date":"2019-06-13T11:43:16","date_gmt":"2019-06-13T09:43:16","guid":{"rendered":"https:\/\/instytutpolski.pl\/pekin\/?page_id=1382"},"modified":"2026-03-10T04:47:49","modified_gmt":"2026-03-10T03:47:49","slug":"newsletter-2","status":"publish","type":"page","link":"https:\/\/instytutpolski.pl\/beijing\/pl\/newsletter-2\/","title":{"rendered":"Biuletyn"},"content":{"rendered":"\n<p>B\u0105d\u017a na bie\u017c\u0105co z comiesi\u0119cznymi informacjami nt. wydarze\u0144 organizowanych, wspieranych i rekomendowanych przez Instytut Polski w Pekinie i zapisz si\u0119 do subskrypcji naszego biuletynu.<\/p>\n\n\n\n<p>Zapraszamy do lektury!<\/p>\n","protected":false},"excerpt":{"rendered":"<p>B\u0105d\u017a na bie\u017c\u0105co z comiesi\u0119cznymi informacjami nt. wydarze\u0144 organizowanych, wspieranych i rekomendowanych przez Instytut Polski w Pekinie i zapisz si\u0119 do subskrypcji naszego biuletynu. Zapraszamy do lektury!<\/p>\n","protected":false},"author":1,"featured_media":1768,"parent":0,"menu_order":0,"comment_status":"closed","ping_status":"closed","template":"","meta":{"inline_featured_image":false,"_monsterinsights_skip_tracking":false,"_monsterinsights_sitenote_active":false,"_monsterinsights_sitenote_note":"","_monsterinsights_sitenote_category":0,"footnotes":""},"class_list":["post-1382","page","type-page","status-publish","has-post-thumbnail","hentry"],"yoast_head":"<!-- This site is optimized with the Yoast SEO plugin v24.6 - https:\/\/yoast.com\/wordpress\/plugins\/seo\/ -->\n<title>Biuletyn - Instytut Polski w Pekinie<\/title>\n<meta name=\"robots\" content=\"index, follow, max-snippet:-1, max-image-preview:large, max-video-preview:-1\" \/>\n<link rel=\"canonical\" href=\"https:\/\/instytutpolski.pl\/beijing\/pl\/newsletter-2\/\" \/>\n<meta property=\"og:locale\" content=\"pl_PL\" \/>\n<meta property=\"og:type\" content=\"article\" \/>\n<meta property=\"og:title\" content=\"Biuletyn - Instytut Polski w Pekinie\" \/>\n<meta property=\"og:description\" content=\"B\u0105d\u017a na bie\u017c\u0105co z comiesi\u0119cznymi informacjami nt. wydarze\u0144 organizowanych, wspieranych i rekomendowanych przez Instytut Polski w Pekinie i zapisz si\u0119 do subskrypcji naszego biuletynu. Zapraszamy do lektury!\" \/>\n<meta property=\"og:url\" content=\"https:\/\/instytutpolski.pl\/beijing\/pl\/newsletter-2\/\" \/>\n<meta property=\"og:site_name\" content=\"Instytut Polski w Pekinie\" \/>\n<meta property=\"article:modified_time\" content=\"2026-03-10T03:47:49+00:00\" \/>\n<meta property=\"og:image\" content=\"https:\/\/instytutpolski.pl\/beijing\/wp-content\/uploads\/sites\/12\/2019\/06\/newsletter.jpg\" \/>\n\t<meta property=\"og:image:width\" content=\"1920\" \/>\n\t<meta property=\"og:image:height\" content=\"700\" \/>\n\t<meta property=\"og:image:type\" content=\"image\/jpeg\" \/>\n<meta name=\"twitter:card\" content=\"summary_large_image\" \/>\n<meta name=\"twitter:label1\" content=\"Szacowany czas czytania\" \/>\n\t<meta name=\"twitter:data1\" content=\"1 minuta\" \/>\n<script type=\"application\/ld+json\" class=\"yoast-schema-graph\">{\"@context\":\"https:\/\/schema.org\",\"@graph\":[{\"@type\":\"WebPage\",\"@id\":\"https:\/\/instytutpolski.pl\/beijing\/pl\/newsletter-2\/\",\"url\":\"https:\/\/instytutpolski.pl\/beijing\/pl\/newsletter-2\/\",\"name\":\"Biuletyn - Instytut Polski w Pekinie\",\"isPartOf\":{\"@id\":\"https:\/\/instytutpolski.pl\/beijing\/#website\"},\"primaryImageOfPage\":{\"@id\":\"https:\/\/instytutpolski.pl\/beijing\/pl\/newsletter-2\/#primaryimage\"},\"image\":{\"@id\":\"https:\/\/instytutpolski.pl\/beijing\/pl\/newsletter-2\/#primaryimage\"},\"thumbnailUrl\":\"https:\/\/instytutpolski.pl\/beijing\/wp-content\/uploads\/sites\/12\/2019\/06\/newsletter.jpg\",\"datePublished\":\"2019-06-13T09:43:16+00:00\",\"dateModified\":\"2026-03-10T03:47:49+00:00\",\"breadcrumb\":{\"@id\":\"https:\/\/instytutpolski.pl\/beijing\/pl\/newsletter-2\/#breadcrumb\"},\"inLanguage\":\"pl-PL\",\"potentialAction\":[{\"@type\":\"ReadAction\",\"target\":[\"https:\/\/instytutpolski.pl\/beijing\/pl\/newsletter-2\/\"]}]},{\"@type\":\"ImageObject\",\"inLanguage\":\"pl-PL\",\"@id\":\"https:\/\/instytutpolski.pl\/beijing\/pl\/newsletter-2\/#primaryimage\",\"url\":\"https:\/\/instytutpolski.pl\/beijing\/wp-content\/uploads\/sites\/12\/2019\/06\/newsletter.jpg\",\"contentUrl\":\"https:\/\/instytutpolski.pl\/beijing\/wp-content\/uploads\/sites\/12\/2019\/06\/newsletter.jpg\",\"width\":1920,\"height\":700},{\"@type\":\"BreadcrumbList\",\"@id\":\"https:\/\/instytutpolski.pl\/beijing\/pl\/newsletter-2\/#breadcrumb\",\"itemListElement\":[{\"@type\":\"ListItem\",\"position\":1,\"name\":\"Home\",\"item\":\"https:\/\/instytutpolski.pl\/beijing\/\"},{\"@type\":\"ListItem\",\"position\":2,\"name\":\"Biuletyn\"}]},{\"@type\":\"WebSite\",\"@id\":\"https:\/\/instytutpolski.pl\/beijing\/#website\",\"url\":\"https:\/\/instytutpolski.pl\/beijing\/\",\"name\":\"Instytut Polski w Pekinie\",\"description\":\"Instytuty Polskie\",\"potentialAction\":[{\"@type\":\"SearchAction\",\"target\":{\"@type\":\"EntryPoint\",\"urlTemplate\":\"https:\/\/instytutpolski.pl\/beijing\/?s={search_term_string}\"},\"query-input\":{\"@type\":\"PropertyValueSpecification\",\"valueRequired\":true,\"valueName\":\"search_term_string\"}}],\"inLanguage\":\"pl-PL\"}]}<\/script>\n<!-- \/ Yoast SEO plugin. -->","yoast_head_json":{"title":"Biuletyn - Instytut Polski w Pekinie","robots":{"index":"index","follow":"follow","max-snippet":"max-snippet:-1","max-image-preview":"max-image-preview:large","max-video-preview":"max-video-preview:-1"},"canonical":"https:\/\/instytutpolski.pl\/beijing\/pl\/newsletter-2\/","og_locale":"pl_PL","og_type":"article","og_title":"Biuletyn - Instytut Polski w Pekinie","og_description":"B\u0105d\u017a na bie\u017c\u0105co z comiesi\u0119cznymi informacjami nt. wydarze\u0144 organizowanych, wspieranych i rekomendowanych przez Instytut Polski w Pekinie i zapisz si\u0119 do subskrypcji naszego biuletynu. Zapraszamy do lektury!","og_url":"https:\/\/instytutpolski.pl\/beijing\/pl\/newsletter-2\/","og_site_name":"Instytut Polski w Pekinie","article_modified_time":"2026-03-10T03:47:49+00:00","og_image":[{"width":1920,"height":700,"url":"https:\/\/instytutpolski.pl\/beijing\/wp-content\/uploads\/sites\/12\/2019\/06\/newsletter.jpg","type":"image\/jpeg"}],"twitter_card":"summary_large_image","twitter_misc":{"Szacowany czas czytania":"1 minuta"},"schema":{"@context":"https:\/\/schema.org","@graph":[{"@type":"WebPage","@id":"https:\/\/instytutpolski.pl\/beijing\/pl\/newsletter-2\/","url":"https:\/\/instytutpolski.pl\/beijing\/pl\/newsletter-2\/","name":"Biuletyn - Instytut Polski w Pekinie","isPartOf":{"@id":"https:\/\/instytutpolski.pl\/beijing\/#website"},"primaryImageOfPage":{"@id":"https:\/\/instytutpolski.pl\/beijing\/pl\/newsletter-2\/#primaryimage"},"image":{"@id":"https:\/\/instytutpolski.pl\/beijing\/pl\/newsletter-2\/#primaryimage"},"thumbnailUrl":"https:\/\/instytutpolski.pl\/beijing\/wp-content\/uploads\/sites\/12\/2019\/06\/newsletter.jpg","datePublished":"2019-06-13T09:43:16+00:00","dateModified":"2026-03-10T03:47:49+00:00","breadcrumb":{"@id":"https:\/\/instytutpolski.pl\/beijing\/pl\/newsletter-2\/#breadcrumb"},"inLanguage":"pl-PL","potentialAction":[{"@type":"ReadAction","target":["https:\/\/instytutpolski.pl\/beijing\/pl\/newsletter-2\/"]}]},{"@type":"ImageObject","inLanguage":"pl-PL","@id":"https:\/\/instytutpolski.pl\/beijing\/pl\/newsletter-2\/#primaryimage","url":"https:\/\/instytutpolski.pl\/beijing\/wp-content\/uploads\/sites\/12\/2019\/06\/newsletter.jpg","contentUrl":"https:\/\/instytutpolski.pl\/beijing\/wp-content\/uploads\/sites\/12\/2019\/06\/newsletter.jpg","width":1920,"height":700},{"@type":"BreadcrumbList","@id":"https:\/\/instytutpolski.pl\/beijing\/pl\/newsletter-2\/#breadcrumb","itemListElement":[{"@type":"ListItem","position":1,"name":"Home","item":"https:\/\/instytutpolski.pl\/beijing\/"},{"@type":"ListItem","position":2,"name":"Biuletyn"}]},{"@type":"WebSite","@id":"https:\/\/instytutpolski.pl\/beijing\/#website","url":"https:\/\/instytutpolski.pl\/beijing\/","name":"Instytut Polski w Pekinie","description":"Instytuty Polskie","potentialAction":[{"@type":"SearchAction","target":{"@type":"EntryPoint","urlTemplate":"https:\/\/instytutpolski.pl\/beijing\/?s={search_term_string}"},"query-input":{"@type":"PropertyValueSpecification","valueRequired":true,"valueName":"search_term_string"}}],"inLanguage":"pl-PL"}]}},"_links":{"self":[{"href":"https:\/\/instytutpolski.pl\/beijing\/wp-json\/wp\/v2\/pages\/1382","targetHints":{"allow":["GET"]}}],"collection":[{"href":"https:\/\/instytutpolski.pl\/beijing\/wp-json\/wp\/v2\/pages"}],"about":[{"href":"https:\/\/instytutpolski.pl\/beijing\/wp-json\/wp\/v2\/types\/page"}],"author":[{"embeddable":true,"href":"https:\/\/instytutpolski.pl\/beijing\/wp-json\/wp\/v2\/users\/1"}],"replies":[{"embeddable":true,"href":"https:\/\/instytutpolski.pl\/beijing\/wp-json\/wp\/v2\/comments?post=1382"}],"version-history":[{"count":4,"href":"https:\/\/instytutpolski.pl\/beijing\/wp-json\/wp\/v2\/pages\/1382\/revisions"}],"predecessor-version":[{"id":7676,"href":"https:\/\/instytutpolski.pl\/beijing\/wp-json\/wp\/v2\/pages\/1382\/revisions\/7676"}],"wp:featuredmedia":[{"embeddable":true,"href":"https:\/\/instytutpolski.pl\/beijing\/wp-json\/wp\/v2\/media\/1768"}],"wp:attachment":[{"href":"https:\/\/instytutpolski.pl\/beijing\/wp-json\/wp\/v2\/media?parent=1382"}],"curies":[{"name":"wp","href":"https:\/\/api.w.org\/{rel}","templated":true}]}}