{"id":1395,"date":"2019-06-28T13:21:42","date_gmt":"2019-06-28T11:21:42","guid":{"rendered":"https:\/\/instytutpolski.pl\/pekin\/?page_id=1395"},"modified":"2020-06-02T09:43:39","modified_gmt":"2020-06-02T07:43:39","slug":"get-to-know-poland","status":"publish","type":"page","link":"https:\/\/instytutpolski.pl\/beijing\/en\/get-to-know-poland\/","title":{"rendered":"Get to know Poland"},"content":{"rendered":"\n<p style=\"text-align: justify\"><strong>The geometrical center of Europe is located near Warsaw, the Polish capital.<\/strong> Throughout more than a thousand years of history, Poland went from being a major continental power, to loosing our independence to finally becoming Central and Eastern Europe\u2019s economic pioneer. Today, Poland is known for the enthusiasm, creativity and potential of Polish entrepreneurship, while Poland\u2019s rich cultural traditions and customs attract millions of tourists from all over the world.<\/p>\n<p style=\"text-align: justify\"><strong>Culture and art<\/strong> have for centuries strengthened the national identity of Poles, helping us survive the worst moments in our history, and even today Polish artists keep to inspire the world. Frideric Chopin, one of the world\u2019s greatest composers and pianists, was born in Poland. The International Frederic Chopin\u2019s Piano Competition, dedicated to his music, held in Warsaw every five years since 1927, is one of the most important musical competitions in the world. Poland is also the home to Nobel Prize Laureates, Oscar and Grammy award winners. Thanks to the Nobel Prize winners in Literature, including Wis\u0142awa Szymborska, Czes\u0142aw Mi\u0142osz and Olga Tokarczuk, Poland has gained a reputation of the land of poets and writers. The vibrant Polish language, spoken by over 40 million people in Poland and abroad, contributes to the development of literature. Andrzej Wajda, winner of prestigious film awards, including the Academy Award for Lifetime Achievement, created his films in Polish. Krzysztof Penderecki, an outstanding composer and four times Grammy Award winner, was also a Pole.<\/p>\n<p style=\"text-align: justify\"><strong>Poland is a country of people with ideas.<\/strong> Polish scientists can be proud of important discoveries and inventions, whichchanged the world. The famous astronomer Miko\u0142aj Kopernik, creator of the heliocentric theory, built the basis for a breakthrough in modern natural and philosophical sciences in his work \u201cOn the Revolutions of the Heavenly Bodies.\u201d His theory was far ahead of its time and was only fully accepted two centuries later. Maria Sklodowska-Curie \u2013 an acclaimed scholar of all time &#8211; came from Warsaw. To this day, she remains the only woman ever to receive the Nobel Prize twice (in 1903 and 1911) and the only scientist to be honored for accomplishments in two separate sciences. She was the first woman to receive the Nobel Prize in Chemistry (for the discovery of polonium and radium), the first woman appointed a professor at the La Sorbonne University in Paris. Whereas Jan Czochralski, a Polish physicist, invented the method for growing single crystals, which is the basis of modern electronics. Semiconductor devices are made of silicon monocrystals obtained by this method. Thanks to them, computers, tablets, mobile phones, digital cameras, mp3 players and other electronic devices work. Polish mathematicians: Marian Rejewski, Jerzy R\u00f3\u017cycki and Henryk Zygalski broke the codes of the most famous cipher machine in history &#8211; the German Enigma. With their achievements, they contributed to the end of World War II.<\/p>\n<p style=\"text-align: justify\">Poland is a country attractive for its wildlife, spread from the Baltic Sea and Masurian lakes in the north, through the lowlands of the central part of the country up to the mountain ranges in the south. It has 23 national parks, 1,500 nature reserves and 145 landscape parks, encouraging active recreation during mountain trips, bike rallies, river and lake canoeing, sailing, surfing, horse riding (e.g., on one of the longest routes in Europe with 1,800 km, which runs through the center of the country), or observing rare species of birds in their natural habitats.<\/p>\n<p style=\"text-align: justify\">Tourists visit Poland to attend the numerous <strong>cultural events, including music, film and theater festivals<\/strong>, hosted by Polish cities famous for their amazing architecture, awarded at international competitions. Among them is the beautiful M. Karlowicz Philharmonic Hall in Szczecin, which was the first building in Poland to receive the most prestigious European prize \u2013 Mies van der Rohe; or the National Museum in Szczecin &#8211; Center of Dialogue Breakthroughs awarded the best building in the world award at te2016 World Architecture Festival in Berlin. Other Polish public buildings that stand out on the world map of architecture are the Shakespeare Theater and the European Solidarity Center in Gda\u0144sk, Silesian Museum in Katowice, built on the site of a former coal mine, Polish National Radio Symphony Orchestra in Katowice, Krzysztof Penderecki European Centre for Music in Luslawice, Cricoteca (Center for the Documentation of the Art of Tadeusz Kantor) in Cracow, and the Warsaw Uprising Museum and POLIN Museum of the History of Polish Jews in Warsaw.<\/p>\n<p style=\"text-align: justify\">Visiting these unusual cutural sites gives an insight into the complex history of Poland and the sometimes tragic fate of its inhabitants, particularly related to the experience of World War II. Poland cares for the rebirth of what is lost. It became a guardian of memory &#8211; protecting the Jewish heritage lost during World War II by supporting the development of contemporary culture of the Jewish minority in Poland. An example of this support is, among others, the Jewish Culture Festival in Cracow, organized for over 30 years. It\u2019s the most spectacular and interdisciplinary festival of its kind in the world, visited by tens of thousands of tourists.<\/p>\n<p style=\"text-align: justify\"><strong>Poland also attracts film, theater and music lovers.<\/strong> It is a real treat for them to meet with the greatest contemporary music creators at the Warsaw Autumn Festival; movie stars and world-renowned cinematographers at the EnergaCAMERIMAGE festival in Torun, or with independent artists from around the world participating in the New Horizons International Festival in Wroclaw, which presents artistic, visionary and experimental cinema.<\/p>\n\n\n\n<p><strong>More about Poland:<\/strong><\/p>\n<ul>\n<li>Poland.pl<\/li>\n<li>Culture.pl<\/li>\n<li>Polandtravel.pl<\/li>\n<li>For latest news from Poland in various languages listen to the Polish Radio<\/li>\n<\/ul>\n","protected":false},"excerpt":{"rendered":"<p>The geometrical center of Europe is located near Warsaw, the Polish capital. Throughout more than a thousand years of history, Poland went from being a major continental power, to loosing our independence to finally becoming Central and Eastern Europe\u2019s economic pioneer. Today, Poland is known for the enthusiasm, creativity and potential of Polish entrepreneurship, while [&hellip;]<\/p>\n","protected":false},"author":1,"featured_media":1390,"parent":0,"menu_order":0,"comment_status":"closed","ping_status":"closed","template":"","meta":{"inline_featured_image":false,"_monsterinsights_skip_tracking":false,"_monsterinsights_sitenote_active":false,"_monsterinsights_sitenote_note":"","_monsterinsights_sitenote_category":0,"footnotes":""},"class_list":["post-1395","page","type-page","status-publish","has-post-thumbnail","hentry"],"yoast_head":"<!-- This site is optimized with the Yoast SEO plugin v24.6 - https:\/\/yoast.com\/wordpress\/plugins\/seo\/ -->\n<title>Get to know Poland - Instytut Polski w Pekinie<\/title>\n<meta name=\"robots\" content=\"index, follow, max-snippet:-1, max-image-preview:large, max-video-preview:-1\" \/>\n<link rel=\"canonical\" href=\"https:\/\/instytutpolski.pl\/beijing\/en\/get-to-know-poland\/\" \/>\n<meta property=\"og:locale\" content=\"pl_PL\" \/>\n<meta property=\"og:type\" content=\"article\" \/>\n<meta property=\"og:title\" content=\"Get to know Poland - Instytut Polski w Pekinie\" \/>\n<meta property=\"og:description\" content=\"The geometrical center of Europe is located near Warsaw, the Polish capital. Throughout more than a thousand years of history, Poland went from being a major continental power, to loosing our independence to finally becoming Central and Eastern Europe\u2019s economic pioneer. Today, Poland is known for the enthusiasm, creativity and potential of Polish entrepreneurship, while [&hellip;]\" \/>\n<meta property=\"og:url\" content=\"https:\/\/instytutpolski.pl\/beijing\/en\/get-to-know-poland\/\" \/>\n<meta property=\"og:site_name\" content=\"Instytut Polski w Pekinie\" \/>\n<meta property=\"article:modified_time\" content=\"2020-06-02T07:43:39+00:00\" \/>\n<meta property=\"og:image\" content=\"https:\/\/instytutpolski.pl\/beijing\/wp-content\/uploads\/sites\/12\/2019\/06\/poznaj-polske.jpg\" \/>\n\t<meta property=\"og:image:width\" content=\"1920\" \/>\n\t<meta property=\"og:image:height\" content=\"700\" \/>\n\t<meta property=\"og:image:type\" content=\"image\/jpeg\" \/>\n<meta name=\"twitter:card\" content=\"summary_large_image\" \/>\n<meta name=\"twitter:label1\" content=\"Szacowany czas czytania\" \/>\n\t<meta name=\"twitter:data1\" content=\"5 minut\" \/>\n<script type=\"application\/ld+json\" class=\"yoast-schema-graph\">{\"@context\":\"https:\/\/schema.org\",\"@graph\":[{\"@type\":\"WebPage\",\"@id\":\"https:\/\/instytutpolski.pl\/beijing\/en\/get-to-know-poland\/\",\"url\":\"https:\/\/instytutpolski.pl\/beijing\/en\/get-to-know-poland\/\",\"name\":\"Get to know Poland - Instytut Polski w Pekinie\",\"isPartOf\":{\"@id\":\"https:\/\/instytutpolski.pl\/beijing\/#website\"},\"primaryImageOfPage\":{\"@id\":\"https:\/\/instytutpolski.pl\/beijing\/en\/get-to-know-poland\/#primaryimage\"},\"image\":{\"@id\":\"https:\/\/instytutpolski.pl\/beijing\/en\/get-to-know-poland\/#primaryimage\"},\"thumbnailUrl\":\"https:\/\/instytutpolski.pl\/beijing\/wp-content\/uploads\/sites\/12\/2019\/06\/poznaj-polske.jpg\",\"datePublished\":\"2019-06-28T11:21:42+00:00\",\"dateModified\":\"2020-06-02T07:43:39+00:00\",\"breadcrumb\":{\"@id\":\"https:\/\/instytutpolski.pl\/beijing\/en\/get-to-know-poland\/#breadcrumb\"},\"inLanguage\":\"pl-PL\",\"potentialAction\":[{\"@type\":\"ReadAction\",\"target\":[\"https:\/\/instytutpolski.pl\/beijing\/en\/get-to-know-poland\/\"]}]},{\"@type\":\"ImageObject\",\"inLanguage\":\"pl-PL\",\"@id\":\"https:\/\/instytutpolski.pl\/beijing\/en\/get-to-know-poland\/#primaryimage\",\"url\":\"https:\/\/instytutpolski.pl\/beijing\/wp-content\/uploads\/sites\/12\/2019\/06\/poznaj-polske.jpg\",\"contentUrl\":\"https:\/\/instytutpolski.pl\/beijing\/wp-content\/uploads\/sites\/12\/2019\/06\/poznaj-polske.jpg\",\"width\":1920,\"height\":700},{\"@type\":\"BreadcrumbList\",\"@id\":\"https:\/\/instytutpolski.pl\/beijing\/en\/get-to-know-poland\/#breadcrumb\",\"itemListElement\":[{\"@type\":\"ListItem\",\"position\":1,\"name\":\"Home\",\"item\":\"https:\/\/instytutpolski.pl\/beijing\/\"},{\"@type\":\"ListItem\",\"position\":2,\"name\":\"Get to know Poland\"}]},{\"@type\":\"WebSite\",\"@id\":\"https:\/\/instytutpolski.pl\/beijing\/#website\",\"url\":\"https:\/\/instytutpolski.pl\/beijing\/\",\"name\":\"Instytut Polski w Pekinie\",\"description\":\"Instytuty Polskie\",\"potentialAction\":[{\"@type\":\"SearchAction\",\"target\":{\"@type\":\"EntryPoint\",\"urlTemplate\":\"https:\/\/instytutpolski.pl\/beijing\/?s={search_term_string}\"},\"query-input\":{\"@type\":\"PropertyValueSpecification\",\"valueRequired\":true,\"valueName\":\"search_term_string\"}}],\"inLanguage\":\"pl-PL\"}]}<\/script>\n<!-- \/ Yoast SEO plugin. -->","yoast_head_json":{"title":"Get to know Poland - Instytut Polski w Pekinie","robots":{"index":"index","follow":"follow","max-snippet":"max-snippet:-1","max-image-preview":"max-image-preview:large","max-video-preview":"max-video-preview:-1"},"canonical":"https:\/\/instytutpolski.pl\/beijing\/en\/get-to-know-poland\/","og_locale":"pl_PL","og_type":"article","og_title":"Get to know Poland - Instytut Polski w Pekinie","og_description":"The geometrical center of Europe is located near Warsaw, the Polish capital. Throughout more than a thousand years of history, Poland went from being a major continental power, to loosing our independence to finally becoming Central and Eastern Europe\u2019s economic pioneer. Today, Poland is known for the enthusiasm, creativity and potential of Polish entrepreneurship, while [&hellip;]","og_url":"https:\/\/instytutpolski.pl\/beijing\/en\/get-to-know-poland\/","og_site_name":"Instytut Polski w Pekinie","article_modified_time":"2020-06-02T07:43:39+00:00","og_image":[{"width":1920,"height":700,"url":"https:\/\/instytutpolski.pl\/beijing\/wp-content\/uploads\/sites\/12\/2019\/06\/poznaj-polske.jpg","type":"image\/jpeg"}],"twitter_card":"summary_large_image","twitter_misc":{"Szacowany czas czytania":"5 minut"},"schema":{"@context":"https:\/\/schema.org","@graph":[{"@type":"WebPage","@id":"https:\/\/instytutpolski.pl\/beijing\/en\/get-to-know-poland\/","url":"https:\/\/instytutpolski.pl\/beijing\/en\/get-to-know-poland\/","name":"Get to know Poland - Instytut Polski w Pekinie","isPartOf":{"@id":"https:\/\/instytutpolski.pl\/beijing\/#website"},"primaryImageOfPage":{"@id":"https:\/\/instytutpolski.pl\/beijing\/en\/get-to-know-poland\/#primaryimage"},"image":{"@id":"https:\/\/instytutpolski.pl\/beijing\/en\/get-to-know-poland\/#primaryimage"},"thumbnailUrl":"https:\/\/instytutpolski.pl\/beijing\/wp-content\/uploads\/sites\/12\/2019\/06\/poznaj-polske.jpg","datePublished":"2019-06-28T11:21:42+00:00","dateModified":"2020-06-02T07:43:39+00:00","breadcrumb":{"@id":"https:\/\/instytutpolski.pl\/beijing\/en\/get-to-know-poland\/#breadcrumb"},"inLanguage":"pl-PL","potentialAction":[{"@type":"ReadAction","target":["https:\/\/instytutpolski.pl\/beijing\/en\/get-to-know-poland\/"]}]},{"@type":"ImageObject","inLanguage":"pl-PL","@id":"https:\/\/instytutpolski.pl\/beijing\/en\/get-to-know-poland\/#primaryimage","url":"https:\/\/instytutpolski.pl\/beijing\/wp-content\/uploads\/sites\/12\/2019\/06\/poznaj-polske.jpg","contentUrl":"https:\/\/instytutpolski.pl\/beijing\/wp-content\/uploads\/sites\/12\/2019\/06\/poznaj-polske.jpg","width":1920,"height":700},{"@type":"BreadcrumbList","@id":"https:\/\/instytutpolski.pl\/beijing\/en\/get-to-know-poland\/#breadcrumb","itemListElement":[{"@type":"ListItem","position":1,"name":"Home","item":"https:\/\/instytutpolski.pl\/beijing\/"},{"@type":"ListItem","position":2,"name":"Get to know Poland"}]},{"@type":"WebSite","@id":"https:\/\/instytutpolski.pl\/beijing\/#website","url":"https:\/\/instytutpolski.pl\/beijing\/","name":"Instytut Polski w Pekinie","description":"Instytuty Polskie","potentialAction":[{"@type":"SearchAction","target":{"@type":"EntryPoint","urlTemplate":"https:\/\/instytutpolski.pl\/beijing\/?s={search_term_string}"},"query-input":{"@type":"PropertyValueSpecification","valueRequired":true,"valueName":"search_term_string"}}],"inLanguage":"pl-PL"}]}},"_links":{"self":[{"href":"https:\/\/instytutpolski.pl\/beijing\/wp-json\/wp\/v2\/pages\/1395","targetHints":{"allow":["GET"]}}],"collection":[{"href":"https:\/\/instytutpolski.pl\/beijing\/wp-json\/wp\/v2\/pages"}],"about":[{"href":"https:\/\/instytutpolski.pl\/beijing\/wp-json\/wp\/v2\/types\/page"}],"author":[{"embeddable":true,"href":"https:\/\/instytutpolski.pl\/beijing\/wp-json\/wp\/v2\/users\/1"}],"replies":[{"embeddable":true,"href":"https:\/\/instytutpolski.pl\/beijing\/wp-json\/wp\/v2\/comments?post=1395"}],"version-history":[{"count":3,"href":"https:\/\/instytutpolski.pl\/beijing\/wp-json\/wp\/v2\/pages\/1395\/revisions"}],"predecessor-version":[{"id":3286,"href":"https:\/\/instytutpolski.pl\/beijing\/wp-json\/wp\/v2\/pages\/1395\/revisions\/3286"}],"wp:featuredmedia":[{"embeddable":true,"href":"https:\/\/instytutpolski.pl\/beijing\/wp-json\/wp\/v2\/media\/1390"}],"wp:attachment":[{"href":"https:\/\/instytutpolski.pl\/beijing\/wp-json\/wp\/v2\/media?parent=1395"}],"curies":[{"name":"wp","href":"https:\/\/api.w.org\/{rel}","templated":true}]}}