{"id":1438,"date":"2019-06-28T13:27:16","date_gmt":"2019-06-28T11:27:16","guid":{"rendered":"https:\/\/instytutpolski.pl\/pekin\/?page_id=1438"},"modified":"2020-06-08T10:19:23","modified_gmt":"2020-06-08T08:19:23","slug":"polish-culture","status":"publish","type":"page","link":"https:\/\/instytutpolski.pl\/beijing\/en\/get-to-know-poland\/polish-culture\/","title":{"rendered":"Polish Culture"},"content":{"rendered":"\n<p style=\"text-align: justify\">Over the 1000 year span of Polish history, g<strong>eneration after generation of Poles have developed and cultivated a complex cultural tradition, which became the essence of our national identity<\/strong>. Unique in its form and variety, the tradition was not only influenced by the surrounding Slavic or Germanic peoples, but also took huge inspiration from the Mediterranean region, Western Europe or even Middle and Far East. From the beginnings of the Polish state, i.e. since Poland was baptized in 966, Roman Catholic religion played <strong>a special role in Polish cultural tradition. Ethnic groups living in our country &#8211; Jews, Tatars and Kashubians &#8211; also had a huge impact on the mosaic of Polish culture<\/strong>.<\/p>\n<p style=\"text-align: justify\">Everyone loves a good celebration, and Poles are no different, and there are enough opportunities to celebrate in Poland, including both: <strong>religious holidays<\/strong>, such as <strong>Christmas<\/strong> (December 25), which Poles celebrate no less boisterously than the Chinese celebrate the Chinese New Year, Easter (moveable) or Corpus Christi (moveable), as well as <strong>public holidays<\/strong>, such as <strong>the Polish Independence Day, celebrated on November 11<\/strong>, Labor Day (May 1) or <strong>3rd May National Holiday celebrating the declaration of the Constitution of 3 May 1791<\/strong> &#8211; the first document of this type in all of Europe. We musn\u2019t forget about St. Andrew\u2019s Day, when we use melted wax to tell our fortune, or the First Day of Spring, when we drown an effigy of Marzanna to celebrate the end of winter.<\/p>\n<p style=\"text-align: justify\">Thanks to the literary Nobel prize winners, including Wis\u0142awa Szymborska, Czes\u0142aw Mi\u0142osz and Olga Tokarczuk, <strong>Poland gained the reputation of \u201ca country of poets and writers\u201d<\/strong>. Joseph Conrad, the world famous writer, also came from Poland. Chinese people have a particular interest in Polish literature thanks to the famous writer Lu Xun. He was the first to introduce Chinese readers to Polish romantic authors, including Adam Mickiewicz, Juliusz S\u0142owacki and Zygmunt Krasi\u0144ski. Not only did he mention them in \u201cOn the Power of Mara Poetry\u201d, one of his most famous essays, but he personally translated their works into Chinese. Today, thanks to the commitment of successive generations of translators, <strong>Chinese readers can read a whole range of Polish literature, from essays by Ryszard Kapu\u015bci\u0144ski, through the fantastic world of The Witcher, created by Andrzej Sapkowski, to the futuristic visions of Stanis\u0142aw Lem<\/strong>.<\/p>\n<p style=\"text-align: justify\"><strong>Frederic Chopin, one of the world\u2019s greatest composers and pianists, was born in Poland.<\/strong> The International Frederic Chopin\u2019s Piano Competition, dedicated to his music, held in Warsaw every five years since 1927, is one of the most important musical competitions in the world. <strong>Krzysztof Penderecki<\/strong>, an outstanding composer and four-time Grammy Award winner, <strong>was also a Pole<\/strong>, just like other famous composers, such as <strong>Henryk Wieniawski, Stanis\u0142aw Moniuszko, W\u0142adys\u0142aw Szpilman <\/strong>and <strong>Karol Szymanowski<\/strong>. Polish musicians perform in the largest concert halls all around the world &#8211; including China. Chinese audiences have an abundance of performances of Polish artists to choose from \u2013 Polish classical and jazz musicians visit China every year, e.g, as part of the Jazz Po Polsku project.<\/p>\n<p style=\"text-align: justify\">Some say that \u201ccinema loves Poland\u201d and there is more to this statement than a mere grain of truth &#8211; <strong>the so-called Polish film school educated subsequent generations of great filmmakers, including directors, cinematographers, screenwriters and film producers<\/strong>. It is enough to mention figures such as <strong>Andrzej Wajda, winner of prestigious film awards, including an Oscar for lifetime achievement<\/strong>, and <strong>Krzysztof Kie\u015blowski<\/strong>, known worldwide for the <em><strong>Decalogue<\/strong> <\/em>(1989), <em>The Double Life of Veronica<\/em> (1991) and his most famous work <em><strong>Three Colors<\/strong><\/em> (1993-1994 ). Janusz Kami\u0144ski, S\u0142awomir Idziak or Piotr Soboci\u0144ski are just some of the representatives of the highly praised Polish school of cinematography. <strong>Krzysztof Piesiewicz<\/strong>, the screenwriter of Kie\u015blowski\u2019s films, nominated for an Oscar for the Best Original Script, <strong>has often visited China, conducting screenwriting workshops and meeting with Chinese fans of Kie\u015blowski\u2019s films<\/strong>. The Chinese are also familiar with the latest Polish film productions, including <em><strong>Loving Vincent<\/strong><\/em>, a co-production between Poland and the UK, directed by Dorota Kobiela and Hugh Welchman, and <em><strong>Cold War<\/strong><\/em>, directed by Pawe\u0142 Pawlikowski. Both of these films received a number of awards and distinctions, including Oscar nominations.<\/p>\n<p style=\"text-align: justify\">Theater lovers around the world <strong>know Poland from the Grotowski method and Kantor\u2019s \u201cdeath theater\u201d<\/strong>. Spectacles of contemporary great Polish theater directors such as <strong>Grzegorz Jarzyna, Krzysztof Warlikowski, Jan Klata <\/strong>and <strong>Krystian Lupa<\/strong> have been performed many times in Chinese theaters. <strong>Krystian Lupa and Grzegorz Jarzyna even created plays with local actors.<\/strong> Lupa directed Mo Fei, a play based on a novel by Shi Tiesheng by the same name. Jarzyna, on the other hand, directed the play Two Swords, based on a short story by Lu Xun. Both productions were enthusiastically received by viewers and critics, winning many awards.<\/p>\n<p style=\"text-align: justify\">Among young people, Poland perhaps most famous for its <strong>video games<\/strong>, immensely popular not only in China but all around the world. Millions of players roamed the Witcher universe together with Geralt of Rivia <strong>in the CD Projekt RED game series<\/strong>, hid from freezing winds in the cities of <strong><em>Frostpunk<\/em> by 11 bit studios<\/strong>, or run from zombies terrorizing the city of Harran in <strong>Techland\u2019s <em>Dying Light<\/em><\/strong>. In December 2019, Chinese gamers also had the <strong>unique opportunity to participate in the largest project organized by the Polish Institute in Beijing \u2013 a live concert of music from Polish video games: Polish Games &#8211; Creative Poland: The Concert<\/strong>.<\/p>\n<p style=\"text-align: justify\">We encourage everyone to learn more about Polish culture and the richness of its multi-generational tradition &#8211; both in Poland and China. We\u2019ll do our best to make sure there\u2019s an abundance of different cultural events for you to choose from.<\/p>\n","protected":false},"excerpt":{"rendered":"<p>Over the 1000 year span of Polish history, generation after generation of Poles have developed and cultivated a complex cultural tradition, which became the essence of our national identity. Unique in its form and variety, the tradition was not only influenced by the surrounding Slavic or Germanic peoples, but also took huge inspiration from the [&hellip;]<\/p>\n","protected":false},"author":1,"featured_media":1432,"parent":1395,"menu_order":0,"comment_status":"closed","ping_status":"closed","template":"","meta":{"inline_featured_image":false,"_monsterinsights_skip_tracking":false,"_monsterinsights_sitenote_active":false,"_monsterinsights_sitenote_note":"","_monsterinsights_sitenote_category":0,"footnotes":""},"class_list":["post-1438","page","type-page","status-publish","has-post-thumbnail","hentry"],"yoast_head":"<!-- This site is optimized with the Yoast SEO plugin v24.6 - https:\/\/yoast.com\/wordpress\/plugins\/seo\/ -->\n<title>Polish Culture - Instytut Polski w Pekinie<\/title>\n<meta name=\"robots\" content=\"index, follow, max-snippet:-1, max-image-preview:large, max-video-preview:-1\" \/>\n<link rel=\"canonical\" href=\"https:\/\/instytutpolski.pl\/beijing\/en\/get-to-know-poland\/polish-culture\/\" \/>\n<meta property=\"og:locale\" content=\"pl_PL\" \/>\n<meta property=\"og:type\" content=\"article\" \/>\n<meta property=\"og:title\" content=\"Polish Culture - Instytut Polski w Pekinie\" \/>\n<meta property=\"og:description\" content=\"Over the 1000 year span of Polish history, generation after generation of Poles have developed and cultivated a complex cultural tradition, which became the essence of our national identity. Unique in its form and variety, the tradition was not only influenced by the surrounding Slavic or Germanic peoples, but also took huge inspiration from the [&hellip;]\" \/>\n<meta property=\"og:url\" content=\"https:\/\/instytutpolski.pl\/beijing\/en\/get-to-know-poland\/polish-culture\/\" \/>\n<meta property=\"og:site_name\" content=\"Instytut Polski w Pekinie\" \/>\n<meta property=\"article:modified_time\" content=\"2020-06-08T08:19:23+00:00\" \/>\n<meta property=\"og:image\" content=\"https:\/\/instytutpolski.pl\/beijing\/wp-content\/uploads\/sites\/12\/2019\/06\/kultura-w-polsce.jpg\" \/>\n\t<meta property=\"og:image:width\" content=\"1920\" \/>\n\t<meta property=\"og:image:height\" content=\"700\" \/>\n\t<meta property=\"og:image:type\" content=\"image\/jpeg\" \/>\n<meta name=\"twitter:card\" content=\"summary_large_image\" \/>\n<meta name=\"twitter:label1\" content=\"Szacowany czas czytania\" \/>\n\t<meta name=\"twitter:data1\" content=\"5 minut\" \/>\n<script type=\"application\/ld+json\" class=\"yoast-schema-graph\">{\"@context\":\"https:\/\/schema.org\",\"@graph\":[{\"@type\":\"WebPage\",\"@id\":\"https:\/\/instytutpolski.pl\/beijing\/en\/get-to-know-poland\/polish-culture\/\",\"url\":\"https:\/\/instytutpolski.pl\/beijing\/en\/get-to-know-poland\/polish-culture\/\",\"name\":\"Polish Culture - Instytut Polski w Pekinie\",\"isPartOf\":{\"@id\":\"https:\/\/instytutpolski.pl\/beijing\/#website\"},\"primaryImageOfPage\":{\"@id\":\"https:\/\/instytutpolski.pl\/beijing\/en\/get-to-know-poland\/polish-culture\/#primaryimage\"},\"image\":{\"@id\":\"https:\/\/instytutpolski.pl\/beijing\/en\/get-to-know-poland\/polish-culture\/#primaryimage\"},\"thumbnailUrl\":\"https:\/\/instytutpolski.pl\/beijing\/wp-content\/uploads\/sites\/12\/2019\/06\/kultura-w-polsce.jpg\",\"datePublished\":\"2019-06-28T11:27:16+00:00\",\"dateModified\":\"2020-06-08T08:19:23+00:00\",\"breadcrumb\":{\"@id\":\"https:\/\/instytutpolski.pl\/beijing\/en\/get-to-know-poland\/polish-culture\/#breadcrumb\"},\"inLanguage\":\"pl-PL\",\"potentialAction\":[{\"@type\":\"ReadAction\",\"target\":[\"https:\/\/instytutpolski.pl\/beijing\/en\/get-to-know-poland\/polish-culture\/\"]}]},{\"@type\":\"ImageObject\",\"inLanguage\":\"pl-PL\",\"@id\":\"https:\/\/instytutpolski.pl\/beijing\/en\/get-to-know-poland\/polish-culture\/#primaryimage\",\"url\":\"https:\/\/instytutpolski.pl\/beijing\/wp-content\/uploads\/sites\/12\/2019\/06\/kultura-w-polsce.jpg\",\"contentUrl\":\"https:\/\/instytutpolski.pl\/beijing\/wp-content\/uploads\/sites\/12\/2019\/06\/kultura-w-polsce.jpg\",\"width\":1920,\"height\":700},{\"@type\":\"BreadcrumbList\",\"@id\":\"https:\/\/instytutpolski.pl\/beijing\/en\/get-to-know-poland\/polish-culture\/#breadcrumb\",\"itemListElement\":[{\"@type\":\"ListItem\",\"position\":1,\"name\":\"Home\",\"item\":\"https:\/\/instytutpolski.pl\/beijing\/\"},{\"@type\":\"ListItem\",\"position\":2,\"name\":\"Get to know Poland\",\"item\":\"https:\/\/instytutpolski.pl\/beijing\/en\/get-to-know-poland\/\"},{\"@type\":\"ListItem\",\"position\":3,\"name\":\"Polish Culture\"}]},{\"@type\":\"WebSite\",\"@id\":\"https:\/\/instytutpolski.pl\/beijing\/#website\",\"url\":\"https:\/\/instytutpolski.pl\/beijing\/\",\"name\":\"Instytut Polski w Pekinie\",\"description\":\"Instytuty Polskie\",\"potentialAction\":[{\"@type\":\"SearchAction\",\"target\":{\"@type\":\"EntryPoint\",\"urlTemplate\":\"https:\/\/instytutpolski.pl\/beijing\/?s={search_term_string}\"},\"query-input\":{\"@type\":\"PropertyValueSpecification\",\"valueRequired\":true,\"valueName\":\"search_term_string\"}}],\"inLanguage\":\"pl-PL\"}]}<\/script>\n<!-- \/ Yoast SEO plugin. -->","yoast_head_json":{"title":"Polish Culture - Instytut Polski w Pekinie","robots":{"index":"index","follow":"follow","max-snippet":"max-snippet:-1","max-image-preview":"max-image-preview:large","max-video-preview":"max-video-preview:-1"},"canonical":"https:\/\/instytutpolski.pl\/beijing\/en\/get-to-know-poland\/polish-culture\/","og_locale":"pl_PL","og_type":"article","og_title":"Polish Culture - Instytut Polski w Pekinie","og_description":"Over the 1000 year span of Polish history, generation after generation of Poles have developed and cultivated a complex cultural tradition, which became the essence of our national identity. Unique in its form and variety, the tradition was not only influenced by the surrounding Slavic or Germanic peoples, but also took huge inspiration from the [&hellip;]","og_url":"https:\/\/instytutpolski.pl\/beijing\/en\/get-to-know-poland\/polish-culture\/","og_site_name":"Instytut Polski w Pekinie","article_modified_time":"2020-06-08T08:19:23+00:00","og_image":[{"width":1920,"height":700,"url":"https:\/\/instytutpolski.pl\/beijing\/wp-content\/uploads\/sites\/12\/2019\/06\/kultura-w-polsce.jpg","type":"image\/jpeg"}],"twitter_card":"summary_large_image","twitter_misc":{"Szacowany czas czytania":"5 minut"},"schema":{"@context":"https:\/\/schema.org","@graph":[{"@type":"WebPage","@id":"https:\/\/instytutpolski.pl\/beijing\/en\/get-to-know-poland\/polish-culture\/","url":"https:\/\/instytutpolski.pl\/beijing\/en\/get-to-know-poland\/polish-culture\/","name":"Polish Culture - Instytut Polski w Pekinie","isPartOf":{"@id":"https:\/\/instytutpolski.pl\/beijing\/#website"},"primaryImageOfPage":{"@id":"https:\/\/instytutpolski.pl\/beijing\/en\/get-to-know-poland\/polish-culture\/#primaryimage"},"image":{"@id":"https:\/\/instytutpolski.pl\/beijing\/en\/get-to-know-poland\/polish-culture\/#primaryimage"},"thumbnailUrl":"https:\/\/instytutpolski.pl\/beijing\/wp-content\/uploads\/sites\/12\/2019\/06\/kultura-w-polsce.jpg","datePublished":"2019-06-28T11:27:16+00:00","dateModified":"2020-06-08T08:19:23+00:00","breadcrumb":{"@id":"https:\/\/instytutpolski.pl\/beijing\/en\/get-to-know-poland\/polish-culture\/#breadcrumb"},"inLanguage":"pl-PL","potentialAction":[{"@type":"ReadAction","target":["https:\/\/instytutpolski.pl\/beijing\/en\/get-to-know-poland\/polish-culture\/"]}]},{"@type":"ImageObject","inLanguage":"pl-PL","@id":"https:\/\/instytutpolski.pl\/beijing\/en\/get-to-know-poland\/polish-culture\/#primaryimage","url":"https:\/\/instytutpolski.pl\/beijing\/wp-content\/uploads\/sites\/12\/2019\/06\/kultura-w-polsce.jpg","contentUrl":"https:\/\/instytutpolski.pl\/beijing\/wp-content\/uploads\/sites\/12\/2019\/06\/kultura-w-polsce.jpg","width":1920,"height":700},{"@type":"BreadcrumbList","@id":"https:\/\/instytutpolski.pl\/beijing\/en\/get-to-know-poland\/polish-culture\/#breadcrumb","itemListElement":[{"@type":"ListItem","position":1,"name":"Home","item":"https:\/\/instytutpolski.pl\/beijing\/"},{"@type":"ListItem","position":2,"name":"Get to know Poland","item":"https:\/\/instytutpolski.pl\/beijing\/en\/get-to-know-poland\/"},{"@type":"ListItem","position":3,"name":"Polish Culture"}]},{"@type":"WebSite","@id":"https:\/\/instytutpolski.pl\/beijing\/#website","url":"https:\/\/instytutpolski.pl\/beijing\/","name":"Instytut Polski w Pekinie","description":"Instytuty Polskie","potentialAction":[{"@type":"SearchAction","target":{"@type":"EntryPoint","urlTemplate":"https:\/\/instytutpolski.pl\/beijing\/?s={search_term_string}"},"query-input":{"@type":"PropertyValueSpecification","valueRequired":true,"valueName":"search_term_string"}}],"inLanguage":"pl-PL"}]}},"_links":{"self":[{"href":"https:\/\/instytutpolski.pl\/beijing\/wp-json\/wp\/v2\/pages\/1438","targetHints":{"allow":["GET"]}}],"collection":[{"href":"https:\/\/instytutpolski.pl\/beijing\/wp-json\/wp\/v2\/pages"}],"about":[{"href":"https:\/\/instytutpolski.pl\/beijing\/wp-json\/wp\/v2\/types\/page"}],"author":[{"embeddable":true,"href":"https:\/\/instytutpolski.pl\/beijing\/wp-json\/wp\/v2\/users\/1"}],"replies":[{"embeddable":true,"href":"https:\/\/instytutpolski.pl\/beijing\/wp-json\/wp\/v2\/comments?post=1438"}],"version-history":[{"count":3,"href":"https:\/\/instytutpolski.pl\/beijing\/wp-json\/wp\/v2\/pages\/1438\/revisions"}],"predecessor-version":[{"id":4700,"href":"https:\/\/instytutpolski.pl\/beijing\/wp-json\/wp\/v2\/pages\/1438\/revisions\/4700"}],"up":[{"embeddable":true,"href":"https:\/\/instytutpolski.pl\/beijing\/wp-json\/wp\/v2\/pages\/1395"}],"wp:featuredmedia":[{"embeddable":true,"href":"https:\/\/instytutpolski.pl\/beijing\/wp-json\/wp\/v2\/media\/1432"}],"wp:attachment":[{"href":"https:\/\/instytutpolski.pl\/beijing\/wp-json\/wp\/v2\/media?parent=1438"}],"curies":[{"name":"wp","href":"https:\/\/api.w.org\/{rel}","templated":true}]}}