{"id":1488,"date":"2019-06-28T13:50:37","date_gmt":"2019-06-28T11:50:37","guid":{"rendered":"https:\/\/instytutpolski.pl\/pekin\/?page_id=1488"},"modified":"2026-03-10T04:54:40","modified_gmt":"2026-03-10T03:54:40","slug":"jezyk-polski","status":"publish","type":"page","link":"https:\/\/instytutpolski.pl\/beijing\/pl\/jezyk-polski\/","title":{"rendered":"J\u0119zyk polski"},"content":{"rendered":"\n<p><strong>J\u0119zyk polski jest jednym z 24 j\u0119zyk<\/strong><strong>\u00f3<\/strong><strong>w urz\u0119dowych Unii Europejskiej. Jest to j\u0119zyk s\u0142owia\u0144ski, kt\u00f3ry korzysta z alfabetu \u0142<\/strong><strong>aci<\/strong><strong>\u0144skiego. Charakterystyczna wymowa i znaki alfabetu wyr\u00f3\u017cniaj\u0105 go na tle innych j\u0119zyk\u00f3w europejskich.<\/strong><\/p>\n\n\n\n<p>Pos\u0142uguje si\u0119 nim oko\u0142o <strong>50 milion<\/strong><strong>\u00f3<\/strong><strong>w os<\/strong><strong>\u00f3<\/strong><strong>b<\/strong>, a kolejne <strong>kilkana\u015bcie milion<\/strong><strong>\u00f3<\/strong><strong>w<\/strong> rozumie go w stopniu pasywnym. To sprawia, \u017ce polszczyzna jest <strong>najwi\u0119kszym j\u0119zykiem s\u0142owia\u0144skim Unii Europejskiej<\/strong>.<\/p>\n\n\n\n<p>Polski nale\u017cy do tej samej rodziny j\u0119zyk\u00f3w co j\u0119zyki czeski i s\u0142owacki (grupa j\u0119zyk\u00f3w indoeuropejskich).<\/p>\n\n\n\n<p>Bywa postrzegany jako j\u0119zyk wymagaj\u0105cy, ale w praktyce do swobodnej komunikacji wystarcza znajomo\u015b\u0107 oko\u0142o <strong>1200 najcz\u0119\u015bciej u\u017cywanych s\u0142\u00f3w<\/strong>. <strong>Przeci\u0119tny doros\u0142y<\/strong> Polak aktywnie u\u017cywa oko\u0142o 30 tysi\u0119cy s\u0142\u00f3w.<\/p>\n\n\n\n<p><strong>Alfabet i brzmienie<\/strong><\/p>\n\n\n\n<p><strong>Polski alfabet <\/strong>oparty jest na alfabecie \u0142aci\u0144skim i liczy <strong>32 litery<\/strong>.<\/p>\n\n\n\n<p><strong>To, co wyr\u00f3\u017cnia nasz j\u0119zyk <\/strong>to litery, kt\u00f3re nadaj\u0105 mu unikalne brzmienie. Mowa tutaj o takich znakach, jak: \u0105, \u0107, \u0119, \u0142, \u0144, \u00f3, \u015b, \u017a czy \u017c.<\/p>\n\n\n\n<p><strong>Ciekawostk\u0105 jest <\/strong>tak\u017ce to, \u017ce wiele d\u017awi\u0119k\u00f3w zapisywanych jest nie jedn\u0105 liter\u0105, lecz dwoma lub trzema\u2014 np. takie dwuznaki jak: \u201esz\u201d, \u201ecz\u201d czy tr\u00f3jznak \u201edzi\u201d brzmi\u0105 dla wielu, jak brz\u0119czenie chrz\u0105szcza w letnie po\u0142udnie.<\/p>\n\n\n\n<p>Zupe\u0142nie,<strong> jak w s\u0142ynnym polskim \u0142ama\u0144cu j\u0119zykowym<\/strong>, pochodz\u0105cym z wiersza Jana Brzechwy: \u201ew Szczebrzeszynie chrz\u0105szcz brzmi w trzcinie.\u201d<\/p>\n\n\n\n<p><strong>Gramatyka \u2013 wyzwanie i logika<\/strong><\/p>\n\n\n\n<p>Polszczyzna jest j\u0119zykiem fleksyjnym, co oznacza, \u017ce formy wyraz\u00f3w zmieniaj\u0105 si\u0119 w zale\u017cno\u015bci od ich roli w zdaniu.<\/p>\n\n\n\n<p>Rzeczowniki i przymiotniki odmieniaj\u0105 si\u0119 przez <strong>siedem przypadk<\/strong><strong>\u00f3w<\/strong>, a czasowniki przez osoby, czasy i tryby.<\/p>\n\n\n\n<p>Nauka j\u0119zyka polskiego mo\u017ce by\u0107 interesuj\u0105cym do\u015bwiadczeniem i przygod\u0105 dla ka\u017cdego, kto si\u0119 jej podejmie. <\/p>\n\n\n\n<p>Szczeg\u00f3lnie gramatyka potrafi zaskakiwa\u0107, jednocze\u015bnie oferuj\u0105c du\u017c\u0105 precyzj\u0119 wyra\u017cania i elastyczno\u015b\u0107.<\/p>\n\n\n\n<p>Do tego stopnia, \u017ce j\u0119zyk polski zosta\u0142 uznany w 2025 roku za najlepszy j\u0119zyk do promptowania AI (przed francuskim, w\u0142oskim i hiszpa\u0144skim).<\/p>\n\n\n\n<p>Polszczyzna to j\u0119zyk bogaty, elastyczny i pe\u0142en niuans\u00f3w \u2014 wymagaj\u0105cy, ale jednocze\u015bnie niezwykle satysfakcjonuj\u0105cy dla tych, kt\u00f3rzy zdecyduj\u0105 si\u0119 go pozna\u0107.<\/p>\n\n\n\n<p><strong>Nauka j\u0119zyka polskiego<\/strong>:<\/p>\n\n\n\n<p>Je\u015bli interesuj\u0105 ci\u0119 <strong>kursy j\u0119zyka polskiego w Polsce <\/strong>zapraszamy na stron\u0119 <a href=\"https:\/\/nawa.gov.pl\/en\/the-polish-language\/nawa-summer-courses\">Narodowej Agencji Wymiany Akademickiej<\/a>.<\/p>\n\n\n\n<p><strong>Ucz si\u0119 <\/strong>j\u0119zyka polskiego <strong>w Chinach<\/strong> &#8211; <a href=\"https:\/\/instytutpolski.pl\/beijing\/pl\/nauka-polskiego-w-chinach\/\">zobacz, gdzie mo\u017cesz studiowa\u0107 j\u0119zyk polski. <\/a><\/p>\n\n\n\n<p><strong>Pobierz materia\u0142y <\/strong>edukacyjne do nauki j\u0119zyka polskiego dla student\u00f3w chi\u0144skoj\u0119zycznych: <a href=\"https:\/\/www.ibl.waw.pl\/files\/podreczniki\/podrecznik-jedwabny.pdf\">Wsp\u00f3\u0142czesny Jedwabny Szlak do j\u0119zyka i kultury polskiej w Chinach.<\/a><\/p>\n\n\n\n<p><\/p>\n","protected":false},"excerpt":{"rendered":"<p>J\u0119zyk polski jest jednym z 24 j\u0119zyk\u00f3w urz\u0119dowych Unii Europejskiej. Jest to j\u0119zyk s\u0142owia\u0144ski, kt\u00f3ry korzysta z alfabetu \u0142aci\u0144skiego. Charakterystyczna wymowa i znaki alfabetu wyr\u00f3\u017cniaj\u0105 go na tle innych j\u0119zyk\u00f3w europejskich. Pos\u0142uguje si\u0119 nim oko\u0142o 50 milion\u00f3w os\u00f3b, a kolejne kilkana\u015bcie milion\u00f3w rozumie go w stopniu pasywnym. To sprawia, \u017ce polszczyzna jest najwi\u0119kszym j\u0119zykiem s\u0142owia\u0144skim [&hellip;]<\/p>\n","protected":false},"author":1,"featured_media":1489,"parent":0,"menu_order":0,"comment_status":"closed","ping_status":"closed","template":"","meta":{"inline_featured_image":false,"_monsterinsights_skip_tracking":false,"_monsterinsights_sitenote_active":false,"_monsterinsights_sitenote_note":"","_monsterinsights_sitenote_category":0,"footnotes":""},"class_list":["post-1488","page","type-page","status-publish","has-post-thumbnail","hentry"],"yoast_head":"<!-- This site is optimized with the Yoast SEO plugin v24.6 - https:\/\/yoast.com\/wordpress\/plugins\/seo\/ -->\n<title>J\u0119zyk polski - Instytut Polski w Pekinie<\/title>\n<meta name=\"robots\" content=\"index, follow, max-snippet:-1, max-image-preview:large, max-video-preview:-1\" \/>\n<link rel=\"canonical\" href=\"https:\/\/instytutpolski.pl\/beijing\/pl\/jezyk-polski\/\" \/>\n<meta property=\"og:locale\" content=\"pl_PL\" \/>\n<meta property=\"og:type\" content=\"article\" \/>\n<meta property=\"og:title\" content=\"J\u0119zyk polski - Instytut Polski w Pekinie\" \/>\n<meta property=\"og:description\" content=\"J\u0119zyk polski jest jednym z 24 j\u0119zyk\u00f3w urz\u0119dowych Unii Europejskiej. Jest to j\u0119zyk s\u0142owia\u0144ski, kt\u00f3ry korzysta z alfabetu \u0142aci\u0144skiego. Charakterystyczna wymowa i znaki alfabetu wyr\u00f3\u017cniaj\u0105 go na tle innych j\u0119zyk\u00f3w europejskich. Pos\u0142uguje si\u0119 nim oko\u0142o 50 milion\u00f3w os\u00f3b, a kolejne kilkana\u015bcie milion\u00f3w rozumie go w stopniu pasywnym. To sprawia, \u017ce polszczyzna jest najwi\u0119kszym j\u0119zykiem s\u0142owia\u0144skim [&hellip;]\" \/>\n<meta property=\"og:url\" content=\"https:\/\/instytutpolski.pl\/beijing\/pl\/jezyk-polski\/\" \/>\n<meta property=\"og:site_name\" content=\"Instytut Polski w Pekinie\" \/>\n<meta property=\"article:modified_time\" content=\"2026-03-10T03:54:40+00:00\" \/>\n<meta property=\"og:image\" content=\"https:\/\/instytutpolski.pl\/beijing\/wp-content\/uploads\/sites\/12\/2019\/06\/jezyk-polski.jpg\" \/>\n\t<meta property=\"og:image:width\" content=\"1920\" \/>\n\t<meta property=\"og:image:height\" content=\"700\" \/>\n\t<meta property=\"og:image:type\" content=\"image\/jpeg\" \/>\n<meta name=\"twitter:card\" content=\"summary_large_image\" \/>\n<meta name=\"twitter:label1\" content=\"Szacowany czas czytania\" \/>\n\t<meta name=\"twitter:data1\" content=\"3 minuty\" \/>\n<script type=\"application\/ld+json\" class=\"yoast-schema-graph\">{\"@context\":\"https:\/\/schema.org\",\"@graph\":[{\"@type\":\"WebPage\",\"@id\":\"https:\/\/instytutpolski.pl\/beijing\/pl\/jezyk-polski\/\",\"url\":\"https:\/\/instytutpolski.pl\/beijing\/pl\/jezyk-polski\/\",\"name\":\"J\u0119zyk polski - Instytut Polski w Pekinie\",\"isPartOf\":{\"@id\":\"https:\/\/instytutpolski.pl\/beijing\/#website\"},\"primaryImageOfPage\":{\"@id\":\"https:\/\/instytutpolski.pl\/beijing\/pl\/jezyk-polski\/#primaryimage\"},\"image\":{\"@id\":\"https:\/\/instytutpolski.pl\/beijing\/pl\/jezyk-polski\/#primaryimage\"},\"thumbnailUrl\":\"https:\/\/instytutpolski.pl\/beijing\/wp-content\/uploads\/sites\/12\/2019\/06\/jezyk-polski.jpg\",\"datePublished\":\"2019-06-28T11:50:37+00:00\",\"dateModified\":\"2026-03-10T03:54:40+00:00\",\"breadcrumb\":{\"@id\":\"https:\/\/instytutpolski.pl\/beijing\/pl\/jezyk-polski\/#breadcrumb\"},\"inLanguage\":\"pl-PL\",\"potentialAction\":[{\"@type\":\"ReadAction\",\"target\":[\"https:\/\/instytutpolski.pl\/beijing\/pl\/jezyk-polski\/\"]}]},{\"@type\":\"ImageObject\",\"inLanguage\":\"pl-PL\",\"@id\":\"https:\/\/instytutpolski.pl\/beijing\/pl\/jezyk-polski\/#primaryimage\",\"url\":\"https:\/\/instytutpolski.pl\/beijing\/wp-content\/uploads\/sites\/12\/2019\/06\/jezyk-polski.jpg\",\"contentUrl\":\"https:\/\/instytutpolski.pl\/beijing\/wp-content\/uploads\/sites\/12\/2019\/06\/jezyk-polski.jpg\",\"width\":1920,\"height\":700},{\"@type\":\"BreadcrumbList\",\"@id\":\"https:\/\/instytutpolski.pl\/beijing\/pl\/jezyk-polski\/#breadcrumb\",\"itemListElement\":[{\"@type\":\"ListItem\",\"position\":1,\"name\":\"Home\",\"item\":\"https:\/\/instytutpolski.pl\/beijing\/\"},{\"@type\":\"ListItem\",\"position\":2,\"name\":\"J\u0119zyk polski\"}]},{\"@type\":\"WebSite\",\"@id\":\"https:\/\/instytutpolski.pl\/beijing\/#website\",\"url\":\"https:\/\/instytutpolski.pl\/beijing\/\",\"name\":\"Instytut Polski w Pekinie\",\"description\":\"Instytuty Polskie\",\"potentialAction\":[{\"@type\":\"SearchAction\",\"target\":{\"@type\":\"EntryPoint\",\"urlTemplate\":\"https:\/\/instytutpolski.pl\/beijing\/?s={search_term_string}\"},\"query-input\":{\"@type\":\"PropertyValueSpecification\",\"valueRequired\":true,\"valueName\":\"search_term_string\"}}],\"inLanguage\":\"pl-PL\"}]}<\/script>\n<!-- \/ Yoast SEO plugin. -->","yoast_head_json":{"title":"J\u0119zyk polski - Instytut Polski w Pekinie","robots":{"index":"index","follow":"follow","max-snippet":"max-snippet:-1","max-image-preview":"max-image-preview:large","max-video-preview":"max-video-preview:-1"},"canonical":"https:\/\/instytutpolski.pl\/beijing\/pl\/jezyk-polski\/","og_locale":"pl_PL","og_type":"article","og_title":"J\u0119zyk polski - Instytut Polski w Pekinie","og_description":"J\u0119zyk polski jest jednym z 24 j\u0119zyk\u00f3w urz\u0119dowych Unii Europejskiej. Jest to j\u0119zyk s\u0142owia\u0144ski, kt\u00f3ry korzysta z alfabetu \u0142aci\u0144skiego. Charakterystyczna wymowa i znaki alfabetu wyr\u00f3\u017cniaj\u0105 go na tle innych j\u0119zyk\u00f3w europejskich. Pos\u0142uguje si\u0119 nim oko\u0142o 50 milion\u00f3w os\u00f3b, a kolejne kilkana\u015bcie milion\u00f3w rozumie go w stopniu pasywnym. To sprawia, \u017ce polszczyzna jest najwi\u0119kszym j\u0119zykiem s\u0142owia\u0144skim [&hellip;]","og_url":"https:\/\/instytutpolski.pl\/beijing\/pl\/jezyk-polski\/","og_site_name":"Instytut Polski w Pekinie","article_modified_time":"2026-03-10T03:54:40+00:00","og_image":[{"width":1920,"height":700,"url":"https:\/\/instytutpolski.pl\/beijing\/wp-content\/uploads\/sites\/12\/2019\/06\/jezyk-polski.jpg","type":"image\/jpeg"}],"twitter_card":"summary_large_image","twitter_misc":{"Szacowany czas czytania":"3 minuty"},"schema":{"@context":"https:\/\/schema.org","@graph":[{"@type":"WebPage","@id":"https:\/\/instytutpolski.pl\/beijing\/pl\/jezyk-polski\/","url":"https:\/\/instytutpolski.pl\/beijing\/pl\/jezyk-polski\/","name":"J\u0119zyk polski - Instytut Polski w Pekinie","isPartOf":{"@id":"https:\/\/instytutpolski.pl\/beijing\/#website"},"primaryImageOfPage":{"@id":"https:\/\/instytutpolski.pl\/beijing\/pl\/jezyk-polski\/#primaryimage"},"image":{"@id":"https:\/\/instytutpolski.pl\/beijing\/pl\/jezyk-polski\/#primaryimage"},"thumbnailUrl":"https:\/\/instytutpolski.pl\/beijing\/wp-content\/uploads\/sites\/12\/2019\/06\/jezyk-polski.jpg","datePublished":"2019-06-28T11:50:37+00:00","dateModified":"2026-03-10T03:54:40+00:00","breadcrumb":{"@id":"https:\/\/instytutpolski.pl\/beijing\/pl\/jezyk-polski\/#breadcrumb"},"inLanguage":"pl-PL","potentialAction":[{"@type":"ReadAction","target":["https:\/\/instytutpolski.pl\/beijing\/pl\/jezyk-polski\/"]}]},{"@type":"ImageObject","inLanguage":"pl-PL","@id":"https:\/\/instytutpolski.pl\/beijing\/pl\/jezyk-polski\/#primaryimage","url":"https:\/\/instytutpolski.pl\/beijing\/wp-content\/uploads\/sites\/12\/2019\/06\/jezyk-polski.jpg","contentUrl":"https:\/\/instytutpolski.pl\/beijing\/wp-content\/uploads\/sites\/12\/2019\/06\/jezyk-polski.jpg","width":1920,"height":700},{"@type":"BreadcrumbList","@id":"https:\/\/instytutpolski.pl\/beijing\/pl\/jezyk-polski\/#breadcrumb","itemListElement":[{"@type":"ListItem","position":1,"name":"Home","item":"https:\/\/instytutpolski.pl\/beijing\/"},{"@type":"ListItem","position":2,"name":"J\u0119zyk polski"}]},{"@type":"WebSite","@id":"https:\/\/instytutpolski.pl\/beijing\/#website","url":"https:\/\/instytutpolski.pl\/beijing\/","name":"Instytut Polski w Pekinie","description":"Instytuty Polskie","potentialAction":[{"@type":"SearchAction","target":{"@type":"EntryPoint","urlTemplate":"https:\/\/instytutpolski.pl\/beijing\/?s={search_term_string}"},"query-input":{"@type":"PropertyValueSpecification","valueRequired":true,"valueName":"search_term_string"}}],"inLanguage":"pl-PL"}]}},"_links":{"self":[{"href":"https:\/\/instytutpolski.pl\/beijing\/wp-json\/wp\/v2\/pages\/1488","targetHints":{"allow":["GET"]}}],"collection":[{"href":"https:\/\/instytutpolski.pl\/beijing\/wp-json\/wp\/v2\/pages"}],"about":[{"href":"https:\/\/instytutpolski.pl\/beijing\/wp-json\/wp\/v2\/types\/page"}],"author":[{"embeddable":true,"href":"https:\/\/instytutpolski.pl\/beijing\/wp-json\/wp\/v2\/users\/1"}],"replies":[{"embeddable":true,"href":"https:\/\/instytutpolski.pl\/beijing\/wp-json\/wp\/v2\/comments?post=1488"}],"version-history":[{"count":12,"href":"https:\/\/instytutpolski.pl\/beijing\/wp-json\/wp\/v2\/pages\/1488\/revisions"}],"predecessor-version":[{"id":7678,"href":"https:\/\/instytutpolski.pl\/beijing\/wp-json\/wp\/v2\/pages\/1488\/revisions\/7678"}],"wp:featuredmedia":[{"embeddable":true,"href":"https:\/\/instytutpolski.pl\/beijing\/wp-json\/wp\/v2\/media\/1489"}],"wp:attachment":[{"href":"https:\/\/instytutpolski.pl\/beijing\/wp-json\/wp\/v2\/media?parent=1488"}],"curies":[{"name":"wp","href":"https:\/\/api.w.org\/{rel}","templated":true}]}}