{"id":1494,"date":"2019-06-28T13:50:37","date_gmt":"2019-06-28T11:50:37","guid":{"rendered":"https:\/\/instytutpolski.pl\/pekin\/?page_id=1494"},"modified":"2020-06-01T14:41:14","modified_gmt":"2020-06-01T12:41:14","slug":"polish-language","status":"publish","type":"page","link":"https:\/\/instytutpolski.pl\/beijing\/en\/polish-language\/","title":{"rendered":"Polish Language"},"content":{"rendered":"<p style=\"text-align: justify\"><strong>The Polish Language<\/strong><\/p>\n<p style=\"text-align: justify\">Polish is the second most spoken Slavic language in the world, with about 50 million active users and at least 10 million have a passive understanding of it. Thus, Polish is the largest Slavic language in the European Union and its fifth ethnic language (ex aequo with Spanish Castilian, following German, English, French and Italian).<\/p>\n<p style=\"text-align: justify\">Polish belongs to a subgroup of Indo-European languages called the West Slavic languages (other languages from this group include Czech, Slovak, Kashubian, Lower Sorbian, Upper Sorbian and the extinct Polabian).<\/p>\n<p style=\"text-align: justify\">It is estimated that the average Pole actively knows about 30,000 words, and passively understands about 100,000, but does not use them. According to some Polish language experts, it is enough to know 1200 most commonly used words to be able to speak Polish.<\/p>\n<p style=\"text-align: justify\">The Polish alphabet is based on the Latin alphabet and consists of 32 letters. There are nine letters created using diacritical signs (\u0105, \u0107, \u0119, \u0142, \u0144, \u00f3, \u015b, \u017a, \u017c). In addition, the language also includes seven digraphs (sz, rz, cz, ch, dz, d\u017c, d\u017a) and one trigraph (dzi).<\/p>\n<p style=\"text-align: justify\">Polish uses declination, meaning that nouns, adjectives, adjectival participles, as well as substantive, adjective and numeral pronouns, and even numerals are declined in cases. Verbs, in turn, are conjugated by person, tense, mode, voice and number, as well as aspects.<\/p>\n<p style=\"text-align: justify\">The oldest sentence in Polish: \u201cDay, ut ia pobrusa, a ti poziwai\u201d, which could be roughly translated as \u201cLet me, I shall grind, and you take a rest\u201d, was written in the Latin alphabet in 1270 in Wroc\u0142aw (in the Book of Henryk\u00f3w, which has been inscribed on the UNESCO World Remembrance list). In 1285 at the congress in \u0141\u0119czyca, it was decided that Polish would be used next to Latin in monastery and cathedral schools.<\/p>\n<p style=\"text-align: justify\">Polish was influenced by Latin, Greek, German, Czech, Ruthenian, Turkish, French, Italian, Russian, Hungarian and Yiddish. Nowadays, its English \u2013 the <em>lingua franca<\/em>of our times \u2013 which has the biggest impact on the Polish language.<\/p>\n<p style=\"text-align: justify\">The main dialects of the Polish language are the variants spoken in Greater Poland, Lesser Poland, Silesia, Mazovia, Che\u0142mno-Kociewie-Warmia, and the Northern and Southern Boarderland regions.<\/p>\n<p style=\"text-align: justify\">\u00a0<\/p>\n<p style=\"text-align: justify\">Learn more:<\/p>\n<p style=\"text-align: justify\"><a href=\"http:\/\/multimediaguides.culture.pl\/multimediaguides\/alphabet\/the-polish-alphabet\/0\">Multimedia Guide to Polish Language<\/a><\/p>\n<p style=\"text-align: justify\">Information on the <a href=\"https:\/\/poland.pl\/social-issues\/social\/polish-language-simple-language\/\">Poland.pl<\/a>website<\/p>\n<p style=\"text-align: justify\">Information about where you can learn Polish and information about Polish book collections on an interactive map of \u201c<a href=\"https:\/\/polski.msz.gov.pl\/\">Poland outside of Poland<\/a>\u201d<\/p>\n<p style=\"text-align: justify\"><a href=\"https:\/\/nawa.gov.pl\/jezyk-polski\">Popularization of Polish language abroad section<\/a>of the Polish National Agency for Academic Exchange<\/p>\n\n\n<figure class=\"wp-block-image size-large\"><img loading=\"lazy\" decoding=\"async\" width=\"735\" height=\"1024\" src=\"https:\/\/instytutpolski.pl\/beijing\/wp-content\/uploads\/sites\/12\/2020\/06\/polish-735x1024.png\" alt=\"\" class=\"wp-image-3209\" srcset=\"https:\/\/instytutpolski.pl\/beijing\/wp-content\/uploads\/sites\/12\/2020\/06\/polish-735x1024.png 735w, https:\/\/instytutpolski.pl\/beijing\/wp-content\/uploads\/sites\/12\/2020\/06\/polish-215x300.png 215w, https:\/\/instytutpolski.pl\/beijing\/wp-content\/uploads\/sites\/12\/2020\/06\/polish-768x1070.png 768w, https:\/\/instytutpolski.pl\/beijing\/wp-content\/uploads\/sites\/12\/2020\/06\/polish.png 945w\" sizes=\"auto, (max-width: 735px) 100vw, 735px\" \/><\/figure>\n\n\n\n<figure class=\"wp-block-image size-large\"><img loading=\"lazy\" decoding=\"async\" width=\"735\" height=\"1024\" src=\"https:\/\/instytutpolski.pl\/beijing\/wp-content\/uploads\/sites\/12\/2020\/06\/alphabet-735x1024.png\" alt=\"\" class=\"wp-image-3210\" srcset=\"https:\/\/instytutpolski.pl\/beijing\/wp-content\/uploads\/sites\/12\/2020\/06\/alphabet-735x1024.png 735w, https:\/\/instytutpolski.pl\/beijing\/wp-content\/uploads\/sites\/12\/2020\/06\/alphabet-215x300.png 215w, https:\/\/instytutpolski.pl\/beijing\/wp-content\/uploads\/sites\/12\/2020\/06\/alphabet-768x1070.png 768w, https:\/\/instytutpolski.pl\/beijing\/wp-content\/uploads\/sites\/12\/2020\/06\/alphabet.png 945w\" sizes=\"auto, (max-width: 735px) 100vw, 735px\" \/><\/figure>\n","protected":false},"excerpt":{"rendered":"<p>The Polish Language Polish is the second most spoken Slavic language in the world, with about 50 million active users and at least 10 million have a passive understanding of it. Thus, Polish is the largest Slavic language in the European Union and its fifth ethnic language (ex aequo with Spanish Castilian, following German, English, [&hellip;]<\/p>\n","protected":false},"author":1,"featured_media":1489,"parent":0,"menu_order":0,"comment_status":"closed","ping_status":"closed","template":"","meta":{"inline_featured_image":false,"_monsterinsights_skip_tracking":false,"_monsterinsights_sitenote_active":false,"_monsterinsights_sitenote_note":"","_monsterinsights_sitenote_category":0,"footnotes":""},"class_list":["post-1494","page","type-page","status-publish","has-post-thumbnail","hentry"],"yoast_head":"<!-- This site is optimized with the Yoast SEO plugin v24.6 - https:\/\/yoast.com\/wordpress\/plugins\/seo\/ -->\n<title>Polish Language - Instytut Polski w Pekinie<\/title>\n<meta name=\"robots\" content=\"index, follow, max-snippet:-1, max-image-preview:large, max-video-preview:-1\" \/>\n<link rel=\"canonical\" href=\"https:\/\/instytutpolski.pl\/beijing\/en\/polish-language\/\" \/>\n<meta property=\"og:locale\" content=\"pl_PL\" \/>\n<meta property=\"og:type\" content=\"article\" \/>\n<meta property=\"og:title\" content=\"Polish Language - Instytut Polski w Pekinie\" \/>\n<meta property=\"og:description\" content=\"The Polish Language Polish is the second most spoken Slavic language in the world, with about 50 million active users and at least 10 million have a passive understanding of it. Thus, Polish is the largest Slavic language in the European Union and its fifth ethnic language (ex aequo with Spanish Castilian, following German, English, [&hellip;]\" \/>\n<meta property=\"og:url\" content=\"https:\/\/instytutpolski.pl\/beijing\/en\/polish-language\/\" \/>\n<meta property=\"og:site_name\" content=\"Instytut Polski w Pekinie\" \/>\n<meta property=\"article:modified_time\" content=\"2020-06-01T12:41:14+00:00\" \/>\n<meta property=\"og:image\" content=\"https:\/\/instytutpolski.pl\/beijing\/wp-content\/uploads\/sites\/12\/2019\/06\/jezyk-polski.jpg\" \/>\n\t<meta property=\"og:image:width\" content=\"1920\" \/>\n\t<meta property=\"og:image:height\" content=\"700\" \/>\n\t<meta property=\"og:image:type\" content=\"image\/jpeg\" \/>\n<meta name=\"twitter:card\" content=\"summary_large_image\" \/>\n<meta name=\"twitter:label1\" content=\"Szacowany czas czytania\" \/>\n\t<meta name=\"twitter:data1\" content=\"2 minuty\" \/>\n<script type=\"application\/ld+json\" class=\"yoast-schema-graph\">{\"@context\":\"https:\/\/schema.org\",\"@graph\":[{\"@type\":\"WebPage\",\"@id\":\"https:\/\/instytutpolski.pl\/beijing\/en\/polish-language\/\",\"url\":\"https:\/\/instytutpolski.pl\/beijing\/en\/polish-language\/\",\"name\":\"Polish Language - Instytut Polski w Pekinie\",\"isPartOf\":{\"@id\":\"https:\/\/instytutpolski.pl\/beijing\/#website\"},\"primaryImageOfPage\":{\"@id\":\"https:\/\/instytutpolski.pl\/beijing\/en\/polish-language\/#primaryimage\"},\"image\":{\"@id\":\"https:\/\/instytutpolski.pl\/beijing\/en\/polish-language\/#primaryimage\"},\"thumbnailUrl\":\"https:\/\/instytutpolski.pl\/beijing\/wp-content\/uploads\/sites\/12\/2019\/06\/jezyk-polski.jpg\",\"datePublished\":\"2019-06-28T11:50:37+00:00\",\"dateModified\":\"2020-06-01T12:41:14+00:00\",\"breadcrumb\":{\"@id\":\"https:\/\/instytutpolski.pl\/beijing\/en\/polish-language\/#breadcrumb\"},\"inLanguage\":\"pl-PL\",\"potentialAction\":[{\"@type\":\"ReadAction\",\"target\":[\"https:\/\/instytutpolski.pl\/beijing\/en\/polish-language\/\"]}]},{\"@type\":\"ImageObject\",\"inLanguage\":\"pl-PL\",\"@id\":\"https:\/\/instytutpolski.pl\/beijing\/en\/polish-language\/#primaryimage\",\"url\":\"https:\/\/instytutpolski.pl\/beijing\/wp-content\/uploads\/sites\/12\/2019\/06\/jezyk-polski.jpg\",\"contentUrl\":\"https:\/\/instytutpolski.pl\/beijing\/wp-content\/uploads\/sites\/12\/2019\/06\/jezyk-polski.jpg\",\"width\":1920,\"height\":700},{\"@type\":\"BreadcrumbList\",\"@id\":\"https:\/\/instytutpolski.pl\/beijing\/en\/polish-language\/#breadcrumb\",\"itemListElement\":[{\"@type\":\"ListItem\",\"position\":1,\"name\":\"Home\",\"item\":\"https:\/\/instytutpolski.pl\/beijing\/\"},{\"@type\":\"ListItem\",\"position\":2,\"name\":\"Polish Language\"}]},{\"@type\":\"WebSite\",\"@id\":\"https:\/\/instytutpolski.pl\/beijing\/#website\",\"url\":\"https:\/\/instytutpolski.pl\/beijing\/\",\"name\":\"Instytut Polski w Pekinie\",\"description\":\"Instytuty Polskie\",\"potentialAction\":[{\"@type\":\"SearchAction\",\"target\":{\"@type\":\"EntryPoint\",\"urlTemplate\":\"https:\/\/instytutpolski.pl\/beijing\/?s={search_term_string}\"},\"query-input\":{\"@type\":\"PropertyValueSpecification\",\"valueRequired\":true,\"valueName\":\"search_term_string\"}}],\"inLanguage\":\"pl-PL\"}]}<\/script>\n<!-- \/ Yoast SEO plugin. -->","yoast_head_json":{"title":"Polish Language - Instytut Polski w Pekinie","robots":{"index":"index","follow":"follow","max-snippet":"max-snippet:-1","max-image-preview":"max-image-preview:large","max-video-preview":"max-video-preview:-1"},"canonical":"https:\/\/instytutpolski.pl\/beijing\/en\/polish-language\/","og_locale":"pl_PL","og_type":"article","og_title":"Polish Language - Instytut Polski w Pekinie","og_description":"The Polish Language Polish is the second most spoken Slavic language in the world, with about 50 million active users and at least 10 million have a passive understanding of it. Thus, Polish is the largest Slavic language in the European Union and its fifth ethnic language (ex aequo with Spanish Castilian, following German, English, [&hellip;]","og_url":"https:\/\/instytutpolski.pl\/beijing\/en\/polish-language\/","og_site_name":"Instytut Polski w Pekinie","article_modified_time":"2020-06-01T12:41:14+00:00","og_image":[{"width":1920,"height":700,"url":"https:\/\/instytutpolski.pl\/beijing\/wp-content\/uploads\/sites\/12\/2019\/06\/jezyk-polski.jpg","type":"image\/jpeg"}],"twitter_card":"summary_large_image","twitter_misc":{"Szacowany czas czytania":"2 minuty"},"schema":{"@context":"https:\/\/schema.org","@graph":[{"@type":"WebPage","@id":"https:\/\/instytutpolski.pl\/beijing\/en\/polish-language\/","url":"https:\/\/instytutpolski.pl\/beijing\/en\/polish-language\/","name":"Polish Language - Instytut Polski w Pekinie","isPartOf":{"@id":"https:\/\/instytutpolski.pl\/beijing\/#website"},"primaryImageOfPage":{"@id":"https:\/\/instytutpolski.pl\/beijing\/en\/polish-language\/#primaryimage"},"image":{"@id":"https:\/\/instytutpolski.pl\/beijing\/en\/polish-language\/#primaryimage"},"thumbnailUrl":"https:\/\/instytutpolski.pl\/beijing\/wp-content\/uploads\/sites\/12\/2019\/06\/jezyk-polski.jpg","datePublished":"2019-06-28T11:50:37+00:00","dateModified":"2020-06-01T12:41:14+00:00","breadcrumb":{"@id":"https:\/\/instytutpolski.pl\/beijing\/en\/polish-language\/#breadcrumb"},"inLanguage":"pl-PL","potentialAction":[{"@type":"ReadAction","target":["https:\/\/instytutpolski.pl\/beijing\/en\/polish-language\/"]}]},{"@type":"ImageObject","inLanguage":"pl-PL","@id":"https:\/\/instytutpolski.pl\/beijing\/en\/polish-language\/#primaryimage","url":"https:\/\/instytutpolski.pl\/beijing\/wp-content\/uploads\/sites\/12\/2019\/06\/jezyk-polski.jpg","contentUrl":"https:\/\/instytutpolski.pl\/beijing\/wp-content\/uploads\/sites\/12\/2019\/06\/jezyk-polski.jpg","width":1920,"height":700},{"@type":"BreadcrumbList","@id":"https:\/\/instytutpolski.pl\/beijing\/en\/polish-language\/#breadcrumb","itemListElement":[{"@type":"ListItem","position":1,"name":"Home","item":"https:\/\/instytutpolski.pl\/beijing\/"},{"@type":"ListItem","position":2,"name":"Polish Language"}]},{"@type":"WebSite","@id":"https:\/\/instytutpolski.pl\/beijing\/#website","url":"https:\/\/instytutpolski.pl\/beijing\/","name":"Instytut Polski w Pekinie","description":"Instytuty Polskie","potentialAction":[{"@type":"SearchAction","target":{"@type":"EntryPoint","urlTemplate":"https:\/\/instytutpolski.pl\/beijing\/?s={search_term_string}"},"query-input":{"@type":"PropertyValueSpecification","valueRequired":true,"valueName":"search_term_string"}}],"inLanguage":"pl-PL"}]}},"_links":{"self":[{"href":"https:\/\/instytutpolski.pl\/beijing\/wp-json\/wp\/v2\/pages\/1494","targetHints":{"allow":["GET"]}}],"collection":[{"href":"https:\/\/instytutpolski.pl\/beijing\/wp-json\/wp\/v2\/pages"}],"about":[{"href":"https:\/\/instytutpolski.pl\/beijing\/wp-json\/wp\/v2\/types\/page"}],"author":[{"embeddable":true,"href":"https:\/\/instytutpolski.pl\/beijing\/wp-json\/wp\/v2\/users\/1"}],"replies":[{"embeddable":true,"href":"https:\/\/instytutpolski.pl\/beijing\/wp-json\/wp\/v2\/comments?post=1494"}],"version-history":[{"count":2,"href":"https:\/\/instytutpolski.pl\/beijing\/wp-json\/wp\/v2\/pages\/1494\/revisions"}],"predecessor-version":[{"id":3211,"href":"https:\/\/instytutpolski.pl\/beijing\/wp-json\/wp\/v2\/pages\/1494\/revisions\/3211"}],"wp:featuredmedia":[{"embeddable":true,"href":"https:\/\/instytutpolski.pl\/beijing\/wp-json\/wp\/v2\/media\/1489"}],"wp:attachment":[{"href":"https:\/\/instytutpolski.pl\/beijing\/wp-json\/wp\/v2\/media?parent=1494"}],"curies":[{"name":"wp","href":"https:\/\/api.w.org\/{rel}","templated":true}]}}