{"id":1533,"date":"2019-06-28T13:56:24","date_gmt":"2019-06-28T11:56:24","guid":{"rendered":"https:\/\/instytutpolski.pl\/pekin\/?page_id=1533"},"modified":"2026-03-10T06:34:25","modified_gmt":"2026-03-10T05:34:25","slug":"certyfikacja-znajomosci-jezyka-polskiego","status":"publish","type":"page","link":"https:\/\/instytutpolski.pl\/beijing\/pl\/jezyk-polski\/certyfikacja-znajomosci-jezyka-polskiego\/","title":{"rendered":"Certyfikacja znajomo\u015bci j\u0119zyka polskiego jako obcego"},"content":{"rendered":"\n<p><strong>Egzamin z j\u0119zyka polskiego jako obcego<\/strong><\/p>\n\n\n\n<p>Cudzoziemcy oraz obywatele polscy na sta\u0142e mieszkaj\u0105cy za granic\u0105 mog\u0105 uzyska\u0107 certyfikat znajomo\u015bci j\u0119zyka polskiego jako obcego po zdaniu oficjalnego egzaminu certyfikuj\u0105cego.<\/p>\n\n\n\n<p>Certyfikat wydaje <a href=\"https:\/\/certyfikatpolski.pl\/system-certyfikacji\/panstwowa-komisja\/\">Pa\u0144stwowa Komisja do spraw Po\u015bwiadczania Znajomo\u015b<u>ci J<\/u>\u0119zyka Polskiego jako Obcego<\/a>. Dokument potwierdza poziom znajomo\u015bci j\u0119zyka polskiego jako obcego na jednym z nast\u0119puj\u0105cych poziom\u00f3w bieg\u0142o\u015bci j\u0119zykowej:<\/p>\n\n\n\n<p>Poziomy egzamin\u00f3w:<\/p>\n\n\n\n<ul class=\"wp-block-list\">\n<li>Doro\u015bli: A1, A2, B1, B2, C1, C2<\/li>\n\n\n\n<li><strong>Dzieci i m\u0142odzie\u017c:<\/strong><strong> A1, A2, B1, B2<\/strong><\/li>\n<\/ul>\n\n\n\n<p>Szczeg\u00f3\u0142owe informacje dotycz\u0105ce termin\u00f3w egzamin\u00f3w, zasad rejestracji oraz struktury egzaminu dost\u0119pne s\u0105 na <a href=\"https:\/\/certyfikatpolski.pl\/system-certyfikacji\/panstwowa-komisja\/\">oficjalnej stronie Komisji<\/a>.<\/p>\n\n\n\n<p><strong>Egzamin w Chinach<\/strong><\/p>\n\n\n\n<p>Na terenie Chi\u0144skiej Republiki Ludowej instytucj\u0105 uprawnion\u0105 do przeprowadzania egzamin\u00f3w z j\u0119zyka polskiego jako obcego jest:<\/p>\n\n\n\n<p>Peki\u0144ski Uniwersytet J\u0119zyk\u00f3w Obcych (Beijing Foreign Studies University)<\/p>\n\n\n\n<p>Aktualne informacje o naborach na egzaminy publikowane s\u0105 na stronie <a href=\"https:\/\/europe.bfsu.edu.cn\">Instytutu J\u0119zyk<u>\u00f3<\/u>w i Kultur Europejskich PUJO<\/a>.<\/p>\n\n\n\n<p><strong>Zwolnienie z egzaminu<\/strong><\/p>\n\n\n\n<p>W niekt\u00f3rych przypadkach istnieje mo\u017cliwo\u015b\u0107 uzyskania certyfikatu bez konieczno\u015bci przyst\u0119powania do egzaminu. Dotyczy to os\u00f3b, kt\u00f3re:<\/p>\n\n\n\n<ul class=\"wp-block-list\">\n<li><strong>uko\u0144czy\u0142y studia wy\u017csze prowadzone w j\u0119zyku polskim<\/strong><\/li>\n<\/ul>\n\n\n\n<p>lub<\/p>\n\n\n\n<ul class=\"wp-block-list\">\n<li><strong>uko\u0144czy\u0142y <\/strong><strong>szko\u0142\u0119 ponadpodstawow\u0105 w polskim systemie edukacji<\/strong><strong> i posiadaj\u0105 <\/strong><strong>\u015bwiadectwo dojrza\u0142o\u015bci<\/strong><strong>.<\/strong><\/li>\n<\/ul>\n\n\n\n<p>Szczeg\u00f3\u0142owe informacje oraz procedura sk\u0142adania wniosku dost\u0119pne s\u0105 na stronie Pa\u0144stwowej Komisji ds. Po\u015bwiadczania Znajomo\u015bci J\u0119zyka Polskiego jako Obcego w zak\u0142adce <a href=\"http:\/\/certyfikatpolski.pl\/wydawanie-certyfikatu-bez-egzaminu\/\">Wydawanie certyfikatu bez egzaminu<\/a>.<\/p>\n\n\n\n<p><\/p>\n","protected":false},"excerpt":{"rendered":"<p>Egzamin z j\u0119zyka polskiego jako obcego Cudzoziemcy oraz obywatele polscy na sta\u0142e mieszkaj\u0105cy za granic\u0105 mog\u0105 uzyska\u0107 certyfikat znajomo\u015bci j\u0119zyka polskiego jako obcego po zdaniu oficjalnego egzaminu certyfikuj\u0105cego. Certyfikat wydaje Pa\u0144stwowa Komisja do spraw Po\u015bwiadczania Znajomo\u015bci J\u0119zyka Polskiego jako Obcego. Dokument potwierdza poziom znajomo\u015bci j\u0119zyka polskiego jako obcego na jednym z nast\u0119puj\u0105cych poziom\u00f3w bieg\u0142o\u015bci j\u0119zykowej: [&hellip;]<\/p>\n","protected":false},"author":1,"featured_media":1534,"parent":1488,"menu_order":0,"comment_status":"closed","ping_status":"closed","template":"","meta":{"inline_featured_image":false,"_monsterinsights_skip_tracking":false,"_monsterinsights_sitenote_active":false,"_monsterinsights_sitenote_note":"","_monsterinsights_sitenote_category":0,"footnotes":""},"class_list":["post-1533","page","type-page","status-publish","has-post-thumbnail","hentry"],"yoast_head":"<!-- This site is optimized with the Yoast SEO plugin v24.6 - https:\/\/yoast.com\/wordpress\/plugins\/seo\/ -->\n<title>Certyfikacja znajomo\u015bci j\u0119zyka polskiego jako obcego - Instytut Polski w Pekinie<\/title>\n<meta name=\"robots\" content=\"index, follow, max-snippet:-1, max-image-preview:large, max-video-preview:-1\" \/>\n<link rel=\"canonical\" href=\"https:\/\/instytutpolski.pl\/beijing\/pl\/jezyk-polski\/certyfikacja-znajomosci-jezyka-polskiego\/\" \/>\n<meta property=\"og:locale\" content=\"pl_PL\" \/>\n<meta property=\"og:type\" content=\"article\" \/>\n<meta property=\"og:title\" content=\"Certyfikacja znajomo\u015bci j\u0119zyka polskiego jako obcego - Instytut Polski w Pekinie\" \/>\n<meta property=\"og:description\" content=\"Egzamin z j\u0119zyka polskiego jako obcego Cudzoziemcy oraz obywatele polscy na sta\u0142e mieszkaj\u0105cy za granic\u0105 mog\u0105 uzyska\u0107 certyfikat znajomo\u015bci j\u0119zyka polskiego jako obcego po zdaniu oficjalnego egzaminu certyfikuj\u0105cego. Certyfikat wydaje Pa\u0144stwowa Komisja do spraw Po\u015bwiadczania Znajomo\u015bci J\u0119zyka Polskiego jako Obcego. Dokument potwierdza poziom znajomo\u015bci j\u0119zyka polskiego jako obcego na jednym z nast\u0119puj\u0105cych poziom\u00f3w bieg\u0142o\u015bci j\u0119zykowej: [&hellip;]\" \/>\n<meta property=\"og:url\" content=\"https:\/\/instytutpolski.pl\/beijing\/pl\/jezyk-polski\/certyfikacja-znajomosci-jezyka-polskiego\/\" \/>\n<meta property=\"og:site_name\" content=\"Instytut Polski w Pekinie\" \/>\n<meta property=\"article:modified_time\" content=\"2026-03-10T05:34:25+00:00\" \/>\n<meta property=\"og:image\" content=\"https:\/\/instytutpolski.pl\/beijing\/wp-content\/uploads\/sites\/12\/2019\/06\/certyfikacja-znajomosci.jpg\" \/>\n\t<meta property=\"og:image:width\" content=\"1920\" \/>\n\t<meta property=\"og:image:height\" content=\"700\" \/>\n\t<meta property=\"og:image:type\" content=\"image\/jpeg\" \/>\n<meta name=\"twitter:card\" content=\"summary_large_image\" \/>\n<meta name=\"twitter:label1\" content=\"Szacowany czas czytania\" \/>\n\t<meta name=\"twitter:data1\" content=\"2 minuty\" \/>\n<script type=\"application\/ld+json\" class=\"yoast-schema-graph\">{\"@context\":\"https:\/\/schema.org\",\"@graph\":[{\"@type\":\"WebPage\",\"@id\":\"https:\/\/instytutpolski.pl\/beijing\/pl\/jezyk-polski\/certyfikacja-znajomosci-jezyka-polskiego\/\",\"url\":\"https:\/\/instytutpolski.pl\/beijing\/pl\/jezyk-polski\/certyfikacja-znajomosci-jezyka-polskiego\/\",\"name\":\"Certyfikacja znajomo\u015bci j\u0119zyka polskiego jako obcego - Instytut Polski w Pekinie\",\"isPartOf\":{\"@id\":\"https:\/\/instytutpolski.pl\/beijing\/#website\"},\"primaryImageOfPage\":{\"@id\":\"https:\/\/instytutpolski.pl\/beijing\/pl\/jezyk-polski\/certyfikacja-znajomosci-jezyka-polskiego\/#primaryimage\"},\"image\":{\"@id\":\"https:\/\/instytutpolski.pl\/beijing\/pl\/jezyk-polski\/certyfikacja-znajomosci-jezyka-polskiego\/#primaryimage\"},\"thumbnailUrl\":\"https:\/\/instytutpolski.pl\/beijing\/wp-content\/uploads\/sites\/12\/2019\/06\/certyfikacja-znajomosci.jpg\",\"datePublished\":\"2019-06-28T11:56:24+00:00\",\"dateModified\":\"2026-03-10T05:34:25+00:00\",\"breadcrumb\":{\"@id\":\"https:\/\/instytutpolski.pl\/beijing\/pl\/jezyk-polski\/certyfikacja-znajomosci-jezyka-polskiego\/#breadcrumb\"},\"inLanguage\":\"pl-PL\",\"potentialAction\":[{\"@type\":\"ReadAction\",\"target\":[\"https:\/\/instytutpolski.pl\/beijing\/pl\/jezyk-polski\/certyfikacja-znajomosci-jezyka-polskiego\/\"]}]},{\"@type\":\"ImageObject\",\"inLanguage\":\"pl-PL\",\"@id\":\"https:\/\/instytutpolski.pl\/beijing\/pl\/jezyk-polski\/certyfikacja-znajomosci-jezyka-polskiego\/#primaryimage\",\"url\":\"https:\/\/instytutpolski.pl\/beijing\/wp-content\/uploads\/sites\/12\/2019\/06\/certyfikacja-znajomosci.jpg\",\"contentUrl\":\"https:\/\/instytutpolski.pl\/beijing\/wp-content\/uploads\/sites\/12\/2019\/06\/certyfikacja-znajomosci.jpg\",\"width\":1920,\"height\":700},{\"@type\":\"BreadcrumbList\",\"@id\":\"https:\/\/instytutpolski.pl\/beijing\/pl\/jezyk-polski\/certyfikacja-znajomosci-jezyka-polskiego\/#breadcrumb\",\"itemListElement\":[{\"@type\":\"ListItem\",\"position\":1,\"name\":\"Home\",\"item\":\"https:\/\/instytutpolski.pl\/beijing\/\"},{\"@type\":\"ListItem\",\"position\":2,\"name\":\"J\u0119zyk polski\",\"item\":\"https:\/\/instytutpolski.pl\/beijing\/pl\/jezyk-polski\/\"},{\"@type\":\"ListItem\",\"position\":3,\"name\":\"Certyfikacja znajomo\u015bci j\u0119zyka polskiego jako obcego\"}]},{\"@type\":\"WebSite\",\"@id\":\"https:\/\/instytutpolski.pl\/beijing\/#website\",\"url\":\"https:\/\/instytutpolski.pl\/beijing\/\",\"name\":\"Instytut Polski w Pekinie\",\"description\":\"Instytuty Polskie\",\"potentialAction\":[{\"@type\":\"SearchAction\",\"target\":{\"@type\":\"EntryPoint\",\"urlTemplate\":\"https:\/\/instytutpolski.pl\/beijing\/?s={search_term_string}\"},\"query-input\":{\"@type\":\"PropertyValueSpecification\",\"valueRequired\":true,\"valueName\":\"search_term_string\"}}],\"inLanguage\":\"pl-PL\"}]}<\/script>\n<!-- \/ Yoast SEO plugin. -->","yoast_head_json":{"title":"Certyfikacja znajomo\u015bci j\u0119zyka polskiego jako obcego - Instytut Polski w Pekinie","robots":{"index":"index","follow":"follow","max-snippet":"max-snippet:-1","max-image-preview":"max-image-preview:large","max-video-preview":"max-video-preview:-1"},"canonical":"https:\/\/instytutpolski.pl\/beijing\/pl\/jezyk-polski\/certyfikacja-znajomosci-jezyka-polskiego\/","og_locale":"pl_PL","og_type":"article","og_title":"Certyfikacja znajomo\u015bci j\u0119zyka polskiego jako obcego - Instytut Polski w Pekinie","og_description":"Egzamin z j\u0119zyka polskiego jako obcego Cudzoziemcy oraz obywatele polscy na sta\u0142e mieszkaj\u0105cy za granic\u0105 mog\u0105 uzyska\u0107 certyfikat znajomo\u015bci j\u0119zyka polskiego jako obcego po zdaniu oficjalnego egzaminu certyfikuj\u0105cego. Certyfikat wydaje Pa\u0144stwowa Komisja do spraw Po\u015bwiadczania Znajomo\u015bci J\u0119zyka Polskiego jako Obcego. Dokument potwierdza poziom znajomo\u015bci j\u0119zyka polskiego jako obcego na jednym z nast\u0119puj\u0105cych poziom\u00f3w bieg\u0142o\u015bci j\u0119zykowej: [&hellip;]","og_url":"https:\/\/instytutpolski.pl\/beijing\/pl\/jezyk-polski\/certyfikacja-znajomosci-jezyka-polskiego\/","og_site_name":"Instytut Polski w Pekinie","article_modified_time":"2026-03-10T05:34:25+00:00","og_image":[{"width":1920,"height":700,"url":"https:\/\/instytutpolski.pl\/beijing\/wp-content\/uploads\/sites\/12\/2019\/06\/certyfikacja-znajomosci.jpg","type":"image\/jpeg"}],"twitter_card":"summary_large_image","twitter_misc":{"Szacowany czas czytania":"2 minuty"},"schema":{"@context":"https:\/\/schema.org","@graph":[{"@type":"WebPage","@id":"https:\/\/instytutpolski.pl\/beijing\/pl\/jezyk-polski\/certyfikacja-znajomosci-jezyka-polskiego\/","url":"https:\/\/instytutpolski.pl\/beijing\/pl\/jezyk-polski\/certyfikacja-znajomosci-jezyka-polskiego\/","name":"Certyfikacja znajomo\u015bci j\u0119zyka polskiego jako obcego - Instytut Polski w Pekinie","isPartOf":{"@id":"https:\/\/instytutpolski.pl\/beijing\/#website"},"primaryImageOfPage":{"@id":"https:\/\/instytutpolski.pl\/beijing\/pl\/jezyk-polski\/certyfikacja-znajomosci-jezyka-polskiego\/#primaryimage"},"image":{"@id":"https:\/\/instytutpolski.pl\/beijing\/pl\/jezyk-polski\/certyfikacja-znajomosci-jezyka-polskiego\/#primaryimage"},"thumbnailUrl":"https:\/\/instytutpolski.pl\/beijing\/wp-content\/uploads\/sites\/12\/2019\/06\/certyfikacja-znajomosci.jpg","datePublished":"2019-06-28T11:56:24+00:00","dateModified":"2026-03-10T05:34:25+00:00","breadcrumb":{"@id":"https:\/\/instytutpolski.pl\/beijing\/pl\/jezyk-polski\/certyfikacja-znajomosci-jezyka-polskiego\/#breadcrumb"},"inLanguage":"pl-PL","potentialAction":[{"@type":"ReadAction","target":["https:\/\/instytutpolski.pl\/beijing\/pl\/jezyk-polski\/certyfikacja-znajomosci-jezyka-polskiego\/"]}]},{"@type":"ImageObject","inLanguage":"pl-PL","@id":"https:\/\/instytutpolski.pl\/beijing\/pl\/jezyk-polski\/certyfikacja-znajomosci-jezyka-polskiego\/#primaryimage","url":"https:\/\/instytutpolski.pl\/beijing\/wp-content\/uploads\/sites\/12\/2019\/06\/certyfikacja-znajomosci.jpg","contentUrl":"https:\/\/instytutpolski.pl\/beijing\/wp-content\/uploads\/sites\/12\/2019\/06\/certyfikacja-znajomosci.jpg","width":1920,"height":700},{"@type":"BreadcrumbList","@id":"https:\/\/instytutpolski.pl\/beijing\/pl\/jezyk-polski\/certyfikacja-znajomosci-jezyka-polskiego\/#breadcrumb","itemListElement":[{"@type":"ListItem","position":1,"name":"Home","item":"https:\/\/instytutpolski.pl\/beijing\/"},{"@type":"ListItem","position":2,"name":"J\u0119zyk polski","item":"https:\/\/instytutpolski.pl\/beijing\/pl\/jezyk-polski\/"},{"@type":"ListItem","position":3,"name":"Certyfikacja znajomo\u015bci j\u0119zyka polskiego jako obcego"}]},{"@type":"WebSite","@id":"https:\/\/instytutpolski.pl\/beijing\/#website","url":"https:\/\/instytutpolski.pl\/beijing\/","name":"Instytut Polski w Pekinie","description":"Instytuty Polskie","potentialAction":[{"@type":"SearchAction","target":{"@type":"EntryPoint","urlTemplate":"https:\/\/instytutpolski.pl\/beijing\/?s={search_term_string}"},"query-input":{"@type":"PropertyValueSpecification","valueRequired":true,"valueName":"search_term_string"}}],"inLanguage":"pl-PL"}]}},"_links":{"self":[{"href":"https:\/\/instytutpolski.pl\/beijing\/wp-json\/wp\/v2\/pages\/1533","targetHints":{"allow":["GET"]}}],"collection":[{"href":"https:\/\/instytutpolski.pl\/beijing\/wp-json\/wp\/v2\/pages"}],"about":[{"href":"https:\/\/instytutpolski.pl\/beijing\/wp-json\/wp\/v2\/types\/page"}],"author":[{"embeddable":true,"href":"https:\/\/instytutpolski.pl\/beijing\/wp-json\/wp\/v2\/users\/1"}],"replies":[{"embeddable":true,"href":"https:\/\/instytutpolski.pl\/beijing\/wp-json\/wp\/v2\/comments?post=1533"}],"version-history":[{"count":8,"href":"https:\/\/instytutpolski.pl\/beijing\/wp-json\/wp\/v2\/pages\/1533\/revisions"}],"predecessor-version":[{"id":7684,"href":"https:\/\/instytutpolski.pl\/beijing\/wp-json\/wp\/v2\/pages\/1533\/revisions\/7684"}],"up":[{"embeddable":true,"href":"https:\/\/instytutpolski.pl\/beijing\/wp-json\/wp\/v2\/pages\/1488"}],"wp:featuredmedia":[{"embeddable":true,"href":"https:\/\/instytutpolski.pl\/beijing\/wp-json\/wp\/v2\/media\/1534"}],"wp:attachment":[{"href":"https:\/\/instytutpolski.pl\/beijing\/wp-json\/wp\/v2\/media?parent=1533"}],"curies":[{"name":"wp","href":"https:\/\/api.w.org\/{rel}","templated":true}]}}