{"id":1548,"date":"2019-06-28T13:57:47","date_gmt":"2019-06-28T11:57:47","guid":{"rendered":"https:\/\/instytutpolski.pl\/pekin\/?page_id=1548"},"modified":"2026-03-24T02:15:34","modified_gmt":"2026-03-24T01:15:34","slug":"o-instytucie-polskim","status":"publish","type":"page","link":"https:\/\/instytutpolski.pl\/beijing\/pl\/o-instytucie-polskim\/","title":{"rendered":"O Instytucie Polskim"},"content":{"rendered":"<p style=\"text-align: left\"><strong>Instytut Polski w Pekinie <\/strong>jest jedn\u0105 z sieci dwudziestu pi\u0119ciu plac\u00f3wek podleg\u0142ych Ministerstwu Spraw Zagranicznych Rzeczypospolitej Polskiej. Specjalizuje si\u0119 w dyplomacji kulturalnej, a jego zadaniem jest wsparcie budowania relacji dwustronnych i kszta\u0142towanie wizerunku Polski w Pa\u0144stwie \u015arodka.<\/p>\n<p style=\"text-align: left\"><strong>Jeste\u015bmy <\/strong>tak\u017ce aktywnym cz\u0142onkiem peki\u0144skiego oddzia\u0142u EUNIC (<em>European Union National Institutes for Culture<\/em>).<\/p>\n<p style=\"text-align: left\"><strong>Naszym g\u0142\u00f3wnym celem <\/strong>jest promocja polskiej kultury w Chinach, z uwzgl\u0119dnieniem lokalnych potrzeb i zainteresowa\u0144 chi\u0144skiej publiczno\u015bci.<\/p>\n<p style=\"text-align: left\"><strong>W ramach tej misji <\/strong>aktywnie wspieramy inicjatywy dwustronne, si\u0119gaj\u0105c po nowoczesne narz\u0119dzia dyplomacji publicznej i kulturalnej, aby przybli\u017ca\u0107 polskie dziedzictwo, osi\u0105gni\u0119cia tw\u00f3rc\u00f3w i naukowc\u00f3w oraz potencja\u0142 rodzimego sektora kreatywnego.<\/p>\n<p style=\"text-align: left\"><strong>Stawiamy na budowanie <\/strong>trwa\u0142ych relacji oraz otwart\u0105 wymian\u0119 do\u015bwiadcze\u0144 z r\u00f3\u017cnorodnymi \u015brodowiskami\u2014artystycznymi, akademickimi i opiniotw\u00f3rczymi.<\/p>\n<p style=\"text-align: left\"><strong>Szczeg<\/strong><strong>\u00f3<\/strong><strong>lne miejsce<\/strong> w naszych dzia\u0142aniach zajmuje tw\u00f3rczo\u015b\u0107 artystyczna i cyfrowa, b\u0119d\u0105ca jednym z najbardziej dynamicznych obszar\u00f3w polskiej kultury. Poprzez projekty bilateralne koncentrujemy si\u0119 na dziedzinach, w kt\u00f3rych Polska wyr\u00f3\u017cnia si\u0119 oryginalno\u015bci\u0105, jako\u015bci\u0105 i mi\u0119dzynarodowym uznaniem\u2014takich jak film, teatr, literatura czy gry komputerowe. Prezentuj\u0105c dorobek polskich re\u017cyser\u00f3w, dramatopisarzy, autor\u00f3w czy tw\u00f3rc\u00f3w gier, budujemy przestrze\u0144 dla pog\u0142\u0119bionego dialogu mi\u0119dzykulturowego oraz tworzymy fundamenty dla wsp\u00f3\u0142pracy artystycznej, edukacyjnej i technologicznej.<\/p>\n<p style=\"text-align: left\"><strong>Wa\u017cnym obszarem<\/strong> naszej dzia\u0142alno\u015bci jest wsparcie popularyzacji j\u0119zyka polskiego, realizowane we wsp\u00f3\u0142pracy z o\u015brodkami dydaktycznymi i naukowymi.<\/p>\n<p style=\"text-align: left\"><strong>Wsp\u00f3\u0142pracujemy <\/strong>z instytucjami w Polsce i w Chinach realizuj\u0105c projekty, kt\u00f3re stawiaj\u0105c na wsp\u00f3\u0142prac\u0119 prezentuj\u0105 bogactwo polskiej kultury i sprzyjaj\u0105 wzajemnemu poznaniu i szacunkowi.<\/p>\n<p style=\"text-align: left\"><strong>Obecnie nasz <\/strong><a href=\"https:\/\/instytutpolski.pl\/beijing\/pl\/o-instytucie-polskim\/zespol\/\">zesp\u00f3\u0142<\/a> tworzy osiem os\u00f3b zaanga\u017cowanych w budowanie pozytywnego i nowoczesnego wizerunku Polski w Chinach.<\/p>\n<p style=\"text-align: left\"><strong>Serdecznie zapraszamy <\/strong>nowe instytucje, organizacje i podmioty zainteresowane promocj\u0105 Polski w Chinach do nawi\u0105zania kontaktu i wsp\u00f3\u0142tworzenia kolejnych inicjatyw. Wi\u0119cej informacji dost\u0119pnych na stronie <a href=\"https:\/\/instytutpolski.pl\/beijing\/pl\/o-instytucie-polskim\/wspolpraca\/\">Wsp\u00f3\u0142praca<\/a>.<\/p>\n","protected":false},"excerpt":{"rendered":"<p>Instytut Polski w Pekinie jest jedn\u0105 z sieci dwudziestu pi\u0119ciu plac\u00f3wek podleg\u0142ych Ministerstwu Spraw Zagranicznych Rzeczypospolitej Polskiej. Specjalizuje si\u0119 w dyplomacji kulturalnej, a jego zadaniem jest wsparcie budowania relacji dwustronnych i kszta\u0142towanie wizerunku Polski w Pa\u0144stwie \u015arodka. Jeste\u015bmy tak\u017ce aktywnym cz\u0142onkiem peki\u0144skiego oddzia\u0142u EUNIC (European Union National Institutes for Culture). Naszym g\u0142\u00f3wnym celem jest promocja [&hellip;]<\/p>\n","protected":false},"author":1,"featured_media":7692,"parent":0,"menu_order":0,"comment_status":"closed","ping_status":"closed","template":"","meta":{"inline_featured_image":false,"_monsterinsights_skip_tracking":false,"_monsterinsights_sitenote_active":false,"_monsterinsights_sitenote_note":"","_monsterinsights_sitenote_category":0,"footnotes":""},"class_list":["post-1548","page","type-page","status-publish","has-post-thumbnail","hentry"],"yoast_head":"<!-- This site is optimized with the Yoast SEO plugin v24.6 - https:\/\/yoast.com\/wordpress\/plugins\/seo\/ -->\n<title>O Instytucie Polskim - Instytut Polski w Pekinie<\/title>\n<meta name=\"robots\" content=\"index, follow, max-snippet:-1, max-image-preview:large, max-video-preview:-1\" \/>\n<link rel=\"canonical\" href=\"https:\/\/instytutpolski.pl\/beijing\/pl\/o-instytucie-polskim\/\" \/>\n<meta property=\"og:locale\" content=\"pl_PL\" \/>\n<meta property=\"og:type\" content=\"article\" \/>\n<meta property=\"og:title\" content=\"O Instytucie Polskim - Instytut Polski w Pekinie\" \/>\n<meta property=\"og:description\" content=\"Instytut Polski w Pekinie jest jedn\u0105 z sieci dwudziestu pi\u0119ciu plac\u00f3wek podleg\u0142ych Ministerstwu Spraw Zagranicznych Rzeczypospolitej Polskiej. Specjalizuje si\u0119 w dyplomacji kulturalnej, a jego zadaniem jest wsparcie budowania relacji dwustronnych i kszta\u0142towanie wizerunku Polski w Pa\u0144stwie \u015arodka. Jeste\u015bmy tak\u017ce aktywnym cz\u0142onkiem peki\u0144skiego oddzia\u0142u EUNIC (European Union National Institutes for Culture). Naszym g\u0142\u00f3wnym celem jest promocja [&hellip;]\" \/>\n<meta property=\"og:url\" content=\"https:\/\/instytutpolski.pl\/beijing\/pl\/o-instytucie-polskim\/\" \/>\n<meta property=\"og:site_name\" content=\"Instytut Polski w Pekinie\" \/>\n<meta property=\"article:modified_time\" content=\"2026-03-24T01:15:34+00:00\" \/>\n<meta property=\"og:image\" content=\"https:\/\/instytutpolski.pl\/beijing\/wp-content\/uploads\/sites\/12\/2026\/03\/konferencyjna_z_lewej-scaled.jpeg\" \/>\n\t<meta property=\"og:image:width\" content=\"2560\" \/>\n\t<meta property=\"og:image:height\" content=\"1707\" \/>\n\t<meta property=\"og:image:type\" content=\"image\/jpeg\" \/>\n<meta name=\"twitter:card\" content=\"summary_large_image\" \/>\n<meta name=\"twitter:label1\" content=\"Szacowany czas czytania\" \/>\n\t<meta name=\"twitter:data1\" content=\"2 minuty\" \/>\n<script type=\"application\/ld+json\" class=\"yoast-schema-graph\">{\"@context\":\"https:\/\/schema.org\",\"@graph\":[{\"@type\":\"WebPage\",\"@id\":\"https:\/\/instytutpolski.pl\/beijing\/pl\/o-instytucie-polskim\/\",\"url\":\"https:\/\/instytutpolski.pl\/beijing\/pl\/o-instytucie-polskim\/\",\"name\":\"O Instytucie Polskim - Instytut Polski w Pekinie\",\"isPartOf\":{\"@id\":\"https:\/\/instytutpolski.pl\/beijing\/#website\"},\"primaryImageOfPage\":{\"@id\":\"https:\/\/instytutpolski.pl\/beijing\/pl\/o-instytucie-polskim\/#primaryimage\"},\"image\":{\"@id\":\"https:\/\/instytutpolski.pl\/beijing\/pl\/o-instytucie-polskim\/#primaryimage\"},\"thumbnailUrl\":\"https:\/\/instytutpolski.pl\/beijing\/wp-content\/uploads\/sites\/12\/2026\/03\/konferencyjna_z_lewej-scaled.jpeg\",\"datePublished\":\"2019-06-28T11:57:47+00:00\",\"dateModified\":\"2026-03-24T01:15:34+00:00\",\"breadcrumb\":{\"@id\":\"https:\/\/instytutpolski.pl\/beijing\/pl\/o-instytucie-polskim\/#breadcrumb\"},\"inLanguage\":\"pl-PL\",\"potentialAction\":[{\"@type\":\"ReadAction\",\"target\":[\"https:\/\/instytutpolski.pl\/beijing\/pl\/o-instytucie-polskim\/\"]}]},{\"@type\":\"ImageObject\",\"inLanguage\":\"pl-PL\",\"@id\":\"https:\/\/instytutpolski.pl\/beijing\/pl\/o-instytucie-polskim\/#primaryimage\",\"url\":\"https:\/\/instytutpolski.pl\/beijing\/wp-content\/uploads\/sites\/12\/2026\/03\/konferencyjna_z_lewej-scaled.jpeg\",\"contentUrl\":\"https:\/\/instytutpolski.pl\/beijing\/wp-content\/uploads\/sites\/12\/2026\/03\/konferencyjna_z_lewej-scaled.jpeg\",\"width\":2560,\"height\":1707},{\"@type\":\"BreadcrumbList\",\"@id\":\"https:\/\/instytutpolski.pl\/beijing\/pl\/o-instytucie-polskim\/#breadcrumb\",\"itemListElement\":[{\"@type\":\"ListItem\",\"position\":1,\"name\":\"Home\",\"item\":\"https:\/\/instytutpolski.pl\/beijing\/\"},{\"@type\":\"ListItem\",\"position\":2,\"name\":\"O Instytucie Polskim\"}]},{\"@type\":\"WebSite\",\"@id\":\"https:\/\/instytutpolski.pl\/beijing\/#website\",\"url\":\"https:\/\/instytutpolski.pl\/beijing\/\",\"name\":\"Instytut Polski w Pekinie\",\"description\":\"Instytuty Polskie\",\"potentialAction\":[{\"@type\":\"SearchAction\",\"target\":{\"@type\":\"EntryPoint\",\"urlTemplate\":\"https:\/\/instytutpolski.pl\/beijing\/?s={search_term_string}\"},\"query-input\":{\"@type\":\"PropertyValueSpecification\",\"valueRequired\":true,\"valueName\":\"search_term_string\"}}],\"inLanguage\":\"pl-PL\"}]}<\/script>\n<!-- \/ Yoast SEO plugin. -->","yoast_head_json":{"title":"O Instytucie Polskim - Instytut Polski w Pekinie","robots":{"index":"index","follow":"follow","max-snippet":"max-snippet:-1","max-image-preview":"max-image-preview:large","max-video-preview":"max-video-preview:-1"},"canonical":"https:\/\/instytutpolski.pl\/beijing\/pl\/o-instytucie-polskim\/","og_locale":"pl_PL","og_type":"article","og_title":"O Instytucie Polskim - Instytut Polski w Pekinie","og_description":"Instytut Polski w Pekinie jest jedn\u0105 z sieci dwudziestu pi\u0119ciu plac\u00f3wek podleg\u0142ych Ministerstwu Spraw Zagranicznych Rzeczypospolitej Polskiej. Specjalizuje si\u0119 w dyplomacji kulturalnej, a jego zadaniem jest wsparcie budowania relacji dwustronnych i kszta\u0142towanie wizerunku Polski w Pa\u0144stwie \u015arodka. Jeste\u015bmy tak\u017ce aktywnym cz\u0142onkiem peki\u0144skiego oddzia\u0142u EUNIC (European Union National Institutes for Culture). Naszym g\u0142\u00f3wnym celem jest promocja [&hellip;]","og_url":"https:\/\/instytutpolski.pl\/beijing\/pl\/o-instytucie-polskim\/","og_site_name":"Instytut Polski w Pekinie","article_modified_time":"2026-03-24T01:15:34+00:00","og_image":[{"width":2560,"height":1707,"url":"https:\/\/instytutpolski.pl\/beijing\/wp-content\/uploads\/sites\/12\/2026\/03\/konferencyjna_z_lewej-scaled.jpeg","type":"image\/jpeg"}],"twitter_card":"summary_large_image","twitter_misc":{"Szacowany czas czytania":"2 minuty"},"schema":{"@context":"https:\/\/schema.org","@graph":[{"@type":"WebPage","@id":"https:\/\/instytutpolski.pl\/beijing\/pl\/o-instytucie-polskim\/","url":"https:\/\/instytutpolski.pl\/beijing\/pl\/o-instytucie-polskim\/","name":"O Instytucie Polskim - Instytut Polski w Pekinie","isPartOf":{"@id":"https:\/\/instytutpolski.pl\/beijing\/#website"},"primaryImageOfPage":{"@id":"https:\/\/instytutpolski.pl\/beijing\/pl\/o-instytucie-polskim\/#primaryimage"},"image":{"@id":"https:\/\/instytutpolski.pl\/beijing\/pl\/o-instytucie-polskim\/#primaryimage"},"thumbnailUrl":"https:\/\/instytutpolski.pl\/beijing\/wp-content\/uploads\/sites\/12\/2026\/03\/konferencyjna_z_lewej-scaled.jpeg","datePublished":"2019-06-28T11:57:47+00:00","dateModified":"2026-03-24T01:15:34+00:00","breadcrumb":{"@id":"https:\/\/instytutpolski.pl\/beijing\/pl\/o-instytucie-polskim\/#breadcrumb"},"inLanguage":"pl-PL","potentialAction":[{"@type":"ReadAction","target":["https:\/\/instytutpolski.pl\/beijing\/pl\/o-instytucie-polskim\/"]}]},{"@type":"ImageObject","inLanguage":"pl-PL","@id":"https:\/\/instytutpolski.pl\/beijing\/pl\/o-instytucie-polskim\/#primaryimage","url":"https:\/\/instytutpolski.pl\/beijing\/wp-content\/uploads\/sites\/12\/2026\/03\/konferencyjna_z_lewej-scaled.jpeg","contentUrl":"https:\/\/instytutpolski.pl\/beijing\/wp-content\/uploads\/sites\/12\/2026\/03\/konferencyjna_z_lewej-scaled.jpeg","width":2560,"height":1707},{"@type":"BreadcrumbList","@id":"https:\/\/instytutpolski.pl\/beijing\/pl\/o-instytucie-polskim\/#breadcrumb","itemListElement":[{"@type":"ListItem","position":1,"name":"Home","item":"https:\/\/instytutpolski.pl\/beijing\/"},{"@type":"ListItem","position":2,"name":"O Instytucie Polskim"}]},{"@type":"WebSite","@id":"https:\/\/instytutpolski.pl\/beijing\/#website","url":"https:\/\/instytutpolski.pl\/beijing\/","name":"Instytut Polski w Pekinie","description":"Instytuty Polskie","potentialAction":[{"@type":"SearchAction","target":{"@type":"EntryPoint","urlTemplate":"https:\/\/instytutpolski.pl\/beijing\/?s={search_term_string}"},"query-input":{"@type":"PropertyValueSpecification","valueRequired":true,"valueName":"search_term_string"}}],"inLanguage":"pl-PL"}]}},"_links":{"self":[{"href":"https:\/\/instytutpolski.pl\/beijing\/wp-json\/wp\/v2\/pages\/1548","targetHints":{"allow":["GET"]}}],"collection":[{"href":"https:\/\/instytutpolski.pl\/beijing\/wp-json\/wp\/v2\/pages"}],"about":[{"href":"https:\/\/instytutpolski.pl\/beijing\/wp-json\/wp\/v2\/types\/page"}],"author":[{"embeddable":true,"href":"https:\/\/instytutpolski.pl\/beijing\/wp-json\/wp\/v2\/users\/1"}],"replies":[{"embeddable":true,"href":"https:\/\/instytutpolski.pl\/beijing\/wp-json\/wp\/v2\/comments?post=1548"}],"version-history":[{"count":12,"href":"https:\/\/instytutpolski.pl\/beijing\/wp-json\/wp\/v2\/pages\/1548\/revisions"}],"predecessor-version":[{"id":7662,"href":"https:\/\/instytutpolski.pl\/beijing\/wp-json\/wp\/v2\/pages\/1548\/revisions\/7662"}],"wp:featuredmedia":[{"embeddable":true,"href":"https:\/\/instytutpolski.pl\/beijing\/wp-json\/wp\/v2\/media\/7692"}],"wp:attachment":[{"href":"https:\/\/instytutpolski.pl\/beijing\/wp-json\/wp\/v2\/media?parent=1548"}],"curies":[{"name":"wp","href":"https:\/\/api.w.org\/{rel}","templated":true}]}}