{"id":1555,"date":"2019-06-28T13:58:58","date_gmt":"2019-06-28T11:58:58","guid":{"rendered":"https:\/\/instytutpolski.pl\/pekin\/?page_id=1555"},"modified":"2026-03-10T04:20:58","modified_gmt":"2026-03-10T03:20:58","slug":"kontakt","status":"publish","type":"page","link":"https:\/\/instytutpolski.pl\/beijing\/pl\/o-instytucie-polskim\/kontakt\/","title":{"rendered":"Kontakt"},"content":{"rendered":"\n<p><strong>Instytut Polski \u2013 Wydzia\u0142 Kultury Ambasady RP w Pekinie<\/strong><strong><\/strong><\/p>\n\n\n\n<p><strong>Adres<\/strong>:&nbsp;<a href=\"https:\/\/www.google.com\/maps\/place\/Embassy+of+the+Republic+of+Poland+in+China\/@39.912543,116.4395623,17z\/data=!4m12!1m6!3m5!1s0x35f1ad2216929c85:0x2f246109be232626!2sEmbassy+of+the+Republic+of+Poland+in+China!8m2!3d39.912543!4d116.441751!3m4!1s0x35f1ad2216929c85:0x2f246109be232626!8m2!3d39.912543!4d116.441751\">ul. Ritan 1, 100600 Pekin, Chiny<\/a>&nbsp;<\/p>\n\n\n\n<p><strong>Sekretariat<\/strong><br>tel:&nbsp;+86 10 8531 7153<br>faks:&nbsp;+86 10 6532 1745<br>e-mail:&nbsp;pekin.ip.sekretariat@msz.gov.pl<\/p>\n\n\n\n<p><strong>Godziny urz\u0119dowania:<\/strong><br>poniedzia\u0142ek \u2013 pi\u0105tek w godzinach 8:30 -16:30<\/p>\n\n\n\n<p><strong>Skargi i wnioski:<\/strong><\/p>\n\n\n\n<p>Kierownik urz\u0119du w sprawach skarg i wniosk\u00f3w przyjmuje w poniedzia\u0142ki w godzinach 16.30-18.30 oraz w czwartki w godzinach od 14:00 do 16:00. Informacje\u00a0na temat skarg i wniosk\u00f3w znajduj\u0105\u00a0si\u0119 na\u00a0<a href=\"https:\/\/www.gov.pl\/web\/dyplomacja\/zloz-skarge-lub-wniosek\">stronie Ministerstwa Spraw Zagranicznych.<\/a><\/p>\n\n\n\n<p><strong>RODO<\/strong><strong><\/strong><\/p>\n\n\n\n<p>Informacja dotycz\u0105ca przetwarzania danych osobowych jest dost\u0119pna <a href=\"https:\/\/www.gov.pl\/web\/dyplomacja\/ochrona-danych-osobowych---rodo\">na stronie internetowej Ministerstwa Spraw Zagranicznych<\/a><\/p>\n","protected":false},"excerpt":{"rendered":"<p>Instytut Polski \u2013 Wydzia\u0142 Kultury Ambasady RP w Pekinie Adres:&nbsp;ul. Ritan 1, 100600 Pekin, Chiny&nbsp; Sekretariattel:&nbsp;+86 10 8531 7153faks:&nbsp;+86 10 6532 1745e-mail:&nbsp;pekin.ip.sekretariat@msz.gov.pl Godziny urz\u0119dowania:poniedzia\u0142ek \u2013 pi\u0105tek w godzinach 8:30 -16:30 Skargi i wnioski: Kierownik urz\u0119du w sprawach skarg i wniosk\u00f3w przyjmuje w poniedzia\u0142ki w godzinach 16.30-18.30 oraz w czwartki w godzinach od 14:00 do 16:00. [&hellip;]<\/p>\n","protected":false},"author":1,"featured_media":3184,"parent":1548,"menu_order":0,"comment_status":"closed","ping_status":"closed","template":"","meta":{"inline_featured_image":false,"_monsterinsights_skip_tracking":false,"_monsterinsights_sitenote_active":false,"_monsterinsights_sitenote_note":"","_monsterinsights_sitenote_category":0,"footnotes":""},"class_list":["post-1555","page","type-page","status-publish","has-post-thumbnail","hentry"],"yoast_head":"<!-- This site is optimized with the Yoast SEO plugin v24.6 - https:\/\/yoast.com\/wordpress\/plugins\/seo\/ -->\n<title>Kontakt - Instytut Polski w Pekinie<\/title>\n<meta name=\"robots\" content=\"index, follow, max-snippet:-1, max-image-preview:large, max-video-preview:-1\" \/>\n<link rel=\"canonical\" href=\"https:\/\/instytutpolski.pl\/beijing\/pl\/o-instytucie-polskim\/kontakt\/\" \/>\n<meta property=\"og:locale\" content=\"pl_PL\" \/>\n<meta property=\"og:type\" content=\"article\" \/>\n<meta property=\"og:title\" content=\"Kontakt - Instytut Polski w Pekinie\" \/>\n<meta property=\"og:description\" content=\"Instytut Polski \u2013 Wydzia\u0142 Kultury Ambasady RP w Pekinie Adres:&nbsp;ul. Ritan 1, 100600 Pekin, Chiny&nbsp; Sekretariattel:&nbsp;+86 10 8531 7153faks:&nbsp;+86 10 6532 1745e-mail:&nbsp;pekin.ip.sekretariat@msz.gov.pl Godziny urz\u0119dowania:poniedzia\u0142ek \u2013 pi\u0105tek w godzinach 8:30 -16:30 Skargi i wnioski: Kierownik urz\u0119du w sprawach skarg i wniosk\u00f3w przyjmuje w poniedzia\u0142ki w godzinach 16.30-18.30 oraz w czwartki w godzinach od 14:00 do 16:00. [&hellip;]\" \/>\n<meta property=\"og:url\" content=\"https:\/\/instytutpolski.pl\/beijing\/pl\/o-instytucie-polskim\/kontakt\/\" \/>\n<meta property=\"og:site_name\" content=\"Instytut Polski w Pekinie\" \/>\n<meta property=\"article:modified_time\" content=\"2026-03-10T03:20:58+00:00\" \/>\n<meta property=\"og:image\" content=\"https:\/\/instytutpolski.pl\/beijing\/wp-content\/uploads\/sites\/12\/2020\/06\/white-1.jpg\" \/>\n\t<meta property=\"og:image:width\" content=\"1920\" \/>\n\t<meta property=\"og:image:height\" content=\"500\" \/>\n\t<meta property=\"og:image:type\" content=\"image\/jpeg\" \/>\n<meta name=\"twitter:card\" content=\"summary_large_image\" \/>\n<meta name=\"twitter:label1\" content=\"Szacowany czas czytania\" \/>\n\t<meta name=\"twitter:data1\" content=\"1 minuta\" \/>\n<script type=\"application\/ld+json\" class=\"yoast-schema-graph\">{\"@context\":\"https:\/\/schema.org\",\"@graph\":[{\"@type\":\"WebPage\",\"@id\":\"https:\/\/instytutpolski.pl\/beijing\/pl\/o-instytucie-polskim\/kontakt\/\",\"url\":\"https:\/\/instytutpolski.pl\/beijing\/pl\/o-instytucie-polskim\/kontakt\/\",\"name\":\"Kontakt - Instytut Polski w Pekinie\",\"isPartOf\":{\"@id\":\"https:\/\/instytutpolski.pl\/beijing\/#website\"},\"primaryImageOfPage\":{\"@id\":\"https:\/\/instytutpolski.pl\/beijing\/pl\/o-instytucie-polskim\/kontakt\/#primaryimage\"},\"image\":{\"@id\":\"https:\/\/instytutpolski.pl\/beijing\/pl\/o-instytucie-polskim\/kontakt\/#primaryimage\"},\"thumbnailUrl\":\"https:\/\/instytutpolski.pl\/beijing\/wp-content\/uploads\/sites\/12\/2020\/06\/white-1.jpg\",\"datePublished\":\"2019-06-28T11:58:58+00:00\",\"dateModified\":\"2026-03-10T03:20:58+00:00\",\"breadcrumb\":{\"@id\":\"https:\/\/instytutpolski.pl\/beijing\/pl\/o-instytucie-polskim\/kontakt\/#breadcrumb\"},\"inLanguage\":\"pl-PL\",\"potentialAction\":[{\"@type\":\"ReadAction\",\"target\":[\"https:\/\/instytutpolski.pl\/beijing\/pl\/o-instytucie-polskim\/kontakt\/\"]}]},{\"@type\":\"ImageObject\",\"inLanguage\":\"pl-PL\",\"@id\":\"https:\/\/instytutpolski.pl\/beijing\/pl\/o-instytucie-polskim\/kontakt\/#primaryimage\",\"url\":\"https:\/\/instytutpolski.pl\/beijing\/wp-content\/uploads\/sites\/12\/2020\/06\/white-1.jpg\",\"contentUrl\":\"https:\/\/instytutpolski.pl\/beijing\/wp-content\/uploads\/sites\/12\/2020\/06\/white-1.jpg\",\"width\":1920,\"height\":500},{\"@type\":\"BreadcrumbList\",\"@id\":\"https:\/\/instytutpolski.pl\/beijing\/pl\/o-instytucie-polskim\/kontakt\/#breadcrumb\",\"itemListElement\":[{\"@type\":\"ListItem\",\"position\":1,\"name\":\"Home\",\"item\":\"https:\/\/instytutpolski.pl\/beijing\/\"},{\"@type\":\"ListItem\",\"position\":2,\"name\":\"O Instytucie Polskim\",\"item\":\"https:\/\/instytutpolski.pl\/beijing\/pl\/o-instytucie-polskim\/\"},{\"@type\":\"ListItem\",\"position\":3,\"name\":\"Kontakt\"}]},{\"@type\":\"WebSite\",\"@id\":\"https:\/\/instytutpolski.pl\/beijing\/#website\",\"url\":\"https:\/\/instytutpolski.pl\/beijing\/\",\"name\":\"Instytut Polski w Pekinie\",\"description\":\"Instytuty Polskie\",\"potentialAction\":[{\"@type\":\"SearchAction\",\"target\":{\"@type\":\"EntryPoint\",\"urlTemplate\":\"https:\/\/instytutpolski.pl\/beijing\/?s={search_term_string}\"},\"query-input\":{\"@type\":\"PropertyValueSpecification\",\"valueRequired\":true,\"valueName\":\"search_term_string\"}}],\"inLanguage\":\"pl-PL\"}]}<\/script>\n<!-- \/ Yoast SEO plugin. -->","yoast_head_json":{"title":"Kontakt - Instytut Polski w Pekinie","robots":{"index":"index","follow":"follow","max-snippet":"max-snippet:-1","max-image-preview":"max-image-preview:large","max-video-preview":"max-video-preview:-1"},"canonical":"https:\/\/instytutpolski.pl\/beijing\/pl\/o-instytucie-polskim\/kontakt\/","og_locale":"pl_PL","og_type":"article","og_title":"Kontakt - Instytut Polski w Pekinie","og_description":"Instytut Polski \u2013 Wydzia\u0142 Kultury Ambasady RP w Pekinie Adres:&nbsp;ul. Ritan 1, 100600 Pekin, Chiny&nbsp; Sekretariattel:&nbsp;+86 10 8531 7153faks:&nbsp;+86 10 6532 1745e-mail:&nbsp;pekin.ip.sekretariat@msz.gov.pl Godziny urz\u0119dowania:poniedzia\u0142ek \u2013 pi\u0105tek w godzinach 8:30 -16:30 Skargi i wnioski: Kierownik urz\u0119du w sprawach skarg i wniosk\u00f3w przyjmuje w poniedzia\u0142ki w godzinach 16.30-18.30 oraz w czwartki w godzinach od 14:00 do 16:00. [&hellip;]","og_url":"https:\/\/instytutpolski.pl\/beijing\/pl\/o-instytucie-polskim\/kontakt\/","og_site_name":"Instytut Polski w Pekinie","article_modified_time":"2026-03-10T03:20:58+00:00","og_image":[{"width":1920,"height":500,"url":"https:\/\/instytutpolski.pl\/beijing\/wp-content\/uploads\/sites\/12\/2020\/06\/white-1.jpg","type":"image\/jpeg"}],"twitter_card":"summary_large_image","twitter_misc":{"Szacowany czas czytania":"1 minuta"},"schema":{"@context":"https:\/\/schema.org","@graph":[{"@type":"WebPage","@id":"https:\/\/instytutpolski.pl\/beijing\/pl\/o-instytucie-polskim\/kontakt\/","url":"https:\/\/instytutpolski.pl\/beijing\/pl\/o-instytucie-polskim\/kontakt\/","name":"Kontakt - Instytut Polski w Pekinie","isPartOf":{"@id":"https:\/\/instytutpolski.pl\/beijing\/#website"},"primaryImageOfPage":{"@id":"https:\/\/instytutpolski.pl\/beijing\/pl\/o-instytucie-polskim\/kontakt\/#primaryimage"},"image":{"@id":"https:\/\/instytutpolski.pl\/beijing\/pl\/o-instytucie-polskim\/kontakt\/#primaryimage"},"thumbnailUrl":"https:\/\/instytutpolski.pl\/beijing\/wp-content\/uploads\/sites\/12\/2020\/06\/white-1.jpg","datePublished":"2019-06-28T11:58:58+00:00","dateModified":"2026-03-10T03:20:58+00:00","breadcrumb":{"@id":"https:\/\/instytutpolski.pl\/beijing\/pl\/o-instytucie-polskim\/kontakt\/#breadcrumb"},"inLanguage":"pl-PL","potentialAction":[{"@type":"ReadAction","target":["https:\/\/instytutpolski.pl\/beijing\/pl\/o-instytucie-polskim\/kontakt\/"]}]},{"@type":"ImageObject","inLanguage":"pl-PL","@id":"https:\/\/instytutpolski.pl\/beijing\/pl\/o-instytucie-polskim\/kontakt\/#primaryimage","url":"https:\/\/instytutpolski.pl\/beijing\/wp-content\/uploads\/sites\/12\/2020\/06\/white-1.jpg","contentUrl":"https:\/\/instytutpolski.pl\/beijing\/wp-content\/uploads\/sites\/12\/2020\/06\/white-1.jpg","width":1920,"height":500},{"@type":"BreadcrumbList","@id":"https:\/\/instytutpolski.pl\/beijing\/pl\/o-instytucie-polskim\/kontakt\/#breadcrumb","itemListElement":[{"@type":"ListItem","position":1,"name":"Home","item":"https:\/\/instytutpolski.pl\/beijing\/"},{"@type":"ListItem","position":2,"name":"O Instytucie Polskim","item":"https:\/\/instytutpolski.pl\/beijing\/pl\/o-instytucie-polskim\/"},{"@type":"ListItem","position":3,"name":"Kontakt"}]},{"@type":"WebSite","@id":"https:\/\/instytutpolski.pl\/beijing\/#website","url":"https:\/\/instytutpolski.pl\/beijing\/","name":"Instytut Polski w Pekinie","description":"Instytuty Polskie","potentialAction":[{"@type":"SearchAction","target":{"@type":"EntryPoint","urlTemplate":"https:\/\/instytutpolski.pl\/beijing\/?s={search_term_string}"},"query-input":{"@type":"PropertyValueSpecification","valueRequired":true,"valueName":"search_term_string"}}],"inLanguage":"pl-PL"}]}},"_links":{"self":[{"href":"https:\/\/instytutpolski.pl\/beijing\/wp-json\/wp\/v2\/pages\/1555","targetHints":{"allow":["GET"]}}],"collection":[{"href":"https:\/\/instytutpolski.pl\/beijing\/wp-json\/wp\/v2\/pages"}],"about":[{"href":"https:\/\/instytutpolski.pl\/beijing\/wp-json\/wp\/v2\/types\/page"}],"author":[{"embeddable":true,"href":"https:\/\/instytutpolski.pl\/beijing\/wp-json\/wp\/v2\/users\/1"}],"replies":[{"embeddable":true,"href":"https:\/\/instytutpolski.pl\/beijing\/wp-json\/wp\/v2\/comments?post=1555"}],"version-history":[{"count":12,"href":"https:\/\/instytutpolski.pl\/beijing\/wp-json\/wp\/v2\/pages\/1555\/revisions"}],"predecessor-version":[{"id":7663,"href":"https:\/\/instytutpolski.pl\/beijing\/wp-json\/wp\/v2\/pages\/1555\/revisions\/7663"}],"up":[{"embeddable":true,"href":"https:\/\/instytutpolski.pl\/beijing\/wp-json\/wp\/v2\/pages\/1548"}],"wp:featuredmedia":[{"embeddable":true,"href":"https:\/\/instytutpolski.pl\/beijing\/wp-json\/wp\/v2\/media\/3184"}],"wp:attachment":[{"href":"https:\/\/instytutpolski.pl\/beijing\/wp-json\/wp\/v2\/media?parent=1555"}],"curies":[{"name":"wp","href":"https:\/\/api.w.org\/{rel}","templated":true}]}}