{"id":1590,"date":"2019-06-28T14:02:55","date_gmt":"2019-06-28T12:02:55","guid":{"rendered":"https:\/\/instytutpolski.pl\/pekin\/?page_id=1590"},"modified":"2026-03-10T04:42:22","modified_gmt":"2026-03-10T03:42:22","slug":"wspolpraca","status":"publish","type":"page","link":"https:\/\/instytutpolski.pl\/beijing\/pl\/o-instytucie-polskim\/wspolpraca\/","title":{"rendered":"Wsp\u00f3\u0142praca"},"content":{"rendered":"\n<p><strong>Instytut Polski w Pekinie <\/strong>z sukcesem zrealizowa\u0142 setki projekt\u00f3w z zakresu dyplomacji publicznej i kulturalnej, wsp\u00f3\u0142tworz\u0105c przestrze\u0144 dla pog\u0142\u0119bionego dialogu mi\u0119dzykulturowego pomi\u0119dzy Polsk\u0105 a Chinami.<\/p>\n\n\n\n<p>Przez lata obecno\u015bci w Pa\u0144stwie \u015arodka nawi\u0105zali\u015bmy wsp\u00f3\u0142prac\u0119 z licznymi instytucjami z Polski, Chin i wielu innych kraj\u00f3w, a r\u00f3\u017cnorodno\u015b\u0107 naszych partner\u00f3w najlepiej \u015bwiadczy o szerokim horyzoncie dzia\u0142a\u0144 Instytutu.<\/p>\n\n\n\n<p>Z wdzi\u0119czno\u015bci\u0105 i uznaniem za dotychczasow\u0105 wsp\u00f3\u0142prac\u0119, prezentujemy list\u0119 najwa\u017cniejszych polskich partner\u00f3w. Ka\u017cde ze wsp\u00f3lnych przedsi\u0119wzi\u0119\u0107 by\u0142o dla nas cennym do\u015bwiadczeniem i inspiracj\u0105 do dalszego dzia\u0142ania.<\/p>\n\n\n\n<p>Serdecznie zapraszamy nowe instytucje, organizacje i podmioty zainteresowane promocj\u0105 Polski w Chinach do nawi\u0105zania kontaktu i wsp\u00f3\u0142tworzenia kolejnych inicjatyw.<\/p>\n\n\n\n<p><strong>Nasi dotychczasowi partnerzy:<\/strong><\/p>\n\n\n\n<p><strong>Instytucje promocji kultury polskiej:<\/strong><\/p>\n\n\n\n<ul class=\"wp-block-list\">\n<li><a href=\"http:\/\/pl.chopin.nifc.pl\/\">Narodowy Instytut Fryderyka Chopina (NIFC)<\/a><\/li>\n\n\n\n<li><a href=\"http:\/\/www.instytutksiazki.pl\/\">Instytut Ksi\u0105\u017cki<\/a><\/li>\n\n\n\n<li><a href=\"https:\/\/iam.pl\/pl\">Instytut Adama Mickiewicza (IAM)<\/a><\/li>\n\n\n\n<li><a href=\"http:\/\/www.mck.krakow.pl\/\">Mi\u0119dzynarodowe Centrum Kultury w Krakowie (MCK)<\/a><\/li>\n\n\n\n<li><a href=\"http:\/\/www.pisf.pl\">Polski Instytut Sztuki Filmowej (PISF)<\/a><\/li>\n\n\n\n<li><a href=\"http:\/\/www.ninateka.pl\/\">Ninateka<\/a><\/li>\n\n\n\n<li><a href=\"https:\/\/ipk.gov.pl\/\">Instytut Przemys\u0142\u00f3w Kreatywnych<\/a><\/li>\n\n\n\n<li><a href=\"http:\/\/www.fn.org.pl\">Filmoteka Narodowa \u2013 Instytut Audiowizualny (FINA)<\/a><\/li>\n\n\n\n<li><a href=\"http:\/\/www.instytut-teatralny.pl\">Instytut Teatralny im. Zbigniewa Raszewskiego<\/a><\/li>\n\n\n\n<li><a href=\"https:\/\/nimit.pl\">Narodowy Instytut Muzyki i Ta\u0144ca (NIMiT)<\/a><\/li>\n<\/ul>\n\n\n\n<p><strong>Edukacja:<\/strong><\/p>\n\n\n\n<ul class=\"wp-block-list\">\n<li><a href=\"https:\/\/study.gov.pl\/pl\">Study in Poland<\/a> <em>(dawne \u201e<\/em><a href=\"http:\/\/www.go-poland.pl\"><em>Ready, Study, Go! Poland<\/em><\/a><em>\u201d)<\/em><\/li>\n\n\n\n<li><a href=\"https:\/\/nawa.gov.pl\/\">Narodowa Agencja Wymiany Akademickiej NAWA<\/a><\/li>\n<\/ul>\n\n\n\n<p><strong>Film:<\/strong><\/p>\n\n\n\n<ul class=\"wp-block-list\">\n<li><a href=\"https:\/\/festiwalgdynia.pl\">Festiwal Polskich Film\u00f3w Fabularnych w Gdyni<\/a><\/li>\n\n\n\n<li><a href=\"http:\/\/wff.pl\/\">Warszawski Festiwal Filmowy<\/a><\/li>\n\n\n\n<li><a href=\"http:\/\/www.wfdif.pl\">Wytw\u00f3rnia Film\u00f3w Dokumentalnych i Fabularnych (WFFiD)<\/a><\/li>\n\n\n\n<li><a href=\"http:\/\/www.sfp.org.pl\">Stowarzyszenie Filmowc\u00f3w Polskich (SFP)<\/a><\/li>\n\n\n\n<li><a href=\"https:\/\/www.filmschool.lodz.pl\/\">Szko\u0142a Filmowa w \u0141odzi<\/a><\/li>\n<\/ul>\n\n\n\n<p><strong>Gry komputerowe:<\/strong><strong><\/strong><\/p>\n\n\n\n<ul class=\"wp-block-list\">\n<li><a href=\"https:\/\/igp.org.pl\/\">Fundacja Indie Games Polska<\/a><\/li>\n<\/ul>\n\n\n\n<p><strong>Historia:<\/strong><\/p>\n\n\n\n<ul class=\"wp-block-list\">\n<li><a href=\"http:\/\/www.archiwa.gov.pl\">Naczelna Dyrekcja Archiw\u00f3w Pa\u0144stwowych<\/a><\/li>\n\n\n\n<li><a href=\"https:\/\/www.auschwitz.org\/\">Pa\u0144stwowe Muzeum Auschwitz-Birkenau<\/a><\/li>\n\n\n\n<li><a href=\"https:\/\/muzhp.pl\/\">Muzeum Historii Polski<\/a><\/li>\n\n\n\n<li><a href=\"https:\/\/muzeum1939.pl\/\">Muzeum II Wojny \u015awiatowej w Gda\u0144sku<\/a><\/li>\n\n\n\n<li><a href=\"https:\/\/polin.pl\/pl\">Muzeum Historii \u017byd\u00f3w Polskich POLIN w Warszawie<\/a><\/li>\n\n\n\n<li><a href=\"https:\/\/www.1944.pl\/\">Muzeum Powstania Warszawskiego<\/a><\/li>\n<\/ul>\n\n\n\n<p><strong>Literatura:<\/strong><\/p>\n\n\n\n<ul class=\"wp-block-list\">\n<li><a href=\"http:\/\/www.bn.org.pl\">Biblioteka Narodowa<\/a><\/li>\n\n\n\n<li><a href=\"http:\/\/www.bj.uj.edu.pl\">Biblioteka Jagiello\u0144ska<\/a><\/li>\n<\/ul>\n\n\n\n<p><strong>Muzyka:<\/strong><\/p>\n\n\n\n<ul class=\"wp-block-list\">\n<li><a href=\"http:\/\/www.chopin.edu.pl\">Uniwersytet Muzyczny Fryderyka Chopina (UMFC)<\/a><\/li>\n\n\n\n<li><a href=\"http:\/\/www.beethoven.org.pl\">Stowarzyszenie im. Ludwiga van Beethovena<\/a><\/li>\n\n\n\n<li><a href=\"https:\/\/jazzpopolsku.pl\/\">Fundacja Jazz po Polsku<\/a><\/li>\n\n\n\n<li><a href=\"https:\/\/www.konkurspaderewskiego.pl\/\">Towarzystwo Muzyczne im. I. J. Paderewskiego w Bydgoszczy<\/a><\/li>\n<\/ul>\n\n\n\n<p><strong>Sztuka:<\/strong><\/p>\n\n\n\n<ul class=\"wp-block-list\">\n<li><a href=\"http:\/\/www.mnw.art.pl\">Muzeum Narodowe w Warszawie<\/a><\/li>\n\n\n\n<li><a href=\"http:\/\/www.muzeum.krakow.pl\">Muzeum Narodowe w Krakowie<\/a><\/li>\n\n\n\n<li><a href=\"https:\/\/mnwr.pl\">Muzeum Narodowe we Wroc\u0142awiu<\/a><\/li>\n\n\n\n<li><a href=\"https:\/\/mnp.art.pl\/\">Muzeum Narodowe w Poznaniu<\/a><\/li>\n\n\n\n<li><a href=\"http:\/\/www.zacheta.art.pl\">Zach\u0119ta \u2013 Narodowa Galeria Sztuki<\/a><\/li>\n\n\n\n<li><a href=\"http:\/\/www.msl.org.pl\">Muzeum Sztuki w \u0141odzi (MS\u0141)<\/a><\/li>\n\n\n\n<li><a href=\"https:\/\/fundacjagierowskiego.pl\/\">Fundacja Stefana Gierowskiego<\/a><\/li>\n\n\n\n<li><a href=\"https:\/\/uap.edu.pl\/\">Uniwersytet Artystyczny im. Magdaleny Abakanowicz w Poznaniu<\/a><\/li>\n<\/ul>\n\n\n\n<p><strong>Teatr:<\/strong><\/p>\n\n\n\n<ul class=\"wp-block-list\">\n<li><a href=\"http:\/\/www.cricoteka.pl\">Cricoteka &#8211; Muzeum Tadeusza Kantora i nowoczesna instytucja kultury<\/a><\/li>\n\n\n\n<li><a href=\"https:\/\/grotowski-institute.pl\">Instytut im. Jerzego Grotowskiego<\/a><\/li>\n\n\n\n<li><a href=\"http:\/\/www.trwarszawa.pl\">TR Warszawa<\/a><\/li>\n\n\n\n<li><a href=\"http:\/\/www.teatrdramatyczny.pl\">Teatr Dramatyczny m.st. Warszawy<\/a><\/li>\n\n\n\n<li><a href=\"http:\/\/www.nowyteatr.org\">Nowy Teatr (Warszawa)<\/a><\/li>\n\n\n\n<li><a href=\"https:\/\/stary.pl\/pl\/\">Narodowy Stary Teatr w Krakowie<\/a><\/li>\n\n\n\n<li><a href=\"http:\/\/www.teatrwielki.pl\">Teatr Wielki \u2013 Opera Narodowa<\/a><\/li>\n\n\n\n<li><a href=\"http:\/\/www.wteatrw.pl\">Wroc\u0142awski Teatr Wsp\u00f3\u0142czesny<\/a><\/li>\n\n\n\n<li><a href=\"https:\/\/teatrlalek.walbrzych.pl\/\">Teatr Lalki i Aktora w Wa\u0142brzychu<\/a><\/li>\n\n\n\n<li><a href=\"https:\/\/teatr.torun.pl\/\">Teatr im. Wilama Horzycy w Toruniu<\/a><\/li>\n\n\n\n<li><a href=\"https:\/\/teatrszekspirowski.pl\/\">Gda\u0144ski Teatr Szekspirowski<\/a><\/li>\n\n\n\n<li><a href=\"http:\/\/www.nowyteatr.org\">Nowy Teatr w Warszawie<\/a><\/li>\n\n\n\n<li><a href=\"http:\/\/www.laznianowa.pl\">Teatr \u0141a\u017ania Nowa w Nowej Hucie<\/a><\/li>\n<\/ul>\n\n\n\n<p><strong>Plac<\/strong><strong>\u00f3wki dyplomatyczne w Chinach:<\/strong><\/p>\n\n\n\n<ul class=\"wp-block-list\">\n<li><a href=\"https:\/\/www.gov.pl\/web\/chiny\/ambasada-rp-w-pekinie\">Ambasada RP\u00a0 w Pekinie<\/a><\/li>\n\n\n\n<li><a href=\"https:\/\/www.gov.pl\/web\/chiny\/konsulat-generalny-w-szanghaju\">Konsulat Generalny RP w Szanghaju<\/a><\/li>\n\n\n\n<li><a href=\"https:\/\/www.gov.pl\/web\/chiny\/konsulat-generalny-w-kantonie\">Konsulat Generalny RP w Kantonie<\/a><\/li>\n\n\n\n<li><a href=\"https:\/\/www.gov.pl\/web\/chiny\/konsulat-generalny-rp-w-hongkongu\">Konsulat Generalny RP w Hongkongu<\/a><\/li>\n<\/ul>\n\n\n\n<p><strong>Instytucje promuj\u0105ce polsk\u0105 gospodark\u0119 i turystyk\u0119, kt\u00f3re maj\u0105 swoje przedstawicielstwa w Chinach:<\/strong><\/p>\n\n\n\n<ul class=\"wp-block-list\">\n<li><a href=\"https:\/\/www.bolan.travel\/zh\/\">Zagraniczny O\u015brodek Polskiej Organizacji Turystycznej w Pekinie<\/a><\/li>\n\n\n\n<li><a href=\"https:\/\/www.paih.gov.pl\/rynki-zagraniczne\/Chiny\/\">Polska Agencja Inwestycji i Handlu (PAIH)<\/a><\/li>\n\n\n\n<li><a href=\"http:\/\/www.lot.com.pl\">Polskie Linie Lotnicze LOT<\/a><\/li>\n\n\n\n<li><a href=\"http:\/\/www.polskieradio.pl\">Polskie Radio dla Zagranicy<\/a><\/li>\n<\/ul>\n","protected":false},"excerpt":{"rendered":"<p>Instytut Polski w Pekinie z sukcesem zrealizowa\u0142 setki projekt\u00f3w z zakresu dyplomacji publicznej i kulturalnej, wsp\u00f3\u0142tworz\u0105c przestrze\u0144 dla pog\u0142\u0119bionego dialogu mi\u0119dzykulturowego pomi\u0119dzy Polsk\u0105 a Chinami. Przez lata obecno\u015bci w Pa\u0144stwie \u015arodka nawi\u0105zali\u015bmy wsp\u00f3\u0142prac\u0119 z licznymi instytucjami z Polski, Chin i wielu innych kraj\u00f3w, a r\u00f3\u017cnorodno\u015b\u0107 naszych partner\u00f3w najlepiej \u015bwiadczy o szerokim horyzoncie dzia\u0142a\u0144 Instytutu. Z [&hellip;]<\/p>\n","protected":false},"author":1,"featured_media":3505,"parent":1548,"menu_order":0,"comment_status":"closed","ping_status":"closed","template":"","meta":{"inline_featured_image":false,"_monsterinsights_skip_tracking":false,"_monsterinsights_sitenote_active":false,"_monsterinsights_sitenote_note":"","_monsterinsights_sitenote_category":0,"footnotes":""},"class_list":["post-1590","page","type-page","status-publish","has-post-thumbnail","hentry"],"yoast_head":"<!-- This site is optimized with the Yoast SEO plugin v24.6 - https:\/\/yoast.com\/wordpress\/plugins\/seo\/ -->\n<title>Wsp\u00f3\u0142praca - Instytut Polski w Pekinie<\/title>\n<meta name=\"robots\" content=\"index, follow, max-snippet:-1, max-image-preview:large, max-video-preview:-1\" \/>\n<link rel=\"canonical\" href=\"https:\/\/instytutpolski.pl\/beijing\/pl\/o-instytucie-polskim\/wspolpraca\/\" \/>\n<meta property=\"og:locale\" content=\"pl_PL\" \/>\n<meta property=\"og:type\" content=\"article\" \/>\n<meta property=\"og:title\" content=\"Wsp\u00f3\u0142praca - Instytut Polski w Pekinie\" \/>\n<meta property=\"og:description\" content=\"Instytut Polski w Pekinie z sukcesem zrealizowa\u0142 setki projekt\u00f3w z zakresu dyplomacji publicznej i kulturalnej, wsp\u00f3\u0142tworz\u0105c przestrze\u0144 dla pog\u0142\u0119bionego dialogu mi\u0119dzykulturowego pomi\u0119dzy Polsk\u0105 a Chinami. Przez lata obecno\u015bci w Pa\u0144stwie \u015arodka nawi\u0105zali\u015bmy wsp\u00f3\u0142prac\u0119 z licznymi instytucjami z Polski, Chin i wielu innych kraj\u00f3w, a r\u00f3\u017cnorodno\u015b\u0107 naszych partner\u00f3w najlepiej \u015bwiadczy o szerokim horyzoncie dzia\u0142a\u0144 Instytutu. Z [&hellip;]\" \/>\n<meta property=\"og:url\" content=\"https:\/\/instytutpolski.pl\/beijing\/pl\/o-instytucie-polskim\/wspolpraca\/\" \/>\n<meta property=\"og:site_name\" content=\"Instytut Polski w Pekinie\" \/>\n<meta property=\"article:modified_time\" content=\"2026-03-10T03:42:22+00:00\" \/>\n<meta property=\"og:image\" content=\"https:\/\/instytutpolski.pl\/beijing\/wp-content\/uploads\/sites\/12\/2020\/06\/about_us2.jpg\" \/>\n\t<meta property=\"og:image:width\" content=\"1920\" \/>\n\t<meta property=\"og:image:height\" content=\"700\" \/>\n\t<meta property=\"og:image:type\" content=\"image\/jpeg\" \/>\n<meta name=\"twitter:card\" content=\"summary_large_image\" \/>\n<meta name=\"twitter:label1\" content=\"Szacowany czas czytania\" \/>\n\t<meta name=\"twitter:data1\" content=\"3 minuty\" \/>\n<script type=\"application\/ld+json\" class=\"yoast-schema-graph\">{\"@context\":\"https:\/\/schema.org\",\"@graph\":[{\"@type\":\"WebPage\",\"@id\":\"https:\/\/instytutpolski.pl\/beijing\/pl\/o-instytucie-polskim\/wspolpraca\/\",\"url\":\"https:\/\/instytutpolski.pl\/beijing\/pl\/o-instytucie-polskim\/wspolpraca\/\",\"name\":\"Wsp\u00f3\u0142praca - Instytut Polski w Pekinie\",\"isPartOf\":{\"@id\":\"https:\/\/instytutpolski.pl\/beijing\/#website\"},\"primaryImageOfPage\":{\"@id\":\"https:\/\/instytutpolski.pl\/beijing\/pl\/o-instytucie-polskim\/wspolpraca\/#primaryimage\"},\"image\":{\"@id\":\"https:\/\/instytutpolski.pl\/beijing\/pl\/o-instytucie-polskim\/wspolpraca\/#primaryimage\"},\"thumbnailUrl\":\"https:\/\/instytutpolski.pl\/beijing\/wp-content\/uploads\/sites\/12\/2020\/06\/about_us2.jpg\",\"datePublished\":\"2019-06-28T12:02:55+00:00\",\"dateModified\":\"2026-03-10T03:42:22+00:00\",\"breadcrumb\":{\"@id\":\"https:\/\/instytutpolski.pl\/beijing\/pl\/o-instytucie-polskim\/wspolpraca\/#breadcrumb\"},\"inLanguage\":\"pl-PL\",\"potentialAction\":[{\"@type\":\"ReadAction\",\"target\":[\"https:\/\/instytutpolski.pl\/beijing\/pl\/o-instytucie-polskim\/wspolpraca\/\"]}]},{\"@type\":\"ImageObject\",\"inLanguage\":\"pl-PL\",\"@id\":\"https:\/\/instytutpolski.pl\/beijing\/pl\/o-instytucie-polskim\/wspolpraca\/#primaryimage\",\"url\":\"https:\/\/instytutpolski.pl\/beijing\/wp-content\/uploads\/sites\/12\/2020\/06\/about_us2.jpg\",\"contentUrl\":\"https:\/\/instytutpolski.pl\/beijing\/wp-content\/uploads\/sites\/12\/2020\/06\/about_us2.jpg\",\"width\":1920,\"height\":700},{\"@type\":\"BreadcrumbList\",\"@id\":\"https:\/\/instytutpolski.pl\/beijing\/pl\/o-instytucie-polskim\/wspolpraca\/#breadcrumb\",\"itemListElement\":[{\"@type\":\"ListItem\",\"position\":1,\"name\":\"Home\",\"item\":\"https:\/\/instytutpolski.pl\/beijing\/\"},{\"@type\":\"ListItem\",\"position\":2,\"name\":\"O Instytucie Polskim\",\"item\":\"https:\/\/instytutpolski.pl\/beijing\/pl\/o-instytucie-polskim\/\"},{\"@type\":\"ListItem\",\"position\":3,\"name\":\"Wsp\u00f3\u0142praca\"}]},{\"@type\":\"WebSite\",\"@id\":\"https:\/\/instytutpolski.pl\/beijing\/#website\",\"url\":\"https:\/\/instytutpolski.pl\/beijing\/\",\"name\":\"Instytut Polski w Pekinie\",\"description\":\"Instytuty Polskie\",\"potentialAction\":[{\"@type\":\"SearchAction\",\"target\":{\"@type\":\"EntryPoint\",\"urlTemplate\":\"https:\/\/instytutpolski.pl\/beijing\/?s={search_term_string}\"},\"query-input\":{\"@type\":\"PropertyValueSpecification\",\"valueRequired\":true,\"valueName\":\"search_term_string\"}}],\"inLanguage\":\"pl-PL\"}]}<\/script>\n<!-- \/ Yoast SEO plugin. -->","yoast_head_json":{"title":"Wsp\u00f3\u0142praca - Instytut Polski w Pekinie","robots":{"index":"index","follow":"follow","max-snippet":"max-snippet:-1","max-image-preview":"max-image-preview:large","max-video-preview":"max-video-preview:-1"},"canonical":"https:\/\/instytutpolski.pl\/beijing\/pl\/o-instytucie-polskim\/wspolpraca\/","og_locale":"pl_PL","og_type":"article","og_title":"Wsp\u00f3\u0142praca - Instytut Polski w Pekinie","og_description":"Instytut Polski w Pekinie z sukcesem zrealizowa\u0142 setki projekt\u00f3w z zakresu dyplomacji publicznej i kulturalnej, wsp\u00f3\u0142tworz\u0105c przestrze\u0144 dla pog\u0142\u0119bionego dialogu mi\u0119dzykulturowego pomi\u0119dzy Polsk\u0105 a Chinami. Przez lata obecno\u015bci w Pa\u0144stwie \u015arodka nawi\u0105zali\u015bmy wsp\u00f3\u0142prac\u0119 z licznymi instytucjami z Polski, Chin i wielu innych kraj\u00f3w, a r\u00f3\u017cnorodno\u015b\u0107 naszych partner\u00f3w najlepiej \u015bwiadczy o szerokim horyzoncie dzia\u0142a\u0144 Instytutu. Z [&hellip;]","og_url":"https:\/\/instytutpolski.pl\/beijing\/pl\/o-instytucie-polskim\/wspolpraca\/","og_site_name":"Instytut Polski w Pekinie","article_modified_time":"2026-03-10T03:42:22+00:00","og_image":[{"width":1920,"height":700,"url":"https:\/\/instytutpolski.pl\/beijing\/wp-content\/uploads\/sites\/12\/2020\/06\/about_us2.jpg","type":"image\/jpeg"}],"twitter_card":"summary_large_image","twitter_misc":{"Szacowany czas czytania":"3 minuty"},"schema":{"@context":"https:\/\/schema.org","@graph":[{"@type":"WebPage","@id":"https:\/\/instytutpolski.pl\/beijing\/pl\/o-instytucie-polskim\/wspolpraca\/","url":"https:\/\/instytutpolski.pl\/beijing\/pl\/o-instytucie-polskim\/wspolpraca\/","name":"Wsp\u00f3\u0142praca - Instytut Polski w Pekinie","isPartOf":{"@id":"https:\/\/instytutpolski.pl\/beijing\/#website"},"primaryImageOfPage":{"@id":"https:\/\/instytutpolski.pl\/beijing\/pl\/o-instytucie-polskim\/wspolpraca\/#primaryimage"},"image":{"@id":"https:\/\/instytutpolski.pl\/beijing\/pl\/o-instytucie-polskim\/wspolpraca\/#primaryimage"},"thumbnailUrl":"https:\/\/instytutpolski.pl\/beijing\/wp-content\/uploads\/sites\/12\/2020\/06\/about_us2.jpg","datePublished":"2019-06-28T12:02:55+00:00","dateModified":"2026-03-10T03:42:22+00:00","breadcrumb":{"@id":"https:\/\/instytutpolski.pl\/beijing\/pl\/o-instytucie-polskim\/wspolpraca\/#breadcrumb"},"inLanguage":"pl-PL","potentialAction":[{"@type":"ReadAction","target":["https:\/\/instytutpolski.pl\/beijing\/pl\/o-instytucie-polskim\/wspolpraca\/"]}]},{"@type":"ImageObject","inLanguage":"pl-PL","@id":"https:\/\/instytutpolski.pl\/beijing\/pl\/o-instytucie-polskim\/wspolpraca\/#primaryimage","url":"https:\/\/instytutpolski.pl\/beijing\/wp-content\/uploads\/sites\/12\/2020\/06\/about_us2.jpg","contentUrl":"https:\/\/instytutpolski.pl\/beijing\/wp-content\/uploads\/sites\/12\/2020\/06\/about_us2.jpg","width":1920,"height":700},{"@type":"BreadcrumbList","@id":"https:\/\/instytutpolski.pl\/beijing\/pl\/o-instytucie-polskim\/wspolpraca\/#breadcrumb","itemListElement":[{"@type":"ListItem","position":1,"name":"Home","item":"https:\/\/instytutpolski.pl\/beijing\/"},{"@type":"ListItem","position":2,"name":"O Instytucie Polskim","item":"https:\/\/instytutpolski.pl\/beijing\/pl\/o-instytucie-polskim\/"},{"@type":"ListItem","position":3,"name":"Wsp\u00f3\u0142praca"}]},{"@type":"WebSite","@id":"https:\/\/instytutpolski.pl\/beijing\/#website","url":"https:\/\/instytutpolski.pl\/beijing\/","name":"Instytut Polski w Pekinie","description":"Instytuty Polskie","potentialAction":[{"@type":"SearchAction","target":{"@type":"EntryPoint","urlTemplate":"https:\/\/instytutpolski.pl\/beijing\/?s={search_term_string}"},"query-input":{"@type":"PropertyValueSpecification","valueRequired":true,"valueName":"search_term_string"}}],"inLanguage":"pl-PL"}]}},"_links":{"self":[{"href":"https:\/\/instytutpolski.pl\/beijing\/wp-json\/wp\/v2\/pages\/1590","targetHints":{"allow":["GET"]}}],"collection":[{"href":"https:\/\/instytutpolski.pl\/beijing\/wp-json\/wp\/v2\/pages"}],"about":[{"href":"https:\/\/instytutpolski.pl\/beijing\/wp-json\/wp\/v2\/types\/page"}],"author":[{"embeddable":true,"href":"https:\/\/instytutpolski.pl\/beijing\/wp-json\/wp\/v2\/users\/1"}],"replies":[{"embeddable":true,"href":"https:\/\/instytutpolski.pl\/beijing\/wp-json\/wp\/v2\/comments?post=1590"}],"version-history":[{"count":9,"href":"https:\/\/instytutpolski.pl\/beijing\/wp-json\/wp\/v2\/pages\/1590\/revisions"}],"predecessor-version":[{"id":7671,"href":"https:\/\/instytutpolski.pl\/beijing\/wp-json\/wp\/v2\/pages\/1590\/revisions\/7671"}],"up":[{"embeddable":true,"href":"https:\/\/instytutpolski.pl\/beijing\/wp-json\/wp\/v2\/pages\/1548"}],"wp:featuredmedia":[{"embeddable":true,"href":"https:\/\/instytutpolski.pl\/beijing\/wp-json\/wp\/v2\/media\/3505"}],"wp:attachment":[{"href":"https:\/\/instytutpolski.pl\/beijing\/wp-json\/wp\/v2\/media?parent=1590"}],"curies":[{"name":"wp","href":"https:\/\/api.w.org\/{rel}","templated":true}]}}