{"id":1620,"date":"2019-06-28T14:15:05","date_gmt":"2019-06-28T12:15:05","guid":{"rendered":"https:\/\/instytutpolski.pl\/pekin\/?page_id=1620"},"modified":"2026-03-10T04:45:06","modified_gmt":"2026-03-10T03:45:06","slug":"do-pobrania","status":"publish","type":"page","link":"https:\/\/instytutpolski.pl\/beijing\/pl\/o-instytucie-polskim\/do-pobrania\/","title":{"rendered":"Przydatne linki"},"content":{"rendered":"\n<ul class=\"wp-block-list\">\n<li><a href=\"http:\/\/culture.pl\">Culture.pl<\/a><\/li>\n\n\n\n<li><a href=\"http:\/\/POLONA.pl\">POLONA.pl<\/a><\/li>\n\n\n\n<li><a href=\"http:\/\/www.ninateka.pl\">Ninateka<\/a><\/li>\n\n\n\n<li><a href=\"https:\/\/www.polskieradio.pl\/395\">Polskie Radio dla Zagranicy<\/a><\/li>\n\n\n\n<li><a href=\"https:\/\/dingo.psnc.pl\/dlibra\/\">DInGO &#8211; biblioteka cyfrowa dLibra<\/a><\/li>\n\n\n\n<li><a href=\"https:\/\/www.gov.pl\/web\/dyplomacja\">Portal gov.pl<\/a><\/li>\n<\/ul>\n\n\n\n<p><strong>Mi\u0119dzynarodowe konkursy muzyczne:<\/strong><\/p>\n\n\n\n<p><a href=\"https:\/\/www.chopincompetition.pl\/pl\">Mi\u0119dzynarodowy Konkurs Pianistyczny im. Fryderyka Chopina<\/a><\/p>\n\n\n\n<p><a href=\"http:\/\/www.wieniawski.pl\">Mi\u0119dzynarodowy Konkurs Skrzypcowy im. Henryka Wieniawskiego<\/a><\/p>\n\n\n\n<p><a href=\"https:\/\/www.konkurspaderewskiego.pl\/\">Mi\u0119dzynarodowy Konkurs Pianistyczny im. Ignacego Jana Paderewskiego<\/a><\/p>\n\n\n\n<p><a href=\"https:\/\/filharmonia-slaska.eu\/fitelberg\/\">Mi\u0119dzynarodowy Konkurs Dyrygencki im. Grzegorza Fitelberga w Katowicach (NOSPR)<\/a><\/p>\n\n\n\n<p><strong>Mi\u0119dzynarodowe Festiwale Filmowe:<\/strong><\/p>\n\n\n\n<p><a href=\"https:\/\/festiwalgdynia.pl\">Festiwal Polskich Film\u00f3w Fabularnych w Gdyni (FPFF)<\/a><\/p>\n\n\n\n<p><a href=\"https:\/\/wff.pl\/pl\/\">Warszawski Festiwal Filmowy<\/a><\/p>\n\n\n\n<p><a href=\"https:\/\/offcamera.pl\/idea\/\">Mi\u0119dzynarodowy Festiwal Kina Niezale\u017c<u>nego Mastercard OFF CAMERA<\/u><\/a><\/p>\n\n\n\n<p><a href=\"https:\/\/alekino.com\">Mi\u0119dzynarodowy Festiwal Film\u00f3w dla M\u0142odej Widowni Ale Kino!<\/a><\/p>\n\n\n\n<p><strong>Mi\u0119dzynarodowe Festiwale Teatralne:<\/strong><\/p>\n\n\n\n<p><a href=\"https:\/\/boskakomedia.pl\">Mi\u0119dzynarodowy Festiwal Teatralny Boska Komedia<\/a><\/p>\n\n\n\n<p><a href=\"https:\/\/festiwalszekspirowski.pl\">Festiwal Szekspirowski<\/a><\/p>\n\n\n\n<p><a href=\"https:\/\/teatr.torun.pl\/festiwal\/\">Mi\u0119dzynarodowy Festiwal Teatralny Kontakt<\/a><\/p>\n\n\n\n<p><strong>Materia\u0142y do pobrania:<\/strong><\/p>\n\n\n\n<p><a href=\"https:\/\/igp.org.pl\/raporty\/Raport_ChinskiRynekGier_2023_EN.pdf\">Przewodnik dla deweloper\u00f3w gier po rynku chi\u0144skim. (j. angielski)<\/a><\/p>\n\n\n\n<p><a href=\"https:\/\/www.ibl.waw.pl\/files\/podreczniki\/podrecznik-jedwabny.pdf\">Wsp\u00f3\u0142czesny Jedwabny Szlak do j\u0119zyka i kultury polskiej w Chinach. Materia\u0142y edukacyjne do nauki j\u0119zyka polskiego dla student\u00f3w chi\u0144skoj\u0119zycznych. <\/a>&nbsp;<\/p>\n","protected":false},"excerpt":{"rendered":"<p>Mi\u0119dzynarodowe konkursy muzyczne: Mi\u0119dzynarodowy Konkurs Pianistyczny im. Fryderyka Chopina Mi\u0119dzynarodowy Konkurs Skrzypcowy im. Henryka Wieniawskiego Mi\u0119dzynarodowy Konkurs Pianistyczny im. Ignacego Jana Paderewskiego Mi\u0119dzynarodowy Konkurs Dyrygencki im. Grzegorza Fitelberga w Katowicach (NOSPR) Mi\u0119dzynarodowe Festiwale Filmowe: Festiwal Polskich Film\u00f3w Fabularnych w Gdyni (FPFF) Warszawski Festiwal Filmowy Mi\u0119dzynarodowy Festiwal Kina Niezale\u017cnego Mastercard OFF CAMERA Mi\u0119dzynarodowy Festiwal Film\u00f3w dla [&hellip;]<\/p>\n","protected":false},"author":1,"featured_media":3505,"parent":1548,"menu_order":0,"comment_status":"closed","ping_status":"closed","template":"","meta":{"inline_featured_image":false,"_monsterinsights_skip_tracking":false,"_monsterinsights_sitenote_active":false,"_monsterinsights_sitenote_note":"","_monsterinsights_sitenote_category":0,"footnotes":""},"class_list":["post-1620","page","type-page","status-publish","has-post-thumbnail","hentry"],"yoast_head":"<!-- This site is optimized with the Yoast SEO plugin v24.6 - https:\/\/yoast.com\/wordpress\/plugins\/seo\/ -->\n<title>Przydatne linki - Instytut Polski w Pekinie<\/title>\n<meta name=\"robots\" content=\"index, follow, max-snippet:-1, max-image-preview:large, max-video-preview:-1\" \/>\n<link rel=\"canonical\" href=\"https:\/\/instytutpolski.pl\/beijing\/pl\/o-instytucie-polskim\/do-pobrania\/\" \/>\n<meta property=\"og:locale\" content=\"pl_PL\" \/>\n<meta property=\"og:type\" content=\"article\" \/>\n<meta property=\"og:title\" content=\"Przydatne linki - Instytut Polski w Pekinie\" \/>\n<meta property=\"og:description\" content=\"Mi\u0119dzynarodowe konkursy muzyczne: Mi\u0119dzynarodowy Konkurs Pianistyczny im. Fryderyka Chopina Mi\u0119dzynarodowy Konkurs Skrzypcowy im. Henryka Wieniawskiego Mi\u0119dzynarodowy Konkurs Pianistyczny im. Ignacego Jana Paderewskiego Mi\u0119dzynarodowy Konkurs Dyrygencki im. Grzegorza Fitelberga w Katowicach (NOSPR) Mi\u0119dzynarodowe Festiwale Filmowe: Festiwal Polskich Film\u00f3w Fabularnych w Gdyni (FPFF) Warszawski Festiwal Filmowy Mi\u0119dzynarodowy Festiwal Kina Niezale\u017cnego Mastercard OFF CAMERA Mi\u0119dzynarodowy Festiwal Film\u00f3w dla [&hellip;]\" \/>\n<meta property=\"og:url\" content=\"https:\/\/instytutpolski.pl\/beijing\/pl\/o-instytucie-polskim\/do-pobrania\/\" \/>\n<meta property=\"og:site_name\" content=\"Instytut Polski w Pekinie\" \/>\n<meta property=\"article:modified_time\" content=\"2026-03-10T03:45:06+00:00\" \/>\n<meta property=\"og:image\" content=\"https:\/\/instytutpolski.pl\/beijing\/wp-content\/uploads\/sites\/12\/2020\/06\/about_us2.jpg\" \/>\n\t<meta property=\"og:image:width\" content=\"1920\" \/>\n\t<meta property=\"og:image:height\" content=\"700\" \/>\n\t<meta property=\"og:image:type\" content=\"image\/jpeg\" \/>\n<meta name=\"twitter:card\" content=\"summary_large_image\" \/>\n<meta name=\"twitter:label1\" content=\"Szacowany czas czytania\" \/>\n\t<meta name=\"twitter:data1\" content=\"1 minuta\" \/>\n<script type=\"application\/ld+json\" class=\"yoast-schema-graph\">{\"@context\":\"https:\/\/schema.org\",\"@graph\":[{\"@type\":\"WebPage\",\"@id\":\"https:\/\/instytutpolski.pl\/beijing\/pl\/o-instytucie-polskim\/do-pobrania\/\",\"url\":\"https:\/\/instytutpolski.pl\/beijing\/pl\/o-instytucie-polskim\/do-pobrania\/\",\"name\":\"Przydatne linki - Instytut Polski w Pekinie\",\"isPartOf\":{\"@id\":\"https:\/\/instytutpolski.pl\/beijing\/#website\"},\"primaryImageOfPage\":{\"@id\":\"https:\/\/instytutpolski.pl\/beijing\/pl\/o-instytucie-polskim\/do-pobrania\/#primaryimage\"},\"image\":{\"@id\":\"https:\/\/instytutpolski.pl\/beijing\/pl\/o-instytucie-polskim\/do-pobrania\/#primaryimage\"},\"thumbnailUrl\":\"https:\/\/instytutpolski.pl\/beijing\/wp-content\/uploads\/sites\/12\/2020\/06\/about_us2.jpg\",\"datePublished\":\"2019-06-28T12:15:05+00:00\",\"dateModified\":\"2026-03-10T03:45:06+00:00\",\"breadcrumb\":{\"@id\":\"https:\/\/instytutpolski.pl\/beijing\/pl\/o-instytucie-polskim\/do-pobrania\/#breadcrumb\"},\"inLanguage\":\"pl-PL\",\"potentialAction\":[{\"@type\":\"ReadAction\",\"target\":[\"https:\/\/instytutpolski.pl\/beijing\/pl\/o-instytucie-polskim\/do-pobrania\/\"]}]},{\"@type\":\"ImageObject\",\"inLanguage\":\"pl-PL\",\"@id\":\"https:\/\/instytutpolski.pl\/beijing\/pl\/o-instytucie-polskim\/do-pobrania\/#primaryimage\",\"url\":\"https:\/\/instytutpolski.pl\/beijing\/wp-content\/uploads\/sites\/12\/2020\/06\/about_us2.jpg\",\"contentUrl\":\"https:\/\/instytutpolski.pl\/beijing\/wp-content\/uploads\/sites\/12\/2020\/06\/about_us2.jpg\",\"width\":1920,\"height\":700},{\"@type\":\"BreadcrumbList\",\"@id\":\"https:\/\/instytutpolski.pl\/beijing\/pl\/o-instytucie-polskim\/do-pobrania\/#breadcrumb\",\"itemListElement\":[{\"@type\":\"ListItem\",\"position\":1,\"name\":\"Home\",\"item\":\"https:\/\/instytutpolski.pl\/beijing\/\"},{\"@type\":\"ListItem\",\"position\":2,\"name\":\"O Instytucie Polskim\",\"item\":\"https:\/\/instytutpolski.pl\/beijing\/pl\/o-instytucie-polskim\/\"},{\"@type\":\"ListItem\",\"position\":3,\"name\":\"Przydatne linki\"}]},{\"@type\":\"WebSite\",\"@id\":\"https:\/\/instytutpolski.pl\/beijing\/#website\",\"url\":\"https:\/\/instytutpolski.pl\/beijing\/\",\"name\":\"Instytut Polski w Pekinie\",\"description\":\"Instytuty Polskie\",\"potentialAction\":[{\"@type\":\"SearchAction\",\"target\":{\"@type\":\"EntryPoint\",\"urlTemplate\":\"https:\/\/instytutpolski.pl\/beijing\/?s={search_term_string}\"},\"query-input\":{\"@type\":\"PropertyValueSpecification\",\"valueRequired\":true,\"valueName\":\"search_term_string\"}}],\"inLanguage\":\"pl-PL\"}]}<\/script>\n<!-- \/ Yoast SEO plugin. -->","yoast_head_json":{"title":"Przydatne linki - Instytut Polski w Pekinie","robots":{"index":"index","follow":"follow","max-snippet":"max-snippet:-1","max-image-preview":"max-image-preview:large","max-video-preview":"max-video-preview:-1"},"canonical":"https:\/\/instytutpolski.pl\/beijing\/pl\/o-instytucie-polskim\/do-pobrania\/","og_locale":"pl_PL","og_type":"article","og_title":"Przydatne linki - Instytut Polski w Pekinie","og_description":"Mi\u0119dzynarodowe konkursy muzyczne: Mi\u0119dzynarodowy Konkurs Pianistyczny im. Fryderyka Chopina Mi\u0119dzynarodowy Konkurs Skrzypcowy im. Henryka Wieniawskiego Mi\u0119dzynarodowy Konkurs Pianistyczny im. Ignacego Jana Paderewskiego Mi\u0119dzynarodowy Konkurs Dyrygencki im. Grzegorza Fitelberga w Katowicach (NOSPR) Mi\u0119dzynarodowe Festiwale Filmowe: Festiwal Polskich Film\u00f3w Fabularnych w Gdyni (FPFF) Warszawski Festiwal Filmowy Mi\u0119dzynarodowy Festiwal Kina Niezale\u017cnego Mastercard OFF CAMERA Mi\u0119dzynarodowy Festiwal Film\u00f3w dla [&hellip;]","og_url":"https:\/\/instytutpolski.pl\/beijing\/pl\/o-instytucie-polskim\/do-pobrania\/","og_site_name":"Instytut Polski w Pekinie","article_modified_time":"2026-03-10T03:45:06+00:00","og_image":[{"width":1920,"height":700,"url":"https:\/\/instytutpolski.pl\/beijing\/wp-content\/uploads\/sites\/12\/2020\/06\/about_us2.jpg","type":"image\/jpeg"}],"twitter_card":"summary_large_image","twitter_misc":{"Szacowany czas czytania":"1 minuta"},"schema":{"@context":"https:\/\/schema.org","@graph":[{"@type":"WebPage","@id":"https:\/\/instytutpolski.pl\/beijing\/pl\/o-instytucie-polskim\/do-pobrania\/","url":"https:\/\/instytutpolski.pl\/beijing\/pl\/o-instytucie-polskim\/do-pobrania\/","name":"Przydatne linki - Instytut Polski w Pekinie","isPartOf":{"@id":"https:\/\/instytutpolski.pl\/beijing\/#website"},"primaryImageOfPage":{"@id":"https:\/\/instytutpolski.pl\/beijing\/pl\/o-instytucie-polskim\/do-pobrania\/#primaryimage"},"image":{"@id":"https:\/\/instytutpolski.pl\/beijing\/pl\/o-instytucie-polskim\/do-pobrania\/#primaryimage"},"thumbnailUrl":"https:\/\/instytutpolski.pl\/beijing\/wp-content\/uploads\/sites\/12\/2020\/06\/about_us2.jpg","datePublished":"2019-06-28T12:15:05+00:00","dateModified":"2026-03-10T03:45:06+00:00","breadcrumb":{"@id":"https:\/\/instytutpolski.pl\/beijing\/pl\/o-instytucie-polskim\/do-pobrania\/#breadcrumb"},"inLanguage":"pl-PL","potentialAction":[{"@type":"ReadAction","target":["https:\/\/instytutpolski.pl\/beijing\/pl\/o-instytucie-polskim\/do-pobrania\/"]}]},{"@type":"ImageObject","inLanguage":"pl-PL","@id":"https:\/\/instytutpolski.pl\/beijing\/pl\/o-instytucie-polskim\/do-pobrania\/#primaryimage","url":"https:\/\/instytutpolski.pl\/beijing\/wp-content\/uploads\/sites\/12\/2020\/06\/about_us2.jpg","contentUrl":"https:\/\/instytutpolski.pl\/beijing\/wp-content\/uploads\/sites\/12\/2020\/06\/about_us2.jpg","width":1920,"height":700},{"@type":"BreadcrumbList","@id":"https:\/\/instytutpolski.pl\/beijing\/pl\/o-instytucie-polskim\/do-pobrania\/#breadcrumb","itemListElement":[{"@type":"ListItem","position":1,"name":"Home","item":"https:\/\/instytutpolski.pl\/beijing\/"},{"@type":"ListItem","position":2,"name":"O Instytucie Polskim","item":"https:\/\/instytutpolski.pl\/beijing\/pl\/o-instytucie-polskim\/"},{"@type":"ListItem","position":3,"name":"Przydatne linki"}]},{"@type":"WebSite","@id":"https:\/\/instytutpolski.pl\/beijing\/#website","url":"https:\/\/instytutpolski.pl\/beijing\/","name":"Instytut Polski w Pekinie","description":"Instytuty Polskie","potentialAction":[{"@type":"SearchAction","target":{"@type":"EntryPoint","urlTemplate":"https:\/\/instytutpolski.pl\/beijing\/?s={search_term_string}"},"query-input":{"@type":"PropertyValueSpecification","valueRequired":true,"valueName":"search_term_string"}}],"inLanguage":"pl-PL"}]}},"_links":{"self":[{"href":"https:\/\/instytutpolski.pl\/beijing\/wp-json\/wp\/v2\/pages\/1620","targetHints":{"allow":["GET"]}}],"collection":[{"href":"https:\/\/instytutpolski.pl\/beijing\/wp-json\/wp\/v2\/pages"}],"about":[{"href":"https:\/\/instytutpolski.pl\/beijing\/wp-json\/wp\/v2\/types\/page"}],"author":[{"embeddable":true,"href":"https:\/\/instytutpolski.pl\/beijing\/wp-json\/wp\/v2\/users\/1"}],"replies":[{"embeddable":true,"href":"https:\/\/instytutpolski.pl\/beijing\/wp-json\/wp\/v2\/comments?post=1620"}],"version-history":[{"count":3,"href":"https:\/\/instytutpolski.pl\/beijing\/wp-json\/wp\/v2\/pages\/1620\/revisions"}],"predecessor-version":[{"id":7674,"href":"https:\/\/instytutpolski.pl\/beijing\/wp-json\/wp\/v2\/pages\/1620\/revisions\/7674"}],"up":[{"embeddable":true,"href":"https:\/\/instytutpolski.pl\/beijing\/wp-json\/wp\/v2\/pages\/1548"}],"wp:featuredmedia":[{"embeddable":true,"href":"https:\/\/instytutpolski.pl\/beijing\/wp-json\/wp\/v2\/media\/3505"}],"wp:attachment":[{"href":"https:\/\/instytutpolski.pl\/beijing\/wp-json\/wp\/v2\/media?parent=1620"}],"curies":[{"name":"wp","href":"https:\/\/api.w.org\/{rel}","templated":true}]}}