{"id":2968,"date":"2020-05-19T19:34:21","date_gmt":"2020-05-19T17:34:21","guid":{"rendered":"https:\/\/instytutpolski.pl\/beijing\/?page_id=2968"},"modified":"2026-03-10T04:59:51","modified_gmt":"2026-03-10T03:59:51","slug":"nauka-polskiego-w-chinach","status":"publish","type":"page","link":"https:\/\/instytutpolski.pl\/beijing\/pl\/nauka-polskiego-w-chinach\/","title":{"rendered":"Nauka polskiego w Chinach"},"content":{"rendered":"<p><strong>Studia polonistyczne w Chinach to historia ponad sze\u015bciu dekad dialogu mi\u0119dzykulturowego. Od pierwszych chi\u0144skich student\u00f3w wys\u0142anych do Polski w latach 50., po dynamicznie rozwijaj\u0105c\u0105 si\u0119 sie\u0107 o\u015brodk\u00f3w akademickich. <\/strong><\/p>\n<p><strong>Dzi\u015b j\u0119zyk polski studiuje w Chinach coraz wi\u0119cej m\u0142odych ludzi zainteresowanych nie tylko j\u0119zykiem polskim, ale tak\u017ce literatur\u0105, kultur\u0105, dyplomacj\u0105 i wsp\u00f3\u0142prac\u0105 mi\u0119dzynarodow\u0105.<\/strong><\/p>\n<p><strong>\u00a0<\/strong><strong>Poni\u017cej przedstawiamy list\u0119 instytucji akademickich <\/strong>oferuj\u0105cych nauczanie j\u0119zyka polskiego \u2014 pocz\u0105wszy od polonistyk przez lektoraty i kursy j\u0119zykowe.<\/p>\n<ol>\n<li><a href=\"https:\/\/en.bfsu.edu.cn\/2025\/06\/23\/c_157945.htm\"><strong>Beijing Foreign Studies University<\/strong><\/a><strong> (PUJO)<\/strong><\/li>\n<li><a href=\"https:\/\/en.jisu.edu.cn\/index.htm\"><strong>Jilin International Studies University<\/strong><\/a><\/li>\n<li><a href=\"https:\/\/en.shisu.edu.cn\"><strong>Shanghai International Studies University<\/strong><\/a><strong> (SISU)<\/strong><\/li>\n<li><a href=\"http:\/\/en.bisu.edu.cn\"><strong>Beijing International Studies University<\/strong><\/a><\/li>\n<li><a href=\"https:\/\/en.bsu.edu.cn\"><strong>Beijing Sport University<\/strong><\/a><\/li>\n<li><a href=\"http:\/\/www.ccu.edu.cn\"><strong>Changchun University<\/strong><\/a><\/li>\n<li><a href=\"https:\/\/www.cdisu.edu.cn\"><strong>Chengdu International Studies University<\/strong><\/a><\/li>\n<li><a href=\"https:\/\/en.sisu.edu.cn\"><strong>Sichuan International Studies University <\/strong><\/a><\/li>\n<li><a href=\"https:\/\/www.dlufl.edu.cn\/en\/\"><strong>Dalian University of Foreign Languages<\/strong><\/a><\/li>\n<li><a href=\"https:\/\/english.gdufs.edu.cn\"><strong>Guangdong University of Foreign Studies<\/strong><\/a><\/li>\n<li><a href=\"http:\/\/hrbnu.admissions.cn\"><strong>Harbin Normal University<\/strong><\/a><\/li>\n<li><a href=\"http:\/\/english.hisu.edu.cn\"><strong>Hebei Foreign Studies University<\/strong><\/a><\/li>\n<li><a href=\"https:\/\/en.jisu.edu.cn\"><strong>Jilin International Studies University<\/strong><\/a><\/li>\n<li><a href=\"https:\/\/english.neu.edu.cn\"><strong>Northeastern University <\/strong><\/a><\/li>\n<li><a href=\"https:\/\/en.scu.edu.cn\"><strong>Sichuan University<\/strong><\/a><\/li>\n<li><a href=\"https:\/\/en.sisu.edu.cn\"><strong>Sichuan International Studies University<\/strong><\/a><\/li>\n<li><a href=\"http:\/\/tjfsu.admissions.cn\"><strong>Tianjin Foreign Studies University<\/strong><\/a><\/li>\n<li><a href=\"http:\/\/cie.zisu.edu.cn\"><strong>Zhejiang International Studies University<\/strong><\/a><\/li>\n<li><a href=\"https:\/\/english.nbut.edu.cn\"><strong>Zhejiang University Ningbo Institute of Technology <\/strong><\/a><\/li>\n<li><a href=\"https:\/\/en.zyufl.edu.cn\"><strong>Zhejiang Yuexiu University of Foreign Languages<\/strong><\/a><\/li>\n<\/ol>\n<p><strong>\u00a0<\/strong>Zapraszamy do zg\u0142\u0119biania pi\u0119kna j\u0119zyka polskiego oraz do udzia\u0142u w organizowanych i wspieranych przez Instytut Polski warsztatach, konkursach i inicjatywach dodaj\u0105cych skrzyde\u0142 m\u0142odemu pokoleniu polonist\u00f3w i mi\u0142o\u015bnik\u00f3w polsko\u015bci.<\/p>\n","protected":false},"excerpt":{"rendered":"<p>Studia polonistyczne w Chinach to historia ponad sze\u015bciu dekad dialogu mi\u0119dzykulturowego. Od pierwszych chi\u0144skich student\u00f3w wys\u0142anych do Polski w latach 50., po dynamicznie rozwijaj\u0105c\u0105 si\u0119 sie\u0107 o\u015brodk\u00f3w akademickich. Dzi\u015b j\u0119zyk polski studiuje w Chinach coraz wi\u0119cej m\u0142odych ludzi zainteresowanych nie tylko j\u0119zykiem polskim, ale tak\u017ce literatur\u0105, kultur\u0105, dyplomacj\u0105 i wsp\u00f3\u0142prac\u0105 mi\u0119dzynarodow\u0105. \u00a0Poni\u017cej przedstawiamy list\u0119 instytucji [&hellip;]<\/p>\n","protected":false},"author":26,"featured_media":3513,"parent":0,"menu_order":0,"comment_status":"closed","ping_status":"closed","template":"","meta":{"inline_featured_image":false,"_monsterinsights_skip_tracking":false,"_monsterinsights_sitenote_active":false,"_monsterinsights_sitenote_note":"","_monsterinsights_sitenote_category":0,"footnotes":""},"class_list":["post-2968","page","type-page","status-publish","has-post-thumbnail","hentry"],"yoast_head":"<!-- This site is optimized with the Yoast SEO plugin v24.6 - https:\/\/yoast.com\/wordpress\/plugins\/seo\/ -->\n<title>Nauka polskiego w Chinach - Instytut Polski w Pekinie<\/title>\n<meta name=\"robots\" content=\"index, follow, max-snippet:-1, max-image-preview:large, max-video-preview:-1\" \/>\n<link rel=\"canonical\" href=\"https:\/\/instytutpolski.pl\/beijing\/pl\/nauka-polskiego-w-chinach\/\" \/>\n<meta property=\"og:locale\" content=\"pl_PL\" \/>\n<meta property=\"og:type\" content=\"article\" \/>\n<meta property=\"og:title\" content=\"Nauka polskiego w Chinach - Instytut Polski w Pekinie\" \/>\n<meta property=\"og:description\" content=\"Studia polonistyczne w Chinach to historia ponad sze\u015bciu dekad dialogu mi\u0119dzykulturowego. Od pierwszych chi\u0144skich student\u00f3w wys\u0142anych do Polski w latach 50., po dynamicznie rozwijaj\u0105c\u0105 si\u0119 sie\u0107 o\u015brodk\u00f3w akademickich. Dzi\u015b j\u0119zyk polski studiuje w Chinach coraz wi\u0119cej m\u0142odych ludzi zainteresowanych nie tylko j\u0119zykiem polskim, ale tak\u017ce literatur\u0105, kultur\u0105, dyplomacj\u0105 i wsp\u00f3\u0142prac\u0105 mi\u0119dzynarodow\u0105. \u00a0Poni\u017cej przedstawiamy list\u0119 instytucji [&hellip;]\" \/>\n<meta property=\"og:url\" content=\"https:\/\/instytutpolski.pl\/beijing\/pl\/nauka-polskiego-w-chinach\/\" \/>\n<meta property=\"og:site_name\" content=\"Instytut Polski w Pekinie\" \/>\n<meta property=\"article:modified_time\" content=\"2026-03-10T03:59:51+00:00\" \/>\n<meta property=\"og:image\" content=\"https:\/\/instytutpolski.pl\/beijing\/wp-content\/uploads\/sites\/12\/2020\/06\/polish.jpg\" \/>\n\t<meta property=\"og:image:width\" content=\"1920\" \/>\n\t<meta property=\"og:image:height\" content=\"700\" \/>\n\t<meta property=\"og:image:type\" content=\"image\/jpeg\" \/>\n<meta name=\"twitter:card\" content=\"summary_large_image\" \/>\n<meta name=\"twitter:label1\" content=\"Szacowany czas czytania\" \/>\n\t<meta name=\"twitter:data1\" content=\"2 minuty\" \/>\n<script type=\"application\/ld+json\" class=\"yoast-schema-graph\">{\"@context\":\"https:\/\/schema.org\",\"@graph\":[{\"@type\":\"WebPage\",\"@id\":\"https:\/\/instytutpolski.pl\/beijing\/pl\/nauka-polskiego-w-chinach\/\",\"url\":\"https:\/\/instytutpolski.pl\/beijing\/pl\/nauka-polskiego-w-chinach\/\",\"name\":\"Nauka polskiego w Chinach - Instytut Polski w Pekinie\",\"isPartOf\":{\"@id\":\"https:\/\/instytutpolski.pl\/beijing\/#website\"},\"primaryImageOfPage\":{\"@id\":\"https:\/\/instytutpolski.pl\/beijing\/pl\/nauka-polskiego-w-chinach\/#primaryimage\"},\"image\":{\"@id\":\"https:\/\/instytutpolski.pl\/beijing\/pl\/nauka-polskiego-w-chinach\/#primaryimage\"},\"thumbnailUrl\":\"https:\/\/instytutpolski.pl\/beijing\/wp-content\/uploads\/sites\/12\/2020\/06\/polish.jpg\",\"datePublished\":\"2020-05-19T17:34:21+00:00\",\"dateModified\":\"2026-03-10T03:59:51+00:00\",\"breadcrumb\":{\"@id\":\"https:\/\/instytutpolski.pl\/beijing\/pl\/nauka-polskiego-w-chinach\/#breadcrumb\"},\"inLanguage\":\"pl-PL\",\"potentialAction\":[{\"@type\":\"ReadAction\",\"target\":[\"https:\/\/instytutpolski.pl\/beijing\/pl\/nauka-polskiego-w-chinach\/\"]}]},{\"@type\":\"ImageObject\",\"inLanguage\":\"pl-PL\",\"@id\":\"https:\/\/instytutpolski.pl\/beijing\/pl\/nauka-polskiego-w-chinach\/#primaryimage\",\"url\":\"https:\/\/instytutpolski.pl\/beijing\/wp-content\/uploads\/sites\/12\/2020\/06\/polish.jpg\",\"contentUrl\":\"https:\/\/instytutpolski.pl\/beijing\/wp-content\/uploads\/sites\/12\/2020\/06\/polish.jpg\",\"width\":1920,\"height\":700},{\"@type\":\"BreadcrumbList\",\"@id\":\"https:\/\/instytutpolski.pl\/beijing\/pl\/nauka-polskiego-w-chinach\/#breadcrumb\",\"itemListElement\":[{\"@type\":\"ListItem\",\"position\":1,\"name\":\"Home\",\"item\":\"https:\/\/instytutpolski.pl\/beijing\/\"},{\"@type\":\"ListItem\",\"position\":2,\"name\":\"Nauka polskiego w Chinach\"}]},{\"@type\":\"WebSite\",\"@id\":\"https:\/\/instytutpolski.pl\/beijing\/#website\",\"url\":\"https:\/\/instytutpolski.pl\/beijing\/\",\"name\":\"Instytut Polski w Pekinie\",\"description\":\"Instytuty Polskie\",\"potentialAction\":[{\"@type\":\"SearchAction\",\"target\":{\"@type\":\"EntryPoint\",\"urlTemplate\":\"https:\/\/instytutpolski.pl\/beijing\/?s={search_term_string}\"},\"query-input\":{\"@type\":\"PropertyValueSpecification\",\"valueRequired\":true,\"valueName\":\"search_term_string\"}}],\"inLanguage\":\"pl-PL\"}]}<\/script>\n<!-- \/ Yoast SEO plugin. -->","yoast_head_json":{"title":"Nauka polskiego w Chinach - Instytut Polski w Pekinie","robots":{"index":"index","follow":"follow","max-snippet":"max-snippet:-1","max-image-preview":"max-image-preview:large","max-video-preview":"max-video-preview:-1"},"canonical":"https:\/\/instytutpolski.pl\/beijing\/pl\/nauka-polskiego-w-chinach\/","og_locale":"pl_PL","og_type":"article","og_title":"Nauka polskiego w Chinach - Instytut Polski w Pekinie","og_description":"Studia polonistyczne w Chinach to historia ponad sze\u015bciu dekad dialogu mi\u0119dzykulturowego. Od pierwszych chi\u0144skich student\u00f3w wys\u0142anych do Polski w latach 50., po dynamicznie rozwijaj\u0105c\u0105 si\u0119 sie\u0107 o\u015brodk\u00f3w akademickich. Dzi\u015b j\u0119zyk polski studiuje w Chinach coraz wi\u0119cej m\u0142odych ludzi zainteresowanych nie tylko j\u0119zykiem polskim, ale tak\u017ce literatur\u0105, kultur\u0105, dyplomacj\u0105 i wsp\u00f3\u0142prac\u0105 mi\u0119dzynarodow\u0105. \u00a0Poni\u017cej przedstawiamy list\u0119 instytucji [&hellip;]","og_url":"https:\/\/instytutpolski.pl\/beijing\/pl\/nauka-polskiego-w-chinach\/","og_site_name":"Instytut Polski w Pekinie","article_modified_time":"2026-03-10T03:59:51+00:00","og_image":[{"width":1920,"height":700,"url":"https:\/\/instytutpolski.pl\/beijing\/wp-content\/uploads\/sites\/12\/2020\/06\/polish.jpg","type":"image\/jpeg"}],"twitter_card":"summary_large_image","twitter_misc":{"Szacowany czas czytania":"2 minuty"},"schema":{"@context":"https:\/\/schema.org","@graph":[{"@type":"WebPage","@id":"https:\/\/instytutpolski.pl\/beijing\/pl\/nauka-polskiego-w-chinach\/","url":"https:\/\/instytutpolski.pl\/beijing\/pl\/nauka-polskiego-w-chinach\/","name":"Nauka polskiego w Chinach - Instytut Polski w Pekinie","isPartOf":{"@id":"https:\/\/instytutpolski.pl\/beijing\/#website"},"primaryImageOfPage":{"@id":"https:\/\/instytutpolski.pl\/beijing\/pl\/nauka-polskiego-w-chinach\/#primaryimage"},"image":{"@id":"https:\/\/instytutpolski.pl\/beijing\/pl\/nauka-polskiego-w-chinach\/#primaryimage"},"thumbnailUrl":"https:\/\/instytutpolski.pl\/beijing\/wp-content\/uploads\/sites\/12\/2020\/06\/polish.jpg","datePublished":"2020-05-19T17:34:21+00:00","dateModified":"2026-03-10T03:59:51+00:00","breadcrumb":{"@id":"https:\/\/instytutpolski.pl\/beijing\/pl\/nauka-polskiego-w-chinach\/#breadcrumb"},"inLanguage":"pl-PL","potentialAction":[{"@type":"ReadAction","target":["https:\/\/instytutpolski.pl\/beijing\/pl\/nauka-polskiego-w-chinach\/"]}]},{"@type":"ImageObject","inLanguage":"pl-PL","@id":"https:\/\/instytutpolski.pl\/beijing\/pl\/nauka-polskiego-w-chinach\/#primaryimage","url":"https:\/\/instytutpolski.pl\/beijing\/wp-content\/uploads\/sites\/12\/2020\/06\/polish.jpg","contentUrl":"https:\/\/instytutpolski.pl\/beijing\/wp-content\/uploads\/sites\/12\/2020\/06\/polish.jpg","width":1920,"height":700},{"@type":"BreadcrumbList","@id":"https:\/\/instytutpolski.pl\/beijing\/pl\/nauka-polskiego-w-chinach\/#breadcrumb","itemListElement":[{"@type":"ListItem","position":1,"name":"Home","item":"https:\/\/instytutpolski.pl\/beijing\/"},{"@type":"ListItem","position":2,"name":"Nauka polskiego w Chinach"}]},{"@type":"WebSite","@id":"https:\/\/instytutpolski.pl\/beijing\/#website","url":"https:\/\/instytutpolski.pl\/beijing\/","name":"Instytut Polski w Pekinie","description":"Instytuty Polskie","potentialAction":[{"@type":"SearchAction","target":{"@type":"EntryPoint","urlTemplate":"https:\/\/instytutpolski.pl\/beijing\/?s={search_term_string}"},"query-input":{"@type":"PropertyValueSpecification","valueRequired":true,"valueName":"search_term_string"}}],"inLanguage":"pl-PL"}]}},"_links":{"self":[{"href":"https:\/\/instytutpolski.pl\/beijing\/wp-json\/wp\/v2\/pages\/2968","targetHints":{"allow":["GET"]}}],"collection":[{"href":"https:\/\/instytutpolski.pl\/beijing\/wp-json\/wp\/v2\/pages"}],"about":[{"href":"https:\/\/instytutpolski.pl\/beijing\/wp-json\/wp\/v2\/types\/page"}],"author":[{"embeddable":true,"href":"https:\/\/instytutpolski.pl\/beijing\/wp-json\/wp\/v2\/users\/26"}],"replies":[{"embeddable":true,"href":"https:\/\/instytutpolski.pl\/beijing\/wp-json\/wp\/v2\/comments?post=2968"}],"version-history":[{"count":8,"href":"https:\/\/instytutpolski.pl\/beijing\/wp-json\/wp\/v2\/pages\/2968\/revisions"}],"predecessor-version":[{"id":7682,"href":"https:\/\/instytutpolski.pl\/beijing\/wp-json\/wp\/v2\/pages\/2968\/revisions\/7682"}],"wp:featuredmedia":[{"embeddable":true,"href":"https:\/\/instytutpolski.pl\/beijing\/wp-json\/wp\/v2\/media\/3513"}],"wp:attachment":[{"href":"https:\/\/instytutpolski.pl\/beijing\/wp-json\/wp\/v2\/media?parent=2968"}],"curies":[{"name":"wp","href":"https:\/\/api.w.org\/{rel}","templated":true}]}}