{"id":2976,"date":"2020-05-15T19:18:12","date_gmt":"2020-05-15T17:18:12","guid":{"rendered":"https:\/\/instytutpolski.pl\/beijing\/?page_id=2976"},"modified":"2020-06-05T04:29:40","modified_gmt":"2020-06-05T02:29:40","slug":"studia-w-polsce","status":"publish","type":"page","link":"https:\/\/instytutpolski.pl\/beijing\/pl\/poznaj-polske\/studia-w-polsce\/","title":{"rendered":"Studiuj w Polsce"},"content":{"rendered":"\n<p style=\"text-align: justify\">W Polsce na ponad 400 uczelniach wy\u017cszych studiuje oko\u0142o milion sto tysi\u0119cy os\u00f3b. Z roku na rok zwi\u0119ksza si\u0119 r\u00f3wnie\u017c liczba obcokrajowc\u00f3w studiuj\u0105cych w Polsce (obecnie to ponad 85 tys. student\u00f3w). Przekonaj si\u0119, \u017ce warto podj\u0105\u0107 tutaj nauk\u0119!<\/p>\n<p style=\"text-align: justify\">Wi\u0119cej informacji o polskich uczelniach, zasadach uznawalno\u015bci wyksztalcenia oraz praktyczne rady dla zainteresowanych studiami w Polsce znajdziesz na stronie <a href=\"https:\/\/go-poland.pl\/pl\">GO POLAND<\/a> oraz w specjalnej broszurze (w j\u0119zyku angielskim), przygotowanej przez Ministerstwo Nauki i Szkolnictwa Wy\u017cszego.<\/p>\n<p style=\"text-align: justify\">W przypadku pyta\u0144 dotycz\u0105cych edukacji i studi\u00f3w w Polsce prosimy o kontakt telefoniczny lub e-mailowy z Referatem ds. Edukacyjnych i Nauki Ambasady RP w Pekinie, tel. (0086) 0-10 653212235 wew. 110, adres e-mail: <a href=\"mailto:maria.wejs-domzalska@msz.gov.pl\">maria.wejs-domzalska@msz.gov.pl<\/a><\/p>\n\n\n<a href=\"https:\/\/instytutpolski.pl\/beijing\/wp-content\/uploads\/sites\/12\/2020\/06\/NAWA-Studying-in-Poland-2019-07-v12-EUR-web.pdf\" class=\"pdfemb-viewer\" style=\"\" data-width=\"max\" data-height=\"max\" data-toolbar=\"bottom\" data-toolbar-fixed=\"off\">NAWA-Studying-in-Poland-2019-07-v12-EUR-web<\/a>\n<p class=\"wp-block-pdfemb-pdf-embedder-viewer\"><\/p>\n","protected":false},"excerpt":{"rendered":"<p>W Polsce na ponad 400 uczelniach wy\u017cszych studiuje oko\u0142o milion sto tysi\u0119cy os\u00f3b. Z roku na rok zwi\u0119ksza si\u0119 r\u00f3wnie\u017c liczba obcokrajowc\u00f3w studiuj\u0105cych w Polsce (obecnie to ponad 85 tys. student\u00f3w). Przekonaj si\u0119, \u017ce warto podj\u0105\u0107 tutaj nauk\u0119! Wi\u0119cej informacji o polskich uczelniach, zasadach uznawalno\u015bci wyksztalcenia oraz praktyczne rady dla zainteresowanych studiami w Polsce znajdziesz [&hellip;]<\/p>\n","protected":false},"author":26,"featured_media":3341,"parent":1389,"menu_order":0,"comment_status":"closed","ping_status":"closed","template":"","meta":{"inline_featured_image":false,"_monsterinsights_skip_tracking":false,"_monsterinsights_sitenote_active":false,"_monsterinsights_sitenote_note":"","_monsterinsights_sitenote_category":0,"footnotes":""},"class_list":["post-2976","page","type-page","status-publish","has-post-thumbnail","hentry"],"yoast_head":"<!-- This site is optimized with the Yoast SEO plugin v24.6 - https:\/\/yoast.com\/wordpress\/plugins\/seo\/ -->\n<title>Studiuj w Polsce - Instytut Polski w Pekinie<\/title>\n<meta name=\"robots\" content=\"index, follow, max-snippet:-1, max-image-preview:large, max-video-preview:-1\" \/>\n<link rel=\"canonical\" href=\"https:\/\/instytutpolski.pl\/beijing\/pl\/poznaj-polske\/studia-w-polsce\/\" \/>\n<meta property=\"og:locale\" content=\"pl_PL\" \/>\n<meta property=\"og:type\" content=\"article\" \/>\n<meta property=\"og:title\" content=\"Studiuj w Polsce - Instytut Polski w Pekinie\" \/>\n<meta property=\"og:description\" content=\"W Polsce na ponad 400 uczelniach wy\u017cszych studiuje oko\u0142o milion sto tysi\u0119cy os\u00f3b. Z roku na rok zwi\u0119ksza si\u0119 r\u00f3wnie\u017c liczba obcokrajowc\u00f3w studiuj\u0105cych w Polsce (obecnie to ponad 85 tys. student\u00f3w). Przekonaj si\u0119, \u017ce warto podj\u0105\u0107 tutaj nauk\u0119! Wi\u0119cej informacji o polskich uczelniach, zasadach uznawalno\u015bci wyksztalcenia oraz praktyczne rady dla zainteresowanych studiami w Polsce znajdziesz [&hellip;]\" \/>\n<meta property=\"og:url\" content=\"https:\/\/instytutpolski.pl\/beijing\/pl\/poznaj-polske\/studia-w-polsce\/\" \/>\n<meta property=\"og:site_name\" content=\"Instytut Polski w Pekinie\" \/>\n<meta property=\"article:modified_time\" content=\"2020-06-05T02:29:40+00:00\" \/>\n<meta property=\"og:image\" content=\"https:\/\/instytutpolski.pl\/beijing\/wp-content\/uploads\/sites\/12\/2020\/06\/studiuj-w-polsce.jpg\" \/>\n\t<meta property=\"og:image:width\" content=\"1920\" \/>\n\t<meta property=\"og:image:height\" content=\"700\" \/>\n\t<meta property=\"og:image:type\" content=\"image\/jpeg\" \/>\n<meta name=\"twitter:card\" content=\"summary_large_image\" \/>\n<meta name=\"twitter:label1\" content=\"Szacowany czas czytania\" \/>\n\t<meta name=\"twitter:data1\" content=\"1 minuta\" \/>\n<script type=\"application\/ld+json\" class=\"yoast-schema-graph\">{\"@context\":\"https:\/\/schema.org\",\"@graph\":[{\"@type\":\"WebPage\",\"@id\":\"https:\/\/instytutpolski.pl\/beijing\/pl\/poznaj-polske\/studia-w-polsce\/\",\"url\":\"https:\/\/instytutpolski.pl\/beijing\/pl\/poznaj-polske\/studia-w-polsce\/\",\"name\":\"Studiuj w Polsce - Instytut Polski w Pekinie\",\"isPartOf\":{\"@id\":\"https:\/\/instytutpolski.pl\/beijing\/#website\"},\"primaryImageOfPage\":{\"@id\":\"https:\/\/instytutpolski.pl\/beijing\/pl\/poznaj-polske\/studia-w-polsce\/#primaryimage\"},\"image\":{\"@id\":\"https:\/\/instytutpolski.pl\/beijing\/pl\/poznaj-polske\/studia-w-polsce\/#primaryimage\"},\"thumbnailUrl\":\"https:\/\/instytutpolski.pl\/beijing\/wp-content\/uploads\/sites\/12\/2020\/06\/studiuj-w-polsce.jpg\",\"datePublished\":\"2020-05-15T17:18:12+00:00\",\"dateModified\":\"2020-06-05T02:29:40+00:00\",\"breadcrumb\":{\"@id\":\"https:\/\/instytutpolski.pl\/beijing\/pl\/poznaj-polske\/studia-w-polsce\/#breadcrumb\"},\"inLanguage\":\"pl-PL\",\"potentialAction\":[{\"@type\":\"ReadAction\",\"target\":[\"https:\/\/instytutpolski.pl\/beijing\/pl\/poznaj-polske\/studia-w-polsce\/\"]}]},{\"@type\":\"ImageObject\",\"inLanguage\":\"pl-PL\",\"@id\":\"https:\/\/instytutpolski.pl\/beijing\/pl\/poznaj-polske\/studia-w-polsce\/#primaryimage\",\"url\":\"https:\/\/instytutpolski.pl\/beijing\/wp-content\/uploads\/sites\/12\/2020\/06\/studiuj-w-polsce.jpg\",\"contentUrl\":\"https:\/\/instytutpolski.pl\/beijing\/wp-content\/uploads\/sites\/12\/2020\/06\/studiuj-w-polsce.jpg\",\"width\":1920,\"height\":700},{\"@type\":\"BreadcrumbList\",\"@id\":\"https:\/\/instytutpolski.pl\/beijing\/pl\/poznaj-polske\/studia-w-polsce\/#breadcrumb\",\"itemListElement\":[{\"@type\":\"ListItem\",\"position\":1,\"name\":\"Home\",\"item\":\"https:\/\/instytutpolski.pl\/beijing\/\"},{\"@type\":\"ListItem\",\"position\":2,\"name\":\"Poznaj Polsk\u0119\",\"item\":\"https:\/\/instytutpolski.pl\/beijing\/pl\/poznaj-polske\/\"},{\"@type\":\"ListItem\",\"position\":3,\"name\":\"Studiuj w Polsce\"}]},{\"@type\":\"WebSite\",\"@id\":\"https:\/\/instytutpolski.pl\/beijing\/#website\",\"url\":\"https:\/\/instytutpolski.pl\/beijing\/\",\"name\":\"Instytut Polski w Pekinie\",\"description\":\"Instytuty Polskie\",\"potentialAction\":[{\"@type\":\"SearchAction\",\"target\":{\"@type\":\"EntryPoint\",\"urlTemplate\":\"https:\/\/instytutpolski.pl\/beijing\/?s={search_term_string}\"},\"query-input\":{\"@type\":\"PropertyValueSpecification\",\"valueRequired\":true,\"valueName\":\"search_term_string\"}}],\"inLanguage\":\"pl-PL\"}]}<\/script>\n<!-- \/ Yoast SEO plugin. -->","yoast_head_json":{"title":"Studiuj w Polsce - Instytut Polski w Pekinie","robots":{"index":"index","follow":"follow","max-snippet":"max-snippet:-1","max-image-preview":"max-image-preview:large","max-video-preview":"max-video-preview:-1"},"canonical":"https:\/\/instytutpolski.pl\/beijing\/pl\/poznaj-polske\/studia-w-polsce\/","og_locale":"pl_PL","og_type":"article","og_title":"Studiuj w Polsce - Instytut Polski w Pekinie","og_description":"W Polsce na ponad 400 uczelniach wy\u017cszych studiuje oko\u0142o milion sto tysi\u0119cy os\u00f3b. Z roku na rok zwi\u0119ksza si\u0119 r\u00f3wnie\u017c liczba obcokrajowc\u00f3w studiuj\u0105cych w Polsce (obecnie to ponad 85 tys. student\u00f3w). Przekonaj si\u0119, \u017ce warto podj\u0105\u0107 tutaj nauk\u0119! Wi\u0119cej informacji o polskich uczelniach, zasadach uznawalno\u015bci wyksztalcenia oraz praktyczne rady dla zainteresowanych studiami w Polsce znajdziesz [&hellip;]","og_url":"https:\/\/instytutpolski.pl\/beijing\/pl\/poznaj-polske\/studia-w-polsce\/","og_site_name":"Instytut Polski w Pekinie","article_modified_time":"2020-06-05T02:29:40+00:00","og_image":[{"width":1920,"height":700,"url":"https:\/\/instytutpolski.pl\/beijing\/wp-content\/uploads\/sites\/12\/2020\/06\/studiuj-w-polsce.jpg","type":"image\/jpeg"}],"twitter_card":"summary_large_image","twitter_misc":{"Szacowany czas czytania":"1 minuta"},"schema":{"@context":"https:\/\/schema.org","@graph":[{"@type":"WebPage","@id":"https:\/\/instytutpolski.pl\/beijing\/pl\/poznaj-polske\/studia-w-polsce\/","url":"https:\/\/instytutpolski.pl\/beijing\/pl\/poznaj-polske\/studia-w-polsce\/","name":"Studiuj w Polsce - Instytut Polski w Pekinie","isPartOf":{"@id":"https:\/\/instytutpolski.pl\/beijing\/#website"},"primaryImageOfPage":{"@id":"https:\/\/instytutpolski.pl\/beijing\/pl\/poznaj-polske\/studia-w-polsce\/#primaryimage"},"image":{"@id":"https:\/\/instytutpolski.pl\/beijing\/pl\/poznaj-polske\/studia-w-polsce\/#primaryimage"},"thumbnailUrl":"https:\/\/instytutpolski.pl\/beijing\/wp-content\/uploads\/sites\/12\/2020\/06\/studiuj-w-polsce.jpg","datePublished":"2020-05-15T17:18:12+00:00","dateModified":"2020-06-05T02:29:40+00:00","breadcrumb":{"@id":"https:\/\/instytutpolski.pl\/beijing\/pl\/poznaj-polske\/studia-w-polsce\/#breadcrumb"},"inLanguage":"pl-PL","potentialAction":[{"@type":"ReadAction","target":["https:\/\/instytutpolski.pl\/beijing\/pl\/poznaj-polske\/studia-w-polsce\/"]}]},{"@type":"ImageObject","inLanguage":"pl-PL","@id":"https:\/\/instytutpolski.pl\/beijing\/pl\/poznaj-polske\/studia-w-polsce\/#primaryimage","url":"https:\/\/instytutpolski.pl\/beijing\/wp-content\/uploads\/sites\/12\/2020\/06\/studiuj-w-polsce.jpg","contentUrl":"https:\/\/instytutpolski.pl\/beijing\/wp-content\/uploads\/sites\/12\/2020\/06\/studiuj-w-polsce.jpg","width":1920,"height":700},{"@type":"BreadcrumbList","@id":"https:\/\/instytutpolski.pl\/beijing\/pl\/poznaj-polske\/studia-w-polsce\/#breadcrumb","itemListElement":[{"@type":"ListItem","position":1,"name":"Home","item":"https:\/\/instytutpolski.pl\/beijing\/"},{"@type":"ListItem","position":2,"name":"Poznaj Polsk\u0119","item":"https:\/\/instytutpolski.pl\/beijing\/pl\/poznaj-polske\/"},{"@type":"ListItem","position":3,"name":"Studiuj w Polsce"}]},{"@type":"WebSite","@id":"https:\/\/instytutpolski.pl\/beijing\/#website","url":"https:\/\/instytutpolski.pl\/beijing\/","name":"Instytut Polski w Pekinie","description":"Instytuty Polskie","potentialAction":[{"@type":"SearchAction","target":{"@type":"EntryPoint","urlTemplate":"https:\/\/instytutpolski.pl\/beijing\/?s={search_term_string}"},"query-input":{"@type":"PropertyValueSpecification","valueRequired":true,"valueName":"search_term_string"}}],"inLanguage":"pl-PL"}]}},"_links":{"self":[{"href":"https:\/\/instytutpolski.pl\/beijing\/wp-json\/wp\/v2\/pages\/2976","targetHints":{"allow":["GET"]}}],"collection":[{"href":"https:\/\/instytutpolski.pl\/beijing\/wp-json\/wp\/v2\/pages"}],"about":[{"href":"https:\/\/instytutpolski.pl\/beijing\/wp-json\/wp\/v2\/types\/page"}],"author":[{"embeddable":true,"href":"https:\/\/instytutpolski.pl\/beijing\/wp-json\/wp\/v2\/users\/26"}],"replies":[{"embeddable":true,"href":"https:\/\/instytutpolski.pl\/beijing\/wp-json\/wp\/v2\/comments?post=2976"}],"version-history":[{"count":3,"href":"https:\/\/instytutpolski.pl\/beijing\/wp-json\/wp\/v2\/pages\/2976\/revisions"}],"predecessor-version":[{"id":3335,"href":"https:\/\/instytutpolski.pl\/beijing\/wp-json\/wp\/v2\/pages\/2976\/revisions\/3335"}],"up":[{"embeddable":true,"href":"https:\/\/instytutpolski.pl\/beijing\/wp-json\/wp\/v2\/pages\/1389"}],"wp:featuredmedia":[{"embeddable":true,"href":"https:\/\/instytutpolski.pl\/beijing\/wp-json\/wp\/v2\/media\/3341"}],"wp:attachment":[{"href":"https:\/\/instytutpolski.pl\/beijing\/wp-json\/wp\/v2\/media?parent=2976"}],"curies":[{"name":"wp","href":"https:\/\/api.w.org\/{rel}","templated":true}]}}