{"id":3011,"date":"2020-05-19T19:32:54","date_gmt":"2020-05-19T17:32:54","guid":{"rendered":"https:\/\/instytutpolski.pl\/beijing\/?page_id=3011"},"modified":"2020-06-15T06:22:30","modified_gmt":"2020-06-15T04:22:30","slug":"%e6%b3%a2%e5%85%b0%e8%af%ad","status":"publish","type":"page","link":"https:\/\/instytutpolski.pl\/beijing\/%e6%b3%a2%e5%85%b0%e8%af%ad\/","title":{"rendered":"\u6ce2\u5170\u8bed"},"content":{"rendered":"\n<p>\u00a0<\/p>\n<p style=\"text-align: justify\">\u00a0 \u00a0 \u00a0 \u00a0\u4ece\u4f7f\u7528\u8005\u6570\u91cf\u6765\u770b\uff0c\u6ce2\u5170\u8bed\u5217\u5c45\u65af\u62c9\u592b\u8bed\u65cf\u4e2d\u7684\u7b2c\u4e8c\u4f4d\u3002\u4f7f\u7528\u4eba\u53e3\u7ea65000\u4e07\uff0c\u53e6\u5916\u67091000\u4e07\u4eba\u53ef\u4ee5\u542c\u61c2\u6ce2\u5170\u8bed\u3002\u540c\u65f6\uff0c\u6ce2\u5170\u8bed\u4e5f\u662f\u6b27\u76df\u5185\u65af\u62c9\u592b\u8bed\u65cf\u4e2d\u4f7f\u7528\u8005\u6700\u591a\u7684\u8bed\u8a00\uff0c\u4f4d\u5c45\u7b2c\u4e94\u5927\u4ea4\u6d41\u6bcd\u8bed\uff08\u5360\u6bd4\u4e0e\u6b27\u6d32\u897f\u73ed\u7259\u8bed\u76f8\u5f53\uff0c\u4f4d\u5217\u5fb7\u56fd\u3001\u82f1\u8bed\u3001\u6cd5\u8bed\u548c\u610f\u5927\u5229\u8bed\u4e4b\u540e\uff09\u3002<\/p>\n<p style=\"text-align: justify\">\u00a0<\/p>\n<p style=\"text-align: justify\">\u00a0 \u00a0 \u00a0 \u00a0\u6ce2\u5170\u8bed\u5c5e\u5370\u6b27\u8bed\u7cfb\uff0c\u897f\u65af\u62c9\u592b\u8bed\u652f\u4e2d\u7684\u4e00\u4e2a\u5206\u652f\uff08\u5176\u4ed6\u5206\u652f\u4e3a\u6377\u514b\u8bed\u3001\u65af\u6d1b\u4f10\u514b\u8bed\u3001\u5361\u8212\u6bd4\u8bed\u3001\u4e0b\u7d22\u5e03\u8bed\u3001\u4e0a\u7d22\u5e03\u8bed\u4ee5\u53ca\u73b0\u5df2\u5931\u4f20\u7684\u6ce2\u62c9\u5bbe\u8bed\uff09\u3002<\/p>\n<p style=\"text-align: justify\">\u00a0<\/p>\n<p style=\"text-align: justify\">\u00a0 \u00a0 \u00a0 \u00a0\u636e\u4f30\u7b97\uff0c\u6bcf\u4e2a\u6ce2\u5170\u4eba\u5e73\u5747\u638c\u63e1\u7ea63\u4e07\u6ce2\u5170\u8bed\u8bcd\u6c47\u91cf\uff0c\u53e6\u5916\u4e0d\u5e38\u7528\u8bcd\u6c47\u91cf\u7ea6\u8fbe10\u4e07\u4e2a\u3002\u636e\u4e00\u4e9b\u5927\u5b66\u7684\u6ce2\u5170\u8bed\u8a00\u4e13\u5bb6\u79f0\uff0c\u53ea\u8981\u8ba4\u8bc6\u6700\u5e38\u7528\u76841200\u4e2a\u8bcd\u8bed\u5c31\u80fd\u7528\u6ce2\u5170\u8bed\u4ea4\u6d41\u3002<\/p>\n<p style=\"text-align: justify\">\u00a0<\/p>\n<p style=\"text-align: justify\">\u00a0 \u00a0 \u00a0 \u00a0\u6ce2\u5170\u8bed\u5b57\u6bcd\u4ee5\u62c9\u4e01\u5b57\u6bcd\u4e3a\u57fa\u7840\uff0c\u5171\u670932\u4e2a\u5b57\u6bcd\u3002\u5176\u4e2d9\u4e2a\u5b57\u6bcd\u6709\u9644\u52a0\u53d8\u97f3\u7b26\u53f7\uff08\u0105, \u0107, \u0119, \u0142, \u0144, \u00f3, \u015b, \u017a, \u017c\uff09\u3002\u67097\u4e2a\u4e3a\u4e8c\u5408\u5b57\u6bcd\uff08sz, rz, cz, ch, dz, d\u017c, d\u017a\uff09\uff0c\u8fd8\u67091\u4e2a\u4e3a\u4e09\u5408\u5b57\u6bcd\uff08dzi\uff09\u3002<\/p>\n<p style=\"text-align: justify\">\u00a0<\/p>\n<p style=\"text-align: justify\">\u00a0 \u00a0 \u00a0 \u00a0\u6ce2\u5170\u8bed\u4e2d\u7684\u540d\u8bcd\u3001\u5f62\u5bb9\u8bcd\u3001\u5f62\u52a8\u8bcd\u3001\u4eba\u79f0\u4ee3\u8bcd\u3001\u7269\u4e3b\u4ee3\u8bcd\u3001\u6570\u8bcd\u6027\u8d28\u7684\u4ee3\u8bcd\u548c\u6570\u8bcd\u90fd\u67097\u79cd\u683c\u53d8\u5316\u3002\u52a8\u8bcd\u5219\u6839\u636e\u4eba\u79f0\u3001\u65f6\u6001\u3001\u5f0f\u3001\u4f53\u548c\u6570\u91cf\u53ca\u5176\u4ed6\u65b9\u9762\u8fdb\u884c\u53d8\u4f4d\u3002<\/p>\n<p style=\"text-align: justify\">\u00a0<\/p>\n<p style=\"text-align: justify\">\u00a0 \u00a0 \u00a0 \u00a0\u6ce2\u5170\u8bed\u4e2d\u6700\u53e4\u8001\u7684\u53e5\u5b50\u4e3a\uff1a\u300c Day\uff0cut ia pobrusa\uff0cti poziwai\u300d\uff08\u7ed9\u6211\uff0c\u8ba9\u6211\u78be\u78e8\uff0c\u4f60\u4f11\u606f\u4e00\u4e0b\uff09\uff0c\u8fd9\u53e5\u8bdd\u662f1270\u5e74\u5728\u5f17\u7f57\u8328\u74e6\u592b\u7528\u62c9\u4e01\u5b57\u6bcd\u6240\u5199\uff08\u51fa\u81ea\u5165\u9009\u8054\u5408\u56fd\u6559\u79d1\u6587\u7ec4\u7ec7\u300c\u4e16\u754c\u8bb0\u5fc6\u540d\u5f55\u300d\u7684\u300a\u4ea8\u5229\u5e93\u592b\u4e4b\u4e66\u300b\u4e2d\uff09\u30021285\u5e74\uff0c\u5728\u6ce2\u5170\u6587\u5947\u5bdf\u9547\u7684\u5168\u56fd\u5927\u4f1a\u4e0a\u51b3\u5b9a\u5728\u4fee\u9053\u9662\u548c\u5927\u6559\u5802\u4e2d\u7684\u5b66\u6821\u4e2d\u540c\u65f6\u4f7f\u7528\u62c9\u4e01\u8bed\u548c\u6ce2\u5170\u8bed\u3002<\/p>\n<p style=\"text-align: justify\">\u00a0<\/p>\n<p style=\"text-align: justify\">\u00a0 \u00a0 \u00a0 \u00a0\u6ce2\u5170\u8bed\u5728\u4e0e\u5916\u6765\u8bed\u8a00\u7684\u63a5\u89e6\u4e2d\u53d7\u5230\u4e86\u6df1\u8fdc\u7684\u5f71\u54cd\uff0c\u8fd9\u4e9b\u8bed\u8a00\u5305\u62ec\u62c9\u4e01\u8bed\u3001\u5e0c\u814a\u8bed\u3001\u5fb7\u8bed\u3001\u6377\u514b\u8bed\u3001\u7f57\u585e\u5c3c\u4e9a\u8bed\u3001\u571f\u8033\u5176\u8bed\u3001\u6cd5\u8bed\u3001\u610f\u5927\u5229\u8bed\u3001\u4fc4\u8bed\u3001\u5308\u7259\u5229\u8bed\u548c\u610f\u7b2c\u7eea\u8bed\u3002\u8fd1\u5e74\u6765\uff0c\u5bf9\u6ce2\u5170\u8bed\u5f71\u54cd\u6700\u5927\u7684\u662f\u5f53\u4eca\u65f6\u4ee3\u7684\u901a\u7528\u8bed\u8a00\u2014\u2014\u82f1\u8bed\u3002<\/p>\n<p style=\"text-align: justify\">\u00a0<\/p>\n<p style=\"text-align: justify\">\u00a0 \u00a0 \u00a0 \u00a0\u6ce2\u5170\u8bed\u7684\u4e3b\u8981\u65b9\u8a00\u6709\u5927\u6ce2\u5170\u53e3\u97f3\u3001\u5c0f\u6ce2\u5170\u53e3\u97f3\u3001\u897f\u91cc\u897f\u4e9a\u53e3\u97f3\u3001\u9a6c\u4f50\u592b\u820d\u53e3\u97f3\u3001\u8d6b\u4e4c\u59c6\u8bfa\u2014\u79d1\u5207\u7ef4\u8036\u2014\u74e6\u5c14\u7c73\u4e9a\u53e3\u97f3\u4ee5\u53ca\u4e1c\u90e8\u8fb9\u5883\u53e3\u97f3\u3002<\/p>\n<p>\u00a0<\/p>\n<p><img decoding=\"async\" src=\"https:\/\/instytutpolski.pl\/beijing\/wp-content\/uploads\/sites\/12\/2020\/06\/6-736x1024.jpg\" alt=\"\u6b64\u56fe\u50cf\u7684alt\u5c5e\u6027\u4e3a\u7a7a\uff1b\u6587\u4ef6\u540d\u4e3a6-736x1024.jpg\" \/><\/p>\n<p>\u00a0<\/p>\n<p><img decoding=\"async\" src=\"https:\/\/instytutpolski.pl\/beijing\/wp-content\/uploads\/sites\/12\/2020\/06\/7-736x1024.jpg\" alt=\"\u6b64\u56fe\u50cf\u7684alt\u5c5e\u6027\u4e3a\u7a7a\uff1b\u6587\u4ef6\u540d\u4e3a7-736x1024.jpg\" \/><\/p>\n<p>\u00a0<\/p>\n<p style=\"text-align: center\">\u3010\u9644\u5f55\u3011<\/p>\n<p>\u00a0<\/p>\n<p>\u6ce2\u5170\u8bed\u591a\u5a92\u4f53\u6307\u5357 <a href=\"http:\/\/multimediaguides.culture.pl\/multimediaguides\/alphabet\/the-polish-alphabet\/0\">Multimedia Guide to Polish Language<\/a> \uff08\u82f1\u8bed\uff09<\/p>\n<p>\u70b9\u51fb <a href=\"https:\/\/poland.pl\/social-issues\/social\/polish-language-simple-language\/\">Poland.pl<\/a> \u4e86\u89e3\u66f4\u591a\u6709\u5173\u6ce2\u5170\u8bed\u7684\u77e5\u8bc6 \uff08\u82f1\u8bed\uff09<\/p>\n<p>\u70b9\u51fb <a href=\"https:\/\/polski.msz.gov.pl\/\">interaktywnej mapie Polski poza Polsk\u0105<\/a> \u4e86\u89e3\u4e16\u754c\u8303\u56f4\u5185\u7684\u6ce2\u5170\u8bed\u5b66\u4e60\u5730\u70b9\u53ca\u6ce2\u5170\u8bed\u85cf\u4e66\u7684\u4fe1\u606f \uff08\u6ce2\u5170\u8bed\uff09<\/p>\n<p>\u70b9\u51fb\u6ce2\u5170\u56fd\u5bb6\u5b66\u672f\u4ea4\u6d41\u5c40\u5b98\u65b9\u7f51\u7ad9\u4e86\u89e3\u66f4\u591a\u6ce2\u5170\u8bed\u4fe1\u606f\u00a0 <a href=\"https:\/\/nawa.gov.pl\/jezyk-polski\">Upowszechnianie j\u0119zyka polskiego za granic\u0105<\/a> \uff08\u6ce2\u5170\u8bed\uff09<\/p>\n<p>\u00a0<\/p>\n","protected":false},"excerpt":{"rendered":"<p>\u00a0 \u00a0 \u00a0 \u00a0 \u00a0\u4ece\u4f7f\u7528\u8005\u6570\u91cf\u6765\u770b\uff0c\u6ce2\u5170\u8bed\u5217\u5c45\u65af\u62c9\u592b\u8bed\u65cf\u4e2d\u7684\u7b2c\u4e8c\u4f4d\u3002\u4f7f\u7528\u4eba\u53e3\u7ea65000\u4e07\uff0c\u53e6\u5916\u67091000\u4e07\u4eba\u53ef\u4ee5\u542c\u61c2\u6ce2\u5170\u8bed\u3002\u540c\u65f6\uff0c\u6ce2\u5170\u8bed\u4e5f\u662f\u6b27\u76df\u5185\u65af\u62c9\u592b\u8bed\u65cf\u4e2d\u4f7f\u7528\u8005\u6700\u591a\u7684\u8bed\u8a00\uff0c\u4f4d\u5c45\u7b2c\u4e94\u5927\u4ea4\u6d41\u6bcd\u8bed\uff08\u5360\u6bd4\u4e0e\u6b27\u6d32\u897f\u73ed\u7259\u8bed\u76f8\u5f53\uff0c\u4f4d\u5217\u5fb7\u56fd\u3001\u82f1\u8bed\u3001\u6cd5\u8bed\u548c\u610f\u5927\u5229\u8bed\u4e4b\u540e\uff09\u3002 \u00a0 \u00a0 \u00a0 \u00a0 \u00a0\u6ce2\u5170\u8bed\u5c5e\u5370\u6b27\u8bed\u7cfb\uff0c\u897f\u65af\u62c9\u592b\u8bed\u652f\u4e2d\u7684\u4e00\u4e2a\u5206\u652f\uff08\u5176\u4ed6\u5206\u652f\u4e3a\u6377\u514b\u8bed\u3001\u65af\u6d1b\u4f10\u514b\u8bed\u3001\u5361\u8212\u6bd4\u8bed\u3001\u4e0b\u7d22\u5e03\u8bed\u3001\u4e0a\u7d22\u5e03\u8bed\u4ee5\u53ca\u73b0\u5df2\u5931\u4f20\u7684\u6ce2\u62c9\u5bbe\u8bed\uff09\u3002 \u00a0 \u00a0 \u00a0 \u00a0 \u00a0\u636e\u4f30\u7b97\uff0c\u6bcf\u4e2a\u6ce2\u5170\u4eba\u5e73\u5747\u638c\u63e1\u7ea63\u4e07\u6ce2\u5170\u8bed\u8bcd\u6c47\u91cf\uff0c\u53e6\u5916\u4e0d\u5e38\u7528\u8bcd\u6c47\u91cf\u7ea6\u8fbe10\u4e07\u4e2a\u3002\u636e\u4e00\u4e9b\u5927\u5b66\u7684\u6ce2\u5170\u8bed\u8a00\u4e13\u5bb6\u79f0\uff0c\u53ea\u8981\u8ba4\u8bc6\u6700\u5e38\u7528\u76841200\u4e2a\u8bcd\u8bed\u5c31\u80fd\u7528\u6ce2\u5170\u8bed\u4ea4\u6d41\u3002 \u00a0 \u00a0 \u00a0 \u00a0 \u00a0\u6ce2\u5170\u8bed\u5b57\u6bcd\u4ee5\u62c9\u4e01\u5b57\u6bcd\u4e3a\u57fa\u7840\uff0c\u5171\u670932\u4e2a\u5b57\u6bcd\u3002\u5176\u4e2d9\u4e2a\u5b57\u6bcd\u6709\u9644\u52a0\u53d8\u97f3\u7b26\u53f7\uff08\u0105, \u0107, \u0119, \u0142, \u0144, \u00f3, \u015b, \u017a, \u017c\uff09\u3002\u67097\u4e2a\u4e3a\u4e8c\u5408\u5b57\u6bcd\uff08sz, rz, cz, ch, dz, d\u017c, d\u017a\uff09\uff0c\u8fd8\u67091\u4e2a\u4e3a\u4e09\u5408\u5b57\u6bcd\uff08dzi\uff09\u3002 \u00a0 \u00a0 \u00a0 \u00a0 \u00a0\u6ce2\u5170\u8bed\u4e2d\u7684\u540d\u8bcd\u3001\u5f62\u5bb9\u8bcd\u3001\u5f62\u52a8\u8bcd\u3001\u4eba\u79f0\u4ee3\u8bcd\u3001\u7269\u4e3b\u4ee3\u8bcd\u3001\u6570\u8bcd\u6027\u8d28\u7684\u4ee3\u8bcd\u548c\u6570\u8bcd\u90fd\u67097\u79cd\u683c\u53d8\u5316\u3002\u52a8\u8bcd\u5219\u6839\u636e\u4eba\u79f0\u3001\u65f6\u6001\u3001\u5f0f\u3001\u4f53\u548c\u6570\u91cf\u53ca\u5176\u4ed6\u65b9\u9762\u8fdb\u884c\u53d8\u4f4d\u3002 \u00a0 \u00a0 \u00a0 \u00a0 \u00a0\u6ce2\u5170\u8bed\u4e2d\u6700\u53e4\u8001\u7684\u53e5\u5b50\u4e3a\uff1a\u300c Day\uff0cut ia pobrusa\uff0cti poziwai\u300d\uff08\u7ed9\u6211\uff0c\u8ba9\u6211\u78be\u78e8\uff0c\u4f60\u4f11\u606f\u4e00\u4e0b\uff09\uff0c\u8fd9\u53e5\u8bdd\u662f1270\u5e74\u5728\u5f17\u7f57\u8328\u74e6\u592b\u7528\u62c9\u4e01\u5b57\u6bcd\u6240\u5199\uff08\u51fa\u81ea\u5165\u9009\u8054\u5408\u56fd\u6559\u79d1\u6587\u7ec4\u7ec7\u300c\u4e16\u754c\u8bb0\u5fc6\u540d\u5f55\u300d\u7684\u300a\u4ea8\u5229\u5e93\u592b\u4e4b\u4e66\u300b\u4e2d\uff09\u30021285\u5e74\uff0c\u5728\u6ce2\u5170\u6587\u5947\u5bdf\u9547\u7684\u5168\u56fd\u5927\u4f1a\u4e0a\u51b3\u5b9a\u5728\u4fee\u9053\u9662\u548c\u5927\u6559\u5802\u4e2d\u7684\u5b66\u6821\u4e2d\u540c\u65f6\u4f7f\u7528\u62c9\u4e01\u8bed\u548c\u6ce2\u5170\u8bed\u3002 \u00a0 \u00a0 \u00a0 \u00a0 \u00a0\u6ce2\u5170\u8bed\u5728\u4e0e\u5916\u6765\u8bed\u8a00\u7684\u63a5\u89e6\u4e2d\u53d7\u5230\u4e86\u6df1\u8fdc\u7684\u5f71\u54cd\uff0c\u8fd9\u4e9b\u8bed\u8a00\u5305\u62ec\u62c9\u4e01\u8bed\u3001\u5e0c\u814a\u8bed\u3001\u5fb7\u8bed\u3001\u6377\u514b\u8bed\u3001\u7f57\u585e\u5c3c\u4e9a\u8bed\u3001\u571f\u8033\u5176\u8bed\u3001\u6cd5\u8bed\u3001\u610f\u5927\u5229\u8bed\u3001\u4fc4\u8bed\u3001\u5308\u7259\u5229\u8bed\u548c\u610f\u7b2c\u7eea\u8bed\u3002\u8fd1\u5e74\u6765\uff0c\u5bf9\u6ce2\u5170\u8bed\u5f71\u54cd\u6700\u5927\u7684\u662f\u5f53\u4eca\u65f6\u4ee3\u7684\u901a\u7528\u8bed\u8a00\u2014\u2014\u82f1\u8bed\u3002 \u00a0 \u00a0 [&hellip;]<\/p>\n","protected":false},"author":1,"featured_media":1489,"parent":0,"menu_order":0,"comment_status":"closed","ping_status":"closed","template":"","meta":{"inline_featured_image":false,"_monsterinsights_skip_tracking":false,"_monsterinsights_sitenote_active":false,"_monsterinsights_sitenote_note":"","_monsterinsights_sitenote_category":0,"footnotes":""},"class_list":["post-3011","page","type-page","status-publish","has-post-thumbnail","hentry"],"yoast_head":"<!-- This site is optimized with the Yoast SEO plugin v24.6 - https:\/\/yoast.com\/wordpress\/plugins\/seo\/ -->\n<title>\u6ce2\u5170\u8bed - Instytut Polski w Pekinie<\/title>\n<meta name=\"robots\" content=\"index, follow, max-snippet:-1, max-image-preview:large, max-video-preview:-1\" \/>\n<link rel=\"canonical\" href=\"https:\/\/instytutpolski.pl\/beijing\/\u6ce2\u5170\u8bed\/\" \/>\n<meta property=\"og:locale\" content=\"pl_PL\" \/>\n<meta property=\"og:type\" content=\"article\" \/>\n<meta property=\"og:title\" content=\"\u6ce2\u5170\u8bed - Instytut Polski w Pekinie\" \/>\n<meta property=\"og:description\" content=\"\u00a0 \u00a0 \u00a0 \u00a0 \u00a0\u4ece\u4f7f\u7528\u8005\u6570\u91cf\u6765\u770b\uff0c\u6ce2\u5170\u8bed\u5217\u5c45\u65af\u62c9\u592b\u8bed\u65cf\u4e2d\u7684\u7b2c\u4e8c\u4f4d\u3002\u4f7f\u7528\u4eba\u53e3\u7ea65000\u4e07\uff0c\u53e6\u5916\u67091000\u4e07\u4eba\u53ef\u4ee5\u542c\u61c2\u6ce2\u5170\u8bed\u3002\u540c\u65f6\uff0c\u6ce2\u5170\u8bed\u4e5f\u662f\u6b27\u76df\u5185\u65af\u62c9\u592b\u8bed\u65cf\u4e2d\u4f7f\u7528\u8005\u6700\u591a\u7684\u8bed\u8a00\uff0c\u4f4d\u5c45\u7b2c\u4e94\u5927\u4ea4\u6d41\u6bcd\u8bed\uff08\u5360\u6bd4\u4e0e\u6b27\u6d32\u897f\u73ed\u7259\u8bed\u76f8\u5f53\uff0c\u4f4d\u5217\u5fb7\u56fd\u3001\u82f1\u8bed\u3001\u6cd5\u8bed\u548c\u610f\u5927\u5229\u8bed\u4e4b\u540e\uff09\u3002 \u00a0 \u00a0 \u00a0 \u00a0 \u00a0\u6ce2\u5170\u8bed\u5c5e\u5370\u6b27\u8bed\u7cfb\uff0c\u897f\u65af\u62c9\u592b\u8bed\u652f\u4e2d\u7684\u4e00\u4e2a\u5206\u652f\uff08\u5176\u4ed6\u5206\u652f\u4e3a\u6377\u514b\u8bed\u3001\u65af\u6d1b\u4f10\u514b\u8bed\u3001\u5361\u8212\u6bd4\u8bed\u3001\u4e0b\u7d22\u5e03\u8bed\u3001\u4e0a\u7d22\u5e03\u8bed\u4ee5\u53ca\u73b0\u5df2\u5931\u4f20\u7684\u6ce2\u62c9\u5bbe\u8bed\uff09\u3002 \u00a0 \u00a0 \u00a0 \u00a0 \u00a0\u636e\u4f30\u7b97\uff0c\u6bcf\u4e2a\u6ce2\u5170\u4eba\u5e73\u5747\u638c\u63e1\u7ea63\u4e07\u6ce2\u5170\u8bed\u8bcd\u6c47\u91cf\uff0c\u53e6\u5916\u4e0d\u5e38\u7528\u8bcd\u6c47\u91cf\u7ea6\u8fbe10\u4e07\u4e2a\u3002\u636e\u4e00\u4e9b\u5927\u5b66\u7684\u6ce2\u5170\u8bed\u8a00\u4e13\u5bb6\u79f0\uff0c\u53ea\u8981\u8ba4\u8bc6\u6700\u5e38\u7528\u76841200\u4e2a\u8bcd\u8bed\u5c31\u80fd\u7528\u6ce2\u5170\u8bed\u4ea4\u6d41\u3002 \u00a0 \u00a0 \u00a0 \u00a0 \u00a0\u6ce2\u5170\u8bed\u5b57\u6bcd\u4ee5\u62c9\u4e01\u5b57\u6bcd\u4e3a\u57fa\u7840\uff0c\u5171\u670932\u4e2a\u5b57\u6bcd\u3002\u5176\u4e2d9\u4e2a\u5b57\u6bcd\u6709\u9644\u52a0\u53d8\u97f3\u7b26\u53f7\uff08\u0105, \u0107, \u0119, \u0142, \u0144, \u00f3, \u015b, \u017a, \u017c\uff09\u3002\u67097\u4e2a\u4e3a\u4e8c\u5408\u5b57\u6bcd\uff08sz, rz, cz, ch, dz, d\u017c, d\u017a\uff09\uff0c\u8fd8\u67091\u4e2a\u4e3a\u4e09\u5408\u5b57\u6bcd\uff08dzi\uff09\u3002 \u00a0 \u00a0 \u00a0 \u00a0 \u00a0\u6ce2\u5170\u8bed\u4e2d\u7684\u540d\u8bcd\u3001\u5f62\u5bb9\u8bcd\u3001\u5f62\u52a8\u8bcd\u3001\u4eba\u79f0\u4ee3\u8bcd\u3001\u7269\u4e3b\u4ee3\u8bcd\u3001\u6570\u8bcd\u6027\u8d28\u7684\u4ee3\u8bcd\u548c\u6570\u8bcd\u90fd\u67097\u79cd\u683c\u53d8\u5316\u3002\u52a8\u8bcd\u5219\u6839\u636e\u4eba\u79f0\u3001\u65f6\u6001\u3001\u5f0f\u3001\u4f53\u548c\u6570\u91cf\u53ca\u5176\u4ed6\u65b9\u9762\u8fdb\u884c\u53d8\u4f4d\u3002 \u00a0 \u00a0 \u00a0 \u00a0 \u00a0\u6ce2\u5170\u8bed\u4e2d\u6700\u53e4\u8001\u7684\u53e5\u5b50\u4e3a\uff1a\u300c Day\uff0cut ia pobrusa\uff0cti poziwai\u300d\uff08\u7ed9\u6211\uff0c\u8ba9\u6211\u78be\u78e8\uff0c\u4f60\u4f11\u606f\u4e00\u4e0b\uff09\uff0c\u8fd9\u53e5\u8bdd\u662f1270\u5e74\u5728\u5f17\u7f57\u8328\u74e6\u592b\u7528\u62c9\u4e01\u5b57\u6bcd\u6240\u5199\uff08\u51fa\u81ea\u5165\u9009\u8054\u5408\u56fd\u6559\u79d1\u6587\u7ec4\u7ec7\u300c\u4e16\u754c\u8bb0\u5fc6\u540d\u5f55\u300d\u7684\u300a\u4ea8\u5229\u5e93\u592b\u4e4b\u4e66\u300b\u4e2d\uff09\u30021285\u5e74\uff0c\u5728\u6ce2\u5170\u6587\u5947\u5bdf\u9547\u7684\u5168\u56fd\u5927\u4f1a\u4e0a\u51b3\u5b9a\u5728\u4fee\u9053\u9662\u548c\u5927\u6559\u5802\u4e2d\u7684\u5b66\u6821\u4e2d\u540c\u65f6\u4f7f\u7528\u62c9\u4e01\u8bed\u548c\u6ce2\u5170\u8bed\u3002 \u00a0 \u00a0 \u00a0 \u00a0 \u00a0\u6ce2\u5170\u8bed\u5728\u4e0e\u5916\u6765\u8bed\u8a00\u7684\u63a5\u89e6\u4e2d\u53d7\u5230\u4e86\u6df1\u8fdc\u7684\u5f71\u54cd\uff0c\u8fd9\u4e9b\u8bed\u8a00\u5305\u62ec\u62c9\u4e01\u8bed\u3001\u5e0c\u814a\u8bed\u3001\u5fb7\u8bed\u3001\u6377\u514b\u8bed\u3001\u7f57\u585e\u5c3c\u4e9a\u8bed\u3001\u571f\u8033\u5176\u8bed\u3001\u6cd5\u8bed\u3001\u610f\u5927\u5229\u8bed\u3001\u4fc4\u8bed\u3001\u5308\u7259\u5229\u8bed\u548c\u610f\u7b2c\u7eea\u8bed\u3002\u8fd1\u5e74\u6765\uff0c\u5bf9\u6ce2\u5170\u8bed\u5f71\u54cd\u6700\u5927\u7684\u662f\u5f53\u4eca\u65f6\u4ee3\u7684\u901a\u7528\u8bed\u8a00\u2014\u2014\u82f1\u8bed\u3002 \u00a0 \u00a0 [&hellip;]\" \/>\n<meta property=\"og:url\" content=\"https:\/\/instytutpolski.pl\/beijing\/\u6ce2\u5170\u8bed\/\" \/>\n<meta property=\"og:site_name\" content=\"Instytut Polski w Pekinie\" \/>\n<meta property=\"article:modified_time\" content=\"2020-06-15T04:22:30+00:00\" \/>\n<meta property=\"og:image\" content=\"https:\/\/instytutpolski.pl\/beijing\/wp-content\/uploads\/sites\/12\/2019\/06\/jezyk-polski.jpg\" \/>\n\t<meta property=\"og:image:width\" content=\"1920\" \/>\n\t<meta property=\"og:image:height\" content=\"700\" \/>\n\t<meta property=\"og:image:type\" content=\"image\/jpeg\" \/>\n<meta name=\"twitter:card\" content=\"summary_large_image\" \/>\n<script type=\"application\/ld+json\" class=\"yoast-schema-graph\">{\"@context\":\"https:\/\/schema.org\",\"@graph\":[{\"@type\":\"WebPage\",\"@id\":\"https:\/\/instytutpolski.pl\/beijing\/%e6%b3%a2%e5%85%b0%e8%af%ad\/\",\"url\":\"https:\/\/instytutpolski.pl\/beijing\/%e6%b3%a2%e5%85%b0%e8%af%ad\/\",\"name\":\"\u6ce2\u5170\u8bed - Instytut Polski w Pekinie\",\"isPartOf\":{\"@id\":\"https:\/\/instytutpolski.pl\/beijing\/#website\"},\"primaryImageOfPage\":{\"@id\":\"https:\/\/instytutpolski.pl\/beijing\/%e6%b3%a2%e5%85%b0%e8%af%ad\/#primaryimage\"},\"image\":{\"@id\":\"https:\/\/instytutpolski.pl\/beijing\/%e6%b3%a2%e5%85%b0%e8%af%ad\/#primaryimage\"},\"thumbnailUrl\":\"https:\/\/instytutpolski.pl\/beijing\/wp-content\/uploads\/sites\/12\/2019\/06\/jezyk-polski.jpg\",\"datePublished\":\"2020-05-19T17:32:54+00:00\",\"dateModified\":\"2020-06-15T04:22:30+00:00\",\"breadcrumb\":{\"@id\":\"https:\/\/instytutpolski.pl\/beijing\/%e6%b3%a2%e5%85%b0%e8%af%ad\/#breadcrumb\"},\"inLanguage\":\"pl-PL\",\"potentialAction\":[{\"@type\":\"ReadAction\",\"target\":[\"https:\/\/instytutpolski.pl\/beijing\/%e6%b3%a2%e5%85%b0%e8%af%ad\/\"]}]},{\"@type\":\"ImageObject\",\"inLanguage\":\"pl-PL\",\"@id\":\"https:\/\/instytutpolski.pl\/beijing\/%e6%b3%a2%e5%85%b0%e8%af%ad\/#primaryimage\",\"url\":\"https:\/\/instytutpolski.pl\/beijing\/wp-content\/uploads\/sites\/12\/2019\/06\/jezyk-polski.jpg\",\"contentUrl\":\"https:\/\/instytutpolski.pl\/beijing\/wp-content\/uploads\/sites\/12\/2019\/06\/jezyk-polski.jpg\",\"width\":1920,\"height\":700},{\"@type\":\"BreadcrumbList\",\"@id\":\"https:\/\/instytutpolski.pl\/beijing\/%e6%b3%a2%e5%85%b0%e8%af%ad\/#breadcrumb\",\"itemListElement\":[{\"@type\":\"ListItem\",\"position\":1,\"name\":\"Home\",\"item\":\"https:\/\/instytutpolski.pl\/beijing\/\"},{\"@type\":\"ListItem\",\"position\":2,\"name\":\"\u6ce2\u5170\u8bed\"}]},{\"@type\":\"WebSite\",\"@id\":\"https:\/\/instytutpolski.pl\/beijing\/#website\",\"url\":\"https:\/\/instytutpolski.pl\/beijing\/\",\"name\":\"Instytut Polski w Pekinie\",\"description\":\"Instytuty Polskie\",\"potentialAction\":[{\"@type\":\"SearchAction\",\"target\":{\"@type\":\"EntryPoint\",\"urlTemplate\":\"https:\/\/instytutpolski.pl\/beijing\/?s={search_term_string}\"},\"query-input\":{\"@type\":\"PropertyValueSpecification\",\"valueRequired\":true,\"valueName\":\"search_term_string\"}}],\"inLanguage\":\"pl-PL\"}]}<\/script>\n<!-- \/ Yoast SEO plugin. -->","yoast_head_json":{"title":"\u6ce2\u5170\u8bed - Instytut Polski w Pekinie","robots":{"index":"index","follow":"follow","max-snippet":"max-snippet:-1","max-image-preview":"max-image-preview:large","max-video-preview":"max-video-preview:-1"},"canonical":"https:\/\/instytutpolski.pl\/beijing\/\u6ce2\u5170\u8bed\/","og_locale":"pl_PL","og_type":"article","og_title":"\u6ce2\u5170\u8bed - Instytut Polski w Pekinie","og_description":"\u00a0 \u00a0 \u00a0 \u00a0 \u00a0\u4ece\u4f7f\u7528\u8005\u6570\u91cf\u6765\u770b\uff0c\u6ce2\u5170\u8bed\u5217\u5c45\u65af\u62c9\u592b\u8bed\u65cf\u4e2d\u7684\u7b2c\u4e8c\u4f4d\u3002\u4f7f\u7528\u4eba\u53e3\u7ea65000\u4e07\uff0c\u53e6\u5916\u67091000\u4e07\u4eba\u53ef\u4ee5\u542c\u61c2\u6ce2\u5170\u8bed\u3002\u540c\u65f6\uff0c\u6ce2\u5170\u8bed\u4e5f\u662f\u6b27\u76df\u5185\u65af\u62c9\u592b\u8bed\u65cf\u4e2d\u4f7f\u7528\u8005\u6700\u591a\u7684\u8bed\u8a00\uff0c\u4f4d\u5c45\u7b2c\u4e94\u5927\u4ea4\u6d41\u6bcd\u8bed\uff08\u5360\u6bd4\u4e0e\u6b27\u6d32\u897f\u73ed\u7259\u8bed\u76f8\u5f53\uff0c\u4f4d\u5217\u5fb7\u56fd\u3001\u82f1\u8bed\u3001\u6cd5\u8bed\u548c\u610f\u5927\u5229\u8bed\u4e4b\u540e\uff09\u3002 \u00a0 \u00a0 \u00a0 \u00a0 \u00a0\u6ce2\u5170\u8bed\u5c5e\u5370\u6b27\u8bed\u7cfb\uff0c\u897f\u65af\u62c9\u592b\u8bed\u652f\u4e2d\u7684\u4e00\u4e2a\u5206\u652f\uff08\u5176\u4ed6\u5206\u652f\u4e3a\u6377\u514b\u8bed\u3001\u65af\u6d1b\u4f10\u514b\u8bed\u3001\u5361\u8212\u6bd4\u8bed\u3001\u4e0b\u7d22\u5e03\u8bed\u3001\u4e0a\u7d22\u5e03\u8bed\u4ee5\u53ca\u73b0\u5df2\u5931\u4f20\u7684\u6ce2\u62c9\u5bbe\u8bed\uff09\u3002 \u00a0 \u00a0 \u00a0 \u00a0 \u00a0\u636e\u4f30\u7b97\uff0c\u6bcf\u4e2a\u6ce2\u5170\u4eba\u5e73\u5747\u638c\u63e1\u7ea63\u4e07\u6ce2\u5170\u8bed\u8bcd\u6c47\u91cf\uff0c\u53e6\u5916\u4e0d\u5e38\u7528\u8bcd\u6c47\u91cf\u7ea6\u8fbe10\u4e07\u4e2a\u3002\u636e\u4e00\u4e9b\u5927\u5b66\u7684\u6ce2\u5170\u8bed\u8a00\u4e13\u5bb6\u79f0\uff0c\u53ea\u8981\u8ba4\u8bc6\u6700\u5e38\u7528\u76841200\u4e2a\u8bcd\u8bed\u5c31\u80fd\u7528\u6ce2\u5170\u8bed\u4ea4\u6d41\u3002 \u00a0 \u00a0 \u00a0 \u00a0 \u00a0\u6ce2\u5170\u8bed\u5b57\u6bcd\u4ee5\u62c9\u4e01\u5b57\u6bcd\u4e3a\u57fa\u7840\uff0c\u5171\u670932\u4e2a\u5b57\u6bcd\u3002\u5176\u4e2d9\u4e2a\u5b57\u6bcd\u6709\u9644\u52a0\u53d8\u97f3\u7b26\u53f7\uff08\u0105, \u0107, \u0119, \u0142, \u0144, \u00f3, \u015b, \u017a, \u017c\uff09\u3002\u67097\u4e2a\u4e3a\u4e8c\u5408\u5b57\u6bcd\uff08sz, rz, cz, ch, dz, d\u017c, d\u017a\uff09\uff0c\u8fd8\u67091\u4e2a\u4e3a\u4e09\u5408\u5b57\u6bcd\uff08dzi\uff09\u3002 \u00a0 \u00a0 \u00a0 \u00a0 \u00a0\u6ce2\u5170\u8bed\u4e2d\u7684\u540d\u8bcd\u3001\u5f62\u5bb9\u8bcd\u3001\u5f62\u52a8\u8bcd\u3001\u4eba\u79f0\u4ee3\u8bcd\u3001\u7269\u4e3b\u4ee3\u8bcd\u3001\u6570\u8bcd\u6027\u8d28\u7684\u4ee3\u8bcd\u548c\u6570\u8bcd\u90fd\u67097\u79cd\u683c\u53d8\u5316\u3002\u52a8\u8bcd\u5219\u6839\u636e\u4eba\u79f0\u3001\u65f6\u6001\u3001\u5f0f\u3001\u4f53\u548c\u6570\u91cf\u53ca\u5176\u4ed6\u65b9\u9762\u8fdb\u884c\u53d8\u4f4d\u3002 \u00a0 \u00a0 \u00a0 \u00a0 \u00a0\u6ce2\u5170\u8bed\u4e2d\u6700\u53e4\u8001\u7684\u53e5\u5b50\u4e3a\uff1a\u300c Day\uff0cut ia pobrusa\uff0cti poziwai\u300d\uff08\u7ed9\u6211\uff0c\u8ba9\u6211\u78be\u78e8\uff0c\u4f60\u4f11\u606f\u4e00\u4e0b\uff09\uff0c\u8fd9\u53e5\u8bdd\u662f1270\u5e74\u5728\u5f17\u7f57\u8328\u74e6\u592b\u7528\u62c9\u4e01\u5b57\u6bcd\u6240\u5199\uff08\u51fa\u81ea\u5165\u9009\u8054\u5408\u56fd\u6559\u79d1\u6587\u7ec4\u7ec7\u300c\u4e16\u754c\u8bb0\u5fc6\u540d\u5f55\u300d\u7684\u300a\u4ea8\u5229\u5e93\u592b\u4e4b\u4e66\u300b\u4e2d\uff09\u30021285\u5e74\uff0c\u5728\u6ce2\u5170\u6587\u5947\u5bdf\u9547\u7684\u5168\u56fd\u5927\u4f1a\u4e0a\u51b3\u5b9a\u5728\u4fee\u9053\u9662\u548c\u5927\u6559\u5802\u4e2d\u7684\u5b66\u6821\u4e2d\u540c\u65f6\u4f7f\u7528\u62c9\u4e01\u8bed\u548c\u6ce2\u5170\u8bed\u3002 \u00a0 \u00a0 \u00a0 \u00a0 \u00a0\u6ce2\u5170\u8bed\u5728\u4e0e\u5916\u6765\u8bed\u8a00\u7684\u63a5\u89e6\u4e2d\u53d7\u5230\u4e86\u6df1\u8fdc\u7684\u5f71\u54cd\uff0c\u8fd9\u4e9b\u8bed\u8a00\u5305\u62ec\u62c9\u4e01\u8bed\u3001\u5e0c\u814a\u8bed\u3001\u5fb7\u8bed\u3001\u6377\u514b\u8bed\u3001\u7f57\u585e\u5c3c\u4e9a\u8bed\u3001\u571f\u8033\u5176\u8bed\u3001\u6cd5\u8bed\u3001\u610f\u5927\u5229\u8bed\u3001\u4fc4\u8bed\u3001\u5308\u7259\u5229\u8bed\u548c\u610f\u7b2c\u7eea\u8bed\u3002\u8fd1\u5e74\u6765\uff0c\u5bf9\u6ce2\u5170\u8bed\u5f71\u54cd\u6700\u5927\u7684\u662f\u5f53\u4eca\u65f6\u4ee3\u7684\u901a\u7528\u8bed\u8a00\u2014\u2014\u82f1\u8bed\u3002 \u00a0 \u00a0 [&hellip;]","og_url":"https:\/\/instytutpolski.pl\/beijing\/\u6ce2\u5170\u8bed\/","og_site_name":"Instytut Polski w Pekinie","article_modified_time":"2020-06-15T04:22:30+00:00","og_image":[{"width":1920,"height":700,"url":"https:\/\/instytutpolski.pl\/beijing\/wp-content\/uploads\/sites\/12\/2019\/06\/jezyk-polski.jpg","type":"image\/jpeg"}],"twitter_card":"summary_large_image","schema":{"@context":"https:\/\/schema.org","@graph":[{"@type":"WebPage","@id":"https:\/\/instytutpolski.pl\/beijing\/%e6%b3%a2%e5%85%b0%e8%af%ad\/","url":"https:\/\/instytutpolski.pl\/beijing\/%e6%b3%a2%e5%85%b0%e8%af%ad\/","name":"\u6ce2\u5170\u8bed - Instytut Polski w Pekinie","isPartOf":{"@id":"https:\/\/instytutpolski.pl\/beijing\/#website"},"primaryImageOfPage":{"@id":"https:\/\/instytutpolski.pl\/beijing\/%e6%b3%a2%e5%85%b0%e8%af%ad\/#primaryimage"},"image":{"@id":"https:\/\/instytutpolski.pl\/beijing\/%e6%b3%a2%e5%85%b0%e8%af%ad\/#primaryimage"},"thumbnailUrl":"https:\/\/instytutpolski.pl\/beijing\/wp-content\/uploads\/sites\/12\/2019\/06\/jezyk-polski.jpg","datePublished":"2020-05-19T17:32:54+00:00","dateModified":"2020-06-15T04:22:30+00:00","breadcrumb":{"@id":"https:\/\/instytutpolski.pl\/beijing\/%e6%b3%a2%e5%85%b0%e8%af%ad\/#breadcrumb"},"inLanguage":"pl-PL","potentialAction":[{"@type":"ReadAction","target":["https:\/\/instytutpolski.pl\/beijing\/%e6%b3%a2%e5%85%b0%e8%af%ad\/"]}]},{"@type":"ImageObject","inLanguage":"pl-PL","@id":"https:\/\/instytutpolski.pl\/beijing\/%e6%b3%a2%e5%85%b0%e8%af%ad\/#primaryimage","url":"https:\/\/instytutpolski.pl\/beijing\/wp-content\/uploads\/sites\/12\/2019\/06\/jezyk-polski.jpg","contentUrl":"https:\/\/instytutpolski.pl\/beijing\/wp-content\/uploads\/sites\/12\/2019\/06\/jezyk-polski.jpg","width":1920,"height":700},{"@type":"BreadcrumbList","@id":"https:\/\/instytutpolski.pl\/beijing\/%e6%b3%a2%e5%85%b0%e8%af%ad\/#breadcrumb","itemListElement":[{"@type":"ListItem","position":1,"name":"Home","item":"https:\/\/instytutpolski.pl\/beijing\/"},{"@type":"ListItem","position":2,"name":"\u6ce2\u5170\u8bed"}]},{"@type":"WebSite","@id":"https:\/\/instytutpolski.pl\/beijing\/#website","url":"https:\/\/instytutpolski.pl\/beijing\/","name":"Instytut Polski w Pekinie","description":"Instytuty Polskie","potentialAction":[{"@type":"SearchAction","target":{"@type":"EntryPoint","urlTemplate":"https:\/\/instytutpolski.pl\/beijing\/?s={search_term_string}"},"query-input":{"@type":"PropertyValueSpecification","valueRequired":true,"valueName":"search_term_string"}}],"inLanguage":"pl-PL"}]}},"_links":{"self":[{"href":"https:\/\/instytutpolski.pl\/beijing\/wp-json\/wp\/v2\/pages\/3011","targetHints":{"allow":["GET"]}}],"collection":[{"href":"https:\/\/instytutpolski.pl\/beijing\/wp-json\/wp\/v2\/pages"}],"about":[{"href":"https:\/\/instytutpolski.pl\/beijing\/wp-json\/wp\/v2\/types\/page"}],"author":[{"embeddable":true,"href":"https:\/\/instytutpolski.pl\/beijing\/wp-json\/wp\/v2\/users\/1"}],"replies":[{"embeddable":true,"href":"https:\/\/instytutpolski.pl\/beijing\/wp-json\/wp\/v2\/comments?post=3011"}],"version-history":[{"count":7,"href":"https:\/\/instytutpolski.pl\/beijing\/wp-json\/wp\/v2\/pages\/3011\/revisions"}],"predecessor-version":[{"id":3468,"href":"https:\/\/instytutpolski.pl\/beijing\/wp-json\/wp\/v2\/pages\/3011\/revisions\/3468"}],"wp:featuredmedia":[{"embeddable":true,"href":"https:\/\/instytutpolski.pl\/beijing\/wp-json\/wp\/v2\/media\/1489"}],"wp:attachment":[{"href":"https:\/\/instytutpolski.pl\/beijing\/wp-json\/wp\/v2\/media?parent=3011"}],"curies":[{"name":"wp","href":"https:\/\/api.w.org\/{rel}","templated":true}]}}