{"id":5090,"date":"2022-05-26T08:16:59","date_gmt":"2022-05-26T06:16:59","guid":{"rendered":"https:\/\/instytutpolski.pl\/beijing\/?page_id=5090"},"modified":"2022-06-09T06:06:17","modified_gmt":"2022-06-09T04:06:17","slug":"polska-dzis-warsztaty-o-kulturze-i-jezyku%ef%bf%bc","status":"publish","type":"page","link":"https:\/\/instytutpolski.pl\/beijing\/pl\/polska-dzis-warsztaty-o-kulturze-i-jezyku%ef%bf%bc\/","title":{"rendered":"\u201ePOLSKA DZI\u015a \u2013 warsztaty o kulturze i j\u0119zyku\u201d"},"content":{"rendered":"\n<p>Centrum J\u0119zyka Polskiego i Kultury Polskiej dla Cudzoziemc\u00f3w Polonicum UW, Ambasada RP w Pekinie oraz Instytut Polski w Pekinie zorganizowa\u0142y w maju i czerwcu 2022 r. cykl wyk\u0142ad\u00f3w i warsztat\u00f3w dla chi\u0144skich polonist\u00f3w \u201e<strong>POLSKA\u00a0DZI\u015a\u00a0\u2013 warsztaty o kulturze i j\u0119zyku\u201d<\/strong>.<\/p>\n\n\n\n<p>Wyk\u0142adowcy i lektorzy z Uniwersytetu Warszawskiego oraz Uniwersytetu SWPS przeprowadzili trzy sesje warsztat\u00f3w online z aktywnym udzia\u0142em nauczycieli j\u0119zyka polskiego w Chinach oraz student\u00f3w magisterskich studi\u00f3w polonistycznych. Prezentacje i dyskusje dotyczy\u0142y szerokiego zakresu temat\u00f3w z obszaru kultury i j\u0119zyka polskiego, w tym sztuki, muzyki, filmu, architektury.<\/p>\n\n\n\n<p>Do warsztat\u00f3w zosta\u0142y przygotowane wyk\u0142ady w formie prezentacji video, opublikowane do samodzielnego zapoznania si\u0119 przez uczestnik\u00f3w przed zaj\u0119ciami online.<\/p>\n\n\n\n<p class=\"has-text-align-center\" style=\"font-size:30px\"><strong>Sesja I<br>Niedziela 15 maja<\/strong><\/p>\n\n\n\n<p><br><strong>16:00 \u2013 16:05<\/strong><\/p>\n\n\n\n<figure class=\"wp-block-table\"><table><tbody><tr><td><strong>Powitanie<\/strong><br>Dyr. Jan Jerzy Malicki, Instytut Polski w Pekinie<br>Dr Piotr Kajak, Centrum Polonicum UW<br>Maria Wejs-Dom\u017calska, I Radca, Ambasada RP w Pekinie<\/td><\/tr><\/tbody><\/table><\/figure>\n\n\n\n<p><strong>16:05-17:05<\/strong><\/p>\n\n\n\n<p><strong>Najs\u0142ynniejsze dzie\u0142a polskiej sztuki<\/strong><\/p>\n\n\n\n<p><strong>Katarzyna Ko\u0142ak-Danyi<\/strong> \u2013 asystent w Centrum \u201ePolonicum\u201d UW. Interesuje si\u0119 kultur\u0105 j\u0119zyka polskiego, autobiografizmem, literatur\u0105 sylwiczn\u0105, dram\u0105 w nauczaniu j\u0119zyk\u00f3w obcych, histori\u0105 teatru oraz sztuk\u0105 polsk\u0105 XIX i XX wieku.<\/p>\n\n\n\n<p><em>Prezentacja wybranych najs\u0142ynniejszych dzie\u0142 polskiej sztuki. Sztuka polska i tw\u00f3rczo\u015b\u0107 polskich artyst\u00f3w z jednej strony wpisuj\u0105 si\u0119 w nurt sztuki europejskiej, z drugiej jednak nie brakuje przyk\u0142ad\u00f3w, kt\u00f3re maj\u0105 typowo polski charakter. Wyk\u0142ad pozwoli pozna\u0107 te specyficzne i wyr\u00f3\u017cniaj\u0105ce elementy.<\/em><\/p>\n\n\n\n<p><strong><a href=\"https:\/\/mab.to\/3lriStjvy\" target=\"_blank\" rel=\"noreferrer noopener\">LINK DO VIDEO<\/a><\/strong><\/p>\n\n\n\n<p><strong>17:15-18:15<\/strong><\/p>\n\n\n\n<p><strong>\u201ePole\u0107my w now\u0105 przestrze\u0144\u2026\u201d \u2013 alternatywny rock na dobry pocz\u0105tek<\/strong><\/p>\n\n\n\n<p><strong>Tomasz Wegner<\/strong> \u2013 asystent w Centrum \u201ePolonicum\u201d UW. Zakres jego pracy i zainteresowa\u0144 naukowych obejmuje kulturoznawstwo glottodydaktyczne, wsp\u00f3\u0142czesn\u0105 polska kultur\u0119 popularn\u0105 oraz muzyk\u0119 i piosenk\u0119 w glottodydaktyce.<\/p>\n\n\n\n<p><em>Lekcja przygotowana na podstawie utworu zespo\u0142u Pogodno \u201eTak, to teraz\u201d. Pozwoli na zabaw\u0119 i eksperymentowanie z j\u0119zykiem, a tak\u017ce lepsze zrozumienie odno\u015bnik\u00f3w i inspiracji, z kt\u00f3rych czerpie polska kultura, w tym kultura popularna.<\/em><\/p>\n\n\n\n<p><strong><a href=\"https:\/\/mab.to\/juE6bD23q\" target=\"_blank\" rel=\"noreferrer noopener\">LINK DO VIDEO<\/a><\/strong><\/p>\n\n\n\n<p><strong>18:30-19:30<\/strong><\/p>\n\n\n\n<p><strong>\u201ePij mleko, b\u0119dziesz wielki!\u201d<\/strong><\/p>\n\n\n\n<p><strong>Tomasz Wegner<\/strong> \u2013 asystent w Centrum \u201ePolonicum\u201d UW. Zakres jego pracy i zainteresowa\u0144 naukowych obejmuje kulturoznawstwo glottodydaktyczne, wsp\u00f3\u0142czesn\u0105 polska kultur\u0119 popularn\u0105 oraz muzyk\u0119 i piosenk\u0119 w glottodydaktyce.<\/p>\n\n\n\n<p><em>J\u0119zyk polski cz\u0119sto korzysta z frazeologii i metafor dotycz\u0105cych jedzenia. Podobnie dzieje si\u0119 w innych j\u0119zykach. Mo\u017cna wi\u0119c powiedzie\u0107, \u017ce to co jesz wp\u0142ywa na spos\u00f3b w jaki wyobra\u017casz sobie \u015bwiat. Id\u0105c tym tropem, podczas wyk\u0142adu i warsztat\u00f3w skoncentrujemy si\u0119 na mleku.<\/em><\/p>\n\n\n\n<p><strong><a href=\"https:\/\/mab.to\/QefIAXTUm\" target=\"_blank\" rel=\"noreferrer noopener\">LINK DO VIDEO<\/a><\/strong><\/p>\n\n\n\n<p><strong>Sesja II<br>Niedziela 22 maja<\/strong><\/p>\n\n\n\n<p><strong>16:00-17:00&nbsp;&nbsp;&nbsp;&nbsp;&nbsp;&nbsp;&nbsp;&nbsp;&nbsp;&nbsp;&nbsp;&nbsp;&nbsp;<\/strong><\/p>\n\n\n\n<p><strong>Pawilon i bazylika, czyli o architekturze chi\u0144skiej i europejskiej po polsku<\/strong><\/p>\n\n\n\n<p><strong>Agnieszka Jasi\u0144ska <\/strong>\u2013 asystent w Centrum \u201ePolonicum\u201d UW. &nbsp;Interesuje si\u0119 kszta\u0142ceniem interkulturowym w glottodydaktyce, kulturowymi uwarunkowaniami sukcesu dydaktycznego (ze szczeg\u00f3lnym uwzgl\u0119dnieniem perspektywy azjatyckiej, dalekowschodniej), j\u0119zykiem polskim i kultur\u0105 polsk\u0105 w Chinach. By\u0142a m.in. adiunktem w Instytucie Polonistyki na Kanto\u0144skim Uniwersytecie Spraw Mi\u0119dzynarodowych (Chiny, 2014-2018).<\/p>\n\n\n\n<p><em>Architektura jest bardzo istotnym elementem ka\u017cdej kultury, codziennie si\u0119 z ni\u0105 stykamy \u2013 zar\u00f3wno w \u015brodowisku w\u0142asnym, jaki podczas podr\u00f3\u017cy. Podczas wyk\u0142adu rozszerzymy s\u0142ownictwo w j\u0119zyku polskim s\u0142u\u017c\u0105ce do opisu architektury, korzystaj\u0105c z przyk\u0142ad\u00f3w polskich i chi\u0144skich.<\/em><\/p>\n\n\n\n<p><strong><a href=\"https:\/\/mab.to\/xQsz701K8\" target=\"_blank\" rel=\"noreferrer noopener\">LINK DO VIDEO<\/a><\/strong><\/p>\n\n\n\n<p><strong>17:15-18:15<\/strong>&nbsp;&nbsp;&nbsp;&nbsp;&nbsp;&nbsp;&nbsp;&nbsp;&nbsp;&nbsp;&nbsp;&nbsp;&nbsp;&nbsp;&nbsp;<\/p>\n\n\n\n<p><strong>Polska na srebrnym ekranie. Najnowsze produkcje film\u00f3w<\/strong><\/p>\n\n\n\n<p><strong>Ma\u0142gorzata Malinowska<\/strong> \u2013 lektor w Centrum \u201ePolonicum\u201d UW. Do jej zainteresowa\u0144 naukowych nale\u017c\u0105 m.in.:&nbsp;kulturoznawstwo glottodydaktyczne, antropologia miasta, filmoznawstwo glottodydaktyczne, metodyka nauczania j\u0119zyk\u00f3w obcych.<\/p>\n\n\n\n<p><em>Wyk\u0142ad po\u015bwi\u0119cony jest najnowszym polskim produkcjom filmowym, trendom i tematom poruszanym przez polskich re\u017cyser\u00f3w. W cz\u0119\u015bci warsztatowej b\u0119dzie okazja poznania i prze\u0107wiczenia lekcji j\u0119zyka polskiego po\u015bwi\u0119conej polskiej kinematografii.<\/em><\/p>\n\n\n\n<p><strong><a href=\"https:\/\/mab.to\/q00uAndGB\" target=\"_blank\" rel=\"noreferrer noopener\">LINK DO VIDEO<\/a><\/strong><\/p>\n\n\n\n<p><strong>18: 30-19:30<\/strong>&nbsp;&nbsp;&nbsp;&nbsp;&nbsp;&nbsp;&nbsp;&nbsp;&nbsp;&nbsp;&nbsp;&nbsp;&nbsp;&nbsp;<\/p>\n\n\n\n<p><strong>Najwi\u0119ksze wyzwania w <\/strong><strong>adaptacji kulturowej \u2013 warsztaty mi\u0119dzykulturowe \u2013 cz\u0119\u015b\u0107 I.<\/strong><\/p>\n\n\n\n<p><strong>Karolina Mazurowska \u2013 <\/strong>psycholog mi\u0119dzykulturowa, kierownik studi\u00f3w magisterskich z zakresu psychologii spo\u0142ecznej i mi\u0119dzykulturowej &#8211; Global MINDS Erasmus Mundus Joint Degree w Uniwersytecie SWPS. Doradca kulturowy i szkoleniowiec dla rozmaitych instytucji w zakresie wsp\u00f3\u0142pracy z&nbsp;kontrahentami z Azji (Grupa Azoty, Huawei Polska, PAIiIZ , PISM i innych). Jako t\u0142umacz biznesowy i reprezentant polskich organizacji poprowadzi\u0142a wiele misji gospodarczo \u2013 edukacyjnych do Chin. Ostatnio wsp\u00f3\u0142pracuje z firmami eksportuj\u0105cymi polskie produkty na rynki Chin i Hongkongu. Prowadzi r\u00f3wnie\u017c badania naukowe dotycz\u0105ce przyw\u00f3dztwa w mi\u0119dzykulturowym \u015brodowisku pracy w Chinach oraz badania nad wsparciem polskich przedsi\u0119biorc\u00f3w na rynkach wschodnich. Go\u015bcinny wyk\u0142adowca chi\u0144skich uniwersytet\u00f3w w Hangzhou i Shenzhen.<strong><\/strong><\/p>\n\n\n\n<p><em>Wyk\u0142ad po\u015bwi\u0119cony poj\u0119ciu adaptacji kulturowej i jej elementom, a tak\u017ce najwi\u0119kszym wyzwaniom z ni\u0105 zwi\u0105zanymi. &nbsp;&nbsp;&nbsp;<\/em><\/p>\n\n\n\n<p><strong><a href=\"https:\/\/mab.to\/kFbSCYMrK\" target=\"_blank\" rel=\"noreferrer noopener\">LINK DO VIDEO<\/a><\/strong><\/p>\n\n\n\n<p class=\"has-text-align-center\" style=\"font-size:30px\"><strong>Sesja III<br>Niedziela 5 czerwca<\/strong><\/p>\n\n\n\n<p><strong>16:00-17:00&nbsp;&nbsp;&nbsp;&nbsp;&nbsp;&nbsp;&nbsp;&nbsp;&nbsp;&nbsp;&nbsp;&nbsp;&nbsp;&nbsp;&nbsp;<\/strong><\/p>\n\n\n\n<p><strong>Warszawa w pigu\u0142ce<\/strong><\/p>\n\n\n\n<p><strong>Paulina Potasi\u0144ska<\/strong> \u2013 &nbsp;literaturoznawczyni; asystent w Centrum \u201ePolonicum\u201d UW. Zainteresowania naukowe: polska literatura i kultura XX i XXI wieku, kulturoznawstwo glottodydaktyczne, kultura j\u0119zyka polskiego, metodyka nauczania j\u0119zyka polskiego jako obcego, topika Warszawy.<\/p>\n\n\n\n<p><em>Uczestnicy warsztat\u00f3w przeczytaj\u0105 tekst o Warszawie i wykonaj\u0105 szereg \u0107wicze\u0144 sprawdzaj\u0105cych rozumienie tekstu. Lepiej poznaj\u0105 stolic\u0119 Polski, wzbogac\u0105 swoj\u0105 leksyk\u0119, a tak\u017ce b\u0119d\u0105 mieli mo\u017cliwo\u015b\u0107 udoskonalenia swojej wymowy.<\/em><\/p>\n\n\n\n<p><strong><a href=\"https:\/\/mab.to\/w1idFJqfo\" target=\"_blank\" rel=\"noreferrer noopener\">LINK DO VIDEO<\/a><\/strong><\/p>\n\n\n\n<p><strong>17:15-18:15&nbsp;&nbsp;&nbsp;&nbsp;&nbsp;&nbsp;&nbsp;&nbsp;&nbsp;&nbsp;&nbsp;&nbsp;&nbsp;&nbsp;<\/strong><\/p>\n\n\n\n<p><strong>Wirtualna wycieczka po Muzeum Warszawy<\/strong><\/p>\n\n\n\n<p><strong>Katarzyna \u017dak-Caplot <\/strong>\u2013 kierowniczka Biblioteki Muzeum Warszawy, koordynatorka j\u0119zykowych projekt\u00f3w muzealnych dla obcokrajowc\u00f3w i doktorantka Szko\u0142y Doktorskiej Nauk Humanistycznych Uniwersytetu Warszawskiego. Zajmuje si\u0119 nauczaniem j\u0119zyka polskiego jako obcego w przestrzeniach muzealnych i bibliotecznych przy u\u017cyciu autentycznych obiekt\u00f3w i \u017ar\u00f3de\u0142&nbsp;informacji.<\/p>\n\n\n\n<p><em>Aktywny wirtualny spacer po ekspozycji Muzeum Warszawy po\u0142\u0105czony z \u0107wiczeniami oraz pomys\u0142ami na ciekaw\u0105 lekcj\u0119 j\u0119zykow\u0105 o stolicy Polski. W czasie warsztatu wykorzystane zostan\u0105 r\u00f3\u017cne narz\u0119dzia ICT oraz cyfrowa kolekcja muzealna.<\/em><\/p>\n\n\n\n<p><strong><a href=\"https:\/\/mab.to\/0Uz7QilUC\" target=\"_blank\" rel=\"noreferrer noopener\">LINK DO VIDEO<\/a><\/strong><\/p>\n\n\n\n<p><strong>18:30-19:30&nbsp;&nbsp;&nbsp;&nbsp;&nbsp;&nbsp;&nbsp;&nbsp;&nbsp;&nbsp;&nbsp;&nbsp;&nbsp;&nbsp;&nbsp;<\/strong><\/p>\n\n\n\n<p><strong>Najwi\u0119ksze wyzwania w adaptacji kulturowej \u2013 warsztaty mi\u0119dzykulturowe \u2013 cz\u0119\u015b\u0107 II.<\/strong><\/p>\n\n\n\n<p><strong>Karolina Mazurowska<\/strong> \u2013 psycholog mi\u0119dzykulturowa, kierownik studi\u00f3w magisterskich z zakresu psychologii spo\u0142ecznej i mi\u0119dzykulturowej &#8211; Global MINDS Erasmus Mundus Joint Degree w Uniwersytecie SWPS. Doradca kulturowy i szkoleniowiec dla rozmaitych instytucji w zakresie wsp\u00f3\u0142pracy z&nbsp;kontrahentami z Azji (Grupa Azoty, Huawei Polska, PAIiIZ , PISM i innych). Jako t\u0142umacz biznesowy i reprezentant polskich organizacji poprowadzi\u0142a wiele misji gospodarczo \u2013 edukacyjnych do Chin. Ostatnio wsp\u00f3\u0142pracuje z firmami eksportuj\u0105cymi polskie produkty na rynki Chin i Hongkongu. Prowadzi r\u00f3wnie\u017c badania naukowe dotycz\u0105ce przyw\u00f3dztwa w mi\u0119dzykulturowym \u015brodowisku pracy w Chinach oraz badania nad wsparciem polskich przedsi\u0119biorc\u00f3w na rynkach wschodnich. Go\u015bcinny wyk\u0142adowca chi\u0144skich uniwersytet\u00f3w w Hangzhou i Shenzhen.<\/p>\n\n\n\n<p><em>Druga cz\u0119\u015b\u0107 spotkania po\u015bwi\u0119conego adaptacji kulturowej, jej elementom i najwi\u0119kszym wyzwaniom z ni\u0105 zwi\u0105zanym. &nbsp;&nbsp;&nbsp;<\/em><\/p>\n\n\n\n<p><strong><a href=\"https:\/\/mab.to\/EGXwQsQsS\" target=\"_blank\" rel=\"noreferrer noopener\">LINK DO VIDEO<\/a><\/strong><\/p>\n\n\n\n<p><strong><br><\/strong><\/p>\n","protected":false},"excerpt":{"rendered":"<p>Centrum J\u0119zyka Polskiego i Kultury Polskiej dla Cudzoziemc\u00f3w Polonicum UW, Ambasada RP w Pekinie oraz Instytut Polski w Pekinie zorganizowa\u0142y w maju i czerwcu 2022 r. cykl wyk\u0142ad\u00f3w i warsztat\u00f3w dla chi\u0144skich polonist\u00f3w \u201ePOLSKA\u00a0DZI\u015a\u00a0\u2013 warsztaty o kulturze i j\u0119zyku\u201d. Wyk\u0142adowcy i lektorzy z Uniwersytetu Warszawskiego oraz Uniwersytetu SWPS przeprowadzili trzy sesje warsztat\u00f3w online z aktywnym [&hellip;]<\/p>\n","protected":false},"author":155,"featured_media":4992,"parent":0,"menu_order":0,"comment_status":"closed","ping_status":"closed","template":"","meta":{"inline_featured_image":false,"_monsterinsights_skip_tracking":false,"_monsterinsights_sitenote_active":false,"_monsterinsights_sitenote_note":"","_monsterinsights_sitenote_category":0,"footnotes":""},"class_list":["post-5090","page","type-page","status-publish","has-post-thumbnail","hentry"],"yoast_head":"<!-- This site is optimized with the Yoast SEO plugin v24.6 - https:\/\/yoast.com\/wordpress\/plugins\/seo\/ -->\n<title>\u201ePOLSKA DZI\u015a \u2013 warsztaty o kulturze i j\u0119zyku\u201d - Instytut Polski w Pekinie<\/title>\n<meta name=\"robots\" content=\"index, follow, max-snippet:-1, max-image-preview:large, max-video-preview:-1\" \/>\n<link rel=\"canonical\" href=\"https:\/\/instytutpolski.pl\/beijing\/pl\/polska-dzis-warsztaty-o-kulturze-i-jezyku\ufffc\/\" \/>\n<meta property=\"og:locale\" content=\"pl_PL\" \/>\n<meta property=\"og:type\" content=\"article\" \/>\n<meta property=\"og:title\" content=\"\u201ePOLSKA DZI\u015a \u2013 warsztaty o kulturze i j\u0119zyku\u201d - Instytut Polski w Pekinie\" \/>\n<meta property=\"og:description\" content=\"Centrum J\u0119zyka Polskiego i Kultury Polskiej dla Cudzoziemc\u00f3w Polonicum UW, Ambasada RP w Pekinie oraz Instytut Polski w Pekinie zorganizowa\u0142y w maju i czerwcu 2022 r. cykl wyk\u0142ad\u00f3w i warsztat\u00f3w dla chi\u0144skich polonist\u00f3w \u201ePOLSKA\u00a0DZI\u015a\u00a0\u2013 warsztaty o kulturze i j\u0119zyku\u201d. Wyk\u0142adowcy i lektorzy z Uniwersytetu Warszawskiego oraz Uniwersytetu SWPS przeprowadzili trzy sesje warsztat\u00f3w online z aktywnym [&hellip;]\" \/>\n<meta property=\"og:url\" content=\"https:\/\/instytutpolski.pl\/beijing\/pl\/polska-dzis-warsztaty-o-kulturze-i-jezyku\ufffc\/\" \/>\n<meta property=\"og:site_name\" content=\"Instytut Polski w Pekinie\" \/>\n<meta property=\"article:modified_time\" content=\"2022-06-09T04:06:17+00:00\" \/>\n<meta property=\"og:image\" content=\"https:\/\/instytutpolski.pl\/beijing\/wp-content\/uploads\/sites\/12\/2022\/05\/Zrzut-ekranu-2022-05-11-142732.png\" \/>\n\t<meta property=\"og:image:width\" content=\"1049\" \/>\n\t<meta property=\"og:image:height\" content=\"635\" \/>\n\t<meta property=\"og:image:type\" content=\"image\/png\" \/>\n<meta name=\"twitter:card\" content=\"summary_large_image\" \/>\n<meta name=\"twitter:label1\" content=\"Szacowany czas czytania\" \/>\n\t<meta name=\"twitter:data1\" content=\"6 minut\" \/>\n<script type=\"application\/ld+json\" class=\"yoast-schema-graph\">{\"@context\":\"https:\/\/schema.org\",\"@graph\":[{\"@type\":\"WebPage\",\"@id\":\"https:\/\/instytutpolski.pl\/beijing\/pl\/polska-dzis-warsztaty-o-kulturze-i-jezyku%ef%bf%bc\/\",\"url\":\"https:\/\/instytutpolski.pl\/beijing\/pl\/polska-dzis-warsztaty-o-kulturze-i-jezyku%ef%bf%bc\/\",\"name\":\"\u201ePOLSKA DZI\u015a \u2013 warsztaty o kulturze i j\u0119zyku\u201d - Instytut Polski w Pekinie\",\"isPartOf\":{\"@id\":\"https:\/\/instytutpolski.pl\/beijing\/#website\"},\"primaryImageOfPage\":{\"@id\":\"https:\/\/instytutpolski.pl\/beijing\/pl\/polska-dzis-warsztaty-o-kulturze-i-jezyku%ef%bf%bc\/#primaryimage\"},\"image\":{\"@id\":\"https:\/\/instytutpolski.pl\/beijing\/pl\/polska-dzis-warsztaty-o-kulturze-i-jezyku%ef%bf%bc\/#primaryimage\"},\"thumbnailUrl\":\"https:\/\/instytutpolski.pl\/beijing\/wp-content\/uploads\/sites\/12\/2022\/05\/Zrzut-ekranu-2022-05-11-142732.png\",\"datePublished\":\"2022-05-26T06:16:59+00:00\",\"dateModified\":\"2022-06-09T04:06:17+00:00\",\"breadcrumb\":{\"@id\":\"https:\/\/instytutpolski.pl\/beijing\/pl\/polska-dzis-warsztaty-o-kulturze-i-jezyku%ef%bf%bc\/#breadcrumb\"},\"inLanguage\":\"pl-PL\",\"potentialAction\":[{\"@type\":\"ReadAction\",\"target\":[\"https:\/\/instytutpolski.pl\/beijing\/pl\/polska-dzis-warsztaty-o-kulturze-i-jezyku%ef%bf%bc\/\"]}]},{\"@type\":\"ImageObject\",\"inLanguage\":\"pl-PL\",\"@id\":\"https:\/\/instytutpolski.pl\/beijing\/pl\/polska-dzis-warsztaty-o-kulturze-i-jezyku%ef%bf%bc\/#primaryimage\",\"url\":\"https:\/\/instytutpolski.pl\/beijing\/wp-content\/uploads\/sites\/12\/2022\/05\/Zrzut-ekranu-2022-05-11-142732.png\",\"contentUrl\":\"https:\/\/instytutpolski.pl\/beijing\/wp-content\/uploads\/sites\/12\/2022\/05\/Zrzut-ekranu-2022-05-11-142732.png\",\"width\":1049,\"height\":635},{\"@type\":\"BreadcrumbList\",\"@id\":\"https:\/\/instytutpolski.pl\/beijing\/pl\/polska-dzis-warsztaty-o-kulturze-i-jezyku%ef%bf%bc\/#breadcrumb\",\"itemListElement\":[{\"@type\":\"ListItem\",\"position\":1,\"name\":\"Home\",\"item\":\"https:\/\/instytutpolski.pl\/beijing\/\"},{\"@type\":\"ListItem\",\"position\":2,\"name\":\"\u201ePOLSKA DZI\u015a \u2013 warsztaty o kulturze i j\u0119zyku\u201d\"}]},{\"@type\":\"WebSite\",\"@id\":\"https:\/\/instytutpolski.pl\/beijing\/#website\",\"url\":\"https:\/\/instytutpolski.pl\/beijing\/\",\"name\":\"Instytut Polski w Pekinie\",\"description\":\"Instytuty Polskie\",\"potentialAction\":[{\"@type\":\"SearchAction\",\"target\":{\"@type\":\"EntryPoint\",\"urlTemplate\":\"https:\/\/instytutpolski.pl\/beijing\/?s={search_term_string}\"},\"query-input\":{\"@type\":\"PropertyValueSpecification\",\"valueRequired\":true,\"valueName\":\"search_term_string\"}}],\"inLanguage\":\"pl-PL\"}]}<\/script>\n<!-- \/ Yoast SEO plugin. -->","yoast_head_json":{"title":"\u201ePOLSKA DZI\u015a \u2013 warsztaty o kulturze i j\u0119zyku\u201d - Instytut Polski w Pekinie","robots":{"index":"index","follow":"follow","max-snippet":"max-snippet:-1","max-image-preview":"max-image-preview:large","max-video-preview":"max-video-preview:-1"},"canonical":"https:\/\/instytutpolski.pl\/beijing\/pl\/polska-dzis-warsztaty-o-kulturze-i-jezyku\ufffc\/","og_locale":"pl_PL","og_type":"article","og_title":"\u201ePOLSKA DZI\u015a \u2013 warsztaty o kulturze i j\u0119zyku\u201d - Instytut Polski w Pekinie","og_description":"Centrum J\u0119zyka Polskiego i Kultury Polskiej dla Cudzoziemc\u00f3w Polonicum UW, Ambasada RP w Pekinie oraz Instytut Polski w Pekinie zorganizowa\u0142y w maju i czerwcu 2022 r. cykl wyk\u0142ad\u00f3w i warsztat\u00f3w dla chi\u0144skich polonist\u00f3w \u201ePOLSKA\u00a0DZI\u015a\u00a0\u2013 warsztaty o kulturze i j\u0119zyku\u201d. Wyk\u0142adowcy i lektorzy z Uniwersytetu Warszawskiego oraz Uniwersytetu SWPS przeprowadzili trzy sesje warsztat\u00f3w online z aktywnym [&hellip;]","og_url":"https:\/\/instytutpolski.pl\/beijing\/pl\/polska-dzis-warsztaty-o-kulturze-i-jezyku\ufffc\/","og_site_name":"Instytut Polski w Pekinie","article_modified_time":"2022-06-09T04:06:17+00:00","og_image":[{"width":1049,"height":635,"url":"https:\/\/instytutpolski.pl\/beijing\/wp-content\/uploads\/sites\/12\/2022\/05\/Zrzut-ekranu-2022-05-11-142732.png","type":"image\/png"}],"twitter_card":"summary_large_image","twitter_misc":{"Szacowany czas czytania":"6 minut"},"schema":{"@context":"https:\/\/schema.org","@graph":[{"@type":"WebPage","@id":"https:\/\/instytutpolski.pl\/beijing\/pl\/polska-dzis-warsztaty-o-kulturze-i-jezyku%ef%bf%bc\/","url":"https:\/\/instytutpolski.pl\/beijing\/pl\/polska-dzis-warsztaty-o-kulturze-i-jezyku%ef%bf%bc\/","name":"\u201ePOLSKA DZI\u015a \u2013 warsztaty o kulturze i j\u0119zyku\u201d - Instytut Polski w Pekinie","isPartOf":{"@id":"https:\/\/instytutpolski.pl\/beijing\/#website"},"primaryImageOfPage":{"@id":"https:\/\/instytutpolski.pl\/beijing\/pl\/polska-dzis-warsztaty-o-kulturze-i-jezyku%ef%bf%bc\/#primaryimage"},"image":{"@id":"https:\/\/instytutpolski.pl\/beijing\/pl\/polska-dzis-warsztaty-o-kulturze-i-jezyku%ef%bf%bc\/#primaryimage"},"thumbnailUrl":"https:\/\/instytutpolski.pl\/beijing\/wp-content\/uploads\/sites\/12\/2022\/05\/Zrzut-ekranu-2022-05-11-142732.png","datePublished":"2022-05-26T06:16:59+00:00","dateModified":"2022-06-09T04:06:17+00:00","breadcrumb":{"@id":"https:\/\/instytutpolski.pl\/beijing\/pl\/polska-dzis-warsztaty-o-kulturze-i-jezyku%ef%bf%bc\/#breadcrumb"},"inLanguage":"pl-PL","potentialAction":[{"@type":"ReadAction","target":["https:\/\/instytutpolski.pl\/beijing\/pl\/polska-dzis-warsztaty-o-kulturze-i-jezyku%ef%bf%bc\/"]}]},{"@type":"ImageObject","inLanguage":"pl-PL","@id":"https:\/\/instytutpolski.pl\/beijing\/pl\/polska-dzis-warsztaty-o-kulturze-i-jezyku%ef%bf%bc\/#primaryimage","url":"https:\/\/instytutpolski.pl\/beijing\/wp-content\/uploads\/sites\/12\/2022\/05\/Zrzut-ekranu-2022-05-11-142732.png","contentUrl":"https:\/\/instytutpolski.pl\/beijing\/wp-content\/uploads\/sites\/12\/2022\/05\/Zrzut-ekranu-2022-05-11-142732.png","width":1049,"height":635},{"@type":"BreadcrumbList","@id":"https:\/\/instytutpolski.pl\/beijing\/pl\/polska-dzis-warsztaty-o-kulturze-i-jezyku%ef%bf%bc\/#breadcrumb","itemListElement":[{"@type":"ListItem","position":1,"name":"Home","item":"https:\/\/instytutpolski.pl\/beijing\/"},{"@type":"ListItem","position":2,"name":"\u201ePOLSKA DZI\u015a \u2013 warsztaty o kulturze i j\u0119zyku\u201d"}]},{"@type":"WebSite","@id":"https:\/\/instytutpolski.pl\/beijing\/#website","url":"https:\/\/instytutpolski.pl\/beijing\/","name":"Instytut Polski w Pekinie","description":"Instytuty Polskie","potentialAction":[{"@type":"SearchAction","target":{"@type":"EntryPoint","urlTemplate":"https:\/\/instytutpolski.pl\/beijing\/?s={search_term_string}"},"query-input":{"@type":"PropertyValueSpecification","valueRequired":true,"valueName":"search_term_string"}}],"inLanguage":"pl-PL"}]}},"_links":{"self":[{"href":"https:\/\/instytutpolski.pl\/beijing\/wp-json\/wp\/v2\/pages\/5090","targetHints":{"allow":["GET"]}}],"collection":[{"href":"https:\/\/instytutpolski.pl\/beijing\/wp-json\/wp\/v2\/pages"}],"about":[{"href":"https:\/\/instytutpolski.pl\/beijing\/wp-json\/wp\/v2\/types\/page"}],"author":[{"embeddable":true,"href":"https:\/\/instytutpolski.pl\/beijing\/wp-json\/wp\/v2\/users\/155"}],"replies":[{"embeddable":true,"href":"https:\/\/instytutpolski.pl\/beijing\/wp-json\/wp\/v2\/comments?post=5090"}],"version-history":[{"count":20,"href":"https:\/\/instytutpolski.pl\/beijing\/wp-json\/wp\/v2\/pages\/5090\/revisions"}],"predecessor-version":[{"id":5189,"href":"https:\/\/instytutpolski.pl\/beijing\/wp-json\/wp\/v2\/pages\/5090\/revisions\/5189"}],"wp:featuredmedia":[{"embeddable":true,"href":"https:\/\/instytutpolski.pl\/beijing\/wp-json\/wp\/v2\/media\/4992"}],"wp:attachment":[{"href":"https:\/\/instytutpolski.pl\/beijing\/wp-json\/wp\/v2\/media?parent=5090"}],"curies":[{"name":"wp","href":"https:\/\/api.w.org\/{rel}","templated":true}]}}