{"id":5135,"date":"2022-05-26T09:15:26","date_gmt":"2022-05-26T07:15:26","guid":{"rendered":"https:\/\/instytutpolski.pl\/beijing\/?page_id=5135"},"modified":"2026-03-10T04:57:27","modified_gmt":"2026-03-10T03:57:27","slug":"wirtualny-festiwal-jezyka-polskiego-w-gruzji-inicjatywa-instytutu-polskiego-w-tbilisi","status":"publish","type":"page","link":"https:\/\/instytutpolski.pl\/beijing\/pl\/wirtualny-festiwal-jezyka-polskiego-w-gruzji-inicjatywa-instytutu-polskiego-w-tbilisi\/","title":{"rendered":"[Wirtualny] Festiwal J\u0119zyka Polskiego w Gruzji \u2013 inicjatywa Instytutu Polskiego w Tbilisi"},"content":{"rendered":"\n<p><a href=\"https:\/\/www.youtube.com\/playlist?list=PLsA7ju-Cr9kvDTFD24uXjG9J5glyB8J3r\">Pierwsza edycja<\/a><strong><\/strong><\/p>\n\n\n\n<p><strong>Zagadnienia:<\/strong><strong><\/strong><\/p>\n\n\n\n<ul class=\"wp-block-list\">\n<li>\u201eNiech beznadzieja nie gasi nadziei\u201d &#8211; \u017cycie i tw\u00f3rczo\u015b\u0107 Leopolda Tyrmanda &#8211; Paulina Postasi\u0144ska<\/li>\n\n\n\n<li>\u201eD\u0142ugo nie mog\u0142em si\u0119 ogarn\u0105\u0107\u201d &#8211; jak j\u0119zyk reaguje na zmieniaj\u0105c\u0105 si\u0119 rzeczywisto\u015b\u0107 &#8211; Tomasz Wegner<\/li>\n\n\n\n<li>\u201eCo z tym sercem\u2026?\u201d &#8211; jak dobre czy bol\u0105ce serce radzi sobie w zimnej, cynicznej rzeczywisto\u015bci? &#8211; Katarzyna Ko\u0142ak-Danyi<\/li>\n\n\n\n<li>\u201eR\u00f3\u017cne twarze nadziei\u201d &#8211; na podstawie analizy wyra\u017ce\u0144 ze s\u0142owem nadzieja spr\u00f3bujemy odtworzy\u0107 polski spos\u00f3b rozumienia tego przejawu my\u015bli i emocji. &#8211; dr Maria Kuc<\/li>\n<\/ul>\n\n\n\n<p><a href=\"https:\/\/www.youtube.com\/playlist?list=PLsA7ju-Cr9ktwLSmbnZKFaMj-Kc67rJTR\">Druga edycja<\/a><strong><\/strong><\/p>\n\n\n\n<p><strong>Zagadnienia:<\/strong><strong><\/strong><\/p>\n\n\n\n<ul class=\"wp-block-list\">\n<li>\u201eDawne i obecne wizje przysz\u0142o\u015bci w polskiej kulturze&#8221; &#8211; Katarzyna Ko\u0142ak-Danyi<\/li>\n<\/ul>\n\n\n\n<ul class=\"wp-block-list\">\n<li>\u201e\u015awiat za 100 lat, czyli podr\u00f3\u017c w przysz\u0142o\u015b\u0107\u201d &#8211; dr Maria Kuc<\/li>\n<\/ul>\n\n\n\n<ul class=\"wp-block-list\">\n<li>\u201eS\u0142owa kreuj\u0105 przysz\u0142o\u015b\u0107\u201d &#8211; mgr Agnieszka Jastrz\u0119bska<\/li>\n<\/ul>\n\n\n\n<ul class=\"wp-block-list\">\n<li>\u201eNauka i fantazja w polszczy\u017anie i w tw\u00f3rczo\u015bci Stanis\u0142awa Lema&#8221; &#8211; dr Justyna Zych<\/li>\n<\/ul>\n\n\n\n<p><a href=\"https:\/\/www.youtube.com\/playlist?list=PLsA7ju-Cr9kuokCN5XO9WMgxw4oYR9HdK\">Trzecia edycja<\/a><strong><\/strong><\/p>\n\n\n\n<p><strong>Zagadnienia:<\/strong><strong><\/strong><\/p>\n\n\n\n<ul class=\"wp-block-list\">\n<li>\u201ePawe\u0142 i Gawe\u0142\u2026 czyli &#8222;dom\u201d w polskiej frazeologii\u201d &#8211; Agnieszka Jasi\u0144ska<\/li>\n<\/ul>\n\n\n\n<ul class=\"wp-block-list\">\n<li>\u201e\u0141awka, dzieciaki z bloku, osiedle\u2026 Blokowiska w kulturze polskiej\u201d &#8211; dr Piotr Kajak<\/li>\n<\/ul>\n\n\n\n<ul class=\"wp-block-list\">\n<li>\u201eCo si\u0119 dzieje w domu, zdaniem autor\u00f3w tekst\u00f3w polskich piosenek?\u201d &#8211; Tomasz Wegner<\/li>\n<\/ul>\n\n\n\n<ul class=\"wp-block-list\">\n<li>\u201eGwiazda wszystkich willi&#8221; Mariusza Szczyg\u0142a &#8211; warsztat reportera&#8221; &#8211; Paulina Potasi\u0144ska<\/li>\n<\/ul>\n\n\n\n<ul class=\"wp-block-list\">\n<li>\u201eDworki, chaty, kamienice i apartamentowce\u201d &#8211; dr Justyna Zych<\/li>\n<\/ul>\n\n\n\n<p><a href=\"https:\/\/www.youtube.com\/playlist?list=PLsA7ju-Cr9kukpzW_q3Y91bY_Dxqvvm0_\">Czwarta edycja<\/a><strong><\/strong><\/p>\n\n\n\n<p><strong>Zagadnienia:<\/strong><strong><\/strong><\/p>\n\n\n\n<ul class=\"wp-block-list\">\n<li>\u201ePisz pi\u00f3rem, a nie jak kura pazurem\u201d, czyli to i owo o odr\u0119cznym pisaniu &#8211; dr Ewa Moszczy\u0144ska<\/li>\n<\/ul>\n\n\n\n<ul class=\"wp-block-list\">\n<li>\u201eNie to \u0142adne, co \u0142adne, ale co si\u0119 komu podoba&#8221;- mgr Agnieszka Jasi\u0144ska<\/li>\n<\/ul>\n\n\n\n<ul class=\"wp-block-list\">\n<li>\u201eNajciekawsze projekty architektoniczne ostatnich lat w Polsce\u201d \u2013 dr Barbara \u0141ukaszewicz<\/li>\n<\/ul>\n\n\n\n<ul class=\"wp-block-list\">\n<li>\u201eBrzydka natura pi\u0119knych ludzi &#8211; \u015bwiat przedstawiony przez Brunona Schulza&#8221; &#8211; Katarzyna Ko\u0142ak-Danyi<\/li>\n<\/ul>\n","protected":false},"excerpt":{"rendered":"<p>Pierwsza edycja Zagadnienia: Druga edycja Zagadnienia: Trzecia edycja Zagadnienia: Czwarta edycja Zagadnienia:<\/p>\n","protected":false},"author":155,"featured_media":3184,"parent":0,"menu_order":0,"comment_status":"closed","ping_status":"closed","template":"","meta":{"inline_featured_image":false,"_monsterinsights_skip_tracking":false,"_monsterinsights_sitenote_active":false,"_monsterinsights_sitenote_note":"","_monsterinsights_sitenote_category":0,"footnotes":""},"class_list":["post-5135","page","type-page","status-publish","has-post-thumbnail","hentry"],"yoast_head":"<!-- This site is optimized with the Yoast SEO plugin v24.6 - https:\/\/yoast.com\/wordpress\/plugins\/seo\/ -->\n<title>[Wirtualny] Festiwal J\u0119zyka Polskiego w Gruzji \u2013 inicjatywa Instytutu Polskiego w Tbilisi - Instytut Polski w Pekinie<\/title>\n<meta name=\"robots\" content=\"index, follow, max-snippet:-1, max-image-preview:large, max-video-preview:-1\" \/>\n<link rel=\"canonical\" href=\"https:\/\/instytutpolski.pl\/beijing\/pl\/wirtualny-festiwal-jezyka-polskiego-w-gruzji-inicjatywa-instytutu-polskiego-w-tbilisi\/\" \/>\n<meta property=\"og:locale\" content=\"pl_PL\" \/>\n<meta property=\"og:type\" content=\"article\" \/>\n<meta property=\"og:title\" content=\"[Wirtualny] Festiwal J\u0119zyka Polskiego w Gruzji \u2013 inicjatywa Instytutu Polskiego w Tbilisi - Instytut Polski w Pekinie\" \/>\n<meta property=\"og:description\" content=\"Pierwsza edycja Zagadnienia: Druga edycja Zagadnienia: Trzecia edycja Zagadnienia: Czwarta edycja Zagadnienia:\" \/>\n<meta property=\"og:url\" content=\"https:\/\/instytutpolski.pl\/beijing\/pl\/wirtualny-festiwal-jezyka-polskiego-w-gruzji-inicjatywa-instytutu-polskiego-w-tbilisi\/\" \/>\n<meta property=\"og:site_name\" content=\"Instytut Polski w Pekinie\" \/>\n<meta property=\"article:modified_time\" content=\"2026-03-10T03:57:27+00:00\" \/>\n<meta property=\"og:image\" content=\"https:\/\/instytutpolski.pl\/beijing\/wp-content\/uploads\/sites\/12\/2020\/06\/white-1.jpg\" \/>\n\t<meta property=\"og:image:width\" content=\"1920\" \/>\n\t<meta property=\"og:image:height\" content=\"500\" \/>\n\t<meta property=\"og:image:type\" content=\"image\/jpeg\" \/>\n<meta name=\"twitter:card\" content=\"summary_large_image\" \/>\n<meta name=\"twitter:label1\" content=\"Szacowany czas czytania\" \/>\n\t<meta name=\"twitter:data1\" content=\"2 minuty\" \/>\n<script type=\"application\/ld+json\" class=\"yoast-schema-graph\">{\"@context\":\"https:\/\/schema.org\",\"@graph\":[{\"@type\":\"WebPage\",\"@id\":\"https:\/\/instytutpolski.pl\/beijing\/pl\/wirtualny-festiwal-jezyka-polskiego-w-gruzji-inicjatywa-instytutu-polskiego-w-tbilisi\/\",\"url\":\"https:\/\/instytutpolski.pl\/beijing\/pl\/wirtualny-festiwal-jezyka-polskiego-w-gruzji-inicjatywa-instytutu-polskiego-w-tbilisi\/\",\"name\":\"[Wirtualny] Festiwal J\u0119zyka Polskiego w Gruzji \u2013 inicjatywa Instytutu Polskiego w Tbilisi - Instytut Polski w Pekinie\",\"isPartOf\":{\"@id\":\"https:\/\/instytutpolski.pl\/beijing\/#website\"},\"primaryImageOfPage\":{\"@id\":\"https:\/\/instytutpolski.pl\/beijing\/pl\/wirtualny-festiwal-jezyka-polskiego-w-gruzji-inicjatywa-instytutu-polskiego-w-tbilisi\/#primaryimage\"},\"image\":{\"@id\":\"https:\/\/instytutpolski.pl\/beijing\/pl\/wirtualny-festiwal-jezyka-polskiego-w-gruzji-inicjatywa-instytutu-polskiego-w-tbilisi\/#primaryimage\"},\"thumbnailUrl\":\"https:\/\/instytutpolski.pl\/beijing\/wp-content\/uploads\/sites\/12\/2020\/06\/white-1.jpg\",\"datePublished\":\"2022-05-26T07:15:26+00:00\",\"dateModified\":\"2026-03-10T03:57:27+00:00\",\"breadcrumb\":{\"@id\":\"https:\/\/instytutpolski.pl\/beijing\/pl\/wirtualny-festiwal-jezyka-polskiego-w-gruzji-inicjatywa-instytutu-polskiego-w-tbilisi\/#breadcrumb\"},\"inLanguage\":\"pl-PL\",\"potentialAction\":[{\"@type\":\"ReadAction\",\"target\":[\"https:\/\/instytutpolski.pl\/beijing\/pl\/wirtualny-festiwal-jezyka-polskiego-w-gruzji-inicjatywa-instytutu-polskiego-w-tbilisi\/\"]}]},{\"@type\":\"ImageObject\",\"inLanguage\":\"pl-PL\",\"@id\":\"https:\/\/instytutpolski.pl\/beijing\/pl\/wirtualny-festiwal-jezyka-polskiego-w-gruzji-inicjatywa-instytutu-polskiego-w-tbilisi\/#primaryimage\",\"url\":\"https:\/\/instytutpolski.pl\/beijing\/wp-content\/uploads\/sites\/12\/2020\/06\/white-1.jpg\",\"contentUrl\":\"https:\/\/instytutpolski.pl\/beijing\/wp-content\/uploads\/sites\/12\/2020\/06\/white-1.jpg\",\"width\":1920,\"height\":500},{\"@type\":\"BreadcrumbList\",\"@id\":\"https:\/\/instytutpolski.pl\/beijing\/pl\/wirtualny-festiwal-jezyka-polskiego-w-gruzji-inicjatywa-instytutu-polskiego-w-tbilisi\/#breadcrumb\",\"itemListElement\":[{\"@type\":\"ListItem\",\"position\":1,\"name\":\"Home\",\"item\":\"https:\/\/instytutpolski.pl\/beijing\/\"},{\"@type\":\"ListItem\",\"position\":2,\"name\":\"[Wirtualny] Festiwal J\u0119zyka Polskiego w Gruzji \u2013 inicjatywa Instytutu Polskiego w Tbilisi\"}]},{\"@type\":\"WebSite\",\"@id\":\"https:\/\/instytutpolski.pl\/beijing\/#website\",\"url\":\"https:\/\/instytutpolski.pl\/beijing\/\",\"name\":\"Instytut Polski w Pekinie\",\"description\":\"Instytuty Polskie\",\"potentialAction\":[{\"@type\":\"SearchAction\",\"target\":{\"@type\":\"EntryPoint\",\"urlTemplate\":\"https:\/\/instytutpolski.pl\/beijing\/?s={search_term_string}\"},\"query-input\":{\"@type\":\"PropertyValueSpecification\",\"valueRequired\":true,\"valueName\":\"search_term_string\"}}],\"inLanguage\":\"pl-PL\"}]}<\/script>\n<!-- \/ Yoast SEO plugin. -->","yoast_head_json":{"title":"[Wirtualny] Festiwal J\u0119zyka Polskiego w Gruzji \u2013 inicjatywa Instytutu Polskiego w Tbilisi - Instytut Polski w Pekinie","robots":{"index":"index","follow":"follow","max-snippet":"max-snippet:-1","max-image-preview":"max-image-preview:large","max-video-preview":"max-video-preview:-1"},"canonical":"https:\/\/instytutpolski.pl\/beijing\/pl\/wirtualny-festiwal-jezyka-polskiego-w-gruzji-inicjatywa-instytutu-polskiego-w-tbilisi\/","og_locale":"pl_PL","og_type":"article","og_title":"[Wirtualny] Festiwal J\u0119zyka Polskiego w Gruzji \u2013 inicjatywa Instytutu Polskiego w Tbilisi - Instytut Polski w Pekinie","og_description":"Pierwsza edycja Zagadnienia: Druga edycja Zagadnienia: Trzecia edycja Zagadnienia: Czwarta edycja Zagadnienia:","og_url":"https:\/\/instytutpolski.pl\/beijing\/pl\/wirtualny-festiwal-jezyka-polskiego-w-gruzji-inicjatywa-instytutu-polskiego-w-tbilisi\/","og_site_name":"Instytut Polski w Pekinie","article_modified_time":"2026-03-10T03:57:27+00:00","og_image":[{"width":1920,"height":500,"url":"https:\/\/instytutpolski.pl\/beijing\/wp-content\/uploads\/sites\/12\/2020\/06\/white-1.jpg","type":"image\/jpeg"}],"twitter_card":"summary_large_image","twitter_misc":{"Szacowany czas czytania":"2 minuty"},"schema":{"@context":"https:\/\/schema.org","@graph":[{"@type":"WebPage","@id":"https:\/\/instytutpolski.pl\/beijing\/pl\/wirtualny-festiwal-jezyka-polskiego-w-gruzji-inicjatywa-instytutu-polskiego-w-tbilisi\/","url":"https:\/\/instytutpolski.pl\/beijing\/pl\/wirtualny-festiwal-jezyka-polskiego-w-gruzji-inicjatywa-instytutu-polskiego-w-tbilisi\/","name":"[Wirtualny] Festiwal J\u0119zyka Polskiego w Gruzji \u2013 inicjatywa Instytutu Polskiego w Tbilisi - Instytut Polski w Pekinie","isPartOf":{"@id":"https:\/\/instytutpolski.pl\/beijing\/#website"},"primaryImageOfPage":{"@id":"https:\/\/instytutpolski.pl\/beijing\/pl\/wirtualny-festiwal-jezyka-polskiego-w-gruzji-inicjatywa-instytutu-polskiego-w-tbilisi\/#primaryimage"},"image":{"@id":"https:\/\/instytutpolski.pl\/beijing\/pl\/wirtualny-festiwal-jezyka-polskiego-w-gruzji-inicjatywa-instytutu-polskiego-w-tbilisi\/#primaryimage"},"thumbnailUrl":"https:\/\/instytutpolski.pl\/beijing\/wp-content\/uploads\/sites\/12\/2020\/06\/white-1.jpg","datePublished":"2022-05-26T07:15:26+00:00","dateModified":"2026-03-10T03:57:27+00:00","breadcrumb":{"@id":"https:\/\/instytutpolski.pl\/beijing\/pl\/wirtualny-festiwal-jezyka-polskiego-w-gruzji-inicjatywa-instytutu-polskiego-w-tbilisi\/#breadcrumb"},"inLanguage":"pl-PL","potentialAction":[{"@type":"ReadAction","target":["https:\/\/instytutpolski.pl\/beijing\/pl\/wirtualny-festiwal-jezyka-polskiego-w-gruzji-inicjatywa-instytutu-polskiego-w-tbilisi\/"]}]},{"@type":"ImageObject","inLanguage":"pl-PL","@id":"https:\/\/instytutpolski.pl\/beijing\/pl\/wirtualny-festiwal-jezyka-polskiego-w-gruzji-inicjatywa-instytutu-polskiego-w-tbilisi\/#primaryimage","url":"https:\/\/instytutpolski.pl\/beijing\/wp-content\/uploads\/sites\/12\/2020\/06\/white-1.jpg","contentUrl":"https:\/\/instytutpolski.pl\/beijing\/wp-content\/uploads\/sites\/12\/2020\/06\/white-1.jpg","width":1920,"height":500},{"@type":"BreadcrumbList","@id":"https:\/\/instytutpolski.pl\/beijing\/pl\/wirtualny-festiwal-jezyka-polskiego-w-gruzji-inicjatywa-instytutu-polskiego-w-tbilisi\/#breadcrumb","itemListElement":[{"@type":"ListItem","position":1,"name":"Home","item":"https:\/\/instytutpolski.pl\/beijing\/"},{"@type":"ListItem","position":2,"name":"[Wirtualny] Festiwal J\u0119zyka Polskiego w Gruzji \u2013 inicjatywa Instytutu Polskiego w Tbilisi"}]},{"@type":"WebSite","@id":"https:\/\/instytutpolski.pl\/beijing\/#website","url":"https:\/\/instytutpolski.pl\/beijing\/","name":"Instytut Polski w Pekinie","description":"Instytuty Polskie","potentialAction":[{"@type":"SearchAction","target":{"@type":"EntryPoint","urlTemplate":"https:\/\/instytutpolski.pl\/beijing\/?s={search_term_string}"},"query-input":{"@type":"PropertyValueSpecification","valueRequired":true,"valueName":"search_term_string"}}],"inLanguage":"pl-PL"}]}},"_links":{"self":[{"href":"https:\/\/instytutpolski.pl\/beijing\/wp-json\/wp\/v2\/pages\/5135","targetHints":{"allow":["GET"]}}],"collection":[{"href":"https:\/\/instytutpolski.pl\/beijing\/wp-json\/wp\/v2\/pages"}],"about":[{"href":"https:\/\/instytutpolski.pl\/beijing\/wp-json\/wp\/v2\/types\/page"}],"author":[{"embeddable":true,"href":"https:\/\/instytutpolski.pl\/beijing\/wp-json\/wp\/v2\/users\/155"}],"replies":[{"embeddable":true,"href":"https:\/\/instytutpolski.pl\/beijing\/wp-json\/wp\/v2\/comments?post=5135"}],"version-history":[{"count":9,"href":"https:\/\/instytutpolski.pl\/beijing\/wp-json\/wp\/v2\/pages\/5135\/revisions"}],"predecessor-version":[{"id":7680,"href":"https:\/\/instytutpolski.pl\/beijing\/wp-json\/wp\/v2\/pages\/5135\/revisions\/7680"}],"wp:featuredmedia":[{"embeddable":true,"href":"https:\/\/instytutpolski.pl\/beijing\/wp-json\/wp\/v2\/media\/3184"}],"wp:attachment":[{"href":"https:\/\/instytutpolski.pl\/beijing\/wp-json\/wp\/v2\/media?parent=5135"}],"curies":[{"name":"wp","href":"https:\/\/api.w.org\/{rel}","templated":true}]}}