{"id":25,"date":"2023-09-11T11:24:48","date_gmt":"2023-09-11T09:24:48","guid":{"rendered":"https:\/\/instytutpolski.pl\/belgrade\/?page_id=25"},"modified":"2023-09-18T10:46:16","modified_gmt":"2023-09-18T08:46:16","slug":"upoznaj-poljsku","status":"publish","type":"page","link":"https:\/\/instytutpolski.pl\/belgrade\/upoznaj-poljsku\/","title":{"rendered":"Upoznaj Poljsku"},"content":{"rendered":"<p><strong>Nedaleko od Var\u0161ave, glavnog grada Poljske, nalazi se geometrijski centar Evrope. <\/strong>U toku svoje, vi\u0161e od hiljadu godina duge istorije, Poljska je menjala obli\u010dje od evropske sile, preko potpunog gubitka nezavisnosti, do ekonomske predvodnice Srednjoisto\u010dne Evrope. Entuzijazam, kreativnost i potencijal poljskog preduzetni\u0161tva danas su poznati \u0161irom sveta. Zahvaljuju\u0107i odlu\u010dnosti Poljaka, naporima pokreta \u201eSolidarnost\u201c, kao i duhovnom autoritetu svetog pape Jovana Pavla II, Poljska se otrgla iz depresije komunisti\u010dkog re\u017eima i od 1989. godine ponovo je postala slobodna zemlja, \u010dija bogata tradicija i obi\u010daji privla\u010de milione turista iz celog sveta.<\/p>\n<p><strong>\u00a0\u00a0\u00a0\u00a0\u00a0\u00a0\u00a0\u00a0\u00a0\u00a0\u00a0 Kultura i umetnost<\/strong> vekovima su ja\u010dale nacionalni identitet Poljaka, poma\u017eu\u0107i im da prebrode i najte\u017ee istorijske trenutke. Poljski stvaraoci neprestano inspiri\u0161u svet. Upravo se, naime, u Poljskoj rodio Frederik \u0160open, jedan od najve\u0107ih svetskih kompozitora i pijanista. Njegovoj muzici posve\u0107en je jedan od najva\u017enijih svetskih muzi\u010dkih konkursa \u2013 Me\u0111unarodni konkurs \u201eFrederik \u0160open\u201c, koji se jo\u0161 od 1927. odr\u017eava u Var\u0161avi svake pete godine. Iz Poljske su potekli i brojni nobelovci, dobitnici Oskara i nagrade Gremi. Zahvaljuju\u0107i dobitnicima Nobelove nagrade, poput Vislave \u0160imborske, \u010ceslava Milo\u0161a i Olge Tokar\u010duk, Poljska je stekla renome zemlje pesnika i pisaca. Razvoju knji\u017eevnosti pogoduje upravo rezonantnost poljskog jezika, kojim se slu\u017ei vi\u0161e od 40 miliona ljudi u Poljskoj i u inostranstvu. Na poljskom je svoja filmska dela stvarao tako\u0111e And\u017eej Vajda, \u010duveni poljski reditelj oven\u010dan presti\u017enim nagradama. Poljak je bio i K\u0161i\u0161tof Penderecki, istaknuti kompozitor i \u010detvorostruki dobitnik Gremija.<\/p>\n<p><strong>\u00a0\u00a0\u00a0\u00a0\u00a0\u00a0\u00a0\u00a0\u00a0\u00a0\u00a0 Poljska je zemlja ljudi sa idejom.<\/strong> Poljski nau\u010dnici zaslu\u017eni su za brojna otkri\u0107a i pronalaske koji su promenili svet. U Var\u0161avi je ro\u0111ena i Marija Sklodovska-Kiri. Progla\u0161ena za najzna\u010dajniju nau\u010dnicu svih vremena, do dan-danas je jedina \u017eena koja je dvaput dobila Nobelovu nagradu (1903. i 1911. godine) i jedina me\u0111u nau\u010dnim radnicima koja je stekla tako visoka priznanja iz dve razli\u010dite oblasti prirodnih nauka. Bila je prva \u017eena koja je dobila Nobelovu nagradu iz hemije (za otkri\u0107e polonijuma i radijuma), prva \u017eena koja je imenovana za profesora na pariskom univerzitetu Sorbona i prva \u017eena koja je primljena u Medicinsku akademiju. Poljski fizi\u010dar Jan \u010cohralski, s druge strane, otkrio je metodu za dobijanje monokristala, koja je postavila temelje savremenoj elektronici. Od monokristala silicijuma, dobijenih metodom \u010cohralskog, izra\u0111uju se poluprovodnici, neophodni za rad kompjutera, tableta, mobilnih telefona, digitalnih foto-aparata, mp3 plejera i drugih elektronskih ure\u0111aja. Poljski matemati\u010dari Marjan Rejevski, Je\u017ei Ru\u017eicki i Henrik Zigalski, uspeli su pak da dekodiraju nema\u010dku \u201eEnigmu\u201c \u2013 najpoznatiju kriptografsku ma\u0161inu u istoriji. Tim dostignu\u0107em doprineli su okon\u010danju Drugog svetskog rata.<\/p>\n<p>Zahvaljuju\u0107i svom geografskom polo\u017eaju: od Balti\u010dkog mora i Mazurskih jezera na severu, preko centralnih nizija, pa sve do planinskih lanaca na jugu, Poljska je sa stanovi\u0161ta prirode i uop\u0161te prirodnih nauka izuzetno atraktivna zemlja. Poseduje 23 nacionalna parka, 1500 prirodnih rezervata i 145 pejza\u017enih parkova. Posetiocima time nudi bezbroj mogu\u0107nosti za aktivan odmor u vidu planinskih izleta, vo\u017enja biciklom, kajaka\u0161tva i splavarenja rekama i jezerima, jedrenja, surfovanja, jahanja \u2013 jednom od najdu\u017eih staza u Evropi, na primer, dugom 1800 kilometara, koja vodi kroz centralni deo zemlje, ili posmatranja retkih vrsta ptica u njihovom prirodnom stani\u0161tu.<\/p>\n<p>U Poljsku turiste privla\u010de i mnoga kulturna de\u0161avanja, muzi\u010dki, filmski i pozori\u0161ni festivali. Njihovi doma\u0107ini su poljski gradovi \u010duveni po izvanrednoj arhitekturi, nagra\u0111ivanoj na me\u0111unarodnim konkursima, poput prelepe zgrade Filharmonije \u201eMje\u010dislav Karlovi\u010d\u201c u \u0160\u010de\u0107inu \u2013 prve poljske gra\u0111evine kojoj je dodeljena najva\u017enija evropska arhitektonska nagrada \u201eMis van der Roe\u201c, ili Narodnog muzeja u \u0160\u010de\u0107inu \u2013 Centra za dijalog \u201ePreokreti\u201c, progla\u0161enog 2016. godine za najbolju zgradu na svetu na Svetskom festivalu arhitekture u Berlinu. Me\u0111u poljskim javnim objektima koji se isti\u010du na arhitektonskoj karti sveta nalaze se i \u0160ekspirovo pozori\u0161te i Evropski centar \u201eSolidarnost\u201c u Gdanjsku, \u0160leski muzej u Katovicama, koji je podignut na mestu nekada\u0161njeg rudnika uglja, zatim sedi\u0161te Nacionalnog simfonijskog orkestra Poljskog radija, tako\u0111e u Katovicama, te Centar za muziku \u201eK\u0161i\u0161tof Penderecki\u201c u Luslavicama, \u010duvena Krikoteka \u2013 Muzej Tadeu\u0161a Kantora u Krakovu, Muzej Var\u0161avskog ustanka i Muzej istorije poljskih Jevreja POLIN u Var\u0161avi.<\/p>\n<p>Posete ovim neobi\u010dnim kulturnim objektima pru\u017eaju uvid u slo\u017eenu istoriju Poljske, a katkad i u tragi\u010dne sudbine njenih stanovnika, naro\u010dito kao posledica stradanja za vreme Drugog svetskog rata. Ono \u0161to je izgubljeno, Poljska nastoji da obnovi. Postala je \u010duvarka se\u0107anja \u2013 jevrejsko nasle\u0111e koje je izgubljeno u Drugom svetsku ratu obnavlja potpoma\u017eu\u0107i razvoj savremene kulture jevrejske manjine u Poljskoj. Primer takve podr\u0161ke izme\u0111u ostalog je interdisciplinarni Festival jevrejske kulture, koji se ve\u0107 vi\u0161e od trideset godina odr\u017eava u Krakovu. Re\u010d je, naime, o najspektakularnijem festivalu tog tipa, sa desetinama hiljada posetilaca iz zemlje i sveta.<\/p>\n<p><strong>\u00a0\u00a0\u00a0\u00a0\u00a0\u00a0\u00a0\u00a0\u00a0\u00a0\u00a0 Poljska privla\u010di i ljubitelje filma, pozori\u0161ta i muzike. <\/strong>Velika su sre\u0107a i \u010dast za njih susreti sa najistaknutijim stvaraocima savremene muzike za vreme Me\u0111unarodnog festivala \u201eVar\u0161avska jesen\u201c, sa filmskim zvezdama i svetski priznatim snimateljima i direktorima fotografije na Festivalu kamermana \u201eEnergaKamerima\u017e\u201c u Torunju, ili pak sa nezavisnim autorima iz celog sveta koji u\u010destvuju na Me\u0111unarodnom festivalu \u201eNovi horizonti\u201c u Vroclavu, posve\u0107enom umetni\u010dkoj, vizionarskoj i eksperimentalnoj kinematografiji.<\/p>\n<p>https:\/\/youtu.be\/yhYKtPEB16E<\/p>\n<p>Vi\u0161e o Poljskoj:<\/p>\n<p><a href=\"https:\/\/poland.pl\/\" target=\"_blank\" rel=\"noopener\">Poland.pl<\/a><\/p>\n<p><a href=\"https:\/\/culture.pl\/pl\" target=\"_blank\" rel=\"noopener\">Culture.pl<\/a><\/p>\n<p><a href=\"http:\/\/polandtravel.pl\/\" target=\"_blank\" rel=\"noopener\">Polandtravel.pl<\/a><\/p>\n<p>Najnovije vesti iz Poljske na razli\u010ditim jezicima \u2013\u00a0<a href=\"https:\/\/www.polskieradio.pl\/399\/7994\" target=\"_blank\" rel=\"noopener\">Polskie\u00a0Radio\u00a0dla Zagranicy<\/a><\/p>\n","protected":false},"excerpt":{"rendered":"<p>Nedaleko od Var\u0161ave, glavnog grada Poljske, nalazi se geometrijski centar Evrope. U toku svoje, vi\u0161e od hiljadu godina duge istorije, Poljska je menjala obli\u010dje od evropske sile, preko potpunog gubitka nezavisnosti, do ekonomske predvodnice Srednjoisto\u010dne Evrope. Entuzijazam, kreativnost i potencijal poljskog preduzetni\u0161tva danas su poznati \u0161irom sveta. Zahvaljuju\u0107i odlu\u010dnosti Poljaka, naporima pokreta \u201eSolidarnost\u201c, kao i [&hellip;]<\/p>\n","protected":false},"author":178,"featured_media":73,"parent":0,"menu_order":0,"comment_status":"closed","ping_status":"closed","template":"","meta":{"inline_featured_image":false,"_monsterinsights_skip_tracking":false,"_monsterinsights_sitenote_active":false,"_monsterinsights_sitenote_note":"","_monsterinsights_sitenote_category":0,"footnotes":""},"class_list":["post-25","page","type-page","status-publish","has-post-thumbnail","hentry"],"yoast_head":"<!-- This site is optimized with the Yoast SEO plugin v24.6 - https:\/\/yoast.com\/wordpress\/plugins\/seo\/ -->\n<title>Upoznaj Poljsku - Instytut Polski w Belgradzie<\/title>\n<meta name=\"robots\" content=\"index, follow, max-snippet:-1, max-image-preview:large, max-video-preview:-1\" \/>\n<link rel=\"canonical\" href=\"https:\/\/instytutpolski.pl\/belgrade\/upoznaj-poljsku\/\" \/>\n<meta property=\"og:locale\" content=\"pl_PL\" \/>\n<meta property=\"og:type\" content=\"article\" \/>\n<meta property=\"og:title\" content=\"Upoznaj Poljsku - Instytut Polski w Belgradzie\" \/>\n<meta property=\"og:description\" content=\"Nedaleko od Var\u0161ave, glavnog grada Poljske, nalazi se geometrijski centar Evrope. U toku svoje, vi\u0161e od hiljadu godina duge istorije, Poljska je menjala obli\u010dje od evropske sile, preko potpunog gubitka nezavisnosti, do ekonomske predvodnice Srednjoisto\u010dne Evrope. Entuzijazam, kreativnost i potencijal poljskog preduzetni\u0161tva danas su poznati \u0161irom sveta. Zahvaljuju\u0107i odlu\u010dnosti Poljaka, naporima pokreta \u201eSolidarnost\u201c, kao i [&hellip;]\" \/>\n<meta property=\"og:url\" content=\"https:\/\/instytutpolski.pl\/belgrade\/upoznaj-poljsku\/\" \/>\n<meta property=\"og:site_name\" content=\"Instytut Polski w Belgradzie\" \/>\n<meta property=\"article:modified_time\" content=\"2023-09-18T08:46:16+00:00\" \/>\n<meta property=\"og:image\" content=\"https:\/\/instytutpolski.pl\/belgrade\/wp-content\/uploads\/sites\/30\/2023\/09\/36922064344_2853865a73_o-scaled.jpg\" \/>\n\t<meta property=\"og:image:width\" content=\"2560\" \/>\n\t<meta property=\"og:image:height\" content=\"954\" \/>\n\t<meta property=\"og:image:type\" content=\"image\/jpeg\" \/>\n<meta name=\"twitter:card\" content=\"summary_large_image\" \/>\n<meta name=\"twitter:label1\" content=\"Szacowany czas czytania\" \/>\n\t<meta name=\"twitter:data1\" content=\"5 minut\" \/>\n<script type=\"application\/ld+json\" class=\"yoast-schema-graph\">{\"@context\":\"https:\/\/schema.org\",\"@graph\":[{\"@type\":\"WebPage\",\"@id\":\"https:\/\/instytutpolski.pl\/belgrade\/upoznaj-poljsku\/\",\"url\":\"https:\/\/instytutpolski.pl\/belgrade\/upoznaj-poljsku\/\",\"name\":\"Upoznaj Poljsku - Instytut Polski w Belgradzie\",\"isPartOf\":{\"@id\":\"https:\/\/instytutpolski.pl\/belgrade\/#website\"},\"primaryImageOfPage\":{\"@id\":\"https:\/\/instytutpolski.pl\/belgrade\/upoznaj-poljsku\/#primaryimage\"},\"image\":{\"@id\":\"https:\/\/instytutpolski.pl\/belgrade\/upoznaj-poljsku\/#primaryimage\"},\"thumbnailUrl\":\"https:\/\/instytutpolski.pl\/belgrade\/wp-content\/uploads\/sites\/30\/2023\/09\/36922064344_2853865a73_o-scaled.jpg\",\"datePublished\":\"2023-09-11T09:24:48+00:00\",\"dateModified\":\"2023-09-18T08:46:16+00:00\",\"breadcrumb\":{\"@id\":\"https:\/\/instytutpolski.pl\/belgrade\/upoznaj-poljsku\/#breadcrumb\"},\"inLanguage\":\"pl-PL\",\"potentialAction\":[{\"@type\":\"ReadAction\",\"target\":[\"https:\/\/instytutpolski.pl\/belgrade\/upoznaj-poljsku\/\"]}]},{\"@type\":\"ImageObject\",\"inLanguage\":\"pl-PL\",\"@id\":\"https:\/\/instytutpolski.pl\/belgrade\/upoznaj-poljsku\/#primaryimage\",\"url\":\"https:\/\/instytutpolski.pl\/belgrade\/wp-content\/uploads\/sites\/30\/2023\/09\/36922064344_2853865a73_o-scaled.jpg\",\"contentUrl\":\"https:\/\/instytutpolski.pl\/belgrade\/wp-content\/uploads\/sites\/30\/2023\/09\/36922064344_2853865a73_o-scaled.jpg\",\"width\":2560,\"height\":954},{\"@type\":\"BreadcrumbList\",\"@id\":\"https:\/\/instytutpolski.pl\/belgrade\/upoznaj-poljsku\/#breadcrumb\",\"itemListElement\":[{\"@type\":\"ListItem\",\"position\":1,\"name\":\"Strona g\u0142\u00f3wna\",\"item\":\"https:\/\/instytutpolski.pl\/belgrade\/\"},{\"@type\":\"ListItem\",\"position\":2,\"name\":\"Upoznaj Poljsku\"}]},{\"@type\":\"WebSite\",\"@id\":\"https:\/\/instytutpolski.pl\/belgrade\/#website\",\"url\":\"https:\/\/instytutpolski.pl\/belgrade\/\",\"name\":\"Instytut Polski w Belgradzie\",\"description\":\"Instytuty Polskie\",\"potentialAction\":[{\"@type\":\"SearchAction\",\"target\":{\"@type\":\"EntryPoint\",\"urlTemplate\":\"https:\/\/instytutpolski.pl\/belgrade\/?s={search_term_string}\"},\"query-input\":{\"@type\":\"PropertyValueSpecification\",\"valueRequired\":true,\"valueName\":\"search_term_string\"}}],\"inLanguage\":\"pl-PL\"}]}<\/script>\n<!-- \/ Yoast SEO plugin. -->","yoast_head_json":{"title":"Upoznaj Poljsku - Instytut Polski w Belgradzie","robots":{"index":"index","follow":"follow","max-snippet":"max-snippet:-1","max-image-preview":"max-image-preview:large","max-video-preview":"max-video-preview:-1"},"canonical":"https:\/\/instytutpolski.pl\/belgrade\/upoznaj-poljsku\/","og_locale":"pl_PL","og_type":"article","og_title":"Upoznaj Poljsku - Instytut Polski w Belgradzie","og_description":"Nedaleko od Var\u0161ave, glavnog grada Poljske, nalazi se geometrijski centar Evrope. U toku svoje, vi\u0161e od hiljadu godina duge istorije, Poljska je menjala obli\u010dje od evropske sile, preko potpunog gubitka nezavisnosti, do ekonomske predvodnice Srednjoisto\u010dne Evrope. Entuzijazam, kreativnost i potencijal poljskog preduzetni\u0161tva danas su poznati \u0161irom sveta. Zahvaljuju\u0107i odlu\u010dnosti Poljaka, naporima pokreta \u201eSolidarnost\u201c, kao i [&hellip;]","og_url":"https:\/\/instytutpolski.pl\/belgrade\/upoznaj-poljsku\/","og_site_name":"Instytut Polski w Belgradzie","article_modified_time":"2023-09-18T08:46:16+00:00","og_image":[{"width":2560,"height":954,"url":"https:\/\/instytutpolski.pl\/belgrade\/wp-content\/uploads\/sites\/30\/2023\/09\/36922064344_2853865a73_o-scaled.jpg","type":"image\/jpeg"}],"twitter_card":"summary_large_image","twitter_misc":{"Szacowany czas czytania":"5 minut"},"schema":{"@context":"https:\/\/schema.org","@graph":[{"@type":"WebPage","@id":"https:\/\/instytutpolski.pl\/belgrade\/upoznaj-poljsku\/","url":"https:\/\/instytutpolski.pl\/belgrade\/upoznaj-poljsku\/","name":"Upoznaj Poljsku - Instytut Polski w Belgradzie","isPartOf":{"@id":"https:\/\/instytutpolski.pl\/belgrade\/#website"},"primaryImageOfPage":{"@id":"https:\/\/instytutpolski.pl\/belgrade\/upoznaj-poljsku\/#primaryimage"},"image":{"@id":"https:\/\/instytutpolski.pl\/belgrade\/upoznaj-poljsku\/#primaryimage"},"thumbnailUrl":"https:\/\/instytutpolski.pl\/belgrade\/wp-content\/uploads\/sites\/30\/2023\/09\/36922064344_2853865a73_o-scaled.jpg","datePublished":"2023-09-11T09:24:48+00:00","dateModified":"2023-09-18T08:46:16+00:00","breadcrumb":{"@id":"https:\/\/instytutpolski.pl\/belgrade\/upoznaj-poljsku\/#breadcrumb"},"inLanguage":"pl-PL","potentialAction":[{"@type":"ReadAction","target":["https:\/\/instytutpolski.pl\/belgrade\/upoznaj-poljsku\/"]}]},{"@type":"ImageObject","inLanguage":"pl-PL","@id":"https:\/\/instytutpolski.pl\/belgrade\/upoznaj-poljsku\/#primaryimage","url":"https:\/\/instytutpolski.pl\/belgrade\/wp-content\/uploads\/sites\/30\/2023\/09\/36922064344_2853865a73_o-scaled.jpg","contentUrl":"https:\/\/instytutpolski.pl\/belgrade\/wp-content\/uploads\/sites\/30\/2023\/09\/36922064344_2853865a73_o-scaled.jpg","width":2560,"height":954},{"@type":"BreadcrumbList","@id":"https:\/\/instytutpolski.pl\/belgrade\/upoznaj-poljsku\/#breadcrumb","itemListElement":[{"@type":"ListItem","position":1,"name":"Strona g\u0142\u00f3wna","item":"https:\/\/instytutpolski.pl\/belgrade\/"},{"@type":"ListItem","position":2,"name":"Upoznaj Poljsku"}]},{"@type":"WebSite","@id":"https:\/\/instytutpolski.pl\/belgrade\/#website","url":"https:\/\/instytutpolski.pl\/belgrade\/","name":"Instytut Polski w Belgradzie","description":"Instytuty Polskie","potentialAction":[{"@type":"SearchAction","target":{"@type":"EntryPoint","urlTemplate":"https:\/\/instytutpolski.pl\/belgrade\/?s={search_term_string}"},"query-input":{"@type":"PropertyValueSpecification","valueRequired":true,"valueName":"search_term_string"}}],"inLanguage":"pl-PL"}]}},"_links":{"self":[{"href":"https:\/\/instytutpolski.pl\/belgrade\/wp-json\/wp\/v2\/pages\/25","targetHints":{"allow":["GET"]}}],"collection":[{"href":"https:\/\/instytutpolski.pl\/belgrade\/wp-json\/wp\/v2\/pages"}],"about":[{"href":"https:\/\/instytutpolski.pl\/belgrade\/wp-json\/wp\/v2\/types\/page"}],"author":[{"embeddable":true,"href":"https:\/\/instytutpolski.pl\/belgrade\/wp-json\/wp\/v2\/users\/178"}],"replies":[{"embeddable":true,"href":"https:\/\/instytutpolski.pl\/belgrade\/wp-json\/wp\/v2\/comments?post=25"}],"version-history":[{"count":6,"href":"https:\/\/instytutpolski.pl\/belgrade\/wp-json\/wp\/v2\/pages\/25\/revisions"}],"predecessor-version":[{"id":84,"href":"https:\/\/instytutpolski.pl\/belgrade\/wp-json\/wp\/v2\/pages\/25\/revisions\/84"}],"wp:featuredmedia":[{"embeddable":true,"href":"https:\/\/instytutpolski.pl\/belgrade\/wp-json\/wp\/v2\/media\/73"}],"wp:attachment":[{"href":"https:\/\/instytutpolski.pl\/belgrade\/wp-json\/wp\/v2\/media?parent=25"}],"curies":[{"name":"wp","href":"https:\/\/api.w.org\/{rel}","templated":true}]}}