{"id":10772,"date":"2025-08-28T16:45:13","date_gmt":"2025-08-28T14:45:13","guid":{"rendered":"https:\/\/instytutpolski.pl\/berlin\/?page_id=10772"},"modified":"2025-08-28T16:55:06","modified_gmt":"2025-08-28T14:55:06","slug":"der-weisse-gesang","status":"publish","type":"page","link":"https:\/\/instytutpolski.pl\/berlin\/20-filmpolska\/der-weisse-gesang\/","title":{"rendered":"Der wei\u00dfe Gesang. Die mutigen Frauen der belarussischen Revolution"},"content":{"rendered":"\n<address>\u00a0<\/address>\n<h4>Gespr\u00e4ch in deutscher Sprache mit der Autorin <strong>Dorota Danielewicz<\/strong><\/h4>\n<p><br \/>Moderation: <strong>Martin Jankowski<\/strong><\/p>\n<p>Das 2022 ver\u00f6ffentlichte Buch \u201e<a href=\"https:\/\/www.europa-verlag.com\/Buecher\/6609\/DerweieGesang.html\">Der wei\u00dfe Gesang<\/a>\u201c (Europa Verlag) von Dorota Danielewicz erz\u00e4hlt die Geschichten von zehn belarusischen Frauen, die aufgrund ihrer aktiven Teilnahme an der Protestbewegung 2020 das Land verlassen mussten und seitdem im Exil in Polen bzw. Litauen leben. Da sich die Proteste dieses Jahr zum f\u00fcnften Mal j\u00e4hren, soll \u00fcber die Schicksale der im Buch portr\u00e4tierten Frauen gesprochen werden. Sind sie nach wie vor politisch aktiv? Wie gehen sie mit den Erfahrungen der letzten Jahre um? Wie sieht ihr Leben im Exil aus?<\/p>\n<p>Das Gespr\u00e4ch findet direkt vor der Vorf\u00fchrung des Films \u201e<strong><a href=\"https:\/\/instytutpolski.pl\/berlin\/20-filmpolska\/panorama-scheidewege\/#pod\">Pod szarym niebem \/ Under The Grey\u00a0 Sky<\/a><\/strong>\u201c von Mara Tamkovich statt, in dem die Geschichte der belarusischen Journalistin Kazjaryna Bachwalowa erz\u00e4hlt wird \u2013 einer weiteren mutigen Frau der Protestbewegung in Belarus.<\/p>\n<hr \/>\n<p>Die Publizistin, Schriftstellerin und Kulturmanagerin <strong>Dorota Danielewicz<\/strong> lebt seit 44 Jahren in Berlin.<\/p>\n<p>Der Dichter und Schriftsteller <strong>Martin Jankowski<\/strong> leitet internationale Kulturprojekte und die Berliner Literarische Aktion, deren Gr\u00fcnder er ist.<\/p>\n<hr \/>\n<p><strong><em>16.09. \/ 18:00 \/ Wolf Kino \/ anschl. Film \u201e<a href=\"https:\/\/instytutpolski.pl\/berlin\/20-filmpolska\/panorama-scheidewege\/#pod\">Pod szarym niebem \/ Under The Grey\u00a0 Sky<\/a>\u201c von Mara Tamkovich\u00a0<\/em><\/strong><\/p>\n<p>\u00a0<\/p>\n<div id=\"attachment_10777\" style=\"width: 405px\" class=\"wp-caption aligncenter\"><a href=\"https:\/\/www.europa-verlag.com\/Buecher\/6609\/DerweieGesang.html\"><img loading=\"lazy\" decoding=\"async\" aria-describedby=\"caption-attachment-10777\" class=\"wp-image-10777 size-full\" src=\"https:\/\/instytutpolski.pl\/berlin\/wp-content\/uploads\/sites\/3\/2025\/08\/2025-09-16-Dorota-Danielewicz-Der-weise-Gesang-Cover.png\" alt=\"\" width=\"395\" height=\"626\" srcset=\"https:\/\/instytutpolski.pl\/berlin\/wp-content\/uploads\/sites\/3\/2025\/08\/2025-09-16-Dorota-Danielewicz-Der-weise-Gesang-Cover.png 395w, https:\/\/instytutpolski.pl\/berlin\/wp-content\/uploads\/sites\/3\/2025\/08\/2025-09-16-Dorota-Danielewicz-Der-weise-Gesang-Cover-189x300.png 189w\" sizes=\"auto, (max-width: 395px) 100vw, 395px\" \/><\/a><p id=\"caption-attachment-10777\" class=\"wp-caption-text\">\u00a9 Europa Verlag<\/p><\/div>\n","protected":false},"excerpt":{"rendered":"<p>\u00a0 Gespr\u00e4ch in deutscher Sprache mit der Autorin Dorota Danielewicz Moderation: Martin Jankowski Das 2022 ver\u00f6ffentlichte Buch \u201eDer wei\u00dfe Gesang\u201c (Europa Verlag) von Dorota Danielewicz erz\u00e4hlt die Geschichten von zehn belarusischen Frauen, die aufgrund ihrer aktiven Teilnahme an der Protestbewegung 2020 das Land verlassen mussten und seitdem im Exil in Polen bzw. Litauen leben. Da [&hellip;]<\/p>\n","protected":false},"author":79,"featured_media":9714,"parent":3457,"menu_order":0,"comment_status":"closed","ping_status":"closed","template":"","meta":{"inline_featured_image":false,"_monsterinsights_skip_tracking":false,"_monsterinsights_sitenote_active":false,"_monsterinsights_sitenote_note":"","_monsterinsights_sitenote_category":0,"footnotes":""},"class_list":["post-10772","page","type-page","status-publish","has-post-thumbnail","hentry"],"yoast_head":"<!-- This site is optimized with the Yoast SEO plugin v24.6 - https:\/\/yoast.com\/wordpress\/plugins\/seo\/ -->\n<title>Der wei\u00dfe Gesang. Die mutigen Frauen der belarussischen Revolution - Instytut Polski w Berlinie<\/title>\n<meta name=\"robots\" content=\"index, follow, max-snippet:-1, max-image-preview:large, max-video-preview:-1\" \/>\n<link rel=\"canonical\" href=\"https:\/\/instytutpolski.pl\/berlin\/20-filmpolska\/der-weisse-gesang\/\" \/>\n<meta property=\"og:locale\" content=\"pl_PL\" \/>\n<meta property=\"og:type\" content=\"article\" \/>\n<meta property=\"og:title\" content=\"Der wei\u00dfe Gesang. Die mutigen Frauen der belarussischen Revolution - Instytut Polski w Berlinie\" \/>\n<meta property=\"og:description\" content=\"\u00a0 Gespr\u00e4ch in deutscher Sprache mit der Autorin Dorota Danielewicz Moderation: Martin Jankowski Das 2022 ver\u00f6ffentlichte Buch \u201eDer wei\u00dfe Gesang\u201c (Europa Verlag) von Dorota Danielewicz erz\u00e4hlt die Geschichten von zehn belarusischen Frauen, die aufgrund ihrer aktiven Teilnahme an der Protestbewegung 2020 das Land verlassen mussten und seitdem im Exil in Polen bzw. Litauen leben. Da [&hellip;]\" \/>\n<meta property=\"og:url\" content=\"https:\/\/instytutpolski.pl\/berlin\/20-filmpolska\/der-weisse-gesang\/\" \/>\n<meta property=\"og:site_name\" content=\"Instytut Polski w Berlinie\" \/>\n<meta property=\"article:modified_time\" content=\"2025-08-28T14:55:06+00:00\" \/>\n<meta property=\"og:image\" content=\"https:\/\/instytutpolski.pl\/berlin\/wp-content\/uploads\/sites\/3\/2025\/08\/Zrzut-ekranu-2025-08-2-o-04.53.06.png\" \/>\n\t<meta property=\"og:image:width\" content=\"2306\" \/>\n\t<meta property=\"og:image:height\" content=\"870\" \/>\n\t<meta property=\"og:image:type\" content=\"image\/png\" \/>\n<meta name=\"twitter:card\" content=\"summary_large_image\" \/>\n<meta name=\"twitter:label1\" content=\"Szacowany czas czytania\" \/>\n\t<meta name=\"twitter:data1\" content=\"2 minuty\" \/>\n<script type=\"application\/ld+json\" class=\"yoast-schema-graph\">{\"@context\":\"https:\/\/schema.org\",\"@graph\":[{\"@type\":\"WebPage\",\"@id\":\"https:\/\/instytutpolski.pl\/berlin\/20-filmpolska\/der-weisse-gesang\/\",\"url\":\"https:\/\/instytutpolski.pl\/berlin\/20-filmpolska\/der-weisse-gesang\/\",\"name\":\"Der wei\u00dfe Gesang. Die mutigen Frauen der belarussischen Revolution - Instytut Polski w Berlinie\",\"isPartOf\":{\"@id\":\"https:\/\/instytutpolski.pl\/berlin\/#website\"},\"primaryImageOfPage\":{\"@id\":\"https:\/\/instytutpolski.pl\/berlin\/20-filmpolska\/der-weisse-gesang\/#primaryimage\"},\"image\":{\"@id\":\"https:\/\/instytutpolski.pl\/berlin\/20-filmpolska\/der-weisse-gesang\/#primaryimage\"},\"thumbnailUrl\":\"https:\/\/instytutpolski.pl\/berlin\/wp-content\/uploads\/sites\/3\/2025\/08\/Zrzut-ekranu-2025-08-2-o-04.53.06.png\",\"datePublished\":\"2025-08-28T14:45:13+00:00\",\"dateModified\":\"2025-08-28T14:55:06+00:00\",\"breadcrumb\":{\"@id\":\"https:\/\/instytutpolski.pl\/berlin\/20-filmpolska\/der-weisse-gesang\/#breadcrumb\"},\"inLanguage\":\"pl-PL\",\"potentialAction\":[{\"@type\":\"ReadAction\",\"target\":[\"https:\/\/instytutpolski.pl\/berlin\/20-filmpolska\/der-weisse-gesang\/\"]}]},{\"@type\":\"ImageObject\",\"inLanguage\":\"pl-PL\",\"@id\":\"https:\/\/instytutpolski.pl\/berlin\/20-filmpolska\/der-weisse-gesang\/#primaryimage\",\"url\":\"https:\/\/instytutpolski.pl\/berlin\/wp-content\/uploads\/sites\/3\/2025\/08\/Zrzut-ekranu-2025-08-2-o-04.53.06.png\",\"contentUrl\":\"https:\/\/instytutpolski.pl\/berlin\/wp-content\/uploads\/sites\/3\/2025\/08\/Zrzut-ekranu-2025-08-2-o-04.53.06.png\",\"width\":2306,\"height\":870},{\"@type\":\"BreadcrumbList\",\"@id\":\"https:\/\/instytutpolski.pl\/berlin\/20-filmpolska\/der-weisse-gesang\/#breadcrumb\",\"itemListElement\":[{\"@type\":\"ListItem\",\"position\":1,\"name\":\"Home\",\"item\":\"https:\/\/instytutpolski.pl\/berlin\/\"},{\"@type\":\"ListItem\",\"position\":2,\"name\":\"20. filmPOLSKA\",\"item\":\"https:\/\/instytutpolski.pl\/berlin\/20-filmpolska\/\"},{\"@type\":\"ListItem\",\"position\":3,\"name\":\"Der wei\u00dfe Gesang. Die mutigen Frauen der belarussischen Revolution\"}]},{\"@type\":\"WebSite\",\"@id\":\"https:\/\/instytutpolski.pl\/berlin\/#website\",\"url\":\"https:\/\/instytutpolski.pl\/berlin\/\",\"name\":\"Instytut Polski w Berlinie\",\"description\":\"Instytuty Polskie\",\"potentialAction\":[{\"@type\":\"SearchAction\",\"target\":{\"@type\":\"EntryPoint\",\"urlTemplate\":\"https:\/\/instytutpolski.pl\/berlin\/?s={search_term_string}\"},\"query-input\":{\"@type\":\"PropertyValueSpecification\",\"valueRequired\":true,\"valueName\":\"search_term_string\"}}],\"inLanguage\":\"pl-PL\"}]}<\/script>\n<!-- \/ Yoast SEO plugin. -->","yoast_head_json":{"title":"Der wei\u00dfe Gesang. Die mutigen Frauen der belarussischen Revolution - Instytut Polski w Berlinie","robots":{"index":"index","follow":"follow","max-snippet":"max-snippet:-1","max-image-preview":"max-image-preview:large","max-video-preview":"max-video-preview:-1"},"canonical":"https:\/\/instytutpolski.pl\/berlin\/20-filmpolska\/der-weisse-gesang\/","og_locale":"pl_PL","og_type":"article","og_title":"Der wei\u00dfe Gesang. Die mutigen Frauen der belarussischen Revolution - Instytut Polski w Berlinie","og_description":"\u00a0 Gespr\u00e4ch in deutscher Sprache mit der Autorin Dorota Danielewicz Moderation: Martin Jankowski Das 2022 ver\u00f6ffentlichte Buch \u201eDer wei\u00dfe Gesang\u201c (Europa Verlag) von Dorota Danielewicz erz\u00e4hlt die Geschichten von zehn belarusischen Frauen, die aufgrund ihrer aktiven Teilnahme an der Protestbewegung 2020 das Land verlassen mussten und seitdem im Exil in Polen bzw. Litauen leben. Da [&hellip;]","og_url":"https:\/\/instytutpolski.pl\/berlin\/20-filmpolska\/der-weisse-gesang\/","og_site_name":"Instytut Polski w Berlinie","article_modified_time":"2025-08-28T14:55:06+00:00","og_image":[{"width":2306,"height":870,"url":"https:\/\/instytutpolski.pl\/berlin\/wp-content\/uploads\/sites\/3\/2025\/08\/Zrzut-ekranu-2025-08-2-o-04.53.06.png","type":"image\/png"}],"twitter_card":"summary_large_image","twitter_misc":{"Szacowany czas czytania":"2 minuty"},"schema":{"@context":"https:\/\/schema.org","@graph":[{"@type":"WebPage","@id":"https:\/\/instytutpolski.pl\/berlin\/20-filmpolska\/der-weisse-gesang\/","url":"https:\/\/instytutpolski.pl\/berlin\/20-filmpolska\/der-weisse-gesang\/","name":"Der wei\u00dfe Gesang. Die mutigen Frauen der belarussischen Revolution - Instytut Polski w Berlinie","isPartOf":{"@id":"https:\/\/instytutpolski.pl\/berlin\/#website"},"primaryImageOfPage":{"@id":"https:\/\/instytutpolski.pl\/berlin\/20-filmpolska\/der-weisse-gesang\/#primaryimage"},"image":{"@id":"https:\/\/instytutpolski.pl\/berlin\/20-filmpolska\/der-weisse-gesang\/#primaryimage"},"thumbnailUrl":"https:\/\/instytutpolski.pl\/berlin\/wp-content\/uploads\/sites\/3\/2025\/08\/Zrzut-ekranu-2025-08-2-o-04.53.06.png","datePublished":"2025-08-28T14:45:13+00:00","dateModified":"2025-08-28T14:55:06+00:00","breadcrumb":{"@id":"https:\/\/instytutpolski.pl\/berlin\/20-filmpolska\/der-weisse-gesang\/#breadcrumb"},"inLanguage":"pl-PL","potentialAction":[{"@type":"ReadAction","target":["https:\/\/instytutpolski.pl\/berlin\/20-filmpolska\/der-weisse-gesang\/"]}]},{"@type":"ImageObject","inLanguage":"pl-PL","@id":"https:\/\/instytutpolski.pl\/berlin\/20-filmpolska\/der-weisse-gesang\/#primaryimage","url":"https:\/\/instytutpolski.pl\/berlin\/wp-content\/uploads\/sites\/3\/2025\/08\/Zrzut-ekranu-2025-08-2-o-04.53.06.png","contentUrl":"https:\/\/instytutpolski.pl\/berlin\/wp-content\/uploads\/sites\/3\/2025\/08\/Zrzut-ekranu-2025-08-2-o-04.53.06.png","width":2306,"height":870},{"@type":"BreadcrumbList","@id":"https:\/\/instytutpolski.pl\/berlin\/20-filmpolska\/der-weisse-gesang\/#breadcrumb","itemListElement":[{"@type":"ListItem","position":1,"name":"Home","item":"https:\/\/instytutpolski.pl\/berlin\/"},{"@type":"ListItem","position":2,"name":"20. filmPOLSKA","item":"https:\/\/instytutpolski.pl\/berlin\/20-filmpolska\/"},{"@type":"ListItem","position":3,"name":"Der wei\u00dfe Gesang. Die mutigen Frauen der belarussischen Revolution"}]},{"@type":"WebSite","@id":"https:\/\/instytutpolski.pl\/berlin\/#website","url":"https:\/\/instytutpolski.pl\/berlin\/","name":"Instytut Polski w Berlinie","description":"Instytuty Polskie","potentialAction":[{"@type":"SearchAction","target":{"@type":"EntryPoint","urlTemplate":"https:\/\/instytutpolski.pl\/berlin\/?s={search_term_string}"},"query-input":{"@type":"PropertyValueSpecification","valueRequired":true,"valueName":"search_term_string"}}],"inLanguage":"pl-PL"}]}},"_links":{"self":[{"href":"https:\/\/instytutpolski.pl\/berlin\/wp-json\/wp\/v2\/pages\/10772","targetHints":{"allow":["GET"]}}],"collection":[{"href":"https:\/\/instytutpolski.pl\/berlin\/wp-json\/wp\/v2\/pages"}],"about":[{"href":"https:\/\/instytutpolski.pl\/berlin\/wp-json\/wp\/v2\/types\/page"}],"author":[{"embeddable":true,"href":"https:\/\/instytutpolski.pl\/berlin\/wp-json\/wp\/v2\/users\/79"}],"replies":[{"embeddable":true,"href":"https:\/\/instytutpolski.pl\/berlin\/wp-json\/wp\/v2\/comments?post=10772"}],"version-history":[{"count":4,"href":"https:\/\/instytutpolski.pl\/berlin\/wp-json\/wp\/v2\/pages\/10772\/revisions"}],"predecessor-version":[{"id":10782,"href":"https:\/\/instytutpolski.pl\/berlin\/wp-json\/wp\/v2\/pages\/10772\/revisions\/10782"}],"up":[{"embeddable":true,"href":"https:\/\/instytutpolski.pl\/berlin\/wp-json\/wp\/v2\/pages\/3457"}],"wp:featuredmedia":[{"embeddable":true,"href":"https:\/\/instytutpolski.pl\/berlin\/wp-json\/wp\/v2\/media\/9714"}],"wp:attachment":[{"href":"https:\/\/instytutpolski.pl\/berlin\/wp-json\/wp\/v2\/media?parent=10772"}],"curies":[{"name":"wp","href":"https:\/\/api.w.org\/{rel}","templated":true}]}}