{"id":1393,"date":"2020-08-12T09:26:42","date_gmt":"2020-08-12T07:26:42","guid":{"rendered":"https:\/\/instytutpolski.pl\/berlin\/?page_id=1393"},"modified":"2021-08-30T07:29:45","modified_gmt":"2021-08-30T05:29:45","slug":"kontakt","status":"publish","type":"page","link":"https:\/\/instytutpolski.pl\/berlin\/filmpolska-2\/kontakt\/","title":{"rendered":"Kontakt"},"content":{"rendered":"\n<div>\n<h3>Veranstalter:<img loading=\"lazy\" decoding=\"async\" class=\"wp-image-2907 alignright\" src=\"https:\/\/instytutpolski.pl\/berlin\/wp-content\/uploads\/sites\/3\/2021\/08\/logo_filmpolska-300x137.png\" alt=\"\" width=\"427\" height=\"195\" srcset=\"https:\/\/instytutpolski.pl\/berlin\/wp-content\/uploads\/sites\/3\/2021\/08\/logo_filmpolska-300x137.png 300w, https:\/\/instytutpolski.pl\/berlin\/wp-content\/uploads\/sites\/3\/2021\/08\/logo_filmpolska-1024x467.png 1024w, https:\/\/instytutpolski.pl\/berlin\/wp-content\/uploads\/sites\/3\/2021\/08\/logo_filmpolska-768x351.png 768w, https:\/\/instytutpolski.pl\/berlin\/wp-content\/uploads\/sites\/3\/2021\/08\/logo_filmpolska.png 1150w\" sizes=\"auto, (max-width: 427px) 100vw, 427px\" \/><\/h3>\n<p><strong>Polnisches Institut Berlin<br \/><\/strong>Direktorin: Marzena K\u0119powicz<br \/>Burgstr. 27<br \/>10178 Berlin<\/p>\n<div>Tel.: +49 (0)30 24 75 81 0<\/div>\n<div>Fax: +49 (0)30 24 75 81 30<\/div>\n<div>E-Mail: <a href=\"berlin@instytutpolski.pl\">berlin@instytutpolski.pl<\/a><br \/><a href=\"https:\/\/www.facebook.com\/filmpolska.berlin\">Facebook filmPOLSKA<\/a><br \/><a href=\"https:\/\/www.facebook.com\/polnischesinstitutberlin\">Facebook Polnisches Institut Berlin<\/a><br \/><br \/><\/div>\n<\/div>\n<div>\n<h3>Festivalteam:<\/h3>\n<\/div>\n<div class=\"page\" title=\"Page 72\">\n<div class=\"section\">\n<div class=\"layoutArea\">\n<div class=\"column\">\n<p><strong>Kurator:<\/strong> Kornel Miglus<br \/><strong>Kuratorium Retrospektive:<\/strong> Jo\u0308rg Freis, Kornel Miglus &amp; Grzegorz Skorupski<br \/><strong>Kuratorium \u201eKunst im Kino\u201c:<\/strong> Anna Baumgart<br \/><strong>Kuratorium \u201eNight of Shorts\u201c:<\/strong> Natalia Zuch &amp; Kornel Miglus<br \/><strong>Kuratorium \u201eNight of the Bisons\u201c:<\/strong> Krzysztof Sienkiewicz &amp; Maciej Rant<br \/><strong>Ausstellung &#8222;Gro\u00dfe Kunst f\u00fcr die gro\u00dfe Leinwand&#8221;:<\/strong> Joanna Szymczak<br \/><br \/><strong>Programm &amp; Redaktion:<\/strong> Kornel Miglus, Natalia Zuch &amp; Rainer Mende<br \/><strong>Organisation:<\/strong> Mitarbeiter*innen des Polnischen Instituts Berlin,<strong> Direktorin:<\/strong> Marzena Ke\u0328powicz<br \/><strong>Presse:<\/strong> Marie Ketzscher<br \/><strong>Werbematerialien:<\/strong> Martyna Witkowska<br \/><strong>Ga\u0308stebetreuung:<\/strong> Dorota Filipiak<br \/><strong>Jury-Betreuung:<\/strong> Wolfgang Reinke<br \/><strong style=\"font-size: revert;color: initial;font-family: -apple-system, BlinkMacSystemFont, 'Segoe UI', Roboto, Oxygen-Sans, Ubuntu, Cantarell, 'Helvetica Neue', sans-serif\">Organisation Buskonzert:<\/strong><span style=\"font-size: revert;color: initial;font-family: -apple-system, BlinkMacSystemFont, 'Segoe UI', Roboto, Oxygen-Sans, Ubuntu, Cantarell, 'Helvetica Neue', sans-serif\"> Paulina Stencel<br \/><\/span><span style=\"font-size: revert;color: initial;font-family: -apple-system, BlinkMacSystemFont, 'Segoe UI', Roboto, Oxygen-Sans, Ubuntu, Cantarell, 'Helvetica Neue', sans-serif\"><strong>Organisation Ero\u0308ffnung:<\/strong> Anna Huth &amp; Anna Piwowarczyk<br \/><\/span><span style=\"font-size: revert;color: initial;font-family: -apple-system, BlinkMacSystemFont, 'Segoe UI', Roboto, Oxygen-Sans, Ubuntu, Cantarell, 'Helvetica Neue', sans-serif\"><strong>Betreuung \u201eKunst im Kino\u201c:<\/strong> Joanna Glinkowska<br \/><\/span><strong><span style=\"font-size: revert;color: initial;font-family: -apple-system, BlinkMacSystemFont, 'Segoe UI', Roboto, Oxygen-Sans, Ubuntu, Cantarell, 'Helvetica Neue', sans-serif\">Buchhaltung &amp; Finanzen: <\/span><\/strong><span style=\"font-size: revert;color: initial;font-family: -apple-system, BlinkMacSystemFont, 'Segoe UI', Roboto, Oxygen-Sans, Ubuntu, Cantarell, 'Helvetica Neue', sans-serif\">Honorata Bella &amp; Ma\u0142gorzata Les\u0301niewicz<br \/><\/span><strong style=\"font-size: revert;color: initial;font-family: -apple-system, BlinkMacSystemFont, 'Segoe UI', Roboto, Oxygen-Sans, Ubuntu, Cantarell, 'Helvetica Neue', sans-serif\">Trailer:<\/strong><span style=\"font-size: revert;color: initial;font-family: -apple-system, BlinkMacSystemFont, 'Segoe UI', Roboto, Oxygen-Sans, Ubuntu, Cantarell, 'Helvetica Neue', sans-serif\"> Zbigniew Bzymek<br \/><\/span><strong style=\"font-size: revert;color: initial;font-family: -apple-system, BlinkMacSystemFont, 'Segoe UI', Roboto, Oxygen-Sans, Ubuntu, Cantarell, 'Helvetica Neue', sans-serif\">Social Media:<\/strong><span style=\"font-size: revert;color: initial;font-family: -apple-system, BlinkMacSystemFont, 'Segoe UI', Roboto, Oxygen-Sans, Ubuntu, Cantarell, 'Helvetica Neue', sans-serif\"> Teresa Vena<br \/><\/span><strong style=\"font-size: revert;color: initial;font-family: -apple-system, BlinkMacSystemFont, 'Segoe UI', Roboto, Oxygen-Sans, Ubuntu, Cantarell, 'Helvetica Neue', sans-serif\">Musik zur Ero\u0308ffnung:<\/strong><span style=\"font-size: revert;color: initial;font-family: -apple-system, BlinkMacSystemFont, 'Segoe UI', Roboto, Oxygen-Sans, Ubuntu, Cantarell, 'Helvetica Neue', sans-serif\"> Natalia Mateo &amp; Bertram Burkert<br \/><\/span><strong style=\"font-size: revert;color: initial;font-family: -apple-system, BlinkMacSystemFont, 'Segoe UI', Roboto, Oxygen-Sans, Ubuntu, Cantarell, 'Helvetica Neue', sans-serif\">Fotografie:<\/strong><span style=\"font-size: revert;color: initial;font-family: -apple-system, BlinkMacSystemFont, 'Segoe UI', Roboto, Oxygen-Sans, Ubuntu, Cantarell, 'Helvetica Neue', sans-serif\"> Katarzyna Mazur<br \/><strong>Kamera (Konzert):<\/strong> Frank Schmieding<br \/><strong>Grafikdesign und Druckvorbereitung:<\/strong> Poster &amp; sons<br \/><\/span><\/p>\n<\/div>\n<\/div>\n<\/div>\n<\/div>\n<div class=\"page\" title=\"Page 73\">\n<div class=\"layoutArea\">\n<div class=\"column\">\n<p><strong>Moderator*innen:<\/strong> Joanna Glinkowska (IL Kino), Anna Huth (Sputnik), Barbara Kiszczak (Zeughaus), Karsten Matern (b-ware!, Freiluftkino Friedrichshagen), Kornel Miglus (Freilichtbu\u0308hne Wei\u00dfensee, Pompeji &amp; Reduta), Ella Fina Rullmann (fsk), Ulrich Tempel (Topographie des Terrors), Rebekka Heller (Mobile Kino im Kiezkino Charlottenburg), Julia Wita (Bundesplatz)<\/p>\n<p><strong>Kinobetreuer*innen:<\/strong> Martin Erlenmaier (Bundesplatz), Jo\u0308rg Fries (Zeughaus), Fernando Huerta (Mobile Kino im Kiezkino Charlottenburg), Sven Loose (Pompeji), Carla Molino (IL Kino), Thomas Reinecke (Freiluftkino Friedrichshagen), Fabrice Rise (Reduta), Georg Scherlin (Freilichtbu\u0308hne Wei\u00dfensee), Louis Schneider (Freiluftkino Kreuzberg), Skalli da Senhora (b-ware! Ladenkino), Andrea Stosiek (Sputnik), Christian Suhren (fsk), Ulrich Tempel (Topographie des Terrors)<\/p>\n<p><strong>Unterstu\u0308tzer:<\/strong> Ministerium fu\u0308r Kultur, Nationales Erbe und Sport der Republik Polen, Adam-Mickiewicz-Institut &amp; Mokry Nos Psa<br \/><strong>Kooperationspartner:<\/strong> Topographie des Terrors, Deutsches Historisches Museum, fsk Kino und Initiative \u201eFilmowe Podlasie Atakuje!\u201c<br \/><strong>Schirmherr:<\/strong> Medienboard Berlin-Brandenburg<br \/><strong>Medienpartner:<\/strong> COSMO, Indiekino Berlin &amp; Cinematic Berlin<br \/><strong>Konzert-Sponsor:<\/strong> BVB.net Bus-Verkehr-Berlin<\/p>\n<p>\u00a0<\/p>\n<p>Eintrittskarten sind ausschlie\u00dflich in den jeweiligen Festival-Kinos vor Ort oder online auf den Websites der Kinos erha\u0308ltlich. Die Eintrittspreise richten sich nach den jeweiligen Spielsta\u0308tten. Aufgrund der Corona-Pandemie ist die Anzahl der Tickets begrenzt.<\/p>\n<p><strong>Coronavirus-Pandemie:<\/strong> Wenn Sie an den Veranstaltungen des Festivals teilnehmen, beachten und befolgen Sie bitte die Hygiene- und Distanzierungsrichtlinien der jeweiligen Veranstaltungsorte.<\/p>\n<p>Programma\u0308nderungen vorbehalten.<\/p>\n<\/div>\n<\/div>\n<\/div>\n<p>\u00a0<\/p>\n","protected":false},"excerpt":{"rendered":"<p>Veranstalter: Polnisches Institut BerlinDirektorin: Marzena K\u0119powiczBurgstr. 2710178 Berlin Tel.: +49 (0)30 24 75 81 0 Fax: +49 (0)30 24 75 81 30 E-Mail: berlin@instytutpolski.plFacebook filmPOLSKAFacebook Polnisches Institut Berlin Festivalteam: Kurator: Kornel MiglusKuratorium Retrospektive: Jo\u0308rg Freis, Kornel Miglus &amp; Grzegorz SkorupskiKuratorium \u201eKunst im Kino\u201c: Anna BaumgartKuratorium \u201eNight of Shorts\u201c: Natalia Zuch &amp; Kornel MiglusKuratorium \u201eNight of [&hellip;]<\/p>\n","protected":false},"author":14,"featured_media":0,"parent":1388,"menu_order":0,"comment_status":"closed","ping_status":"closed","template":"","meta":{"inline_featured_image":false,"_monsterinsights_skip_tracking":false,"_monsterinsights_sitenote_active":false,"_monsterinsights_sitenote_note":"","_monsterinsights_sitenote_category":0,"footnotes":""},"class_list":["post-1393","page","type-page","status-publish","hentry"],"yoast_head":"<!-- This site is optimized with the Yoast SEO plugin v24.6 - https:\/\/yoast.com\/wordpress\/plugins\/seo\/ -->\n<title>Kontakt - Instytut Polski w Berlinie<\/title>\n<meta name=\"robots\" content=\"index, follow, max-snippet:-1, max-image-preview:large, max-video-preview:-1\" \/>\n<link rel=\"canonical\" href=\"https:\/\/instytutpolski.pl\/berlin\/filmpolska-2\/kontakt\/\" \/>\n<meta property=\"og:locale\" content=\"pl_PL\" \/>\n<meta property=\"og:type\" content=\"article\" \/>\n<meta property=\"og:title\" content=\"Kontakt - Instytut Polski w Berlinie\" \/>\n<meta property=\"og:description\" content=\"Veranstalter: Polnisches Institut BerlinDirektorin: Marzena K\u0119powiczBurgstr. 2710178 Berlin Tel.: +49 (0)30 24 75 81 0 Fax: +49 (0)30 24 75 81 30 E-Mail: berlin@instytutpolski.plFacebook filmPOLSKAFacebook Polnisches Institut Berlin Festivalteam: Kurator: Kornel MiglusKuratorium Retrospektive: Jo\u0308rg Freis, Kornel Miglus &amp; Grzegorz SkorupskiKuratorium \u201eKunst im Kino\u201c: Anna BaumgartKuratorium \u201eNight of Shorts\u201c: Natalia Zuch &amp; Kornel MiglusKuratorium \u201eNight of [&hellip;]\" \/>\n<meta property=\"og:url\" content=\"https:\/\/instytutpolski.pl\/berlin\/filmpolska-2\/kontakt\/\" \/>\n<meta property=\"og:site_name\" content=\"Instytut Polski w Berlinie\" \/>\n<meta property=\"article:modified_time\" content=\"2021-08-30T05:29:45+00:00\" \/>\n<meta property=\"og:image\" content=\"https:\/\/instytutpolski.pl\/berlin\/wp-content\/uploads\/sites\/3\/2021\/08\/logo_filmpolska-300x137.png\" \/>\n<meta name=\"twitter:card\" content=\"summary_large_image\" \/>\n<meta name=\"twitter:label1\" content=\"Szacowany czas czytania\" \/>\n\t<meta name=\"twitter:data1\" content=\"2 minuty\" \/>\n<script type=\"application\/ld+json\" class=\"yoast-schema-graph\">{\"@context\":\"https:\/\/schema.org\",\"@graph\":[{\"@type\":\"WebPage\",\"@id\":\"https:\/\/instytutpolski.pl\/berlin\/filmpolska-2\/kontakt\/\",\"url\":\"https:\/\/instytutpolski.pl\/berlin\/filmpolska-2\/kontakt\/\",\"name\":\"Kontakt - Instytut Polski w Berlinie\",\"isPartOf\":{\"@id\":\"https:\/\/instytutpolski.pl\/berlin\/#website\"},\"primaryImageOfPage\":{\"@id\":\"https:\/\/instytutpolski.pl\/berlin\/filmpolska-2\/kontakt\/#primaryimage\"},\"image\":{\"@id\":\"https:\/\/instytutpolski.pl\/berlin\/filmpolska-2\/kontakt\/#primaryimage\"},\"thumbnailUrl\":\"https:\/\/instytutpolski.pl\/berlin\/wp-content\/uploads\/sites\/3\/2021\/08\/logo_filmpolska-300x137.png\",\"datePublished\":\"2020-08-12T07:26:42+00:00\",\"dateModified\":\"2021-08-30T05:29:45+00:00\",\"breadcrumb\":{\"@id\":\"https:\/\/instytutpolski.pl\/berlin\/filmpolska-2\/kontakt\/#breadcrumb\"},\"inLanguage\":\"pl-PL\",\"potentialAction\":[{\"@type\":\"ReadAction\",\"target\":[\"https:\/\/instytutpolski.pl\/berlin\/filmpolska-2\/kontakt\/\"]}]},{\"@type\":\"ImageObject\",\"inLanguage\":\"pl-PL\",\"@id\":\"https:\/\/instytutpolski.pl\/berlin\/filmpolska-2\/kontakt\/#primaryimage\",\"url\":\"https:\/\/instytutpolski.pl\/berlin\/wp-content\/uploads\/sites\/3\/2021\/08\/logo_filmpolska.png\",\"contentUrl\":\"https:\/\/instytutpolski.pl\/berlin\/wp-content\/uploads\/sites\/3\/2021\/08\/logo_filmpolska.png\",\"width\":1150,\"height\":525},{\"@type\":\"BreadcrumbList\",\"@id\":\"https:\/\/instytutpolski.pl\/berlin\/filmpolska-2\/kontakt\/#breadcrumb\",\"itemListElement\":[{\"@type\":\"ListItem\",\"position\":1,\"name\":\"Home\",\"item\":\"https:\/\/instytutpolski.pl\/berlin\/\"},{\"@type\":\"ListItem\",\"position\":2,\"name\":\"filmPOLSKA\",\"item\":\"https:\/\/instytutpolski.pl\/berlin\/filmpolska-2\/\"},{\"@type\":\"ListItem\",\"position\":3,\"name\":\"Kontakt\"}]},{\"@type\":\"WebSite\",\"@id\":\"https:\/\/instytutpolski.pl\/berlin\/#website\",\"url\":\"https:\/\/instytutpolski.pl\/berlin\/\",\"name\":\"Instytut Polski w Berlinie\",\"description\":\"Instytuty Polskie\",\"potentialAction\":[{\"@type\":\"SearchAction\",\"target\":{\"@type\":\"EntryPoint\",\"urlTemplate\":\"https:\/\/instytutpolski.pl\/berlin\/?s={search_term_string}\"},\"query-input\":{\"@type\":\"PropertyValueSpecification\",\"valueRequired\":true,\"valueName\":\"search_term_string\"}}],\"inLanguage\":\"pl-PL\"}]}<\/script>\n<!-- \/ Yoast SEO plugin. -->","yoast_head_json":{"title":"Kontakt - Instytut Polski w Berlinie","robots":{"index":"index","follow":"follow","max-snippet":"max-snippet:-1","max-image-preview":"max-image-preview:large","max-video-preview":"max-video-preview:-1"},"canonical":"https:\/\/instytutpolski.pl\/berlin\/filmpolska-2\/kontakt\/","og_locale":"pl_PL","og_type":"article","og_title":"Kontakt - Instytut Polski w Berlinie","og_description":"Veranstalter: Polnisches Institut BerlinDirektorin: Marzena K\u0119powiczBurgstr. 2710178 Berlin Tel.: +49 (0)30 24 75 81 0 Fax: +49 (0)30 24 75 81 30 E-Mail: berlin@instytutpolski.plFacebook filmPOLSKAFacebook Polnisches Institut Berlin Festivalteam: Kurator: Kornel MiglusKuratorium Retrospektive: Jo\u0308rg Freis, Kornel Miglus &amp; Grzegorz SkorupskiKuratorium \u201eKunst im Kino\u201c: Anna BaumgartKuratorium \u201eNight of Shorts\u201c: Natalia Zuch &amp; Kornel MiglusKuratorium \u201eNight of [&hellip;]","og_url":"https:\/\/instytutpolski.pl\/berlin\/filmpolska-2\/kontakt\/","og_site_name":"Instytut Polski w Berlinie","article_modified_time":"2021-08-30T05:29:45+00:00","og_image":[{"url":"https:\/\/instytutpolski.pl\/berlin\/wp-content\/uploads\/sites\/3\/2021\/08\/logo_filmpolska-300x137.png","type":"","width":"","height":""}],"twitter_card":"summary_large_image","twitter_misc":{"Szacowany czas czytania":"2 minuty"},"schema":{"@context":"https:\/\/schema.org","@graph":[{"@type":"WebPage","@id":"https:\/\/instytutpolski.pl\/berlin\/filmpolska-2\/kontakt\/","url":"https:\/\/instytutpolski.pl\/berlin\/filmpolska-2\/kontakt\/","name":"Kontakt - Instytut Polski w Berlinie","isPartOf":{"@id":"https:\/\/instytutpolski.pl\/berlin\/#website"},"primaryImageOfPage":{"@id":"https:\/\/instytutpolski.pl\/berlin\/filmpolska-2\/kontakt\/#primaryimage"},"image":{"@id":"https:\/\/instytutpolski.pl\/berlin\/filmpolska-2\/kontakt\/#primaryimage"},"thumbnailUrl":"https:\/\/instytutpolski.pl\/berlin\/wp-content\/uploads\/sites\/3\/2021\/08\/logo_filmpolska-300x137.png","datePublished":"2020-08-12T07:26:42+00:00","dateModified":"2021-08-30T05:29:45+00:00","breadcrumb":{"@id":"https:\/\/instytutpolski.pl\/berlin\/filmpolska-2\/kontakt\/#breadcrumb"},"inLanguage":"pl-PL","potentialAction":[{"@type":"ReadAction","target":["https:\/\/instytutpolski.pl\/berlin\/filmpolska-2\/kontakt\/"]}]},{"@type":"ImageObject","inLanguage":"pl-PL","@id":"https:\/\/instytutpolski.pl\/berlin\/filmpolska-2\/kontakt\/#primaryimage","url":"https:\/\/instytutpolski.pl\/berlin\/wp-content\/uploads\/sites\/3\/2021\/08\/logo_filmpolska.png","contentUrl":"https:\/\/instytutpolski.pl\/berlin\/wp-content\/uploads\/sites\/3\/2021\/08\/logo_filmpolska.png","width":1150,"height":525},{"@type":"BreadcrumbList","@id":"https:\/\/instytutpolski.pl\/berlin\/filmpolska-2\/kontakt\/#breadcrumb","itemListElement":[{"@type":"ListItem","position":1,"name":"Home","item":"https:\/\/instytutpolski.pl\/berlin\/"},{"@type":"ListItem","position":2,"name":"filmPOLSKA","item":"https:\/\/instytutpolski.pl\/berlin\/filmpolska-2\/"},{"@type":"ListItem","position":3,"name":"Kontakt"}]},{"@type":"WebSite","@id":"https:\/\/instytutpolski.pl\/berlin\/#website","url":"https:\/\/instytutpolski.pl\/berlin\/","name":"Instytut Polski w Berlinie","description":"Instytuty Polskie","potentialAction":[{"@type":"SearchAction","target":{"@type":"EntryPoint","urlTemplate":"https:\/\/instytutpolski.pl\/berlin\/?s={search_term_string}"},"query-input":{"@type":"PropertyValueSpecification","valueRequired":true,"valueName":"search_term_string"}}],"inLanguage":"pl-PL"}]}},"_links":{"self":[{"href":"https:\/\/instytutpolski.pl\/berlin\/wp-json\/wp\/v2\/pages\/1393","targetHints":{"allow":["GET"]}}],"collection":[{"href":"https:\/\/instytutpolski.pl\/berlin\/wp-json\/wp\/v2\/pages"}],"about":[{"href":"https:\/\/instytutpolski.pl\/berlin\/wp-json\/wp\/v2\/types\/page"}],"author":[{"embeddable":true,"href":"https:\/\/instytutpolski.pl\/berlin\/wp-json\/wp\/v2\/users\/14"}],"replies":[{"embeddable":true,"href":"https:\/\/instytutpolski.pl\/berlin\/wp-json\/wp\/v2\/comments?post=1393"}],"version-history":[{"count":13,"href":"https:\/\/instytutpolski.pl\/berlin\/wp-json\/wp\/v2\/pages\/1393\/revisions"}],"predecessor-version":[{"id":2912,"href":"https:\/\/instytutpolski.pl\/berlin\/wp-json\/wp\/v2\/pages\/1393\/revisions\/2912"}],"up":[{"embeddable":true,"href":"https:\/\/instytutpolski.pl\/berlin\/wp-json\/wp\/v2\/pages\/1388"}],"wp:attachment":[{"href":"https:\/\/instytutpolski.pl\/berlin\/wp-json\/wp\/v2\/media?parent=1393"}],"curies":[{"name":"wp","href":"https:\/\/api.w.org\/{rel}","templated":true}]}}