{"id":1908,"date":"2020-11-06T10:55:21","date_gmt":"2020-11-06T09:55:21","guid":{"rendered":"https:\/\/instytutpolski.pl\/berlin\/?page_id=1908"},"modified":"2021-06-18T14:54:16","modified_gmt":"2021-06-18T12:54:16","slug":"uber-das-festival","status":"publish","type":"page","link":"https:\/\/instytutpolski.pl\/berlin\/filmpolska-2\/uber-das-festival\/","title":{"rendered":"\u00dcber das festival"},"content":{"rendered":"\n<p>FilmPOLSKA ist das gr\u00f6\u00dfte polnische Filmfestival in Deutschland und wird vom Polnischen Institut Berlin veranstaltet. In den Jahren 2006-2020 zeigte das Festival 1574 Filme in mehreren Kinos von Berlin und Brandenburg. 324 Filmemacher und Filmemacherinnen waren zu Gast in Berlin. Der Ehrenpreis filmPOLSKA wurde u.a. an goEAST, Jan Schulz Ojala \/ \u201eTagesspiegel\u201d, Knut Elstermann, Erika und Urlich Gregor, Margareta Wach, Artur Brauner, Neisse Filmfestival, Nipkow Programm, Coco Spezial verliehen.<\/p>\n<p>Neben aktuellen Gr\u00f6\u00dfen des polnischen Spiel- und Dokumentarfilms pr\u00e4sentiert filmPOLSKA die Geschichte des polnischen Kinos mit j\u00e4hrlichen Werkschauen und Retrospektiven. Mit dem Wettbewerb gilt das besondere Augenmerk dem begabten Nachwuchs als ein Zeichen der k\u00fcnstlerischen Freiheit. Die Akzentuierung der Zukunft bieten mit ihren Kurzfilmen die Talentschmieden \u2013wie Andrzej Wajda Master School of Film Directing, der Filmhochschulen in \u0141\u00f3d\u017a und Katowice sind regelm\u00e4\u00dfig zu Gast beim filmPOLSKA. Auch unabh\u00e4ngigen Filmemachern, wie z.B. der Gruppe &#8222;Podlasie Atakuje\u201c finden beim Festival ihr Zuhause.<\/p>\n<p>Ein Stammgast vom filmPOLSKA ist der polnische Dokumentarfils, der immer schon ein wichtiger Raum f\u00fcr gesellschaftliche Auseinandersetzung und nationale Selbstreflexion war und ununterbrochen seit Jahren internationale Erfolge feiert.<\/p>\n<p>Das Festival wird allj\u00e4hrlich von Filmworkshops begleitet, Kamera-Spezial im Arsenal sowie von diversen Konzerten und Ausstellungen.<\/p>\n<p>filmPOLSKA ist ein Projekt des Polnischen Instituts Berlin. Unterst\u00fctzt wird das Festival durch das Polnische Filminstitut (PISF), die Stiftung f\u00fcr deutsch-polnische Zusammenarbeit, das Kulturministerium und das Adam Mickiewicz Institut. Spielorte sind das Kino Arsenal, das Zeughaus Kino des Deutschen Historischen Museums, das FSK Kino, das Wolf Kino, die Brotfabrik und der Filmclub K18. Die Schirmherrschaft \u00fcbernommen Medienboard Berlin Brandenburg<\/p>\n","protected":false},"excerpt":{"rendered":"<p>FilmPOLSKA ist das gr\u00f6\u00dfte polnische Filmfestival in Deutschland und wird vom Polnischen Institut Berlin veranstaltet. In den Jahren 2006-2020 zeigte das Festival 1574 Filme in mehreren Kinos von Berlin und Brandenburg. 324 Filmemacher und Filmemacherinnen waren zu Gast in Berlin. Der Ehrenpreis filmPOLSKA wurde u.a. an goEAST, Jan Schulz Ojala \/ \u201eTagesspiegel\u201d, Knut Elstermann, Erika [&hellip;]<\/p>\n","protected":false},"author":14,"featured_media":0,"parent":1388,"menu_order":0,"comment_status":"closed","ping_status":"closed","template":"","meta":{"inline_featured_image":false,"_monsterinsights_skip_tracking":false,"_monsterinsights_sitenote_active":false,"_monsterinsights_sitenote_note":"","_monsterinsights_sitenote_category":0,"footnotes":""},"class_list":["post-1908","page","type-page","status-publish","hentry"],"yoast_head":"<!-- This site is optimized with the Yoast SEO plugin v24.6 - https:\/\/yoast.com\/wordpress\/plugins\/seo\/ -->\n<title>\u00dcber das festival - Instytut Polski w Berlinie<\/title>\n<meta name=\"robots\" content=\"index, follow, max-snippet:-1, max-image-preview:large, max-video-preview:-1\" \/>\n<link rel=\"canonical\" href=\"https:\/\/instytutpolski.pl\/berlin\/filmpolska-2\/uber-das-festival\/\" \/>\n<meta property=\"og:locale\" content=\"pl_PL\" \/>\n<meta property=\"og:type\" content=\"article\" \/>\n<meta property=\"og:title\" content=\"\u00dcber das festival - Instytut Polski w Berlinie\" \/>\n<meta property=\"og:description\" content=\"FilmPOLSKA ist das gr\u00f6\u00dfte polnische Filmfestival in Deutschland und wird vom Polnischen Institut Berlin veranstaltet. In den Jahren 2006-2020 zeigte das Festival 1574 Filme in mehreren Kinos von Berlin und Brandenburg. 324 Filmemacher und Filmemacherinnen waren zu Gast in Berlin. Der Ehrenpreis filmPOLSKA wurde u.a. an goEAST, Jan Schulz Ojala \/ \u201eTagesspiegel\u201d, Knut Elstermann, Erika [&hellip;]\" \/>\n<meta property=\"og:url\" content=\"https:\/\/instytutpolski.pl\/berlin\/filmpolska-2\/uber-das-festival\/\" \/>\n<meta property=\"og:site_name\" content=\"Instytut Polski w Berlinie\" \/>\n<meta property=\"article:modified_time\" content=\"2021-06-18T12:54:16+00:00\" \/>\n<meta name=\"twitter:card\" content=\"summary_large_image\" \/>\n<meta name=\"twitter:label1\" content=\"Szacowany czas czytania\" \/>\n\t<meta name=\"twitter:data1\" content=\"1 minuta\" \/>\n<script type=\"application\/ld+json\" class=\"yoast-schema-graph\">{\"@context\":\"https:\/\/schema.org\",\"@graph\":[{\"@type\":\"WebPage\",\"@id\":\"https:\/\/instytutpolski.pl\/berlin\/filmpolska-2\/uber-das-festival\/\",\"url\":\"https:\/\/instytutpolski.pl\/berlin\/filmpolska-2\/uber-das-festival\/\",\"name\":\"\u00dcber das festival - Instytut Polski w Berlinie\",\"isPartOf\":{\"@id\":\"https:\/\/instytutpolski.pl\/berlin\/#website\"},\"datePublished\":\"2020-11-06T09:55:21+00:00\",\"dateModified\":\"2021-06-18T12:54:16+00:00\",\"breadcrumb\":{\"@id\":\"https:\/\/instytutpolski.pl\/berlin\/filmpolska-2\/uber-das-festival\/#breadcrumb\"},\"inLanguage\":\"pl-PL\",\"potentialAction\":[{\"@type\":\"ReadAction\",\"target\":[\"https:\/\/instytutpolski.pl\/berlin\/filmpolska-2\/uber-das-festival\/\"]}]},{\"@type\":\"BreadcrumbList\",\"@id\":\"https:\/\/instytutpolski.pl\/berlin\/filmpolska-2\/uber-das-festival\/#breadcrumb\",\"itemListElement\":[{\"@type\":\"ListItem\",\"position\":1,\"name\":\"Home\",\"item\":\"https:\/\/instytutpolski.pl\/berlin\/\"},{\"@type\":\"ListItem\",\"position\":2,\"name\":\"filmPOLSKA\",\"item\":\"https:\/\/instytutpolski.pl\/berlin\/filmpolska-2\/\"},{\"@type\":\"ListItem\",\"position\":3,\"name\":\"\u00dcber das festival\"}]},{\"@type\":\"WebSite\",\"@id\":\"https:\/\/instytutpolski.pl\/berlin\/#website\",\"url\":\"https:\/\/instytutpolski.pl\/berlin\/\",\"name\":\"Instytut Polski w Berlinie\",\"description\":\"Instytuty Polskie\",\"potentialAction\":[{\"@type\":\"SearchAction\",\"target\":{\"@type\":\"EntryPoint\",\"urlTemplate\":\"https:\/\/instytutpolski.pl\/berlin\/?s={search_term_string}\"},\"query-input\":{\"@type\":\"PropertyValueSpecification\",\"valueRequired\":true,\"valueName\":\"search_term_string\"}}],\"inLanguage\":\"pl-PL\"}]}<\/script>\n<!-- \/ Yoast SEO plugin. -->","yoast_head_json":{"title":"\u00dcber das festival - Instytut Polski w Berlinie","robots":{"index":"index","follow":"follow","max-snippet":"max-snippet:-1","max-image-preview":"max-image-preview:large","max-video-preview":"max-video-preview:-1"},"canonical":"https:\/\/instytutpolski.pl\/berlin\/filmpolska-2\/uber-das-festival\/","og_locale":"pl_PL","og_type":"article","og_title":"\u00dcber das festival - Instytut Polski w Berlinie","og_description":"FilmPOLSKA ist das gr\u00f6\u00dfte polnische Filmfestival in Deutschland und wird vom Polnischen Institut Berlin veranstaltet. In den Jahren 2006-2020 zeigte das Festival 1574 Filme in mehreren Kinos von Berlin und Brandenburg. 324 Filmemacher und Filmemacherinnen waren zu Gast in Berlin. Der Ehrenpreis filmPOLSKA wurde u.a. an goEAST, Jan Schulz Ojala \/ \u201eTagesspiegel\u201d, Knut Elstermann, Erika [&hellip;]","og_url":"https:\/\/instytutpolski.pl\/berlin\/filmpolska-2\/uber-das-festival\/","og_site_name":"Instytut Polski w Berlinie","article_modified_time":"2021-06-18T12:54:16+00:00","twitter_card":"summary_large_image","twitter_misc":{"Szacowany czas czytania":"1 minuta"},"schema":{"@context":"https:\/\/schema.org","@graph":[{"@type":"WebPage","@id":"https:\/\/instytutpolski.pl\/berlin\/filmpolska-2\/uber-das-festival\/","url":"https:\/\/instytutpolski.pl\/berlin\/filmpolska-2\/uber-das-festival\/","name":"\u00dcber das festival - Instytut Polski w Berlinie","isPartOf":{"@id":"https:\/\/instytutpolski.pl\/berlin\/#website"},"datePublished":"2020-11-06T09:55:21+00:00","dateModified":"2021-06-18T12:54:16+00:00","breadcrumb":{"@id":"https:\/\/instytutpolski.pl\/berlin\/filmpolska-2\/uber-das-festival\/#breadcrumb"},"inLanguage":"pl-PL","potentialAction":[{"@type":"ReadAction","target":["https:\/\/instytutpolski.pl\/berlin\/filmpolska-2\/uber-das-festival\/"]}]},{"@type":"BreadcrumbList","@id":"https:\/\/instytutpolski.pl\/berlin\/filmpolska-2\/uber-das-festival\/#breadcrumb","itemListElement":[{"@type":"ListItem","position":1,"name":"Home","item":"https:\/\/instytutpolski.pl\/berlin\/"},{"@type":"ListItem","position":2,"name":"filmPOLSKA","item":"https:\/\/instytutpolski.pl\/berlin\/filmpolska-2\/"},{"@type":"ListItem","position":3,"name":"\u00dcber das festival"}]},{"@type":"WebSite","@id":"https:\/\/instytutpolski.pl\/berlin\/#website","url":"https:\/\/instytutpolski.pl\/berlin\/","name":"Instytut Polski w Berlinie","description":"Instytuty Polskie","potentialAction":[{"@type":"SearchAction","target":{"@type":"EntryPoint","urlTemplate":"https:\/\/instytutpolski.pl\/berlin\/?s={search_term_string}"},"query-input":{"@type":"PropertyValueSpecification","valueRequired":true,"valueName":"search_term_string"}}],"inLanguage":"pl-PL"}]}},"_links":{"self":[{"href":"https:\/\/instytutpolski.pl\/berlin\/wp-json\/wp\/v2\/pages\/1908","targetHints":{"allow":["GET"]}}],"collection":[{"href":"https:\/\/instytutpolski.pl\/berlin\/wp-json\/wp\/v2\/pages"}],"about":[{"href":"https:\/\/instytutpolski.pl\/berlin\/wp-json\/wp\/v2\/types\/page"}],"author":[{"embeddable":true,"href":"https:\/\/instytutpolski.pl\/berlin\/wp-json\/wp\/v2\/users\/14"}],"replies":[{"embeddable":true,"href":"https:\/\/instytutpolski.pl\/berlin\/wp-json\/wp\/v2\/comments?post=1908"}],"version-history":[{"count":3,"href":"https:\/\/instytutpolski.pl\/berlin\/wp-json\/wp\/v2\/pages\/1908\/revisions"}],"predecessor-version":[{"id":2406,"href":"https:\/\/instytutpolski.pl\/berlin\/wp-json\/wp\/v2\/pages\/1908\/revisions\/2406"}],"up":[{"embeddable":true,"href":"https:\/\/instytutpolski.pl\/berlin\/wp-json\/wp\/v2\/pages\/1388"}],"wp:attachment":[{"href":"https:\/\/instytutpolski.pl\/berlin\/wp-json\/wp\/v2\/media?parent=1908"}],"curies":[{"name":"wp","href":"https:\/\/api.w.org\/{rel}","templated":true}]}}