{"id":3635,"date":"2022-05-23T11:00:46","date_gmt":"2022-05-23T09:00:46","guid":{"rendered":"https:\/\/instytutpolski.pl\/berlin\/?page_id=3635"},"modified":"2022-06-02T14:49:46","modified_gmt":"2022-06-02T12:49:46","slug":"filmpolska-filmprogramm","status":"publish","type":"page","link":"https:\/\/instytutpolski.pl\/berlin\/20-filmpolska\/filmpolska-filmprogramm\/","title":{"rendered":"filmPOLSKA-Filmprogramm"},"content":{"rendered":"\n<p>Hier erscheint in K\u00fcrze das ausf\u00fchrliche Filmprogramm der 17. Ausgabe von filmPOLSKA. Vorab gibt es einen kurzen \u00dcberblick:<\/p>\n<p><strong>WETTBEWERB<\/strong><\/p>\n<p class=\"x_x_MsoNormal\"><b><span lang=\"DE\">Bukolika \/ Bucolic\u00a0<br \/><\/span><\/b><span lang=\"DE\">23.06. \/ 20:00 \/ Sputnik<br \/><\/span><span lang=\"DE\">24.06. \/ 20:00 \/ fsk Kino \/ zu Gast: Karol Pa\u0142ka<\/span><span lang=\"DE\"><br \/><\/span><span lang=\"DE\">25.06. \/ 20:30 \/ Bundesplatz-Kino \/ zu Gast: Karol Pa\u0142ka<\/span><\/p>\n<p class=\"x_x_MsoNormal\"><b><span lang=\"DE\">Inni ludzie \/ Other People \/ Andere Leute\u00a0<br \/><\/span><\/b>23.06. \/ 20:30 \/ Bundesplatz-Kino \/ zu Gast: Dorota Mas\u0142owska<br \/>24.06. \/ 20:00 \/ Sputnik \/ zu Gast: Dorota Mas\u0142owska<br \/>25.06. \/ 20:00 \/ fsk Kino\u00a0<\/p>\n<p class=\"x_x_MsoNormal\"><b><span lang=\"EN-GB\">Mosquito State<br \/><\/span><\/b><span lang=\"DE\">27.06. \/ 20:00 \/ Sputnik \/ zu Gast: Filip Jan Rymsza (angefragt)<\/span><span lang=\"DE\">\u00a0<br \/><\/span><span lang=\"DE\">28.06. \/ 20:30 \/ Bundesplatz-Kino \/ zu Gast: Filip Jan Rymsza (angefragt)<\/span><span lang=\"DE\">\u00a0<br \/><\/span><span lang=\"EN-GB\">29.06. \/ 20:00 \/ fsk Kino \/ zu Gast: Filip Jan Rymsza<\/span><span lang=\"DE\"> (angefragt)<\/span><span lang=\"EN-GB\">\u00a0<\/span><\/p>\n<p class=\"x_x_MsoNormal\"><b><span lang=\"EN-GB\">Ostatni komers \/ Love Tasting\u00a0<br \/><\/span><\/b><span lang=\"DE\">26.06. \/ 20:30 \/ Bundesplatz-Kino \/ zu Gast: Dawid Nickel<\/span><span lang=\"DE\">\u00a0<br \/><\/span><span lang=\"DE\">27.06. \/ 21:00 \/ K18 \/ zu Gast: Dawid Nickel<\/span><span lang=\"DE\"><br \/><\/span><span lang=\"DE\">28.06. \/ 20:00 \/ fsk Kino \/ zu Gast: Dawid Nickel\u00a0<\/span><\/p>\n<p class=\"x_x_MsoNormal\"><b>Polak\u00f3w portret w\u0142asny \/ Polish Self-Portrait\u00a0<br \/><\/b>26.06. \/ 20:00 \/ fsk Kino \/ zu Gast: Maciej Bia\u0142oruski\u00a0&amp; Jakub Drobczy\u0144ski\u00a0<br \/>27.06. \/ 20:30 \/ Bundesplatz-Kino \/ zu Gast: Maciej Bia\u0142oruski\u00a0&amp; Jakub Drobczy\u0144ski\u00a0<br \/>28.06. \/ 20:00 \/ Sputnik \/ zu Gast: Maciej Bia\u0142oruski &amp; Jakub Drobczy\u0144ski\u00a0<\/p>\n<p class=\"x_x_MsoNormal\"><b><span lang=\"DE\">Sonata \/ Sonate\u00a0<br \/><\/span><\/b><span lang=\"DE\">26.06. \/ 20:30 \/ Sputnik \/ zu Gast: Bartosz Blaschke<\/span><span lang=\"DE\">\u00a0<br \/><\/span><span lang=\"DE\">27.06. \/ 20:00 \/ fsk Kino \/\u00a0zu Gast: Bartosz Blaschke<\/span><span lang=\"DE\">\u00a0<br \/><\/span><span lang=\"DE\">29.06. \/ 20:30 \/ Bundesplatz-Kino \/ zu Gast: Bartosz Blaschke<\/span><span lang=\"DE\">\u00a0<\/span><\/p>\n<p class=\"x_x_MsoNormal\"><b><span lang=\"DE\">Wszystkie nasze strachy \/ Fears \/ Alle unsere \u00c4ngste\u00a0<br \/><\/span><\/b><span lang=\"DE\">22.06. \/ 21:15 \/ Einlass ab 21:00 \/ Freiluftkino Kreuzberg \/ Festivaler\u00f6ffnung \/ zu Gast: \u0141ukasz Ronduda \/ Musik: Musikschule Friedrichshain-Kreuzberg\u00a0<br \/><\/span><span lang=\"DE\">23.06. \/ 20:00 \/ fsk Kino \/ zu Gast: \u0141ukasz Ronduda<\/span><span lang=\"DE\">\u00a0<br \/><\/span><span lang=\"DE\">24.06. \/ 20:30 \/ Bundesplatz-Kino \/ zu Gast: \u0141ukasz Ronduda<\/span><span lang=\"DE\">\u00a0<br \/><\/span><span lang=\"DE\">25.06. \/ 20:30 \/ Sputnik \/ zu Gast: \u0141ukasz Ronduda<\/span><\/p>\n<p>\u00a0<\/p>\n<p><strong>FILMPANORAMA: INNENANSICHTEN<\/strong><\/p>\n<p class=\"x_x_MsoNormal\"><b><span lang=\"DE\">Erotica 2022\u00a0<br \/><\/span><\/b><span lang=\"DE\">25.06. \/ 21:00 \/ K18 \/ zu Gast: Anna Jadowska<\/span><span lang=\"DE\">\u00a0<br \/><\/span><span lang=\"DE\">26.06. \/ 15:00 \/ fsk Kino \/ zu Gast: Anna Jadowska<\/span><span lang=\"DE\">\u00a0<\/span><span lang=\"DE\">\u00a0<\/span><\/p>\n<p class=\"x_x_MsoNormal\"><b><span lang=\"DE\">Film balkonowy \/ Balcony Movie \/ Der Balkonfilm\u00a0<br \/><\/span><\/b><span lang=\"DE\">23.06. \/ 20:00 \/ Arsenal (im Rahmen von \u201e<a href=\"https:\/\/instytutpolski.pl\/berlin\/17-filmpolska\/filmpolska-spezial-kamerablick\/\">filmPOLSKA-Spezial: Kamerablick<\/a>\u201c)<br \/>24.06. \/ 21:00 \/ K18<\/span><span lang=\"DE\">\u00a0<br \/><\/span><span lang=\"DE\">25.06. \/ 15:00 \/ fsk Kino \/ zu Gast: Pawe\u0142 \u0141ozi\u0144ski<\/span><span lang=\"DE\">\u00a0<br \/><\/span>26.06. \/ 18:00 \/ Sputnik \/ zu Gast: Pawe\u0142 \u0141ozi\u0144ski\u00a0<\/p>\n<p class=\"x_x_MsoNormal\"><b><span lang=\"DE\">\u017beby nie by\u0142o \u015blad\u00f3w \/ Leave No Traces \/ Hinterlass\u2019 keine Spuren\u00a0<br \/><\/span><\/b><span lang=\"DE\">24.06. \/ 22:00 \/ Sputnik<\/span><span lang=\"DE\">\u00a0<br \/><\/span><span lang=\"DE\">27.06. \/ 18:00 \/ Kino Thalia Potsdam \/ in Kooperation mit dem FilmFestival Cottbus und dem Polnischen Filmclub der Universit\u00e4t Potsdam \/ zu Gast: Andreas Stein (FilmFestival Cottbus) &amp; Kornel Miglus (filmPOLSKA)<\/span><\/p>\n<p>\u00a0<\/p>\n<p><strong>KURZFILMPROGRAMME<\/strong><\/p>\n<p class=\"x_x_MsoNormal\"><b><span lang=\"DE\">Filmowe Podlasie Atakuje!\u00a0<br \/><\/span><\/b><span lang=\"EN-GB\">28.06. \/ 21:00 \/ K18 \/ zu Gast: Krzysztof Sienkiewicz\u00a0<\/span><\/p>\n<p class=\"x_x_MsoNormal\"><b><span lang=\"EN-GB\">Night of Shorts 1<\/span><\/b><span lang=\"DE\"><br \/><\/span><span lang=\"DE\">24.06. \/ 22:00 \/ Freiluftkino INSEL @ Atelier Gardens \/ zu Gast: Magdalena Babicz, Aleksander Szama\u0142ek &amp; Marcin Kluczykowski\u00a0<\/span><\/p>\n<p class=\"x_x_MsoNormal\"><b><span lang=\"DE\">Night of Shorts 2<br \/><\/span><\/b><span lang=\"EN-GB\">25.06. \/ 22:00 \/ b-ware! Ladenkino Open Air FMP1 \/ zu Gast: Maria Wider &amp; Agata Baumgart<\/span><\/p>\n<p class=\"x_x_MsoNormal\"><b><span lang=\"EN-GB\">Night of Animation<br \/><\/span><\/b><span lang=\"DE\">23.06. \/ 21:45 \/ Kiezkino Charlottenburg<br \/><\/span><span lang=\"DE\">26.06. \/ 21:00 \/ K18 \/ zu Gast: Zuzanna Fluder, Klaudia Prabucka, Hanna Wilk &amp; Dominika Wyrobek\u00a0<\/span><\/p>\n<p>\u00a0<\/p>\n<p><img loading=\"lazy\" decoding=\"async\" class=\"aligncenter wp-image-3631\" src=\"https:\/\/instytutpolski.pl\/berlin\/wp-content\/uploads\/sites\/3\/2022\/05\/filmPOLSKA2022_fb_1200x628_1-300x157.png\" alt=\"\" width=\"500\" height=\"262\" srcset=\"https:\/\/instytutpolski.pl\/berlin\/wp-content\/uploads\/sites\/3\/2022\/05\/filmPOLSKA2022_fb_1200x628_1-300x157.png 300w, https:\/\/instytutpolski.pl\/berlin\/wp-content\/uploads\/sites\/3\/2022\/05\/filmPOLSKA2022_fb_1200x628_1-1024x536.png 1024w, https:\/\/instytutpolski.pl\/berlin\/wp-content\/uploads\/sites\/3\/2022\/05\/filmPOLSKA2022_fb_1200x628_1-768x402.png 768w, https:\/\/instytutpolski.pl\/berlin\/wp-content\/uploads\/sites\/3\/2022\/05\/filmPOLSKA2022_fb_1200x628_1.png 1200w\" sizes=\"auto, (max-width: 500px) 100vw, 500px\" \/><\/p>\n<p>\u00a0<\/p>\n","protected":false},"excerpt":{"rendered":"<p>Hier erscheint in K\u00fcrze das ausf\u00fchrliche Filmprogramm der 17. Ausgabe von filmPOLSKA. Vorab gibt es einen kurzen \u00dcberblick: WETTBEWERB Bukolika \/ Bucolic\u00a023.06. \/ 20:00 \/ Sputnik24.06. \/ 20:00 \/ fsk Kino \/ zu Gast: Karol Pa\u0142ka25.06. \/ 20:30 \/ Bundesplatz-Kino \/ zu Gast: Karol Pa\u0142ka Inni ludzie \/ Other People \/ Andere Leute\u00a023.06. \/ 20:30 [&hellip;]<\/p>\n","protected":false},"author":79,"featured_media":3658,"parent":3457,"menu_order":0,"comment_status":"closed","ping_status":"closed","template":"","meta":{"inline_featured_image":false,"_monsterinsights_skip_tracking":false,"_monsterinsights_sitenote_active":false,"_monsterinsights_sitenote_note":"","_monsterinsights_sitenote_category":0,"footnotes":""},"class_list":["post-3635","page","type-page","status-publish","has-post-thumbnail","hentry"],"yoast_head":"<!-- This site is optimized with the Yoast SEO plugin v24.6 - https:\/\/yoast.com\/wordpress\/plugins\/seo\/ -->\n<title>filmPOLSKA-Filmprogramm - Instytut Polski w Berlinie<\/title>\n<meta name=\"robots\" content=\"index, follow, max-snippet:-1, max-image-preview:large, max-video-preview:-1\" \/>\n<link rel=\"canonical\" href=\"https:\/\/instytutpolski.pl\/berlin\/20-filmpolska\/filmpolska-filmprogramm\/\" \/>\n<meta property=\"og:locale\" content=\"pl_PL\" \/>\n<meta property=\"og:type\" content=\"article\" \/>\n<meta property=\"og:title\" content=\"filmPOLSKA-Filmprogramm - Instytut Polski w Berlinie\" \/>\n<meta property=\"og:description\" content=\"Hier erscheint in K\u00fcrze das ausf\u00fchrliche Filmprogramm der 17. Ausgabe von filmPOLSKA. Vorab gibt es einen kurzen \u00dcberblick: WETTBEWERB Bukolika \/ Bucolic\u00a023.06. \/ 20:00 \/ Sputnik24.06. \/ 20:00 \/ fsk Kino \/ zu Gast: Karol Pa\u0142ka25.06. \/ 20:30 \/ Bundesplatz-Kino \/ zu Gast: Karol Pa\u0142ka Inni ludzie \/ Other People \/ Andere Leute\u00a023.06. \/ 20:30 [&hellip;]\" \/>\n<meta property=\"og:url\" content=\"https:\/\/instytutpolski.pl\/berlin\/20-filmpolska\/filmpolska-filmprogramm\/\" \/>\n<meta property=\"og:site_name\" content=\"Instytut Polski w Berlinie\" \/>\n<meta property=\"article:modified_time\" content=\"2022-06-02T12:49:46+00:00\" \/>\n<meta property=\"og:image\" content=\"https:\/\/instytutpolski.pl\/berlin\/wp-content\/uploads\/sites\/3\/2022\/05\/filmPOLSKA2022_grafika_www_2000x761_strona.jpg\" \/>\n\t<meta property=\"og:image:width\" content=\"1816\" \/>\n\t<meta property=\"og:image:height\" content=\"524\" \/>\n\t<meta property=\"og:image:type\" content=\"image\/jpeg\" \/>\n<meta name=\"twitter:card\" content=\"summary_large_image\" \/>\n<meta name=\"twitter:label1\" content=\"Szacowany czas czytania\" \/>\n\t<meta name=\"twitter:data1\" content=\"4 minuty\" \/>\n<script type=\"application\/ld+json\" class=\"yoast-schema-graph\">{\"@context\":\"https:\/\/schema.org\",\"@graph\":[{\"@type\":\"WebPage\",\"@id\":\"https:\/\/instytutpolski.pl\/berlin\/20-filmpolska\/filmpolska-filmprogramm\/\",\"url\":\"https:\/\/instytutpolski.pl\/berlin\/20-filmpolska\/filmpolska-filmprogramm\/\",\"name\":\"filmPOLSKA-Filmprogramm - Instytut Polski w Berlinie\",\"isPartOf\":{\"@id\":\"https:\/\/instytutpolski.pl\/berlin\/#website\"},\"primaryImageOfPage\":{\"@id\":\"https:\/\/instytutpolski.pl\/berlin\/20-filmpolska\/filmpolska-filmprogramm\/#primaryimage\"},\"image\":{\"@id\":\"https:\/\/instytutpolski.pl\/berlin\/20-filmpolska\/filmpolska-filmprogramm\/#primaryimage\"},\"thumbnailUrl\":\"https:\/\/instytutpolski.pl\/berlin\/wp-content\/uploads\/sites\/3\/2022\/05\/filmPOLSKA2022_grafika_www_2000x761_strona.jpg\",\"datePublished\":\"2022-05-23T09:00:46+00:00\",\"dateModified\":\"2022-06-02T12:49:46+00:00\",\"breadcrumb\":{\"@id\":\"https:\/\/instytutpolski.pl\/berlin\/20-filmpolska\/filmpolska-filmprogramm\/#breadcrumb\"},\"inLanguage\":\"pl-PL\",\"potentialAction\":[{\"@type\":\"ReadAction\",\"target\":[\"https:\/\/instytutpolski.pl\/berlin\/20-filmpolska\/filmpolska-filmprogramm\/\"]}]},{\"@type\":\"ImageObject\",\"inLanguage\":\"pl-PL\",\"@id\":\"https:\/\/instytutpolski.pl\/berlin\/20-filmpolska\/filmpolska-filmprogramm\/#primaryimage\",\"url\":\"https:\/\/instytutpolski.pl\/berlin\/wp-content\/uploads\/sites\/3\/2022\/05\/filmPOLSKA2022_grafika_www_2000x761_strona.jpg\",\"contentUrl\":\"https:\/\/instytutpolski.pl\/berlin\/wp-content\/uploads\/sites\/3\/2022\/05\/filmPOLSKA2022_grafika_www_2000x761_strona.jpg\",\"width\":1816,\"height\":524},{\"@type\":\"BreadcrumbList\",\"@id\":\"https:\/\/instytutpolski.pl\/berlin\/20-filmpolska\/filmpolska-filmprogramm\/#breadcrumb\",\"itemListElement\":[{\"@type\":\"ListItem\",\"position\":1,\"name\":\"Home\",\"item\":\"https:\/\/instytutpolski.pl\/berlin\/\"},{\"@type\":\"ListItem\",\"position\":2,\"name\":\"20. filmPOLSKA\",\"item\":\"https:\/\/instytutpolski.pl\/berlin\/20-filmpolska\/\"},{\"@type\":\"ListItem\",\"position\":3,\"name\":\"filmPOLSKA-Filmprogramm\"}]},{\"@type\":\"WebSite\",\"@id\":\"https:\/\/instytutpolski.pl\/berlin\/#website\",\"url\":\"https:\/\/instytutpolski.pl\/berlin\/\",\"name\":\"Instytut Polski w Berlinie\",\"description\":\"Instytuty Polskie\",\"potentialAction\":[{\"@type\":\"SearchAction\",\"target\":{\"@type\":\"EntryPoint\",\"urlTemplate\":\"https:\/\/instytutpolski.pl\/berlin\/?s={search_term_string}\"},\"query-input\":{\"@type\":\"PropertyValueSpecification\",\"valueRequired\":true,\"valueName\":\"search_term_string\"}}],\"inLanguage\":\"pl-PL\"}]}<\/script>\n<!-- \/ Yoast SEO plugin. -->","yoast_head_json":{"title":"filmPOLSKA-Filmprogramm - Instytut Polski w Berlinie","robots":{"index":"index","follow":"follow","max-snippet":"max-snippet:-1","max-image-preview":"max-image-preview:large","max-video-preview":"max-video-preview:-1"},"canonical":"https:\/\/instytutpolski.pl\/berlin\/20-filmpolska\/filmpolska-filmprogramm\/","og_locale":"pl_PL","og_type":"article","og_title":"filmPOLSKA-Filmprogramm - Instytut Polski w Berlinie","og_description":"Hier erscheint in K\u00fcrze das ausf\u00fchrliche Filmprogramm der 17. Ausgabe von filmPOLSKA. Vorab gibt es einen kurzen \u00dcberblick: WETTBEWERB Bukolika \/ Bucolic\u00a023.06. \/ 20:00 \/ Sputnik24.06. \/ 20:00 \/ fsk Kino \/ zu Gast: Karol Pa\u0142ka25.06. \/ 20:30 \/ Bundesplatz-Kino \/ zu Gast: Karol Pa\u0142ka Inni ludzie \/ Other People \/ Andere Leute\u00a023.06. \/ 20:30 [&hellip;]","og_url":"https:\/\/instytutpolski.pl\/berlin\/20-filmpolska\/filmpolska-filmprogramm\/","og_site_name":"Instytut Polski w Berlinie","article_modified_time":"2022-06-02T12:49:46+00:00","og_image":[{"width":1816,"height":524,"url":"https:\/\/instytutpolski.pl\/berlin\/wp-content\/uploads\/sites\/3\/2022\/05\/filmPOLSKA2022_grafika_www_2000x761_strona.jpg","type":"image\/jpeg"}],"twitter_card":"summary_large_image","twitter_misc":{"Szacowany czas czytania":"4 minuty"},"schema":{"@context":"https:\/\/schema.org","@graph":[{"@type":"WebPage","@id":"https:\/\/instytutpolski.pl\/berlin\/20-filmpolska\/filmpolska-filmprogramm\/","url":"https:\/\/instytutpolski.pl\/berlin\/20-filmpolska\/filmpolska-filmprogramm\/","name":"filmPOLSKA-Filmprogramm - Instytut Polski w Berlinie","isPartOf":{"@id":"https:\/\/instytutpolski.pl\/berlin\/#website"},"primaryImageOfPage":{"@id":"https:\/\/instytutpolski.pl\/berlin\/20-filmpolska\/filmpolska-filmprogramm\/#primaryimage"},"image":{"@id":"https:\/\/instytutpolski.pl\/berlin\/20-filmpolska\/filmpolska-filmprogramm\/#primaryimage"},"thumbnailUrl":"https:\/\/instytutpolski.pl\/berlin\/wp-content\/uploads\/sites\/3\/2022\/05\/filmPOLSKA2022_grafika_www_2000x761_strona.jpg","datePublished":"2022-05-23T09:00:46+00:00","dateModified":"2022-06-02T12:49:46+00:00","breadcrumb":{"@id":"https:\/\/instytutpolski.pl\/berlin\/20-filmpolska\/filmpolska-filmprogramm\/#breadcrumb"},"inLanguage":"pl-PL","potentialAction":[{"@type":"ReadAction","target":["https:\/\/instytutpolski.pl\/berlin\/20-filmpolska\/filmpolska-filmprogramm\/"]}]},{"@type":"ImageObject","inLanguage":"pl-PL","@id":"https:\/\/instytutpolski.pl\/berlin\/20-filmpolska\/filmpolska-filmprogramm\/#primaryimage","url":"https:\/\/instytutpolski.pl\/berlin\/wp-content\/uploads\/sites\/3\/2022\/05\/filmPOLSKA2022_grafika_www_2000x761_strona.jpg","contentUrl":"https:\/\/instytutpolski.pl\/berlin\/wp-content\/uploads\/sites\/3\/2022\/05\/filmPOLSKA2022_grafika_www_2000x761_strona.jpg","width":1816,"height":524},{"@type":"BreadcrumbList","@id":"https:\/\/instytutpolski.pl\/berlin\/20-filmpolska\/filmpolska-filmprogramm\/#breadcrumb","itemListElement":[{"@type":"ListItem","position":1,"name":"Home","item":"https:\/\/instytutpolski.pl\/berlin\/"},{"@type":"ListItem","position":2,"name":"20. filmPOLSKA","item":"https:\/\/instytutpolski.pl\/berlin\/20-filmpolska\/"},{"@type":"ListItem","position":3,"name":"filmPOLSKA-Filmprogramm"}]},{"@type":"WebSite","@id":"https:\/\/instytutpolski.pl\/berlin\/#website","url":"https:\/\/instytutpolski.pl\/berlin\/","name":"Instytut Polski w Berlinie","description":"Instytuty Polskie","potentialAction":[{"@type":"SearchAction","target":{"@type":"EntryPoint","urlTemplate":"https:\/\/instytutpolski.pl\/berlin\/?s={search_term_string}"},"query-input":{"@type":"PropertyValueSpecification","valueRequired":true,"valueName":"search_term_string"}}],"inLanguage":"pl-PL"}]}},"_links":{"self":[{"href":"https:\/\/instytutpolski.pl\/berlin\/wp-json\/wp\/v2\/pages\/3635","targetHints":{"allow":["GET"]}}],"collection":[{"href":"https:\/\/instytutpolski.pl\/berlin\/wp-json\/wp\/v2\/pages"}],"about":[{"href":"https:\/\/instytutpolski.pl\/berlin\/wp-json\/wp\/v2\/types\/page"}],"author":[{"embeddable":true,"href":"https:\/\/instytutpolski.pl\/berlin\/wp-json\/wp\/v2\/users\/79"}],"replies":[{"embeddable":true,"href":"https:\/\/instytutpolski.pl\/berlin\/wp-json\/wp\/v2\/comments?post=3635"}],"version-history":[{"count":9,"href":"https:\/\/instytutpolski.pl\/berlin\/wp-json\/wp\/v2\/pages\/3635\/revisions"}],"predecessor-version":[{"id":3847,"href":"https:\/\/instytutpolski.pl\/berlin\/wp-json\/wp\/v2\/pages\/3635\/revisions\/3847"}],"up":[{"embeddable":true,"href":"https:\/\/instytutpolski.pl\/berlin\/wp-json\/wp\/v2\/pages\/3457"}],"wp:featuredmedia":[{"embeddable":true,"href":"https:\/\/instytutpolski.pl\/berlin\/wp-json\/wp\/v2\/media\/3658"}],"wp:attachment":[{"href":"https:\/\/instytutpolski.pl\/berlin\/wp-json\/wp\/v2\/media?parent=3635"}],"curies":[{"name":"wp","href":"https:\/\/api.w.org\/{rel}","templated":true}]}}