{"id":3639,"date":"2022-05-23T11:06:19","date_gmt":"2022-05-23T09:06:19","guid":{"rendered":"https:\/\/instytutpolski.pl\/berlin\/?page_id=3639"},"modified":"2025-08-22T10:26:38","modified_gmt":"2025-08-22T08:26:38","slug":"filmpolska-konzert","status":"publish","type":"page","link":"https:\/\/instytutpolski.pl\/berlin\/20-filmpolska\/filmpolska-konzert\/","title":{"rendered":"Konzert: filmPOLSKA x Krzy\u017cowa-Music"},"content":{"rendered":"\n<h3><strong><a href=\"https:\/\/instytutpolski.pl\/berlin\/filme\/film\/konzert-filmpolska-x-krzyzowa-music\/\">Klassische Musik und Filmkunst im Dialog<\/a><\/strong><\/h3>\n<p><strong><br \/>Bitte beachten: Der Besuch ist<span style=\"color: #ff0000\"> ausschlie\u00dflich mit einer Freikarte<\/span> m\u00f6glich, die <span style=\"text-decoration: underline\"><a href=\"https:\/\/www.krzyzowa-music.eu\/event-details\/krzyzowa-music-kammermusik-konzert-im-dialog-klassische-musik-und-filmkunst\">unter diesem Link<\/a><\/span> reserviert werden kann.<\/strong><br \/><br \/>Filmmusik aus Polen ist ein zentraler, jedoch h\u00e4ufig untersch\u00e4tzter Beitrag zur europ\u00e4ischen und internationalen Filmmusikgeschichte. Zahlreiche polnische Komponist*innen \u2013 darunter Gra\u017cyna Bacewicz, Fryderyk Chopin, Krzysztof Penderecki und Karol Szymanowski \u2013 sowie Filmkomponisten wie Wojciech Kilar, Krzysztof Komeda und Zbigniew Preisner haben nicht nur dem polnischen Kino eine unverwechselbare k\u00fcnstlerische Identit\u00e4t verliehen, sondern auch die internationale Filmmusik nachhaltig gepr\u00e4gt.<\/p>\n<p>Im\u00a0 ersten Teil des Abends wird im Gespr\u00e4ch mit dem zeitgen\u00f6ssischen Komponisten <strong>Brett Dean<\/strong> die bedeutende polnische Komponistin Gra\u017cyna Bacewicz und ihr Beitrag zur Filmmusik gew\u00fcrdigt. Dar\u00fcber hinaus kommen mit Chopin und Szymanowski zwei pr\u00e4gende polnische Komponisten des 19. Jahrhunderts zur Sprache, deren musikalisches Erbe bis heute in der internationalen Filmmusik nachhallt \u2013 obwohl ihre Werke zum Teil lange vor der Film-\u00c4ra entstanden sind.<\/p>\n<p>Im zweiten Teil kommt die Musik selbst zu Geh\u00f6r:<\/p>\n<p><em>Gra\u017cyna Bacewicz (1909\u20131969)<br \/><\/em>Partita f\u00fcr Violine und Klavier<\/p>\n<p><em>Karol Szymanowski (1882\u20131937)<br \/><\/em>Ausz\u00fcge aus \u201eMythen\u201c<\/p>\n<p><em>Fryderyk Chopin (1810\u20131849)<br \/><\/em>Werke f\u00fcr Klavier sowie f\u00fcr Cello und Klavier<\/p>\n<p><em>Brett Dean (geb. 1961)<br \/><\/em>\u201eI starred last night, I shone\u201d<\/p>\n<p><em>Johannes Brahms (1833\u20131897)<br \/><\/em>Klavierquartett Nr. 1 g-Moll op. 25<\/p>\n<hr \/>\n<p>Auff\u00fchrende:<br \/><strong>Lotte Betts-Dean<\/strong> (Mezzosopran)<br \/><strong>Viviane Hagner<\/strong> (Violine)<br \/><strong>Brett Dean<\/strong> (Viola)<br \/><strong>Benjamin Kruithof<\/strong> (Violoncello)<br \/><strong>Adam Golka<\/strong> (Klavier)<\/p>\n<hr \/>\n<p><a href=\"https:\/\/www.krzyzowa-music.eu\/\"><img loading=\"lazy\" decoding=\"async\" class=\"alignleft wp-image-10240\" src=\"https:\/\/instytutpolski.pl\/berlin\/wp-content\/uploads\/sites\/3\/2025\/08\/Krzyowa-Music-300x300.jpg\" alt=\"\" width=\"120\" height=\"120\" srcset=\"https:\/\/instytutpolski.pl\/berlin\/wp-content\/uploads\/sites\/3\/2025\/08\/Krzyowa-Music-300x300.jpg 300w, https:\/\/instytutpolski.pl\/berlin\/wp-content\/uploads\/sites\/3\/2025\/08\/Krzyowa-Music-150x150.jpg 150w, https:\/\/instytutpolski.pl\/berlin\/wp-content\/uploads\/sites\/3\/2025\/08\/Krzyowa-Music-768x768.jpg 768w, https:\/\/instytutpolski.pl\/berlin\/wp-content\/uploads\/sites\/3\/2025\/08\/Krzyowa-Music.jpg 1000w\" sizes=\"auto, (max-width: 120px) 100vw, 120px\" \/><\/a><a href=\"https:\/\/www.krzyzowa-music.eu\/\">Krzy\u017cowa-Music<\/a> ist ein international renommiertes Kammermusik-Festival im Herzen Europas. Im niederschlesischen Krzy\u017cowa (Kreisau), das wie kaum ein anderer Ort f\u00fcr den Wunsch nach einem nachbarschaftlich geeinten, friedlichen Europa sowie f\u00fcr Austausch und Kultur steht, findet in diesem Jahr die elfte Ausgabe des Workshop-Festivals statt. Musikalische Talente aller Kontinente treffen auf pr\u00e4gende Musik-Pers\u00f6nlichkeiten unserer Zeit und erarbeiten gemeinsam auf h\u00f6chstem Niveau ein faszinierendes, breit gef\u00e4chertes Repertoire von Bachs Zeiten bis in die Gegenwart. Anschlie\u00dfend machen sie es in zahlreichen Workshops und Konzerten erlebbar.<\/p>\n<p><strong><em>12.09. \/ 19:00 (Einlass 18:00) \/ UdK Berlin \/ Joseph-Joachim-Saal \/ Eintritt frei mit <a href=\"https:\/\/www.krzyzowa-music.eu\/event-details\/krzyzowa-music-kammermusik-konzert-im-dialog-klassische-musik-und-filmkunst\">Ticket<\/a><\/em><\/strong><\/p>\n<p>\u00a0<\/p>\n<div id=\"attachment_9664\" style=\"width: 810px\" class=\"wp-caption aligncenter\"><img loading=\"lazy\" decoding=\"async\" aria-describedby=\"caption-attachment-9664\" class=\"wp-image-9664\" src=\"https:\/\/instytutpolski.pl\/berlin\/wp-content\/uploads\/sites\/3\/2025\/07\/Krzyzowa-Music-Oliver_Borchert_cut-300x161.jpg\" alt=\"\" width=\"800\" height=\"430\" srcset=\"https:\/\/instytutpolski.pl\/berlin\/wp-content\/uploads\/sites\/3\/2025\/07\/Krzyzowa-Music-Oliver_Borchert_cut-300x161.jpg 300w, https:\/\/instytutpolski.pl\/berlin\/wp-content\/uploads\/sites\/3\/2025\/07\/Krzyzowa-Music-Oliver_Borchert_cut-1024x551.jpg 1024w, https:\/\/instytutpolski.pl\/berlin\/wp-content\/uploads\/sites\/3\/2025\/07\/Krzyzowa-Music-Oliver_Borchert_cut-768x413.jpg 768w, https:\/\/instytutpolski.pl\/berlin\/wp-content\/uploads\/sites\/3\/2025\/07\/Krzyzowa-Music-Oliver_Borchert_cut-1536x826.jpg 1536w, https:\/\/instytutpolski.pl\/berlin\/wp-content\/uploads\/sites\/3\/2025\/07\/Krzyzowa-Music-Oliver_Borchert_cut.jpg 2000w\" sizes=\"auto, (max-width: 800px) 100vw, 800px\" \/><p id=\"caption-attachment-9664\" class=\"wp-caption-text\">Krzy\u017cowa-Music \u00a9 Oliver Borchert<\/p><\/div>\n\n\n\n\n\n\n","protected":false},"excerpt":{"rendered":"<p>Klassische Musik und Filmkunst im Dialog Bitte beachten: Der Besuch ist ausschlie\u00dflich mit einer Freikarte m\u00f6glich, die unter diesem Link reserviert werden kann. Filmmusik aus Polen ist ein zentraler, jedoch h\u00e4ufig untersch\u00e4tzter Beitrag zur europ\u00e4ischen und internationalen Filmmusikgeschichte. Zahlreiche polnische Komponist*innen \u2013 darunter Gra\u017cyna Bacewicz, Fryderyk Chopin, Krzysztof Penderecki und Karol Szymanowski \u2013 sowie Filmkomponisten [&hellip;]<\/p>\n","protected":false},"author":79,"featured_media":9714,"parent":3457,"menu_order":0,"comment_status":"closed","ping_status":"closed","template":"","meta":{"inline_featured_image":false,"_monsterinsights_skip_tracking":false,"_monsterinsights_sitenote_active":false,"_monsterinsights_sitenote_note":"","_monsterinsights_sitenote_category":0,"footnotes":""},"class_list":["post-3639","page","type-page","status-publish","has-post-thumbnail","hentry"],"yoast_head":"<!-- This site is optimized with the Yoast SEO plugin v24.6 - https:\/\/yoast.com\/wordpress\/plugins\/seo\/ -->\n<title>Konzert: filmPOLSKA x Krzy\u017cowa-Music - Instytut Polski w Berlinie<\/title>\n<meta name=\"robots\" content=\"index, follow, max-snippet:-1, max-image-preview:large, max-video-preview:-1\" \/>\n<link rel=\"canonical\" href=\"https:\/\/instytutpolski.pl\/berlin\/20-filmpolska\/filmpolska-konzert\/\" \/>\n<meta property=\"og:locale\" content=\"pl_PL\" \/>\n<meta property=\"og:type\" content=\"article\" \/>\n<meta property=\"og:title\" content=\"Konzert: filmPOLSKA x Krzy\u017cowa-Music - Instytut Polski w Berlinie\" \/>\n<meta property=\"og:description\" content=\"Klassische Musik und Filmkunst im Dialog Bitte beachten: Der Besuch ist ausschlie\u00dflich mit einer Freikarte m\u00f6glich, die unter diesem Link reserviert werden kann. Filmmusik aus Polen ist ein zentraler, jedoch h\u00e4ufig untersch\u00e4tzter Beitrag zur europ\u00e4ischen und internationalen Filmmusikgeschichte. Zahlreiche polnische Komponist*innen \u2013 darunter Gra\u017cyna Bacewicz, Fryderyk Chopin, Krzysztof Penderecki und Karol Szymanowski \u2013 sowie Filmkomponisten [&hellip;]\" \/>\n<meta property=\"og:url\" content=\"https:\/\/instytutpolski.pl\/berlin\/20-filmpolska\/filmpolska-konzert\/\" \/>\n<meta property=\"og:site_name\" content=\"Instytut Polski w Berlinie\" \/>\n<meta property=\"article:modified_time\" content=\"2025-08-22T08:26:38+00:00\" \/>\n<meta property=\"og:image\" content=\"https:\/\/instytutpolski.pl\/berlin\/wp-content\/uploads\/sites\/3\/2025\/08\/Zrzut-ekranu-2025-08-2-o-04.53.06.png\" \/>\n\t<meta property=\"og:image:width\" content=\"2306\" \/>\n\t<meta property=\"og:image:height\" content=\"870\" \/>\n\t<meta property=\"og:image:type\" content=\"image\/png\" \/>\n<meta name=\"twitter:card\" content=\"summary_large_image\" \/>\n<meta name=\"twitter:label1\" content=\"Szacowany czas czytania\" \/>\n\t<meta name=\"twitter:data1\" content=\"3 minuty\" \/>\n<script type=\"application\/ld+json\" class=\"yoast-schema-graph\">{\"@context\":\"https:\/\/schema.org\",\"@graph\":[{\"@type\":\"WebPage\",\"@id\":\"https:\/\/instytutpolski.pl\/berlin\/20-filmpolska\/filmpolska-konzert\/\",\"url\":\"https:\/\/instytutpolski.pl\/berlin\/20-filmpolska\/filmpolska-konzert\/\",\"name\":\"Konzert: filmPOLSKA x Krzy\u017cowa-Music - Instytut Polski w Berlinie\",\"isPartOf\":{\"@id\":\"https:\/\/instytutpolski.pl\/berlin\/#website\"},\"primaryImageOfPage\":{\"@id\":\"https:\/\/instytutpolski.pl\/berlin\/20-filmpolska\/filmpolska-konzert\/#primaryimage\"},\"image\":{\"@id\":\"https:\/\/instytutpolski.pl\/berlin\/20-filmpolska\/filmpolska-konzert\/#primaryimage\"},\"thumbnailUrl\":\"https:\/\/instytutpolski.pl\/berlin\/wp-content\/uploads\/sites\/3\/2025\/08\/Zrzut-ekranu-2025-08-2-o-04.53.06.png\",\"datePublished\":\"2022-05-23T09:06:19+00:00\",\"dateModified\":\"2025-08-22T08:26:38+00:00\",\"breadcrumb\":{\"@id\":\"https:\/\/instytutpolski.pl\/berlin\/20-filmpolska\/filmpolska-konzert\/#breadcrumb\"},\"inLanguage\":\"pl-PL\",\"potentialAction\":[{\"@type\":\"ReadAction\",\"target\":[\"https:\/\/instytutpolski.pl\/berlin\/20-filmpolska\/filmpolska-konzert\/\"]}]},{\"@type\":\"ImageObject\",\"inLanguage\":\"pl-PL\",\"@id\":\"https:\/\/instytutpolski.pl\/berlin\/20-filmpolska\/filmpolska-konzert\/#primaryimage\",\"url\":\"https:\/\/instytutpolski.pl\/berlin\/wp-content\/uploads\/sites\/3\/2025\/08\/Zrzut-ekranu-2025-08-2-o-04.53.06.png\",\"contentUrl\":\"https:\/\/instytutpolski.pl\/berlin\/wp-content\/uploads\/sites\/3\/2025\/08\/Zrzut-ekranu-2025-08-2-o-04.53.06.png\",\"width\":2306,\"height\":870},{\"@type\":\"BreadcrumbList\",\"@id\":\"https:\/\/instytutpolski.pl\/berlin\/20-filmpolska\/filmpolska-konzert\/#breadcrumb\",\"itemListElement\":[{\"@type\":\"ListItem\",\"position\":1,\"name\":\"Home\",\"item\":\"https:\/\/instytutpolski.pl\/berlin\/\"},{\"@type\":\"ListItem\",\"position\":2,\"name\":\"20. filmPOLSKA\",\"item\":\"https:\/\/instytutpolski.pl\/berlin\/20-filmpolska\/\"},{\"@type\":\"ListItem\",\"position\":3,\"name\":\"Konzert: filmPOLSKA x Krzy\u017cowa-Music\"}]},{\"@type\":\"WebSite\",\"@id\":\"https:\/\/instytutpolski.pl\/berlin\/#website\",\"url\":\"https:\/\/instytutpolski.pl\/berlin\/\",\"name\":\"Instytut Polski w Berlinie\",\"description\":\"Instytuty Polskie\",\"potentialAction\":[{\"@type\":\"SearchAction\",\"target\":{\"@type\":\"EntryPoint\",\"urlTemplate\":\"https:\/\/instytutpolski.pl\/berlin\/?s={search_term_string}\"},\"query-input\":{\"@type\":\"PropertyValueSpecification\",\"valueRequired\":true,\"valueName\":\"search_term_string\"}}],\"inLanguage\":\"pl-PL\"}]}<\/script>\n<!-- \/ Yoast SEO plugin. -->","yoast_head_json":{"title":"Konzert: filmPOLSKA x Krzy\u017cowa-Music - Instytut Polski w Berlinie","robots":{"index":"index","follow":"follow","max-snippet":"max-snippet:-1","max-image-preview":"max-image-preview:large","max-video-preview":"max-video-preview:-1"},"canonical":"https:\/\/instytutpolski.pl\/berlin\/20-filmpolska\/filmpolska-konzert\/","og_locale":"pl_PL","og_type":"article","og_title":"Konzert: filmPOLSKA x Krzy\u017cowa-Music - Instytut Polski w Berlinie","og_description":"Klassische Musik und Filmkunst im Dialog Bitte beachten: Der Besuch ist ausschlie\u00dflich mit einer Freikarte m\u00f6glich, die unter diesem Link reserviert werden kann. Filmmusik aus Polen ist ein zentraler, jedoch h\u00e4ufig untersch\u00e4tzter Beitrag zur europ\u00e4ischen und internationalen Filmmusikgeschichte. Zahlreiche polnische Komponist*innen \u2013 darunter Gra\u017cyna Bacewicz, Fryderyk Chopin, Krzysztof Penderecki und Karol Szymanowski \u2013 sowie Filmkomponisten [&hellip;]","og_url":"https:\/\/instytutpolski.pl\/berlin\/20-filmpolska\/filmpolska-konzert\/","og_site_name":"Instytut Polski w Berlinie","article_modified_time":"2025-08-22T08:26:38+00:00","og_image":[{"width":2306,"height":870,"url":"https:\/\/instytutpolski.pl\/berlin\/wp-content\/uploads\/sites\/3\/2025\/08\/Zrzut-ekranu-2025-08-2-o-04.53.06.png","type":"image\/png"}],"twitter_card":"summary_large_image","twitter_misc":{"Szacowany czas czytania":"3 minuty"},"schema":{"@context":"https:\/\/schema.org","@graph":[{"@type":"WebPage","@id":"https:\/\/instytutpolski.pl\/berlin\/20-filmpolska\/filmpolska-konzert\/","url":"https:\/\/instytutpolski.pl\/berlin\/20-filmpolska\/filmpolska-konzert\/","name":"Konzert: filmPOLSKA x Krzy\u017cowa-Music - Instytut Polski w Berlinie","isPartOf":{"@id":"https:\/\/instytutpolski.pl\/berlin\/#website"},"primaryImageOfPage":{"@id":"https:\/\/instytutpolski.pl\/berlin\/20-filmpolska\/filmpolska-konzert\/#primaryimage"},"image":{"@id":"https:\/\/instytutpolski.pl\/berlin\/20-filmpolska\/filmpolska-konzert\/#primaryimage"},"thumbnailUrl":"https:\/\/instytutpolski.pl\/berlin\/wp-content\/uploads\/sites\/3\/2025\/08\/Zrzut-ekranu-2025-08-2-o-04.53.06.png","datePublished":"2022-05-23T09:06:19+00:00","dateModified":"2025-08-22T08:26:38+00:00","breadcrumb":{"@id":"https:\/\/instytutpolski.pl\/berlin\/20-filmpolska\/filmpolska-konzert\/#breadcrumb"},"inLanguage":"pl-PL","potentialAction":[{"@type":"ReadAction","target":["https:\/\/instytutpolski.pl\/berlin\/20-filmpolska\/filmpolska-konzert\/"]}]},{"@type":"ImageObject","inLanguage":"pl-PL","@id":"https:\/\/instytutpolski.pl\/berlin\/20-filmpolska\/filmpolska-konzert\/#primaryimage","url":"https:\/\/instytutpolski.pl\/berlin\/wp-content\/uploads\/sites\/3\/2025\/08\/Zrzut-ekranu-2025-08-2-o-04.53.06.png","contentUrl":"https:\/\/instytutpolski.pl\/berlin\/wp-content\/uploads\/sites\/3\/2025\/08\/Zrzut-ekranu-2025-08-2-o-04.53.06.png","width":2306,"height":870},{"@type":"BreadcrumbList","@id":"https:\/\/instytutpolski.pl\/berlin\/20-filmpolska\/filmpolska-konzert\/#breadcrumb","itemListElement":[{"@type":"ListItem","position":1,"name":"Home","item":"https:\/\/instytutpolski.pl\/berlin\/"},{"@type":"ListItem","position":2,"name":"20. filmPOLSKA","item":"https:\/\/instytutpolski.pl\/berlin\/20-filmpolska\/"},{"@type":"ListItem","position":3,"name":"Konzert: filmPOLSKA x Krzy\u017cowa-Music"}]},{"@type":"WebSite","@id":"https:\/\/instytutpolski.pl\/berlin\/#website","url":"https:\/\/instytutpolski.pl\/berlin\/","name":"Instytut Polski w Berlinie","description":"Instytuty Polskie","potentialAction":[{"@type":"SearchAction","target":{"@type":"EntryPoint","urlTemplate":"https:\/\/instytutpolski.pl\/berlin\/?s={search_term_string}"},"query-input":{"@type":"PropertyValueSpecification","valueRequired":true,"valueName":"search_term_string"}}],"inLanguage":"pl-PL"}]}},"_links":{"self":[{"href":"https:\/\/instytutpolski.pl\/berlin\/wp-json\/wp\/v2\/pages\/3639","targetHints":{"allow":["GET"]}}],"collection":[{"href":"https:\/\/instytutpolski.pl\/berlin\/wp-json\/wp\/v2\/pages"}],"about":[{"href":"https:\/\/instytutpolski.pl\/berlin\/wp-json\/wp\/v2\/types\/page"}],"author":[{"embeddable":true,"href":"https:\/\/instytutpolski.pl\/berlin\/wp-json\/wp\/v2\/users\/79"}],"replies":[{"embeddable":true,"href":"https:\/\/instytutpolski.pl\/berlin\/wp-json\/wp\/v2\/comments?post=3639"}],"version-history":[{"count":61,"href":"https:\/\/instytutpolski.pl\/berlin\/wp-json\/wp\/v2\/pages\/3639\/revisions"}],"predecessor-version":[{"id":10683,"href":"https:\/\/instytutpolski.pl\/berlin\/wp-json\/wp\/v2\/pages\/3639\/revisions\/10683"}],"up":[{"embeddable":true,"href":"https:\/\/instytutpolski.pl\/berlin\/wp-json\/wp\/v2\/pages\/3457"}],"wp:featuredmedia":[{"embeddable":true,"href":"https:\/\/instytutpolski.pl\/berlin\/wp-json\/wp\/v2\/media\/9714"}],"wp:attachment":[{"href":"https:\/\/instytutpolski.pl\/berlin\/wp-json\/wp\/v2\/media?parent=3639"}],"curies":[{"name":"wp","href":"https:\/\/api.w.org\/{rel}","templated":true}]}}