{"id":3675,"date":"2022-05-23T12:05:34","date_gmt":"2022-05-23T10:05:34","guid":{"rendered":"https:\/\/instytutpolski.pl\/berlin\/?page_id=3675"},"modified":"2024-09-04T11:55:31","modified_gmt":"2024-09-04T09:55:31","slug":"kunst-im-kino","status":"publish","type":"page","link":"https:\/\/instytutpolski.pl\/berlin\/20-filmpolska\/kunst-im-kino\/","title":{"rendered":"Kunst im Kino: Wahrheiten verlorener Rituale"},"content":{"rendered":"\n<p><span style=\"font-weight: 400\">Konzept der Sektion \u201eKunst im Kino\u201c: <\/span><b>Anna Baumgart<br \/><\/b><span style=\"font-weight: 400\">Kuratorin des Programms 2024: <\/span><b>Lawinia Rate<br \/><\/b><i><span style=\"font-weight: 400\">14.09. \/ 20:00 \/ Wolf Kino<\/span><\/i><\/p>\n<p><span style=\"font-weight: 400\">Das diesj\u00e4hrige Programm der Reihe \u201eKunst im Kino\u201c versuc<\/span><span style=\"font-weight: 400\">ht, da<\/span><span style=\"font-weight: 400\">s Ph\u00e4nomen des Rituals in seiner Kultivierung und seinen Transformationen kritisch zu beleuchten. Rituale sind formalisierte Handlungen, Gesten und \u00c4u\u00dferungen, die f\u00fcr eine bestimmte Kultur oder Gemeinschaft charakteristisch sind und die Funktion haben, diese zu st\u00fctzen und zu stabilisieren. Von klein auf werden wir mit Ritualen konfrontiert. Sie sind ein selbstverst\u00e4ndlicher, oft unbemerkter Teil des t\u00e4glichen Lebens. Oft ist es kaum m\u00f6glich, Rituale als unbeteiligte\/r Beobachter*in vom Rande aus zu betrachten. Die pr\u00e4sentierten K\u00fcnstler*innen verschiedener Generationen haben sich mit den Mitteln des Experimentalfilms und der Medienkunst mit dem Thema auseinandergesetzt. <\/span><i><span style=\"font-weight: 400\">[Lawinia Rate]<\/span><\/i><\/p>\n<p><span style=\"font-weight: 400\">Die Sektion \u201eKunst im Kino\u201d <\/span><span style=\"font-weight: 400\">kooperiert mit<\/span><span style=\"font-weight: 400\">: buch|bund, Upcycling, Wolf Kino, Muzeum Sztuki Wsp\u00f3\u0142czesnej in Warschau, ZW Foundation und KFF Sales. Lawinia Rate dankt Weronika Szyma, Zbigniew Libera, Agata Araszki<\/span><span style=\"font-weight: 400\">ewicz<\/span><span style=\"font-weight: 400\">, Olivia Rosa, Anna Baumgart, Ewelina Rosi\u0144ska, <\/span><span style=\"font-weight: 400\">Adrian Antoniewicz, <\/span><span style=\"font-weight: 400\">Marta \u015awi\u0119tek, Fran\u00e7ois Rossier, Mathilde Irrmann, Marcin Piekoszewski, <\/span><span style=\"font-weight: 400\">Dawid Lewandowski<\/span><span style=\"font-weight: 400\"> und den Mitarbeiter*inn<\/span><span style=\"font-weight: 400\">en de<\/span><span style=\"font-weight: 400\">s Wolf Kinos f\u00fcr die Unterst\u00fctzung.<\/span><\/p>\n<p style=\"text-align: center\"><img loading=\"lazy\" decoding=\"async\" class=\"aligncenter wp-image-7061 size-full\" src=\"https:\/\/instytutpolski.pl\/berlin\/wp-content\/uploads\/sites\/3\/2024\/07\/Rosinska_Erde_Im_Mund_Still3.png\" alt=\"\" width=\"957\" height=\"719\" srcset=\"https:\/\/instytutpolski.pl\/berlin\/wp-content\/uploads\/sites\/3\/2024\/07\/Rosinska_Erde_Im_Mund_Still3.png 957w, https:\/\/instytutpolski.pl\/berlin\/wp-content\/uploads\/sites\/3\/2024\/07\/Rosinska_Erde_Im_Mund_Still3-300x225.png 300w, https:\/\/instytutpolski.pl\/berlin\/wp-content\/uploads\/sites\/3\/2024\/07\/Rosinska_Erde_Im_Mund_Still3-768x577.png 768w\" sizes=\"auto, (max-width: 957px) 100vw, 957px\" \/><em>Erde Im Mund \u00a9Ewelina Rosi\u0144ska<\/em><\/p>\n<p><strong>Kunst im Kino, <b>Programm 1<\/b><\/strong><br \/><strong>Wahrheiten verlorener Rituale<\/strong><\/p>\n<p><em><b>Wanda<br \/><\/b><\/em><span style=\"font-weight: 400\">Experimentalfilm, R: Anna Baumgart, PL 2023, 21 min, OmeU<br \/><\/span><span style=\"font-weight: 400\">Eine Trag\u00f6die von im Meer ertrunkenen Pfadfinderinnen zu Beginn des 20. Jahrhunderts inspirierte Anna Baumgart dazu, Geschichten zu weben, welche die patriarchalen Strukturen, die unser Leben bestimmen, sprengen. Virtuos entwirft sie Zeitlichkeiten, in denen das Heute nicht mehr vom Gestern zu unterscheiden ist, und zeigt ein anderes Miteinander \u2013 nah am Wasser.<\/span><i><span style=\"font-weight: 400\"> [lr]<\/span><\/i><\/p>\n<p><em><b>Z ziemi\u0105 w buzi \/ Earth in the Mouth<br \/><\/b><\/em><span style=\"font-weight: 400\">Experimentalfilm, R: Ewelina Rosi\u0144ska, D 2020, 20 min, oT<br \/><\/span><span style=\"font-weight: 400\">Kleine Fragmente, Bilder, manchmal auch ganze Sequenzen \u2013 was bleibt in Erinnerung, was pr\u00e4gt f\u00fcr das weitere Leben? Was wird man nicht los, auch wenn es nicht das ist, wof\u00fcr man selbst steht? Und was wird zum Zentrum der Sentimentalit\u00e4t, das an die Kindheit erinnert? Ewelina Rosi\u0144ska zeigt, wie Bilder in den Menschen schlummern und welche Kraft in ihnen steckt.<\/span><i><span style=\"font-weight: 400\"> [lr]<\/span><\/i><\/p>\n<p><em><b>Jak tresuje si\u0119 dziewczynki \/ How to Train Little Girls<br \/><\/b><\/em><span style=\"font-weight: 400\">Experimentalfilm, R: Zbigniew Libera, PL 1987, 20 min, oT<br \/><\/span><span style=\"font-weight: 400\">Wie werden M\u00e4dchen erzogen? Wie werden ihnen Verhaltensmuster eingefl\u00f6\u00dft, die das ganze Leben, den K\u00f6rper und das Bewusstsein bestimmen? Das geschieht unmerklich \u2013 in der unmittelbaren Umgebung, bei Familienzusammenk\u00fcnften, im t\u00e4glichen Leben. Die Ironie besteht darin, dass diese Pr\u00e4gung meistens nicht mit b\u00f6ser Absicht geschieht \u2013 sondern unwillk\u00fcrlich im Namen der F\u00fcrsorge und in dem Glauben, Erfahrungen zu teilen. Libera l\u00e4sst uns einen dieser Momente in Zeitlupe betrachten.<\/span><i><span style=\"font-weight: 400\"> [lr]<\/span><\/i><\/p>\n<p><em><b>Cia\u0142o\u015b\u0107 \/ Lushfulness<br \/><\/b><\/em><span style=\"font-weight: 400\">Experimentalfilm, R: Weronika Szyma, PL 2020, 6 min, oT<br \/><\/span><span style=\"font-weight: 400\">Wenn ein M\u00e4dchen ihrem Spiegelbild begegnet, verwandeln sich ihre \u00c4ngste und Unsicherheiten \u00fcber ihren K\u00f6rper unerwartet in eine leidenschaftliche und freie Selbsterforschung. Ihre Fantasien werden zum Leben erweckt. Aber dieses Spiel hat auch eine dunkle Seite. Ist es m\u00f6glich, sich mit seinem eigenen Ich zu vereinen? <\/span><i><span style=\"font-weight: 400\">[Weronika Szuma]<\/span><\/i><\/p>\n<p><em><b>Zapach ziemi \/ Smell of the Ground<br \/><\/b><\/em><span style=\"font-weight: 400\">Experimentalfilm, R: Olivia Rosa, PL 2023, 8 min, oT<br \/><\/span><span style=\"font-weight: 400\">Der Film zeigt eine subjektive k\u00fcnstlerische Vision vom Ende des Anthropoz\u00e4ns, inspiriert von Sarah Teasdales Gedicht \u201eThere Will Come Soft Rains\u201d. Sie beschreibt eine Reise \u00fcber menschenleere Planeten, auf denen nur noch Pflanzen, Tiere und die Hinterlassenschaften der Menschen zu sehen sind. Das Verschwinden des Menschen ist hier nicht das Ende, sondern der Beginn einer neuen Welt. <\/span><i><span style=\"font-weight: 400\">[Olivia Rosa]<\/span><\/i><\/p>\n<p>\u00a0<\/p>\n<p><em>14.09. \/ 20:00 \/ Wolf Kino \/<\/em><i><\/i><strong><i> zu Gast: Agata Araszkiewicz, Anna Baumgart<\/i><\/strong><\/p>\n<p style=\"text-align: center\"><img loading=\"lazy\" decoding=\"async\" class=\"aligncenter size-large wp-image-7064\" src=\"https:\/\/instytutpolski.pl\/berlin\/wp-content\/uploads\/sites\/3\/2024\/07\/Szyma_Cialosc5-1024x576.jpg\" alt=\"\" width=\"1024\" height=\"576\" srcset=\"https:\/\/instytutpolski.pl\/berlin\/wp-content\/uploads\/sites\/3\/2024\/07\/Szyma_Cialosc5-1024x576.jpg 1024w, https:\/\/instytutpolski.pl\/berlin\/wp-content\/uploads\/sites\/3\/2024\/07\/Szyma_Cialosc5-300x169.jpg 300w, https:\/\/instytutpolski.pl\/berlin\/wp-content\/uploads\/sites\/3\/2024\/07\/Szyma_Cialosc5-768x432.jpg 768w, https:\/\/instytutpolski.pl\/berlin\/wp-content\/uploads\/sites\/3\/2024\/07\/Szyma_Cialosc5-1536x864.jpg 1536w, https:\/\/instytutpolski.pl\/berlin\/wp-content\/uploads\/sites\/3\/2024\/07\/Szyma_Cialosc5-1120x630.jpg 1120w, https:\/\/instytutpolski.pl\/berlin\/wp-content\/uploads\/sites\/3\/2024\/07\/Szyma_Cialosc5.jpg 1920w\" sizes=\"auto, (max-width: 1024px) 100vw, 1024px\" \/><em>Lushfulness \u00a9Weronika Szyma<\/em><\/p>\n<p>\u00a0<\/p>\n<p><b>Kunst im Kino, Programm 2<br \/><\/b><b>Wideokno \/ Permanent Measurement \u2013 Filme von Natalia LL<\/b><\/p>\n<p><span style=\"font-weight: 400\">Zus\u00e4tzlich zum Kinoprogramm wird \u201eKunst im Kino\u201c mit einer Intervention im Stadtgef\u00fcge aktiv. In Schaufenstern rund um das Wolf Kino wird das Schaffen von Natalia LL gew\u00fcrdigt, indem wenig bekannte konzeptuelle Kurzfilme der K\u00fcnstlerin gezeigt werden. An jeder Station gibt es Informationen \u00fcber die K\u00fcnstlerin und ihre Filme, wobei sich jede Videostation einem anderen Aspekt ihrer k\u00fcnstlerischen Arbeit widmet.<\/span><\/p>\n<p><b><br \/>Rejestracja permanentna co 1 km autostrady E22 \/ Permanent Measurement of Every 1 km of the E22 Motorway<br \/><\/b><span style=\"font-weight: 400\">R: Natalia LL, PL 1970, 2 min, oT<\/span><\/p>\n<p><i><span style=\"font-weight: 400\">12.\u201314.09. \/ 18:00\u201322:00 \/ buch|bund \/ Sanderstr. 8, Berlin Neuk\u00f6lln<\/span><\/i><\/p>\n<p><b>Piramida \/ Pyramid<br \/><\/b><span style=\"font-weight: 400\">R: Natalia LL, PL 1970, 2 min, oT<\/span><\/p>\n<p><i><span style=\"font-weight: 400\">12.\u201314.09. \/ 18:00\u201322:00 \/ Wolf Kino \/ Weserstr. 59, Berlin Neuk\u00f6lln<\/span><\/i><\/p>\n<p><b>Rejestracja permanentna czasu \/ Permanent Measurement of Time<br \/><\/b><span style=\"font-weight: 400\">R: Natalia LL, PL 1979, 2 min, oT<\/span><\/p>\n<p><i><span style=\"font-weight: 400\">12.\u201314.09. \/ 18:00\u201322:00 \/ Upcycling \/ Hobrechtstrasse 54, Berlin Neuk\u00f6lln<\/span><\/i><\/p>\n<p><strong><br \/>Am 12.09. um 20 Uhr findet ein Spaziergang mit Lawinia Rate zu den einzelnen Wideokno-Stationen statt.<br \/><\/strong><i><span style=\"font-weight: 400\">Treffpunkt:\u00a0 buch|bund \/ Sanderstr. 8 \/ Dauer ca. 60 Minuten \/ Sprache: Deutsch<\/span><\/i><\/p>\n<p><span style=\"font-weight: 400\">Die Sektion \u201eKunst im Kino\u201d ist eine Kooperation mit: buch|bund, Upcycling, Wolf Kino, Muzeum Sztuki Wsp\u00f3\u0142czesnej in Warschau, ZW Foundation und KFF Sales. Lawinia Rate dankt Weronika Szyma, Zbigniew Libera, Agata Araszkiewich, Olivia Rosa, Anna Baumgart, Ewelina Rosi\u0144ska, Marta \u015awi\u0119tek, Fran\u00e7ois Rossier, Mathilde Irrmann, Marcin Piekoszewski und den Mitarbeiter*innen des Wolf Kinos f\u00fcr die Unterst\u00fctzung.<\/span><\/p>\n<hr \/>\n<p><b><\/b><i><\/i><em>Titelfoto: Natalia LL_Piramida_1980_2min<\/em><\/p>\n","protected":false},"excerpt":{"rendered":"<p>Konzept der Sektion \u201eKunst im Kino\u201c: Anna BaumgartKuratorin des Programms 2024: Lawinia Rate14.09. \/ 20:00 \/ Wolf Kino Das diesj\u00e4hrige Programm der Reihe \u201eKunst im Kino\u201c versucht, das Ph\u00e4nomen des Rituals in seiner Kultivierung und seinen Transformationen kritisch zu beleuchten. Rituale sind formalisierte Handlungen, Gesten und \u00c4u\u00dferungen, die f\u00fcr eine bestimmte Kultur oder Gemeinschaft charakteristisch [&hellip;]<\/p>\n","protected":false},"author":79,"featured_media":7394,"parent":3457,"menu_order":0,"comment_status":"closed","ping_status":"closed","template":"","meta":{"inline_featured_image":false,"_monsterinsights_skip_tracking":false,"_monsterinsights_sitenote_active":false,"_monsterinsights_sitenote_note":"","_monsterinsights_sitenote_category":0,"footnotes":""},"class_list":["post-3675","page","type-page","status-publish","has-post-thumbnail","hentry"],"yoast_head":"<!-- This site is optimized with the Yoast SEO plugin v24.6 - https:\/\/yoast.com\/wordpress\/plugins\/seo\/ -->\n<title>Kunst im Kino: Wahrheiten verlorener Rituale - Instytut Polski w Berlinie<\/title>\n<meta name=\"robots\" content=\"index, follow, max-snippet:-1, max-image-preview:large, max-video-preview:-1\" \/>\n<link rel=\"canonical\" href=\"https:\/\/instytutpolski.pl\/berlin\/20-filmpolska\/kunst-im-kino\/\" \/>\n<meta property=\"og:locale\" content=\"pl_PL\" \/>\n<meta property=\"og:type\" content=\"article\" \/>\n<meta property=\"og:title\" content=\"Kunst im Kino: Wahrheiten verlorener Rituale - Instytut Polski w Berlinie\" \/>\n<meta property=\"og:description\" content=\"Konzept der Sektion \u201eKunst im Kino\u201c: Anna BaumgartKuratorin des Programms 2024: Lawinia Rate14.09. \/ 20:00 \/ Wolf Kino Das diesj\u00e4hrige Programm der Reihe \u201eKunst im Kino\u201c versucht, das Ph\u00e4nomen des Rituals in seiner Kultivierung und seinen Transformationen kritisch zu beleuchten. Rituale sind formalisierte Handlungen, Gesten und \u00c4u\u00dferungen, die f\u00fcr eine bestimmte Kultur oder Gemeinschaft charakteristisch [&hellip;]\" \/>\n<meta property=\"og:url\" content=\"https:\/\/instytutpolski.pl\/berlin\/20-filmpolska\/kunst-im-kino\/\" \/>\n<meta property=\"og:site_name\" content=\"Instytut Polski w Berlinie\" \/>\n<meta property=\"article:modified_time\" content=\"2024-09-04T09:55:31+00:00\" \/>\n<meta property=\"og:image\" content=\"https:\/\/instytutpolski.pl\/berlin\/wp-content\/uploads\/sites\/3\/2024\/09\/aaa.png\" \/>\n\t<meta property=\"og:image:width\" content=\"2000\" \/>\n\t<meta property=\"og:image:height\" content=\"1000\" \/>\n\t<meta property=\"og:image:type\" content=\"image\/png\" \/>\n<meta name=\"twitter:card\" content=\"summary_large_image\" \/>\n<meta name=\"twitter:label1\" content=\"Szacowany czas czytania\" \/>\n\t<meta name=\"twitter:data1\" content=\"6 minut\" \/>\n<script type=\"application\/ld+json\" class=\"yoast-schema-graph\">{\"@context\":\"https:\/\/schema.org\",\"@graph\":[{\"@type\":\"WebPage\",\"@id\":\"https:\/\/instytutpolski.pl\/berlin\/20-filmpolska\/kunst-im-kino\/\",\"url\":\"https:\/\/instytutpolski.pl\/berlin\/20-filmpolska\/kunst-im-kino\/\",\"name\":\"Kunst im Kino: Wahrheiten verlorener Rituale - Instytut Polski w Berlinie\",\"isPartOf\":{\"@id\":\"https:\/\/instytutpolski.pl\/berlin\/#website\"},\"primaryImageOfPage\":{\"@id\":\"https:\/\/instytutpolski.pl\/berlin\/20-filmpolska\/kunst-im-kino\/#primaryimage\"},\"image\":{\"@id\":\"https:\/\/instytutpolski.pl\/berlin\/20-filmpolska\/kunst-im-kino\/#primaryimage\"},\"thumbnailUrl\":\"https:\/\/instytutpolski.pl\/berlin\/wp-content\/uploads\/sites\/3\/2024\/09\/aaa.png\",\"datePublished\":\"2022-05-23T10:05:34+00:00\",\"dateModified\":\"2024-09-04T09:55:31+00:00\",\"breadcrumb\":{\"@id\":\"https:\/\/instytutpolski.pl\/berlin\/20-filmpolska\/kunst-im-kino\/#breadcrumb\"},\"inLanguage\":\"pl-PL\",\"potentialAction\":[{\"@type\":\"ReadAction\",\"target\":[\"https:\/\/instytutpolski.pl\/berlin\/20-filmpolska\/kunst-im-kino\/\"]}]},{\"@type\":\"ImageObject\",\"inLanguage\":\"pl-PL\",\"@id\":\"https:\/\/instytutpolski.pl\/berlin\/20-filmpolska\/kunst-im-kino\/#primaryimage\",\"url\":\"https:\/\/instytutpolski.pl\/berlin\/wp-content\/uploads\/sites\/3\/2024\/09\/aaa.png\",\"contentUrl\":\"https:\/\/instytutpolski.pl\/berlin\/wp-content\/uploads\/sites\/3\/2024\/09\/aaa.png\",\"width\":2000,\"height\":1000},{\"@type\":\"BreadcrumbList\",\"@id\":\"https:\/\/instytutpolski.pl\/berlin\/20-filmpolska\/kunst-im-kino\/#breadcrumb\",\"itemListElement\":[{\"@type\":\"ListItem\",\"position\":1,\"name\":\"Home\",\"item\":\"https:\/\/instytutpolski.pl\/berlin\/\"},{\"@type\":\"ListItem\",\"position\":2,\"name\":\"20. filmPOLSKA\",\"item\":\"https:\/\/instytutpolski.pl\/berlin\/20-filmpolska\/\"},{\"@type\":\"ListItem\",\"position\":3,\"name\":\"Kunst im Kino: Wahrheiten verlorener Rituale\"}]},{\"@type\":\"WebSite\",\"@id\":\"https:\/\/instytutpolski.pl\/berlin\/#website\",\"url\":\"https:\/\/instytutpolski.pl\/berlin\/\",\"name\":\"Instytut Polski w Berlinie\",\"description\":\"Instytuty Polskie\",\"potentialAction\":[{\"@type\":\"SearchAction\",\"target\":{\"@type\":\"EntryPoint\",\"urlTemplate\":\"https:\/\/instytutpolski.pl\/berlin\/?s={search_term_string}\"},\"query-input\":{\"@type\":\"PropertyValueSpecification\",\"valueRequired\":true,\"valueName\":\"search_term_string\"}}],\"inLanguage\":\"pl-PL\"}]}<\/script>\n<!-- \/ Yoast SEO plugin. -->","yoast_head_json":{"title":"Kunst im Kino: Wahrheiten verlorener Rituale - Instytut Polski w Berlinie","robots":{"index":"index","follow":"follow","max-snippet":"max-snippet:-1","max-image-preview":"max-image-preview:large","max-video-preview":"max-video-preview:-1"},"canonical":"https:\/\/instytutpolski.pl\/berlin\/20-filmpolska\/kunst-im-kino\/","og_locale":"pl_PL","og_type":"article","og_title":"Kunst im Kino: Wahrheiten verlorener Rituale - Instytut Polski w Berlinie","og_description":"Konzept der Sektion \u201eKunst im Kino\u201c: Anna BaumgartKuratorin des Programms 2024: Lawinia Rate14.09. \/ 20:00 \/ Wolf Kino Das diesj\u00e4hrige Programm der Reihe \u201eKunst im Kino\u201c versucht, das Ph\u00e4nomen des Rituals in seiner Kultivierung und seinen Transformationen kritisch zu beleuchten. Rituale sind formalisierte Handlungen, Gesten und \u00c4u\u00dferungen, die f\u00fcr eine bestimmte Kultur oder Gemeinschaft charakteristisch [&hellip;]","og_url":"https:\/\/instytutpolski.pl\/berlin\/20-filmpolska\/kunst-im-kino\/","og_site_name":"Instytut Polski w Berlinie","article_modified_time":"2024-09-04T09:55:31+00:00","og_image":[{"width":2000,"height":1000,"url":"https:\/\/instytutpolski.pl\/berlin\/wp-content\/uploads\/sites\/3\/2024\/09\/aaa.png","type":"image\/png"}],"twitter_card":"summary_large_image","twitter_misc":{"Szacowany czas czytania":"6 minut"},"schema":{"@context":"https:\/\/schema.org","@graph":[{"@type":"WebPage","@id":"https:\/\/instytutpolski.pl\/berlin\/20-filmpolska\/kunst-im-kino\/","url":"https:\/\/instytutpolski.pl\/berlin\/20-filmpolska\/kunst-im-kino\/","name":"Kunst im Kino: Wahrheiten verlorener Rituale - Instytut Polski w Berlinie","isPartOf":{"@id":"https:\/\/instytutpolski.pl\/berlin\/#website"},"primaryImageOfPage":{"@id":"https:\/\/instytutpolski.pl\/berlin\/20-filmpolska\/kunst-im-kino\/#primaryimage"},"image":{"@id":"https:\/\/instytutpolski.pl\/berlin\/20-filmpolska\/kunst-im-kino\/#primaryimage"},"thumbnailUrl":"https:\/\/instytutpolski.pl\/berlin\/wp-content\/uploads\/sites\/3\/2024\/09\/aaa.png","datePublished":"2022-05-23T10:05:34+00:00","dateModified":"2024-09-04T09:55:31+00:00","breadcrumb":{"@id":"https:\/\/instytutpolski.pl\/berlin\/20-filmpolska\/kunst-im-kino\/#breadcrumb"},"inLanguage":"pl-PL","potentialAction":[{"@type":"ReadAction","target":["https:\/\/instytutpolski.pl\/berlin\/20-filmpolska\/kunst-im-kino\/"]}]},{"@type":"ImageObject","inLanguage":"pl-PL","@id":"https:\/\/instytutpolski.pl\/berlin\/20-filmpolska\/kunst-im-kino\/#primaryimage","url":"https:\/\/instytutpolski.pl\/berlin\/wp-content\/uploads\/sites\/3\/2024\/09\/aaa.png","contentUrl":"https:\/\/instytutpolski.pl\/berlin\/wp-content\/uploads\/sites\/3\/2024\/09\/aaa.png","width":2000,"height":1000},{"@type":"BreadcrumbList","@id":"https:\/\/instytutpolski.pl\/berlin\/20-filmpolska\/kunst-im-kino\/#breadcrumb","itemListElement":[{"@type":"ListItem","position":1,"name":"Home","item":"https:\/\/instytutpolski.pl\/berlin\/"},{"@type":"ListItem","position":2,"name":"20. filmPOLSKA","item":"https:\/\/instytutpolski.pl\/berlin\/20-filmpolska\/"},{"@type":"ListItem","position":3,"name":"Kunst im Kino: Wahrheiten verlorener Rituale"}]},{"@type":"WebSite","@id":"https:\/\/instytutpolski.pl\/berlin\/#website","url":"https:\/\/instytutpolski.pl\/berlin\/","name":"Instytut Polski w Berlinie","description":"Instytuty Polskie","potentialAction":[{"@type":"SearchAction","target":{"@type":"EntryPoint","urlTemplate":"https:\/\/instytutpolski.pl\/berlin\/?s={search_term_string}"},"query-input":{"@type":"PropertyValueSpecification","valueRequired":true,"valueName":"search_term_string"}}],"inLanguage":"pl-PL"}]}},"_links":{"self":[{"href":"https:\/\/instytutpolski.pl\/berlin\/wp-json\/wp\/v2\/pages\/3675","targetHints":{"allow":["GET"]}}],"collection":[{"href":"https:\/\/instytutpolski.pl\/berlin\/wp-json\/wp\/v2\/pages"}],"about":[{"href":"https:\/\/instytutpolski.pl\/berlin\/wp-json\/wp\/v2\/types\/page"}],"author":[{"embeddable":true,"href":"https:\/\/instytutpolski.pl\/berlin\/wp-json\/wp\/v2\/users\/79"}],"replies":[{"embeddable":true,"href":"https:\/\/instytutpolski.pl\/berlin\/wp-json\/wp\/v2\/comments?post=3675"}],"version-history":[{"count":58,"href":"https:\/\/instytutpolski.pl\/berlin\/wp-json\/wp\/v2\/pages\/3675\/revisions"}],"predecessor-version":[{"id":7392,"href":"https:\/\/instytutpolski.pl\/berlin\/wp-json\/wp\/v2\/pages\/3675\/revisions\/7392"}],"up":[{"embeddable":true,"href":"https:\/\/instytutpolski.pl\/berlin\/wp-json\/wp\/v2\/pages\/3457"}],"wp:featuredmedia":[{"embeddable":true,"href":"https:\/\/instytutpolski.pl\/berlin\/wp-json\/wp\/v2\/media\/7394"}],"wp:attachment":[{"href":"https:\/\/instytutpolski.pl\/berlin\/wp-json\/wp\/v2\/media?parent=3675"}],"curies":[{"name":"wp","href":"https:\/\/api.w.org\/{rel}","templated":true}]}}