{"id":3723,"date":"2022-05-23T12:44:22","date_gmt":"2022-05-23T10:44:22","guid":{"rendered":"https:\/\/instytutpolski.pl\/berlin\/?page_id=3723"},"modified":"2022-05-30T13:41:30","modified_gmt":"2022-05-30T11:41:30","slug":"filmpolska-veranstaltungsorte","status":"publish","type":"page","link":"https:\/\/instytutpolski.pl\/berlin\/20-filmpolska\/filmpolska-veranstaltungsorte\/","title":{"rendered":"filmPOLSKA-Veranstaltungsorte"},"content":{"rendered":"\n<p>Eintrittskarten sind ausschlie\u00dflich in den jeweiligen Festival-Kinos vor Ort oder online auf den Websites der Kinos erh\u00e4ltlich. Die Eintrittspreise richten sich nach den jeweiligen Spielst\u00e4tten.<\/p>\n<p>\u00a0<\/p>\n<p><strong>Arsenal \u2013 Institut f\u00fcr Film und Videokunst<\/strong> \/ Potsdamer Str. 2 \/ 10785 Berlin \/ <a href=\"http:\/\/fsk-kino.peripherfilm.de\">fsk-kino.peripherfilm.de<\/a><\/p>\n<p><strong>Bundesplatz-Kino<\/strong> \/ Bundesplatz 14 \/ 10715 Berlin \/ <a href=\"http:\/\/bundesplatz-kino.de\">bundesplatz-kino.de<\/a><\/p>\n<p><strong>b-ware! Ladenkino Open Air FMP 1 <\/strong>\/ \u200b\u200bFranz-Mehring-Platz 1 \/ 10243 Berlin \/ <a href=\"http:\/\/ladenkino.de\">ladenkino.de<\/a><\/p>\n<p><strong>C*Space<\/strong> \/ Langhansstra\u00dfe 86 \/ 13086 Berlin \/ <a href=\"http:\/\/c-space.eu\">c-space.eu<\/a><\/p>\n<p><strong>Filmclub K18<\/strong> \/ Kreutzigerstr. 18 \/ 10247 Berlin<\/p>\n<p><strong>Freiluftkino INSEL @ Atelier Gardens<\/strong> \/ Oberlandstr. 26\u201335 \/ 12099 Berlin \/ <a href=\"http:\/\/atelier-gardens.berlin\">atelier-gardens.berlin<\/a><\/p>\n<p><strong>Freiluftkino Kreuzberg<\/strong> \/ Mariannenplatz 2 \/ 10997 Berlin \/ <a href=\"http:\/\/freiluftkino-kreuzberg.de\">freiluftkino-kreuzberg.de<\/a><\/p>\n<p><strong>fsk Kino<\/strong> \/ Segitzdamm 2 \/ 10969 Berlin \/ <a href=\"http:\/\/fsk-kino.peripherfilm.de\">fsk-kino.peripherfilm.de<\/a><\/p>\n<p><strong>Kiezkino Charlottenburg<\/strong> by Mobile Kino in Cooperation with Smart City \u01c0 DB \/ Stuttgarter Platz 36 \/ 10627 Berlin \/ <a href=\"http:\/\/openair-kino.net\">openair-kino.net<\/a><\/p>\n<p><strong>Kino Thalia<\/strong> \/ Rudolf-Breitscheid-Str. 50 \/ 14482 Potsdam \/ <a href=\"http:\/\/thalia-potsdam.de\">thalia-potsdam.de<\/a><\/p>\n<p><strong>Polnisches Institut<\/strong> \/ Galerie \/ Burgstr. 27 \/ 10178 Berlin \/ <a href=\"http:\/\/instytutpolski.pl\/berlin\">instytutpolski.pl\/berlin<\/a><\/p>\n<p><strong>silent green Kulturquartier<\/strong> \/ Gerichtstr. 35 \/ 13347 Berlin \/ <a href=\"http:\/\/silent-green.net\">silent-green.net<\/a><\/p>\n<p><strong>Sputnik Kino<\/strong> \/ Hasenheide 54 (3. Hof, 5.OG) \/ 10967 Berlin \/ <a href=\"http:\/\/sputnik-kino.com\">sputnik-kino.com<\/a><\/p>\n<p><strong>Topographie des Terrors<\/strong> \/ Niederkirchnerstr. 8 \/10963 Berlin \/ <a href=\"http:\/\/topographie.de\">topographie.de<\/a><\/p>\n<p><strong>Wolf Kino \/ <\/strong>Weserstr. 59 \/ 12045 Berlin \/ <a href=\"http:\/\/wolfberlin.org\">wolfberlin.org<\/a><\/p>\n<p><strong>Zeughauskino<\/strong> im Deutschen Historischen Museum \/ Hinter dem Gie\u00dfhaus 3 \/ 10117 Berlin \/ <a href=\"http:\/\/dhm.de\/zeughauskino\">dhm.de\/zeughauskino<\/a><\/p>\n<p>\u00a0<\/p>\n","protected":false},"excerpt":{"rendered":"<p>Eintrittskarten sind ausschlie\u00dflich in den jeweiligen Festival-Kinos vor Ort oder online auf den Websites der Kinos erh\u00e4ltlich. Die Eintrittspreise richten sich nach den jeweiligen Spielst\u00e4tten. \u00a0 Arsenal \u2013 Institut f\u00fcr Film und Videokunst \/ Potsdamer Str. 2 \/ 10785 Berlin \/ fsk-kino.peripherfilm.de Bundesplatz-Kino \/ Bundesplatz 14 \/ 10715 Berlin \/ bundesplatz-kino.de b-ware! Ladenkino Open Air [&hellip;]<\/p>\n","protected":false},"author":79,"featured_media":3658,"parent":3457,"menu_order":0,"comment_status":"closed","ping_status":"closed","template":"","meta":{"inline_featured_image":false,"_monsterinsights_skip_tracking":false,"_monsterinsights_sitenote_active":false,"_monsterinsights_sitenote_note":"","_monsterinsights_sitenote_category":0,"footnotes":""},"class_list":["post-3723","page","type-page","status-publish","has-post-thumbnail","hentry"],"yoast_head":"<!-- This site is optimized with the Yoast SEO plugin v24.6 - https:\/\/yoast.com\/wordpress\/plugins\/seo\/ -->\n<title>filmPOLSKA-Veranstaltungsorte - Instytut Polski w Berlinie<\/title>\n<meta name=\"robots\" content=\"index, follow, max-snippet:-1, max-image-preview:large, max-video-preview:-1\" \/>\n<link rel=\"canonical\" href=\"https:\/\/instytutpolski.pl\/berlin\/20-filmpolska\/filmpolska-veranstaltungsorte\/\" \/>\n<meta property=\"og:locale\" content=\"pl_PL\" \/>\n<meta property=\"og:type\" content=\"article\" \/>\n<meta property=\"og:title\" content=\"filmPOLSKA-Veranstaltungsorte - Instytut Polski w Berlinie\" \/>\n<meta property=\"og:description\" content=\"Eintrittskarten sind ausschlie\u00dflich in den jeweiligen Festival-Kinos vor Ort oder online auf den Websites der Kinos erh\u00e4ltlich. Die Eintrittspreise richten sich nach den jeweiligen Spielst\u00e4tten. \u00a0 Arsenal \u2013 Institut f\u00fcr Film und Videokunst \/ Potsdamer Str. 2 \/ 10785 Berlin \/ fsk-kino.peripherfilm.de Bundesplatz-Kino \/ Bundesplatz 14 \/ 10715 Berlin \/ bundesplatz-kino.de b-ware! Ladenkino Open Air [&hellip;]\" \/>\n<meta property=\"og:url\" content=\"https:\/\/instytutpolski.pl\/berlin\/20-filmpolska\/filmpolska-veranstaltungsorte\/\" \/>\n<meta property=\"og:site_name\" content=\"Instytut Polski w Berlinie\" \/>\n<meta property=\"article:modified_time\" content=\"2022-05-30T11:41:30+00:00\" \/>\n<meta property=\"og:image\" content=\"https:\/\/instytutpolski.pl\/berlin\/wp-content\/uploads\/sites\/3\/2022\/05\/filmPOLSKA2022_grafika_www_2000x761_strona.jpg\" \/>\n\t<meta property=\"og:image:width\" content=\"1816\" \/>\n\t<meta property=\"og:image:height\" content=\"524\" \/>\n\t<meta property=\"og:image:type\" content=\"image\/jpeg\" \/>\n<meta name=\"twitter:card\" content=\"summary_large_image\" \/>\n<meta name=\"twitter:label1\" content=\"Szacowany czas czytania\" \/>\n\t<meta name=\"twitter:data1\" content=\"2 minuty\" \/>\n<script type=\"application\/ld+json\" class=\"yoast-schema-graph\">{\"@context\":\"https:\/\/schema.org\",\"@graph\":[{\"@type\":\"WebPage\",\"@id\":\"https:\/\/instytutpolski.pl\/berlin\/20-filmpolska\/filmpolska-veranstaltungsorte\/\",\"url\":\"https:\/\/instytutpolski.pl\/berlin\/20-filmpolska\/filmpolska-veranstaltungsorte\/\",\"name\":\"filmPOLSKA-Veranstaltungsorte - Instytut Polski w Berlinie\",\"isPartOf\":{\"@id\":\"https:\/\/instytutpolski.pl\/berlin\/#website\"},\"primaryImageOfPage\":{\"@id\":\"https:\/\/instytutpolski.pl\/berlin\/20-filmpolska\/filmpolska-veranstaltungsorte\/#primaryimage\"},\"image\":{\"@id\":\"https:\/\/instytutpolski.pl\/berlin\/20-filmpolska\/filmpolska-veranstaltungsorte\/#primaryimage\"},\"thumbnailUrl\":\"https:\/\/instytutpolski.pl\/berlin\/wp-content\/uploads\/sites\/3\/2022\/05\/filmPOLSKA2022_grafika_www_2000x761_strona.jpg\",\"datePublished\":\"2022-05-23T10:44:22+00:00\",\"dateModified\":\"2022-05-30T11:41:30+00:00\",\"breadcrumb\":{\"@id\":\"https:\/\/instytutpolski.pl\/berlin\/20-filmpolska\/filmpolska-veranstaltungsorte\/#breadcrumb\"},\"inLanguage\":\"pl-PL\",\"potentialAction\":[{\"@type\":\"ReadAction\",\"target\":[\"https:\/\/instytutpolski.pl\/berlin\/20-filmpolska\/filmpolska-veranstaltungsorte\/\"]}]},{\"@type\":\"ImageObject\",\"inLanguage\":\"pl-PL\",\"@id\":\"https:\/\/instytutpolski.pl\/berlin\/20-filmpolska\/filmpolska-veranstaltungsorte\/#primaryimage\",\"url\":\"https:\/\/instytutpolski.pl\/berlin\/wp-content\/uploads\/sites\/3\/2022\/05\/filmPOLSKA2022_grafika_www_2000x761_strona.jpg\",\"contentUrl\":\"https:\/\/instytutpolski.pl\/berlin\/wp-content\/uploads\/sites\/3\/2022\/05\/filmPOLSKA2022_grafika_www_2000x761_strona.jpg\",\"width\":1816,\"height\":524},{\"@type\":\"BreadcrumbList\",\"@id\":\"https:\/\/instytutpolski.pl\/berlin\/20-filmpolska\/filmpolska-veranstaltungsorte\/#breadcrumb\",\"itemListElement\":[{\"@type\":\"ListItem\",\"position\":1,\"name\":\"Home\",\"item\":\"https:\/\/instytutpolski.pl\/berlin\/\"},{\"@type\":\"ListItem\",\"position\":2,\"name\":\"20. filmPOLSKA\",\"item\":\"https:\/\/instytutpolski.pl\/berlin\/20-filmpolska\/\"},{\"@type\":\"ListItem\",\"position\":3,\"name\":\"filmPOLSKA-Veranstaltungsorte\"}]},{\"@type\":\"WebSite\",\"@id\":\"https:\/\/instytutpolski.pl\/berlin\/#website\",\"url\":\"https:\/\/instytutpolski.pl\/berlin\/\",\"name\":\"Instytut Polski w Berlinie\",\"description\":\"Instytuty Polskie\",\"potentialAction\":[{\"@type\":\"SearchAction\",\"target\":{\"@type\":\"EntryPoint\",\"urlTemplate\":\"https:\/\/instytutpolski.pl\/berlin\/?s={search_term_string}\"},\"query-input\":{\"@type\":\"PropertyValueSpecification\",\"valueRequired\":true,\"valueName\":\"search_term_string\"}}],\"inLanguage\":\"pl-PL\"}]}<\/script>\n<!-- \/ Yoast SEO plugin. -->","yoast_head_json":{"title":"filmPOLSKA-Veranstaltungsorte - Instytut Polski w Berlinie","robots":{"index":"index","follow":"follow","max-snippet":"max-snippet:-1","max-image-preview":"max-image-preview:large","max-video-preview":"max-video-preview:-1"},"canonical":"https:\/\/instytutpolski.pl\/berlin\/20-filmpolska\/filmpolska-veranstaltungsorte\/","og_locale":"pl_PL","og_type":"article","og_title":"filmPOLSKA-Veranstaltungsorte - Instytut Polski w Berlinie","og_description":"Eintrittskarten sind ausschlie\u00dflich in den jeweiligen Festival-Kinos vor Ort oder online auf den Websites der Kinos erh\u00e4ltlich. Die Eintrittspreise richten sich nach den jeweiligen Spielst\u00e4tten. \u00a0 Arsenal \u2013 Institut f\u00fcr Film und Videokunst \/ Potsdamer Str. 2 \/ 10785 Berlin \/ fsk-kino.peripherfilm.de Bundesplatz-Kino \/ Bundesplatz 14 \/ 10715 Berlin \/ bundesplatz-kino.de b-ware! Ladenkino Open Air [&hellip;]","og_url":"https:\/\/instytutpolski.pl\/berlin\/20-filmpolska\/filmpolska-veranstaltungsorte\/","og_site_name":"Instytut Polski w Berlinie","article_modified_time":"2022-05-30T11:41:30+00:00","og_image":[{"width":1816,"height":524,"url":"https:\/\/instytutpolski.pl\/berlin\/wp-content\/uploads\/sites\/3\/2022\/05\/filmPOLSKA2022_grafika_www_2000x761_strona.jpg","type":"image\/jpeg"}],"twitter_card":"summary_large_image","twitter_misc":{"Szacowany czas czytania":"2 minuty"},"schema":{"@context":"https:\/\/schema.org","@graph":[{"@type":"WebPage","@id":"https:\/\/instytutpolski.pl\/berlin\/20-filmpolska\/filmpolska-veranstaltungsorte\/","url":"https:\/\/instytutpolski.pl\/berlin\/20-filmpolska\/filmpolska-veranstaltungsorte\/","name":"filmPOLSKA-Veranstaltungsorte - Instytut Polski w Berlinie","isPartOf":{"@id":"https:\/\/instytutpolski.pl\/berlin\/#website"},"primaryImageOfPage":{"@id":"https:\/\/instytutpolski.pl\/berlin\/20-filmpolska\/filmpolska-veranstaltungsorte\/#primaryimage"},"image":{"@id":"https:\/\/instytutpolski.pl\/berlin\/20-filmpolska\/filmpolska-veranstaltungsorte\/#primaryimage"},"thumbnailUrl":"https:\/\/instytutpolski.pl\/berlin\/wp-content\/uploads\/sites\/3\/2022\/05\/filmPOLSKA2022_grafika_www_2000x761_strona.jpg","datePublished":"2022-05-23T10:44:22+00:00","dateModified":"2022-05-30T11:41:30+00:00","breadcrumb":{"@id":"https:\/\/instytutpolski.pl\/berlin\/20-filmpolska\/filmpolska-veranstaltungsorte\/#breadcrumb"},"inLanguage":"pl-PL","potentialAction":[{"@type":"ReadAction","target":["https:\/\/instytutpolski.pl\/berlin\/20-filmpolska\/filmpolska-veranstaltungsorte\/"]}]},{"@type":"ImageObject","inLanguage":"pl-PL","@id":"https:\/\/instytutpolski.pl\/berlin\/20-filmpolska\/filmpolska-veranstaltungsorte\/#primaryimage","url":"https:\/\/instytutpolski.pl\/berlin\/wp-content\/uploads\/sites\/3\/2022\/05\/filmPOLSKA2022_grafika_www_2000x761_strona.jpg","contentUrl":"https:\/\/instytutpolski.pl\/berlin\/wp-content\/uploads\/sites\/3\/2022\/05\/filmPOLSKA2022_grafika_www_2000x761_strona.jpg","width":1816,"height":524},{"@type":"BreadcrumbList","@id":"https:\/\/instytutpolski.pl\/berlin\/20-filmpolska\/filmpolska-veranstaltungsorte\/#breadcrumb","itemListElement":[{"@type":"ListItem","position":1,"name":"Home","item":"https:\/\/instytutpolski.pl\/berlin\/"},{"@type":"ListItem","position":2,"name":"20. filmPOLSKA","item":"https:\/\/instytutpolski.pl\/berlin\/20-filmpolska\/"},{"@type":"ListItem","position":3,"name":"filmPOLSKA-Veranstaltungsorte"}]},{"@type":"WebSite","@id":"https:\/\/instytutpolski.pl\/berlin\/#website","url":"https:\/\/instytutpolski.pl\/berlin\/","name":"Instytut Polski w Berlinie","description":"Instytuty Polskie","potentialAction":[{"@type":"SearchAction","target":{"@type":"EntryPoint","urlTemplate":"https:\/\/instytutpolski.pl\/berlin\/?s={search_term_string}"},"query-input":{"@type":"PropertyValueSpecification","valueRequired":true,"valueName":"search_term_string"}}],"inLanguage":"pl-PL"}]}},"_links":{"self":[{"href":"https:\/\/instytutpolski.pl\/berlin\/wp-json\/wp\/v2\/pages\/3723","targetHints":{"allow":["GET"]}}],"collection":[{"href":"https:\/\/instytutpolski.pl\/berlin\/wp-json\/wp\/v2\/pages"}],"about":[{"href":"https:\/\/instytutpolski.pl\/berlin\/wp-json\/wp\/v2\/types\/page"}],"author":[{"embeddable":true,"href":"https:\/\/instytutpolski.pl\/berlin\/wp-json\/wp\/v2\/users\/79"}],"replies":[{"embeddable":true,"href":"https:\/\/instytutpolski.pl\/berlin\/wp-json\/wp\/v2\/comments?post=3723"}],"version-history":[{"count":4,"href":"https:\/\/instytutpolski.pl\/berlin\/wp-json\/wp\/v2\/pages\/3723\/revisions"}],"predecessor-version":[{"id":3727,"href":"https:\/\/instytutpolski.pl\/berlin\/wp-json\/wp\/v2\/pages\/3723\/revisions\/3727"}],"up":[{"embeddable":true,"href":"https:\/\/instytutpolski.pl\/berlin\/wp-json\/wp\/v2\/pages\/3457"}],"wp:featuredmedia":[{"embeddable":true,"href":"https:\/\/instytutpolski.pl\/berlin\/wp-json\/wp\/v2\/media\/3658"}],"wp:attachment":[{"href":"https:\/\/instytutpolski.pl\/berlin\/wp-json\/wp\/v2\/media?parent=3723"}],"curies":[{"name":"wp","href":"https:\/\/api.w.org\/{rel}","templated":true}]}}