{"id":3728,"date":"2022-05-23T12:46:54","date_gmt":"2022-05-23T10:46:54","guid":{"rendered":"https:\/\/instytutpolski.pl\/berlin\/?page_id=3728"},"modified":"2025-08-02T11:36:23","modified_gmt":"2025-08-02T09:36:23","slug":"impressum","status":"publish","type":"page","link":"https:\/\/instytutpolski.pl\/berlin\/20-filmpolska\/impressum\/","title":{"rendered":"Impressum &amp; Kontakt"},"content":{"rendered":"\n<p style=\"text-align: left\"><strong><img loading=\"lazy\" decoding=\"async\" class=\" wp-image-4047 alignright\" src=\"https:\/\/instytutpolski.pl\/berlin\/wp-content\/uploads\/sites\/3\/2022\/06\/logo_schwarz_rot-300x193.png\" alt=\"\" width=\"182\" height=\"117\" srcset=\"https:\/\/instytutpolski.pl\/berlin\/wp-content\/uploads\/sites\/3\/2022\/06\/logo_schwarz_rot-300x193.png 300w, https:\/\/instytutpolski.pl\/berlin\/wp-content\/uploads\/sites\/3\/2022\/06\/logo_schwarz_rot-768x495.png 768w, https:\/\/instytutpolski.pl\/berlin\/wp-content\/uploads\/sites\/3\/2022\/06\/logo_schwarz_rot.png 964w\" sizes=\"auto, (max-width: 182px) 100vw, 182px\" \/><img loading=\"lazy\" decoding=\"async\" class=\"alignright wp-image-2907 \" src=\"https:\/\/instytutpolski.pl\/berlin\/wp-content\/uploads\/sites\/3\/2021\/08\/logo_filmpolska-300x137.png\" alt=\"\" width=\"250\" height=\"114\" srcset=\"https:\/\/instytutpolski.pl\/berlin\/wp-content\/uploads\/sites\/3\/2021\/08\/logo_filmpolska-300x137.png 300w, https:\/\/instytutpolski.pl\/berlin\/wp-content\/uploads\/sites\/3\/2021\/08\/logo_filmpolska-1024x467.png 1024w, https:\/\/instytutpolski.pl\/berlin\/wp-content\/uploads\/sites\/3\/2021\/08\/logo_filmpolska-768x351.png 768w, https:\/\/instytutpolski.pl\/berlin\/wp-content\/uploads\/sites\/3\/2021\/08\/logo_filmpolska.png 1150w\" sizes=\"auto, (max-width: 250px) 100vw, 250px\" \/>Veranstalter: Polnisches Institut Berlin<\/strong><br \/>Burgstr. 27<br \/>10178 Berlin<\/p>\n<div><strong>Kontakt:<\/strong><br \/>Tel.: +49 (0)30 24 75 81 0<\/div>\n<div>Fax: +49 (0)30 24 75 81 30<\/div>\n<div>E-Mail:\u00a0<a href=\"https:\/\/instytutpolski.pl\/berlin\/filmpolska-2\/kontakt\/berlin@instytutpolski.pl\">berlin@instytutpolski.pl<\/a><br \/><a href=\"https:\/\/www.facebook.com\/filmpolska.berlin\">Facebook filmPOLSKA<\/a><br \/><a href=\"https:\/\/www.facebook.com\/polnischesinstitutberlin\">Facebook Polnisches Institut Berlin<\/a><br \/><br \/>\n<p><b>Direktorin des Polnischen Instituts Berlin<\/b>: Katarzyna Sitko<br \/><strong>Stellv. Direktorin<\/strong>: Anna Mitu\u015b<\/p>\n<p><b>Gesamtleitung:<\/b> Bartek Tesarz<b>\u00a0<\/b><\/p>\n<p><b>Produktion Polen:<\/b> Grzegorz Pacek \/ Mokry Nos Psa<\/p>\n<p><b>Kuratorium:<\/b> Rainer Mende, Katarzyna Sitko, Bartek Tesarz, Magdalena Walo<br \/><b>Kuratorium Retrospektive:<\/b> J\u00f6rg Frie\u00df, Stephan Ahrens<br \/><b>Kuratorium Kunst im Kino:<\/b> Anna Baumgart, Weronika Adamowska<br \/><b>Kuratorium Krakow Film Festival x filmPOLSKA:<\/b> Barbara Orlicz-Szczypu\u0142a, Bartek Tesarz<\/p>\n<p><b>Organisation:<\/b> Adam Baciejowski, Dorota Filipak, Dr. Karolina Golimowska, Klaudia Jurgiewicz, Rainer Mende, Joanna Szymczak, Christoph Thun, Martyna Witkowska, Anna Ziemi\u0144ska<\/p>\n<p><b>Organisation Er\u00f6ffnung:<\/b> Dr. Anna Huth<br \/><b>Organisation Retrospektive:<\/b> Stephan Ahrens, Bartek Tesarz<br \/><b>Organisation Krakow Film Festival x filmPOLSKA: <\/b>Barbara Orlicz-Szczypu\u0142a, Bartek Tesarz<br \/><b>Organisation Kunst im Kino:<\/b> Weronika Adamowska, Bartek Tesarz<br \/><b>Organisation Party &amp; Krzy\u017cowa Musik:<\/b> Christoph Thun<br \/><b>Organisation Workshop:<\/b> Mika Mattheus<br \/><b>Organisation Krzy\u017cowa-Musik Konzert<\/b>: Sven Sochaczewsky, Christoph Thun\u00a0<\/p>\n<b>Jury:<\/b> Wellington Almeida, Marjorie Bendeck, Valentina Bronzini <br \/><b>Jury-Betreuung:<\/b> Denis Demmerle<br \/>\n<p><b>Presse:<\/b> Marie Ketzscher<br \/><b>Grafikdesign und Druckvorbereitung:<\/b> Rimini Berlin<br \/><b>Werbematerialien:<\/b> Martyna Witkowska<br \/><b>Online \/ www:<\/b> Rainer Mende, Martyna Witkowska<br \/><b>Social Media:<\/b> Rainer Mende, Martyna Witkowska, Meerkat Digital<br \/><b>Fotografie:<\/b> Katarzyna Mazur<br \/><b>Trailer:<\/b> Karina Paciorkowska<\/p>\n<p><b>G\u00e4stemanagement:<\/b> Dorota Filipiak<br \/><b>Buchhaltung &amp; Finanzen:<\/b> Maria Hajduk<br \/><b>Technik Polnisches Institut:<\/b> Adam Baciejowski<\/p>\n<p><b>Moderation:<\/b> Julia Schneider (City Kino Wedding), Dr. Anna Huth (Sputnik Kino), Andreas Mix (Topographie des Terrors), Bill Martin (Wolf Kino), Patrycja Rozwora (fsk Kino), Julita Witt (Bundesplatz-Kino), Maciej Pepli\u0144ski (Klick Kino), Rainer Mende (Festival-Abschluss, Klick Kino)<\/p>\n<p><b>Betreuung der Veranstaltungsorte:<\/b> Eva Buchmann (Wolf Kino), Martin Erlenmaier (Bundesplatz-Kino), J\u00f6rg Frie\u00df (Zeughauskino), Andrea Stosiek (Sputnik Kino &amp; City Kino Wedding), Christian Suhren (fsk Kino), Ulrich Tempel (Topographie des Terrors), Christiane Niewald (Kino Thalia) Christos Acrivulis, Andres de Martino (Klick Kino)<\/p>\n<p><b>Katalogredaktion: <\/b>Rainer Mende<br \/><b>Katalogtexte:<\/b> Weronika Adamowska [wa], Stephan Ahrens, Rainer Mende [rm], Andreas Mix, Bartek Tesarz [bt], Margarete Wach<br \/><b>Lektorat: <\/b>Antje Ritter-Miller<\/p>\n<br \/><br \/>***<br \/><b style=\"font-size: revert;color: initial;font-family: -apple-system, BlinkMacSystemFont, 'Segoe UI', Roboto, Oxygen-Sans, Ubuntu, Cantarell, 'Helvetica Neue', sans-serif\">Eintrittskarten<\/b><span style=\"font-weight: 400\"> sind ausschlie\u00dflich in den jeweiligen Festival-Kinos vor Ort oder online auf den Websites der Kinos erh\u00e4ltlich. Die Eintrittspreise richten sich nach den jeweiligen Spielst\u00e4tten.<\/span><br \/><br \/><span style=\"font-weight: 400\">Programm\u00e4nderungen vorbehalten, aktuelle Informationen unter <\/span><span style=\"font-weight: 400\">instytutpolski.pl\/berlin oder auf social media.<\/span><\/div>\n","protected":false},"excerpt":{"rendered":"<p>Veranstalter: Polnisches Institut BerlinBurgstr. 2710178 Berlin Kontakt:Tel.: +49 (0)30 24 75 81 0 Fax: +49 (0)30 24 75 81 30 E-Mail:\u00a0berlin@instytutpolski.plFacebook filmPOLSKAFacebook Polnisches Institut Berlin Direktorin des Polnischen Instituts Berlin: Katarzyna SitkoStellv. Direktorin: Anna Mitu\u015b Gesamtleitung: Bartek Tesarz\u00a0 Produktion Polen: Grzegorz Pacek \/ Mokry Nos Psa Kuratorium: Rainer Mende, Katarzyna Sitko, Bartek Tesarz, Magdalena WaloKuratorium [&hellip;]<\/p>\n","protected":false},"author":79,"featured_media":9714,"parent":3457,"menu_order":0,"comment_status":"closed","ping_status":"closed","template":"","meta":{"inline_featured_image":false,"_monsterinsights_skip_tracking":false,"_monsterinsights_sitenote_active":false,"_monsterinsights_sitenote_note":"","_monsterinsights_sitenote_category":0,"footnotes":""},"class_list":["post-3728","page","type-page","status-publish","has-post-thumbnail","hentry"],"yoast_head":"<!-- This site is optimized with the Yoast SEO plugin v24.6 - https:\/\/yoast.com\/wordpress\/plugins\/seo\/ -->\n<title>Impressum &amp; Kontakt - Instytut Polski w Berlinie<\/title>\n<meta name=\"robots\" content=\"index, follow, max-snippet:-1, max-image-preview:large, max-video-preview:-1\" \/>\n<link rel=\"canonical\" href=\"https:\/\/instytutpolski.pl\/berlin\/20-filmpolska\/impressum\/\" \/>\n<meta property=\"og:locale\" content=\"pl_PL\" \/>\n<meta property=\"og:type\" content=\"article\" \/>\n<meta property=\"og:title\" content=\"Impressum &amp; Kontakt - Instytut Polski w Berlinie\" \/>\n<meta property=\"og:description\" content=\"Veranstalter: Polnisches Institut BerlinBurgstr. 2710178 Berlin Kontakt:Tel.: +49 (0)30 24 75 81 0 Fax: +49 (0)30 24 75 81 30 E-Mail:\u00a0berlin@instytutpolski.plFacebook filmPOLSKAFacebook Polnisches Institut Berlin Direktorin des Polnischen Instituts Berlin: Katarzyna SitkoStellv. Direktorin: Anna Mitu\u015b Gesamtleitung: Bartek Tesarz\u00a0 Produktion Polen: Grzegorz Pacek \/ Mokry Nos Psa Kuratorium: Rainer Mende, Katarzyna Sitko, Bartek Tesarz, Magdalena WaloKuratorium [&hellip;]\" \/>\n<meta property=\"og:url\" content=\"https:\/\/instytutpolski.pl\/berlin\/20-filmpolska\/impressum\/\" \/>\n<meta property=\"og:site_name\" content=\"Instytut Polski w Berlinie\" \/>\n<meta property=\"article:modified_time\" content=\"2025-08-02T09:36:23+00:00\" \/>\n<meta property=\"og:image\" content=\"https:\/\/instytutpolski.pl\/berlin\/wp-content\/uploads\/sites\/3\/2025\/08\/Zrzut-ekranu-2025-08-2-o-04.53.06.png\" \/>\n\t<meta property=\"og:image:width\" content=\"2306\" \/>\n\t<meta property=\"og:image:height\" content=\"870\" \/>\n\t<meta property=\"og:image:type\" content=\"image\/png\" \/>\n<meta name=\"twitter:card\" content=\"summary_large_image\" \/>\n<meta name=\"twitter:label1\" content=\"Szacowany czas czytania\" \/>\n\t<meta name=\"twitter:data1\" content=\"3 minuty\" \/>\n<script type=\"application\/ld+json\" class=\"yoast-schema-graph\">{\"@context\":\"https:\/\/schema.org\",\"@graph\":[{\"@type\":\"WebPage\",\"@id\":\"https:\/\/instytutpolski.pl\/berlin\/20-filmpolska\/impressum\/\",\"url\":\"https:\/\/instytutpolski.pl\/berlin\/20-filmpolska\/impressum\/\",\"name\":\"Impressum &amp; Kontakt - Instytut Polski w Berlinie\",\"isPartOf\":{\"@id\":\"https:\/\/instytutpolski.pl\/berlin\/#website\"},\"primaryImageOfPage\":{\"@id\":\"https:\/\/instytutpolski.pl\/berlin\/20-filmpolska\/impressum\/#primaryimage\"},\"image\":{\"@id\":\"https:\/\/instytutpolski.pl\/berlin\/20-filmpolska\/impressum\/#primaryimage\"},\"thumbnailUrl\":\"https:\/\/instytutpolski.pl\/berlin\/wp-content\/uploads\/sites\/3\/2025\/08\/Zrzut-ekranu-2025-08-2-o-04.53.06.png\",\"datePublished\":\"2022-05-23T10:46:54+00:00\",\"dateModified\":\"2025-08-02T09:36:23+00:00\",\"breadcrumb\":{\"@id\":\"https:\/\/instytutpolski.pl\/berlin\/20-filmpolska\/impressum\/#breadcrumb\"},\"inLanguage\":\"pl-PL\",\"potentialAction\":[{\"@type\":\"ReadAction\",\"target\":[\"https:\/\/instytutpolski.pl\/berlin\/20-filmpolska\/impressum\/\"]}]},{\"@type\":\"ImageObject\",\"inLanguage\":\"pl-PL\",\"@id\":\"https:\/\/instytutpolski.pl\/berlin\/20-filmpolska\/impressum\/#primaryimage\",\"url\":\"https:\/\/instytutpolski.pl\/berlin\/wp-content\/uploads\/sites\/3\/2025\/08\/Zrzut-ekranu-2025-08-2-o-04.53.06.png\",\"contentUrl\":\"https:\/\/instytutpolski.pl\/berlin\/wp-content\/uploads\/sites\/3\/2025\/08\/Zrzut-ekranu-2025-08-2-o-04.53.06.png\",\"width\":2306,\"height\":870},{\"@type\":\"BreadcrumbList\",\"@id\":\"https:\/\/instytutpolski.pl\/berlin\/20-filmpolska\/impressum\/#breadcrumb\",\"itemListElement\":[{\"@type\":\"ListItem\",\"position\":1,\"name\":\"Home\",\"item\":\"https:\/\/instytutpolski.pl\/berlin\/\"},{\"@type\":\"ListItem\",\"position\":2,\"name\":\"20. filmPOLSKA\",\"item\":\"https:\/\/instytutpolski.pl\/berlin\/20-filmpolska\/\"},{\"@type\":\"ListItem\",\"position\":3,\"name\":\"Impressum &amp; Kontakt\"}]},{\"@type\":\"WebSite\",\"@id\":\"https:\/\/instytutpolski.pl\/berlin\/#website\",\"url\":\"https:\/\/instytutpolski.pl\/berlin\/\",\"name\":\"Instytut Polski w Berlinie\",\"description\":\"Instytuty Polskie\",\"potentialAction\":[{\"@type\":\"SearchAction\",\"target\":{\"@type\":\"EntryPoint\",\"urlTemplate\":\"https:\/\/instytutpolski.pl\/berlin\/?s={search_term_string}\"},\"query-input\":{\"@type\":\"PropertyValueSpecification\",\"valueRequired\":true,\"valueName\":\"search_term_string\"}}],\"inLanguage\":\"pl-PL\"}]}<\/script>\n<!-- \/ Yoast SEO plugin. -->","yoast_head_json":{"title":"Impressum &amp; Kontakt - Instytut Polski w Berlinie","robots":{"index":"index","follow":"follow","max-snippet":"max-snippet:-1","max-image-preview":"max-image-preview:large","max-video-preview":"max-video-preview:-1"},"canonical":"https:\/\/instytutpolski.pl\/berlin\/20-filmpolska\/impressum\/","og_locale":"pl_PL","og_type":"article","og_title":"Impressum &amp; Kontakt - Instytut Polski w Berlinie","og_description":"Veranstalter: Polnisches Institut BerlinBurgstr. 2710178 Berlin Kontakt:Tel.: +49 (0)30 24 75 81 0 Fax: +49 (0)30 24 75 81 30 E-Mail:\u00a0berlin@instytutpolski.plFacebook filmPOLSKAFacebook Polnisches Institut Berlin Direktorin des Polnischen Instituts Berlin: Katarzyna SitkoStellv. Direktorin: Anna Mitu\u015b Gesamtleitung: Bartek Tesarz\u00a0 Produktion Polen: Grzegorz Pacek \/ Mokry Nos Psa Kuratorium: Rainer Mende, Katarzyna Sitko, Bartek Tesarz, Magdalena WaloKuratorium [&hellip;]","og_url":"https:\/\/instytutpolski.pl\/berlin\/20-filmpolska\/impressum\/","og_site_name":"Instytut Polski w Berlinie","article_modified_time":"2025-08-02T09:36:23+00:00","og_image":[{"width":2306,"height":870,"url":"https:\/\/instytutpolski.pl\/berlin\/wp-content\/uploads\/sites\/3\/2025\/08\/Zrzut-ekranu-2025-08-2-o-04.53.06.png","type":"image\/png"}],"twitter_card":"summary_large_image","twitter_misc":{"Szacowany czas czytania":"3 minuty"},"schema":{"@context":"https:\/\/schema.org","@graph":[{"@type":"WebPage","@id":"https:\/\/instytutpolski.pl\/berlin\/20-filmpolska\/impressum\/","url":"https:\/\/instytutpolski.pl\/berlin\/20-filmpolska\/impressum\/","name":"Impressum &amp; Kontakt - Instytut Polski w Berlinie","isPartOf":{"@id":"https:\/\/instytutpolski.pl\/berlin\/#website"},"primaryImageOfPage":{"@id":"https:\/\/instytutpolski.pl\/berlin\/20-filmpolska\/impressum\/#primaryimage"},"image":{"@id":"https:\/\/instytutpolski.pl\/berlin\/20-filmpolska\/impressum\/#primaryimage"},"thumbnailUrl":"https:\/\/instytutpolski.pl\/berlin\/wp-content\/uploads\/sites\/3\/2025\/08\/Zrzut-ekranu-2025-08-2-o-04.53.06.png","datePublished":"2022-05-23T10:46:54+00:00","dateModified":"2025-08-02T09:36:23+00:00","breadcrumb":{"@id":"https:\/\/instytutpolski.pl\/berlin\/20-filmpolska\/impressum\/#breadcrumb"},"inLanguage":"pl-PL","potentialAction":[{"@type":"ReadAction","target":["https:\/\/instytutpolski.pl\/berlin\/20-filmpolska\/impressum\/"]}]},{"@type":"ImageObject","inLanguage":"pl-PL","@id":"https:\/\/instytutpolski.pl\/berlin\/20-filmpolska\/impressum\/#primaryimage","url":"https:\/\/instytutpolski.pl\/berlin\/wp-content\/uploads\/sites\/3\/2025\/08\/Zrzut-ekranu-2025-08-2-o-04.53.06.png","contentUrl":"https:\/\/instytutpolski.pl\/berlin\/wp-content\/uploads\/sites\/3\/2025\/08\/Zrzut-ekranu-2025-08-2-o-04.53.06.png","width":2306,"height":870},{"@type":"BreadcrumbList","@id":"https:\/\/instytutpolski.pl\/berlin\/20-filmpolska\/impressum\/#breadcrumb","itemListElement":[{"@type":"ListItem","position":1,"name":"Home","item":"https:\/\/instytutpolski.pl\/berlin\/"},{"@type":"ListItem","position":2,"name":"20. filmPOLSKA","item":"https:\/\/instytutpolski.pl\/berlin\/20-filmpolska\/"},{"@type":"ListItem","position":3,"name":"Impressum &amp; Kontakt"}]},{"@type":"WebSite","@id":"https:\/\/instytutpolski.pl\/berlin\/#website","url":"https:\/\/instytutpolski.pl\/berlin\/","name":"Instytut Polski w Berlinie","description":"Instytuty Polskie","potentialAction":[{"@type":"SearchAction","target":{"@type":"EntryPoint","urlTemplate":"https:\/\/instytutpolski.pl\/berlin\/?s={search_term_string}"},"query-input":{"@type":"PropertyValueSpecification","valueRequired":true,"valueName":"search_term_string"}}],"inLanguage":"pl-PL"}]}},"_links":{"self":[{"href":"https:\/\/instytutpolski.pl\/berlin\/wp-json\/wp\/v2\/pages\/3728","targetHints":{"allow":["GET"]}}],"collection":[{"href":"https:\/\/instytutpolski.pl\/berlin\/wp-json\/wp\/v2\/pages"}],"about":[{"href":"https:\/\/instytutpolski.pl\/berlin\/wp-json\/wp\/v2\/types\/page"}],"author":[{"embeddable":true,"href":"https:\/\/instytutpolski.pl\/berlin\/wp-json\/wp\/v2\/users\/79"}],"replies":[{"embeddable":true,"href":"https:\/\/instytutpolski.pl\/berlin\/wp-json\/wp\/v2\/comments?post=3728"}],"version-history":[{"count":19,"href":"https:\/\/instytutpolski.pl\/berlin\/wp-json\/wp\/v2\/pages\/3728\/revisions"}],"predecessor-version":[{"id":9857,"href":"https:\/\/instytutpolski.pl\/berlin\/wp-json\/wp\/v2\/pages\/3728\/revisions\/9857"}],"up":[{"embeddable":true,"href":"https:\/\/instytutpolski.pl\/berlin\/wp-json\/wp\/v2\/pages\/3457"}],"wp:featuredmedia":[{"embeddable":true,"href":"https:\/\/instytutpolski.pl\/berlin\/wp-json\/wp\/v2\/media\/9714"}],"wp:attachment":[{"href":"https:\/\/instytutpolski.pl\/berlin\/wp-json\/wp\/v2\/media?parent=3728"}],"curies":[{"name":"wp","href":"https:\/\/api.w.org\/{rel}","templated":true}]}}