{"id":3886,"date":"2022-06-08T03:44:47","date_gmt":"2022-06-08T01:44:47","guid":{"rendered":"https:\/\/instytutpolski.pl\/berlin\/?page_id=3886"},"modified":"2025-09-11T14:37:00","modified_gmt":"2025-09-11T12:37:00","slug":"unterstuetzer","status":"publish","type":"page","link":"https:\/\/instytutpolski.pl\/berlin\/20-filmpolska\/unterstuetzer\/","title":{"rendered":"Unterst\u00fctzer &amp; Partner"},"content":{"rendered":"\n<p><b><br \/>Unterst\u00fctzer:<\/b><span style=\"font-weight: 400\"> Ministerium f\u00fcr Kultur und Nationales Erbe der Republik Polen aus dem Fond f\u00fcr Kulturf\u00f6rderung, Adam-Mickiewicz-Institut, Polski Instytut Sztuki Filmowej \/ Polish Film Institute<\/span><\/p>\n<p><b>Partner:<\/b><span style=\"font-weight: 400\"> Cineville, Deutsches Historisches Museum, FilmFestival Cottbus, Krakow Film Festival, Krzy\u017cowa Music, Medienboard Berlin-Brandenburg, Mokry Nos Psa, Stowarzyszenie Filmowc\u00f3w Polskich, Topographie des Terrors<\/span><\/p>\n<p><span style=\"font-weight: 400\"><b>Medienpartner:<\/b> art-in-berlin, Berliner Filmfestivals, Cosmo, Filml\u00f6win, Fluxfm, Indiekino &amp; Cinematic Berlin, radio3, RAUSGEGANGEN, taz<br \/><br \/><\/span><span style=\"font-weight: 400\">Das Festival wird organisiert mit finanzieller Unterst\u00fctzung des <strong>Ministeriums f\u00fcr Kultur und Nationales Erbe der Republik Polen aus dem Fond f\u00fcr Kulturf\u00f6rderung<\/strong>, des <strong>Polnischen Filminstituts<\/strong> \/ Polski Instytut Sztuki Filmowej und des<strong> Adam-Mickiewicz-Instituts<\/strong>.<\/span><\/p>\n<p><span style=\"font-weight: 400\">Das <\/span><b>Adam-Mickiewicz-Institut<\/b><span style=\"font-weight: 400\"> ist eine staatliche Kultureinrichtung und wurde im Jahr 2000 gegr\u00fcndet. Ziel des Instituts ist es, auf der ganzen Welt anhaltendes Interesse f\u00fcr die polnische Kultur zu wecken. Es wird entsprechend den Leitlinien der polnischen Au\u00dfenpolitik in Zusammenarbeit mit ausl\u00e4ndischen Partnern im internationalen Austausch sowie im Dialog mit dem Publikum umgesetzt. Bis zum Jahr 2023 f\u00fchrte das Institut in \u00fcber 70 L\u00e4ndern auf sechs Kontinenten Projekte durch. Organisator des Adam-Mickiewicz-Instituts ist das Ministerium f\u00fcr Kultur und Nationales Erbe der Republik Polen.<\/span><\/p>\n<p>\u00a0<\/p>\n<hr \/>\n<p>\u00a0<\/p>\n","protected":false},"excerpt":{"rendered":"<p>Unterst\u00fctzer: Ministerium f\u00fcr Kultur und Nationales Erbe der Republik Polen aus dem Fond f\u00fcr Kulturf\u00f6rderung, Adam-Mickiewicz-Institut, Polski Instytut Sztuki Filmowej \/ Polish Film Institute Partner: Cineville, Deutsches Historisches Museum, FilmFestival Cottbus, Krakow Film Festival, Krzy\u017cowa Music, Medienboard Berlin-Brandenburg, Mokry Nos Psa, Stowarzyszenie Filmowc\u00f3w Polskich, Topographie des Terrors Medienpartner: art-in-berlin, Berliner Filmfestivals, Cosmo, Filml\u00f6win, Fluxfm, Indiekino [&hellip;]<\/p>\n","protected":false},"author":78,"featured_media":9714,"parent":3457,"menu_order":0,"comment_status":"closed","ping_status":"closed","template":"template-partners.php","meta":{"inline_featured_image":false,"_monsterinsights_skip_tracking":false,"_monsterinsights_sitenote_active":false,"_monsterinsights_sitenote_note":"","_monsterinsights_sitenote_category":0,"footnotes":""},"class_list":["post-3886","page","type-page","status-publish","has-post-thumbnail","hentry"],"yoast_head":"<!-- This site is optimized with the Yoast SEO plugin v24.6 - https:\/\/yoast.com\/wordpress\/plugins\/seo\/ -->\n<title>Unterst\u00fctzer &amp; Partner - Instytut Polski w Berlinie<\/title>\n<meta name=\"robots\" content=\"index, follow, max-snippet:-1, max-image-preview:large, max-video-preview:-1\" \/>\n<link rel=\"canonical\" href=\"https:\/\/instytutpolski.pl\/berlin\/20-filmpolska\/unterstuetzer\/\" \/>\n<meta property=\"og:locale\" content=\"pl_PL\" \/>\n<meta property=\"og:type\" content=\"article\" \/>\n<meta property=\"og:title\" content=\"Unterst\u00fctzer &amp; Partner - Instytut Polski w Berlinie\" \/>\n<meta property=\"og:description\" content=\"Unterst\u00fctzer: Ministerium f\u00fcr Kultur und Nationales Erbe der Republik Polen aus dem Fond f\u00fcr Kulturf\u00f6rderung, Adam-Mickiewicz-Institut, Polski Instytut Sztuki Filmowej \/ Polish Film Institute Partner: Cineville, Deutsches Historisches Museum, FilmFestival Cottbus, Krakow Film Festival, Krzy\u017cowa Music, Medienboard Berlin-Brandenburg, Mokry Nos Psa, Stowarzyszenie Filmowc\u00f3w Polskich, Topographie des Terrors Medienpartner: art-in-berlin, Berliner Filmfestivals, Cosmo, Filml\u00f6win, Fluxfm, Indiekino [&hellip;]\" \/>\n<meta property=\"og:url\" content=\"https:\/\/instytutpolski.pl\/berlin\/20-filmpolska\/unterstuetzer\/\" \/>\n<meta property=\"og:site_name\" content=\"Instytut Polski w Berlinie\" \/>\n<meta property=\"article:modified_time\" content=\"2025-09-11T12:37:00+00:00\" \/>\n<meta property=\"og:image\" content=\"https:\/\/instytutpolski.pl\/berlin\/wp-content\/uploads\/sites\/3\/2025\/08\/Zrzut-ekranu-2025-08-2-o-04.53.06.png\" \/>\n\t<meta property=\"og:image:width\" content=\"2306\" \/>\n\t<meta property=\"og:image:height\" content=\"870\" \/>\n\t<meta property=\"og:image:type\" content=\"image\/png\" \/>\n<meta name=\"twitter:card\" content=\"summary_large_image\" \/>\n<meta name=\"twitter:label1\" content=\"Szacowany czas czytania\" \/>\n\t<meta name=\"twitter:data1\" content=\"2 minuty\" \/>\n<script type=\"application\/ld+json\" class=\"yoast-schema-graph\">{\"@context\":\"https:\/\/schema.org\",\"@graph\":[{\"@type\":\"WebPage\",\"@id\":\"https:\/\/instytutpolski.pl\/berlin\/20-filmpolska\/unterstuetzer\/\",\"url\":\"https:\/\/instytutpolski.pl\/berlin\/20-filmpolska\/unterstuetzer\/\",\"name\":\"Unterst\u00fctzer &amp; Partner - Instytut Polski w Berlinie\",\"isPartOf\":{\"@id\":\"https:\/\/instytutpolski.pl\/berlin\/#website\"},\"primaryImageOfPage\":{\"@id\":\"https:\/\/instytutpolski.pl\/berlin\/20-filmpolska\/unterstuetzer\/#primaryimage\"},\"image\":{\"@id\":\"https:\/\/instytutpolski.pl\/berlin\/20-filmpolska\/unterstuetzer\/#primaryimage\"},\"thumbnailUrl\":\"https:\/\/instytutpolski.pl\/berlin\/wp-content\/uploads\/sites\/3\/2025\/08\/Zrzut-ekranu-2025-08-2-o-04.53.06.png\",\"datePublished\":\"2022-06-08T01:44:47+00:00\",\"dateModified\":\"2025-09-11T12:37:00+00:00\",\"breadcrumb\":{\"@id\":\"https:\/\/instytutpolski.pl\/berlin\/20-filmpolska\/unterstuetzer\/#breadcrumb\"},\"inLanguage\":\"pl-PL\",\"potentialAction\":[{\"@type\":\"ReadAction\",\"target\":[\"https:\/\/instytutpolski.pl\/berlin\/20-filmpolska\/unterstuetzer\/\"]}]},{\"@type\":\"ImageObject\",\"inLanguage\":\"pl-PL\",\"@id\":\"https:\/\/instytutpolski.pl\/berlin\/20-filmpolska\/unterstuetzer\/#primaryimage\",\"url\":\"https:\/\/instytutpolski.pl\/berlin\/wp-content\/uploads\/sites\/3\/2025\/08\/Zrzut-ekranu-2025-08-2-o-04.53.06.png\",\"contentUrl\":\"https:\/\/instytutpolski.pl\/berlin\/wp-content\/uploads\/sites\/3\/2025\/08\/Zrzut-ekranu-2025-08-2-o-04.53.06.png\",\"width\":2306,\"height\":870},{\"@type\":\"BreadcrumbList\",\"@id\":\"https:\/\/instytutpolski.pl\/berlin\/20-filmpolska\/unterstuetzer\/#breadcrumb\",\"itemListElement\":[{\"@type\":\"ListItem\",\"position\":1,\"name\":\"Home\",\"item\":\"https:\/\/instytutpolski.pl\/berlin\/\"},{\"@type\":\"ListItem\",\"position\":2,\"name\":\"20. filmPOLSKA\",\"item\":\"https:\/\/instytutpolski.pl\/berlin\/20-filmpolska\/\"},{\"@type\":\"ListItem\",\"position\":3,\"name\":\"Unterst\u00fctzer &amp; Partner\"}]},{\"@type\":\"WebSite\",\"@id\":\"https:\/\/instytutpolski.pl\/berlin\/#website\",\"url\":\"https:\/\/instytutpolski.pl\/berlin\/\",\"name\":\"Instytut Polski w Berlinie\",\"description\":\"Instytuty Polskie\",\"potentialAction\":[{\"@type\":\"SearchAction\",\"target\":{\"@type\":\"EntryPoint\",\"urlTemplate\":\"https:\/\/instytutpolski.pl\/berlin\/?s={search_term_string}\"},\"query-input\":{\"@type\":\"PropertyValueSpecification\",\"valueRequired\":true,\"valueName\":\"search_term_string\"}}],\"inLanguage\":\"pl-PL\"}]}<\/script>\n<!-- \/ Yoast SEO plugin. -->","yoast_head_json":{"title":"Unterst\u00fctzer &amp; Partner - Instytut Polski w Berlinie","robots":{"index":"index","follow":"follow","max-snippet":"max-snippet:-1","max-image-preview":"max-image-preview:large","max-video-preview":"max-video-preview:-1"},"canonical":"https:\/\/instytutpolski.pl\/berlin\/20-filmpolska\/unterstuetzer\/","og_locale":"pl_PL","og_type":"article","og_title":"Unterst\u00fctzer &amp; Partner - Instytut Polski w Berlinie","og_description":"Unterst\u00fctzer: Ministerium f\u00fcr Kultur und Nationales Erbe der Republik Polen aus dem Fond f\u00fcr Kulturf\u00f6rderung, Adam-Mickiewicz-Institut, Polski Instytut Sztuki Filmowej \/ Polish Film Institute Partner: Cineville, Deutsches Historisches Museum, FilmFestival Cottbus, Krakow Film Festival, Krzy\u017cowa Music, Medienboard Berlin-Brandenburg, Mokry Nos Psa, Stowarzyszenie Filmowc\u00f3w Polskich, Topographie des Terrors Medienpartner: art-in-berlin, Berliner Filmfestivals, Cosmo, Filml\u00f6win, Fluxfm, Indiekino [&hellip;]","og_url":"https:\/\/instytutpolski.pl\/berlin\/20-filmpolska\/unterstuetzer\/","og_site_name":"Instytut Polski w Berlinie","article_modified_time":"2025-09-11T12:37:00+00:00","og_image":[{"width":2306,"height":870,"url":"https:\/\/instytutpolski.pl\/berlin\/wp-content\/uploads\/sites\/3\/2025\/08\/Zrzut-ekranu-2025-08-2-o-04.53.06.png","type":"image\/png"}],"twitter_card":"summary_large_image","twitter_misc":{"Szacowany czas czytania":"2 minuty"},"schema":{"@context":"https:\/\/schema.org","@graph":[{"@type":"WebPage","@id":"https:\/\/instytutpolski.pl\/berlin\/20-filmpolska\/unterstuetzer\/","url":"https:\/\/instytutpolski.pl\/berlin\/20-filmpolska\/unterstuetzer\/","name":"Unterst\u00fctzer &amp; Partner - Instytut Polski w Berlinie","isPartOf":{"@id":"https:\/\/instytutpolski.pl\/berlin\/#website"},"primaryImageOfPage":{"@id":"https:\/\/instytutpolski.pl\/berlin\/20-filmpolska\/unterstuetzer\/#primaryimage"},"image":{"@id":"https:\/\/instytutpolski.pl\/berlin\/20-filmpolska\/unterstuetzer\/#primaryimage"},"thumbnailUrl":"https:\/\/instytutpolski.pl\/berlin\/wp-content\/uploads\/sites\/3\/2025\/08\/Zrzut-ekranu-2025-08-2-o-04.53.06.png","datePublished":"2022-06-08T01:44:47+00:00","dateModified":"2025-09-11T12:37:00+00:00","breadcrumb":{"@id":"https:\/\/instytutpolski.pl\/berlin\/20-filmpolska\/unterstuetzer\/#breadcrumb"},"inLanguage":"pl-PL","potentialAction":[{"@type":"ReadAction","target":["https:\/\/instytutpolski.pl\/berlin\/20-filmpolska\/unterstuetzer\/"]}]},{"@type":"ImageObject","inLanguage":"pl-PL","@id":"https:\/\/instytutpolski.pl\/berlin\/20-filmpolska\/unterstuetzer\/#primaryimage","url":"https:\/\/instytutpolski.pl\/berlin\/wp-content\/uploads\/sites\/3\/2025\/08\/Zrzut-ekranu-2025-08-2-o-04.53.06.png","contentUrl":"https:\/\/instytutpolski.pl\/berlin\/wp-content\/uploads\/sites\/3\/2025\/08\/Zrzut-ekranu-2025-08-2-o-04.53.06.png","width":2306,"height":870},{"@type":"BreadcrumbList","@id":"https:\/\/instytutpolski.pl\/berlin\/20-filmpolska\/unterstuetzer\/#breadcrumb","itemListElement":[{"@type":"ListItem","position":1,"name":"Home","item":"https:\/\/instytutpolski.pl\/berlin\/"},{"@type":"ListItem","position":2,"name":"20. filmPOLSKA","item":"https:\/\/instytutpolski.pl\/berlin\/20-filmpolska\/"},{"@type":"ListItem","position":3,"name":"Unterst\u00fctzer &amp; Partner"}]},{"@type":"WebSite","@id":"https:\/\/instytutpolski.pl\/berlin\/#website","url":"https:\/\/instytutpolski.pl\/berlin\/","name":"Instytut Polski w Berlinie","description":"Instytuty Polskie","potentialAction":[{"@type":"SearchAction","target":{"@type":"EntryPoint","urlTemplate":"https:\/\/instytutpolski.pl\/berlin\/?s={search_term_string}"},"query-input":{"@type":"PropertyValueSpecification","valueRequired":true,"valueName":"search_term_string"}}],"inLanguage":"pl-PL"}]}},"_links":{"self":[{"href":"https:\/\/instytutpolski.pl\/berlin\/wp-json\/wp\/v2\/pages\/3886","targetHints":{"allow":["GET"]}}],"collection":[{"href":"https:\/\/instytutpolski.pl\/berlin\/wp-json\/wp\/v2\/pages"}],"about":[{"href":"https:\/\/instytutpolski.pl\/berlin\/wp-json\/wp\/v2\/types\/page"}],"author":[{"embeddable":true,"href":"https:\/\/instytutpolski.pl\/berlin\/wp-json\/wp\/v2\/users\/78"}],"replies":[{"embeddable":true,"href":"https:\/\/instytutpolski.pl\/berlin\/wp-json\/wp\/v2\/comments?post=3886"}],"version-history":[{"count":61,"href":"https:\/\/instytutpolski.pl\/berlin\/wp-json\/wp\/v2\/pages\/3886\/revisions"}],"predecessor-version":[{"id":10880,"href":"https:\/\/instytutpolski.pl\/berlin\/wp-json\/wp\/v2\/pages\/3886\/revisions\/10880"}],"up":[{"embeddable":true,"href":"https:\/\/instytutpolski.pl\/berlin\/wp-json\/wp\/v2\/pages\/3457"}],"wp:featuredmedia":[{"embeddable":true,"href":"https:\/\/instytutpolski.pl\/berlin\/wp-json\/wp\/v2\/media\/9714"}],"wp:attachment":[{"href":"https:\/\/instytutpolski.pl\/berlin\/wp-json\/wp\/v2\/media?parent=3886"}],"curies":[{"name":"wp","href":"https:\/\/api.w.org\/{rel}","templated":true}]}}