{"id":469,"date":"2019-06-27T08:26:38","date_gmt":"2019-06-27T06:26:38","guid":{"rendered":"https:\/\/instytutpolski.pl\/berlin\/?page_id=469"},"modified":"2026-03-01T19:27:05","modified_gmt":"2026-03-01T18:27:05","slug":"polnischkurse-des-polnischen-instituts","status":"publish","type":"page","link":"https:\/\/instytutpolski.pl\/berlin\/polnische-sprache-2\/polnischkurse-des-polnischen-instituts\/","title":{"rendered":"Polnischkurse des Polnischen Instituts"},"content":{"rendered":"\n<div><span style=\"color: #ff0000\"><i data-olk-copy-source=\"MessageBody\">Liebe Freunde*innen des Polnischen Instituts und der polnischen Sprache!<\/i><\/span><\/div>\n<div><span style=\"color: #ff0000\"><i>Das Interesse am Projekt \u201ePolnisch f\u00fcr Anf\u00e4nger*innen\u201c hat unsere k\u00fchnsten Erwartungen \u00fcbertroffen, und sowohl die Teilnehmerliste als auch die Warteliste sind bereits vollst\u00e4ndig besetzt!\u00a0<\/i><\/span><\/div>\n<div><span style=\"color: #ff0000\"><i>Wir freuen uns sehr \u00fcber das gro\u00dfe Vertrauen, das Sie dem Polnischen Institut in Berlin entgegenbringen. Um Ihren Bed\u00fcrfnissen gerecht zu werden, planen wir in naher Zukunft weitere Ausgaben des Projekts zu starten. Sobald wir die Details festgelegt haben, werden wir sie auf unserer Website ver\u00f6ffentlichen.<\/i><\/span><\/div>\n<div><span style=\"color: #ff0000\"><i>Falls ein Platz in unserem Kurs frei werden sollte, werden wir die Personen auf der Warteliste umgehend dar\u00fcber informieren.<\/i><\/span><\/div>\n<div><span style=\"color: #ff0000\"><i>Do zobaczenia!<\/i><\/span><\/div>\n<div><span style=\"color: #ff0000\"><i>Das Team des Polnischen Instituts<\/i><\/span><\/div>\n<div>\u00a0<\/div>\n<div><strong data-start=\"0\" data-end=\"38\">Polnisch f\u00fcr Anf\u00e4nger*innen (A1.1)<\/strong><br data-start=\"38\" data-end=\"41\" \/><strong data-start=\"41\" data-end=\"100\">Kostenloser Einstiegskurs im Polnischen Institut Berlin<\/strong><\/div>\n<p data-start=\"102\" data-end=\"258\">Neugierig auf Polnisch? Unser kostenloser Kurs bietet einen praxisnahen und verst\u00e4ndlichen Einstieg in die Grundlagen der Sprache \u2013 ganz ohne Vorkenntnisse.<\/p>\n<p data-start=\"260\" data-end=\"482\"><strong data-start=\"260\" data-end=\"276\">Kursdetails:<\/strong><br data-start=\"276\" data-end=\"279\" \/>\u2022 8 Termine \u00d7 90 Minuten<br data-start=\"303\" data-end=\"306\" \/>\u2022 Niveau A1.1 \u2013 f\u00fcr absolute Anf\u00e4nger*innen<br data-start=\"349\" data-end=\"352\" \/>\u2022 Mittwochs, 17:30\u201319:00 Uhr<br data-start=\"380\" data-end=\"383\" \/>\u2022 Start: 11.03.2026, weitere Termine: 18.03, 25.03., 01.04, 08.04., 15.04., 22.04., 29.04.2026<br \/>\u2022 Alter: ab 16 Jahren<br data-start=\"426\" data-end=\"429\" \/>\u2022 Teilnahme kostenfrei<br data-start=\"451\" data-end=\"454\" \/>\u2022 Begrenzte Teilnehmerzahl<\/p>\n<p data-start=\"484\" data-end=\"736\">Der Kurs richtet sich an Studierende sowie an alle, die herausfinden m\u00f6chten, ob die polnische Sprache etwas f\u00fcr sie ist. In angenehmer Atmosph\u00e4re lernen Sie erste Redewendungen f\u00fcr den Alltag, grundlegende Grammatik und die richtige Aussprache kennen.<\/p>\n<p data-start=\"738\" data-end=\"842\">Die Materialien werden vom Polnischen Institut Berlin in Zusammenarbeit mit der Lektorin bereitgestellt.<\/p>\n<p data-start=\"844\" data-end=\"954\"><strong data-start=\"844\" data-end=\"870\">Anmeldung erforderlich<\/strong>: <a href=\"https:\/\/docs.google.com\/forms\/d\/1P_-LpS8yS6_O1-Qkjpuyj4REZzDHQgS_PqEPKUXpkVs\/\">https:\/\/docs.google.com\/forms\/d\/1P_-LpS8yS6_O1-Qkjpuyj4REZzDHQgS_PqEPKUXpkVs\/<\/a><\/p>\n\n\n\n<div class=\"x_elementToProof\"><span data-olk-copy-source=\"MessageBody\"><br \/>Mit der Anmeldung zum Kurs verpflichten Sie sich zur Teilnahme am gesamten Zyklus von acht Terminen.<br \/><br \/><\/span><\/div>\n<div class=\"x_elementToProof\">Sollte eine Teilnahme am Kurs f\u00fcr Sie nicht mehr m\u00f6glich sein, bitten wir Sie, uns dar\u00fcber so fr\u00fch wie m\u00f6glich zu informieren (telefonisch: 030 2475810 oder per E-Mail: berlin@instytutpolski.pl), damit wir Ihren Platz einer Person von der Warteliste zur Verf\u00fcgung stellen k\u00f6nnen.<br \/><br \/><\/div>\n<div class=\"x_elementToProof\">Ist es Ihnen nicht gelungen, sich f\u00fcr den Polnischkurs anzumelden, weil keine Pl\u00e4tze mehr verf\u00fcgbar waren oder Sie zu sp\u00e4t von unserem Angebot erfahren haben? Keine Sorge!<\/div>\n<div class=\"x_elementToProof\">Bei Erfolg der ersten Kurse\u00addition plant das Polnische Institut weitere Kurszyklen f\u00fcr Polnisch. Bitte besuchen Sie regelm\u00e4\u00dfig unsere Website oder abonnieren Sie unseren Newsletter, damit Sie diese Gelegenheit nicht verpassen.<\/div>\n","protected":false},"excerpt":{"rendered":"<p>Liebe Freunde*innen des Polnischen Instituts und der polnischen Sprache! Das Interesse am Projekt \u201ePolnisch f\u00fcr Anf\u00e4nger*innen\u201c hat unsere k\u00fchnsten Erwartungen \u00fcbertroffen, und sowohl die Teilnehmerliste als auch die Warteliste sind bereits vollst\u00e4ndig besetzt!\u00a0 Wir freuen uns sehr \u00fcber das gro\u00dfe Vertrauen, das Sie dem Polnischen Institut in Berlin entgegenbringen. Um Ihren Bed\u00fcrfnissen gerecht zu werden, [&hellip;]<\/p>\n","protected":false},"author":1,"featured_media":470,"parent":463,"menu_order":0,"comment_status":"closed","ping_status":"closed","template":"","meta":{"inline_featured_image":false,"_monsterinsights_skip_tracking":false,"_monsterinsights_sitenote_active":false,"_monsterinsights_sitenote_note":"","_monsterinsights_sitenote_category":0,"footnotes":""},"class_list":["post-469","page","type-page","status-publish","has-post-thumbnail","hentry"],"yoast_head":"<!-- This site is optimized with the Yoast SEO plugin v24.6 - https:\/\/yoast.com\/wordpress\/plugins\/seo\/ -->\n<title>Polnischkurse des Polnischen Instituts - Instytut Polski w Berlinie<\/title>\n<meta name=\"robots\" content=\"index, follow, max-snippet:-1, max-image-preview:large, max-video-preview:-1\" \/>\n<link rel=\"canonical\" href=\"https:\/\/instytutpolski.pl\/berlin\/polnische-sprache-2\/polnischkurse-des-polnischen-instituts\/\" \/>\n<meta property=\"og:locale\" content=\"pl_PL\" \/>\n<meta property=\"og:type\" content=\"article\" \/>\n<meta property=\"og:title\" content=\"Polnischkurse des Polnischen Instituts - Instytut Polski w Berlinie\" \/>\n<meta property=\"og:description\" content=\"Liebe Freunde*innen des Polnischen Instituts und der polnischen Sprache! Das Interesse am Projekt \u201ePolnisch f\u00fcr Anf\u00e4nger*innen\u201c hat unsere k\u00fchnsten Erwartungen \u00fcbertroffen, und sowohl die Teilnehmerliste als auch die Warteliste sind bereits vollst\u00e4ndig besetzt!\u00a0 Wir freuen uns sehr \u00fcber das gro\u00dfe Vertrauen, das Sie dem Polnischen Institut in Berlin entgegenbringen. Um Ihren Bed\u00fcrfnissen gerecht zu werden, [&hellip;]\" \/>\n<meta property=\"og:url\" content=\"https:\/\/instytutpolski.pl\/berlin\/polnische-sprache-2\/polnischkurse-des-polnischen-instituts\/\" \/>\n<meta property=\"og:site_name\" content=\"Instytut Polski w Berlinie\" \/>\n<meta property=\"article:modified_time\" content=\"2026-03-01T18:27:05+00:00\" \/>\n<meta property=\"og:image\" content=\"https:\/\/instytutpolski.pl\/berlin\/wp-content\/uploads\/sites\/3\/2019\/06\/kursy-jezyka-polskiego-kultury.jpg\" \/>\n\t<meta property=\"og:image:width\" content=\"1920\" \/>\n\t<meta property=\"og:image:height\" content=\"700\" \/>\n\t<meta property=\"og:image:type\" content=\"image\/jpeg\" \/>\n<meta name=\"twitter:card\" content=\"summary_large_image\" \/>\n<meta name=\"twitter:label1\" content=\"Szacowany czas czytania\" \/>\n\t<meta name=\"twitter:data1\" content=\"3 minuty\" \/>\n<script type=\"application\/ld+json\" class=\"yoast-schema-graph\">{\"@context\":\"https:\/\/schema.org\",\"@graph\":[{\"@type\":\"WebPage\",\"@id\":\"https:\/\/instytutpolski.pl\/berlin\/polnische-sprache-2\/polnischkurse-des-polnischen-instituts\/\",\"url\":\"https:\/\/instytutpolski.pl\/berlin\/polnische-sprache-2\/polnischkurse-des-polnischen-instituts\/\",\"name\":\"Polnischkurse des Polnischen Instituts - Instytut Polski w Berlinie\",\"isPartOf\":{\"@id\":\"https:\/\/instytutpolski.pl\/berlin\/#website\"},\"primaryImageOfPage\":{\"@id\":\"https:\/\/instytutpolski.pl\/berlin\/polnische-sprache-2\/polnischkurse-des-polnischen-instituts\/#primaryimage\"},\"image\":{\"@id\":\"https:\/\/instytutpolski.pl\/berlin\/polnische-sprache-2\/polnischkurse-des-polnischen-instituts\/#primaryimage\"},\"thumbnailUrl\":\"https:\/\/instytutpolski.pl\/berlin\/wp-content\/uploads\/sites\/3\/2019\/06\/kursy-jezyka-polskiego-kultury.jpg\",\"datePublished\":\"2019-06-27T06:26:38+00:00\",\"dateModified\":\"2026-03-01T18:27:05+00:00\",\"breadcrumb\":{\"@id\":\"https:\/\/instytutpolski.pl\/berlin\/polnische-sprache-2\/polnischkurse-des-polnischen-instituts\/#breadcrumb\"},\"inLanguage\":\"pl-PL\",\"potentialAction\":[{\"@type\":\"ReadAction\",\"target\":[\"https:\/\/instytutpolski.pl\/berlin\/polnische-sprache-2\/polnischkurse-des-polnischen-instituts\/\"]}]},{\"@type\":\"ImageObject\",\"inLanguage\":\"pl-PL\",\"@id\":\"https:\/\/instytutpolski.pl\/berlin\/polnische-sprache-2\/polnischkurse-des-polnischen-instituts\/#primaryimage\",\"url\":\"https:\/\/instytutpolski.pl\/berlin\/wp-content\/uploads\/sites\/3\/2019\/06\/kursy-jezyka-polskiego-kultury.jpg\",\"contentUrl\":\"https:\/\/instytutpolski.pl\/berlin\/wp-content\/uploads\/sites\/3\/2019\/06\/kursy-jezyka-polskiego-kultury.jpg\",\"width\":1920,\"height\":700},{\"@type\":\"BreadcrumbList\",\"@id\":\"https:\/\/instytutpolski.pl\/berlin\/polnische-sprache-2\/polnischkurse-des-polnischen-instituts\/#breadcrumb\",\"itemListElement\":[{\"@type\":\"ListItem\",\"position\":1,\"name\":\"Home\",\"item\":\"https:\/\/instytutpolski.pl\/berlin\/\"},{\"@type\":\"ListItem\",\"position\":2,\"name\":\"Polnische Sprache\",\"item\":\"https:\/\/instytutpolski.pl\/berlin\/polnische-sprache-2\/\"},{\"@type\":\"ListItem\",\"position\":3,\"name\":\"Polnischkurse des Polnischen Instituts\"}]},{\"@type\":\"WebSite\",\"@id\":\"https:\/\/instytutpolski.pl\/berlin\/#website\",\"url\":\"https:\/\/instytutpolski.pl\/berlin\/\",\"name\":\"Instytut Polski w Berlinie\",\"description\":\"Instytuty Polskie\",\"potentialAction\":[{\"@type\":\"SearchAction\",\"target\":{\"@type\":\"EntryPoint\",\"urlTemplate\":\"https:\/\/instytutpolski.pl\/berlin\/?s={search_term_string}\"},\"query-input\":{\"@type\":\"PropertyValueSpecification\",\"valueRequired\":true,\"valueName\":\"search_term_string\"}}],\"inLanguage\":\"pl-PL\"}]}<\/script>\n<!-- \/ Yoast SEO plugin. -->","yoast_head_json":{"title":"Polnischkurse des Polnischen Instituts - Instytut Polski w Berlinie","robots":{"index":"index","follow":"follow","max-snippet":"max-snippet:-1","max-image-preview":"max-image-preview:large","max-video-preview":"max-video-preview:-1"},"canonical":"https:\/\/instytutpolski.pl\/berlin\/polnische-sprache-2\/polnischkurse-des-polnischen-instituts\/","og_locale":"pl_PL","og_type":"article","og_title":"Polnischkurse des Polnischen Instituts - Instytut Polski w Berlinie","og_description":"Liebe Freunde*innen des Polnischen Instituts und der polnischen Sprache! Das Interesse am Projekt \u201ePolnisch f\u00fcr Anf\u00e4nger*innen\u201c hat unsere k\u00fchnsten Erwartungen \u00fcbertroffen, und sowohl die Teilnehmerliste als auch die Warteliste sind bereits vollst\u00e4ndig besetzt!\u00a0 Wir freuen uns sehr \u00fcber das gro\u00dfe Vertrauen, das Sie dem Polnischen Institut in Berlin entgegenbringen. Um Ihren Bed\u00fcrfnissen gerecht zu werden, [&hellip;]","og_url":"https:\/\/instytutpolski.pl\/berlin\/polnische-sprache-2\/polnischkurse-des-polnischen-instituts\/","og_site_name":"Instytut Polski w Berlinie","article_modified_time":"2026-03-01T18:27:05+00:00","og_image":[{"width":1920,"height":700,"url":"https:\/\/instytutpolski.pl\/berlin\/wp-content\/uploads\/sites\/3\/2019\/06\/kursy-jezyka-polskiego-kultury.jpg","type":"image\/jpeg"}],"twitter_card":"summary_large_image","twitter_misc":{"Szacowany czas czytania":"3 minuty"},"schema":{"@context":"https:\/\/schema.org","@graph":[{"@type":"WebPage","@id":"https:\/\/instytutpolski.pl\/berlin\/polnische-sprache-2\/polnischkurse-des-polnischen-instituts\/","url":"https:\/\/instytutpolski.pl\/berlin\/polnische-sprache-2\/polnischkurse-des-polnischen-instituts\/","name":"Polnischkurse des Polnischen Instituts - Instytut Polski w Berlinie","isPartOf":{"@id":"https:\/\/instytutpolski.pl\/berlin\/#website"},"primaryImageOfPage":{"@id":"https:\/\/instytutpolski.pl\/berlin\/polnische-sprache-2\/polnischkurse-des-polnischen-instituts\/#primaryimage"},"image":{"@id":"https:\/\/instytutpolski.pl\/berlin\/polnische-sprache-2\/polnischkurse-des-polnischen-instituts\/#primaryimage"},"thumbnailUrl":"https:\/\/instytutpolski.pl\/berlin\/wp-content\/uploads\/sites\/3\/2019\/06\/kursy-jezyka-polskiego-kultury.jpg","datePublished":"2019-06-27T06:26:38+00:00","dateModified":"2026-03-01T18:27:05+00:00","breadcrumb":{"@id":"https:\/\/instytutpolski.pl\/berlin\/polnische-sprache-2\/polnischkurse-des-polnischen-instituts\/#breadcrumb"},"inLanguage":"pl-PL","potentialAction":[{"@type":"ReadAction","target":["https:\/\/instytutpolski.pl\/berlin\/polnische-sprache-2\/polnischkurse-des-polnischen-instituts\/"]}]},{"@type":"ImageObject","inLanguage":"pl-PL","@id":"https:\/\/instytutpolski.pl\/berlin\/polnische-sprache-2\/polnischkurse-des-polnischen-instituts\/#primaryimage","url":"https:\/\/instytutpolski.pl\/berlin\/wp-content\/uploads\/sites\/3\/2019\/06\/kursy-jezyka-polskiego-kultury.jpg","contentUrl":"https:\/\/instytutpolski.pl\/berlin\/wp-content\/uploads\/sites\/3\/2019\/06\/kursy-jezyka-polskiego-kultury.jpg","width":1920,"height":700},{"@type":"BreadcrumbList","@id":"https:\/\/instytutpolski.pl\/berlin\/polnische-sprache-2\/polnischkurse-des-polnischen-instituts\/#breadcrumb","itemListElement":[{"@type":"ListItem","position":1,"name":"Home","item":"https:\/\/instytutpolski.pl\/berlin\/"},{"@type":"ListItem","position":2,"name":"Polnische Sprache","item":"https:\/\/instytutpolski.pl\/berlin\/polnische-sprache-2\/"},{"@type":"ListItem","position":3,"name":"Polnischkurse des Polnischen Instituts"}]},{"@type":"WebSite","@id":"https:\/\/instytutpolski.pl\/berlin\/#website","url":"https:\/\/instytutpolski.pl\/berlin\/","name":"Instytut Polski w Berlinie","description":"Instytuty Polskie","potentialAction":[{"@type":"SearchAction","target":{"@type":"EntryPoint","urlTemplate":"https:\/\/instytutpolski.pl\/berlin\/?s={search_term_string}"},"query-input":{"@type":"PropertyValueSpecification","valueRequired":true,"valueName":"search_term_string"}}],"inLanguage":"pl-PL"}]}},"_links":{"self":[{"href":"https:\/\/instytutpolski.pl\/berlin\/wp-json\/wp\/v2\/pages\/469","targetHints":{"allow":["GET"]}}],"collection":[{"href":"https:\/\/instytutpolski.pl\/berlin\/wp-json\/wp\/v2\/pages"}],"about":[{"href":"https:\/\/instytutpolski.pl\/berlin\/wp-json\/wp\/v2\/types\/page"}],"author":[{"embeddable":true,"href":"https:\/\/instytutpolski.pl\/berlin\/wp-json\/wp\/v2\/users\/1"}],"replies":[{"embeddable":true,"href":"https:\/\/instytutpolski.pl\/berlin\/wp-json\/wp\/v2\/comments?post=469"}],"version-history":[{"count":9,"href":"https:\/\/instytutpolski.pl\/berlin\/wp-json\/wp\/v2\/pages\/469\/revisions"}],"predecessor-version":[{"id":11832,"href":"https:\/\/instytutpolski.pl\/berlin\/wp-json\/wp\/v2\/pages\/469\/revisions\/11832"}],"up":[{"embeddable":true,"href":"https:\/\/instytutpolski.pl\/berlin\/wp-json\/wp\/v2\/pages\/463"}],"wp:featuredmedia":[{"embeddable":true,"href":"https:\/\/instytutpolski.pl\/berlin\/wp-json\/wp\/v2\/media\/470"}],"wp:attachment":[{"href":"https:\/\/instytutpolski.pl\/berlin\/wp-json\/wp\/v2\/media?parent=469"}],"curies":[{"name":"wp","href":"https:\/\/api.w.org\/{rel}","templated":true}]}}