{"id":475,"date":"2019-06-27T08:28:44","date_gmt":"2019-06-27T06:28:44","guid":{"rendered":"https:\/\/instytutpolski.pl\/berlin\/?page_id=475"},"modified":"2025-04-25T12:54:32","modified_gmt":"2025-04-25T10:54:32","slug":"andere-offentliche-polnischkurse","status":"publish","type":"page","link":"https:\/\/instytutpolski.pl\/berlin\/polnische-sprache-2\/andere-offentliche-polnischkurse\/","title":{"rendered":"Andere Polnischkurse"},"content":{"rendered":"\n<div>\n<p><strong>SprachCaf\u00e9 Polnisch e.V.<br \/><\/strong><span style=\"font-size: revert;color: initial\">Polska Kafejka J\u0119zykowa z siedzib\u0105 w Berlinie &#8211; Pankow, Schulzestr. 1, oferuje nauk\u0119 j\u0119zyka niemieckiego dla ka\u017cdej grupy wiekowej: d<\/span><span style=\"font-size: revert;color: initial\">la doros\u0142ych w ka\u017cdym wieku oraz dla dzieci, kt\u00f3re ucz\u0105 si\u0119 poprzez zabaw\u0119 i zaj\u0119cia sensoryczne<br \/><\/span><a style=\"font-size: revert\" title=\"http:\/\/www.sprachcafe-polnisch.org\" href=\"http:\/\/www.sprachcafe-polnisch.org\/\" target=\"_blank\" rel=\"noopener noreferrer\" data-auth=\"NotApplicable\" data-linkindex=\"5\">www.sprachcafe-polnisch.org<\/a><\/p>\n<\/div>\n<p><br \/>Sprachkurse an der Volkshochschule Mitte:<br \/><b>VHS Berlin Mitte<br \/><\/b>Infotelefon: (030) 901 83 74 74<br \/>Auskunft Fremdsprachen: (030) 901 83 74 21<br \/>Fax: (030) 901 83 74 88<br \/>Email:\u00a0<a href=\"mailto:info.city-vhs@berlin.de\">info.city-vhs@berlin.de<\/a><br \/><a href=\"http:\/\/www.city-vhs.de\/\" target=\"_blank\" rel=\"noopener noreferrer\">www.city-vhs.de<\/a>\u00a0<\/p>\n<div>\u00a0<\/div>\n<div><b>SKB Technische Universit\u00e4t Berlin<\/b><br \/>Sprach- und Kulturb\u00f6rse der TU Berlin<br \/>Franklinstr. 28\/ 29 Raum 1503<br \/>Tel. 314 22 73 0 Fax. 314 78 92 0<a href=\"mailto:skb@daf.tu-berlin.de\"><br \/>sprachboerse@tu-berlin.de<\/a><br \/><a href=\"http:\/\/www.skb.tu-berlin.de\/\" target=\"_blank\" rel=\"noopener noreferrer\">www.skb.tu-berlin.de<\/a><br \/><br \/><br \/><b><br \/>Polnischkurse in Krak\u00f3w<\/b><br \/><b>Polsko-Niemieckie Towarzystwo Akademickie<\/b><br \/>ul. Bronowicka 58\/5, 30-091 Krak\u00f3w<br \/>Tel.: 0048\/12\/638 08 69; Tel\/Fax: 0048\/12\/638 36 70<br \/>E-mail:\u00a0<a href=\"mailto:info@polnischkurse.org\">info@polnischkurse.org<\/a><br \/>Internet:\u00a0<a href=\"http:\/\/www.polnischkurse.org\/\">www.polnischkurse.org<\/a><br \/><br \/><b><\/b><\/div>\n<div>\u00a0<\/div>\n<div>\u00a0<\/div>\n<div><b>POLONIKON Sprachschule<\/b><br \/>Kaiser-Friedrich-Str. 60, 10627 Berlin-Charlottenburg<br \/>Ge\u00f6ffnet: Montag-Freitag 10.00-13.00 + 16.00-18.00 Uhr<br \/>Telefon: 030 &#8211; 28 38 69 21, 0171 &#8211; 235 29 41<br \/>E-Mail:\u00a0<a href=\"mailto:post@deutsch-polnisches-haus.de\">post@deutsch-polnisches-haus.de<\/a>\u00a0<a href=\"mailto:info@polonikon.com\">info@polonikon.com<\/a><br \/>Internet:\u00a0<a href=\"http:\/\/www.deutsch-polnisches-haus.de\/\" target=\"_blank\" rel=\"noopener noreferrer\">www.deutsch-polnisches-haus.de<\/a>\u00a0<a href=\"http:\/\/www.polonikon.com\/\" target=\"_blank\" rel=\"noopener noreferrer\">www.polonikon.com<\/a><br \/><br \/><\/div>\n<div>\u00a0<\/div>\n<div>\u00a0<\/div>\n<div>\u00a0<\/div>\n<div><b>Polnischkurse f\u00fcr alle Niveaus<\/b><br \/>Gruppen und Einzelunterricht. Alle sind herzlich willkommen.<br \/>Urszula Ptak-R\u00f6hling, Lehrerin f\u00fcr Polnisch als Fremdsprache<br \/>Tel: 030\u00a0<a href=\"http:\/\/www.abc-polnisch.de\/\" target=\"_blank\" rel=\"noopener noreferrer\">www.abc-polnisch.de<\/a><br \/><br \/><b><\/b><\/div>\n<div>\u00a0<\/div>\n<div>\u00a0<\/div>\n<div><b>Polnisch-Sprachkurse beim Sprachinstitut Metropolija<\/b><br \/><b>Kontakt:<\/b>\u00a0Sprachinstitut Metropolija, Inh.Cornelia Fuchs MA,<br \/>Tel.: 030-24 08 55 23, E-Mail:\u00a0<a href=\"mailto:daf@metropolija.de\">daf@metropolija.de<\/a><br \/>Die Preisliste und Anmeldeformular:\u00a0<a href=\"http:\/\/www.metropolija.de\/\" target=\"_blank\" rel=\"noopener noreferrer\">www.metropolija.de<\/a><br \/><br \/><b><\/b><\/div>\n<div>\u00a0<\/div>\n<div>\u00a0<\/div>\n<div><b>Lernen am Kolleg f\u00fcr polnische Sprache und Kultur<\/b><br \/><br \/>Weitere Informationen finden Sie unter:\u00a0<a href=\"http:\/\/www.kolleg.pl\/\" target=\"_blank\" rel=\"noopener noreferrer\">www.kolleg.pl<\/a><br \/>Anmeldung zu den Kursen kann per Email:\u00a0<a href=\"mailto:post@polnischunterricht.de\">post@polnischunterricht.de<\/a><br \/>oder telefonisch 0173 9118575 (auch au\u00dferhalb der \u00fcblichen B\u00fcrozeiten) erfolgen.<br \/><br \/><b><\/b><\/div>\n<div>\u00a0<\/div>\n<div><b><br \/>Varia &#8211; Zentrum der Polnischen Sprache<\/b><br \/><span lang=\"EN-US\"><a href=\"https:\/\/www.polnischkurs.com\/de\/Polnischkurse\/online-semesterkurse\">Online<\/a>&#8211; und Pr\u00e4senzkurse (alle Sprachniveaus<\/span>)<br \/>ul. Micha\u0142owskiego 2\/3, 31-126 Krak\u00f3w<br \/><a href=\"http:\/\/www.polnischkurs.com\/\" target=\"_blank\" rel=\"noopener noreferrer\">www.polnischkurs.com<\/a><br \/><a href=\"mailto:info@polnischkurs.com\">info@polnischkurs.com<\/a><br \/>Katarzyna Przybylo<br \/>VARIA Zentrum der Polnischen Sprache<br \/>Tel.: +48\/12 633 58 71, Mobile: +48\/608 845 793<br \/><br \/><b><\/b><\/div>\n<div>\u00a0<\/div>\n<div>\u00a0<\/div>\n<div><b>Mieszkasz w Niemczech? Chcesz zyska\u0107 kwalifikacje do uczenia j\u0119zyka polskiego?<\/b><br \/>Samo podanie mo\u017cna wcze\u015bniej przes\u0142a\u0107 faksem: 00 48 32 2512991 lub mailem:\u00a0<a href=\"mailto:szkola@homer.fil.us.edu.pl\">szkola@homer.fil.us.edu.pl<\/a><br \/>Wszelkie dodatkowe informacje udzielane s\u0105 pod adresem:<br \/><a href=\"mailto:szkola@homer.fil.us.edu.pl\">szkola@homer.fil.us.edu.pl<\/a><br \/>lub numerami telefonu: +48 32 2512991; +48 32 2009 424<br \/>Kwestionariusz osobowy mo\u017cna te\u017c pobra\u0107 na stronach:<br \/><a href=\"http:\/\/www.sjikp.us.edu.pl\/\" target=\"_blank\" rel=\"noopener noreferrer\">www.sjikp.us.edu.pl<\/a>\u00a0(Kursy\/Studia Podyplomowe w Niemczech)<\/div>\n<div>\u00a0<\/div>\n<div><br \/><br \/><b>PSP Sprachpunkt<\/b><br \/>Polnischkurse in Berlin, Crashkurs Polnisch, Polnisch lernen<br \/>Deutschkurse in Berlin, Fahrrad Club, Internationale Treffen<br \/><br \/>Lausitzer Str. 13<br \/>10999 Berlin<br \/>Tel.: (30) 69 56 77 08<br \/>E-Mail:\u00a0<a href=\"mailto:info@deutschkurseberlin.com\">info@deutschkurseberlin.com<\/a><br \/>E-Mail:\u00a0<a href=\"mailto:info@polnischkurse.net\">info@polnischkurse.net<\/a><br \/><br \/>Internet:<br \/><a href=\"http:\/\/www.polnischkurse.net\/\" target=\"_blank\" rel=\"noopener noreferrer\">www.polnischkurse.net<\/a><br \/><a href=\"http:\/\/www.psp-sprachpunkt.com\/\" target=\"_blank\" rel=\"noopener noreferrer\">www.psp-sprachpunkt.com<\/a><br \/><a href=\"http:\/\/www.psp-sprachpunkt.de\/\" target=\"_blank\" rel=\"noopener noreferrer\">www.psp-sprachpunkt.de<\/a><br \/><br \/><b><\/b><\/div>\n<div>\u00a0<\/div>\n<div><b><br \/>Progress Sprachen &#8211; Verstehen, was der Nachbar sagt<\/b><br \/>Polnisch lernen mit Kultur: Polnisch ohne Untertitel (Kino), Polnisch singend lernen (Musik), Weitere Angebote, Info:\u00a0<a href=\"http:\/\/www.progres-sprachen.de\/\" target=\"_blank\" rel=\"noopener noreferrer\">www.progres-sprachen.de<\/a>, E-Mail:\u00a0<a href=\"mailto:kontakt@progres-sprachen.de\">kontakt@progres-sprachen.de<\/a><br \/>Adresse: Schliemannstr. 41, 10437 Berlin Prenzlauer Berg<br \/>Tel. (030) 44 053 027, Mobil: 0163 &#8211; 8711365.<br \/><br \/><b><\/b><\/div>\n<div>\u00a0<\/div>\n<div><b><br \/>Sprachenzentrum Berlinek<\/b><br \/>Dahlmannstr. 1A , 10629 Berlin<br \/>Tel. 030 347 87 266, Fax: 030 34787535<br \/><a href=\"mailto:post@berlinek.de\">post@berlinek.de<\/a><br \/><a href=\"http:\/\/www.berlinek.de\/\" target=\"_blank\" rel=\"noopener noreferrer\">www.berlinek.de<\/a><br \/><br \/><b><\/b><\/div>\n<div>\u00a0<\/div>\n<div>\u00a0<\/div>\n<div><b>abc-polnisch<br \/><\/b>Die Reise in eine Sprache ist reich an Abenteuern! Wer fremde Sprachen spricht, lernt neue L\u00e4nder kennen. Ich lade Sie zum Polnischunterricht herzlich ein.<br \/>Urszula Ptak-R\u00f6hling<br \/><a href=\"http:\/\/www.abc-polnisch.de\/\" target=\"_blank\" rel=\"noopener noreferrer\">www.abc-polnisch.de<\/a><br \/>Tel. 030-48625372, 01638788972<br \/><br \/><b><\/b><\/div>\n<div>\u00a0<\/div>\n<div>\u00a0<\/div>\n<div><b>Polnischkurse in Gda\u0144sk<\/b><br \/>Studium J\u0119zyk\u00f3w Obcych Uniwersytetu Gda\u0144skiego<br \/>Weitere Informationen finden Sie unter:\u00a0<a href=\"http:\/\/www.sjo.univ.gda.pl\/\" target=\"_blank\" rel=\"noopener noreferrer\">www.sjo.univ.gda.pl<\/a><br \/>Anmeldung zu den Kursen kann per Email:\u00a0<a href=\"mailto:sjo@univ.gda.pl\">sjo@univ.gda.pl<\/a>\u00a0oder telefonisch 0048\/58\/523-14-16, 0048\/523-14-57 erfolgen.<br \/><br \/><b><\/b><\/div>\n<div>\u00a0<\/div>\n<div>\u00a0<\/div>\n<div><b>Zentrum f\u00fcr polnische Sprache \/ Centrum J\u0119zyka Polskiego<\/b><br \/>Polnisch als Fremdsprache<br \/>ul. Mokotowska 35, Warschau<br \/>Tel.: (004822) 626 96 71<br \/>Fax: (004822) 625 73 26<br \/>Email:\u00a0<a href=\"mailto:cjp@cjp.pl\">cjp@cjp.pl<\/a><br \/><a href=\"http:\/\/www.cjp.pl\/\" target=\"_blank\" rel=\"noopener noreferrer\">www.cjp.pl<\/a><br \/><br \/><b><\/b><\/div>\n<div>\u00a0<\/div>\n<div>\u00a0<\/div>\n<div><b>Deutsch\u2013Polnisches Forum e.V.\u00a0<\/b><br \/>\n<div>Polnisch lernen und noch mehr in Berlin \u2013 Steglitz\u2026<\/div>\n<div>Kleine Gruppen oder Einzelunterricht.\u00a0<\/div>\n<div>Birkbuschstr. 47, 12167 Berlin-Steglitz<\/div>\n<div>Tel.: (030) 22 01 55 13, Fax: (030) 28 03 50 43<\/div>\n<div>E-Mail:\u00a0<a href=\"mailto:deutschpolnischesforum@gmail.com\">deutschpolnischesforum@gmail.com<\/a><\/div>\n<\/div>\n<div>\u00a0<\/div>\n<div>\u00a0<\/div>\n<div><b><br \/>Fremdsprachenschule SORBONA<\/b><br \/>ul. Piotrkowska 83, 90-423 \u0141\u00f3d\u017a, Polen<br \/>Tel.: 00 48 42 671 07 13 \/ Mobil: 0048 509 874 442<br \/><a href=\"http:\/\/www.sorbona.edu.pl\/\" target=\"_blank\" rel=\"noopener noreferrer\">www.sorbona.edu.pl<\/a><br \/><br \/><\/div>\n<div>\u00a0<\/div>\n<div>\u00a0<\/div>\n<div>\n<div><b>Fremdsprachenschule\u00a0KLUB DIALOGU<\/b><\/div>\n<div>ul. Ordynacka 13\/5, 00-364 Warschau, Polen<\/div>\nMob.: +48 664 788 004\u00a0\n<div>Email:\u00a0<a href=\"mailto:info@klubdialogu.pl\">info@klubdialogu.pl\u00a0<\/a><\/div>\n<div><a href=\"http:\/\/www.klubdialogu.pl\/\">www.klubdialogu.pl<\/a>\u00a0<\/div>\n<div><a href=\"http:\/\/www.facebook.com\/klubdialogu\">www.fac<\/a><a href=\"http:\/\/www.facebook.com\/klubdialogu\">ebook.com\/klubdialogu<\/a><\/div>\n<div>\u00a0<\/div>\n<div>\u00a0<\/div>\n<div><br \/><b>Polka Dot. Sprachschule f\u00fcr Polnisch in Berlin<\/b><\/div>\n<div>Tel.: 017694280872<\/div>\n<div>Email:\u00a0<a href=\"mailto:info@polnischkurse-berlin.net\">info@polnischkurse-berlin.net<\/a><\/div>\n<div>Weitere Informationen finden Sie unter:\u00a0<a href=\"http:\/\/www.polnischkurse-berlin.net\/\" target=\"_blank\" rel=\"noopener noreferrer\">www.polnischkurse-berlin.net<br \/><\/a><\/div>\n<\/div>\n<div>\u00a0<\/div>\n<div>\u00a0<\/div>\n<div><br \/>\n<div><b>Babylonia e.V.<\/b><br \/>Cuvrystrasse 23a, 10997 Berlin<\/div>\n<div>Alternative Sprachschule in Kreuzberg mit 35 Jahren Erfahrung. Polnisch als Fremdsprache f\u00fcr Anf\u00e4nger und Fortgeschrittene.<br \/><a href=\"http:\/\/www.babylonia.de\/\">www.babylonia.de<br \/><\/a><\/div>\n<div>\u00a0<\/div>\n<\/div>\n<div>\u00a0<\/div>\n<div><br \/>\n<div><b>Nativa Akademie<\/b><\/div>\n<div>Bredowstr.29, 10551 Berlin<\/div>\n<div>Tel.: (0049 30) 398 762 95<\/div>\n<div>Fax: (0049 30) 398 761 59<\/div>\n<div>E-Mail:\u00a0<a href=\"mailto:info@nativa-akademie.de\">info@nativa-akademie.de<\/a><\/div>\n<div><a href=\"http:\/\/www.nativa-akademie.de\/\">www.nativa-akademie.de<\/a><\/div>\n<\/div>\n<div>\u00a0<\/div>\n<div>\u00a0<\/div>\n<div>\u00a0<\/div>\n<div>Das Polnische Institut in Berlin \u00fcbernimmt keine Haftung f\u00fcr den Inhalt weiterf\u00fchrender Links und distanziert sich ausdr\u00fccklich von deren Inhalt. Das Polnische Institut in Berlin \u00fcbernimmt keine Haftung f\u00fcr die Qualit\u00e4t und den Ablauf der hier benannten Sprachkurse. Die Haftung und Verantwortung liegt beim jeweiligen Veranstalter. Es wird ebensowenig Anspruch auf Vollst\u00e4ndigkeit der hier genannten Anbieter erhoben.<\/div>\n","protected":false},"excerpt":{"rendered":"<p>SprachCaf\u00e9 Polnisch e.V.Polska Kafejka J\u0119zykowa z siedzib\u0105 w Berlinie &#8211; Pankow, Schulzestr. 1, oferuje nauk\u0119 j\u0119zyka niemieckiego dla ka\u017cdej grupy wiekowej: dla doros\u0142ych w ka\u017cdym wieku oraz dla dzieci, kt\u00f3re ucz\u0105 si\u0119 poprzez zabaw\u0119 i zaj\u0119cia sensorycznewww.sprachcafe-polnisch.org Sprachkurse an der Volkshochschule Mitte:VHS Berlin MitteInfotelefon: (030) 901 83 74 74Auskunft Fremdsprachen: (030) 901 83 74 21Fax: [&hellip;]<\/p>\n","protected":false},"author":1,"featured_media":0,"parent":463,"menu_order":0,"comment_status":"closed","ping_status":"closed","template":"","meta":{"inline_featured_image":false,"_monsterinsights_skip_tracking":false,"_monsterinsights_sitenote_active":false,"_monsterinsights_sitenote_note":"","_monsterinsights_sitenote_category":0,"footnotes":""},"class_list":["post-475","page","type-page","status-publish","hentry"],"yoast_head":"<!-- This site is optimized with the Yoast SEO plugin v24.6 - https:\/\/yoast.com\/wordpress\/plugins\/seo\/ -->\n<title>Andere Polnischkurse - Instytut Polski w Berlinie<\/title>\n<meta name=\"robots\" content=\"index, follow, max-snippet:-1, max-image-preview:large, max-video-preview:-1\" \/>\n<link rel=\"canonical\" href=\"https:\/\/instytutpolski.pl\/berlin\/polnische-sprache-2\/andere-offentliche-polnischkurse\/\" \/>\n<meta property=\"og:locale\" content=\"pl_PL\" \/>\n<meta property=\"og:type\" content=\"article\" \/>\n<meta property=\"og:title\" content=\"Andere Polnischkurse - Instytut Polski w Berlinie\" \/>\n<meta property=\"og:description\" content=\"SprachCaf\u00e9 Polnisch e.V.Polska Kafejka J\u0119zykowa z siedzib\u0105 w Berlinie &#8211; Pankow, Schulzestr. 1, oferuje nauk\u0119 j\u0119zyka niemieckiego dla ka\u017cdej grupy wiekowej: dla doros\u0142ych w ka\u017cdym wieku oraz dla dzieci, kt\u00f3re ucz\u0105 si\u0119 poprzez zabaw\u0119 i zaj\u0119cia sensorycznewww.sprachcafe-polnisch.org Sprachkurse an der Volkshochschule Mitte:VHS Berlin MitteInfotelefon: (030) 901 83 74 74Auskunft Fremdsprachen: (030) 901 83 74 21Fax: [&hellip;]\" \/>\n<meta property=\"og:url\" content=\"https:\/\/instytutpolski.pl\/berlin\/polnische-sprache-2\/andere-offentliche-polnischkurse\/\" \/>\n<meta property=\"og:site_name\" content=\"Instytut Polski w Berlinie\" \/>\n<meta property=\"article:modified_time\" content=\"2025-04-25T10:54:32+00:00\" \/>\n<meta name=\"twitter:card\" content=\"summary_large_image\" \/>\n<meta name=\"twitter:label1\" content=\"Szacowany czas czytania\" \/>\n\t<meta name=\"twitter:data1\" content=\"5 minut\" \/>\n<script type=\"application\/ld+json\" class=\"yoast-schema-graph\">{\"@context\":\"https:\/\/schema.org\",\"@graph\":[{\"@type\":\"WebPage\",\"@id\":\"https:\/\/instytutpolski.pl\/berlin\/polnische-sprache-2\/andere-offentliche-polnischkurse\/\",\"url\":\"https:\/\/instytutpolski.pl\/berlin\/polnische-sprache-2\/andere-offentliche-polnischkurse\/\",\"name\":\"Andere Polnischkurse - Instytut Polski w Berlinie\",\"isPartOf\":{\"@id\":\"https:\/\/instytutpolski.pl\/berlin\/#website\"},\"datePublished\":\"2019-06-27T06:28:44+00:00\",\"dateModified\":\"2025-04-25T10:54:32+00:00\",\"breadcrumb\":{\"@id\":\"https:\/\/instytutpolski.pl\/berlin\/polnische-sprache-2\/andere-offentliche-polnischkurse\/#breadcrumb\"},\"inLanguage\":\"pl-PL\",\"potentialAction\":[{\"@type\":\"ReadAction\",\"target\":[\"https:\/\/instytutpolski.pl\/berlin\/polnische-sprache-2\/andere-offentliche-polnischkurse\/\"]}]},{\"@type\":\"BreadcrumbList\",\"@id\":\"https:\/\/instytutpolski.pl\/berlin\/polnische-sprache-2\/andere-offentliche-polnischkurse\/#breadcrumb\",\"itemListElement\":[{\"@type\":\"ListItem\",\"position\":1,\"name\":\"Home\",\"item\":\"https:\/\/instytutpolski.pl\/berlin\/\"},{\"@type\":\"ListItem\",\"position\":2,\"name\":\"Polnische Sprache\",\"item\":\"https:\/\/instytutpolski.pl\/berlin\/polnische-sprache-2\/\"},{\"@type\":\"ListItem\",\"position\":3,\"name\":\"Andere Polnischkurse\"}]},{\"@type\":\"WebSite\",\"@id\":\"https:\/\/instytutpolski.pl\/berlin\/#website\",\"url\":\"https:\/\/instytutpolski.pl\/berlin\/\",\"name\":\"Instytut Polski w Berlinie\",\"description\":\"Instytuty Polskie\",\"potentialAction\":[{\"@type\":\"SearchAction\",\"target\":{\"@type\":\"EntryPoint\",\"urlTemplate\":\"https:\/\/instytutpolski.pl\/berlin\/?s={search_term_string}\"},\"query-input\":{\"@type\":\"PropertyValueSpecification\",\"valueRequired\":true,\"valueName\":\"search_term_string\"}}],\"inLanguage\":\"pl-PL\"}]}<\/script>\n<!-- \/ Yoast SEO plugin. -->","yoast_head_json":{"title":"Andere Polnischkurse - Instytut Polski w Berlinie","robots":{"index":"index","follow":"follow","max-snippet":"max-snippet:-1","max-image-preview":"max-image-preview:large","max-video-preview":"max-video-preview:-1"},"canonical":"https:\/\/instytutpolski.pl\/berlin\/polnische-sprache-2\/andere-offentliche-polnischkurse\/","og_locale":"pl_PL","og_type":"article","og_title":"Andere Polnischkurse - Instytut Polski w Berlinie","og_description":"SprachCaf\u00e9 Polnisch e.V.Polska Kafejka J\u0119zykowa z siedzib\u0105 w Berlinie &#8211; Pankow, Schulzestr. 1, oferuje nauk\u0119 j\u0119zyka niemieckiego dla ka\u017cdej grupy wiekowej: dla doros\u0142ych w ka\u017cdym wieku oraz dla dzieci, kt\u00f3re ucz\u0105 si\u0119 poprzez zabaw\u0119 i zaj\u0119cia sensorycznewww.sprachcafe-polnisch.org Sprachkurse an der Volkshochschule Mitte:VHS Berlin MitteInfotelefon: (030) 901 83 74 74Auskunft Fremdsprachen: (030) 901 83 74 21Fax: [&hellip;]","og_url":"https:\/\/instytutpolski.pl\/berlin\/polnische-sprache-2\/andere-offentliche-polnischkurse\/","og_site_name":"Instytut Polski w Berlinie","article_modified_time":"2025-04-25T10:54:32+00:00","twitter_card":"summary_large_image","twitter_misc":{"Szacowany czas czytania":"5 minut"},"schema":{"@context":"https:\/\/schema.org","@graph":[{"@type":"WebPage","@id":"https:\/\/instytutpolski.pl\/berlin\/polnische-sprache-2\/andere-offentliche-polnischkurse\/","url":"https:\/\/instytutpolski.pl\/berlin\/polnische-sprache-2\/andere-offentliche-polnischkurse\/","name":"Andere Polnischkurse - Instytut Polski w Berlinie","isPartOf":{"@id":"https:\/\/instytutpolski.pl\/berlin\/#website"},"datePublished":"2019-06-27T06:28:44+00:00","dateModified":"2025-04-25T10:54:32+00:00","breadcrumb":{"@id":"https:\/\/instytutpolski.pl\/berlin\/polnische-sprache-2\/andere-offentliche-polnischkurse\/#breadcrumb"},"inLanguage":"pl-PL","potentialAction":[{"@type":"ReadAction","target":["https:\/\/instytutpolski.pl\/berlin\/polnische-sprache-2\/andere-offentliche-polnischkurse\/"]}]},{"@type":"BreadcrumbList","@id":"https:\/\/instytutpolski.pl\/berlin\/polnische-sprache-2\/andere-offentliche-polnischkurse\/#breadcrumb","itemListElement":[{"@type":"ListItem","position":1,"name":"Home","item":"https:\/\/instytutpolski.pl\/berlin\/"},{"@type":"ListItem","position":2,"name":"Polnische Sprache","item":"https:\/\/instytutpolski.pl\/berlin\/polnische-sprache-2\/"},{"@type":"ListItem","position":3,"name":"Andere Polnischkurse"}]},{"@type":"WebSite","@id":"https:\/\/instytutpolski.pl\/berlin\/#website","url":"https:\/\/instytutpolski.pl\/berlin\/","name":"Instytut Polski w Berlinie","description":"Instytuty Polskie","potentialAction":[{"@type":"SearchAction","target":{"@type":"EntryPoint","urlTemplate":"https:\/\/instytutpolski.pl\/berlin\/?s={search_term_string}"},"query-input":{"@type":"PropertyValueSpecification","valueRequired":true,"valueName":"search_term_string"}}],"inLanguage":"pl-PL"}]}},"_links":{"self":[{"href":"https:\/\/instytutpolski.pl\/berlin\/wp-json\/wp\/v2\/pages\/475","targetHints":{"allow":["GET"]}}],"collection":[{"href":"https:\/\/instytutpolski.pl\/berlin\/wp-json\/wp\/v2\/pages"}],"about":[{"href":"https:\/\/instytutpolski.pl\/berlin\/wp-json\/wp\/v2\/types\/page"}],"author":[{"embeddable":true,"href":"https:\/\/instytutpolski.pl\/berlin\/wp-json\/wp\/v2\/users\/1"}],"replies":[{"embeddable":true,"href":"https:\/\/instytutpolski.pl\/berlin\/wp-json\/wp\/v2\/comments?post=475"}],"version-history":[{"count":10,"href":"https:\/\/instytutpolski.pl\/berlin\/wp-json\/wp\/v2\/pages\/475\/revisions"}],"predecessor-version":[{"id":9222,"href":"https:\/\/instytutpolski.pl\/berlin\/wp-json\/wp\/v2\/pages\/475\/revisions\/9222"}],"up":[{"embeddable":true,"href":"https:\/\/instytutpolski.pl\/berlin\/wp-json\/wp\/v2\/pages\/463"}],"wp:attachment":[{"href":"https:\/\/instytutpolski.pl\/berlin\/wp-json\/wp\/v2\/media?parent=475"}],"curies":[{"name":"wp","href":"https:\/\/api.w.org\/{rel}","templated":true}]}}