{"id":480,"date":"2019-06-27T08:29:32","date_gmt":"2019-06-27T06:29:32","guid":{"rendered":"https:\/\/instytutpolski.pl\/berlin\/?page_id=480"},"modified":"2020-05-28T09:24:31","modified_gmt":"2020-05-28T07:24:31","slug":"polnische-sprache-an-hochschulen","status":"publish","type":"page","link":"https:\/\/instytutpolski.pl\/berlin\/polnische-sprache-2\/polnische-sprache-an-hochschulen\/","title":{"rendered":"Polnische Sprache an Hochschulen"},"content":{"rendered":"\n<p><b>Studia polonistyczne \/ Polonistik-Studium<br \/><br \/>Humboldt-Universit\u00e4t zu Berlin<br \/><\/b>Institut f\u00fcr Slawistik<br \/>Sitz: Dorotheenstra\u00dfe 65<br \/>Unter den Linden 6, 10099 Berlin<br \/>Tel.: 0049 (0)30 2093 5158\/-5157<br \/>Fax: 0049 (0)30 2093 5197<br \/><a href=\"http:\/\/www.hu-berlin.de\/\" target=\"_blank\" rel=\"noopener noreferrer\">www.hu-berlin.de<\/a><br \/><br \/><b>Universit\u00e4t Potsdam<\/b><br \/>Institut f\u00fcr Slavistik<br \/>Am Neuen Palais 10, Haus 01<br \/>D-14469 Potsdam<br \/>Tel.: 0049 331 977 4177<br \/>Fax: 0049 331 977 4168<br \/>E-Mail:\u00a0<a href=\"mailto:slavistik-info@rz.uni-potsdam.de\">slavistik-info@rz.uni-potsdam.de<\/a><br \/><a href=\"http:\/\/www.rz.uni-potsdam.de\/\" target=\"_blank\" rel=\"noopener noreferrer\">www.rz.uni-potsdam.de<\/a><br \/><br \/><b>Ernst Moritz Arndt Universit\u00e4t Greifswald<\/b><br \/>Philosophische Fakult\u00e4t<br \/>Instit\u00fct f\u00fcr fremdsprachliche Philologien<br \/>Slawistik<br \/>Domstra\u00dfe 9\/10<br \/>17487 Greifswald<br \/>Tel.: 0049 (0)3834 86 3221<br \/>Fax:+49 (0)3834 86 3227<br \/><a href=\"http:\/\/www.phil.uni-greifswald.de\/Institut_fuer_Slawistik.inst_slaw.0.html\" target=\"_blank\" rel=\"noopener noreferrer\">www.phil.uni-greifswald.de\/Institut_fuer_Slawistik.inst_slaw.0.html<\/a><br \/><br \/><b>Collegium Polonicum in S\u0142ubice<\/b><br \/>Polnische Philologie f\u00fcr Ausl\u00e4nder<br \/>Adam-Mickiewicz-Universit\u00e4t<br \/>Collegium Polonicum<br \/>ul. Ko\u015bciuszki 1<br \/>Pl 69-100 S\u0142ubice<br \/>Tel.: 0048 95 7592 400<br \/>Fax: 0048 95 7592 455<br \/><a href=\"http:\/\/www.cp.edu.pl\/de\/index.html\" target=\"_blank\" rel=\"noopener noreferrer\">www.cp.edu.pl<\/a><\/p>\n","protected":false},"excerpt":{"rendered":"<p>Studia polonistyczne \/ Polonistik-Studium Humboldt-Universit\u00e4t zu BerlinInstitut f\u00fcr SlawistikSitz: Dorotheenstra\u00dfe 65Unter den Linden 6, 10099 BerlinTel.: 0049 (0)30 2093 5158\/-5157Fax: 0049 (0)30 2093 5197www.hu-berlin.de Universit\u00e4t PotsdamInstitut f\u00fcr SlavistikAm Neuen Palais 10, Haus 01D-14469 PotsdamTel.: 0049 331 977 4177Fax: 0049 331 977 4168E-Mail:\u00a0slavistik-info@rz.uni-potsdam.dewww.rz.uni-potsdam.de Ernst Moritz Arndt Universit\u00e4t GreifswaldPhilosophische Fakult\u00e4tInstit\u00fct f\u00fcr fremdsprachliche PhilologienSlawistikDomstra\u00dfe 9\/1017487 GreifswaldTel.: 0049 (0)3834 [&hellip;]<\/p>\n","protected":false},"author":1,"featured_media":481,"parent":463,"menu_order":0,"comment_status":"closed","ping_status":"closed","template":"","meta":{"inline_featured_image":false,"_monsterinsights_skip_tracking":false,"_monsterinsights_sitenote_active":false,"_monsterinsights_sitenote_note":"","_monsterinsights_sitenote_category":0,"footnotes":""},"class_list":["post-480","page","type-page","status-publish","has-post-thumbnail","hentry"],"yoast_head":"<!-- This site is optimized with the Yoast SEO plugin v24.6 - https:\/\/yoast.com\/wordpress\/plugins\/seo\/ -->\n<title>Polnische Sprache an Hochschulen - Instytut Polski w Berlinie<\/title>\n<meta name=\"robots\" content=\"index, follow, max-snippet:-1, max-image-preview:large, max-video-preview:-1\" \/>\n<link rel=\"canonical\" href=\"https:\/\/instytutpolski.pl\/berlin\/polnische-sprache-2\/polnische-sprache-an-hochschulen\/\" \/>\n<meta property=\"og:locale\" content=\"pl_PL\" \/>\n<meta property=\"og:type\" content=\"article\" \/>\n<meta property=\"og:title\" content=\"Polnische Sprache an Hochschulen - Instytut Polski w Berlinie\" \/>\n<meta property=\"og:description\" content=\"Studia polonistyczne \/ Polonistik-Studium Humboldt-Universit\u00e4t zu BerlinInstitut f\u00fcr SlawistikSitz: Dorotheenstra\u00dfe 65Unter den Linden 6, 10099 BerlinTel.: 0049 (0)30 2093 5158\/-5157Fax: 0049 (0)30 2093 5197www.hu-berlin.de Universit\u00e4t PotsdamInstitut f\u00fcr SlavistikAm Neuen Palais 10, Haus 01D-14469 PotsdamTel.: 0049 331 977 4177Fax: 0049 331 977 4168E-Mail:\u00a0slavistik-info@rz.uni-potsdam.dewww.rz.uni-potsdam.de Ernst Moritz Arndt Universit\u00e4t GreifswaldPhilosophische Fakult\u00e4tInstit\u00fct f\u00fcr fremdsprachliche PhilologienSlawistikDomstra\u00dfe 9\/1017487 GreifswaldTel.: 0049 (0)3834 [&hellip;]\" \/>\n<meta property=\"og:url\" content=\"https:\/\/instytutpolski.pl\/berlin\/polnische-sprache-2\/polnische-sprache-an-hochschulen\/\" \/>\n<meta property=\"og:site_name\" content=\"Instytut Polski w Berlinie\" \/>\n<meta property=\"article:modified_time\" content=\"2020-05-28T07:24:31+00:00\" \/>\n<meta property=\"og:image\" content=\"https:\/\/instytutpolski.pl\/berlin\/wp-content\/uploads\/sites\/3\/2019\/06\/lektoraty-jezyka-polskiego.jpg\" \/>\n\t<meta property=\"og:image:width\" content=\"1920\" \/>\n\t<meta property=\"og:image:height\" content=\"700\" \/>\n\t<meta property=\"og:image:type\" content=\"image\/jpeg\" \/>\n<meta name=\"twitter:card\" content=\"summary_large_image\" \/>\n<script type=\"application\/ld+json\" class=\"yoast-schema-graph\">{\"@context\":\"https:\/\/schema.org\",\"@graph\":[{\"@type\":\"WebPage\",\"@id\":\"https:\/\/instytutpolski.pl\/berlin\/polnische-sprache-2\/polnische-sprache-an-hochschulen\/\",\"url\":\"https:\/\/instytutpolski.pl\/berlin\/polnische-sprache-2\/polnische-sprache-an-hochschulen\/\",\"name\":\"Polnische Sprache an Hochschulen - Instytut Polski w Berlinie\",\"isPartOf\":{\"@id\":\"https:\/\/instytutpolski.pl\/berlin\/#website\"},\"primaryImageOfPage\":{\"@id\":\"https:\/\/instytutpolski.pl\/berlin\/polnische-sprache-2\/polnische-sprache-an-hochschulen\/#primaryimage\"},\"image\":{\"@id\":\"https:\/\/instytutpolski.pl\/berlin\/polnische-sprache-2\/polnische-sprache-an-hochschulen\/#primaryimage\"},\"thumbnailUrl\":\"https:\/\/instytutpolski.pl\/berlin\/wp-content\/uploads\/sites\/3\/2019\/06\/lektoraty-jezyka-polskiego.jpg\",\"datePublished\":\"2019-06-27T06:29:32+00:00\",\"dateModified\":\"2020-05-28T07:24:31+00:00\",\"breadcrumb\":{\"@id\":\"https:\/\/instytutpolski.pl\/berlin\/polnische-sprache-2\/polnische-sprache-an-hochschulen\/#breadcrumb\"},\"inLanguage\":\"pl-PL\",\"potentialAction\":[{\"@type\":\"ReadAction\",\"target\":[\"https:\/\/instytutpolski.pl\/berlin\/polnische-sprache-2\/polnische-sprache-an-hochschulen\/\"]}]},{\"@type\":\"ImageObject\",\"inLanguage\":\"pl-PL\",\"@id\":\"https:\/\/instytutpolski.pl\/berlin\/polnische-sprache-2\/polnische-sprache-an-hochschulen\/#primaryimage\",\"url\":\"https:\/\/instytutpolski.pl\/berlin\/wp-content\/uploads\/sites\/3\/2019\/06\/lektoraty-jezyka-polskiego.jpg\",\"contentUrl\":\"https:\/\/instytutpolski.pl\/berlin\/wp-content\/uploads\/sites\/3\/2019\/06\/lektoraty-jezyka-polskiego.jpg\",\"width\":1920,\"height\":700},{\"@type\":\"BreadcrumbList\",\"@id\":\"https:\/\/instytutpolski.pl\/berlin\/polnische-sprache-2\/polnische-sprache-an-hochschulen\/#breadcrumb\",\"itemListElement\":[{\"@type\":\"ListItem\",\"position\":1,\"name\":\"Home\",\"item\":\"https:\/\/instytutpolski.pl\/berlin\/\"},{\"@type\":\"ListItem\",\"position\":2,\"name\":\"Polnische Sprache\",\"item\":\"https:\/\/instytutpolski.pl\/berlin\/polnische-sprache-2\/\"},{\"@type\":\"ListItem\",\"position\":3,\"name\":\"Polnische Sprache an Hochschulen\"}]},{\"@type\":\"WebSite\",\"@id\":\"https:\/\/instytutpolski.pl\/berlin\/#website\",\"url\":\"https:\/\/instytutpolski.pl\/berlin\/\",\"name\":\"Instytut Polski w Berlinie\",\"description\":\"Instytuty Polskie\",\"potentialAction\":[{\"@type\":\"SearchAction\",\"target\":{\"@type\":\"EntryPoint\",\"urlTemplate\":\"https:\/\/instytutpolski.pl\/berlin\/?s={search_term_string}\"},\"query-input\":{\"@type\":\"PropertyValueSpecification\",\"valueRequired\":true,\"valueName\":\"search_term_string\"}}],\"inLanguage\":\"pl-PL\"}]}<\/script>\n<!-- \/ Yoast SEO plugin. -->","yoast_head_json":{"title":"Polnische Sprache an Hochschulen - Instytut Polski w Berlinie","robots":{"index":"index","follow":"follow","max-snippet":"max-snippet:-1","max-image-preview":"max-image-preview:large","max-video-preview":"max-video-preview:-1"},"canonical":"https:\/\/instytutpolski.pl\/berlin\/polnische-sprache-2\/polnische-sprache-an-hochschulen\/","og_locale":"pl_PL","og_type":"article","og_title":"Polnische Sprache an Hochschulen - Instytut Polski w Berlinie","og_description":"Studia polonistyczne \/ Polonistik-Studium Humboldt-Universit\u00e4t zu BerlinInstitut f\u00fcr SlawistikSitz: Dorotheenstra\u00dfe 65Unter den Linden 6, 10099 BerlinTel.: 0049 (0)30 2093 5158\/-5157Fax: 0049 (0)30 2093 5197www.hu-berlin.de Universit\u00e4t PotsdamInstitut f\u00fcr SlavistikAm Neuen Palais 10, Haus 01D-14469 PotsdamTel.: 0049 331 977 4177Fax: 0049 331 977 4168E-Mail:\u00a0slavistik-info@rz.uni-potsdam.dewww.rz.uni-potsdam.de Ernst Moritz Arndt Universit\u00e4t GreifswaldPhilosophische Fakult\u00e4tInstit\u00fct f\u00fcr fremdsprachliche PhilologienSlawistikDomstra\u00dfe 9\/1017487 GreifswaldTel.: 0049 (0)3834 [&hellip;]","og_url":"https:\/\/instytutpolski.pl\/berlin\/polnische-sprache-2\/polnische-sprache-an-hochschulen\/","og_site_name":"Instytut Polski w Berlinie","article_modified_time":"2020-05-28T07:24:31+00:00","og_image":[{"width":1920,"height":700,"url":"https:\/\/instytutpolski.pl\/berlin\/wp-content\/uploads\/sites\/3\/2019\/06\/lektoraty-jezyka-polskiego.jpg","type":"image\/jpeg"}],"twitter_card":"summary_large_image","schema":{"@context":"https:\/\/schema.org","@graph":[{"@type":"WebPage","@id":"https:\/\/instytutpolski.pl\/berlin\/polnische-sprache-2\/polnische-sprache-an-hochschulen\/","url":"https:\/\/instytutpolski.pl\/berlin\/polnische-sprache-2\/polnische-sprache-an-hochschulen\/","name":"Polnische Sprache an Hochschulen - Instytut Polski w Berlinie","isPartOf":{"@id":"https:\/\/instytutpolski.pl\/berlin\/#website"},"primaryImageOfPage":{"@id":"https:\/\/instytutpolski.pl\/berlin\/polnische-sprache-2\/polnische-sprache-an-hochschulen\/#primaryimage"},"image":{"@id":"https:\/\/instytutpolski.pl\/berlin\/polnische-sprache-2\/polnische-sprache-an-hochschulen\/#primaryimage"},"thumbnailUrl":"https:\/\/instytutpolski.pl\/berlin\/wp-content\/uploads\/sites\/3\/2019\/06\/lektoraty-jezyka-polskiego.jpg","datePublished":"2019-06-27T06:29:32+00:00","dateModified":"2020-05-28T07:24:31+00:00","breadcrumb":{"@id":"https:\/\/instytutpolski.pl\/berlin\/polnische-sprache-2\/polnische-sprache-an-hochschulen\/#breadcrumb"},"inLanguage":"pl-PL","potentialAction":[{"@type":"ReadAction","target":["https:\/\/instytutpolski.pl\/berlin\/polnische-sprache-2\/polnische-sprache-an-hochschulen\/"]}]},{"@type":"ImageObject","inLanguage":"pl-PL","@id":"https:\/\/instytutpolski.pl\/berlin\/polnische-sprache-2\/polnische-sprache-an-hochschulen\/#primaryimage","url":"https:\/\/instytutpolski.pl\/berlin\/wp-content\/uploads\/sites\/3\/2019\/06\/lektoraty-jezyka-polskiego.jpg","contentUrl":"https:\/\/instytutpolski.pl\/berlin\/wp-content\/uploads\/sites\/3\/2019\/06\/lektoraty-jezyka-polskiego.jpg","width":1920,"height":700},{"@type":"BreadcrumbList","@id":"https:\/\/instytutpolski.pl\/berlin\/polnische-sprache-2\/polnische-sprache-an-hochschulen\/#breadcrumb","itemListElement":[{"@type":"ListItem","position":1,"name":"Home","item":"https:\/\/instytutpolski.pl\/berlin\/"},{"@type":"ListItem","position":2,"name":"Polnische Sprache","item":"https:\/\/instytutpolski.pl\/berlin\/polnische-sprache-2\/"},{"@type":"ListItem","position":3,"name":"Polnische Sprache an Hochschulen"}]},{"@type":"WebSite","@id":"https:\/\/instytutpolski.pl\/berlin\/#website","url":"https:\/\/instytutpolski.pl\/berlin\/","name":"Instytut Polski w Berlinie","description":"Instytuty Polskie","potentialAction":[{"@type":"SearchAction","target":{"@type":"EntryPoint","urlTemplate":"https:\/\/instytutpolski.pl\/berlin\/?s={search_term_string}"},"query-input":{"@type":"PropertyValueSpecification","valueRequired":true,"valueName":"search_term_string"}}],"inLanguage":"pl-PL"}]}},"_links":{"self":[{"href":"https:\/\/instytutpolski.pl\/berlin\/wp-json\/wp\/v2\/pages\/480","targetHints":{"allow":["GET"]}}],"collection":[{"href":"https:\/\/instytutpolski.pl\/berlin\/wp-json\/wp\/v2\/pages"}],"about":[{"href":"https:\/\/instytutpolski.pl\/berlin\/wp-json\/wp\/v2\/types\/page"}],"author":[{"embeddable":true,"href":"https:\/\/instytutpolski.pl\/berlin\/wp-json\/wp\/v2\/users\/1"}],"replies":[{"embeddable":true,"href":"https:\/\/instytutpolski.pl\/berlin\/wp-json\/wp\/v2\/comments?post=480"}],"version-history":[{"count":3,"href":"https:\/\/instytutpolski.pl\/berlin\/wp-json\/wp\/v2\/pages\/480\/revisions"}],"predecessor-version":[{"id":776,"href":"https:\/\/instytutpolski.pl\/berlin\/wp-json\/wp\/v2\/pages\/480\/revisions\/776"}],"up":[{"embeddable":true,"href":"https:\/\/instytutpolski.pl\/berlin\/wp-json\/wp\/v2\/pages\/463"}],"wp:featuredmedia":[{"embeddable":true,"href":"https:\/\/instytutpolski.pl\/berlin\/wp-json\/wp\/v2\/media\/481"}],"wp:attachment":[{"href":"https:\/\/instytutpolski.pl\/berlin\/wp-json\/wp\/v2\/media?parent=480"}],"curies":[{"name":"wp","href":"https:\/\/api.w.org\/{rel}","templated":true}]}}