{"id":487,"date":"2019-06-27T08:34:02","date_gmt":"2019-06-27T06:34:02","guid":{"rendered":"https:\/\/instytutpolski.pl\/berlin\/?page_id=487"},"modified":"2021-03-31T11:48:12","modified_gmt":"2021-03-31T09:48:12","slug":"polenstudien","status":"publish","type":"page","link":"https:\/\/instytutpolski.pl\/berlin\/polnische-sprache-2\/polenstudien\/","title":{"rendered":"Polenstudien"},"content":{"rendered":"\n<h3>Polnische Kultur, Geschichte, Wirtschaft und Politik<\/h3>\n<div><strong><br \/>Universit\u00e4t Potsdam<\/strong><\/div>\n<div>\u00a0<\/div>\n<div>Polonistik (Zwei-Fach-Bachelor) &gt;&gt; <a href=\"https:\/\/www.uni-potsdam.de\/de\/slavistik\/studium\/bachelorstudiengaenge\/polonistik-zwei-fach-bachelor\">Info<\/a><br \/>Polnisch (Bachelor Lehramt) &gt;&gt; <a href=\"https:\/\/www.uni-potsdam.de\/de\/slavistik\/studium\/bachelorstudiengaenge\/polnisch-bachelor-lehramt\">Info<\/a><br \/>Bachelor Angewandte Kultur- und Translationsstudien (deutsch-polnisch) &gt;&gt; <a href=\"https:\/\/www.uni-potsdam.de\/de\/slavistik\/studium\/bachelorstudiengaenge\/bachelor-angewandte-kultur-und-translationsstudien\">Info<\/a><br \/>Osteurop\u00e4ische Kulturstudien (Master) &gt;&gt; <a href=\"https:\/\/www.uni-potsdam.de\/de\/studium\/studienangebot\/masterstudium\/master-a-z\/osteuropaeische-kulturstudien-master\">Info<\/a><\/div>\n<div><br \/>Universit\u00e4t Potsdam<br \/>Institut f\u00fcr Slavistik<br \/>Am Neuen Palais 10<br \/>Haus 01<br \/>D-14469 Potsdam<br \/>Tel.: +49-331-977-4150<br \/>Fax: +49-331-977-4155<br \/>E-Mail: <a href=\"mailto:slavistik-info@uni-potsdam.de\">slavistik-info@uni-potsdam.de<\/a><br \/><a href=\"https:\/\/www.uni-potsdam.de\/de\/slavistik\/\">www.uni-potsdam.de\/de\/slavistik<\/a><\/div>\n<div>\u00a0<\/div>\n<div><b>Aleksander-Br\u00fcckner-Zentrum f\u00fcr Polenstudien<\/b><\/div>\n<div>\u00a0<\/div>\n<div><u>Standort Halle:<\/u><\/div>\n<div>Martin-Luther-Universit\u00e4t Halle<\/div>\n<div>\n<div>Emil-Abderhalden-Str. 26-27<\/div>\n<\/div>\n<div>\n<div>Raum 1.61.0<\/div>\n<div>06108 Halle (Saale)<\/div>\n<\/div>\n<div>Tel.: +49 (0)345\/55-24309 &amp; -24281<\/div>\n<div>Tel.: +49 (0)345\/55-24278<\/div>\n<div>\u00a0<\/div>\n<div><u>Standort Jena:<\/u><\/div>\n<div>Friedrich-Schiller-Universit\u00e4t Jena<\/div>\n<div>Leutragraben 1<\/div>\n<div>07743 Jena\u00a0<\/div>\n<div>Tel.: +49 (0) 3641\/944-875<\/div>\n<div>Tel.: +49 (0) 3641\/944-704<\/div>\n<div><a href=\"http:\/\/www.aleksander-brueckner-zentrum.org\/\">www.aleksander-brueckner-zentrum.org<\/a><\/div>\n<p><br \/><b>Friedrich-Schiller-Universit\u00e4t Jena<\/b><\/p>\n<div>Lehrstuhl f\u00fcr Osteurop\u00e4ische Geschichte<\/div>\n<div>Historisches Institut<\/div>\n<div>F\u00fcrstengraben 13<\/div>\n<div>07743 Jena<\/div>\n<div>Tel.: 0049 (0)3641\/944-460<\/div>\n<div>Fax: 0049 (0)3641\/944-462<br \/><a href=\"http:\/\/powi.uni-jena.de\/\">http:\/\/powi.uni-jena.de<\/a><br \/><a href=\"http:\/\/www2.uni-jena.de\/philosophie\/histinst\/osteuropa\">www2.uni-jena.de\/philosophie\/histinst\/osteuropa<\/a><br \/><br \/><b>Otto-von-Guericke-Universit\u00e4t Magdeburg<\/b><br \/><br \/>European Studies<br \/>Geb\u00e4ude 40, Raum 238<br \/>Tel.: 0049 (0)391\/67-16942<br \/>E-Mail:\u00a0<a href=\"mailto:european-studies@uni-magdeburg.de\">european-studies@uni-magdeburg.de<\/a><br \/><a href=\"http:\/\/www.eurostud.ovgu.de\/home.html\">www.eurostud.ovgu.de\/home.html<\/a><br \/><br \/><b>Technische Universit\u00e4t Chemnitz<\/b><\/div>\n<div>Institut f\u00fcr Europ\u00e4ische Studien<\/div>\n<div>Th\u00fcringer Weg 9<\/div>\n<div>09107 Chemnitz<\/div>\n<div>Tel.: 0049 (0)371\/531-38534<br \/><a href=\"http:\/\/www.tu-chemnitz.de\/phil\/europastudien\">www.tu-chemnitz.de\/phil\/europastudien<\/a><\/div>\n","protected":false},"excerpt":{"rendered":"<p>Polnische Kultur, Geschichte, Wirtschaft und Politik Universit\u00e4t Potsdam \u00a0 Polonistik (Zwei-Fach-Bachelor) &gt;&gt; InfoPolnisch (Bachelor Lehramt) &gt;&gt; InfoBachelor Angewandte Kultur- und Translationsstudien (deutsch-polnisch) &gt;&gt; InfoOsteurop\u00e4ische Kulturstudien (Master) &gt;&gt; Info Universit\u00e4t PotsdamInstitut f\u00fcr SlavistikAm Neuen Palais 10Haus 01D-14469 PotsdamTel.: +49-331-977-4150Fax: +49-331-977-4155E-Mail: slavistik-info@uni-potsdam.dewww.uni-potsdam.de\/de\/slavistik \u00a0 Aleksander-Br\u00fcckner-Zentrum f\u00fcr Polenstudien \u00a0 Standort Halle: Martin-Luther-Universit\u00e4t Halle Emil-Abderhalden-Str. 26-27 Raum 1.61.0 06108 Halle [&hellip;]<\/p>\n","protected":false},"author":1,"featured_media":488,"parent":463,"menu_order":0,"comment_status":"closed","ping_status":"closed","template":"","meta":{"inline_featured_image":false,"_monsterinsights_skip_tracking":false,"_monsterinsights_sitenote_active":false,"_monsterinsights_sitenote_note":"","_monsterinsights_sitenote_category":0,"footnotes":""},"class_list":["post-487","page","type-page","status-publish","has-post-thumbnail","hentry"],"yoast_head":"<!-- This site is optimized with the Yoast SEO plugin v24.6 - https:\/\/yoast.com\/wordpress\/plugins\/seo\/ -->\n<title>Polenstudien - Instytut Polski w Berlinie<\/title>\n<meta name=\"robots\" content=\"index, follow, max-snippet:-1, max-image-preview:large, max-video-preview:-1\" \/>\n<link rel=\"canonical\" href=\"https:\/\/instytutpolski.pl\/berlin\/polnische-sprache-2\/polenstudien\/\" \/>\n<meta property=\"og:locale\" content=\"pl_PL\" \/>\n<meta property=\"og:type\" content=\"article\" \/>\n<meta property=\"og:title\" content=\"Polenstudien - Instytut Polski w Berlinie\" \/>\n<meta property=\"og:description\" content=\"Polnische Kultur, Geschichte, Wirtschaft und Politik Universit\u00e4t Potsdam \u00a0 Polonistik (Zwei-Fach-Bachelor) &gt;&gt; InfoPolnisch (Bachelor Lehramt) &gt;&gt; InfoBachelor Angewandte Kultur- und Translationsstudien (deutsch-polnisch) &gt;&gt; InfoOsteurop\u00e4ische Kulturstudien (Master) &gt;&gt; Info Universit\u00e4t PotsdamInstitut f\u00fcr SlavistikAm Neuen Palais 10Haus 01D-14469 PotsdamTel.: +49-331-977-4150Fax: +49-331-977-4155E-Mail: slavistik-info@uni-potsdam.dewww.uni-potsdam.de\/de\/slavistik \u00a0 Aleksander-Br\u00fcckner-Zentrum f\u00fcr Polenstudien \u00a0 Standort Halle: Martin-Luther-Universit\u00e4t Halle Emil-Abderhalden-Str. 26-27 Raum 1.61.0 06108 Halle [&hellip;]\" \/>\n<meta property=\"og:url\" content=\"https:\/\/instytutpolski.pl\/berlin\/polnische-sprache-2\/polenstudien\/\" \/>\n<meta property=\"og:site_name\" content=\"Instytut Polski w Berlinie\" \/>\n<meta property=\"article:modified_time\" content=\"2021-03-31T09:48:12+00:00\" \/>\n<meta property=\"og:image\" content=\"https:\/\/instytutpolski.pl\/berlin\/wp-content\/uploads\/sites\/3\/2019\/06\/studia-polonoznawcze.jpg\" \/>\n\t<meta property=\"og:image:width\" content=\"1920\" \/>\n\t<meta property=\"og:image:height\" content=\"700\" \/>\n\t<meta property=\"og:image:type\" content=\"image\/jpeg\" \/>\n<meta name=\"twitter:card\" content=\"summary_large_image\" \/>\n<meta name=\"twitter:label1\" content=\"Szacowany czas czytania\" \/>\n\t<meta name=\"twitter:data1\" content=\"1 minuta\" \/>\n<script type=\"application\/ld+json\" class=\"yoast-schema-graph\">{\"@context\":\"https:\/\/schema.org\",\"@graph\":[{\"@type\":\"WebPage\",\"@id\":\"https:\/\/instytutpolski.pl\/berlin\/polnische-sprache-2\/polenstudien\/\",\"url\":\"https:\/\/instytutpolski.pl\/berlin\/polnische-sprache-2\/polenstudien\/\",\"name\":\"Polenstudien - Instytut Polski w Berlinie\",\"isPartOf\":{\"@id\":\"https:\/\/instytutpolski.pl\/berlin\/#website\"},\"primaryImageOfPage\":{\"@id\":\"https:\/\/instytutpolski.pl\/berlin\/polnische-sprache-2\/polenstudien\/#primaryimage\"},\"image\":{\"@id\":\"https:\/\/instytutpolski.pl\/berlin\/polnische-sprache-2\/polenstudien\/#primaryimage\"},\"thumbnailUrl\":\"https:\/\/instytutpolski.pl\/berlin\/wp-content\/uploads\/sites\/3\/2019\/06\/studia-polonoznawcze.jpg\",\"datePublished\":\"2019-06-27T06:34:02+00:00\",\"dateModified\":\"2021-03-31T09:48:12+00:00\",\"breadcrumb\":{\"@id\":\"https:\/\/instytutpolski.pl\/berlin\/polnische-sprache-2\/polenstudien\/#breadcrumb\"},\"inLanguage\":\"pl-PL\",\"potentialAction\":[{\"@type\":\"ReadAction\",\"target\":[\"https:\/\/instytutpolski.pl\/berlin\/polnische-sprache-2\/polenstudien\/\"]}]},{\"@type\":\"ImageObject\",\"inLanguage\":\"pl-PL\",\"@id\":\"https:\/\/instytutpolski.pl\/berlin\/polnische-sprache-2\/polenstudien\/#primaryimage\",\"url\":\"https:\/\/instytutpolski.pl\/berlin\/wp-content\/uploads\/sites\/3\/2019\/06\/studia-polonoznawcze.jpg\",\"contentUrl\":\"https:\/\/instytutpolski.pl\/berlin\/wp-content\/uploads\/sites\/3\/2019\/06\/studia-polonoznawcze.jpg\",\"width\":1920,\"height\":700},{\"@type\":\"BreadcrumbList\",\"@id\":\"https:\/\/instytutpolski.pl\/berlin\/polnische-sprache-2\/polenstudien\/#breadcrumb\",\"itemListElement\":[{\"@type\":\"ListItem\",\"position\":1,\"name\":\"Home\",\"item\":\"https:\/\/instytutpolski.pl\/berlin\/\"},{\"@type\":\"ListItem\",\"position\":2,\"name\":\"Polnische Sprache\",\"item\":\"https:\/\/instytutpolski.pl\/berlin\/polnische-sprache-2\/\"},{\"@type\":\"ListItem\",\"position\":3,\"name\":\"Polenstudien\"}]},{\"@type\":\"WebSite\",\"@id\":\"https:\/\/instytutpolski.pl\/berlin\/#website\",\"url\":\"https:\/\/instytutpolski.pl\/berlin\/\",\"name\":\"Instytut Polski w Berlinie\",\"description\":\"Instytuty Polskie\",\"potentialAction\":[{\"@type\":\"SearchAction\",\"target\":{\"@type\":\"EntryPoint\",\"urlTemplate\":\"https:\/\/instytutpolski.pl\/berlin\/?s={search_term_string}\"},\"query-input\":{\"@type\":\"PropertyValueSpecification\",\"valueRequired\":true,\"valueName\":\"search_term_string\"}}],\"inLanguage\":\"pl-PL\"}]}<\/script>\n<!-- \/ Yoast SEO plugin. -->","yoast_head_json":{"title":"Polenstudien - Instytut Polski w Berlinie","robots":{"index":"index","follow":"follow","max-snippet":"max-snippet:-1","max-image-preview":"max-image-preview:large","max-video-preview":"max-video-preview:-1"},"canonical":"https:\/\/instytutpolski.pl\/berlin\/polnische-sprache-2\/polenstudien\/","og_locale":"pl_PL","og_type":"article","og_title":"Polenstudien - Instytut Polski w Berlinie","og_description":"Polnische Kultur, Geschichte, Wirtschaft und Politik Universit\u00e4t Potsdam \u00a0 Polonistik (Zwei-Fach-Bachelor) &gt;&gt; InfoPolnisch (Bachelor Lehramt) &gt;&gt; InfoBachelor Angewandte Kultur- und Translationsstudien (deutsch-polnisch) &gt;&gt; InfoOsteurop\u00e4ische Kulturstudien (Master) &gt;&gt; Info Universit\u00e4t PotsdamInstitut f\u00fcr SlavistikAm Neuen Palais 10Haus 01D-14469 PotsdamTel.: +49-331-977-4150Fax: +49-331-977-4155E-Mail: slavistik-info@uni-potsdam.dewww.uni-potsdam.de\/de\/slavistik \u00a0 Aleksander-Br\u00fcckner-Zentrum f\u00fcr Polenstudien \u00a0 Standort Halle: Martin-Luther-Universit\u00e4t Halle Emil-Abderhalden-Str. 26-27 Raum 1.61.0 06108 Halle [&hellip;]","og_url":"https:\/\/instytutpolski.pl\/berlin\/polnische-sprache-2\/polenstudien\/","og_site_name":"Instytut Polski w Berlinie","article_modified_time":"2021-03-31T09:48:12+00:00","og_image":[{"width":1920,"height":700,"url":"https:\/\/instytutpolski.pl\/berlin\/wp-content\/uploads\/sites\/3\/2019\/06\/studia-polonoznawcze.jpg","type":"image\/jpeg"}],"twitter_card":"summary_large_image","twitter_misc":{"Szacowany czas czytania":"1 minuta"},"schema":{"@context":"https:\/\/schema.org","@graph":[{"@type":"WebPage","@id":"https:\/\/instytutpolski.pl\/berlin\/polnische-sprache-2\/polenstudien\/","url":"https:\/\/instytutpolski.pl\/berlin\/polnische-sprache-2\/polenstudien\/","name":"Polenstudien - Instytut Polski w Berlinie","isPartOf":{"@id":"https:\/\/instytutpolski.pl\/berlin\/#website"},"primaryImageOfPage":{"@id":"https:\/\/instytutpolski.pl\/berlin\/polnische-sprache-2\/polenstudien\/#primaryimage"},"image":{"@id":"https:\/\/instytutpolski.pl\/berlin\/polnische-sprache-2\/polenstudien\/#primaryimage"},"thumbnailUrl":"https:\/\/instytutpolski.pl\/berlin\/wp-content\/uploads\/sites\/3\/2019\/06\/studia-polonoznawcze.jpg","datePublished":"2019-06-27T06:34:02+00:00","dateModified":"2021-03-31T09:48:12+00:00","breadcrumb":{"@id":"https:\/\/instytutpolski.pl\/berlin\/polnische-sprache-2\/polenstudien\/#breadcrumb"},"inLanguage":"pl-PL","potentialAction":[{"@type":"ReadAction","target":["https:\/\/instytutpolski.pl\/berlin\/polnische-sprache-2\/polenstudien\/"]}]},{"@type":"ImageObject","inLanguage":"pl-PL","@id":"https:\/\/instytutpolski.pl\/berlin\/polnische-sprache-2\/polenstudien\/#primaryimage","url":"https:\/\/instytutpolski.pl\/berlin\/wp-content\/uploads\/sites\/3\/2019\/06\/studia-polonoznawcze.jpg","contentUrl":"https:\/\/instytutpolski.pl\/berlin\/wp-content\/uploads\/sites\/3\/2019\/06\/studia-polonoznawcze.jpg","width":1920,"height":700},{"@type":"BreadcrumbList","@id":"https:\/\/instytutpolski.pl\/berlin\/polnische-sprache-2\/polenstudien\/#breadcrumb","itemListElement":[{"@type":"ListItem","position":1,"name":"Home","item":"https:\/\/instytutpolski.pl\/berlin\/"},{"@type":"ListItem","position":2,"name":"Polnische Sprache","item":"https:\/\/instytutpolski.pl\/berlin\/polnische-sprache-2\/"},{"@type":"ListItem","position":3,"name":"Polenstudien"}]},{"@type":"WebSite","@id":"https:\/\/instytutpolski.pl\/berlin\/#website","url":"https:\/\/instytutpolski.pl\/berlin\/","name":"Instytut Polski w Berlinie","description":"Instytuty Polskie","potentialAction":[{"@type":"SearchAction","target":{"@type":"EntryPoint","urlTemplate":"https:\/\/instytutpolski.pl\/berlin\/?s={search_term_string}"},"query-input":{"@type":"PropertyValueSpecification","valueRequired":true,"valueName":"search_term_string"}}],"inLanguage":"pl-PL"}]}},"_links":{"self":[{"href":"https:\/\/instytutpolski.pl\/berlin\/wp-json\/wp\/v2\/pages\/487","targetHints":{"allow":["GET"]}}],"collection":[{"href":"https:\/\/instytutpolski.pl\/berlin\/wp-json\/wp\/v2\/pages"}],"about":[{"href":"https:\/\/instytutpolski.pl\/berlin\/wp-json\/wp\/v2\/types\/page"}],"author":[{"embeddable":true,"href":"https:\/\/instytutpolski.pl\/berlin\/wp-json\/wp\/v2\/users\/1"}],"replies":[{"embeddable":true,"href":"https:\/\/instytutpolski.pl\/berlin\/wp-json\/wp\/v2\/comments?post=487"}],"version-history":[{"count":8,"href":"https:\/\/instytutpolski.pl\/berlin\/wp-json\/wp\/v2\/pages\/487\/revisions"}],"predecessor-version":[{"id":2197,"href":"https:\/\/instytutpolski.pl\/berlin\/wp-json\/wp\/v2\/pages\/487\/revisions\/2197"}],"up":[{"embeddable":true,"href":"https:\/\/instytutpolski.pl\/berlin\/wp-json\/wp\/v2\/pages\/463"}],"wp:featuredmedia":[{"embeddable":true,"href":"https:\/\/instytutpolski.pl\/berlin\/wp-json\/wp\/v2\/media\/488"}],"wp:attachment":[{"href":"https:\/\/instytutpolski.pl\/berlin\/wp-json\/wp\/v2\/media?parent=487"}],"curies":[{"name":"wp","href":"https:\/\/api.w.org\/{rel}","templated":true}]}}