{"id":506,"date":"2019-06-27T08:37:20","date_gmt":"2019-06-27T06:37:20","guid":{"rendered":"https:\/\/instytutpolski.pl\/berlin\/?page_id=506"},"modified":"2026-02-12T16:30:13","modified_gmt":"2026-02-12T15:30:13","slug":"kontakt","status":"publish","type":"page","link":"https:\/\/instytutpolski.pl\/berlin\/uber-das-polnische-institut\/kontakt\/","title":{"rendered":"Kontakt"},"content":{"rendered":"\n<p><strong>BESUCH<\/strong><\/p>\n<p>Das Polnische Institut befindet sich in der <strong>Burgstra\u00dfe 27, 10178 Berlin<\/strong>.<br \/><br \/>Mit dem \u00f6ffentlichen Nahverkehr erreichst Du uns mit der:<br \/><span style=\"font-size: revert;color: initial\">S-Bahn: Hackescher Markt (Linien: S3, S5, S7, S9)<br \/><\/span>U-Bahn: Alexanderplatz (Linien: U2, U5, U8)\u00a0 \/\u00a0 Weinmeisterstr. (U8)<br \/>Tram: S Hackescher Markt (Linien: M1, M4, M5, M6)<br \/>Bus: Spandauer Str.\/Marienkirche (Linien: 100, 200, 245) \/ Berliner Rathaus (Linien: 200, 300)<\/p>\n<p><strong><br \/>\u00d6ffnungszeiten:<br \/><\/strong><span style=\"text-decoration: underline\">Galerie (Erdgescho\u00df)<\/span><br \/>Dienstag, Mittwoch und Donnerstag: 13-18 Uhr<br \/>Freitag: 13\u201317 Uh<\/p>\n<p><span style=\"text-decoration: underline\">Bibliothek (I Obergescho\u00df)<\/span><br \/>Dienstag und Mittwoch: 13\u201319 Uhr<\/p>\n<p><span style=\"text-decoration: underline\">B\u00fcro (I Obergescho\u00df)<br \/><\/span>Montag und Freitag: 9-17 Uhr<br \/><br \/>In unserem <u>Programm<\/u>\u00a0finden Sie weitere Veranstaltungen, die oft au\u00dferhalb unserer R\u00e4umlichkeiten sowie der regul\u00e4ren \u00d6ffnungszeiten stattfinden.\u00a0Viele davon sind f\u00fcr begrenzte Teilnehmeranzahl bestimmt und deshalb nur mit vorheriger Anmeldung verf\u00fcgbar.<br \/>Unsere Angebote sind kostenfrei. Von Mitveranstaltern organisierte Aktivit\u00e4ten k\u00f6nnen jedoch kostenpflichtig sein. Bitte beachten Sie hierzu die Angaben auf den jeweiligen Veranstaltungsseiten.<br \/>Um am Laufenden zu bleiben Sie k\u00f6nnen sich f\u00fcr unser <u>Newsletter<\/u> anmelden. Tragen Sie einfach Ihre Email-Addresse in der unteren rechten Ecke dieser Seite an.<br \/><br \/><\/p>\n<p><strong>BARRIEREFREIHEIT<\/strong><\/p>\n<p>Wir bem\u00fchen uns, unsere R\u00e4umlichkeiten und Angebote so zug\u00e4nglich wie m\u00f6glich zu machen. Der direkte Eingang zur Galerie ist leider nicht barrierefrei. Besucher*innen k\u00f6nnen jedoch sowohl die Galerie als auch unsere Bibliothek und B\u00fcros \u00fcber den barrierefreien Nebeneingang (zwischen der Galerie und dem K\u00f6nigbuchladen) betreten. Der Aufzug befindet sich im Erdgeschoss. Auch die Toiletten sind f\u00fcr Personen zug\u00e4nglich, die Mobilit\u00e4tshilfen wie beispielsweise Rollst\u00fchle nutzen oder Treppen vermeiden m\u00f6chten. Sollten Sie Hilfe beim Betreten ben\u00f6tigen, teilen Sie uns dies bitte telefonisch unter 030 \/ 24 75 81-18 mit.<\/p>\n<p>Unsere Veranstaltungen finden in deutschen oder englischen Sprache statt. Bitte informieren Sie sich vorab auf der jeweiligen Veranstaltungsseite \u00fcber die Details f\u00fcr die Teilnahme. Alle Beschilderungen und Texte in den Ausstellungen sind in deutscher und englischer Sprache angebracht.<\/p>\n<p>Wir sind auf Ihre Meinung gespannt. Sollen Sie Fragen, Bemerkungen oder Anregungen haben, wenden Sie sich gerne an uns.<\/p>\n<p>Unsere Telefonnummer:<\/p>\n<p>+49 030 \/ 24 75 810<\/p>\n<p>Unsere Email-Addresse:<\/p>\n<p><a href=\"mailto:berlin@instytutpolski.pl\">berlin@instytutpolski.pl<\/a><\/p>\n\n\n","protected":false},"excerpt":{"rendered":"<p>BESUCH Das Polnische Institut befindet sich in der Burgstra\u00dfe 27, 10178 Berlin. Mit dem \u00f6ffentlichen Nahverkehr erreichst Du uns mit der:S-Bahn: Hackescher Markt (Linien: S3, S5, S7, S9)U-Bahn: Alexanderplatz (Linien: U2, U5, U8)\u00a0 \/\u00a0 Weinmeisterstr. (U8)Tram: S Hackescher Markt (Linien: M1, M4, M5, M6)Bus: Spandauer Str.\/Marienkirche (Linien: 100, 200, 245) \/ Berliner Rathaus (Linien: 200, [&hellip;]<\/p>\n","protected":false},"author":1,"featured_media":882,"parent":504,"menu_order":0,"comment_status":"closed","ping_status":"closed","template":"","meta":{"inline_featured_image":false,"_monsterinsights_skip_tracking":false,"_monsterinsights_sitenote_active":false,"_monsterinsights_sitenote_note":"","_monsterinsights_sitenote_category":0,"footnotes":""},"class_list":["post-506","page","type-page","status-publish","has-post-thumbnail","hentry"],"yoast_head":"<!-- This site is optimized with the Yoast SEO plugin v24.6 - https:\/\/yoast.com\/wordpress\/plugins\/seo\/ -->\n<title>Kontakt - Instytut Polski w Berlinie<\/title>\n<meta name=\"robots\" content=\"index, follow, max-snippet:-1, max-image-preview:large, max-video-preview:-1\" \/>\n<link rel=\"canonical\" href=\"https:\/\/instytutpolski.pl\/berlin\/uber-das-polnische-institut\/kontakt\/\" \/>\n<meta property=\"og:locale\" content=\"pl_PL\" \/>\n<meta property=\"og:type\" content=\"article\" \/>\n<meta property=\"og:title\" content=\"Kontakt - Instytut Polski w Berlinie\" \/>\n<meta property=\"og:description\" content=\"BESUCH Das Polnische Institut befindet sich in der Burgstra\u00dfe 27, 10178 Berlin. Mit dem \u00f6ffentlichen Nahverkehr erreichst Du uns mit der:S-Bahn: Hackescher Markt (Linien: S3, S5, S7, S9)U-Bahn: Alexanderplatz (Linien: U2, U5, U8)\u00a0 \/\u00a0 Weinmeisterstr. (U8)Tram: S Hackescher Markt (Linien: M1, M4, M5, M6)Bus: Spandauer Str.\/Marienkirche (Linien: 100, 200, 245) \/ Berliner Rathaus (Linien: 200, [&hellip;]\" \/>\n<meta property=\"og:url\" content=\"https:\/\/instytutpolski.pl\/berlin\/uber-das-polnische-institut\/kontakt\/\" \/>\n<meta property=\"og:site_name\" content=\"Instytut Polski w Berlinie\" \/>\n<meta property=\"article:modified_time\" content=\"2026-02-12T15:30:13+00:00\" \/>\n<meta property=\"og:image\" content=\"https:\/\/instytutpolski.pl\/berlin\/wp-content\/uploads\/sites\/3\/2020\/06\/13442704_1074966825907735_4581972599823920703_o.jpg\" \/>\n\t<meta property=\"og:image:width\" content=\"1600\" \/>\n\t<meta property=\"og:image:height\" content=\"1065\" \/>\n\t<meta property=\"og:image:type\" content=\"image\/jpeg\" \/>\n<meta name=\"twitter:card\" content=\"summary_large_image\" \/>\n<meta name=\"twitter:label1\" content=\"Szacowany czas czytania\" \/>\n\t<meta name=\"twitter:data1\" content=\"3 minuty\" \/>\n<script type=\"application\/ld+json\" class=\"yoast-schema-graph\">{\"@context\":\"https:\/\/schema.org\",\"@graph\":[{\"@type\":\"WebPage\",\"@id\":\"https:\/\/instytutpolski.pl\/berlin\/uber-das-polnische-institut\/kontakt\/\",\"url\":\"https:\/\/instytutpolski.pl\/berlin\/uber-das-polnische-institut\/kontakt\/\",\"name\":\"Kontakt - Instytut Polski w Berlinie\",\"isPartOf\":{\"@id\":\"https:\/\/instytutpolski.pl\/berlin\/#website\"},\"primaryImageOfPage\":{\"@id\":\"https:\/\/instytutpolski.pl\/berlin\/uber-das-polnische-institut\/kontakt\/#primaryimage\"},\"image\":{\"@id\":\"https:\/\/instytutpolski.pl\/berlin\/uber-das-polnische-institut\/kontakt\/#primaryimage\"},\"thumbnailUrl\":\"https:\/\/instytutpolski.pl\/berlin\/wp-content\/uploads\/sites\/3\/2020\/06\/13442704_1074966825907735_4581972599823920703_o.jpg\",\"datePublished\":\"2019-06-27T06:37:20+00:00\",\"dateModified\":\"2026-02-12T15:30:13+00:00\",\"breadcrumb\":{\"@id\":\"https:\/\/instytutpolski.pl\/berlin\/uber-das-polnische-institut\/kontakt\/#breadcrumb\"},\"inLanguage\":\"pl-PL\",\"potentialAction\":[{\"@type\":\"ReadAction\",\"target\":[\"https:\/\/instytutpolski.pl\/berlin\/uber-das-polnische-institut\/kontakt\/\"]}]},{\"@type\":\"ImageObject\",\"inLanguage\":\"pl-PL\",\"@id\":\"https:\/\/instytutpolski.pl\/berlin\/uber-das-polnische-institut\/kontakt\/#primaryimage\",\"url\":\"https:\/\/instytutpolski.pl\/berlin\/wp-content\/uploads\/sites\/3\/2020\/06\/13442704_1074966825907735_4581972599823920703_o.jpg\",\"contentUrl\":\"https:\/\/instytutpolski.pl\/berlin\/wp-content\/uploads\/sites\/3\/2020\/06\/13442704_1074966825907735_4581972599823920703_o.jpg\",\"width\":1600,\"height\":1065},{\"@type\":\"BreadcrumbList\",\"@id\":\"https:\/\/instytutpolski.pl\/berlin\/uber-das-polnische-institut\/kontakt\/#breadcrumb\",\"itemListElement\":[{\"@type\":\"ListItem\",\"position\":1,\"name\":\"Home\",\"item\":\"https:\/\/instytutpolski.pl\/berlin\/\"},{\"@type\":\"ListItem\",\"position\":2,\"name\":\"\u00dcber uns\",\"item\":\"https:\/\/instytutpolski.pl\/berlin\/uber-das-polnische-institut\/\"},{\"@type\":\"ListItem\",\"position\":3,\"name\":\"Kontakt\"}]},{\"@type\":\"WebSite\",\"@id\":\"https:\/\/instytutpolski.pl\/berlin\/#website\",\"url\":\"https:\/\/instytutpolski.pl\/berlin\/\",\"name\":\"Instytut Polski w Berlinie\",\"description\":\"Instytuty Polskie\",\"potentialAction\":[{\"@type\":\"SearchAction\",\"target\":{\"@type\":\"EntryPoint\",\"urlTemplate\":\"https:\/\/instytutpolski.pl\/berlin\/?s={search_term_string}\"},\"query-input\":{\"@type\":\"PropertyValueSpecification\",\"valueRequired\":true,\"valueName\":\"search_term_string\"}}],\"inLanguage\":\"pl-PL\"}]}<\/script>\n<!-- \/ Yoast SEO plugin. -->","yoast_head_json":{"title":"Kontakt - Instytut Polski w Berlinie","robots":{"index":"index","follow":"follow","max-snippet":"max-snippet:-1","max-image-preview":"max-image-preview:large","max-video-preview":"max-video-preview:-1"},"canonical":"https:\/\/instytutpolski.pl\/berlin\/uber-das-polnische-institut\/kontakt\/","og_locale":"pl_PL","og_type":"article","og_title":"Kontakt - Instytut Polski w Berlinie","og_description":"BESUCH Das Polnische Institut befindet sich in der Burgstra\u00dfe 27, 10178 Berlin. Mit dem \u00f6ffentlichen Nahverkehr erreichst Du uns mit der:S-Bahn: Hackescher Markt (Linien: S3, S5, S7, S9)U-Bahn: Alexanderplatz (Linien: U2, U5, U8)\u00a0 \/\u00a0 Weinmeisterstr. (U8)Tram: S Hackescher Markt (Linien: M1, M4, M5, M6)Bus: Spandauer Str.\/Marienkirche (Linien: 100, 200, 245) \/ Berliner Rathaus (Linien: 200, [&hellip;]","og_url":"https:\/\/instytutpolski.pl\/berlin\/uber-das-polnische-institut\/kontakt\/","og_site_name":"Instytut Polski w Berlinie","article_modified_time":"2026-02-12T15:30:13+00:00","og_image":[{"width":1600,"height":1065,"url":"https:\/\/instytutpolski.pl\/berlin\/wp-content\/uploads\/sites\/3\/2020\/06\/13442704_1074966825907735_4581972599823920703_o.jpg","type":"image\/jpeg"}],"twitter_card":"summary_large_image","twitter_misc":{"Szacowany czas czytania":"3 minuty"},"schema":{"@context":"https:\/\/schema.org","@graph":[{"@type":"WebPage","@id":"https:\/\/instytutpolski.pl\/berlin\/uber-das-polnische-institut\/kontakt\/","url":"https:\/\/instytutpolski.pl\/berlin\/uber-das-polnische-institut\/kontakt\/","name":"Kontakt - Instytut Polski w Berlinie","isPartOf":{"@id":"https:\/\/instytutpolski.pl\/berlin\/#website"},"primaryImageOfPage":{"@id":"https:\/\/instytutpolski.pl\/berlin\/uber-das-polnische-institut\/kontakt\/#primaryimage"},"image":{"@id":"https:\/\/instytutpolski.pl\/berlin\/uber-das-polnische-institut\/kontakt\/#primaryimage"},"thumbnailUrl":"https:\/\/instytutpolski.pl\/berlin\/wp-content\/uploads\/sites\/3\/2020\/06\/13442704_1074966825907735_4581972599823920703_o.jpg","datePublished":"2019-06-27T06:37:20+00:00","dateModified":"2026-02-12T15:30:13+00:00","breadcrumb":{"@id":"https:\/\/instytutpolski.pl\/berlin\/uber-das-polnische-institut\/kontakt\/#breadcrumb"},"inLanguage":"pl-PL","potentialAction":[{"@type":"ReadAction","target":["https:\/\/instytutpolski.pl\/berlin\/uber-das-polnische-institut\/kontakt\/"]}]},{"@type":"ImageObject","inLanguage":"pl-PL","@id":"https:\/\/instytutpolski.pl\/berlin\/uber-das-polnische-institut\/kontakt\/#primaryimage","url":"https:\/\/instytutpolski.pl\/berlin\/wp-content\/uploads\/sites\/3\/2020\/06\/13442704_1074966825907735_4581972599823920703_o.jpg","contentUrl":"https:\/\/instytutpolski.pl\/berlin\/wp-content\/uploads\/sites\/3\/2020\/06\/13442704_1074966825907735_4581972599823920703_o.jpg","width":1600,"height":1065},{"@type":"BreadcrumbList","@id":"https:\/\/instytutpolski.pl\/berlin\/uber-das-polnische-institut\/kontakt\/#breadcrumb","itemListElement":[{"@type":"ListItem","position":1,"name":"Home","item":"https:\/\/instytutpolski.pl\/berlin\/"},{"@type":"ListItem","position":2,"name":"\u00dcber uns","item":"https:\/\/instytutpolski.pl\/berlin\/uber-das-polnische-institut\/"},{"@type":"ListItem","position":3,"name":"Kontakt"}]},{"@type":"WebSite","@id":"https:\/\/instytutpolski.pl\/berlin\/#website","url":"https:\/\/instytutpolski.pl\/berlin\/","name":"Instytut Polski w Berlinie","description":"Instytuty Polskie","potentialAction":[{"@type":"SearchAction","target":{"@type":"EntryPoint","urlTemplate":"https:\/\/instytutpolski.pl\/berlin\/?s={search_term_string}"},"query-input":{"@type":"PropertyValueSpecification","valueRequired":true,"valueName":"search_term_string"}}],"inLanguage":"pl-PL"}]}},"_links":{"self":[{"href":"https:\/\/instytutpolski.pl\/berlin\/wp-json\/wp\/v2\/pages\/506","targetHints":{"allow":["GET"]}}],"collection":[{"href":"https:\/\/instytutpolski.pl\/berlin\/wp-json\/wp\/v2\/pages"}],"about":[{"href":"https:\/\/instytutpolski.pl\/berlin\/wp-json\/wp\/v2\/types\/page"}],"author":[{"embeddable":true,"href":"https:\/\/instytutpolski.pl\/berlin\/wp-json\/wp\/v2\/users\/1"}],"replies":[{"embeddable":true,"href":"https:\/\/instytutpolski.pl\/berlin\/wp-json\/wp\/v2\/comments?post=506"}],"version-history":[{"count":17,"href":"https:\/\/instytutpolski.pl\/berlin\/wp-json\/wp\/v2\/pages\/506\/revisions"}],"predecessor-version":[{"id":11751,"href":"https:\/\/instytutpolski.pl\/berlin\/wp-json\/wp\/v2\/pages\/506\/revisions\/11751"}],"up":[{"embeddable":true,"href":"https:\/\/instytutpolski.pl\/berlin\/wp-json\/wp\/v2\/pages\/504"}],"wp:featuredmedia":[{"embeddable":true,"href":"https:\/\/instytutpolski.pl\/berlin\/wp-json\/wp\/v2\/media\/882"}],"wp:attachment":[{"href":"https:\/\/instytutpolski.pl\/berlin\/wp-json\/wp\/v2\/media?parent=506"}],"curies":[{"name":"wp","href":"https:\/\/api.w.org\/{rel}","templated":true}]}}