{"id":858,"date":"2020-06-01T18:55:25","date_gmt":"2020-06-01T16:55:25","guid":{"rendered":"https:\/\/instytutpolski.pl\/berlin\/?page_id=858"},"modified":"2020-06-01T18:55:26","modified_gmt":"2020-06-01T16:55:26","slug":"cookie-richtlinie","status":"publish","type":"page","link":"https:\/\/instytutpolski.pl\/berlin\/cookie-richtlinie\/","title":{"rendered":"Cookie-Richtlinie"},"content":{"rendered":"\n<p>Um unser Onlineangebot auf h\u00f6chstem Niveau anbieten zu k\u00f6nnen, verwenden wir \u201eCookies\u201d. Mit der Nutzung unserer Website werden diese auf Ihrem Ger\u00e4t gespeichert. Jederzeit k\u00f6nnen Sie die Cookie-Einstellungen an ihrem Browser \u00e4ndern.<\/p>\n<p>F\u00fcr die m\u00f6glichst komfortable Nutzung der Website\u00a0<strong>instytutpolski.pl<\/strong>\u00a0, die vom Ministerium f\u00fcr Ausw\u00e4rtige Angelegenheiten der Republik Polen betrieben wird, werden Cookies verwendet, um die Website den Bed\u00fcrfnissen der Nutzer anzupassen und dar\u00fcber hinaus statistische Daten zu erheben. \u00a0<\/p>\n<p>Cookies sind kleine Textdateien welche die besuchte Website auf Ihr Endger\u00e4t (Computer oder Ihr Smartphone u.\u00e4.) speichert. Sie enthalten keine personenbezogenen Daten.<\/p>\n<p>Die Seite instytutpolski.pl verwendet zwei Typen von Cookies:<\/p>\n<ol>\n<li>Performance-Cookies (diese sammeln Informationen \u00fcber die Art der Verwendung der Website durch die Besucher, z.B. die meistbesuchten Seiten oder auch Informationen \u00fcber Fehler usw.)<\/li>\n<li>funktionale Cookies (diese speichern die Einstellungen des Nutzers, z:B. Sprache, \u00a0bereits erteilte Zustimmung), wie z.B.:<\/li>\n<\/ol>\n<ul>\n<li>Cookies von google-analytics.com \u2013 dienen statistischen Zwecken der Website instytutpolski.pl; die genaue Funktionsweise und die genaue Funktionsweise sowie die Datenschutzerkl\u00e4rung von\u00a0 Google Analytics findet man unter der Adresse: \u00a0<a href=\"https:\/\/policies.google.com\/privacy?fg=1\">https:\/\/policies.google.com\/privacy?fg=1<\/a><\/li>\n<li>Session-Cookies \u2013 sind zeitweilig gespeicherte Informationen, die bis zur Beendigung der Sitzung gespeichert sind und nach Schlie\u00dfung des Browsers wieder gel\u00f6scht werden.<\/li>\n<\/ul>\n<p>Fremde Webdienste, auf welche die Website instytutpolski.pl verweist, k\u00f6nnen auch andere als die oben genannten Cookies verwenden, darunter insbesondere Dateien, die das Einloggen erm\u00f6glichen oder Werbung platzieren, die den Vorlieben und dem Verhalten des Nutzers angepasst ist. Diese Art von Cookies sind:<\/p>\n<ul>\n<li>beim Anbieter youtube.com \u2013 Cookies, welche die Vorlieben des Nutzers enthalten, sowie ein Klickz\u00e4hler; die Datenschutzerkl\u00e4rung von YouTube ist hier zu finden:\u00a0<a href=\"https:\/\/policies.google.com\/privacy?hl=de&amp;gl=de\">https:\/\/policies.google.com\/privacy?hl=de&amp;gl=de<\/a><\/li>\n<li>bei den Anbietern player.vimeo.com und av.vimeo.com \u2013sind das Cookies, die das Einloggen erm\u00f6glichen, und auch Cookies zu Werbezwecken, welche der Anpassung von Form und Inhalt der Werbung dienen; die Cookie-Richtlinie des Anbieters Vimeo finden Sie hier: <a href=\"https:\/\/vimeo.com\/cookie_policy?vcid=32179\">https:\/\/vimeo.com\/cookie_policy?vcid=32179<\/a>.<\/li>\n<\/ul>\n<p><strong>Bei den meisten Internetbrowsern kann man: Cookies von der Festplatte des Endger\u00e4ts l\u00f6schen (im Men\u00fc \u201eEinstellungen\u201d des Browsers), alle gesendeten Cookies blockieren oder einen Warnhinweis vor dem Abspeichern auf dem Speichermedium (Festplatte) anzeigen. Wer diese Ver\u00e4nderung nicht vornimmt, akzeptiert die Verwendung von Cookies. <\/strong><\/p>\n<p>Im Folgenden zeigen wie die M\u00f6glichkeiten, die Cookie-Einstellungen in den meistgenutzten Browsern zu ver\u00e4ndern:<\/p>\n<p><strong>Google Chrome<\/strong><br \/>Klicken Sie rechts oben auf das Dreipunkt-Men\u00fc \u00a0&gt; <strong>Einstellungen<\/strong> &gt; &#8222;Datenschutz und Sicherheit&#8221; &gt; <strong>Website-Einstellungen<\/strong> Cookies \u00a0\u2013 hier die gew\u00fcnschte Option w\u00e4hlen.<\/p>\n<p><strong>Internet Explorer<\/strong><br \/>Men\u00fc &gt; Extras &gt; Internetoptionen &gt; Datenschutz \u2013 hier die gew\u00fcnschte Option w\u00e4hlen.<\/p>\n<p><strong>Mozilla Firefox<\/strong><br \/>Men\u00fc &gt; Optionen &gt; Datenschutz und Sicherheit &gt; Browser-Datenschutz \u2013 hier die gew\u00fcnschte Option w\u00e4hlen.<\/p>\n<p><strong>Opera<\/strong><br \/>Men\u00fc &gt; Einstellungen\/ Extras &gt; Erweitert &gt; Cookies\u2013 hier die gew\u00fcnschte Option w\u00e4hlen.<\/p>\n<p><strong>Safari<\/strong><br \/>Men\u00fc &gt; Einstellungen &gt; Datenschutz &gt; Cookies \u2013 hier die gew\u00fcnschte Option w\u00e4hlen.<\/p>\n<p>\u00a0<\/p>\n<p>\u00a0<\/p>\n","protected":false},"excerpt":{"rendered":"<p>Um unser Onlineangebot auf h\u00f6chstem Niveau anbieten zu k\u00f6nnen, verwenden wir \u201eCookies\u201d. Mit der Nutzung unserer Website werden diese auf Ihrem Ger\u00e4t gespeichert. Jederzeit k\u00f6nnen Sie die Cookie-Einstellungen an ihrem Browser \u00e4ndern. F\u00fcr die m\u00f6glichst komfortable Nutzung der Website\u00a0instytutpolski.pl\u00a0, die vom Ministerium f\u00fcr Ausw\u00e4rtige Angelegenheiten der Republik Polen betrieben wird, werden Cookies verwendet, um die [&hellip;]<\/p>\n","protected":false},"author":1,"featured_media":859,"parent":0,"menu_order":0,"comment_status":"closed","ping_status":"closed","template":"","meta":{"inline_featured_image":false,"_monsterinsights_skip_tracking":false,"_monsterinsights_sitenote_active":false,"_monsterinsights_sitenote_note":"","_monsterinsights_sitenote_category":0,"footnotes":""},"class_list":["post-858","page","type-page","status-publish","has-post-thumbnail","hentry"],"yoast_head":"<!-- This site is optimized with the Yoast SEO plugin v24.6 - https:\/\/yoast.com\/wordpress\/plugins\/seo\/ -->\n<title>Cookie-Richtlinie - Instytut Polski w Berlinie<\/title>\n<meta name=\"robots\" content=\"index, follow, max-snippet:-1, max-image-preview:large, max-video-preview:-1\" \/>\n<link rel=\"canonical\" href=\"https:\/\/instytutpolski.pl\/berlin\/cookie-richtlinie\/\" \/>\n<meta property=\"og:locale\" content=\"pl_PL\" \/>\n<meta property=\"og:type\" content=\"article\" \/>\n<meta property=\"og:title\" content=\"Cookie-Richtlinie - Instytut Polski w Berlinie\" \/>\n<meta property=\"og:description\" content=\"Um unser Onlineangebot auf h\u00f6chstem Niveau anbieten zu k\u00f6nnen, verwenden wir \u201eCookies\u201d. Mit der Nutzung unserer Website werden diese auf Ihrem Ger\u00e4t gespeichert. Jederzeit k\u00f6nnen Sie die Cookie-Einstellungen an ihrem Browser \u00e4ndern. F\u00fcr die m\u00f6glichst komfortable Nutzung der Website\u00a0instytutpolski.pl\u00a0, die vom Ministerium f\u00fcr Ausw\u00e4rtige Angelegenheiten der Republik Polen betrieben wird, werden Cookies verwendet, um die [&hellip;]\" \/>\n<meta property=\"og:url\" content=\"https:\/\/instytutpolski.pl\/berlin\/cookie-richtlinie\/\" \/>\n<meta property=\"og:site_name\" content=\"Instytut Polski w Berlinie\" \/>\n<meta property=\"article:modified_time\" content=\"2020-06-01T16:55:26+00:00\" \/>\n<meta property=\"og:image\" content=\"https:\/\/instytutpolski.pl\/berlin\/wp-content\/uploads\/sites\/3\/2020\/06\/Krokusy-2.jpg\" \/>\n\t<meta property=\"og:image:width\" content=\"2048\" \/>\n\t<meta property=\"og:image:height\" content=\"1365\" \/>\n\t<meta property=\"og:image:type\" content=\"image\/jpeg\" \/>\n<meta name=\"twitter:card\" content=\"summary_large_image\" \/>\n<meta name=\"twitter:label1\" content=\"Szacowany czas czytania\" \/>\n\t<meta name=\"twitter:data1\" content=\"2 minuty\" \/>\n<script type=\"application\/ld+json\" class=\"yoast-schema-graph\">{\"@context\":\"https:\/\/schema.org\",\"@graph\":[{\"@type\":\"WebPage\",\"@id\":\"https:\/\/instytutpolski.pl\/berlin\/cookie-richtlinie\/\",\"url\":\"https:\/\/instytutpolski.pl\/berlin\/cookie-richtlinie\/\",\"name\":\"Cookie-Richtlinie - Instytut Polski w Berlinie\",\"isPartOf\":{\"@id\":\"https:\/\/instytutpolski.pl\/berlin\/#website\"},\"primaryImageOfPage\":{\"@id\":\"https:\/\/instytutpolski.pl\/berlin\/cookie-richtlinie\/#primaryimage\"},\"image\":{\"@id\":\"https:\/\/instytutpolski.pl\/berlin\/cookie-richtlinie\/#primaryimage\"},\"thumbnailUrl\":\"https:\/\/instytutpolski.pl\/berlin\/wp-content\/uploads\/sites\/3\/2020\/06\/Krokusy-2.jpg\",\"datePublished\":\"2020-06-01T16:55:25+00:00\",\"dateModified\":\"2020-06-01T16:55:26+00:00\",\"breadcrumb\":{\"@id\":\"https:\/\/instytutpolski.pl\/berlin\/cookie-richtlinie\/#breadcrumb\"},\"inLanguage\":\"pl-PL\",\"potentialAction\":[{\"@type\":\"ReadAction\",\"target\":[\"https:\/\/instytutpolski.pl\/berlin\/cookie-richtlinie\/\"]}]},{\"@type\":\"ImageObject\",\"inLanguage\":\"pl-PL\",\"@id\":\"https:\/\/instytutpolski.pl\/berlin\/cookie-richtlinie\/#primaryimage\",\"url\":\"https:\/\/instytutpolski.pl\/berlin\/wp-content\/uploads\/sites\/3\/2020\/06\/Krokusy-2.jpg\",\"contentUrl\":\"https:\/\/instytutpolski.pl\/berlin\/wp-content\/uploads\/sites\/3\/2020\/06\/Krokusy-2.jpg\",\"width\":2048,\"height\":1365},{\"@type\":\"BreadcrumbList\",\"@id\":\"https:\/\/instytutpolski.pl\/berlin\/cookie-richtlinie\/#breadcrumb\",\"itemListElement\":[{\"@type\":\"ListItem\",\"position\":1,\"name\":\"Home\",\"item\":\"https:\/\/instytutpolski.pl\/berlin\/\"},{\"@type\":\"ListItem\",\"position\":2,\"name\":\"Cookie-Richtlinie\"}]},{\"@type\":\"WebSite\",\"@id\":\"https:\/\/instytutpolski.pl\/berlin\/#website\",\"url\":\"https:\/\/instytutpolski.pl\/berlin\/\",\"name\":\"Instytut Polski w Berlinie\",\"description\":\"Instytuty Polskie\",\"potentialAction\":[{\"@type\":\"SearchAction\",\"target\":{\"@type\":\"EntryPoint\",\"urlTemplate\":\"https:\/\/instytutpolski.pl\/berlin\/?s={search_term_string}\"},\"query-input\":{\"@type\":\"PropertyValueSpecification\",\"valueRequired\":true,\"valueName\":\"search_term_string\"}}],\"inLanguage\":\"pl-PL\"}]}<\/script>\n<!-- \/ Yoast SEO plugin. -->","yoast_head_json":{"title":"Cookie-Richtlinie - Instytut Polski w Berlinie","robots":{"index":"index","follow":"follow","max-snippet":"max-snippet:-1","max-image-preview":"max-image-preview:large","max-video-preview":"max-video-preview:-1"},"canonical":"https:\/\/instytutpolski.pl\/berlin\/cookie-richtlinie\/","og_locale":"pl_PL","og_type":"article","og_title":"Cookie-Richtlinie - Instytut Polski w Berlinie","og_description":"Um unser Onlineangebot auf h\u00f6chstem Niveau anbieten zu k\u00f6nnen, verwenden wir \u201eCookies\u201d. Mit der Nutzung unserer Website werden diese auf Ihrem Ger\u00e4t gespeichert. Jederzeit k\u00f6nnen Sie die Cookie-Einstellungen an ihrem Browser \u00e4ndern. F\u00fcr die m\u00f6glichst komfortable Nutzung der Website\u00a0instytutpolski.pl\u00a0, die vom Ministerium f\u00fcr Ausw\u00e4rtige Angelegenheiten der Republik Polen betrieben wird, werden Cookies verwendet, um die [&hellip;]","og_url":"https:\/\/instytutpolski.pl\/berlin\/cookie-richtlinie\/","og_site_name":"Instytut Polski w Berlinie","article_modified_time":"2020-06-01T16:55:26+00:00","og_image":[{"width":2048,"height":1365,"url":"https:\/\/instytutpolski.pl\/berlin\/wp-content\/uploads\/sites\/3\/2020\/06\/Krokusy-2.jpg","type":"image\/jpeg"}],"twitter_card":"summary_large_image","twitter_misc":{"Szacowany czas czytania":"2 minuty"},"schema":{"@context":"https:\/\/schema.org","@graph":[{"@type":"WebPage","@id":"https:\/\/instytutpolski.pl\/berlin\/cookie-richtlinie\/","url":"https:\/\/instytutpolski.pl\/berlin\/cookie-richtlinie\/","name":"Cookie-Richtlinie - Instytut Polski w Berlinie","isPartOf":{"@id":"https:\/\/instytutpolski.pl\/berlin\/#website"},"primaryImageOfPage":{"@id":"https:\/\/instytutpolski.pl\/berlin\/cookie-richtlinie\/#primaryimage"},"image":{"@id":"https:\/\/instytutpolski.pl\/berlin\/cookie-richtlinie\/#primaryimage"},"thumbnailUrl":"https:\/\/instytutpolski.pl\/berlin\/wp-content\/uploads\/sites\/3\/2020\/06\/Krokusy-2.jpg","datePublished":"2020-06-01T16:55:25+00:00","dateModified":"2020-06-01T16:55:26+00:00","breadcrumb":{"@id":"https:\/\/instytutpolski.pl\/berlin\/cookie-richtlinie\/#breadcrumb"},"inLanguage":"pl-PL","potentialAction":[{"@type":"ReadAction","target":["https:\/\/instytutpolski.pl\/berlin\/cookie-richtlinie\/"]}]},{"@type":"ImageObject","inLanguage":"pl-PL","@id":"https:\/\/instytutpolski.pl\/berlin\/cookie-richtlinie\/#primaryimage","url":"https:\/\/instytutpolski.pl\/berlin\/wp-content\/uploads\/sites\/3\/2020\/06\/Krokusy-2.jpg","contentUrl":"https:\/\/instytutpolski.pl\/berlin\/wp-content\/uploads\/sites\/3\/2020\/06\/Krokusy-2.jpg","width":2048,"height":1365},{"@type":"BreadcrumbList","@id":"https:\/\/instytutpolski.pl\/berlin\/cookie-richtlinie\/#breadcrumb","itemListElement":[{"@type":"ListItem","position":1,"name":"Home","item":"https:\/\/instytutpolski.pl\/berlin\/"},{"@type":"ListItem","position":2,"name":"Cookie-Richtlinie"}]},{"@type":"WebSite","@id":"https:\/\/instytutpolski.pl\/berlin\/#website","url":"https:\/\/instytutpolski.pl\/berlin\/","name":"Instytut Polski w Berlinie","description":"Instytuty Polskie","potentialAction":[{"@type":"SearchAction","target":{"@type":"EntryPoint","urlTemplate":"https:\/\/instytutpolski.pl\/berlin\/?s={search_term_string}"},"query-input":{"@type":"PropertyValueSpecification","valueRequired":true,"valueName":"search_term_string"}}],"inLanguage":"pl-PL"}]}},"_links":{"self":[{"href":"https:\/\/instytutpolski.pl\/berlin\/wp-json\/wp\/v2\/pages\/858","targetHints":{"allow":["GET"]}}],"collection":[{"href":"https:\/\/instytutpolski.pl\/berlin\/wp-json\/wp\/v2\/pages"}],"about":[{"href":"https:\/\/instytutpolski.pl\/berlin\/wp-json\/wp\/v2\/types\/page"}],"author":[{"embeddable":true,"href":"https:\/\/instytutpolski.pl\/berlin\/wp-json\/wp\/v2\/users\/1"}],"replies":[{"embeddable":true,"href":"https:\/\/instytutpolski.pl\/berlin\/wp-json\/wp\/v2\/comments?post=858"}],"version-history":[{"count":2,"href":"https:\/\/instytutpolski.pl\/berlin\/wp-json\/wp\/v2\/pages\/858\/revisions"}],"predecessor-version":[{"id":861,"href":"https:\/\/instytutpolski.pl\/berlin\/wp-json\/wp\/v2\/pages\/858\/revisions\/861"}],"wp:featuredmedia":[{"embeddable":true,"href":"https:\/\/instytutpolski.pl\/berlin\/wp-json\/wp\/v2\/media\/859"}],"wp:attachment":[{"href":"https:\/\/instytutpolski.pl\/berlin\/wp-json\/wp\/v2\/media?parent=858"}],"curies":[{"name":"wp","href":"https:\/\/api.w.org\/{rel}","templated":true}]}}