{"id":9935,"date":"2025-08-04T17:22:29","date_gmt":"2025-08-04T15:22:29","guid":{"rendered":"https:\/\/instytutpolski.pl\/berlin\/?page_id=9935"},"modified":"2025-09-04T09:09:16","modified_gmt":"2025-09-04T07:09:16","slug":"filmpolska-special-polen-x-skandinavien","status":"publish","type":"page","link":"https:\/\/instytutpolski.pl\/berlin\/20-filmpolska\/filmpolska-special-polen-x-skandinavien\/","title":{"rendered":"filmPOLSKA special: Polen x Skandinavien"},"content":{"rendered":"\n<p>Polens Filmindustrie ist international bestens vernetzt \u2013 das galt schon f\u00fcr die Volksrepublik Polen und noch viel mehr f\u00fcr die freie Marktwirtschaft nach 1989. In einer Zeit, in der F\u00f6rdert\u00f6pfe gestrichen werden, w\u00e4hrend die Produktionskosten best\u00e4ndig steigen, ist die Zusammenarbeit mit Produzent*innen aus anderen L\u00e4ndern schon fast zum Regelfall geworden. Dabei f\u00e4llt auf, dass neben den nach wie vor zahlreichen deutsch-polnischen Koproduktionen in letzter Zeit zunehmend Filme mit skandinavischen Partnerinstitutionen entstehen. Die Ergebnisse sind vielf\u00e4ltig, haben ein hohes Qualit\u00e4tslevel und finden sowohl beim Fachpublikum als auch bei den Kinozuschauer*innen Anklang. Drei Beispiele aus den letzten Jahren zeigen exemplarisch die stilistische und inhaltliche Bandbreite dieser Querverbindung von Ostmittel- nach Nordeuropa:<\/p>\n<p><strong><a href=\"https:\/\/instytutpolski.pl\/berlin\/20-filmpolska\/filmpolska-special-polen-x-skandinavien\/#stepsister\">Den stygge stes\u00f8steren \/ Brzydka siostra \/ The Ugly Stepsister<\/a><\/strong> von Emilie Blichfeldt<br \/><strong><a href=\"https:\/\/instytutpolski.pl\/berlin\/20-filmpolska\/filmpolska-special-polen-x-skandinavien\/#norwegian\">Norwegian Dream<\/a><\/strong> von Leiv Igor Devold<br \/><strong><a href=\"https:\/\/instytutpolski.pl\/berlin\/20-filmpolska\/filmpolska-special-polen-x-skandinavien\/#igla\">Pigen med n\u00e5len \/ Dziewczyna z ig\u0142\u0105 \/ Das M\u00e4dchen mit der Nadel<\/a><\/strong> von Magnus von Horn<\/p>\n<p>\u00a0<\/p>\n<hr \/>\n<p><strong>\u00a0<\/strong><\/p>\n<h4><strong><a id=\"stepsister\"><\/a><a href=\"https:\/\/instytutpolski.pl\/berlin\/filme\/film\/den-stygge-stesosteren\/\">Den stygge stes\u00f8steren \/ Brzydka siostra \/ The Ugly Stepsister<\/a><\/strong><\/h4>\n<p><br \/>NOR\/PL\/DK\/ROMSVE 2025<br \/>R\/B: Emilie Blichfeldt<br \/>109 min, OmdU<br \/>K: Marcel Zyskind<br \/>S: Olivia Neergaard-Holm<br \/>M: John Erik Kaada &amp; Vilde Tuv<br \/>D: Lea Myren, Thea Sofie Loch N\u00e6ss, Ane Dahl Torp, Flo Fagerli, Isac Calmroth, Katarzyna Herman u.\u00a0a.<\/p>\n<p>Elvira ist vertr\u00e4umt, etwas naiv und verkriecht sich gern in Gedichten und Tr\u00e4umen vom M\u00e4rchenprinzen \u2013 die gar nicht so realit\u00e4tsfremd sind, denn genau solch einen soll sie sich angeln. Die arrangierte Hochzeit ihrer Mutter erweist sich n\u00e4mlich als Katastrophe, der uralte Gatte stirbt kurz nach der Trauung und hinterl\u00e4sst nicht nur ein bauf\u00e4lliges Schloss, sondern auch ein gro\u00dfes Loch in der Familienkasse. Schnell ist ein Plan gefasst: Elvira muss alles daf\u00fcr tun, die Aufmerksamkeit eines m\u00f6glichst reichen Prinzen auf sich ziehen und durch g\u00fcnstige Heirat die Familie aus der Misere retten. Beim gro\u00dfen Ball soll sich das Schicksal zum Guten wenden.<\/p>\n<p>Emilie Blichfeldt modernisiert das M\u00e4rchen vom Aschenputtel bzw. Aschenbr\u00f6del als Body-Horror mit feministischem Unterton. Denn Elviras Hauptaufgabe ist es, sch\u00f6n zu sein. Und wenn die Natur das nicht zufriedenstellend leisten kann, muss eben nachgeholfen werden, auch wenn die Mittel schmerzhaft sind. Dabei verschiebt die Regisseurin die Perspektive und schaut nicht auf das unterprivilegierte Aschenputtel, sondern auf seine Konkurrenz, die nicht auf Zauberkr\u00e4fte zur\u00fcckgreifen kann.<\/p>\n<p>Die internationale Koproduktion wurde auf Norwegisch gedreht, entstand aber zum gro\u00dfen Teil in Polen im Schloss von Go\u0142uch\u00f3w sowie im Palast in Lewk\u00f3w. Auch der Drehstab setzte sich zu gro\u00dfen Teilen aus polnischen Filmschaffenden zusammen. <em>[Rainer Mende]<\/em><\/p>\n<p><strong><i>13.09. \/ 18:00 \/ Thalia Potsdam \/ <a href=\"https:\/\/www.kinoheld.de\/Kino-Potsdam\/thalia-das-programmkino-potsdam?mode=widget&amp;target=self&amp;rb=1&amp;UserCenterID=123&amp;showId=366569#panel-seats\">Ticket-Link<\/a><br \/><\/i><i>16.09. \/ 18:00 \/ Sputnik \/ <a href=\"https:\/\/www.sputnik-kino.com\/program\/tickets\/3294882668\">Ticket-Link<\/a><\/i><\/strong><\/p>\n<p>\u00a0<\/p>\n<div id=\"attachment_9753\" style=\"width: 810px\" class=\"wp-caption aligncenter\"><img loading=\"lazy\" decoding=\"async\" aria-describedby=\"caption-attachment-9753\" class=\"wp-image-9753\" src=\"https:\/\/instytutpolski.pl\/berlin\/wp-content\/uploads\/sites\/3\/2025\/08\/The-Ugly-Stepsister_300dpi_03_Photo-Lukasz-Bak-800x480-1-300x180.jpg\" alt=\"\" width=\"800\" height=\"480\" srcset=\"https:\/\/instytutpolski.pl\/berlin\/wp-content\/uploads\/sites\/3\/2025\/08\/The-Ugly-Stepsister_300dpi_03_Photo-Lukasz-Bak-800x480-1-300x180.jpg 300w, https:\/\/instytutpolski.pl\/berlin\/wp-content\/uploads\/sites\/3\/2025\/08\/The-Ugly-Stepsister_300dpi_03_Photo-Lukasz-Bak-800x480-1-768x461.jpg 768w, https:\/\/instytutpolski.pl\/berlin\/wp-content\/uploads\/sites\/3\/2025\/08\/The-Ugly-Stepsister_300dpi_03_Photo-Lukasz-Bak-800x480-1.jpg 800w\" sizes=\"auto, (max-width: 800px) 100vw, 800px\" \/><p id=\"caption-attachment-9753\" class=\"wp-caption-text\">Den stygge stes\u00f8steren \/ The Ugly Stepsister \u00a9 \u0141ukasz B\u0105k<\/p><\/div>\n<p>\u00a0<\/p>\n<hr \/>\n<p>\u00a0<\/p>\n<h4><strong><a id=\"norwegian\"><\/a><a href=\"https:\/\/instytutpolski.pl\/berlin\/filme\/film\/norwegian-dream\/\">Norwegian Dream<\/a><\/strong><\/h4>\n<p><br \/>NOR\/PL\/D 2023<br \/>R: Leiv Igor Devold<br \/>97 min, OmdU<br \/>B: Justyna Bilik<br \/>K: Patryk Kin<br \/>S: Ida Venner\u00f8d Kolst\u00f8, Tomasz M\u0105czka &amp; \u00d8yvinn Haugrud Kastnes<br \/>M: Florian Tessloff<br \/>D: Hubert Mi\u0142kowski, Karl Bekele Steinland, Edyta Torhan, Jakub Sierenberg, Izabella Dudziak u.\u00a0a.<\/p>\n<p>Abgeschiedene Seen, orangerosa gl\u00e4nzender Lachs, schroffe Felsen, majest\u00e4tische Fjorde, bunte Holzh\u00e4user, das Meeresrauschen als Soundtrack \u2013 so ertr\u00e4umt man sich Norwegen. Aber Roberts \u201enorwegischer Traum\u201c erinnert eher an einen Albtraum. Nicht als Tourist kam der junge Mann mit den stahlblauen Augen aus Bia\u0142ystok hierher, sondern um seine Familie aus den roten Zahlen zu bringen. Die Arbeit in der Fischfabrik ist hart und wenig erf\u00fcllend, die Arbeiterunterkunft spartanisch, der Umgangston unter den vielen polnischen Arbeiter*innen rau. Au\u00dferdem nutzt der Arbeitgeber beim Sozialdumping die rechtlichen Grauzonen und betr\u00fcgt u.\u00a0a. bei der Verg\u00fctung der \u00dcberstunden.<\/p>\n<p>Das alleine w\u00fcrde schon f\u00fcr ein Sozialdrama in der Art von Ken Loachs \u201eIt\u2019s a Free World\u201c gen\u00fcgen. Aber Robert hat noch ganz andere Sorgen. Denn Ivar, der Adoptivsohn des Fabrikbesitzers, weist ihn nicht nur in die Arbeitsvorg\u00e4nge ein, l\u00e4sst ihn mit seinem Oldtimer herumkurven und organisiert ihm einen Nebenverdienst in Trondheim. Der attraktive dunkelh\u00e4utige Mann verdreht Robert auch geh\u00f6rig den Kopf und weckt damit in ihm sowohl Angst als auch die Erinnerung an ein traumatisches Erlebnis. Denn in der rauen Welt der Fabrikarbeiter*innen sind Schwulen- und Fremdenfeindlichkeit keine Fremdw\u00f6rter. Die Situation spitzt sich zu und Robert muss Entscheidungen treffen. <em>[Rainer Mende]<\/em><\/p>\n<p><strong><i>15.09. \/ 18:00 \/ <\/i><i>Sputnik \/ <a href=\"https:\/\/www.sputnik-kino.com\/program\/tickets\/3294881369\">Ticket-Link<\/a><br \/><\/i><i>16.09. \/ 17:30 \/ Klick Kino <em>\/ <a href=\"https:\/\/www.kinoheld.de\/kino\/berlin\/klick-kino-berlin\/vorstellung\/3301857296\">Ticket-Link<\/a><\/em><\/i><\/strong><\/p>\n<p>\u00a0<\/p>\n<div id=\"attachment_9755\" style=\"width: 810px\" class=\"wp-caption aligncenter\"><img loading=\"lazy\" decoding=\"async\" aria-describedby=\"caption-attachment-9755\" class=\"wp-image-9755\" src=\"https:\/\/instytutpolski.pl\/berlin\/wp-content\/uploads\/sites\/3\/2025\/08\/norwegiandream_presse_01-300x169.jpg\" alt=\"\" width=\"800\" height=\"449\" srcset=\"https:\/\/instytutpolski.pl\/berlin\/wp-content\/uploads\/sites\/3\/2025\/08\/norwegiandream_presse_01-300x169.jpg 300w, https:\/\/instytutpolski.pl\/berlin\/wp-content\/uploads\/sites\/3\/2025\/08\/norwegiandream_presse_01-1024x575.jpg 1024w, https:\/\/instytutpolski.pl\/berlin\/wp-content\/uploads\/sites\/3\/2025\/08\/norwegiandream_presse_01-768x431.jpg 768w, https:\/\/instytutpolski.pl\/berlin\/wp-content\/uploads\/sites\/3\/2025\/08\/norwegiandream_presse_01-1536x863.jpg 1536w, https:\/\/instytutpolski.pl\/berlin\/wp-content\/uploads\/sites\/3\/2025\/08\/norwegiandream_presse_01-1120x630.jpg 1120w, https:\/\/instytutpolski.pl\/berlin\/wp-content\/uploads\/sites\/3\/2025\/08\/norwegiandream_presse_01.jpg 1800w\" sizes=\"auto, (max-width: 800px) 100vw, 800px\" \/><p id=\"caption-attachment-9755\" class=\"wp-caption-text\">Norwegian Dream<\/p><\/div>\n<p>\u00a0<\/p>\n<hr \/>\n<p>\u00a0<\/p>\n<h4><strong><a id=\"igla\"><\/a><a href=\"https:\/\/instytutpolski.pl\/berlin\/filme\/film\/pigen-med-nalen\/\">Pigen med n\u00e5len \/ Dziewczyna z ig\u0142\u0105 \/ Das M\u00e4dchen mit der Nadel<\/a><\/strong><\/h4>\n<p><br \/>DK\/PL\/SVE 2024<br \/>R: Magnus von Horn<br \/>115 min, OmdU<br \/>B: Magnus von Horn &amp; Line Langebek<br \/>K: Micha\u0142 Dymek<br \/>S: Agnieszka Gli\u0144ska<br \/>M: Frederikke Hoffmeier<br \/>D: Vic Carmen Sonne, Trine Dyrholm, Besir Zeciri, Joachim Fjelstrup, Tessa Hoder, Ava Knox Martin, Monika K\u0119pka, Magnus von Horn u.\u00a0a.<\/p>\n<p>Europa wird vom Ersten Weltkrieg zerr\u00fcttet und Karoline schl\u00e4gt sich mehr schlecht als recht durch das harte Leben einer N\u00e4herin in einer Kopenhagener Textilfabrik. Zum Gl\u00fcck hat der Fabrikbesitzer ein Auge auf sie geworfen, sie wird sogar von ihm schwanger \u2013 aber seine Mutter sperrt sich gegen die Beziehung und Karoline muss zur\u00fcck in ihre kalte, bauf\u00e4llige Absteige. Dorthin kommt unvermittelt ihr totgeglaubter Mann schwer entstellt von der Front zur\u00fcck.<\/p>\n<p>Verzweifelt versucht Karoline, mit einer Nadel das ungewollte Kind in ihrem Bauch loszuwerden. Eine fremde Frau verhindert das in letzter Sekunde und l\u00e4dt sie ein, nach der Geburt zu ihr zu kommen. Sie will bei der Suche nach wohlhabenden Adoptiveltern helfen. Aber irgendetwas ist an ihr verd\u00e4chtig. Ist sie eine barmherzige Helferin oder eine skrupellose Gesch\u00e4ftsfrau?<\/p>\n<p>In virtuosen, reduzierten Schwarz-Wei\u00df-Bildern von Micha\u0142 Dymek, untermalt von elektronischen Kl\u00e4ngen Frederikke Hoffmeiers, erz\u00e4hlt Magnus von Horn vordergr\u00fcndig ruhig, jedoch in starker Verdichtung eine Geschichte, die als Sozialstudie beginnt und sich zur Trag\u00f6die ausweitet, deren Relevanz bis in die Gegenwart reicht. Dabei brillieren die Hauptdarstellerinnen Vic Carmen Sonne und Trine Dyrholm, F\u00fcr die Szenografie wurden u.\u00a0a. K\u0142odzko, \u0141\u00f3d\u017a, Zgierz und Wroc\u0142aw in Szene gesetzt. <em>[Rainer Mende]<\/em><\/p>\n<p><strong><i>12.09. \/ 20:00 \/ Klick Kino <em>\/ <a href=\"https:\/\/www.kinoheld.de\/kino\/berlin\/klick-kino-berlin\/vorstellung\/3301604038\">Ticket-Link<\/a><\/em><br \/><\/i><i>13.09. \/ 15:00 \/ fsk Kino \/ <a href=\"https:\/\/booking.cinetixx.de\/frontend\/#\/movie\/2278359999\/3100921875\">Ticket-Link<\/a><\/i><\/strong><\/p>\n<p>\u00a0<\/p>\n<div id=\"attachment_10133\" style=\"width: 810px\" class=\"wp-caption aligncenter\"><img loading=\"lazy\" decoding=\"async\" aria-describedby=\"caption-attachment-10133\" class=\"wp-image-10133\" src=\"https:\/\/instytutpolski.pl\/berlin\/wp-content\/uploads\/sites\/3\/2025\/08\/Dziewczyna-z-igla_medium-300x208.jpg\" alt=\"\" width=\"800\" height=\"554\" srcset=\"https:\/\/instytutpolski.pl\/berlin\/wp-content\/uploads\/sites\/3\/2025\/08\/Dziewczyna-z-igla_medium-300x208.jpg 300w, https:\/\/instytutpolski.pl\/berlin\/wp-content\/uploads\/sites\/3\/2025\/08\/Dziewczyna-z-igla_medium-1024x710.jpg 1024w, https:\/\/instytutpolski.pl\/berlin\/wp-content\/uploads\/sites\/3\/2025\/08\/Dziewczyna-z-igla_medium-768x532.jpg 768w, https:\/\/instytutpolski.pl\/berlin\/wp-content\/uploads\/sites\/3\/2025\/08\/Dziewczyna-z-igla_medium-1536x1064.jpg 1536w, https:\/\/instytutpolski.pl\/berlin\/wp-content\/uploads\/sites\/3\/2025\/08\/Dziewczyna-z-igla_medium.jpg 2000w\" sizes=\"auto, (max-width: 800px) 100vw, 800px\" \/><p id=\"caption-attachment-10133\" class=\"wp-caption-text\">Pigen med n\u00e5len \/ Das M\u00e4dchen mit der Nadel<\/p><\/div>\n","protected":false},"excerpt":{"rendered":"<p>Polens Filmindustrie ist international bestens vernetzt \u2013 das galt schon f\u00fcr die Volksrepublik Polen und noch viel mehr f\u00fcr die freie Marktwirtschaft nach 1989. In einer Zeit, in der F\u00f6rdert\u00f6pfe gestrichen werden, w\u00e4hrend die Produktionskosten best\u00e4ndig steigen, ist die Zusammenarbeit mit Produzent*innen aus anderen L\u00e4ndern schon fast zum Regelfall geworden. Dabei f\u00e4llt auf, dass neben [&hellip;]<\/p>\n","protected":false},"author":79,"featured_media":9714,"parent":3457,"menu_order":0,"comment_status":"closed","ping_status":"closed","template":"","meta":{"inline_featured_image":false,"_monsterinsights_skip_tracking":false,"_monsterinsights_sitenote_active":false,"_monsterinsights_sitenote_note":"","_monsterinsights_sitenote_category":0,"footnotes":""},"class_list":["post-9935","page","type-page","status-publish","has-post-thumbnail","hentry"],"yoast_head":"<!-- This site is optimized with the Yoast SEO plugin v24.6 - https:\/\/yoast.com\/wordpress\/plugins\/seo\/ -->\n<title>filmPOLSKA special: Polen x Skandinavien - Instytut Polski w Berlinie<\/title>\n<meta name=\"robots\" content=\"index, follow, max-snippet:-1, max-image-preview:large, max-video-preview:-1\" \/>\n<link rel=\"canonical\" href=\"https:\/\/instytutpolski.pl\/berlin\/20-filmpolska\/filmpolska-special-polen-x-skandinavien\/\" \/>\n<meta property=\"og:locale\" content=\"pl_PL\" \/>\n<meta property=\"og:type\" content=\"article\" \/>\n<meta property=\"og:title\" content=\"filmPOLSKA special: Polen x Skandinavien - Instytut Polski w Berlinie\" \/>\n<meta property=\"og:description\" content=\"Polens Filmindustrie ist international bestens vernetzt \u2013 das galt schon f\u00fcr die Volksrepublik Polen und noch viel mehr f\u00fcr die freie Marktwirtschaft nach 1989. In einer Zeit, in der F\u00f6rdert\u00f6pfe gestrichen werden, w\u00e4hrend die Produktionskosten best\u00e4ndig steigen, ist die Zusammenarbeit mit Produzent*innen aus anderen L\u00e4ndern schon fast zum Regelfall geworden. Dabei f\u00e4llt auf, dass neben [&hellip;]\" \/>\n<meta property=\"og:url\" content=\"https:\/\/instytutpolski.pl\/berlin\/20-filmpolska\/filmpolska-special-polen-x-skandinavien\/\" \/>\n<meta property=\"og:site_name\" content=\"Instytut Polski w Berlinie\" \/>\n<meta property=\"article:modified_time\" content=\"2025-09-04T07:09:16+00:00\" \/>\n<meta property=\"og:image\" content=\"https:\/\/instytutpolski.pl\/berlin\/wp-content\/uploads\/sites\/3\/2025\/08\/Zrzut-ekranu-2025-08-2-o-04.53.06.png\" \/>\n\t<meta property=\"og:image:width\" content=\"2306\" \/>\n\t<meta property=\"og:image:height\" content=\"870\" \/>\n\t<meta property=\"og:image:type\" content=\"image\/png\" \/>\n<meta name=\"twitter:card\" content=\"summary_large_image\" \/>\n<meta name=\"twitter:label1\" content=\"Szacowany czas czytania\" \/>\n\t<meta name=\"twitter:data1\" content=\"7 minut\" \/>\n<script type=\"application\/ld+json\" class=\"yoast-schema-graph\">{\"@context\":\"https:\/\/schema.org\",\"@graph\":[{\"@type\":\"WebPage\",\"@id\":\"https:\/\/instytutpolski.pl\/berlin\/20-filmpolska\/filmpolska-special-polen-x-skandinavien\/\",\"url\":\"https:\/\/instytutpolski.pl\/berlin\/20-filmpolska\/filmpolska-special-polen-x-skandinavien\/\",\"name\":\"filmPOLSKA special: Polen x Skandinavien - Instytut Polski w Berlinie\",\"isPartOf\":{\"@id\":\"https:\/\/instytutpolski.pl\/berlin\/#website\"},\"primaryImageOfPage\":{\"@id\":\"https:\/\/instytutpolski.pl\/berlin\/20-filmpolska\/filmpolska-special-polen-x-skandinavien\/#primaryimage\"},\"image\":{\"@id\":\"https:\/\/instytutpolski.pl\/berlin\/20-filmpolska\/filmpolska-special-polen-x-skandinavien\/#primaryimage\"},\"thumbnailUrl\":\"https:\/\/instytutpolski.pl\/berlin\/wp-content\/uploads\/sites\/3\/2025\/08\/Zrzut-ekranu-2025-08-2-o-04.53.06.png\",\"datePublished\":\"2025-08-04T15:22:29+00:00\",\"dateModified\":\"2025-09-04T07:09:16+00:00\",\"breadcrumb\":{\"@id\":\"https:\/\/instytutpolski.pl\/berlin\/20-filmpolska\/filmpolska-special-polen-x-skandinavien\/#breadcrumb\"},\"inLanguage\":\"pl-PL\",\"potentialAction\":[{\"@type\":\"ReadAction\",\"target\":[\"https:\/\/instytutpolski.pl\/berlin\/20-filmpolska\/filmpolska-special-polen-x-skandinavien\/\"]}]},{\"@type\":\"ImageObject\",\"inLanguage\":\"pl-PL\",\"@id\":\"https:\/\/instytutpolski.pl\/berlin\/20-filmpolska\/filmpolska-special-polen-x-skandinavien\/#primaryimage\",\"url\":\"https:\/\/instytutpolski.pl\/berlin\/wp-content\/uploads\/sites\/3\/2025\/08\/Zrzut-ekranu-2025-08-2-o-04.53.06.png\",\"contentUrl\":\"https:\/\/instytutpolski.pl\/berlin\/wp-content\/uploads\/sites\/3\/2025\/08\/Zrzut-ekranu-2025-08-2-o-04.53.06.png\",\"width\":2306,\"height\":870},{\"@type\":\"BreadcrumbList\",\"@id\":\"https:\/\/instytutpolski.pl\/berlin\/20-filmpolska\/filmpolska-special-polen-x-skandinavien\/#breadcrumb\",\"itemListElement\":[{\"@type\":\"ListItem\",\"position\":1,\"name\":\"Home\",\"item\":\"https:\/\/instytutpolski.pl\/berlin\/\"},{\"@type\":\"ListItem\",\"position\":2,\"name\":\"20. filmPOLSKA\",\"item\":\"https:\/\/instytutpolski.pl\/berlin\/20-filmpolska\/\"},{\"@type\":\"ListItem\",\"position\":3,\"name\":\"filmPOLSKA special: Polen x Skandinavien\"}]},{\"@type\":\"WebSite\",\"@id\":\"https:\/\/instytutpolski.pl\/berlin\/#website\",\"url\":\"https:\/\/instytutpolski.pl\/berlin\/\",\"name\":\"Instytut Polski w Berlinie\",\"description\":\"Instytuty Polskie\",\"potentialAction\":[{\"@type\":\"SearchAction\",\"target\":{\"@type\":\"EntryPoint\",\"urlTemplate\":\"https:\/\/instytutpolski.pl\/berlin\/?s={search_term_string}\"},\"query-input\":{\"@type\":\"PropertyValueSpecification\",\"valueRequired\":true,\"valueName\":\"search_term_string\"}}],\"inLanguage\":\"pl-PL\"}]}<\/script>\n<!-- \/ Yoast SEO plugin. -->","yoast_head_json":{"title":"filmPOLSKA special: Polen x Skandinavien - Instytut Polski w Berlinie","robots":{"index":"index","follow":"follow","max-snippet":"max-snippet:-1","max-image-preview":"max-image-preview:large","max-video-preview":"max-video-preview:-1"},"canonical":"https:\/\/instytutpolski.pl\/berlin\/20-filmpolska\/filmpolska-special-polen-x-skandinavien\/","og_locale":"pl_PL","og_type":"article","og_title":"filmPOLSKA special: Polen x Skandinavien - Instytut Polski w Berlinie","og_description":"Polens Filmindustrie ist international bestens vernetzt \u2013 das galt schon f\u00fcr die Volksrepublik Polen und noch viel mehr f\u00fcr die freie Marktwirtschaft nach 1989. In einer Zeit, in der F\u00f6rdert\u00f6pfe gestrichen werden, w\u00e4hrend die Produktionskosten best\u00e4ndig steigen, ist die Zusammenarbeit mit Produzent*innen aus anderen L\u00e4ndern schon fast zum Regelfall geworden. Dabei f\u00e4llt auf, dass neben [&hellip;]","og_url":"https:\/\/instytutpolski.pl\/berlin\/20-filmpolska\/filmpolska-special-polen-x-skandinavien\/","og_site_name":"Instytut Polski w Berlinie","article_modified_time":"2025-09-04T07:09:16+00:00","og_image":[{"width":2306,"height":870,"url":"https:\/\/instytutpolski.pl\/berlin\/wp-content\/uploads\/sites\/3\/2025\/08\/Zrzut-ekranu-2025-08-2-o-04.53.06.png","type":"image\/png"}],"twitter_card":"summary_large_image","twitter_misc":{"Szacowany czas czytania":"7 minut"},"schema":{"@context":"https:\/\/schema.org","@graph":[{"@type":"WebPage","@id":"https:\/\/instytutpolski.pl\/berlin\/20-filmpolska\/filmpolska-special-polen-x-skandinavien\/","url":"https:\/\/instytutpolski.pl\/berlin\/20-filmpolska\/filmpolska-special-polen-x-skandinavien\/","name":"filmPOLSKA special: Polen x Skandinavien - Instytut Polski w Berlinie","isPartOf":{"@id":"https:\/\/instytutpolski.pl\/berlin\/#website"},"primaryImageOfPage":{"@id":"https:\/\/instytutpolski.pl\/berlin\/20-filmpolska\/filmpolska-special-polen-x-skandinavien\/#primaryimage"},"image":{"@id":"https:\/\/instytutpolski.pl\/berlin\/20-filmpolska\/filmpolska-special-polen-x-skandinavien\/#primaryimage"},"thumbnailUrl":"https:\/\/instytutpolski.pl\/berlin\/wp-content\/uploads\/sites\/3\/2025\/08\/Zrzut-ekranu-2025-08-2-o-04.53.06.png","datePublished":"2025-08-04T15:22:29+00:00","dateModified":"2025-09-04T07:09:16+00:00","breadcrumb":{"@id":"https:\/\/instytutpolski.pl\/berlin\/20-filmpolska\/filmpolska-special-polen-x-skandinavien\/#breadcrumb"},"inLanguage":"pl-PL","potentialAction":[{"@type":"ReadAction","target":["https:\/\/instytutpolski.pl\/berlin\/20-filmpolska\/filmpolska-special-polen-x-skandinavien\/"]}]},{"@type":"ImageObject","inLanguage":"pl-PL","@id":"https:\/\/instytutpolski.pl\/berlin\/20-filmpolska\/filmpolska-special-polen-x-skandinavien\/#primaryimage","url":"https:\/\/instytutpolski.pl\/berlin\/wp-content\/uploads\/sites\/3\/2025\/08\/Zrzut-ekranu-2025-08-2-o-04.53.06.png","contentUrl":"https:\/\/instytutpolski.pl\/berlin\/wp-content\/uploads\/sites\/3\/2025\/08\/Zrzut-ekranu-2025-08-2-o-04.53.06.png","width":2306,"height":870},{"@type":"BreadcrumbList","@id":"https:\/\/instytutpolski.pl\/berlin\/20-filmpolska\/filmpolska-special-polen-x-skandinavien\/#breadcrumb","itemListElement":[{"@type":"ListItem","position":1,"name":"Home","item":"https:\/\/instytutpolski.pl\/berlin\/"},{"@type":"ListItem","position":2,"name":"20. filmPOLSKA","item":"https:\/\/instytutpolski.pl\/berlin\/20-filmpolska\/"},{"@type":"ListItem","position":3,"name":"filmPOLSKA special: Polen x Skandinavien"}]},{"@type":"WebSite","@id":"https:\/\/instytutpolski.pl\/berlin\/#website","url":"https:\/\/instytutpolski.pl\/berlin\/","name":"Instytut Polski w Berlinie","description":"Instytuty Polskie","potentialAction":[{"@type":"SearchAction","target":{"@type":"EntryPoint","urlTemplate":"https:\/\/instytutpolski.pl\/berlin\/?s={search_term_string}"},"query-input":{"@type":"PropertyValueSpecification","valueRequired":true,"valueName":"search_term_string"}}],"inLanguage":"pl-PL"}]}},"_links":{"self":[{"href":"https:\/\/instytutpolski.pl\/berlin\/wp-json\/wp\/v2\/pages\/9935","targetHints":{"allow":["GET"]}}],"collection":[{"href":"https:\/\/instytutpolski.pl\/berlin\/wp-json\/wp\/v2\/pages"}],"about":[{"href":"https:\/\/instytutpolski.pl\/berlin\/wp-json\/wp\/v2\/types\/page"}],"author":[{"embeddable":true,"href":"https:\/\/instytutpolski.pl\/berlin\/wp-json\/wp\/v2\/users\/79"}],"replies":[{"embeddable":true,"href":"https:\/\/instytutpolski.pl\/berlin\/wp-json\/wp\/v2\/comments?post=9935"}],"version-history":[{"count":14,"href":"https:\/\/instytutpolski.pl\/berlin\/wp-json\/wp\/v2\/pages\/9935\/revisions"}],"predecessor-version":[{"id":10832,"href":"https:\/\/instytutpolski.pl\/berlin\/wp-json\/wp\/v2\/pages\/9935\/revisions\/10832"}],"up":[{"embeddable":true,"href":"https:\/\/instytutpolski.pl\/berlin\/wp-json\/wp\/v2\/pages\/3457"}],"wp:featuredmedia":[{"embeddable":true,"href":"https:\/\/instytutpolski.pl\/berlin\/wp-json\/wp\/v2\/media\/9714"}],"wp:attachment":[{"href":"https:\/\/instytutpolski.pl\/berlin\/wp-json\/wp\/v2\/media?parent=9935"}],"curies":[{"name":"wp","href":"https:\/\/api.w.org\/{rel}","templated":true}]}}