{"id":9947,"date":"2025-08-04T17:36:16","date_gmt":"2025-08-04T15:36:16","guid":{"rendered":"https:\/\/instytutpolski.pl\/berlin\/?page_id=9947"},"modified":"2025-08-04T18:59:56","modified_gmt":"2025-08-04T16:59:56","slug":"filmmusik-workshop","status":"publish","type":"page","link":"https:\/\/instytutpolski.pl\/berlin\/20-filmpolska\/filmmusik-workshop\/","title":{"rendered":"Filmmusik-Workshop"},"content":{"rendered":"\n<h4><span style=\"font-weight: 400\"><strong>mit Antoni Komasa-\u0141azarkiewicz<\/strong> <\/span><\/h4>\n<p><span style=\"font-weight: 400\"><br \/>Programmschwerpunkt \u201eGeschichte und Bildung\u201c<br \/><\/span><\/p>\n<p>Der Workshop richtet sich an Filmregisseur*innen und Komponist*innen. Die Teilnehmer*innen setzen sich mit dem Thema \u201eFilm und Musik\u201c auseinander. Im Mittelpunkt stehen dabei die Interaktion und der Dialog zwischen allen Beteiligten des kreativen Teams \u2013 wobei der Schwerpunkt auf den verschiedenen Kommunikationsmitteln zwischen Komponist*in und Regisseur*in liegt. Die Teilnehmenden erarbeiten gemeinsam die Musik f\u00fcr eine Szene, die entweder von den teilnehmenden Filmemacher*innen zur Verf\u00fcgung gestellt oder aus bereits existierenden Filmen ausgew\u00e4hlt wird.<\/p>\n<p>Der Workshop-Leiter <strong>Antoni Komasa-\u0141azarkiewicz<\/strong> studierte Komposition an der Musikhochschule Krak\u00f3w und hat Musik f\u00fcr zahlreiche Film-, Fernseh- und Theaterprojekte komponiert. Zu seinen wichtigsten Arbeiten geh\u00f6ren Filmmusiken f\u00fcr \u201eW ciemno\u015bci \/ In Darkness\u201c von Agnieszka Holland, \u201eTreasure \u2013 Familie ist ein fremdes Land\u201c von Julia von Heinz (zusammen mit Mary Komasa), \u201eQuo Vadis, Aida?\u201c von Jasmila \u017dbani\u0107 und \u201eDer \u00dcberl\u00e4ufer\u201c von Florian Gallenberger.<\/p>\n<p>Der Programmschwerpunkt \u201eGeschichte und Bildung\u201c wird unterst\u00fctzt aus Mitteln des Ministeriums f\u00fcr Kultur und Nationales Erbe der Republik Polen aus dem Fond f\u00fcr Kulturf\u00f6rderung.<\/p>\n<p>\u00a0<\/p>\n<div id=\"attachment_9654\" style=\"width: 810px\" class=\"wp-caption aligncenter\"><img loading=\"lazy\" decoding=\"async\" aria-describedby=\"caption-attachment-9654\" class=\"wp-image-9654\" src=\"https:\/\/instytutpolski.pl\/berlin\/wp-content\/uploads\/sites\/3\/2025\/07\/Antoni-Komasa-Lazarkiewicz-Zbigniew-Szymanczyk_cut-300x180.jpg\" alt=\"\" width=\"800\" height=\"481\" srcset=\"https:\/\/instytutpolski.pl\/berlin\/wp-content\/uploads\/sites\/3\/2025\/07\/Antoni-Komasa-Lazarkiewicz-Zbigniew-Szymanczyk_cut-300x180.jpg 300w, https:\/\/instytutpolski.pl\/berlin\/wp-content\/uploads\/sites\/3\/2025\/07\/Antoni-Komasa-Lazarkiewicz-Zbigniew-Szymanczyk_cut-1024x615.jpg 1024w, https:\/\/instytutpolski.pl\/berlin\/wp-content\/uploads\/sites\/3\/2025\/07\/Antoni-Komasa-Lazarkiewicz-Zbigniew-Szymanczyk_cut-768x462.jpg 768w, https:\/\/instytutpolski.pl\/berlin\/wp-content\/uploads\/sites\/3\/2025\/07\/Antoni-Komasa-Lazarkiewicz-Zbigniew-Szymanczyk_cut.jpg 1188w\" sizes=\"auto, (max-width: 800px) 100vw, 800px\" \/><p id=\"caption-attachment-9654\" class=\"wp-caption-text\">Antoni Komasa-\u0141azarkiewicz \u00a9 Zbigniew Szyma\u0144czyk<\/p><\/div>\n","protected":false},"excerpt":{"rendered":"<p>mit Antoni Komasa-\u0141azarkiewicz Programmschwerpunkt \u201eGeschichte und Bildung\u201c Der Workshop richtet sich an Filmregisseur*innen und Komponist*innen. Die Teilnehmer*innen setzen sich mit dem Thema \u201eFilm und Musik\u201c auseinander. Im Mittelpunkt stehen dabei die Interaktion und der Dialog zwischen allen Beteiligten des kreativen Teams \u2013 wobei der Schwerpunkt auf den verschiedenen Kommunikationsmitteln zwischen Komponist*in und Regisseur*in liegt. Die [&hellip;]<\/p>\n","protected":false},"author":79,"featured_media":9714,"parent":3457,"menu_order":0,"comment_status":"closed","ping_status":"closed","template":"","meta":{"inline_featured_image":false,"_monsterinsights_skip_tracking":false,"_monsterinsights_sitenote_active":false,"_monsterinsights_sitenote_note":"","_monsterinsights_sitenote_category":0,"footnotes":""},"class_list":["post-9947","page","type-page","status-publish","has-post-thumbnail","hentry"],"yoast_head":"<!-- This site is optimized with the Yoast SEO plugin v24.6 - https:\/\/yoast.com\/wordpress\/plugins\/seo\/ -->\n<title>Filmmusik-Workshop - Instytut Polski w Berlinie<\/title>\n<meta name=\"robots\" content=\"index, follow, max-snippet:-1, max-image-preview:large, max-video-preview:-1\" \/>\n<link rel=\"canonical\" href=\"https:\/\/instytutpolski.pl\/berlin\/20-filmpolska\/filmmusik-workshop\/\" \/>\n<meta property=\"og:locale\" content=\"pl_PL\" \/>\n<meta property=\"og:type\" content=\"article\" \/>\n<meta property=\"og:title\" content=\"Filmmusik-Workshop - Instytut Polski w Berlinie\" \/>\n<meta property=\"og:description\" content=\"mit Antoni Komasa-\u0141azarkiewicz Programmschwerpunkt \u201eGeschichte und Bildung\u201c Der Workshop richtet sich an Filmregisseur*innen und Komponist*innen. Die Teilnehmer*innen setzen sich mit dem Thema \u201eFilm und Musik\u201c auseinander. Im Mittelpunkt stehen dabei die Interaktion und der Dialog zwischen allen Beteiligten des kreativen Teams \u2013 wobei der Schwerpunkt auf den verschiedenen Kommunikationsmitteln zwischen Komponist*in und Regisseur*in liegt. Die [&hellip;]\" \/>\n<meta property=\"og:url\" content=\"https:\/\/instytutpolski.pl\/berlin\/20-filmpolska\/filmmusik-workshop\/\" \/>\n<meta property=\"og:site_name\" content=\"Instytut Polski w Berlinie\" \/>\n<meta property=\"article:modified_time\" content=\"2025-08-04T16:59:56+00:00\" \/>\n<meta property=\"og:image\" content=\"https:\/\/instytutpolski.pl\/berlin\/wp-content\/uploads\/sites\/3\/2025\/08\/Zrzut-ekranu-2025-08-2-o-04.53.06.png\" \/>\n\t<meta property=\"og:image:width\" content=\"2306\" \/>\n\t<meta property=\"og:image:height\" content=\"870\" \/>\n\t<meta property=\"og:image:type\" content=\"image\/png\" \/>\n<meta name=\"twitter:card\" content=\"summary_large_image\" \/>\n<meta name=\"twitter:label1\" content=\"Szacowany czas czytania\" \/>\n\t<meta name=\"twitter:data1\" content=\"2 minuty\" \/>\n<script type=\"application\/ld+json\" class=\"yoast-schema-graph\">{\"@context\":\"https:\/\/schema.org\",\"@graph\":[{\"@type\":\"WebPage\",\"@id\":\"https:\/\/instytutpolski.pl\/berlin\/20-filmpolska\/filmmusik-workshop\/\",\"url\":\"https:\/\/instytutpolski.pl\/berlin\/20-filmpolska\/filmmusik-workshop\/\",\"name\":\"Filmmusik-Workshop - Instytut Polski w Berlinie\",\"isPartOf\":{\"@id\":\"https:\/\/instytutpolski.pl\/berlin\/#website\"},\"primaryImageOfPage\":{\"@id\":\"https:\/\/instytutpolski.pl\/berlin\/20-filmpolska\/filmmusik-workshop\/#primaryimage\"},\"image\":{\"@id\":\"https:\/\/instytutpolski.pl\/berlin\/20-filmpolska\/filmmusik-workshop\/#primaryimage\"},\"thumbnailUrl\":\"https:\/\/instytutpolski.pl\/berlin\/wp-content\/uploads\/sites\/3\/2025\/08\/Zrzut-ekranu-2025-08-2-o-04.53.06.png\",\"datePublished\":\"2025-08-04T15:36:16+00:00\",\"dateModified\":\"2025-08-04T16:59:56+00:00\",\"breadcrumb\":{\"@id\":\"https:\/\/instytutpolski.pl\/berlin\/20-filmpolska\/filmmusik-workshop\/#breadcrumb\"},\"inLanguage\":\"pl-PL\",\"potentialAction\":[{\"@type\":\"ReadAction\",\"target\":[\"https:\/\/instytutpolski.pl\/berlin\/20-filmpolska\/filmmusik-workshop\/\"]}]},{\"@type\":\"ImageObject\",\"inLanguage\":\"pl-PL\",\"@id\":\"https:\/\/instytutpolski.pl\/berlin\/20-filmpolska\/filmmusik-workshop\/#primaryimage\",\"url\":\"https:\/\/instytutpolski.pl\/berlin\/wp-content\/uploads\/sites\/3\/2025\/08\/Zrzut-ekranu-2025-08-2-o-04.53.06.png\",\"contentUrl\":\"https:\/\/instytutpolski.pl\/berlin\/wp-content\/uploads\/sites\/3\/2025\/08\/Zrzut-ekranu-2025-08-2-o-04.53.06.png\",\"width\":2306,\"height\":870},{\"@type\":\"BreadcrumbList\",\"@id\":\"https:\/\/instytutpolski.pl\/berlin\/20-filmpolska\/filmmusik-workshop\/#breadcrumb\",\"itemListElement\":[{\"@type\":\"ListItem\",\"position\":1,\"name\":\"Home\",\"item\":\"https:\/\/instytutpolski.pl\/berlin\/\"},{\"@type\":\"ListItem\",\"position\":2,\"name\":\"20. filmPOLSKA\",\"item\":\"https:\/\/instytutpolski.pl\/berlin\/20-filmpolska\/\"},{\"@type\":\"ListItem\",\"position\":3,\"name\":\"Filmmusik-Workshop\"}]},{\"@type\":\"WebSite\",\"@id\":\"https:\/\/instytutpolski.pl\/berlin\/#website\",\"url\":\"https:\/\/instytutpolski.pl\/berlin\/\",\"name\":\"Instytut Polski w Berlinie\",\"description\":\"Instytuty Polskie\",\"potentialAction\":[{\"@type\":\"SearchAction\",\"target\":{\"@type\":\"EntryPoint\",\"urlTemplate\":\"https:\/\/instytutpolski.pl\/berlin\/?s={search_term_string}\"},\"query-input\":{\"@type\":\"PropertyValueSpecification\",\"valueRequired\":true,\"valueName\":\"search_term_string\"}}],\"inLanguage\":\"pl-PL\"}]}<\/script>\n<!-- \/ Yoast SEO plugin. -->","yoast_head_json":{"title":"Filmmusik-Workshop - Instytut Polski w Berlinie","robots":{"index":"index","follow":"follow","max-snippet":"max-snippet:-1","max-image-preview":"max-image-preview:large","max-video-preview":"max-video-preview:-1"},"canonical":"https:\/\/instytutpolski.pl\/berlin\/20-filmpolska\/filmmusik-workshop\/","og_locale":"pl_PL","og_type":"article","og_title":"Filmmusik-Workshop - Instytut Polski w Berlinie","og_description":"mit Antoni Komasa-\u0141azarkiewicz Programmschwerpunkt \u201eGeschichte und Bildung\u201c Der Workshop richtet sich an Filmregisseur*innen und Komponist*innen. Die Teilnehmer*innen setzen sich mit dem Thema \u201eFilm und Musik\u201c auseinander. Im Mittelpunkt stehen dabei die Interaktion und der Dialog zwischen allen Beteiligten des kreativen Teams \u2013 wobei der Schwerpunkt auf den verschiedenen Kommunikationsmitteln zwischen Komponist*in und Regisseur*in liegt. Die [&hellip;]","og_url":"https:\/\/instytutpolski.pl\/berlin\/20-filmpolska\/filmmusik-workshop\/","og_site_name":"Instytut Polski w Berlinie","article_modified_time":"2025-08-04T16:59:56+00:00","og_image":[{"width":2306,"height":870,"url":"https:\/\/instytutpolski.pl\/berlin\/wp-content\/uploads\/sites\/3\/2025\/08\/Zrzut-ekranu-2025-08-2-o-04.53.06.png","type":"image\/png"}],"twitter_card":"summary_large_image","twitter_misc":{"Szacowany czas czytania":"2 minuty"},"schema":{"@context":"https:\/\/schema.org","@graph":[{"@type":"WebPage","@id":"https:\/\/instytutpolski.pl\/berlin\/20-filmpolska\/filmmusik-workshop\/","url":"https:\/\/instytutpolski.pl\/berlin\/20-filmpolska\/filmmusik-workshop\/","name":"Filmmusik-Workshop - Instytut Polski w Berlinie","isPartOf":{"@id":"https:\/\/instytutpolski.pl\/berlin\/#website"},"primaryImageOfPage":{"@id":"https:\/\/instytutpolski.pl\/berlin\/20-filmpolska\/filmmusik-workshop\/#primaryimage"},"image":{"@id":"https:\/\/instytutpolski.pl\/berlin\/20-filmpolska\/filmmusik-workshop\/#primaryimage"},"thumbnailUrl":"https:\/\/instytutpolski.pl\/berlin\/wp-content\/uploads\/sites\/3\/2025\/08\/Zrzut-ekranu-2025-08-2-o-04.53.06.png","datePublished":"2025-08-04T15:36:16+00:00","dateModified":"2025-08-04T16:59:56+00:00","breadcrumb":{"@id":"https:\/\/instytutpolski.pl\/berlin\/20-filmpolska\/filmmusik-workshop\/#breadcrumb"},"inLanguage":"pl-PL","potentialAction":[{"@type":"ReadAction","target":["https:\/\/instytutpolski.pl\/berlin\/20-filmpolska\/filmmusik-workshop\/"]}]},{"@type":"ImageObject","inLanguage":"pl-PL","@id":"https:\/\/instytutpolski.pl\/berlin\/20-filmpolska\/filmmusik-workshop\/#primaryimage","url":"https:\/\/instytutpolski.pl\/berlin\/wp-content\/uploads\/sites\/3\/2025\/08\/Zrzut-ekranu-2025-08-2-o-04.53.06.png","contentUrl":"https:\/\/instytutpolski.pl\/berlin\/wp-content\/uploads\/sites\/3\/2025\/08\/Zrzut-ekranu-2025-08-2-o-04.53.06.png","width":2306,"height":870},{"@type":"BreadcrumbList","@id":"https:\/\/instytutpolski.pl\/berlin\/20-filmpolska\/filmmusik-workshop\/#breadcrumb","itemListElement":[{"@type":"ListItem","position":1,"name":"Home","item":"https:\/\/instytutpolski.pl\/berlin\/"},{"@type":"ListItem","position":2,"name":"20. filmPOLSKA","item":"https:\/\/instytutpolski.pl\/berlin\/20-filmpolska\/"},{"@type":"ListItem","position":3,"name":"Filmmusik-Workshop"}]},{"@type":"WebSite","@id":"https:\/\/instytutpolski.pl\/berlin\/#website","url":"https:\/\/instytutpolski.pl\/berlin\/","name":"Instytut Polski w Berlinie","description":"Instytuty Polskie","potentialAction":[{"@type":"SearchAction","target":{"@type":"EntryPoint","urlTemplate":"https:\/\/instytutpolski.pl\/berlin\/?s={search_term_string}"},"query-input":{"@type":"PropertyValueSpecification","valueRequired":true,"valueName":"search_term_string"}}],"inLanguage":"pl-PL"}]}},"_links":{"self":[{"href":"https:\/\/instytutpolski.pl\/berlin\/wp-json\/wp\/v2\/pages\/9947","targetHints":{"allow":["GET"]}}],"collection":[{"href":"https:\/\/instytutpolski.pl\/berlin\/wp-json\/wp\/v2\/pages"}],"about":[{"href":"https:\/\/instytutpolski.pl\/berlin\/wp-json\/wp\/v2\/types\/page"}],"author":[{"embeddable":true,"href":"https:\/\/instytutpolski.pl\/berlin\/wp-json\/wp\/v2\/users\/79"}],"replies":[{"embeddable":true,"href":"https:\/\/instytutpolski.pl\/berlin\/wp-json\/wp\/v2\/comments?post=9947"}],"version-history":[{"count":5,"href":"https:\/\/instytutpolski.pl\/berlin\/wp-json\/wp\/v2\/pages\/9947\/revisions"}],"predecessor-version":[{"id":10024,"href":"https:\/\/instytutpolski.pl\/berlin\/wp-json\/wp\/v2\/pages\/9947\/revisions\/10024"}],"up":[{"embeddable":true,"href":"https:\/\/instytutpolski.pl\/berlin\/wp-json\/wp\/v2\/pages\/3457"}],"wp:featuredmedia":[{"embeddable":true,"href":"https:\/\/instytutpolski.pl\/berlin\/wp-json\/wp\/v2\/media\/9714"}],"wp:attachment":[{"href":"https:\/\/instytutpolski.pl\/berlin\/wp-json\/wp\/v2\/media?parent=9947"}],"curies":[{"name":"wp","href":"https:\/\/api.w.org\/{rel}","templated":true}]}}