{"id":9957,"date":"2025-08-04T17:48:48","date_gmt":"2025-08-04T15:48:48","guid":{"rendered":"https:\/\/instytutpolski.pl\/berlin\/?page_id=9957"},"modified":"2025-08-12T12:51:04","modified_gmt":"2025-08-12T10:51:04","slug":"filmpolska-spezial-has-in-cannes","status":"publish","type":"page","link":"https:\/\/instytutpolski.pl\/berlin\/20-filmpolska\/filmpolska-spezial-has-in-cannes\/","title":{"rendered":"filmPOLSKA Spezial: Has in Cannes"},"content":{"rendered":"\n<p><img loading=\"lazy\" decoding=\"async\" class=\"alignright wp-image-10194\" src=\"https:\/\/instytutpolski.pl\/berlin\/wp-content\/uploads\/sites\/3\/2025\/08\/Wojciech-Jerzy-Has-gemeinfrei_opr-300x300.jpg\" alt=\"\" width=\"200\" height=\"200\" srcset=\"https:\/\/instytutpolski.pl\/berlin\/wp-content\/uploads\/sites\/3\/2025\/08\/Wojciech-Jerzy-Has-gemeinfrei_opr-300x300.jpg 300w, https:\/\/instytutpolski.pl\/berlin\/wp-content\/uploads\/sites\/3\/2025\/08\/Wojciech-Jerzy-Has-gemeinfrei_opr-150x150.jpg 150w, https:\/\/instytutpolski.pl\/berlin\/wp-content\/uploads\/sites\/3\/2025\/08\/Wojciech-Jerzy-Has-gemeinfrei_opr.jpg 700w\" sizes=\"auto, (max-width: 200px) 100vw, 200px\" \/>Neben <a href=\"https:\/\/instytutpolski.pl\/berlin\/20-filmpolska\/filmpolska-retrospektive-wojciech-kilar\/\">Wojciech Kilar<\/a> wird im filmPOLSKA-Jubil\u00e4umsjahrgang eine zweite Leinwand-Legende mit einer Sonderreihe geehrt \u2013 <strong><a href=\"https:\/\/de.wikipedia.org\/wiki\/Wojciech_Has\">Wojciech Jerzy Has<\/a><\/strong>, der vom polnischen Senat offiziell als \u201e<a href=\"https:\/\/iam.pl\/en\/projects-and-programmes\/projects-and-programmes\/the-year-of-wojciech-jerzy-has-2025\">Patron des Jahres 2025<\/a>\u201c ausgerufen wurde. filmPOLSKA zeigt zwei seiner Klassiker, die sich beim Filmfestival in Cannes im Wettbewerb um die Goldene Palme bewarben. \u201e<strong><a href=\"https:\/\/instytutpolski.pl\/berlin\/20-filmpolska\/filmpolska-spezial-has-in-cannes\/#jak\">Jak by\u0107 kochan\u0105 \/ How To Be Loved<\/a><\/strong>\u201c (1963) l\u00e4uft bei freiem Eintritt im Rahmen einer Sonderveranstaltung mit begleitender Diskussion in der Topographie des Terrors. Die Bruno-Schulz-Verfilmung \u201e<strong><a href=\"https:\/\/instytutpolski.pl\/berlin\/20-filmpolska\/filmpolska-spezial-has-in-cannes\/#sanatorium\">Sanatorium pod klepsydr\u0105 \/ The Hourglass Sanatorium<\/a><\/strong>\u201c (1973) wird der feierliche <a href=\"https:\/\/instytutpolski.pl\/berlin\/20-filmpolska\/filmpolska-abschluss\/\">Abschluss des Festivals<\/a> sein.<\/p>\n<p>\u00a0<\/p>\n<hr \/>\n<p>\u00a0<\/p>\n<h4><strong><a id=\"jak\"><\/a><a href=\"https:\/\/instytutpolski.pl\/berlin\/filme\/film\/jak-byc-kochana-3\/\">Jak by\u0107 kochan\u0105 \/ How To Be Loved \/ Die Kunst, geliebt zu werden<\/a><\/strong><\/h4>\n<p><br \/>PL 1963<br \/>R: Wojciech Jerzy Has<br \/>97 min, OmdU<br \/>B: Kazimierz Brandys<br \/>K: Stefan Matyjaszkiewicz<br \/>S: Zofia Dwornik<br \/>M: Lucjan Kaszycki<br \/>D: Barbara Krafft\u00f3wna, Zbigniew Cybulski, Wie\u0144czys\u0142aw Gli\u0144ski, Wies\u0142aw Go\u0142as, Wies\u0142awa Kwa\u015bniewska, Zdzis\u0142aw Maklakiewicz, Kalina J\u0119drusik u. a.<\/p>\n<p>Die bekannte Radiosprecherin Felicja fliegt Ende der 1950er-Jahre von Warschau nach Paris. Dabei erinnert sie sich an die Zeit der deutschen Besatzung im Zweiten Weltkrieg. Als junge Schauspielerin versteckte sie ihren Kollegen Wiktor, der 1939 einen \u201eVolksdeutschen\u201c get\u00f6tet hatte, in ihrer Wohnung. Um ihm das \u00dcberleben zu sichern, spielte sie f\u00fcr die Deutschen in einem Theater. Nach Kriegsende wurde Felicja deshalb als Kollaborateurin verurteilt. Wiktor wandte sich von ihr ab und nahm sich schlie\u00dflich das Leben.<\/p>\n<p>Der Spielfilm von Wojciech Jerzy Has (1925\u20132000) basiert auf der gleichnamigen Erz\u00e4hlung von Kazimierz Brandys (1916\u20132000). Die inneren Monologe aus dem Buch \u00fcbersetzt Has in R\u00fcckblenden. Reflektiert wird eine weibliche Perspektive auf das Leben unter deutscher Besatzung im Zweiten Weltkrieg und die Zeit danach. Zugleich ist der Film eine kritische Auseinandersetzung mit patriotischen Heldenmythen. Das psychologische Drama um Liebe und Verrat z\u00e4hlt zu den Meisterwerken des polnischen Films und lief auf zahlreichen internationalen Festivals. <em>[Andreas Mix]<\/em><\/p>\n<p><strong><em>11.09. \/ 19:00 \/ Topographie des Terrors \/ zu Gast: Dr. Martin Sander &amp; Andreas Mix \/ Eintritt frei<\/em><\/strong><\/p>\n<p>\u00a0<\/p>\n<div id=\"attachment_9584\" style=\"width: 810px\" class=\"wp-caption aligncenter\"><img loading=\"lazy\" decoding=\"async\" aria-describedby=\"caption-attachment-9584\" class=\"wp-image-9584\" src=\"https:\/\/instytutpolski.pl\/berlin\/wp-content\/uploads\/sites\/3\/2025\/07\/Jak-byc-kochana-How-To-Be-Loved-Janusz-Zachwajewski-Kadr-Film-Studio-fototeka.fn_-300x213.jpg\" alt=\"\" width=\"800\" height=\"568\" srcset=\"https:\/\/instytutpolski.pl\/berlin\/wp-content\/uploads\/sites\/3\/2025\/07\/Jak-byc-kochana-How-To-Be-Loved-Janusz-Zachwajewski-Kadr-Film-Studio-fototeka.fn_-300x213.jpg 300w, https:\/\/instytutpolski.pl\/berlin\/wp-content\/uploads\/sites\/3\/2025\/07\/Jak-byc-kochana-How-To-Be-Loved-Janusz-Zachwajewski-Kadr-Film-Studio-fototeka.fn_-768x545.jpg 768w, https:\/\/instytutpolski.pl\/berlin\/wp-content\/uploads\/sites\/3\/2025\/07\/Jak-byc-kochana-How-To-Be-Loved-Janusz-Zachwajewski-Kadr-Film-Studio-fototeka.fn_.jpg 800w\" sizes=\"auto, (max-width: 800px) 100vw, 800px\" \/><p id=\"caption-attachment-9584\" class=\"wp-caption-text\">Jak by\u0107 kochan\u0105 \/ Die Kunst, geliebt zu werden \u00a9 Janusz Zachwajewski \/ Kadr Film Studio \/ fototeka.fn<\/p><\/div>\n<p>\u00a0<\/p>\n<hr \/>\n<p><strong>\u00a0<\/strong><\/p>\n<h4><strong><a id=\"sanatorium\"><\/a><a href=\"https:\/\/instytutpolski.pl\/berlin\/filme\/film\/sanatorium-pod-klepsydra-2\/\">Sanatorium pod klepsydr\u0105 \/ The Hourglass Sanatorium<\/a><\/strong><\/h4>\n<p><br \/>PL 1973<br \/>R\/B: Wojciech Jerzy Has<br \/>119 min, OmeU<br \/>K: Witold Soboci\u0144ski<br \/>S: Janina Nied\u017awiecka<br \/>M:Jerzy Maksymiuk<br \/>D: Jan Nowicki, Tadeusz Kondrat, Irena Orska, Halina Kowalska, Gustaw Holoubek, Mieczys\u0142aw Voit, Ludwik Benoit Bielenia u. a.<\/p>\n<p>Mit wuchernder Fantastik und groteskem Humor entwarf der von den Nazis ermordete Dichter Bruno Schulz in seinem Erz\u00e4hlband \u201eDas Sanatorium zur Todesanzeige\u201c ein privatmythologisches Universum der unwiederbringlich versunkenen j\u00fcdischen Lebenswelt Ostgaliziens \u2013 einer Traumlandschaft der Visionen und Obsessionen, die ihm den Ruf eines geistigen Zwillings von Franz Kafka eingebracht hat. Wojciech Jerzy Has erhielt f\u00fcr seine sp\u00e4ter zensierte Adaption des Stoffes 1973 den Spezialpreis der Jury in Cannes.<\/p>\n<p>Film wie Buch erz\u00e4hlen die sonderbare Geschichte des polnischen Juden J\u00f3zef, der ein Sanatorium besucht, in dem sein \u00fcberm\u00e4chtiger Vater Jakub nach dem Tod verweilt. Es folgt eine Reise in die tiefsten Schichten des Unbewussten und des Imagin\u00e4ren \u2013 dorthin, wo die Zeit aus den Fugen ger\u00e4t und sogar r\u00fcckw\u00e4rts l\u00e4uft. Has inszeniert den bizarren Trip als Metapher auf Identit\u00e4tssuche und Errettung eines kollektiven Ged\u00e4chtnisses: Jedes Mal, wenn J\u00f3zef unter das Bett des Vaters kriecht, taucht er in die surreal anmutende Welt seiner Kindheit hinab, in den Mikrokosmos eines osteurop\u00e4ischen Schtetls zu Beginn des 20. Jahrhunderts \u2013 eine Lebenswelt, die mit ihrer wundersamen Mixtur von Kulturen l\u00e4ngst dem Untergang geweiht ist.<em> [Margarete Wach]<\/em><\/p>\n<p><strong><em>17.09. \/ 18:30 \/ Klick Kino \/ <a href=\"https:\/\/instytutpolski.pl\/berlin\/20-filmpolska\/filmpolska-abschluss\/\">filmPOLSKA-Abschluss<\/a>, anschl. Get Together mit dem filmPOLSKA-Team<\/em><\/strong><\/p>\n<p>\u00a0<\/p>\n<div id=\"attachment_9781\" style=\"width: 810px\" class=\"wp-caption aligncenter\"><img loading=\"lazy\" decoding=\"async\" aria-describedby=\"caption-attachment-9781\" class=\"wp-image-9781\" src=\"https:\/\/instytutpolski.pl\/berlin\/wp-content\/uploads\/sites\/3\/2025\/08\/sanatorium-pod-klepsydra-1-F-1870-190-300x215.jpg\" alt=\"\" width=\"800\" height=\"573\" srcset=\"https:\/\/instytutpolski.pl\/berlin\/wp-content\/uploads\/sites\/3\/2025\/08\/sanatorium-pod-klepsydra-1-F-1870-190-300x215.jpg 300w, https:\/\/instytutpolski.pl\/berlin\/wp-content\/uploads\/sites\/3\/2025\/08\/sanatorium-pod-klepsydra-1-F-1870-190-1024x733.jpg 1024w, https:\/\/instytutpolski.pl\/berlin\/wp-content\/uploads\/sites\/3\/2025\/08\/sanatorium-pod-klepsydra-1-F-1870-190-768x550.jpg 768w, https:\/\/instytutpolski.pl\/berlin\/wp-content\/uploads\/sites\/3\/2025\/08\/sanatorium-pod-klepsydra-1-F-1870-190-1536x1100.jpg 1536w, https:\/\/instytutpolski.pl\/berlin\/wp-content\/uploads\/sites\/3\/2025\/08\/sanatorium-pod-klepsydra-1-F-1870-190-2048x1466.jpg 2048w\" sizes=\"auto, (max-width: 800px) 100vw, 800px\" \/><p id=\"caption-attachment-9781\" class=\"wp-caption-text\">Sanatorium pod klepsydr\u0105 \/ The Hourglass Sanatorium<\/p><\/div>\n","protected":false},"excerpt":{"rendered":"<p>Neben Wojciech Kilar wird im filmPOLSKA-Jubil\u00e4umsjahrgang eine zweite Leinwand-Legende mit einer Sonderreihe geehrt \u2013 Wojciech Jerzy Has, der vom polnischen Senat offiziell als \u201ePatron des Jahres 2025\u201c ausgerufen wurde. filmPOLSKA zeigt zwei seiner Klassiker, die sich beim Filmfestival in Cannes im Wettbewerb um die Goldene Palme bewarben. \u201eJak by\u0107 kochan\u0105 \/ How To Be Loved\u201c [&hellip;]<\/p>\n","protected":false},"author":79,"featured_media":9714,"parent":3457,"menu_order":0,"comment_status":"closed","ping_status":"closed","template":"","meta":{"inline_featured_image":false,"_monsterinsights_skip_tracking":false,"_monsterinsights_sitenote_active":false,"_monsterinsights_sitenote_note":"","_monsterinsights_sitenote_category":0,"footnotes":""},"class_list":["post-9957","page","type-page","status-publish","has-post-thumbnail","hentry"],"yoast_head":"<!-- This site is optimized with the Yoast SEO plugin v24.6 - https:\/\/yoast.com\/wordpress\/plugins\/seo\/ -->\n<title>filmPOLSKA Spezial: Has in Cannes - Instytut Polski w Berlinie<\/title>\n<meta name=\"robots\" content=\"index, follow, max-snippet:-1, max-image-preview:large, max-video-preview:-1\" \/>\n<link rel=\"canonical\" href=\"https:\/\/instytutpolski.pl\/berlin\/20-filmpolska\/filmpolska-spezial-has-in-cannes\/\" \/>\n<meta property=\"og:locale\" content=\"pl_PL\" \/>\n<meta property=\"og:type\" content=\"article\" \/>\n<meta property=\"og:title\" content=\"filmPOLSKA Spezial: Has in Cannes - Instytut Polski w Berlinie\" \/>\n<meta property=\"og:description\" content=\"Neben Wojciech Kilar wird im filmPOLSKA-Jubil\u00e4umsjahrgang eine zweite Leinwand-Legende mit einer Sonderreihe geehrt \u2013 Wojciech Jerzy Has, der vom polnischen Senat offiziell als \u201ePatron des Jahres 2025\u201c ausgerufen wurde. filmPOLSKA zeigt zwei seiner Klassiker, die sich beim Filmfestival in Cannes im Wettbewerb um die Goldene Palme bewarben. \u201eJak by\u0107 kochan\u0105 \/ How To Be Loved\u201c [&hellip;]\" \/>\n<meta property=\"og:url\" content=\"https:\/\/instytutpolski.pl\/berlin\/20-filmpolska\/filmpolska-spezial-has-in-cannes\/\" \/>\n<meta property=\"og:site_name\" content=\"Instytut Polski w Berlinie\" \/>\n<meta property=\"article:modified_time\" content=\"2025-08-12T10:51:04+00:00\" \/>\n<meta property=\"og:image\" content=\"https:\/\/instytutpolski.pl\/berlin\/wp-content\/uploads\/sites\/3\/2025\/08\/Zrzut-ekranu-2025-08-2-o-04.53.06.png\" \/>\n\t<meta property=\"og:image:width\" content=\"2306\" \/>\n\t<meta property=\"og:image:height\" content=\"870\" \/>\n\t<meta property=\"og:image:type\" content=\"image\/png\" \/>\n<meta name=\"twitter:card\" content=\"summary_large_image\" \/>\n<meta name=\"twitter:label1\" content=\"Szacowany czas czytania\" \/>\n\t<meta name=\"twitter:data1\" content=\"5 minut\" \/>\n<script type=\"application\/ld+json\" class=\"yoast-schema-graph\">{\"@context\":\"https:\/\/schema.org\",\"@graph\":[{\"@type\":\"WebPage\",\"@id\":\"https:\/\/instytutpolski.pl\/berlin\/20-filmpolska\/filmpolska-spezial-has-in-cannes\/\",\"url\":\"https:\/\/instytutpolski.pl\/berlin\/20-filmpolska\/filmpolska-spezial-has-in-cannes\/\",\"name\":\"filmPOLSKA Spezial: Has in Cannes - Instytut Polski w Berlinie\",\"isPartOf\":{\"@id\":\"https:\/\/instytutpolski.pl\/berlin\/#website\"},\"primaryImageOfPage\":{\"@id\":\"https:\/\/instytutpolski.pl\/berlin\/20-filmpolska\/filmpolska-spezial-has-in-cannes\/#primaryimage\"},\"image\":{\"@id\":\"https:\/\/instytutpolski.pl\/berlin\/20-filmpolska\/filmpolska-spezial-has-in-cannes\/#primaryimage\"},\"thumbnailUrl\":\"https:\/\/instytutpolski.pl\/berlin\/wp-content\/uploads\/sites\/3\/2025\/08\/Zrzut-ekranu-2025-08-2-o-04.53.06.png\",\"datePublished\":\"2025-08-04T15:48:48+00:00\",\"dateModified\":\"2025-08-12T10:51:04+00:00\",\"breadcrumb\":{\"@id\":\"https:\/\/instytutpolski.pl\/berlin\/20-filmpolska\/filmpolska-spezial-has-in-cannes\/#breadcrumb\"},\"inLanguage\":\"pl-PL\",\"potentialAction\":[{\"@type\":\"ReadAction\",\"target\":[\"https:\/\/instytutpolski.pl\/berlin\/20-filmpolska\/filmpolska-spezial-has-in-cannes\/\"]}]},{\"@type\":\"ImageObject\",\"inLanguage\":\"pl-PL\",\"@id\":\"https:\/\/instytutpolski.pl\/berlin\/20-filmpolska\/filmpolska-spezial-has-in-cannes\/#primaryimage\",\"url\":\"https:\/\/instytutpolski.pl\/berlin\/wp-content\/uploads\/sites\/3\/2025\/08\/Zrzut-ekranu-2025-08-2-o-04.53.06.png\",\"contentUrl\":\"https:\/\/instytutpolski.pl\/berlin\/wp-content\/uploads\/sites\/3\/2025\/08\/Zrzut-ekranu-2025-08-2-o-04.53.06.png\",\"width\":2306,\"height\":870},{\"@type\":\"BreadcrumbList\",\"@id\":\"https:\/\/instytutpolski.pl\/berlin\/20-filmpolska\/filmpolska-spezial-has-in-cannes\/#breadcrumb\",\"itemListElement\":[{\"@type\":\"ListItem\",\"position\":1,\"name\":\"Home\",\"item\":\"https:\/\/instytutpolski.pl\/berlin\/\"},{\"@type\":\"ListItem\",\"position\":2,\"name\":\"20. filmPOLSKA\",\"item\":\"https:\/\/instytutpolski.pl\/berlin\/20-filmpolska\/\"},{\"@type\":\"ListItem\",\"position\":3,\"name\":\"filmPOLSKA Spezial: Has in Cannes\"}]},{\"@type\":\"WebSite\",\"@id\":\"https:\/\/instytutpolski.pl\/berlin\/#website\",\"url\":\"https:\/\/instytutpolski.pl\/berlin\/\",\"name\":\"Instytut Polski w Berlinie\",\"description\":\"Instytuty Polskie\",\"potentialAction\":[{\"@type\":\"SearchAction\",\"target\":{\"@type\":\"EntryPoint\",\"urlTemplate\":\"https:\/\/instytutpolski.pl\/berlin\/?s={search_term_string}\"},\"query-input\":{\"@type\":\"PropertyValueSpecification\",\"valueRequired\":true,\"valueName\":\"search_term_string\"}}],\"inLanguage\":\"pl-PL\"}]}<\/script>\n<!-- \/ Yoast SEO plugin. -->","yoast_head_json":{"title":"filmPOLSKA Spezial: Has in Cannes - Instytut Polski w Berlinie","robots":{"index":"index","follow":"follow","max-snippet":"max-snippet:-1","max-image-preview":"max-image-preview:large","max-video-preview":"max-video-preview:-1"},"canonical":"https:\/\/instytutpolski.pl\/berlin\/20-filmpolska\/filmpolska-spezial-has-in-cannes\/","og_locale":"pl_PL","og_type":"article","og_title":"filmPOLSKA Spezial: Has in Cannes - Instytut Polski w Berlinie","og_description":"Neben Wojciech Kilar wird im filmPOLSKA-Jubil\u00e4umsjahrgang eine zweite Leinwand-Legende mit einer Sonderreihe geehrt \u2013 Wojciech Jerzy Has, der vom polnischen Senat offiziell als \u201ePatron des Jahres 2025\u201c ausgerufen wurde. filmPOLSKA zeigt zwei seiner Klassiker, die sich beim Filmfestival in Cannes im Wettbewerb um die Goldene Palme bewarben. \u201eJak by\u0107 kochan\u0105 \/ How To Be Loved\u201c [&hellip;]","og_url":"https:\/\/instytutpolski.pl\/berlin\/20-filmpolska\/filmpolska-spezial-has-in-cannes\/","og_site_name":"Instytut Polski w Berlinie","article_modified_time":"2025-08-12T10:51:04+00:00","og_image":[{"width":2306,"height":870,"url":"https:\/\/instytutpolski.pl\/berlin\/wp-content\/uploads\/sites\/3\/2025\/08\/Zrzut-ekranu-2025-08-2-o-04.53.06.png","type":"image\/png"}],"twitter_card":"summary_large_image","twitter_misc":{"Szacowany czas czytania":"5 minut"},"schema":{"@context":"https:\/\/schema.org","@graph":[{"@type":"WebPage","@id":"https:\/\/instytutpolski.pl\/berlin\/20-filmpolska\/filmpolska-spezial-has-in-cannes\/","url":"https:\/\/instytutpolski.pl\/berlin\/20-filmpolska\/filmpolska-spezial-has-in-cannes\/","name":"filmPOLSKA Spezial: Has in Cannes - Instytut Polski w Berlinie","isPartOf":{"@id":"https:\/\/instytutpolski.pl\/berlin\/#website"},"primaryImageOfPage":{"@id":"https:\/\/instytutpolski.pl\/berlin\/20-filmpolska\/filmpolska-spezial-has-in-cannes\/#primaryimage"},"image":{"@id":"https:\/\/instytutpolski.pl\/berlin\/20-filmpolska\/filmpolska-spezial-has-in-cannes\/#primaryimage"},"thumbnailUrl":"https:\/\/instytutpolski.pl\/berlin\/wp-content\/uploads\/sites\/3\/2025\/08\/Zrzut-ekranu-2025-08-2-o-04.53.06.png","datePublished":"2025-08-04T15:48:48+00:00","dateModified":"2025-08-12T10:51:04+00:00","breadcrumb":{"@id":"https:\/\/instytutpolski.pl\/berlin\/20-filmpolska\/filmpolska-spezial-has-in-cannes\/#breadcrumb"},"inLanguage":"pl-PL","potentialAction":[{"@type":"ReadAction","target":["https:\/\/instytutpolski.pl\/berlin\/20-filmpolska\/filmpolska-spezial-has-in-cannes\/"]}]},{"@type":"ImageObject","inLanguage":"pl-PL","@id":"https:\/\/instytutpolski.pl\/berlin\/20-filmpolska\/filmpolska-spezial-has-in-cannes\/#primaryimage","url":"https:\/\/instytutpolski.pl\/berlin\/wp-content\/uploads\/sites\/3\/2025\/08\/Zrzut-ekranu-2025-08-2-o-04.53.06.png","contentUrl":"https:\/\/instytutpolski.pl\/berlin\/wp-content\/uploads\/sites\/3\/2025\/08\/Zrzut-ekranu-2025-08-2-o-04.53.06.png","width":2306,"height":870},{"@type":"BreadcrumbList","@id":"https:\/\/instytutpolski.pl\/berlin\/20-filmpolska\/filmpolska-spezial-has-in-cannes\/#breadcrumb","itemListElement":[{"@type":"ListItem","position":1,"name":"Home","item":"https:\/\/instytutpolski.pl\/berlin\/"},{"@type":"ListItem","position":2,"name":"20. filmPOLSKA","item":"https:\/\/instytutpolski.pl\/berlin\/20-filmpolska\/"},{"@type":"ListItem","position":3,"name":"filmPOLSKA Spezial: Has in Cannes"}]},{"@type":"WebSite","@id":"https:\/\/instytutpolski.pl\/berlin\/#website","url":"https:\/\/instytutpolski.pl\/berlin\/","name":"Instytut Polski w Berlinie","description":"Instytuty Polskie","potentialAction":[{"@type":"SearchAction","target":{"@type":"EntryPoint","urlTemplate":"https:\/\/instytutpolski.pl\/berlin\/?s={search_term_string}"},"query-input":{"@type":"PropertyValueSpecification","valueRequired":true,"valueName":"search_term_string"}}],"inLanguage":"pl-PL"}]}},"_links":{"self":[{"href":"https:\/\/instytutpolski.pl\/berlin\/wp-json\/wp\/v2\/pages\/9957","targetHints":{"allow":["GET"]}}],"collection":[{"href":"https:\/\/instytutpolski.pl\/berlin\/wp-json\/wp\/v2\/pages"}],"about":[{"href":"https:\/\/instytutpolski.pl\/berlin\/wp-json\/wp\/v2\/types\/page"}],"author":[{"embeddable":true,"href":"https:\/\/instytutpolski.pl\/berlin\/wp-json\/wp\/v2\/users\/79"}],"replies":[{"embeddable":true,"href":"https:\/\/instytutpolski.pl\/berlin\/wp-json\/wp\/v2\/comments?post=9957"}],"version-history":[{"count":16,"href":"https:\/\/instytutpolski.pl\/berlin\/wp-json\/wp\/v2\/pages\/9957\/revisions"}],"predecessor-version":[{"id":10450,"href":"https:\/\/instytutpolski.pl\/berlin\/wp-json\/wp\/v2\/pages\/9957\/revisions\/10450"}],"up":[{"embeddable":true,"href":"https:\/\/instytutpolski.pl\/berlin\/wp-json\/wp\/v2\/pages\/3457"}],"wp:featuredmedia":[{"embeddable":true,"href":"https:\/\/instytutpolski.pl\/berlin\/wp-json\/wp\/v2\/media\/9714"}],"wp:attachment":[{"href":"https:\/\/instytutpolski.pl\/berlin\/wp-json\/wp\/v2\/media?parent=9957"}],"curies":[{"name":"wp","href":"https:\/\/api.w.org\/{rel}","templated":true}]}}