{"id":115,"date":"2019-06-06T20:13:43","date_gmt":"2019-06-06T18:13:43","guid":{"rendered":"https:\/\/instytutpolski.pl\/bratyslawa\/?page_id=115"},"modified":"2019-06-06T20:13:30","modified_gmt":"2019-06-06T18:13:30","slug":"o-nas","status":"publish","type":"page","link":"https:\/\/instytutpolski.pl\/bratislava\/o-nas\/","title":{"rendered":"O n\u00e1s"},"content":{"rendered":"\n<h3>Poslanie Po\u013esk\u00fdch in\u0161tit\u00fatov<\/h3>\n<p style=\"font-weight: 400\">Po\u013esk\u00e9 in\u0161tit\u00faty, kult\u00farne in\u0161tit\u00facie spadaj\u00face pod po\u013esk\u00e9 Ministerstvo zahrani\u010dn\u00fdch vec\u00ed, sa nach\u00e1dzaj\u00fa v 25 mest\u00e1ch na svete: Bratislave, Budape\u0161ti, Prahe, Viedni, Berl\u00edne, Lipsku, D\u00fcsseldorfe,\u00a0\u0160tokholme, Lond\u00fdne, Par\u00ed\u017ei, Bruseli, Madride, R\u00edme, Moskve, Petrohrade, Minsku, Kyjeve, Sofii, Vilniuse, Bukure\u0161ti, New Yorku, Tel Avive, Na\u00ed Dill\u00ed, Tokiu a Pekingu. V z\u00e1vislosti od prior\u00edt \u0161t\u00e1tnej politiky vo\u010di konkr\u00e9tnej krajine, ako aj od ro\u010dn\u00fdch prior\u00edt verejnej a\u00a0kult\u00farnej diplomacie realizuj\u00fa ciele a z\u00e1mery Ministerstva zahrani\u010dn\u00fdch vec\u00ed Po\u013eskej republiky v oblasti umenia, kult\u00fary, vedy, vzdel\u00e1vania a informovania o s\u00fa\u010dasnom politickom a spolo\u010denskom dian\u00ed v Po\u013esku. In\u0161tit\u00faty napom\u00e1haj\u00fa tie\u017e v rozvoji priate\u013esk\u00fdch a partnersk\u00fdch vz\u0165ahov medzi vl\u00e1dnymi a mimovl\u00e1dnymi organiz\u00e1ciami, zaoberaj\u00facimi sa realiz\u00e1ciou uveden\u00fdch aktiv\u00edt, a\u00a0priamo medzi umelcami. Spolupracuj\u00fa pri organiz\u00e1cii ve\u013ek\u00fdch podujat\u00ed bilater\u00e1lneho a medzin\u00e1rodn\u00e9ho charakteru a sprostredk\u00favaj\u00fa kontakty medzi r\u00f4znymi organiz\u00e1ciami v Po\u013esku a krajinou, v ktorej sa nach\u00e1dza ich s\u00eddlo.<\/p>\n<p style=\"font-weight: 400\">\u00a0<\/p>\n<h3>Po\u013esk\u00fd in\u0161tit\u00fat v Bratislave<\/h3>\n<p style=\"font-weight: 400\">Po\u013esk\u00fd in\u0161tit\u00fat bol otvoren\u00fd v septembri 1950 a mal n\u00e1zov Nov\u00e9 Po\u013esko. Od roku 1982 fungoval ako Po\u013esk\u00e9 informa\u010dn\u00e9 a kult\u00farne stredisko a od 9. febru\u00e1ra 1994 existuje ako Po\u013esk\u00fd in\u0161tit\u00fat. U\u017e od roku 1953 s\u00eddli na tej istej adrese na N\u00e1m. SNP. \u00dalohou in\u0161tit\u00fatu je \u0161\u00edrenie inform\u00e1ci\u00ed o Po\u013esku, populariz\u00e1cia v\u00fdsledkov po\u013eskej kult\u00fary, umenia a vedy, podporovanie spolupr\u00e1ce medzi Po\u013eskom a Slovenskom v oblasti kult\u00fary, vedy a \u0161kolstva, prehlbovanie priate\u013esk\u00fdch po\u013esko-slovensk\u00fdch vz\u0165ahov. \u0164a\u017eiskovou programovou formou realiz\u00e1cie cie\u013eov s\u00fa v\u00fdstavy v\u00a0na\u0161ej gal\u00e9rii \u2013 asi 12 expoz\u00edci\u00ed ro\u010dne. Organizuj\u00fa sa aj in\u00e9 podujatia: koncerty, predn\u00e1\u0161ky, projekcie filmov, autorsk\u00e9 stretnutia, poetick\u00e9 ve\u010dery, prezent\u00e1cie kn\u00edh, vedeck\u00e9 semin\u00e1re, stretnutia liter\u00e1tov, jazykovedcov a prekladate\u013eov po\u013eskej pr\u00f3zy a po\u00e9zie &#8211; ro\u010dne viac ako 180 podujat\u00ed. In\u0161tit\u00fat organizuje ro\u010dn\u00e9 kurzy po\u013esk\u00e9ho jazyka, na ktor\u00e9 sa ka\u017ed\u00fd rok hl\u00e1si pribli\u017ene 50-60 os\u00f4b. In\u0161tit\u00fat udr\u017eiava kontakty s viacer\u00fdmi kult\u00farnymi in\u0161tit\u00faciami a tvoriv\u00fdmi zv\u00e4zmi, s ktor\u00fdmi \u010dasto organizuje spolo\u010dn\u00e9 podujatia. Z\u00e1ujemcov o po\u013esk\u00fa tla\u010d a knihu iste uspokoj\u00ed zbierka vy\u0161e 10 000 titulov kn\u00edh a 60 titulov \u010dasopisov.<\/p>\n<p style=\"font-weight: 400\">\u00a0<\/p>\n<p style=\"font-weight: 400\">Po\u013esk\u00fd in\u0161tit\u00fat patr\u00ed medzi najakt\u00edvnej\u0161ie zahrani\u010dn\u00e9 kult\u00farne organiz\u00e1cie na Slovensku. Je \u010dlenom bratislavskej skupiny EUNIC (EU National Institutes for Culture). Drviv\u00e1 v\u00e4\u010d\u0161ina podujat\u00ed, na ktor\u00fdch sa z\u00fa\u010dast\u0148uj\u00fa po\u013esk\u00ed umelci alebo sa prezentuje po\u013esk\u00e1 kult\u00fara \u010di veda, sa kon\u00e1 s organiza\u010dno-finan\u010dnou pomocou in\u0161tit\u00fatu. Podujatia in\u0161tit\u00fatu sa nekonaj\u00fa len v Bratislave, ale aj v Ko\u0161iciach, \u017diline, Banskej Bystrici, Pre\u0161ove, Nitre, Leviciach a v in\u00fdch slovensk\u00fdch mest\u00e1ch.<\/p>\n\n\n\n<ul class=\"wp-block-gallery columns-3 is-cropped wp-block-gallery-1 is-layout-flex wp-block-gallery-is-layout-flex\"><li class=\"blocks-gallery-item\"><figure><a href=\"https:\/\/instytutpolski.pl\/bratyslawa\/wp-content\/uploads\/sites\/13\/2019\/06\/1.jpg\"><img loading=\"lazy\" decoding=\"async\" width=\"591\" height=\"442\" src=\"https:\/\/instytutpolski.pl\/bratyslawa\/wp-content\/uploads\/sites\/13\/2019\/06\/1.jpg\" alt=\"\" data-id=\"116\" data-link=\"https:\/\/instytutpolski.pl\/bratyslawa\/?attachment_id=116\" class=\"wp-image-116\" srcset=\"https:\/\/instytutpolski.pl\/bratislava\/wp-content\/uploads\/sites\/13\/2019\/06\/1.jpg 591w, https:\/\/instytutpolski.pl\/bratislava\/wp-content\/uploads\/sites\/13\/2019\/06\/1-300x224.jpg 300w\" sizes=\"auto, (max-width: 591px) 100vw, 591px\" \/><\/a><\/figure><\/li><li class=\"blocks-gallery-item\"><figure><a href=\"https:\/\/instytutpolski.pl\/bratyslawa\/wp-content\/uploads\/sites\/13\/2019\/06\/3.jpg\"><img loading=\"lazy\" decoding=\"async\" width=\"442\" height=\"591\" src=\"https:\/\/instytutpolski.pl\/bratyslawa\/wp-content\/uploads\/sites\/13\/2019\/06\/3.jpg\" alt=\"\" data-id=\"117\" data-link=\"https:\/\/instytutpolski.pl\/bratyslawa\/?attachment_id=117\" class=\"wp-image-117\" srcset=\"https:\/\/instytutpolski.pl\/bratislava\/wp-content\/uploads\/sites\/13\/2019\/06\/3.jpg 442w, https:\/\/instytutpolski.pl\/bratislava\/wp-content\/uploads\/sites\/13\/2019\/06\/3-224x300.jpg 224w\" sizes=\"auto, (max-width: 442px) 100vw, 442px\" \/><\/a><\/figure><\/li><li class=\"blocks-gallery-item\"><figure><a href=\"https:\/\/instytutpolski.pl\/bratyslawa\/wp-content\/uploads\/sites\/13\/2019\/06\/2.jpg\"><img loading=\"lazy\" decoding=\"async\" width=\"591\" height=\"442\" src=\"https:\/\/instytutpolski.pl\/bratyslawa\/wp-content\/uploads\/sites\/13\/2019\/06\/2.jpg\" alt=\"\" data-id=\"118\" data-link=\"https:\/\/instytutpolski.pl\/bratyslawa\/?attachment_id=118\" class=\"wp-image-118\" srcset=\"https:\/\/instytutpolski.pl\/bratislava\/wp-content\/uploads\/sites\/13\/2019\/06\/2.jpg 591w, https:\/\/instytutpolski.pl\/bratislava\/wp-content\/uploads\/sites\/13\/2019\/06\/2-300x224.jpg 300w\" sizes=\"auto, (max-width: 591px) 100vw, 591px\" \/><\/a><\/figure><\/li><\/ul>\n\n\n\n<p><\/p>\n","protected":false},"excerpt":{"rendered":"<p>Poslanie Po\u013esk\u00fdch in\u0161tit\u00fatov Po\u013esk\u00e9 in\u0161tit\u00faty, kult\u00farne in\u0161tit\u00facie spadaj\u00face pod po\u013esk\u00e9 Ministerstvo zahrani\u010dn\u00fdch vec\u00ed, sa nach\u00e1dzaj\u00fa v 25 mest\u00e1ch na svete: Bratislave, Budape\u0161ti, Prahe, Viedni, Berl\u00edne, Lipsku, D\u00fcsseldorfe,\u00a0\u0160tokholme, Lond\u00fdne, Par\u00ed\u017ei, Bruseli, Madride, R\u00edme, Moskve, Petrohrade, Minsku, Kyjeve, Sofii, Vilniuse, Bukure\u0161ti, New Yorku, Tel Avive, Na\u00ed Dill\u00ed, Tokiu a Pekingu. V z\u00e1vislosti od prior\u00edt \u0161t\u00e1tnej politiky vo\u010di [&hellip;]<\/p>\n","protected":false},"author":1,"featured_media":5274,"parent":0,"menu_order":0,"comment_status":"closed","ping_status":"closed","template":"page-big-event.php","meta":{"inline_featured_image":false,"_monsterinsights_skip_tracking":false,"_monsterinsights_sitenote_active":false,"_monsterinsights_sitenote_note":"","_monsterinsights_sitenote_category":0,"footnotes":""},"class_list":["post-115","page","type-page","status-publish","has-post-thumbnail","hentry"],"yoast_head":"<!-- This site is optimized with the Yoast SEO plugin v24.6 - https:\/\/yoast.com\/wordpress\/plugins\/seo\/ -->\n<title>O n\u00e1s - Instytut Polski w Bratys\u0142awie<\/title>\n<meta name=\"robots\" content=\"index, follow, max-snippet:-1, max-image-preview:large, max-video-preview:-1\" \/>\n<link rel=\"canonical\" href=\"https:\/\/instytutpolski.pl\/bratislava\/o-nas\/\" \/>\n<meta property=\"og:locale\" content=\"pl_PL\" \/>\n<meta property=\"og:type\" content=\"article\" \/>\n<meta property=\"og:title\" content=\"O n\u00e1s - Instytut Polski w Bratys\u0142awie\" \/>\n<meta property=\"og:description\" content=\"Poslanie Po\u013esk\u00fdch in\u0161tit\u00fatov Po\u013esk\u00e9 in\u0161tit\u00faty, kult\u00farne in\u0161tit\u00facie spadaj\u00face pod po\u013esk\u00e9 Ministerstvo zahrani\u010dn\u00fdch vec\u00ed, sa nach\u00e1dzaj\u00fa v 25 mest\u00e1ch na svete: Bratislave, Budape\u0161ti, Prahe, Viedni, Berl\u00edne, Lipsku, D\u00fcsseldorfe,\u00a0\u0160tokholme, Lond\u00fdne, Par\u00ed\u017ei, Bruseli, Madride, R\u00edme, Moskve, Petrohrade, Minsku, Kyjeve, Sofii, Vilniuse, Bukure\u0161ti, New Yorku, Tel Avive, Na\u00ed Dill\u00ed, Tokiu a Pekingu. V z\u00e1vislosti od prior\u00edt \u0161t\u00e1tnej politiky vo\u010di [&hellip;]\" \/>\n<meta property=\"og:url\" content=\"https:\/\/instytutpolski.pl\/bratislava\/o-nas\/\" \/>\n<meta property=\"og:site_name\" content=\"Instytut Polski w Bratys\u0142awie\" \/>\n<meta property=\"og:image\" content=\"https:\/\/instytutpolski.pl\/bratyslawa\/wp-content\/uploads\/sites\/13\/2019\/06\/1.jpg\" \/>\n<meta name=\"twitter:card\" content=\"summary_large_image\" \/>\n<meta name=\"twitter:label1\" content=\"Szacowany czas czytania\" \/>\n\t<meta name=\"twitter:data1\" content=\"3 minuty\" \/>\n<script type=\"application\/ld+json\" class=\"yoast-schema-graph\">{\"@context\":\"https:\/\/schema.org\",\"@graph\":[{\"@type\":\"WebPage\",\"@id\":\"https:\/\/instytutpolski.pl\/bratislava\/o-nas\/\",\"url\":\"https:\/\/instytutpolski.pl\/bratislava\/o-nas\/\",\"name\":\"O n\u00e1s - Instytut Polski w Bratys\u0142awie\",\"isPartOf\":{\"@id\":\"https:\/\/instytutpolski.pl\/bratislava\/#website\"},\"primaryImageOfPage\":{\"@id\":\"https:\/\/instytutpolski.pl\/bratislava\/o-nas\/#primaryimage\"},\"image\":{\"@id\":\"https:\/\/instytutpolski.pl\/bratislava\/o-nas\/#primaryimage\"},\"thumbnailUrl\":\"https:\/\/instytutpolski.pl\/bratislava\/wp-content\/uploads\/sites\/13\/2022\/09\/IPB.png\",\"datePublished\":\"2019-06-06T18:13:43+00:00\",\"breadcrumb\":{\"@id\":\"https:\/\/instytutpolski.pl\/bratislava\/o-nas\/#breadcrumb\"},\"inLanguage\":\"pl-PL\",\"potentialAction\":[{\"@type\":\"ReadAction\",\"target\":[\"https:\/\/instytutpolski.pl\/bratislava\/o-nas\/\"]}]},{\"@type\":\"ImageObject\",\"inLanguage\":\"pl-PL\",\"@id\":\"https:\/\/instytutpolski.pl\/bratislava\/o-nas\/#primaryimage\",\"url\":\"https:\/\/instytutpolski.pl\/bratislava\/wp-content\/uploads\/sites\/13\/2022\/09\/IPB.png\",\"contentUrl\":\"https:\/\/instytutpolski.pl\/bratislava\/wp-content\/uploads\/sites\/13\/2022\/09\/IPB.png\",\"width\":3840,\"height\":1981},{\"@type\":\"BreadcrumbList\",\"@id\":\"https:\/\/instytutpolski.pl\/bratislava\/o-nas\/#breadcrumb\",\"itemListElement\":[{\"@type\":\"ListItem\",\"position\":1,\"name\":\"Home\",\"item\":\"https:\/\/instytutpolski.pl\/bratislava\/\"},{\"@type\":\"ListItem\",\"position\":2,\"name\":\"O n\u00e1s\"}]},{\"@type\":\"WebSite\",\"@id\":\"https:\/\/instytutpolski.pl\/bratislava\/#website\",\"url\":\"https:\/\/instytutpolski.pl\/bratislava\/\",\"name\":\"Instytut Polski w Bratys\u0142awie\",\"description\":\"Instytuty Polskie\",\"potentialAction\":[{\"@type\":\"SearchAction\",\"target\":{\"@type\":\"EntryPoint\",\"urlTemplate\":\"https:\/\/instytutpolski.pl\/bratislava\/?s={search_term_string}\"},\"query-input\":{\"@type\":\"PropertyValueSpecification\",\"valueRequired\":true,\"valueName\":\"search_term_string\"}}],\"inLanguage\":\"pl-PL\"}]}<\/script>\n<!-- \/ Yoast SEO plugin. -->","yoast_head_json":{"title":"O n\u00e1s - Instytut Polski w Bratys\u0142awie","robots":{"index":"index","follow":"follow","max-snippet":"max-snippet:-1","max-image-preview":"max-image-preview:large","max-video-preview":"max-video-preview:-1"},"canonical":"https:\/\/instytutpolski.pl\/bratislava\/o-nas\/","og_locale":"pl_PL","og_type":"article","og_title":"O n\u00e1s - Instytut Polski w Bratys\u0142awie","og_description":"Poslanie Po\u013esk\u00fdch in\u0161tit\u00fatov Po\u013esk\u00e9 in\u0161tit\u00faty, kult\u00farne in\u0161tit\u00facie spadaj\u00face pod po\u013esk\u00e9 Ministerstvo zahrani\u010dn\u00fdch vec\u00ed, sa nach\u00e1dzaj\u00fa v 25 mest\u00e1ch na svete: Bratislave, Budape\u0161ti, Prahe, Viedni, Berl\u00edne, Lipsku, D\u00fcsseldorfe,\u00a0\u0160tokholme, Lond\u00fdne, Par\u00ed\u017ei, Bruseli, Madride, R\u00edme, Moskve, Petrohrade, Minsku, Kyjeve, Sofii, Vilniuse, Bukure\u0161ti, New Yorku, Tel Avive, Na\u00ed Dill\u00ed, Tokiu a Pekingu. V z\u00e1vislosti od prior\u00edt \u0161t\u00e1tnej politiky vo\u010di [&hellip;]","og_url":"https:\/\/instytutpolski.pl\/bratislava\/o-nas\/","og_site_name":"Instytut Polski w Bratys\u0142awie","og_image":[{"url":"https:\/\/instytutpolski.pl\/bratyslawa\/wp-content\/uploads\/sites\/13\/2019\/06\/1.jpg","type":"","width":"","height":""}],"twitter_card":"summary_large_image","twitter_misc":{"Szacowany czas czytania":"3 minuty"},"schema":{"@context":"https:\/\/schema.org","@graph":[{"@type":"WebPage","@id":"https:\/\/instytutpolski.pl\/bratislava\/o-nas\/","url":"https:\/\/instytutpolski.pl\/bratislava\/o-nas\/","name":"O n\u00e1s - Instytut Polski w Bratys\u0142awie","isPartOf":{"@id":"https:\/\/instytutpolski.pl\/bratislava\/#website"},"primaryImageOfPage":{"@id":"https:\/\/instytutpolski.pl\/bratislava\/o-nas\/#primaryimage"},"image":{"@id":"https:\/\/instytutpolski.pl\/bratislava\/o-nas\/#primaryimage"},"thumbnailUrl":"https:\/\/instytutpolski.pl\/bratislava\/wp-content\/uploads\/sites\/13\/2022\/09\/IPB.png","datePublished":"2019-06-06T18:13:43+00:00","breadcrumb":{"@id":"https:\/\/instytutpolski.pl\/bratislava\/o-nas\/#breadcrumb"},"inLanguage":"pl-PL","potentialAction":[{"@type":"ReadAction","target":["https:\/\/instytutpolski.pl\/bratislava\/o-nas\/"]}]},{"@type":"ImageObject","inLanguage":"pl-PL","@id":"https:\/\/instytutpolski.pl\/bratislava\/o-nas\/#primaryimage","url":"https:\/\/instytutpolski.pl\/bratislava\/wp-content\/uploads\/sites\/13\/2022\/09\/IPB.png","contentUrl":"https:\/\/instytutpolski.pl\/bratislava\/wp-content\/uploads\/sites\/13\/2022\/09\/IPB.png","width":3840,"height":1981},{"@type":"BreadcrumbList","@id":"https:\/\/instytutpolski.pl\/bratislava\/o-nas\/#breadcrumb","itemListElement":[{"@type":"ListItem","position":1,"name":"Home","item":"https:\/\/instytutpolski.pl\/bratislava\/"},{"@type":"ListItem","position":2,"name":"O n\u00e1s"}]},{"@type":"WebSite","@id":"https:\/\/instytutpolski.pl\/bratislava\/#website","url":"https:\/\/instytutpolski.pl\/bratislava\/","name":"Instytut Polski w Bratys\u0142awie","description":"Instytuty Polskie","potentialAction":[{"@type":"SearchAction","target":{"@type":"EntryPoint","urlTemplate":"https:\/\/instytutpolski.pl\/bratislava\/?s={search_term_string}"},"query-input":{"@type":"PropertyValueSpecification","valueRequired":true,"valueName":"search_term_string"}}],"inLanguage":"pl-PL"}]}},"_links":{"self":[{"href":"https:\/\/instytutpolski.pl\/bratislava\/wp-json\/wp\/v2\/pages\/115","targetHints":{"allow":["GET"]}}],"collection":[{"href":"https:\/\/instytutpolski.pl\/bratislava\/wp-json\/wp\/v2\/pages"}],"about":[{"href":"https:\/\/instytutpolski.pl\/bratislava\/wp-json\/wp\/v2\/types\/page"}],"author":[{"embeddable":true,"href":"https:\/\/instytutpolski.pl\/bratislava\/wp-json\/wp\/v2\/users\/1"}],"replies":[{"embeddable":true,"href":"https:\/\/instytutpolski.pl\/bratislava\/wp-json\/wp\/v2\/comments?post=115"}],"version-history":[{"count":1,"href":"https:\/\/instytutpolski.pl\/bratislava\/wp-json\/wp\/v2\/pages\/115\/revisions"}],"predecessor-version":[{"id":119,"href":"https:\/\/instytutpolski.pl\/bratislava\/wp-json\/wp\/v2\/pages\/115\/revisions\/119"}],"wp:featuredmedia":[{"embeddable":true,"href":"https:\/\/instytutpolski.pl\/bratislava\/wp-json\/wp\/v2\/media\/5274"}],"wp:attachment":[{"href":"https:\/\/instytutpolski.pl\/bratislava\/wp-json\/wp\/v2\/media?parent=115"}],"curies":[{"name":"wp","href":"https:\/\/api.w.org\/{rel}","templated":true}]}}