{"id":120,"date":"2019-06-06T20:13:43","date_gmt":"2019-06-06T18:13:43","guid":{"rendered":"https:\/\/instytutpolski.pl\/bratyslawa\/?page_id=120"},"modified":"2022-10-01T11:59:18","modified_gmt":"2022-10-01T09:59:18","slug":"o-nas-2","status":"publish","type":"page","link":"https:\/\/instytutpolski.pl\/bratislava\/pl\/o-nas-2\/","title":{"rendered":"O nas"},"content":{"rendered":"\n<p><strong>Siedem dziesi\u0119cioleci. Trzy generacje. Tysi\u0105ce odwiedzaj\u0105cych. Setki wystaw i wernisa\u017cy, koncert\u00f3w i publicznych dyskusji, trudna do policzenia liczba ucz\u0105cych si\u0119 j\u0119zyka polskiego. Niezapomniany przez wielu sklep. Polska w sercu Bratys\u0142awy. <\/strong><\/p>\n<p>Ju\u017c od ponad 70 lat mieszka\u0144cy Bratys\u0142awy i S\u0142owacy mog\u0105 poznawa\u0107 polsk\u0105 sztuk\u0119, literatur\u0119, muzyk\u0119 i j\u0119zyk polski, polsk\u0105 histori\u0119, tradycje, zwyczaje, wsp\u00f3\u0142czesne osi\u0105gni\u0119cia. To wszystko dzi\u0119ki Instytutowi Polskiemu, kt\u00f3ry pod nazw\u0105 Nowa Polska zainaugurowa\u0142 swoj\u0105 dzia\u0142alno\u015b\u0107 26 wrze\u015bnia 1950 roku. Po trzech latach zmienili\u015bmy siedzib\u0119. Nasz obecny adres: Plac S\u0142owackiego Powstania Narodowego 27, trwale wpisa\u0142 si\u0119 w kulturaln\u0105 map\u0119 s\u0142owackiej metropolii. I nie tylko jej. Najlepszym tego przyk\u0142adem b\u0119dzie \u017cargonowe \u201eSpotkajmy si\u0119 u Polak\u00f3w\u201d, co oznacza spotkanie na rogu Placu SNP i ulicy Kapeluszowej, przed wej\u015bciem do Instytutu Polskiego.<\/p>\n<p>Zmieniali\u015bmy nazw\u0119: Polskie Biuro Informacyjne Nowa Polska, Polski O\u015brodek Kultury, O\u015brodek Informacji i Kultury Polskiej (1982), Instytut Polski (od 9 lutego 1994 r.). Coraz nowocze\u015bniejsze by\u0142y \u015brodki komunikacji, z roku na rok zyskiwali\u015bmy nowe mo\u017cliwo\u015bci i narz\u0119dzia dzia\u0142ania. Lecz nasz cel pozostawa\u0142 sta\u0142y: informowanie o Polsce i Polakach, promowanie Polski, przybli\u017canie Polski S\u0142owakom. Wydaje si\u0119, \u017ce jest to \u0142atwe zadanie, bo S\u0142owacy i Polacy s\u0105 s\u0105siadami, nasze j\u0119zyki s\u0105 bardzo podobne, odwiedzamy siebie. Od ponad 30 lat granica przecie\u017c nie oddziela, ale \u0142\u0105czy. Nic z tych rzeczy. Ta relatywna blisko\u015b\u0107 jest z\u0142udna. Polakom wydaje si\u0119, \u017ce znaj\u0105 S\u0142owacj\u0119 i S\u0142owak\u00f3w, bo je\u017cd\u017c\u0105 w Tatry na narty, a S\u0142owacy s\u0105dz\u0105, i\u017c poznali Polsk\u0119 i Polak\u00f3w bo byli w Krakowie i zrobili zakupy w Nowym Targu. Projekty i dzia\u0142ania Instytutu Polskiego \u2013 mamy nadziej\u0119 \u2013 cho\u0107 troch\u0119 zmieni\u0142y to nastawienie i S\u0142owacy lepiej znaj\u0105 i rozumiej\u0105 swoich p\u00f3\u0142nocnych s\u0105siad\u00f3w.<\/p>\n<p>Instytut Polski nie ogranicza\u0142 swojej aktywno\u015bci tylko do Bratys\u0142awy. Dni Polskie organizowali\u015bmy na ca\u0142ej S\u0142owacji. Trudno wskaza\u0107 festiwale muzyczne czy teatralne, przegl\u0105dy filmowe, wystawy, targi ksi\u0105\u017cki bez polskiego udzia\u0142u, wspieranego przez nasz Instytut. Mamy partner\u00f3w w ca\u0142ej S\u0142owacji (w Koszycach, \u017bylinie, Ba\u0144skiej Bystrzycy, Preszowie i innych s\u0142owackich miastach). Stale wsp\u00f3\u0142pracujemy z polonistykami na uniwersytetach w Bratys\u0142awie, Ba\u0144skiej Bystrzycy i Preszowie, aby jak najwi\u0119cej m\u0142odych S\u0142owak\u00f3w pozna\u0142o j\u0119zyk polski, a z nim polskie obyczaje, kultur\u0119 i histori\u0119, aby mogli to wykorzystywa\u0107 w swojej pracy zawodowej. W tym celu wsp\u00f3\u0142dzia\u0142amy tak\u017ce z Polakami \u017cyj\u0105cymi na S\u0142owacji, s\u0142owack\u0105 Poloni\u0105. Organizujemy tak\u017ce inne przedsi\u0119wzi\u0119cia: koncerty, wyk\u0142ady, spotkania autorskie, wieczory poetyckie, prezentacje ksi\u0105\u017cek, seminaria naukowe, spotkania literat\u00f3w, j\u0119zykoznawc\u00f3w oraz t\u0142umaczy polskiej prozy i poezji \u2013 rocznie oko\u0142o 200 inicjatyw, w kt\u00f3rych uczestniczy oko\u0142o 2500 go\u015bci.<\/p>\n<p>Instytut Polski w Bratys\u0142awie organizuje te\u017c roczne kursy j\u0119zyka polskiego, na kt\u00f3re co rocznie zg\u0142asza si\u0119 50 \u2013 60 os\u00f3b. Zainteresowanych polsk\u0105 pras\u0105 i ksi\u0105\u017ck\u0105 na pewno zadowoli zbi\u00f3r ponad 7 000 tytu\u0142\u00f3w ksi\u0105\u017cek i 60 tytu\u0142\u00f3w dziennik\u00f3w i czasopism. Instytut Polski nale\u017cy do najaktywniejszych w\u015br\u00f3d zagranicznych instytucji kulturalnych na S\u0142owacji.<\/p>\n\n\n\n<figure class=\"wp-block-gallery has-nested-images columns-default is-cropped wp-block-gallery-1 is-layout-flex wp-block-gallery-is-layout-flex\">\n<figure class=\"wp-block-image\"><a href=\"https:\/\/instytutpolski.pl\/bratislava\/wp-content\/uploads\/sites\/13\/2019\/06\/1.jpg\"><img loading=\"lazy\" decoding=\"async\" width=\"591\" height=\"442\" data-id=\"116\" src=\"https:\/\/instytutpolski.pl\/bratyslawa\/wp-content\/uploads\/sites\/13\/2019\/06\/1.jpg\" alt=\"\" class=\"wp-image-116\" srcset=\"https:\/\/instytutpolski.pl\/bratislava\/wp-content\/uploads\/sites\/13\/2019\/06\/1.jpg 591w, https:\/\/instytutpolski.pl\/bratislava\/wp-content\/uploads\/sites\/13\/2019\/06\/1-300x224.jpg 300w\" sizes=\"auto, (max-width: 591px) 100vw, 591px\" \/><\/a><\/figure>\n\n\n\n<figure class=\"wp-block-image\"><a href=\"https:\/\/instytutpolski.pl\/bratislava\/wp-content\/uploads\/sites\/13\/2019\/06\/3.jpg\"><img loading=\"lazy\" decoding=\"async\" width=\"442\" height=\"591\" data-id=\"117\" src=\"https:\/\/instytutpolski.pl\/bratyslawa\/wp-content\/uploads\/sites\/13\/2019\/06\/3.jpg\" alt=\"\" class=\"wp-image-117\" srcset=\"https:\/\/instytutpolski.pl\/bratislava\/wp-content\/uploads\/sites\/13\/2019\/06\/3.jpg 442w, https:\/\/instytutpolski.pl\/bratislava\/wp-content\/uploads\/sites\/13\/2019\/06\/3-224x300.jpg 224w\" sizes=\"auto, (max-width: 442px) 100vw, 442px\" \/><\/a><\/figure>\n\n\n\n<figure class=\"wp-block-image\"><a href=\"https:\/\/instytutpolski.pl\/bratislava\/wp-content\/uploads\/sites\/13\/2019\/06\/2.jpg\"><img loading=\"lazy\" decoding=\"async\" width=\"591\" height=\"442\" data-id=\"118\" src=\"https:\/\/instytutpolski.pl\/bratyslawa\/wp-content\/uploads\/sites\/13\/2019\/06\/2.jpg\" alt=\"\" class=\"wp-image-118\" srcset=\"https:\/\/instytutpolski.pl\/bratislava\/wp-content\/uploads\/sites\/13\/2019\/06\/2.jpg 591w, https:\/\/instytutpolski.pl\/bratislava\/wp-content\/uploads\/sites\/13\/2019\/06\/2-300x224.jpg 300w\" sizes=\"auto, (max-width: 591px) 100vw, 591px\" \/><\/a><\/figure>\n<\/figure>\n","protected":false},"excerpt":{"rendered":"<p>Siedem dziesi\u0119cioleci. Trzy generacje. Tysi\u0105ce odwiedzaj\u0105cych. Setki wystaw i wernisa\u017cy, koncert\u00f3w i publicznych dyskusji, trudna do policzenia liczba ucz\u0105cych si\u0119 j\u0119zyka polskiego. Niezapomniany przez wielu sklep. Polska w sercu Bratys\u0142awy. Ju\u017c od ponad 70 lat mieszka\u0144cy Bratys\u0142awy i S\u0142owacy mog\u0105 poznawa\u0107 polsk\u0105 sztuk\u0119, literatur\u0119, muzyk\u0119 i j\u0119zyk polski, polsk\u0105 histori\u0119, tradycje, zwyczaje, wsp\u00f3\u0142czesne osi\u0105gni\u0119cia. To [&hellip;]<\/p>\n","protected":false},"author":1,"featured_media":5274,"parent":0,"menu_order":0,"comment_status":"closed","ping_status":"closed","template":"page-big-event.php","meta":{"inline_featured_image":false,"_monsterinsights_skip_tracking":false,"_monsterinsights_sitenote_active":false,"_monsterinsights_sitenote_note":"","_monsterinsights_sitenote_category":0,"footnotes":""},"class_list":["post-120","page","type-page","status-publish","has-post-thumbnail","hentry"],"yoast_head":"<!-- This site is optimized with the Yoast SEO plugin v24.6 - https:\/\/yoast.com\/wordpress\/plugins\/seo\/ -->\n<title>O nas - Instytut Polski w Bratys\u0142awie<\/title>\n<meta name=\"robots\" content=\"index, follow, max-snippet:-1, max-image-preview:large, max-video-preview:-1\" \/>\n<link rel=\"canonical\" href=\"https:\/\/instytutpolski.pl\/bratislava\/pl\/o-nas-2\/\" \/>\n<meta property=\"og:locale\" content=\"pl_PL\" \/>\n<meta property=\"og:type\" content=\"article\" \/>\n<meta property=\"og:title\" content=\"O nas - Instytut Polski w Bratys\u0142awie\" \/>\n<meta property=\"og:description\" content=\"Siedem dziesi\u0119cioleci. Trzy generacje. Tysi\u0105ce odwiedzaj\u0105cych. Setki wystaw i wernisa\u017cy, koncert\u00f3w i publicznych dyskusji, trudna do policzenia liczba ucz\u0105cych si\u0119 j\u0119zyka polskiego. Niezapomniany przez wielu sklep. Polska w sercu Bratys\u0142awy. Ju\u017c od ponad 70 lat mieszka\u0144cy Bratys\u0142awy i S\u0142owacy mog\u0105 poznawa\u0107 polsk\u0105 sztuk\u0119, literatur\u0119, muzyk\u0119 i j\u0119zyk polski, polsk\u0105 histori\u0119, tradycje, zwyczaje, wsp\u00f3\u0142czesne osi\u0105gni\u0119cia. To [&hellip;]\" \/>\n<meta property=\"og:url\" content=\"https:\/\/instytutpolski.pl\/bratislava\/pl\/o-nas-2\/\" \/>\n<meta property=\"og:site_name\" content=\"Instytut Polski w Bratys\u0142awie\" \/>\n<meta property=\"article:modified_time\" content=\"2022-10-01T09:59:18+00:00\" \/>\n<meta property=\"og:image\" content=\"https:\/\/instytutpolski.pl\/bratislava\/wp-content\/uploads\/sites\/13\/2022\/09\/IPB-1024x528.png\" \/>\n\t<meta property=\"og:image:width\" content=\"1024\" \/>\n\t<meta property=\"og:image:height\" content=\"528\" \/>\n\t<meta property=\"og:image:type\" content=\"image\/png\" \/>\n<meta name=\"twitter:card\" content=\"summary_large_image\" \/>\n<meta name=\"twitter:label1\" content=\"Szacowany czas czytania\" \/>\n\t<meta name=\"twitter:data1\" content=\"4 minuty\" \/>\n<script type=\"application\/ld+json\" class=\"yoast-schema-graph\">{\"@context\":\"https:\/\/schema.org\",\"@graph\":[{\"@type\":\"WebPage\",\"@id\":\"https:\/\/instytutpolski.pl\/bratislava\/pl\/o-nas-2\/\",\"url\":\"https:\/\/instytutpolski.pl\/bratislava\/pl\/o-nas-2\/\",\"name\":\"O nas - Instytut Polski w Bratys\u0142awie\",\"isPartOf\":{\"@id\":\"https:\/\/instytutpolski.pl\/bratislava\/#website\"},\"primaryImageOfPage\":{\"@id\":\"https:\/\/instytutpolski.pl\/bratislava\/pl\/o-nas-2\/#primaryimage\"},\"image\":{\"@id\":\"https:\/\/instytutpolski.pl\/bratislava\/pl\/o-nas-2\/#primaryimage\"},\"thumbnailUrl\":\"https:\/\/instytutpolski.pl\/bratislava\/wp-content\/uploads\/sites\/13\/2022\/09\/IPB.png\",\"datePublished\":\"2019-06-06T18:13:43+00:00\",\"dateModified\":\"2022-10-01T09:59:18+00:00\",\"breadcrumb\":{\"@id\":\"https:\/\/instytutpolski.pl\/bratislava\/pl\/o-nas-2\/#breadcrumb\"},\"inLanguage\":\"pl-PL\",\"potentialAction\":[{\"@type\":\"ReadAction\",\"target\":[\"https:\/\/instytutpolski.pl\/bratislava\/pl\/o-nas-2\/\"]}]},{\"@type\":\"ImageObject\",\"inLanguage\":\"pl-PL\",\"@id\":\"https:\/\/instytutpolski.pl\/bratislava\/pl\/o-nas-2\/#primaryimage\",\"url\":\"https:\/\/instytutpolski.pl\/bratislava\/wp-content\/uploads\/sites\/13\/2022\/09\/IPB.png\",\"contentUrl\":\"https:\/\/instytutpolski.pl\/bratislava\/wp-content\/uploads\/sites\/13\/2022\/09\/IPB.png\",\"width\":3840,\"height\":1981},{\"@type\":\"BreadcrumbList\",\"@id\":\"https:\/\/instytutpolski.pl\/bratislava\/pl\/o-nas-2\/#breadcrumb\",\"itemListElement\":[{\"@type\":\"ListItem\",\"position\":1,\"name\":\"Home\",\"item\":\"https:\/\/instytutpolski.pl\/bratislava\/\"},{\"@type\":\"ListItem\",\"position\":2,\"name\":\"O nas\"}]},{\"@type\":\"WebSite\",\"@id\":\"https:\/\/instytutpolski.pl\/bratislava\/#website\",\"url\":\"https:\/\/instytutpolski.pl\/bratislava\/\",\"name\":\"Instytut Polski w Bratys\u0142awie\",\"description\":\"Instytuty Polskie\",\"potentialAction\":[{\"@type\":\"SearchAction\",\"target\":{\"@type\":\"EntryPoint\",\"urlTemplate\":\"https:\/\/instytutpolski.pl\/bratislava\/?s={search_term_string}\"},\"query-input\":{\"@type\":\"PropertyValueSpecification\",\"valueRequired\":true,\"valueName\":\"search_term_string\"}}],\"inLanguage\":\"pl-PL\"}]}<\/script>\n<!-- \/ Yoast SEO plugin. -->","yoast_head_json":{"title":"O nas - Instytut Polski w Bratys\u0142awie","robots":{"index":"index","follow":"follow","max-snippet":"max-snippet:-1","max-image-preview":"max-image-preview:large","max-video-preview":"max-video-preview:-1"},"canonical":"https:\/\/instytutpolski.pl\/bratislava\/pl\/o-nas-2\/","og_locale":"pl_PL","og_type":"article","og_title":"O nas - Instytut Polski w Bratys\u0142awie","og_description":"Siedem dziesi\u0119cioleci. Trzy generacje. Tysi\u0105ce odwiedzaj\u0105cych. Setki wystaw i wernisa\u017cy, koncert\u00f3w i publicznych dyskusji, trudna do policzenia liczba ucz\u0105cych si\u0119 j\u0119zyka polskiego. Niezapomniany przez wielu sklep. Polska w sercu Bratys\u0142awy. Ju\u017c od ponad 70 lat mieszka\u0144cy Bratys\u0142awy i S\u0142owacy mog\u0105 poznawa\u0107 polsk\u0105 sztuk\u0119, literatur\u0119, muzyk\u0119 i j\u0119zyk polski, polsk\u0105 histori\u0119, tradycje, zwyczaje, wsp\u00f3\u0142czesne osi\u0105gni\u0119cia. To [&hellip;]","og_url":"https:\/\/instytutpolski.pl\/bratislava\/pl\/o-nas-2\/","og_site_name":"Instytut Polski w Bratys\u0142awie","article_modified_time":"2022-10-01T09:59:18+00:00","og_image":[{"width":1024,"height":528,"url":"https:\/\/instytutpolski.pl\/bratislava\/wp-content\/uploads\/sites\/13\/2022\/09\/IPB-1024x528.png","type":"image\/png"}],"twitter_card":"summary_large_image","twitter_misc":{"Szacowany czas czytania":"4 minuty"},"schema":{"@context":"https:\/\/schema.org","@graph":[{"@type":"WebPage","@id":"https:\/\/instytutpolski.pl\/bratislava\/pl\/o-nas-2\/","url":"https:\/\/instytutpolski.pl\/bratislava\/pl\/o-nas-2\/","name":"O nas - Instytut Polski w Bratys\u0142awie","isPartOf":{"@id":"https:\/\/instytutpolski.pl\/bratislava\/#website"},"primaryImageOfPage":{"@id":"https:\/\/instytutpolski.pl\/bratislava\/pl\/o-nas-2\/#primaryimage"},"image":{"@id":"https:\/\/instytutpolski.pl\/bratislava\/pl\/o-nas-2\/#primaryimage"},"thumbnailUrl":"https:\/\/instytutpolski.pl\/bratislava\/wp-content\/uploads\/sites\/13\/2022\/09\/IPB.png","datePublished":"2019-06-06T18:13:43+00:00","dateModified":"2022-10-01T09:59:18+00:00","breadcrumb":{"@id":"https:\/\/instytutpolski.pl\/bratislava\/pl\/o-nas-2\/#breadcrumb"},"inLanguage":"pl-PL","potentialAction":[{"@type":"ReadAction","target":["https:\/\/instytutpolski.pl\/bratislava\/pl\/o-nas-2\/"]}]},{"@type":"ImageObject","inLanguage":"pl-PL","@id":"https:\/\/instytutpolski.pl\/bratislava\/pl\/o-nas-2\/#primaryimage","url":"https:\/\/instytutpolski.pl\/bratislava\/wp-content\/uploads\/sites\/13\/2022\/09\/IPB.png","contentUrl":"https:\/\/instytutpolski.pl\/bratislava\/wp-content\/uploads\/sites\/13\/2022\/09\/IPB.png","width":3840,"height":1981},{"@type":"BreadcrumbList","@id":"https:\/\/instytutpolski.pl\/bratislava\/pl\/o-nas-2\/#breadcrumb","itemListElement":[{"@type":"ListItem","position":1,"name":"Home","item":"https:\/\/instytutpolski.pl\/bratislava\/"},{"@type":"ListItem","position":2,"name":"O nas"}]},{"@type":"WebSite","@id":"https:\/\/instytutpolski.pl\/bratislava\/#website","url":"https:\/\/instytutpolski.pl\/bratislava\/","name":"Instytut Polski w Bratys\u0142awie","description":"Instytuty Polskie","potentialAction":[{"@type":"SearchAction","target":{"@type":"EntryPoint","urlTemplate":"https:\/\/instytutpolski.pl\/bratislava\/?s={search_term_string}"},"query-input":{"@type":"PropertyValueSpecification","valueRequired":true,"valueName":"search_term_string"}}],"inLanguage":"pl-PL"}]}},"_links":{"self":[{"href":"https:\/\/instytutpolski.pl\/bratislava\/wp-json\/wp\/v2\/pages\/120","targetHints":{"allow":["GET"]}}],"collection":[{"href":"https:\/\/instytutpolski.pl\/bratislava\/wp-json\/wp\/v2\/pages"}],"about":[{"href":"https:\/\/instytutpolski.pl\/bratislava\/wp-json\/wp\/v2\/types\/page"}],"author":[{"embeddable":true,"href":"https:\/\/instytutpolski.pl\/bratislava\/wp-json\/wp\/v2\/users\/1"}],"replies":[{"embeddable":true,"href":"https:\/\/instytutpolski.pl\/bratislava\/wp-json\/wp\/v2\/comments?post=120"}],"version-history":[{"count":2,"href":"https:\/\/instytutpolski.pl\/bratislava\/wp-json\/wp\/v2\/pages\/120\/revisions"}],"predecessor-version":[{"id":5303,"href":"https:\/\/instytutpolski.pl\/bratislava\/wp-json\/wp\/v2\/pages\/120\/revisions\/5303"}],"wp:featuredmedia":[{"embeddable":true,"href":"https:\/\/instytutpolski.pl\/bratislava\/wp-json\/wp\/v2\/media\/5274"}],"wp:attachment":[{"href":"https:\/\/instytutpolski.pl\/bratislava\/wp-json\/wp\/v2\/media?parent=120"}],"curies":[{"name":"wp","href":"https:\/\/api.w.org\/{rel}","templated":true}]}}