{"id":18,"date":"2019-06-05T11:57:49","date_gmt":"2019-06-05T09:57:49","guid":{"rendered":"https:\/\/instytutpolski.pl\/bratyslawa\/?page_id=18"},"modified":"2019-06-28T12:46:06","modified_gmt":"2019-06-28T10:46:06","slug":"newsletter","status":"publish","type":"page","link":"https:\/\/instytutpolski.pl\/bratislava\/newsletter\/","title":{"rendered":"Newsletter"},"content":{"rendered":"<!-- Widget Shortcode --><div id=\"acymailing_subform_widget-3\" class=\"widget widget_acymailing_subform_widget widget-shortcode area-footer-4 \"><script type=\"text\/javascript\">\tif(typeof acymailingModule == 'undefined'){\r\n\t\t\t\tvar acymailingModule = [];\r\n\t\t\t}\r\n\t\t\t\r\n\t\t\tacymailingModule['emailRegex'] = \/^[a-z0-9!#$%&\\'*+\\\/=?^_`{|}~-]+(?:\\.[a-z0-9!#$%&\\'*+\\\/=?^_`{|}~-]+)*\\@([a-z0-9-]+\\.)+[a-z0-9]{2,20}$\/i;\r\n\r\n\t\t\tacymailingModule['NAMECAPTION'] = 'Imi\u0119';\r\n\t\t\tacymailingModule['NAME_MISSING'] = 'Wpisz swoje imi\u0119';\r\n\t\t\tacymailingModule['EMAILCAPTION'] = 'E-mail';\r\n\t\t\tacymailingModule['VALID_EMAIL'] = 'Wpisz prawid\u0142owy adres e-mail';\r\n\t\t\tacymailingModule['ACCEPT_TERMS'] = 'Zapoznaj si\u0119 z regulaminem';\r\n\t\t\tacymailingModule['CAPTCHA_MISSING'] = 'Wpisz kod wy\u015bwietlony na obrazku';\r\n\t\t\tacymailingModule['NO_LIST_SELECTED'] = 'Prosz\u0119 wybra\u0107 listy kt\u00f3re chcesz prenumerowa\u0107';\r\n\t\t<\/script><script type=\"text\/javascript\" src=\"https:\/\/instytutpolski.pl\/bratislava\/wp-content\/plugins\/acymailing5\/media\/js\/acymailing_module.js?v=5107\" async><\/script><link rel=\"stylesheet\" href=\"https:\/\/instytutpolski.pl\/bratislava\/wp-content\/plugins\/acymailing5\/media\/css\/module_default.css?v=1554200310\" type=\"text\/css\"><h2 class=\"widgettitle\">Newsletter<\/h2><script type=\"text\/javascript\">\n                    <!--\n                        \n                acymailingModule['level'] = 'enterprise';\n                acymailingModule['reqFieldsformAcymailing87111'] = Array('html','rodo');\n                    acymailingModule['validFieldsformAcymailing87111'] = Array('Prosz\u0119 poda\u0107 warto\u015b\u0107 w polu Odbieranie','Prosz\u0119 wyrazi\u0107 zgod\u0119 aby kontynuowa\u0107');\n                    \n                    \/\/-->\n\t\t\t\t\t<\/script><div class=\"acymailing_module\" id=\"acymailing_module_formAcymailing87111\">\n    <div class=\"acymailing_fulldiv\" id=\"acymailing_fulldiv_formAcymailing87111\" >\n        <form id=\"formAcymailing87111\" action=\"https:\/\/instytutpolski.pl\/bratislava\/wp-admin\/admin-ajax.php?page=acymailing5_front&ctrl=sub&action=acymailing5_frontrouter&noheader=1\" onsubmit=\"return submitacymailingform('optin','formAcymailing87111')\" method=\"post\" name=\"formAcymailing87111\"  >\n\n            <div class=\"acymailing_module_form\">\n\t\t<div class=\"acymailing_form\">\n\t\t<p class=\"onefield fieldacyemail\" id=\"field_email_formAcymailing87111\"><span class=\"acyfield_email acy_requiredField\"><input id=\"user_email_formAcymailing87111\"  style=\"width:80%\" onfocus=\"if(this.value == 'E-mail') this.value = '';\" onblur=\"if(this.value=='') this.value='E-mail';\" type=\"text\" class=\"inputbox required\" name=\"user[email]\" value=\"E-mail\" title=\"E-mail\"\/><\/span>\n\t\t\t\t\t\t<\/p><p class=\"onefield fieldacyrodo\" id=\"field_rodo_formAcymailing87111\"><span class=\"acyfield_rodo acy_requiredField\"> <input type=\"hidden\" name=\"user[rodo]\" value=\" \" \/>\n<span id=\"span_user_rodo_formAcymailing87111_rodo-zaakceptowane\"><label for=\"user_rodo_formAcymailing87111_rodo-zaakceptowane\"><input type=\"checkbox\" name=\"user[rodo][]\" value=\"rodo-zaakceptowane\" id=\"user_rodo_formAcymailing87111_rodo-zaakceptowane\"   title=\"\"\/> O\u015bwiadczam, \u017ce zapozna\u0142am\/em si\u0119 z informacjami zamieszczonymi poni\u017cej:<\/label><\/span>\n<\/span>\n\t\t\t\t\t\t<\/p><p class=\"onefield fieldacycustomtext_230_8_54_54\" id=\"field_customtext_230_8_54_54_formAcymailing87111\"><span class=\"acyfield_customtext_230_8_54_54\">Na z\u00e1klade \u010dl. 6, ods. 1, p\u00edsm. a) nariadenia Eur\u00f3pskeho parlamentu a Rady (E\u00da) 2016\/679 z 27. apr\u00edla 2016 o ochrane fyzick\u00fdch os\u00f4b pri sprac\u00favan\u00ed osobn\u00fdch \u00fadajov a o vo\u013enom pohybe tak\u00fdchto \u00fadajov, ktor\u00fdm sa zru\u0161uje smernica 95\/46\/ES (GDPR), ude\u013eujem s\u00fahlas Po\u013esk\u00e9mu in\u0161tit\u00fatu v Bratislave (N\u00e1m. SNP 27, Bratislava) na sprac\u00favanie mojich osobn\u00fdch \u00fadajov v rozsahu e-mailovej adresy v s\u00favislosti s odoberan\u00edm newsletteru. Z\u00e1rove\u0148 vyhlasujem, \u017ee som sa obozn\u00e1mil\/a s inform\u00e1ciami uveden\u00fdmi ni\u017e\u0161ie, ktor\u00e9 predstavuj\u00fa splnenie informa\u010dnej povinnosti uvedenej v \u010dl. 13 GDPR, a ktor\u00e9 sa t\u00fdkaj\u00fa sprac\u00favania mojich osobn\u00fdch \u00fadajov, pri\u010dom som si vedom\u00fd\/\u00e1 v\u0161etk\u00fdch pr\u00e1v, ktor\u00e9 mi prin\u00e1le\u017eia pod\u013ea \u010dl. 15 \u2013 20 GDPR.<\/span>\n\t\t\t\t\t\t<\/p><script type=\"text\/javascript\">\n\t\t\t\t\t<!--\n\t\t\t\t\t\nacymailingModule['excludeValuesformAcymailing87111'] = [];\nacymailingModule['excludeValuesformAcymailing87111']['email'] = 'E-mail';\n\n\t\t\t\t\t\/\/-->\n\t\t\t\t\t<\/script>\t<\/div>\n\n\t<p class=\"acysubbuttons\">\n\t\t<button type=\"submit\" class=\"button subbutton\" value=\"Zaregistrova\u0165\" name=\"Submit\" onclick=\"try{ return submitacymailingform('optin','formAcymailing87111'); }catch(err){alert('The form could not be submitted '+err);return false;}\"><span class=\"fas fa-at\"><\/span><\/button>\n\t\t\t<\/p>\n<\/div>\n            <input type=\"hidden\" name=\"page\" value=\"front\"\/>\n            <input type=\"hidden\" name=\"ctrl\" value=\"sub\"\/>\n            <input type=\"hidden\" name=\"task\" value=\"notask\"\/>\n            <input type=\"hidden\" name=\"option\" value=\"acymailing5\"\/>\n\n            <input type=\"hidden\" name=\"ajax\" value=\"1\"\/>            <input type=\"hidden\" name=\"acy_source\" value=\"widget 3\" \/>\n                        <input type=\"hidden\" name=\"hiddenlists\" value=\"2\"\/>\n            <input type=\"hidden\" name=\"acyformname\" value=\"formAcymailing87111\" \/>\n\n                    <\/form>\n    <\/div>\n<\/div>\n<\/div><!-- \/Widget Shortcode -->\n","protected":false},"excerpt":{"rendered":"","protected":false},"author":1,"featured_media":803,"parent":0,"menu_order":0,"comment_status":"closed","ping_status":"closed","template":"","meta":{"inline_featured_image":false,"_monsterinsights_skip_tracking":false,"_monsterinsights_sitenote_active":false,"_monsterinsights_sitenote_note":"","_monsterinsights_sitenote_category":0,"footnotes":""},"class_list":["post-18","page","type-page","status-publish","has-post-thumbnail","hentry"],"yoast_head":"<!-- This site is optimized with the Yoast SEO plugin v24.6 - https:\/\/yoast.com\/wordpress\/plugins\/seo\/ -->\n<title>Newsletter - Instytut Polski w Bratys\u0142awie<\/title>\n<meta name=\"robots\" content=\"index, follow, max-snippet:-1, max-image-preview:large, max-video-preview:-1\" \/>\n<link rel=\"canonical\" href=\"https:\/\/instytutpolski.pl\/bratislava\/newsletter\/\" \/>\n<meta property=\"og:locale\" content=\"pl_PL\" \/>\n<meta property=\"og:type\" content=\"article\" \/>\n<meta property=\"og:title\" content=\"Newsletter - Instytut Polski w Bratys\u0142awie\" \/>\n<meta property=\"og:url\" content=\"https:\/\/instytutpolski.pl\/bratislava\/newsletter\/\" \/>\n<meta property=\"og:site_name\" content=\"Instytut Polski w Bratys\u0142awie\" \/>\n<meta property=\"article:modified_time\" content=\"2019-06-28T10:46:06+00:00\" \/>\n<meta property=\"og:image\" content=\"https:\/\/instytutpolski.pl\/bratislava\/wp-content\/uploads\/sites\/13\/2019\/06\/newsletter-2.jpg\" \/>\n\t<meta property=\"og:image:width\" content=\"1920\" \/>\n\t<meta property=\"og:image:height\" content=\"700\" \/>\n\t<meta property=\"og:image:type\" content=\"image\/jpeg\" \/>\n<meta name=\"twitter:card\" content=\"summary_large_image\" \/>\n<script type=\"application\/ld+json\" class=\"yoast-schema-graph\">{\"@context\":\"https:\/\/schema.org\",\"@graph\":[{\"@type\":\"WebPage\",\"@id\":\"https:\/\/instytutpolski.pl\/bratislava\/newsletter\/\",\"url\":\"https:\/\/instytutpolski.pl\/bratislava\/newsletter\/\",\"name\":\"Newsletter - Instytut Polski w Bratys\u0142awie\",\"isPartOf\":{\"@id\":\"https:\/\/instytutpolski.pl\/bratislava\/#website\"},\"primaryImageOfPage\":{\"@id\":\"https:\/\/instytutpolski.pl\/bratislava\/newsletter\/#primaryimage\"},\"image\":{\"@id\":\"https:\/\/instytutpolski.pl\/bratislava\/newsletter\/#primaryimage\"},\"thumbnailUrl\":\"https:\/\/instytutpolski.pl\/bratislava\/wp-content\/uploads\/sites\/13\/2019\/06\/newsletter-2.jpg\",\"datePublished\":\"2019-06-05T09:57:49+00:00\",\"dateModified\":\"2019-06-28T10:46:06+00:00\",\"breadcrumb\":{\"@id\":\"https:\/\/instytutpolski.pl\/bratislava\/newsletter\/#breadcrumb\"},\"inLanguage\":\"pl-PL\",\"potentialAction\":[{\"@type\":\"ReadAction\",\"target\":[\"https:\/\/instytutpolski.pl\/bratislava\/newsletter\/\"]}]},{\"@type\":\"ImageObject\",\"inLanguage\":\"pl-PL\",\"@id\":\"https:\/\/instytutpolski.pl\/bratislava\/newsletter\/#primaryimage\",\"url\":\"https:\/\/instytutpolski.pl\/bratislava\/wp-content\/uploads\/sites\/13\/2019\/06\/newsletter-2.jpg\",\"contentUrl\":\"https:\/\/instytutpolski.pl\/bratislava\/wp-content\/uploads\/sites\/13\/2019\/06\/newsletter-2.jpg\",\"width\":1920,\"height\":700},{\"@type\":\"BreadcrumbList\",\"@id\":\"https:\/\/instytutpolski.pl\/bratislava\/newsletter\/#breadcrumb\",\"itemListElement\":[{\"@type\":\"ListItem\",\"position\":1,\"name\":\"Home\",\"item\":\"https:\/\/instytutpolski.pl\/bratislava\/\"},{\"@type\":\"ListItem\",\"position\":2,\"name\":\"Newsletter\"}]},{\"@type\":\"WebSite\",\"@id\":\"https:\/\/instytutpolski.pl\/bratislava\/#website\",\"url\":\"https:\/\/instytutpolski.pl\/bratislava\/\",\"name\":\"Instytut Polski w Bratys\u0142awie\",\"description\":\"Instytuty Polskie\",\"potentialAction\":[{\"@type\":\"SearchAction\",\"target\":{\"@type\":\"EntryPoint\",\"urlTemplate\":\"https:\/\/instytutpolski.pl\/bratislava\/?s={search_term_string}\"},\"query-input\":{\"@type\":\"PropertyValueSpecification\",\"valueRequired\":true,\"valueName\":\"search_term_string\"}}],\"inLanguage\":\"pl-PL\"}]}<\/script>\n<!-- \/ Yoast SEO plugin. -->","yoast_head_json":{"title":"Newsletter - Instytut Polski w Bratys\u0142awie","robots":{"index":"index","follow":"follow","max-snippet":"max-snippet:-1","max-image-preview":"max-image-preview:large","max-video-preview":"max-video-preview:-1"},"canonical":"https:\/\/instytutpolski.pl\/bratislava\/newsletter\/","og_locale":"pl_PL","og_type":"article","og_title":"Newsletter - Instytut Polski w Bratys\u0142awie","og_url":"https:\/\/instytutpolski.pl\/bratislava\/newsletter\/","og_site_name":"Instytut Polski w Bratys\u0142awie","article_modified_time":"2019-06-28T10:46:06+00:00","og_image":[{"width":1920,"height":700,"url":"https:\/\/instytutpolski.pl\/bratislava\/wp-content\/uploads\/sites\/13\/2019\/06\/newsletter-2.jpg","type":"image\/jpeg"}],"twitter_card":"summary_large_image","schema":{"@context":"https:\/\/schema.org","@graph":[{"@type":"WebPage","@id":"https:\/\/instytutpolski.pl\/bratislava\/newsletter\/","url":"https:\/\/instytutpolski.pl\/bratislava\/newsletter\/","name":"Newsletter - Instytut Polski w Bratys\u0142awie","isPartOf":{"@id":"https:\/\/instytutpolski.pl\/bratislava\/#website"},"primaryImageOfPage":{"@id":"https:\/\/instytutpolski.pl\/bratislava\/newsletter\/#primaryimage"},"image":{"@id":"https:\/\/instytutpolski.pl\/bratislava\/newsletter\/#primaryimage"},"thumbnailUrl":"https:\/\/instytutpolski.pl\/bratislava\/wp-content\/uploads\/sites\/13\/2019\/06\/newsletter-2.jpg","datePublished":"2019-06-05T09:57:49+00:00","dateModified":"2019-06-28T10:46:06+00:00","breadcrumb":{"@id":"https:\/\/instytutpolski.pl\/bratislava\/newsletter\/#breadcrumb"},"inLanguage":"pl-PL","potentialAction":[{"@type":"ReadAction","target":["https:\/\/instytutpolski.pl\/bratislava\/newsletter\/"]}]},{"@type":"ImageObject","inLanguage":"pl-PL","@id":"https:\/\/instytutpolski.pl\/bratislava\/newsletter\/#primaryimage","url":"https:\/\/instytutpolski.pl\/bratislava\/wp-content\/uploads\/sites\/13\/2019\/06\/newsletter-2.jpg","contentUrl":"https:\/\/instytutpolski.pl\/bratislava\/wp-content\/uploads\/sites\/13\/2019\/06\/newsletter-2.jpg","width":1920,"height":700},{"@type":"BreadcrumbList","@id":"https:\/\/instytutpolski.pl\/bratislava\/newsletter\/#breadcrumb","itemListElement":[{"@type":"ListItem","position":1,"name":"Home","item":"https:\/\/instytutpolski.pl\/bratislava\/"},{"@type":"ListItem","position":2,"name":"Newsletter"}]},{"@type":"WebSite","@id":"https:\/\/instytutpolski.pl\/bratislava\/#website","url":"https:\/\/instytutpolski.pl\/bratislava\/","name":"Instytut Polski w Bratys\u0142awie","description":"Instytuty Polskie","potentialAction":[{"@type":"SearchAction","target":{"@type":"EntryPoint","urlTemplate":"https:\/\/instytutpolski.pl\/bratislava\/?s={search_term_string}"},"query-input":{"@type":"PropertyValueSpecification","valueRequired":true,"valueName":"search_term_string"}}],"inLanguage":"pl-PL"}]}},"_links":{"self":[{"href":"https:\/\/instytutpolski.pl\/bratislava\/wp-json\/wp\/v2\/pages\/18","targetHints":{"allow":["GET"]}}],"collection":[{"href":"https:\/\/instytutpolski.pl\/bratislava\/wp-json\/wp\/v2\/pages"}],"about":[{"href":"https:\/\/instytutpolski.pl\/bratislava\/wp-json\/wp\/v2\/types\/page"}],"author":[{"embeddable":true,"href":"https:\/\/instytutpolski.pl\/bratislava\/wp-json\/wp\/v2\/users\/1"}],"replies":[{"embeddable":true,"href":"https:\/\/instytutpolski.pl\/bratislava\/wp-json\/wp\/v2\/comments?post=18"}],"version-history":[{"count":2,"href":"https:\/\/instytutpolski.pl\/bratislava\/wp-json\/wp\/v2\/pages\/18\/revisions"}],"predecessor-version":[{"id":805,"href":"https:\/\/instytutpolski.pl\/bratislava\/wp-json\/wp\/v2\/pages\/18\/revisions\/805"}],"wp:featuredmedia":[{"embeddable":true,"href":"https:\/\/instytutpolski.pl\/bratislava\/wp-json\/wp\/v2\/media\/803"}],"wp:attachment":[{"href":"https:\/\/instytutpolski.pl\/bratislava\/wp-json\/wp\/v2\/media?parent=18"}],"curies":[{"name":"wp","href":"https:\/\/api.w.org\/{rel}","templated":true}]}}