{"id":31,"date":"2019-06-06T19:02:57","date_gmt":"2019-06-06T17:02:57","guid":{"rendered":"https:\/\/instytutpolski.pl\/bratyslawa\/?page_id=31"},"modified":"2020-02-06T15:16:56","modified_gmt":"2020-02-06T14:16:56","slug":"archiv-filmov-a-kniznych-publikacii","status":"publish","type":"page","link":"https:\/\/instytutpolski.pl\/bratislava\/pl\/archiv-filmov-a-kniznych-publikacii\/","title":{"rendered":"Archiwum film\u00f3w i ksi\u0105\u017cek"},"content":{"rendered":"\n<p style=\"font-weight: 400\">Wszystkie ksi\u0105\u017cki z naszej biblioteki dost\u0119pne s\u0105 w systemie bibliotecznym: <a href=\"http:\/\/www.makplus.pl\/search\/index.html\">http:\/\/www.makplus.pl\/search\/index.html<\/a>.<\/p>\n<p style=\"font-weight: 400\">Ksi\u0105\u017ck\u0119 wyszuka\u0107 mo\u017cna w spos\u00f3b nast\u0119puj\u0105cy:<\/p>\n<p style=\"font-weight: 400\">W lewym pasku (<strong>Znajd\u017a ksi\u0105\u017ck\u0119<\/strong>) wybierz <strong>Wojew\u00f3dztwo <\/strong>i pozycj\u0119 <strong>Zagranica<\/strong>. Nast\u0119pnie w pozycji <strong>Miejsce przeszukania<\/strong> wybierz <strong>Biblioteka Instytutu Polskiego w Bratys\u0142awie<\/strong> (nr 11).<\/p>\n<p style=\"font-weight: 400\">Nast\u0119pnie w pozycji <strong>Szukana fraza<\/strong>, podaj nazw\u0119.<\/p>\n<p style=\"font-weight: 400\">Poni\u017cej mo\u017cesz wybra\u0107, czy wyniki wyszukiwania b\u0119d\u0105 si\u0119 pokazywa\u0107 ze wzgl\u0119du na <strong>Tytu\u0142<\/strong>, <strong>Autora<\/strong> lub wed\u0142ug <strong>Has\u0142a przedmiotowego<\/strong>.<\/p>\n","protected":false},"excerpt":{"rendered":"<p>Wszystkie ksi\u0105\u017cki z naszej biblioteki dost\u0119pne s\u0105 w systemie bibliotecznym: http:\/\/www.makplus.pl\/search\/index.html. Ksi\u0105\u017ck\u0119 wyszuka\u0107 mo\u017cna w spos\u00f3b nast\u0119puj\u0105cy: W lewym pasku (Znajd\u017a ksi\u0105\u017ck\u0119) wybierz Wojew\u00f3dztwo i pozycj\u0119 Zagranica. Nast\u0119pnie w pozycji Miejsce przeszukania wybierz Biblioteka Instytutu Polskiego w Bratys\u0142awie (nr 11). Nast\u0119pnie w pozycji Szukana fraza, podaj nazw\u0119. Poni\u017cej mo\u017cesz wybra\u0107, czy wyniki wyszukiwania b\u0119d\u0105 si\u0119 [&hellip;]<\/p>\n","protected":false},"author":1,"featured_media":0,"parent":0,"menu_order":0,"comment_status":"closed","ping_status":"closed","template":"","meta":{"inline_featured_image":false,"_monsterinsights_skip_tracking":false,"_monsterinsights_sitenote_active":false,"_monsterinsights_sitenote_note":"","_monsterinsights_sitenote_category":0,"footnotes":""},"class_list":["post-31","page","type-page","status-publish","hentry"],"yoast_head":"<!-- This site is optimized with the Yoast SEO plugin v24.6 - https:\/\/yoast.com\/wordpress\/plugins\/seo\/ -->\n<title>Archiwum film\u00f3w i ksi\u0105\u017cek - Instytut Polski w Bratys\u0142awie<\/title>\n<meta name=\"robots\" content=\"index, follow, max-snippet:-1, max-image-preview:large, max-video-preview:-1\" \/>\n<link rel=\"canonical\" href=\"https:\/\/instytutpolski.pl\/bratislava\/pl\/archiv-filmov-a-kniznych-publikacii\/\" \/>\n<meta property=\"og:locale\" content=\"pl_PL\" \/>\n<meta property=\"og:type\" content=\"article\" \/>\n<meta property=\"og:title\" content=\"Archiwum film\u00f3w i ksi\u0105\u017cek - Instytut Polski w Bratys\u0142awie\" \/>\n<meta property=\"og:description\" content=\"Wszystkie ksi\u0105\u017cki z naszej biblioteki dost\u0119pne s\u0105 w systemie bibliotecznym: http:\/\/www.makplus.pl\/search\/index.html. Ksi\u0105\u017ck\u0119 wyszuka\u0107 mo\u017cna w spos\u00f3b nast\u0119puj\u0105cy: W lewym pasku (Znajd\u017a ksi\u0105\u017ck\u0119) wybierz Wojew\u00f3dztwo i pozycj\u0119 Zagranica. Nast\u0119pnie w pozycji Miejsce przeszukania wybierz Biblioteka Instytutu Polskiego w Bratys\u0142awie (nr 11). Nast\u0119pnie w pozycji Szukana fraza, podaj nazw\u0119. Poni\u017cej mo\u017cesz wybra\u0107, czy wyniki wyszukiwania b\u0119d\u0105 si\u0119 [&hellip;]\" \/>\n<meta property=\"og:url\" content=\"https:\/\/instytutpolski.pl\/bratislava\/pl\/archiv-filmov-a-kniznych-publikacii\/\" \/>\n<meta property=\"og:site_name\" content=\"Instytut Polski w Bratys\u0142awie\" \/>\n<meta property=\"article:modified_time\" content=\"2020-02-06T14:16:56+00:00\" \/>\n<meta name=\"twitter:card\" content=\"summary_large_image\" \/>\n<script type=\"application\/ld+json\" class=\"yoast-schema-graph\">{\"@context\":\"https:\/\/schema.org\",\"@graph\":[{\"@type\":\"WebPage\",\"@id\":\"https:\/\/instytutpolski.pl\/bratislava\/pl\/archiv-filmov-a-kniznych-publikacii\/\",\"url\":\"https:\/\/instytutpolski.pl\/bratislava\/pl\/archiv-filmov-a-kniznych-publikacii\/\",\"name\":\"Archiwum film\u00f3w i ksi\u0105\u017cek - Instytut Polski w Bratys\u0142awie\",\"isPartOf\":{\"@id\":\"https:\/\/instytutpolski.pl\/bratislava\/#website\"},\"datePublished\":\"2019-06-06T17:02:57+00:00\",\"dateModified\":\"2020-02-06T14:16:56+00:00\",\"breadcrumb\":{\"@id\":\"https:\/\/instytutpolski.pl\/bratislava\/pl\/archiv-filmov-a-kniznych-publikacii\/#breadcrumb\"},\"inLanguage\":\"pl-PL\",\"potentialAction\":[{\"@type\":\"ReadAction\",\"target\":[\"https:\/\/instytutpolski.pl\/bratislava\/pl\/archiv-filmov-a-kniznych-publikacii\/\"]}]},{\"@type\":\"BreadcrumbList\",\"@id\":\"https:\/\/instytutpolski.pl\/bratislava\/pl\/archiv-filmov-a-kniznych-publikacii\/#breadcrumb\",\"itemListElement\":[{\"@type\":\"ListItem\",\"position\":1,\"name\":\"Home\",\"item\":\"https:\/\/instytutpolski.pl\/bratislava\/\"},{\"@type\":\"ListItem\",\"position\":2,\"name\":\"Archiwum film\u00f3w i ksi\u0105\u017cek\"}]},{\"@type\":\"WebSite\",\"@id\":\"https:\/\/instytutpolski.pl\/bratislava\/#website\",\"url\":\"https:\/\/instytutpolski.pl\/bratislava\/\",\"name\":\"Instytut Polski w Bratys\u0142awie\",\"description\":\"Instytuty Polskie\",\"potentialAction\":[{\"@type\":\"SearchAction\",\"target\":{\"@type\":\"EntryPoint\",\"urlTemplate\":\"https:\/\/instytutpolski.pl\/bratislava\/?s={search_term_string}\"},\"query-input\":{\"@type\":\"PropertyValueSpecification\",\"valueRequired\":true,\"valueName\":\"search_term_string\"}}],\"inLanguage\":\"pl-PL\"}]}<\/script>\n<!-- \/ Yoast SEO plugin. -->","yoast_head_json":{"title":"Archiwum film\u00f3w i ksi\u0105\u017cek - Instytut Polski w Bratys\u0142awie","robots":{"index":"index","follow":"follow","max-snippet":"max-snippet:-1","max-image-preview":"max-image-preview:large","max-video-preview":"max-video-preview:-1"},"canonical":"https:\/\/instytutpolski.pl\/bratislava\/pl\/archiv-filmov-a-kniznych-publikacii\/","og_locale":"pl_PL","og_type":"article","og_title":"Archiwum film\u00f3w i ksi\u0105\u017cek - Instytut Polski w Bratys\u0142awie","og_description":"Wszystkie ksi\u0105\u017cki z naszej biblioteki dost\u0119pne s\u0105 w systemie bibliotecznym: http:\/\/www.makplus.pl\/search\/index.html. Ksi\u0105\u017ck\u0119 wyszuka\u0107 mo\u017cna w spos\u00f3b nast\u0119puj\u0105cy: W lewym pasku (Znajd\u017a ksi\u0105\u017ck\u0119) wybierz Wojew\u00f3dztwo i pozycj\u0119 Zagranica. Nast\u0119pnie w pozycji Miejsce przeszukania wybierz Biblioteka Instytutu Polskiego w Bratys\u0142awie (nr 11). Nast\u0119pnie w pozycji Szukana fraza, podaj nazw\u0119. Poni\u017cej mo\u017cesz wybra\u0107, czy wyniki wyszukiwania b\u0119d\u0105 si\u0119 [&hellip;]","og_url":"https:\/\/instytutpolski.pl\/bratislava\/pl\/archiv-filmov-a-kniznych-publikacii\/","og_site_name":"Instytut Polski w Bratys\u0142awie","article_modified_time":"2020-02-06T14:16:56+00:00","twitter_card":"summary_large_image","schema":{"@context":"https:\/\/schema.org","@graph":[{"@type":"WebPage","@id":"https:\/\/instytutpolski.pl\/bratislava\/pl\/archiv-filmov-a-kniznych-publikacii\/","url":"https:\/\/instytutpolski.pl\/bratislava\/pl\/archiv-filmov-a-kniznych-publikacii\/","name":"Archiwum film\u00f3w i ksi\u0105\u017cek - Instytut Polski w Bratys\u0142awie","isPartOf":{"@id":"https:\/\/instytutpolski.pl\/bratislava\/#website"},"datePublished":"2019-06-06T17:02:57+00:00","dateModified":"2020-02-06T14:16:56+00:00","breadcrumb":{"@id":"https:\/\/instytutpolski.pl\/bratislava\/pl\/archiv-filmov-a-kniznych-publikacii\/#breadcrumb"},"inLanguage":"pl-PL","potentialAction":[{"@type":"ReadAction","target":["https:\/\/instytutpolski.pl\/bratislava\/pl\/archiv-filmov-a-kniznych-publikacii\/"]}]},{"@type":"BreadcrumbList","@id":"https:\/\/instytutpolski.pl\/bratislava\/pl\/archiv-filmov-a-kniznych-publikacii\/#breadcrumb","itemListElement":[{"@type":"ListItem","position":1,"name":"Home","item":"https:\/\/instytutpolski.pl\/bratislava\/"},{"@type":"ListItem","position":2,"name":"Archiwum film\u00f3w i ksi\u0105\u017cek"}]},{"@type":"WebSite","@id":"https:\/\/instytutpolski.pl\/bratislava\/#website","url":"https:\/\/instytutpolski.pl\/bratislava\/","name":"Instytut Polski w Bratys\u0142awie","description":"Instytuty Polskie","potentialAction":[{"@type":"SearchAction","target":{"@type":"EntryPoint","urlTemplate":"https:\/\/instytutpolski.pl\/bratislava\/?s={search_term_string}"},"query-input":{"@type":"PropertyValueSpecification","valueRequired":true,"valueName":"search_term_string"}}],"inLanguage":"pl-PL"}]}},"_links":{"self":[{"href":"https:\/\/instytutpolski.pl\/bratislava\/wp-json\/wp\/v2\/pages\/31","targetHints":{"allow":["GET"]}}],"collection":[{"href":"https:\/\/instytutpolski.pl\/bratislava\/wp-json\/wp\/v2\/pages"}],"about":[{"href":"https:\/\/instytutpolski.pl\/bratislava\/wp-json\/wp\/v2\/types\/page"}],"author":[{"embeddable":true,"href":"https:\/\/instytutpolski.pl\/bratislava\/wp-json\/wp\/v2\/users\/1"}],"replies":[{"embeddable":true,"href":"https:\/\/instytutpolski.pl\/bratislava\/wp-json\/wp\/v2\/comments?post=31"}],"version-history":[{"count":2,"href":"https:\/\/instytutpolski.pl\/bratislava\/wp-json\/wp\/v2\/pages\/31\/revisions"}],"predecessor-version":[{"id":938,"href":"https:\/\/instytutpolski.pl\/bratislava\/wp-json\/wp\/v2\/pages\/31\/revisions\/938"}],"wp:attachment":[{"href":"https:\/\/instytutpolski.pl\/bratislava\/wp-json\/wp\/v2\/media?parent=31"}],"curies":[{"name":"wp","href":"https:\/\/api.w.org\/{rel}","templated":true}]}}