{"id":3225,"date":"2020-10-27T12:23:21","date_gmt":"2020-10-27T11:23:21","guid":{"rendered":"https:\/\/instytutpolski.pl\/bratislava\/?page_id=3225"},"modified":"2020-10-29T17:46:16","modified_gmt":"2020-10-29T16:46:16","slug":"digitalne-narodne-muzeum","status":"publish","type":"page","link":"https:\/\/instytutpolski.pl\/bratislava\/digitalne-narodne-muzeum\/","title":{"rendered":"Digit\u00e1lne n\u00e1rodn\u00e9 m\u00fazeum"},"content":{"rendered":"\n<div class=\"wp-block-image\"><figure class=\"alignright\"><a href=\"https:\/\/instytutpolski.pl\/minsk\/pl\/cyfrowe-muzeum-narodowe\/fot_adam-oleksiak_mnw_5\/\" rel=\"attachment wp-att-8568\"><img decoding=\"async\" src=\"https:\/\/instytutpolski.pl\/minsk\/wp-content\/uploads\/sites\/6\/2020\/10\/fot_Adam-Oleksiak_MNW_5-300x200.jpg\" alt=\"\" class=\"wp-image-8568\" \/><\/a><figcaption>Fot. Adam Oleksiak\/MNW<\/figcaption><\/figure><\/div>\n\n\n\n<p><a rel=\"noreferrer noopener\" href=\"https:\/\/cyfrowe.mnw.art.pl\/pl\/strona-glowna\" target=\"_blank\">Digit\u00e1lne N\u00e1rodn\u00e9 m\u00fazeum vo Var\u0161ave<\/a>\u00a0vystavuje a\u017e 60 tis\u00edc m\u00fazejn\u00fdch objektov spomedzi vy\u0161e 800 tis\u00edc artefaktov, ktor\u00e9 sa nach\u00e1dzaj\u00fa v\u00a0zbierke m\u00fazea. N\u00e1jdete tu ve\u013ediela po\u013eskej ma\u013eby, soch\u00e1rstva a\u00a0grafiky, starobyl\u00e9 n\u00e1stenn\u00e9 ma\u013eby z Faras, ktor\u00e9 objavili po\u013esk\u00ed archeol\u00f3govia, ale aj stredovek\u00e9 i\u00a0modern\u00e9 umenie. Ka\u017ed\u00fd sa m\u00f4\u017ee bez oh\u013eadu na to, kde b\u00fdva, vybra\u0165 na virtu\u00e1lnu prehliadku po\u013esk\u00e9ho N\u00e1rodn\u00e9ho m\u00fazea vo Var\u0161ave. Internetov\u00fd port\u00e1l je personalizovan\u00fd. Pou\u017e\u00edvate\u013e si tak m\u00f4\u017ee prezera\u0165 zbierky na \u010dasovej osi alebo vybra\u0165 si konkr\u00e9tne ve\u013ediela, pri\u010dom\u00a0hist\u00f3riu vlastn\u00e9ho b\u00e1dania si m\u00f4\u017ee n\u00e1sledne ulo\u017ei\u0165 na svojom profile na tomto port\u00e1li.<\/p>\n\n\n\n<div class=\"wp-block-image\"><figure class=\"alignleft\"><a href=\"https:\/\/instytutpolski.pl\/wien\/pl\/cyfrowe-muzeum-narodowe\/fot_adam-oleksiak_mnw_8-ok-2\/\" rel=\"attachment wp-att-5762\"><img decoding=\"async\" src=\"https:\/\/instytutpolski.pl\/wien\/wp-content\/uploads\/sites\/2\/2020\/10\/fot_Adam-Oleksiak_MNW_8-ok-1-200x300.jpg\" alt=\"\" class=\"wp-image-5762\" \/><\/a><figcaption>Fot. Adam Oleksiak\/MNW<\/figcaption><\/figure><\/div>\n\n\n\n<p>\u201eNajhodnotnej\u0161ie a\u00a0najv\u00fdznamnej\u0161ie objekty sa nach\u00e1dzaj\u00fa v\u00a0\u010dasti\u00a0<a rel=\"noreferrer noopener\" href=\"https:\/\/cyfrowe.mnw.art.pl\/pl\/arcydziela\" target=\"_blank\">ve\u013ediela<\/a>,\u201c pribli\u017euje Karolina Tabak, ved\u00faca Oddelenia digitaliz\u00e1cie a\u00a0vizu\u00e1lnej dokument\u00e1cie N\u00e1rodn\u00e9ho m\u00fazea vo Var\u0161ave. \u201eInternetov\u00fdm n\u00e1v\u0161tevn\u00edkom odpor\u00fa\u010dame aj <a rel=\"noreferrer noopener\" href=\"https:\/\/cyfrowe.mnw.art.pl\/pl\/sciezki-tematyczne\" target=\"_blank\">tematick\u00e9 chodn\u00edky<\/a>\u00a0\u2013 interakt\u00edvne prezent\u00e1cie o\u00a0zbierke tohto m\u00fazea, \u010di o r\u00f4znych javoch v\u00a0r\u00e1mci \u0161iroko vn\u00edmanej kult\u00fary, ako napr. <a rel=\"noreferrer noopener\" href=\"https:\/\/cyfrowe.mnw.art.pl\/pl\/sciezki-tematyczne\/127\" target=\"_blank\">Faras \u2013 poklady p\u00fa\u0161te<\/a>,\u00a0<a rel=\"noreferrer noopener\" href=\"https:\/\/cyfrowe.mnw.art.pl\/pl\/sciezki-tematyczne\/260\" target=\"_blank\">Zlo\u010din a smr\u0165<\/a>,\u00a0<a rel=\"noreferrer noopener\" href=\"https:\/\/cyfrowe.mnw.art.pl\/pl\/sciezki-tematyczne\/257\" target=\"_blank\">Die\u0165a<\/a>,\u00a0<a rel=\"noreferrer noopener\" href=\"https:\/\/cyfrowe.mnw.art.pl\/pl\/sciezki-tematyczne\/258\" target=\"_blank\">V\u00a0ateli\u00e9ri umelca<\/a>,\u201c\u00a0dod\u00e1va. V\u00a0Digit\u00e1lnom N\u00e1rodnom m\u00fazeu vo Var\u0161ave si m\u00f4\u017eete naozaj detailne pozrie\u0165 napr\u00edklad aj obraz\u00a0<a rel=\"noreferrer noopener\" href=\"https:\/\/cyfrowe.mnw.art.pl\/pl\/katalog\/509927\" target=\"_blank\">\u201eBitka pri Grunwalde\u201c<\/a> \u00a0Jana Matejku,\u00a0a\u00a0po kliknut\u00ed na \u0161peci\u00e1lne ikonky sa tie\u017e obozn\u00e1mi\u0165 s\u00a0postavami, ktor\u00e9 sa na \u0148om nach\u00e1dzaj\u00fa.<\/p>\n\n\n\n<p>Milovn\u00edci umenia si m\u00f4\u017eu stiahnu\u0165 fotografiu objektu, ktor\u00fd sa im zap\u00e1\u010di. Na port\u00e1li n\u00e1jdete pri fotografi\u00e1ch umeleck\u00fdch diel aj inform\u00e1cie o\u00a0podmienkach ich pou\u017eitia vr\u00e1tane autorsk\u00fdch pr\u00e1v. Zobrazenia objektov na verejnej dom\u00e9ne (ak od smrti tvorcu ubehlo minim\u00e1lne 70 rokov) je mo\u017en\u00e9 s\u0165ahova\u0165, spracov\u00e1va\u0165 a\u00a0pou\u017e\u00edva\u0165 bez najmen\u0161\u00edch obmedzen\u00ed, a\u00a0to aj komer\u010dne. Reprodukcie nach\u00e1dzaj\u00face sa na port\u00e1li Digit\u00e1lne N\u00e1rodn\u00e9 m\u00fazeum vo Var\u0161ave m\u00f4\u017eu sl\u00fa\u017ei\u0165 aj na realiz\u00e1ciu vlastn\u00fdch technick\u00fdch \u010di reklamn\u00fdch v\u00fdrobkov.<\/p>\n\n\n\n<figure class=\"wp-block-image alignnone\"><a href=\"https:\/\/instytutpolski.pl\/wien\/pl\/cyfrowe-muzeum-narodowe\/fot_adam-oleksiak_mnw_9-ok-2\/\" rel=\"attachment wp-att-5763\"><img decoding=\"async\" src=\"https:\/\/instytutpolski.pl\/wien\/wp-content\/uploads\/sites\/2\/2020\/10\/fot_Adam-Oleksiak_MNW_9-ok-1-1024x683.jpg\" alt=\"\" class=\"wp-image-5763\" \/><\/a><figcaption>Fot. Adam Oleksiak\/MNW<\/figcaption><\/figure>\n","protected":false},"excerpt":{"rendered":"<p>Digit\u00e1lne N\u00e1rodn\u00e9 m\u00fazeum vo Var\u0161ave\u00a0vystavuje a\u017e 60 tis\u00edc m\u00fazejn\u00fdch objektov spomedzi vy\u0161e 800 tis\u00edc artefaktov, ktor\u00e9 sa nach\u00e1dzaj\u00fa v\u00a0zbierke m\u00fazea. N\u00e1jdete tu ve\u013ediela po\u013eskej ma\u013eby, soch\u00e1rstva a\u00a0grafiky, starobyl\u00e9 n\u00e1stenn\u00e9 ma\u013eby z Faras, ktor\u00e9 objavili po\u013esk\u00ed archeol\u00f3govia, ale aj stredovek\u00e9 i\u00a0modern\u00e9 umenie. Ka\u017ed\u00fd sa m\u00f4\u017ee bez oh\u013eadu na to, kde b\u00fdva, vybra\u0165 na virtu\u00e1lnu prehliadku po\u013esk\u00e9ho [&hellip;]<\/p>\n","protected":false},"author":116,"featured_media":3221,"parent":0,"menu_order":0,"comment_status":"closed","ping_status":"closed","template":"","meta":{"inline_featured_image":false,"_monsterinsights_skip_tracking":false,"_monsterinsights_sitenote_active":false,"_monsterinsights_sitenote_note":"","_monsterinsights_sitenote_category":0,"footnotes":""},"class_list":["post-3225","page","type-page","status-publish","has-post-thumbnail","hentry"],"yoast_head":"<!-- This site is optimized with the Yoast SEO plugin v24.6 - https:\/\/yoast.com\/wordpress\/plugins\/seo\/ -->\n<title>Digit\u00e1lne n\u00e1rodn\u00e9 m\u00fazeum - Instytut Polski w Bratys\u0142awie<\/title>\n<meta name=\"robots\" content=\"index, follow, max-snippet:-1, max-image-preview:large, max-video-preview:-1\" \/>\n<link rel=\"canonical\" href=\"https:\/\/instytutpolski.pl\/bratislava\/digitalne-narodne-muzeum\/\" \/>\n<meta property=\"og:locale\" content=\"pl_PL\" \/>\n<meta property=\"og:type\" content=\"article\" \/>\n<meta property=\"og:title\" content=\"Digit\u00e1lne n\u00e1rodn\u00e9 m\u00fazeum - Instytut Polski w Bratys\u0142awie\" \/>\n<meta property=\"og:description\" content=\"Digit\u00e1lne N\u00e1rodn\u00e9 m\u00fazeum vo Var\u0161ave\u00a0vystavuje a\u017e 60 tis\u00edc m\u00fazejn\u00fdch objektov spomedzi vy\u0161e 800 tis\u00edc artefaktov, ktor\u00e9 sa nach\u00e1dzaj\u00fa v\u00a0zbierke m\u00fazea. N\u00e1jdete tu ve\u013ediela po\u013eskej ma\u013eby, soch\u00e1rstva a\u00a0grafiky, starobyl\u00e9 n\u00e1stenn\u00e9 ma\u013eby z Faras, ktor\u00e9 objavili po\u013esk\u00ed archeol\u00f3govia, ale aj stredovek\u00e9 i\u00a0modern\u00e9 umenie. Ka\u017ed\u00fd sa m\u00f4\u017ee bez oh\u013eadu na to, kde b\u00fdva, vybra\u0165 na virtu\u00e1lnu prehliadku po\u013esk\u00e9ho [&hellip;]\" \/>\n<meta property=\"og:url\" content=\"https:\/\/instytutpolski.pl\/bratislava\/digitalne-narodne-muzeum\/\" \/>\n<meta property=\"og:site_name\" content=\"Instytut Polski w Bratys\u0142awie\" \/>\n<meta property=\"article:modified_time\" content=\"2020-10-29T16:46:16+00:00\" \/>\n<meta property=\"og:image\" content=\"https:\/\/instytutpolski.pl\/bratislava\/wp-content\/uploads\/sites\/13\/2020\/10\/fot_Adam-Oleksiak_MNW_9-gotowe-scaled.jpg\" \/>\n\t<meta property=\"og:image:width\" content=\"2560\" \/>\n\t<meta property=\"og:image:height\" content=\"1003\" \/>\n\t<meta property=\"og:image:type\" content=\"image\/jpeg\" \/>\n<meta name=\"twitter:card\" content=\"summary_large_image\" \/>\n<meta name=\"twitter:label1\" content=\"Szacowany czas czytania\" \/>\n\t<meta name=\"twitter:data1\" content=\"2 minuty\" \/>\n<script type=\"application\/ld+json\" class=\"yoast-schema-graph\">{\"@context\":\"https:\/\/schema.org\",\"@graph\":[{\"@type\":\"WebPage\",\"@id\":\"https:\/\/instytutpolski.pl\/bratislava\/digitalne-narodne-muzeum\/\",\"url\":\"https:\/\/instytutpolski.pl\/bratislava\/digitalne-narodne-muzeum\/\",\"name\":\"Digit\u00e1lne n\u00e1rodn\u00e9 m\u00fazeum - Instytut Polski w Bratys\u0142awie\",\"isPartOf\":{\"@id\":\"https:\/\/instytutpolski.pl\/bratislava\/#website\"},\"primaryImageOfPage\":{\"@id\":\"https:\/\/instytutpolski.pl\/bratislava\/digitalne-narodne-muzeum\/#primaryimage\"},\"image\":{\"@id\":\"https:\/\/instytutpolski.pl\/bratislava\/digitalne-narodne-muzeum\/#primaryimage\"},\"thumbnailUrl\":\"https:\/\/instytutpolski.pl\/bratislava\/wp-content\/uploads\/sites\/13\/2020\/10\/fot_Adam-Oleksiak_MNW_9-gotowe-scaled.jpg\",\"datePublished\":\"2020-10-27T11:23:21+00:00\",\"dateModified\":\"2020-10-29T16:46:16+00:00\",\"breadcrumb\":{\"@id\":\"https:\/\/instytutpolski.pl\/bratislava\/digitalne-narodne-muzeum\/#breadcrumb\"},\"inLanguage\":\"pl-PL\",\"potentialAction\":[{\"@type\":\"ReadAction\",\"target\":[\"https:\/\/instytutpolski.pl\/bratislava\/digitalne-narodne-muzeum\/\"]}]},{\"@type\":\"ImageObject\",\"inLanguage\":\"pl-PL\",\"@id\":\"https:\/\/instytutpolski.pl\/bratislava\/digitalne-narodne-muzeum\/#primaryimage\",\"url\":\"https:\/\/instytutpolski.pl\/bratislava\/wp-content\/uploads\/sites\/13\/2020\/10\/fot_Adam-Oleksiak_MNW_9-gotowe-scaled.jpg\",\"contentUrl\":\"https:\/\/instytutpolski.pl\/bratislava\/wp-content\/uploads\/sites\/13\/2020\/10\/fot_Adam-Oleksiak_MNW_9-gotowe-scaled.jpg\",\"width\":2560,\"height\":1003},{\"@type\":\"BreadcrumbList\",\"@id\":\"https:\/\/instytutpolski.pl\/bratislava\/digitalne-narodne-muzeum\/#breadcrumb\",\"itemListElement\":[{\"@type\":\"ListItem\",\"position\":1,\"name\":\"Home\",\"item\":\"https:\/\/instytutpolski.pl\/bratislava\/\"},{\"@type\":\"ListItem\",\"position\":2,\"name\":\"Digit\u00e1lne n\u00e1rodn\u00e9 m\u00fazeum\"}]},{\"@type\":\"WebSite\",\"@id\":\"https:\/\/instytutpolski.pl\/bratislava\/#website\",\"url\":\"https:\/\/instytutpolski.pl\/bratislava\/\",\"name\":\"Instytut Polski w Bratys\u0142awie\",\"description\":\"Instytuty Polskie\",\"potentialAction\":[{\"@type\":\"SearchAction\",\"target\":{\"@type\":\"EntryPoint\",\"urlTemplate\":\"https:\/\/instytutpolski.pl\/bratislava\/?s={search_term_string}\"},\"query-input\":{\"@type\":\"PropertyValueSpecification\",\"valueRequired\":true,\"valueName\":\"search_term_string\"}}],\"inLanguage\":\"pl-PL\"}]}<\/script>\n<!-- \/ Yoast SEO plugin. -->","yoast_head_json":{"title":"Digit\u00e1lne n\u00e1rodn\u00e9 m\u00fazeum - Instytut Polski w Bratys\u0142awie","robots":{"index":"index","follow":"follow","max-snippet":"max-snippet:-1","max-image-preview":"max-image-preview:large","max-video-preview":"max-video-preview:-1"},"canonical":"https:\/\/instytutpolski.pl\/bratislava\/digitalne-narodne-muzeum\/","og_locale":"pl_PL","og_type":"article","og_title":"Digit\u00e1lne n\u00e1rodn\u00e9 m\u00fazeum - Instytut Polski w Bratys\u0142awie","og_description":"Digit\u00e1lne N\u00e1rodn\u00e9 m\u00fazeum vo Var\u0161ave\u00a0vystavuje a\u017e 60 tis\u00edc m\u00fazejn\u00fdch objektov spomedzi vy\u0161e 800 tis\u00edc artefaktov, ktor\u00e9 sa nach\u00e1dzaj\u00fa v\u00a0zbierke m\u00fazea. N\u00e1jdete tu ve\u013ediela po\u013eskej ma\u013eby, soch\u00e1rstva a\u00a0grafiky, starobyl\u00e9 n\u00e1stenn\u00e9 ma\u013eby z Faras, ktor\u00e9 objavili po\u013esk\u00ed archeol\u00f3govia, ale aj stredovek\u00e9 i\u00a0modern\u00e9 umenie. Ka\u017ed\u00fd sa m\u00f4\u017ee bez oh\u013eadu na to, kde b\u00fdva, vybra\u0165 na virtu\u00e1lnu prehliadku po\u013esk\u00e9ho [&hellip;]","og_url":"https:\/\/instytutpolski.pl\/bratislava\/digitalne-narodne-muzeum\/","og_site_name":"Instytut Polski w Bratys\u0142awie","article_modified_time":"2020-10-29T16:46:16+00:00","og_image":[{"width":2560,"height":1003,"url":"https:\/\/instytutpolski.pl\/bratislava\/wp-content\/uploads\/sites\/13\/2020\/10\/fot_Adam-Oleksiak_MNW_9-gotowe-scaled.jpg","type":"image\/jpeg"}],"twitter_card":"summary_large_image","twitter_misc":{"Szacowany czas czytania":"2 minuty"},"schema":{"@context":"https:\/\/schema.org","@graph":[{"@type":"WebPage","@id":"https:\/\/instytutpolski.pl\/bratislava\/digitalne-narodne-muzeum\/","url":"https:\/\/instytutpolski.pl\/bratislava\/digitalne-narodne-muzeum\/","name":"Digit\u00e1lne n\u00e1rodn\u00e9 m\u00fazeum - Instytut Polski w Bratys\u0142awie","isPartOf":{"@id":"https:\/\/instytutpolski.pl\/bratislava\/#website"},"primaryImageOfPage":{"@id":"https:\/\/instytutpolski.pl\/bratislava\/digitalne-narodne-muzeum\/#primaryimage"},"image":{"@id":"https:\/\/instytutpolski.pl\/bratislava\/digitalne-narodne-muzeum\/#primaryimage"},"thumbnailUrl":"https:\/\/instytutpolski.pl\/bratislava\/wp-content\/uploads\/sites\/13\/2020\/10\/fot_Adam-Oleksiak_MNW_9-gotowe-scaled.jpg","datePublished":"2020-10-27T11:23:21+00:00","dateModified":"2020-10-29T16:46:16+00:00","breadcrumb":{"@id":"https:\/\/instytutpolski.pl\/bratislava\/digitalne-narodne-muzeum\/#breadcrumb"},"inLanguage":"pl-PL","potentialAction":[{"@type":"ReadAction","target":["https:\/\/instytutpolski.pl\/bratislava\/digitalne-narodne-muzeum\/"]}]},{"@type":"ImageObject","inLanguage":"pl-PL","@id":"https:\/\/instytutpolski.pl\/bratislava\/digitalne-narodne-muzeum\/#primaryimage","url":"https:\/\/instytutpolski.pl\/bratislava\/wp-content\/uploads\/sites\/13\/2020\/10\/fot_Adam-Oleksiak_MNW_9-gotowe-scaled.jpg","contentUrl":"https:\/\/instytutpolski.pl\/bratislava\/wp-content\/uploads\/sites\/13\/2020\/10\/fot_Adam-Oleksiak_MNW_9-gotowe-scaled.jpg","width":2560,"height":1003},{"@type":"BreadcrumbList","@id":"https:\/\/instytutpolski.pl\/bratislava\/digitalne-narodne-muzeum\/#breadcrumb","itemListElement":[{"@type":"ListItem","position":1,"name":"Home","item":"https:\/\/instytutpolski.pl\/bratislava\/"},{"@type":"ListItem","position":2,"name":"Digit\u00e1lne n\u00e1rodn\u00e9 m\u00fazeum"}]},{"@type":"WebSite","@id":"https:\/\/instytutpolski.pl\/bratislava\/#website","url":"https:\/\/instytutpolski.pl\/bratislava\/","name":"Instytut Polski w Bratys\u0142awie","description":"Instytuty Polskie","potentialAction":[{"@type":"SearchAction","target":{"@type":"EntryPoint","urlTemplate":"https:\/\/instytutpolski.pl\/bratislava\/?s={search_term_string}"},"query-input":{"@type":"PropertyValueSpecification","valueRequired":true,"valueName":"search_term_string"}}],"inLanguage":"pl-PL"}]}},"_links":{"self":[{"href":"https:\/\/instytutpolski.pl\/bratislava\/wp-json\/wp\/v2\/pages\/3225","targetHints":{"allow":["GET"]}}],"collection":[{"href":"https:\/\/instytutpolski.pl\/bratislava\/wp-json\/wp\/v2\/pages"}],"about":[{"href":"https:\/\/instytutpolski.pl\/bratislava\/wp-json\/wp\/v2\/types\/page"}],"author":[{"embeddable":true,"href":"https:\/\/instytutpolski.pl\/bratislava\/wp-json\/wp\/v2\/users\/116"}],"replies":[{"embeddable":true,"href":"https:\/\/instytutpolski.pl\/bratislava\/wp-json\/wp\/v2\/comments?post=3225"}],"version-history":[{"count":4,"href":"https:\/\/instytutpolski.pl\/bratislava\/wp-json\/wp\/v2\/pages\/3225\/revisions"}],"predecessor-version":[{"id":3235,"href":"https:\/\/instytutpolski.pl\/bratislava\/wp-json\/wp\/v2\/pages\/3225\/revisions\/3235"}],"wp:featuredmedia":[{"embeddable":true,"href":"https:\/\/instytutpolski.pl\/bratislava\/wp-json\/wp\/v2\/media\/3221"}],"wp:attachment":[{"href":"https:\/\/instytutpolski.pl\/bratislava\/wp-json\/wp\/v2\/media?parent=3225"}],"curies":[{"name":"wp","href":"https:\/\/api.w.org\/{rel}","templated":true}]}}