{"id":36,"date":"2019-06-06T19:56:34","date_gmt":"2019-06-06T17:56:34","guid":{"rendered":"https:\/\/instytutpolski.pl\/bratyslawa\/?page_id=36"},"modified":"2019-06-06T19:55:29","modified_gmt":"2019-06-06T17:55:29","slug":"download-loga-polskeho-institutu","status":"publish","type":"page","link":"https:\/\/instytutpolski.pl\/bratislava\/download-loga-polskeho-institutu\/","title":{"rendered":"Download loga Po\u013esk\u00e9ho in\u0161tit\u00fatu"},"content":{"rendered":"<div class=\"partner\" id=\"partner-block_5cf948df8a059\">\r\n\r\n                <div class=\"row align-items-center mb-2\">\r\n                <div class=\"col-4\"><a href=\"http:\/\/instytutpolski.pl\/bratyslawa\/wp-content\/uploads\/sites\/13\/2019\/06\/bratislava-logo-1.zip\"><img decoding=\"async\" src=\"https:\/\/instytutpolski.pl\/bratislava\/wp-content\/uploads\/sites\/13\/2019\/06\/polinst_internet.jpg\" \/><\/a><\/div>\r\n                <div class=\"col-8\"><strong>Logo Po\u013esk\u00e9ho in\u0161tit\u00fatu Bratislava [3,4 Mb]<\/strong><\/div>\r\n\r\n            <\/div>\r\n                    <div class=\"row align-items-center mb-2\">\r\n                <div class=\"col-4\"><a href=\"https:\/\/issuu.com\/polskyinstitutbratislava\/docs\/program_december_18_issuu\"><img decoding=\"async\" src=\"https:\/\/instytutpolski.pl\/bratislava\/wp-content\/uploads\/sites\/13\/2019\/06\/program_december_18_issuu.jpg\" \/><\/a><\/div>\r\n                <div class=\"col-8\"><strong>Program december 2018<\/strong><\/div>\r\n\r\n            <\/div>\r\n                    <div class=\"row align-items-center mb-2\">\r\n                <div class=\"col-4\"><a href=\"https:\/\/issuu.com\/polskyinstitutbratislava\/docs\/program_november_18_issuu_1e9bca5cc6d78d\"><img decoding=\"async\" src=\"https:\/\/instytutpolski.pl\/bratislava\/wp-content\/uploads\/sites\/13\/2019\/06\/program_november_18_issuu.jpg\" \/><\/a><\/div>\r\n                <div class=\"col-8\"><strong>Program november 2018<\/strong><\/div>\r\n\r\n            <\/div>\r\n                    <div class=\"row align-items-center mb-2\">\r\n                <div class=\"col-4\"><a href=\"https:\/\/issuu.com\/polskyinstitutbratislava\/docs\/program_otober_18_issue\"><img decoding=\"async\" src=\"https:\/\/instytutpolski.pl\/bratislava\/wp-content\/uploads\/sites\/13\/2019\/06\/program_otober_18_okladka.jpg\" \/><\/a><\/div>\r\n                <div class=\"col-8\"><strong>Program okt\u00f3ber 2018<\/strong><\/div>\r\n\r\n            <\/div>\r\n                    <div class=\"row align-items-center mb-2\">\r\n                <div class=\"col-4\"><a href=\"https:\/\/issuu.com\/polskyinstitutbratislava\/docs\/program_september_18_issuu\"><img decoding=\"async\" src=\"https:\/\/instytutpolski.pl\/bratislava\/wp-content\/uploads\/sites\/13\/2019\/06\/program_september_18_net.jpg\" \/><\/a><\/div>\r\n                <div class=\"col-8\"><strong>Program september 2018<\/strong><\/div>\r\n\r\n            <\/div>\r\n                    <div class=\"row align-items-center mb-2\">\r\n                <div class=\"col-4\"><a href=\"https:\/\/issuu.com\/polskyinstitutbratislava\/docs\/_jul_august_net\"><img decoding=\"async\" src=\"https:\/\/instytutpolski.pl\/bratislava\/wp-content\/uploads\/sites\/13\/2019\/06\/obalka_jul.jpg\" \/><\/a><\/div>\r\n                <div class=\"col-8\"><strong>Program j\u00fan 2018<\/strong><\/div>\r\n\r\n            <\/div>\r\n                    <div class=\"row align-items-center mb-2\">\r\n                <div class=\"col-4\"><a href=\"https:\/\/issuu.com\/polskyinstitutbratislava\/docs\/jun_issuu\"><img decoding=\"async\" src=\"https:\/\/instytutpolski.pl\/bratislava\/wp-content\/uploads\/sites\/13\/2019\/06\/obalka_jun.jpg\" \/><\/a><\/div>\r\n                <div class=\"col-8\"><strong>Program j\u00fan 2018<\/strong><\/div>\r\n\r\n            <\/div>\r\n                    <div class=\"row align-items-center mb-2\">\r\n                <div class=\"col-4\"><a href=\"https:\/\/issuu.com\/polskyinstitutbratislava\/docs\/program_maj_issuu\"><img decoding=\"async\" src=\"https:\/\/instytutpolski.pl\/bratislava\/wp-content\/uploads\/sites\/13\/2019\/06\/program_maj_obalka.jpg\" \/><\/a><\/div>\r\n                <div class=\"col-8\"><strong>Program m\u00e1j 2018<\/strong><\/div>\r\n\r\n            <\/div>\r\n                    <div class=\"row align-items-center mb-2\">\r\n                <div class=\"col-4\"><a href=\"https:\/\/issuu.com\/polskyinstitutbratislava\/docs\/april_18_issuu\"><img decoding=\"async\" src=\"https:\/\/instytutpolski.pl\/bratislava\/wp-content\/uploads\/sites\/13\/2019\/06\/okladka_april_18.jpg\" \/><\/a><\/div>\r\n                <div class=\"col-8\"><strong>Program apr\u00edl 2018<\/strong><\/div>\r\n\r\n            <\/div>\r\n                    <div class=\"row align-items-center mb-2\">\r\n                <div class=\"col-4\"><a href=\"https:\/\/issuu.com\/polskyinstitutbratislava\/docs\/marec_18_issuu\"><img decoding=\"async\" src=\"https:\/\/instytutpolski.pl\/bratislava\/wp-content\/uploads\/sites\/13\/2019\/06\/marec_18_issuu.jpg\" \/><\/a><\/div>\r\n                <div class=\"col-8\"><strong>Program marec 2018<\/strong><\/div>\r\n\r\n            <\/div>\r\n                    <div class=\"row align-items-center mb-2\">\r\n                <div class=\"col-4\"><a href=\"https:\/\/issuu.com\/PolskyInstitutBratislava\/docs\/januar_februar_issue\"><img decoding=\"async\" src=\"\" \/><\/a><\/div>\r\n                <div class=\"col-8\"><strong>Program janu\u00e1r-febru\u00e1r 2018<\/strong><\/div>\r\n\r\n            <\/div>\r\n                    <div class=\"row align-items-center mb-2\">\r\n                <div class=\"col-4\"><a href=\"https:\/\/issuu.com\/PolskyInstitutBratislava\/docs\/december_17_issuu\"><img decoding=\"async\" src=\"https:\/\/instytutpolski.pl\/bratislava\/wp-content\/uploads\/sites\/13\/2019\/06\/Kartka_oplatek.jpg\" \/><\/a><\/div>\r\n                <div class=\"col-8\"><strong>Program december 2017<\/strong><\/div>\r\n\r\n            <\/div>\r\n                    <div class=\"row align-items-center mb-2\">\r\n                <div class=\"col-4\"><a href=\"https:\/\/issuu.com\/polskyinstitutbratislava\/docs\/november_17_issuu\"><img decoding=\"async\" src=\"https:\/\/instytutpolski.pl\/bratislava\/wp-content\/uploads\/sites\/13\/2019\/06\/november_17_obalka.jpg\" \/><\/a><\/div>\r\n                <div class=\"col-8\"><strong>Program november 2017<\/strong><\/div>\r\n\r\n            <\/div>\r\n                    <div class=\"row align-items-center mb-2\">\r\n                <div class=\"col-4\"><a href=\"https:\/\/issuu.com\/polskyinstitutbratislava\/docs\/oktober_17_issuu\"><img decoding=\"async\" src=\"https:\/\/instytutpolski.pl\/bratislava\/wp-content\/uploads\/sites\/13\/2019\/06\/obalka_oktober17.jpg\" \/><\/a><\/div>\r\n                <div class=\"col-8\"><strong>Program okt\u00f3ber 2017<\/strong><\/div>\r\n\r\n            <\/div>\r\n                    <div class=\"row align-items-center mb-2\">\r\n                <div class=\"col-4\"><a href=\"https:\/\/issuu.com\/polskyinstitutbratislava\/docs\/september_17_issue\"><img decoding=\"async\" src=\"https:\/\/instytutpolski.pl\/bratislava\/wp-content\/uploads\/sites\/13\/2019\/06\/september_17_cmyk_tlac.jpg\" \/><\/a><\/div>\r\n                <div class=\"col-8\"><strong>Program september 2017<\/strong><\/div>\r\n\r\n            <\/div>\r\n                    <div class=\"row align-items-center mb-2\">\r\n                <div class=\"col-4\"><a href=\"https:\/\/issuu.com\/polskyinstitutbratislava\/docs\/program_jul-august_issue\"><img decoding=\"async\" src=\"https:\/\/instytutpolski.pl\/bratislava\/wp-content\/uploads\/sites\/13\/2019\/06\/program_jul-august_obal.jpg\" \/><\/a><\/div>\r\n                <div class=\"col-8\"><strong> Program j\u00fal &#8211; august 2017<\/strong><\/div>\r\n\r\n            <\/div>\r\n                    <div class=\"row align-items-center mb-2\">\r\n                <div class=\"col-4\"><a href=\"https:\/\/issuu.com\/polskyinstitutbratislava\/docs\/program_jun17_issue\"><img decoding=\"async\" src=\"https:\/\/instytutpolski.pl\/bratislava\/wp-content\/uploads\/sites\/13\/2019\/06\/program_jun17_obalka.jpg\" \/><\/a><\/div>\r\n                <div class=\"col-8\"><strong>Program j\u00fan 2017<\/strong><\/div>\r\n\r\n            <\/div>\r\n                    <div class=\"row align-items-center mb-2\">\r\n                <div class=\"col-4\"><a href=\"https:\/\/issuu.com\/polskyinstitutbratislava\/docs\/program_isuue\"><img decoding=\"async\" src=\"https:\/\/instytutpolski.pl\/bratislava\/wp-content\/uploads\/sites\/13\/2019\/06\/okladka-www.jpg\" \/><\/a><\/div>\r\n                <div class=\"col-8\"><strong>Program apr\u00edl \/ m\u00e1j  2017<\/strong><\/div>\r\n\r\n            <\/div>\r\n                    <div class=\"row align-items-center mb-2\">\r\n                <div class=\"col-4\"><a href=\"https:\/\/issuu.com\/polskyinstitutbratislava\/docs\/program_online\"><img decoding=\"async\" src=\"https:\/\/instytutpolski.pl\/bratislava\/wp-content\/uploads\/sites\/13\/2019\/06\/okladka-online.jpg\" \/><\/a><\/div>\r\n                <div class=\"col-8\"><strong>Program marec 2017<\/strong><\/div>\r\n\r\n            <\/div>\r\n                    <div class=\"row align-items-center mb-2\">\r\n                <div class=\"col-4\"><a href=\"http:\/\/issuu.com\/polskyinstitutbratislava\/docs\/styczen_issuu\"><img decoding=\"async\" src=\"https:\/\/instytutpolski.pl\/bratislava\/wp-content\/uploads\/sites\/13\/2019\/06\/styczen-www-okadka.jpg\" \/><\/a><\/div>\r\n                <div class=\"col-8\"><strong>Program janu\u00e1r febru\u00e1r 2017<\/strong><\/div>\r\n\r\n            <\/div>\r\n                    <div class=\"row align-items-center mb-2\">\r\n                <div class=\"col-4\"><a href=\"http:\/\/issuu.com\/polskyinstitutbratislava\/docs\/december_issuu\"><img decoding=\"async\" src=\"https:\/\/instytutpolski.pl\/bratislava\/wp-content\/uploads\/sites\/13\/2019\/06\/december-ISSUU.jpg\" \/><\/a><\/div>\r\n                <div class=\"col-8\"><strong>Program december 2016<\/strong><\/div>\r\n\r\n            <\/div>\r\n                    <div class=\"row align-items-center mb-2\">\r\n                <div class=\"col-4\"><a href=\"https:\/\/issuu.com\/polskyinstitutbratislava\/docs\/november_program_issue\/1?e=0\"><img decoding=\"async\" src=\"https:\/\/instytutpolski.pl\/bratislava\/wp-content\/uploads\/sites\/13\/2019\/06\/november-.jpg\" \/><\/a><\/div>\r\n                <div class=\"col-8\"><strong>Program november 2016<\/strong><\/div>\r\n\r\n            <\/div>\r\n                    <div class=\"row align-items-center mb-2\">\r\n                <div class=\"col-4\"><a href=\"https:\/\/issuu.com\/polskyinstitutbratislava\/docs\/oktober_program_issue?e=24240866\/30000297\"><img decoding=\"async\" src=\"https:\/\/instytutpolski.pl\/bratislava\/wp-content\/uploads\/sites\/13\/2019\/06\/okladka.jpg\" \/><\/a><\/div>\r\n                <div class=\"col-8\"><strong>Program okt\u00f3ber 2016<\/strong><\/div>\r\n\r\n            <\/div>\r\n                    <div class=\"row align-items-center mb-2\">\r\n                <div class=\"col-4\"><a href=\"https:\/\/issuu.com\/polskyinstitutbratislava\/docs\/program_september_ip_small\"><img decoding=\"async\" src=\"https:\/\/instytutpolski.pl\/bratislava\/wp-content\/uploads\/sites\/13\/2019\/06\/okladkal.jpg\" \/><\/a><\/div>\r\n                <div class=\"col-8\"><strong>Program september 2016<\/strong><\/div>\r\n\r\n            <\/div>\r\n                    <div class=\"row align-items-center mb-2\">\r\n                <div class=\"col-4\"><a href=\"http:\/\/instytutpolski.pl\/bratyslawa\/wp-content\/uploads\/sites\/13\/2019\/06\/lato2016net.pdf\"><img decoding=\"async\" src=\"https:\/\/instytutpolski.pl\/bratislava\/wp-content\/uploads\/sites\/13\/2019\/06\/okladka-1.jpg\" \/><\/a><\/div>\r\n                <div class=\"col-8\"><strong>Program j\u00fal-august 2016<\/strong><\/div>\r\n\r\n            <\/div>\r\n                    <div class=\"row align-items-center mb-2\">\r\n                <div class=\"col-4\"><a href=\"http:\/\/instytutpolski.pl\/bratyslawa\/wp-content\/uploads\/sites\/13\/2019\/06\/jun_2016_net.pdf\"><img decoding=\"async\" src=\"https:\/\/instytutpolski.pl\/bratislava\/wp-content\/uploads\/sites\/13\/2019\/06\/okladka-2.jpg\" \/><\/a><\/div>\r\n                <div class=\"col-8\"><strong>Program j\u00fan 2016<\/strong><\/div>\r\n\r\n            <\/div>\r\n                    <div class=\"row align-items-center mb-2\">\r\n                <div class=\"col-4\"><a href=\"http:\/\/instytutpolski.pl\/bratyslawa\/wp-content\/uploads\/sites\/13\/2019\/06\/maj_2016_net.pdf\"><img decoding=\"async\" src=\"https:\/\/instytutpolski.pl\/bratislava\/wp-content\/uploads\/sites\/13\/2019\/06\/Rysunek1.jpg\" \/><\/a><\/div>\r\n                <div class=\"col-8\"><strong>Program m\u00e1j 2016<\/strong><\/div>\r\n\r\n            <\/div>\r\n                    <div class=\"row align-items-center mb-2\">\r\n                <div class=\"col-4\"><a href=\"http:\/\/instytutpolski.pl\/bratyslawa\/wp-content\/uploads\/sites\/13\/2019\/06\/april_2016_net.pdf\"><img decoding=\"async\" src=\"https:\/\/instytutpolski.pl\/bratislava\/wp-content\/uploads\/sites\/13\/2019\/06\/april_titulka.jpg\" \/><\/a><\/div>\r\n                <div class=\"col-8\"><strong>Program apr\u00edl 2016<\/strong><\/div>\r\n\r\n            <\/div>\r\n                    <div class=\"row align-items-center mb-2\">\r\n                <div class=\"col-4\"><a href=\"http:\/\/instytutpolski.pl\/bratyslawa\/wp-content\/uploads\/sites\/13\/2019\/06\/marec_2016_net.pdf\"><img decoding=\"async\" src=\"https:\/\/instytutpolski.pl\/bratislava\/wp-content\/uploads\/sites\/13\/2019\/06\/marec_2016_titulka.jpg\" \/><\/a><\/div>\r\n                <div class=\"col-8\"><strong>Program marec 2016 <\/strong><\/div>\r\n\r\n            <\/div>\r\n                    <div class=\"row align-items-center mb-2\">\r\n                <div class=\"col-4\"><a href=\"http:\/\/instytutpolski.pl\/bratyslawa\/wp-content\/uploads\/sites\/13\/2019\/06\/januar_februar_2016_net.pdf.pdf\"><img decoding=\"async\" src=\"https:\/\/instytutpolski.pl\/bratislava\/wp-content\/uploads\/sites\/13\/2019\/06\/januar_februar_2016_titulka.jpg\" \/><\/a><\/div>\r\n                <div class=\"col-8\"><strong>Program janu\u00e1r a febru\u00e1r 2016<\/strong><\/div>\r\n\r\n            <\/div>\r\n                    <div class=\"row align-items-center mb-2\">\r\n                <div class=\"col-4\"><a href=\"http:\/\/instytutpolski.pl\/bratyslawa\/wp-content\/uploads\/sites\/13\/2019\/06\/program_nov_dec-2015_net.pdf\"><img decoding=\"async\" src=\"https:\/\/instytutpolski.pl\/bratislava\/wp-content\/uploads\/sites\/13\/2019\/06\/program_nov_dec-2015_titulka.jpg\" \/><\/a><\/div>\r\n                <div class=\"col-8\"><strong>Program november a december 2015 <\/strong><\/div>\r\n\r\n            <\/div>\r\n                    <div class=\"row align-items-center mb-2\">\r\n                <div class=\"col-4\"><a href=\"http:\/\/instytutpolski.pl\/bratyslawa\/wp-content\/uploads\/sites\/13\/2019\/06\/oktober_2015.pdf\"><img decoding=\"async\" src=\"https:\/\/instytutpolski.pl\/bratislava\/wp-content\/uploads\/sites\/13\/2019\/06\/waves.jpg\" \/><\/a><\/div>\r\n                <div class=\"col-8\"><strong>Program okt\u00f3ber 2015<\/strong><\/div>\r\n\r\n            <\/div>\r\n                    <div class=\"row align-items-center mb-2\">\r\n                <div class=\"col-4\"><a href=\"http:\/\/instytutpolski.pl\/bratyslawa\/wp-content\/uploads\/sites\/13\/2019\/06\/september_2015.pdf_net.pdf\"><img decoding=\"async\" src=\"https:\/\/instytutpolski.pl\/bratislava\/wp-content\/uploads\/sites\/13\/2019\/06\/program-september-2015-titulka.jpg\" \/><\/a><\/div>\r\n                <div class=\"col-8\"><strong>Program september 2015<\/strong><\/div>\r\n\r\n            <\/div>\r\n                    <div class=\"row align-items-center mb-2\">\r\n                <div class=\"col-4\"><a href=\"http:\/\/instytutpolski.pl\/bratyslawa\/wp-content\/uploads\/sites\/13\/2019\/06\/jul_august_2015_net.pdf\"><img decoding=\"async\" src=\"https:\/\/instytutpolski.pl\/bratislava\/wp-content\/uploads\/sites\/13\/2019\/06\/pobrane.jpg\" \/><\/a><\/div>\r\n                <div class=\"col-8\"><strong>Program j\u00fal a august 2015<\/strong><\/div>\r\n\r\n            <\/div>\r\n                    <div class=\"row align-items-center mb-2\">\r\n                <div class=\"col-4\"><a href=\"http:\/\/instytutpolski.pl\/bratyslawa\/wp-content\/uploads\/sites\/13\/2019\/06\/jun_2015_net.pdf\"><img decoding=\"async\" src=\"https:\/\/instytutpolski.pl\/bratislava\/wp-content\/uploads\/sites\/13\/2019\/06\/obalka_6_15.jpg\" \/><\/a><\/div>\r\n                <div class=\"col-8\"><strong>Program j\u00fan 2015<\/strong><\/div>\r\n\r\n            <\/div>\r\n                    <div class=\"row align-items-center mb-2\">\r\n                <div class=\"col-4\"><a href=\"http:\/\/instytutpolski.pl\/bratyslawa\/wp-content\/uploads\/sites\/13\/2019\/06\/maj_2015_net.pdf\"><img decoding=\"async\" src=\"https:\/\/instytutpolski.pl\/bratislava\/wp-content\/uploads\/sites\/13\/2019\/06\/titulka_5.15.jpg\" \/><\/a><\/div>\r\n                <div class=\"col-8\"><strong>Program m\u00e1j 2015<\/strong><\/div>\r\n\r\n            <\/div>\r\n                    <div class=\"row align-items-center mb-2\">\r\n                <div class=\"col-4\"><a href=\"http:\/\/instytutpolski.pl\/bratyslawa\/wp-content\/uploads\/sites\/13\/2019\/06\/kwiecien_2015_net.pdf\"><img decoding=\"async\" src=\"https:\/\/instytutpolski.pl\/bratislava\/wp-content\/uploads\/sites\/13\/2019\/06\/april2015_obalka.jpg\" \/><\/a><\/div>\r\n                <div class=\"col-8\"><strong>Program apr\u00edl 2015<\/strong><\/div>\r\n\r\n            <\/div>\r\n                    <div class=\"row align-items-center mb-2\">\r\n                <div class=\"col-4\"><a href=\"http:\/\/instytutpolski.pl\/bratyslawa\/wp-content\/uploads\/sites\/13\/2019\/06\/marec_2015_net.pdf\"><img decoding=\"async\" src=\"https:\/\/instytutpolski.pl\/bratislava\/wp-content\/uploads\/sites\/13\/2019\/06\/marec_titulka.jpg\" \/><\/a><\/div>\r\n                <div class=\"col-8\"><strong>Program marec 2015<\/strong><\/div>\r\n\r\n            <\/div>\r\n                    <div class=\"row align-items-center mb-2\">\r\n                <div class=\"col-4\"><a href=\"http:\/\/instytutpolski.pl\/bratyslawa\/wp-content\/uploads\/sites\/13\/2019\/06\/januar_februar_2015_net.pdf\"><img decoding=\"async\" src=\"https:\/\/instytutpolski.pl\/bratislava\/wp-content\/uploads\/sites\/13\/2019\/06\/januar_februar_2015_titulka.jpg\" \/><\/a><\/div>\r\n                <div class=\"col-8\"><strong>Program janu\u00e1r a febru\u00e1r 2015<\/strong><\/div>\r\n\r\n            <\/div>\r\n        \r\n\r\n<\/div>\r\n\n\n\n<p><\/p>\n","protected":false},"excerpt":{"rendered":"","protected":false},"author":1,"featured_media":0,"parent":0,"menu_order":0,"comment_status":"closed","ping_status":"closed","template":"","meta":{"inline_featured_image":false,"_monsterinsights_skip_tracking":false,"_monsterinsights_sitenote_active":false,"_monsterinsights_sitenote_note":"","_monsterinsights_sitenote_category":0,"footnotes":""},"class_list":["post-36","page","type-page","status-publish","hentry"],"yoast_head":"<!-- This site is optimized with the Yoast SEO plugin v24.6 - https:\/\/yoast.com\/wordpress\/plugins\/seo\/ -->\n<title>Download loga Po\u013esk\u00e9ho in\u0161tit\u00fatu - Instytut Polski w Bratys\u0142awie<\/title>\n<meta name=\"robots\" content=\"index, follow, max-snippet:-1, max-image-preview:large, max-video-preview:-1\" \/>\n<link rel=\"canonical\" href=\"https:\/\/instytutpolski.pl\/bratislava\/download-loga-polskeho-institutu\/\" \/>\n<meta property=\"og:locale\" content=\"pl_PL\" \/>\n<meta property=\"og:type\" content=\"article\" \/>\n<meta property=\"og:title\" content=\"Download loga Po\u013esk\u00e9ho in\u0161tit\u00fatu - Instytut Polski w Bratys\u0142awie\" \/>\n<meta property=\"og:url\" content=\"https:\/\/instytutpolski.pl\/bratislava\/download-loga-polskeho-institutu\/\" \/>\n<meta property=\"og:site_name\" content=\"Instytut Polski w Bratys\u0142awie\" \/>\n<meta name=\"twitter:card\" content=\"summary_large_image\" \/>\n<script type=\"application\/ld+json\" class=\"yoast-schema-graph\">{\"@context\":\"https:\/\/schema.org\",\"@graph\":[{\"@type\":\"WebPage\",\"@id\":\"https:\/\/instytutpolski.pl\/bratislava\/download-loga-polskeho-institutu\/\",\"url\":\"https:\/\/instytutpolski.pl\/bratislava\/download-loga-polskeho-institutu\/\",\"name\":\"Download loga Po\u013esk\u00e9ho in\u0161tit\u00fatu - Instytut Polski w Bratys\u0142awie\",\"isPartOf\":{\"@id\":\"https:\/\/instytutpolski.pl\/bratislava\/#website\"},\"datePublished\":\"2019-06-06T17:56:34+00:00\",\"breadcrumb\":{\"@id\":\"https:\/\/instytutpolski.pl\/bratislava\/download-loga-polskeho-institutu\/#breadcrumb\"},\"inLanguage\":\"pl-PL\",\"potentialAction\":[{\"@type\":\"ReadAction\",\"target\":[\"https:\/\/instytutpolski.pl\/bratislava\/download-loga-polskeho-institutu\/\"]}]},{\"@type\":\"BreadcrumbList\",\"@id\":\"https:\/\/instytutpolski.pl\/bratislava\/download-loga-polskeho-institutu\/#breadcrumb\",\"itemListElement\":[{\"@type\":\"ListItem\",\"position\":1,\"name\":\"Home\",\"item\":\"https:\/\/instytutpolski.pl\/bratislava\/\"},{\"@type\":\"ListItem\",\"position\":2,\"name\":\"Download loga Po\u013esk\u00e9ho in\u0161tit\u00fatu\"}]},{\"@type\":\"WebSite\",\"@id\":\"https:\/\/instytutpolski.pl\/bratislava\/#website\",\"url\":\"https:\/\/instytutpolski.pl\/bratislava\/\",\"name\":\"Instytut Polski w Bratys\u0142awie\",\"description\":\"Instytuty Polskie\",\"potentialAction\":[{\"@type\":\"SearchAction\",\"target\":{\"@type\":\"EntryPoint\",\"urlTemplate\":\"https:\/\/instytutpolski.pl\/bratislava\/?s={search_term_string}\"},\"query-input\":{\"@type\":\"PropertyValueSpecification\",\"valueRequired\":true,\"valueName\":\"search_term_string\"}}],\"inLanguage\":\"pl-PL\"}]}<\/script>\n<!-- \/ Yoast SEO plugin. -->","yoast_head_json":{"title":"Download loga Po\u013esk\u00e9ho in\u0161tit\u00fatu - Instytut Polski w Bratys\u0142awie","robots":{"index":"index","follow":"follow","max-snippet":"max-snippet:-1","max-image-preview":"max-image-preview:large","max-video-preview":"max-video-preview:-1"},"canonical":"https:\/\/instytutpolski.pl\/bratislava\/download-loga-polskeho-institutu\/","og_locale":"pl_PL","og_type":"article","og_title":"Download loga Po\u013esk\u00e9ho in\u0161tit\u00fatu - Instytut Polski w Bratys\u0142awie","og_url":"https:\/\/instytutpolski.pl\/bratislava\/download-loga-polskeho-institutu\/","og_site_name":"Instytut Polski w Bratys\u0142awie","twitter_card":"summary_large_image","schema":{"@context":"https:\/\/schema.org","@graph":[{"@type":"WebPage","@id":"https:\/\/instytutpolski.pl\/bratislava\/download-loga-polskeho-institutu\/","url":"https:\/\/instytutpolski.pl\/bratislava\/download-loga-polskeho-institutu\/","name":"Download loga Po\u013esk\u00e9ho in\u0161tit\u00fatu - Instytut Polski w Bratys\u0142awie","isPartOf":{"@id":"https:\/\/instytutpolski.pl\/bratislava\/#website"},"datePublished":"2019-06-06T17:56:34+00:00","breadcrumb":{"@id":"https:\/\/instytutpolski.pl\/bratislava\/download-loga-polskeho-institutu\/#breadcrumb"},"inLanguage":"pl-PL","potentialAction":[{"@type":"ReadAction","target":["https:\/\/instytutpolski.pl\/bratislava\/download-loga-polskeho-institutu\/"]}]},{"@type":"BreadcrumbList","@id":"https:\/\/instytutpolski.pl\/bratislava\/download-loga-polskeho-institutu\/#breadcrumb","itemListElement":[{"@type":"ListItem","position":1,"name":"Home","item":"https:\/\/instytutpolski.pl\/bratislava\/"},{"@type":"ListItem","position":2,"name":"Download loga Po\u013esk\u00e9ho in\u0161tit\u00fatu"}]},{"@type":"WebSite","@id":"https:\/\/instytutpolski.pl\/bratislava\/#website","url":"https:\/\/instytutpolski.pl\/bratislava\/","name":"Instytut Polski w Bratys\u0142awie","description":"Instytuty Polskie","potentialAction":[{"@type":"SearchAction","target":{"@type":"EntryPoint","urlTemplate":"https:\/\/instytutpolski.pl\/bratislava\/?s={search_term_string}"},"query-input":{"@type":"PropertyValueSpecification","valueRequired":true,"valueName":"search_term_string"}}],"inLanguage":"pl-PL"}]}},"_links":{"self":[{"href":"https:\/\/instytutpolski.pl\/bratislava\/wp-json\/wp\/v2\/pages\/36","targetHints":{"allow":["GET"]}}],"collection":[{"href":"https:\/\/instytutpolski.pl\/bratislava\/wp-json\/wp\/v2\/pages"}],"about":[{"href":"https:\/\/instytutpolski.pl\/bratislava\/wp-json\/wp\/v2\/types\/page"}],"author":[{"embeddable":true,"href":"https:\/\/instytutpolski.pl\/bratislava\/wp-json\/wp\/v2\/users\/1"}],"replies":[{"embeddable":true,"href":"https:\/\/instytutpolski.pl\/bratislava\/wp-json\/wp\/v2\/comments?post=36"}],"version-history":[{"count":6,"href":"https:\/\/instytutpolski.pl\/bratislava\/wp-json\/wp\/v2\/pages\/36\/revisions"}],"predecessor-version":[{"id":98,"href":"https:\/\/instytutpolski.pl\/bratislava\/wp-json\/wp\/v2\/pages\/36\/revisions\/98"}],"wp:attachment":[{"href":"https:\/\/instytutpolski.pl\/bratislava\/wp-json\/wp\/v2\/media?parent=36"}],"curies":[{"name":"wp","href":"https:\/\/api.w.org\/{rel}","templated":true}]}}