{"id":444,"date":"2019-06-07T00:48:55","date_gmt":"2019-06-06T22:48:55","guid":{"rendered":"https:\/\/instytutpolski.pl\/bratyslawa\/?page_id=444"},"modified":"2020-02-06T15:21:35","modified_gmt":"2020-02-06T14:21:35","slug":"citaren","status":"publish","type":"page","link":"https:\/\/instytutpolski.pl\/bratislava\/citaren\/","title":{"rendered":"\u010cit\u00e1re\u0148"},"content":{"rendered":"\n<p>Srde\u010dne poz\u00fdvame v\u0161etk\u00fdch do \u010dit\u00e1rne Po\u013esk\u00e9ho in\u0161tit\u00fatu! N\u00e1jdete tu po\u013esk\u00fa denn\u00fa tla\u010d, t\u00fd\u017edenn\u00edky a\u00a0mesa\u010dn\u00edky najm\u00e4 z\u00a0oblasti kult\u00fary a\u00a0literat\u00fary. V roku 2018 pon\u00fakame tieto noviny a \u010dasopisy:<\/p>\n<p style=\"text-align: left\"><span style=\"text-decoration: underline\"><strong>T\u00dd\u017dDENN\u00cdKY:<\/strong><\/span><\/p>\n<p><a href=\"http:\/\/www.polityka.pl\/\">Polityka<\/a>, naj\u010d\u00edtanej\u0161\u00ed po\u013esk\u00fd t\u00fd\u017edenn\u00edk s\u00a0intelektu\u00e1lnym, soci\u00e1lno-liber\u00e1lnym profilom<\/p>\n<p><a href=\"http:\/\/tygodnik.onet.pl\/\">Tygodnik Powszechny<\/a>, katol\u00edcky spolo\u010densko-kult\u00farny t\u00fd\u017edenn\u00edk<\/p>\n<p><a href=\"https:\/\/dorzeczy.pl\/\">Do Rzeczy<\/a>, konzervat\u00edvno-liber\u00e1lny t\u00fd\u017edenn\u00edk<\/p>\n<p><a href=\"https:\/\/www.wsieciprawdy.pl\/\">Sieci Prawdy<\/a>,\u00a0po\u013esk\u00fd spolo\u010densko-politck\u00fd t\u00fd\u017edenn\u00edk<\/p>\n<p style=\"text-align: left\"><span style=\"text-decoration: underline\"><strong>DVOJT\u00dd\u017dDENN\u00cdKY:<\/strong><\/span><\/p>\n<p><a href=\"http:\/\/www.ruchmuzyczny.pl\/\">Ruch Muzyczny<\/a>, dvojt\u00fd\u017edenn\u00edk o hudbe<\/p>\n<p style=\"text-align: left\"><span style=\"text-decoration: underline\"><strong>MESA\u010cN\u00cdKY:<\/strong><\/span><\/p>\n<p><a href=\"http:\/\/architektura.muratorplus.pl\/\">Architektura \u2013 Murator<\/a>, mesa\u010dn\u00edk pre architektov<\/p>\n<p><strong>Dialog<\/strong>, divadeln\u00fd mesa\u010dn\u00edk venovan\u00fd s\u00fa\u010dasnej dr\u00e1me<\/p>\n<p><a href=\"http:\/\/jazzforum.com.pl\/\">Jazz Forum<\/a>, hudobn\u00fd mesa\u010dn\u00edk venovan\u00fd najm\u00e4 jazzu<\/p>\n<p><a href=\"http:\/\/www.kino.org.pl\/\">Kino<\/a>, filmov\u00fd t\u00fd\u017edenn\u00edk o\u00a0v\u0161etk\u00fdch aspektoch sveta filmu a kinematografie<\/p>\n<p><a href=\"http:\/\/www.literaturanaswiecie.art.pl\/\">Litetratura na \u015bwiecie<\/a>, liter\u00e1rny mesa\u010dn\u00edk<\/p>\n<p><a href=\"http:\/\/www.polonia.sk\/index.php\/monitor-polonijny.html\">Monitor Polonijny<\/a>, mesa\u010dn\u00edk Poliakov \u017eij\u00facich na Slovensku<\/p>\n<p><strong>Nowe Ksi\u0105\u017cki<\/strong>, liter\u00e1rny mesa\u010dn\u00edk venovan\u00fd najm\u00e4 recenzi\u00e1m nov\u00fdch kn\u00edh<\/p>\n<p><a href=\"http:\/\/www.okis.pl\/site\/odra\/n\/1\/n\/1.html\">Odra<\/a>, spolo\u010densko-kult\u00farny mesa\u010dn\u00edk<\/p>\n<p><a href=\"http:\/\/www.teatr-pismo.pl\/\">Teatr<\/a>, divadeln\u00fd mesa\u010dn\u00edk<\/p>\n<p><a href=\"http:\/\/www.styl.pl\/twoj-styl\">Tw\u00f3j Styl<\/a>, mesa\u010dn\u00edk pre \u017eeny<\/p>\n<p><a href=\"http:\/\/www.poznaj-swoj-kraj.pl\/\">Poznaj sw\u00f3j kraj<\/a>, vlastivedno-turistick\u00fd mesa\u010dn\u00edk<\/p>\n<p><strong>Historia Do Rzeczy<\/strong>, mesa\u010dn\u00edk o historick\u00fdch t\u00e9mach<\/p>\n<p><strong>Tw\u00f3rczo\u015b\u0107<\/strong>, najstar\u0161\u00ed liter\u00e1rny mesa\u010dn\u00edk v\u00a0Po\u013esku, prezentuje najnov\u0161iu po\u013esk\u00fa literat\u00faru<\/p>\n<p><strong>\u017divot<\/strong>, spolo\u010densko-kult\u00farny mesa\u010dn\u00edk vyd\u00e1van\u00fd Spolkom Slov\u00e1kov v Po\u013esku<\/p>\n<p style=\"text-align: left\"><span style=\"text-decoration: underline\"><strong>DVOJMESA\u010cN\u00cdKY<\/strong>:<\/span><\/p>\n<p><a href=\"http:\/\/tekstydrugie.pl\/pl\/\">Teksty Drugie<\/a>, dvojmesa\u010dn\u00edk V\u00fdskumn\u00e9ho in\u0161tit\u00fatu literat\u00fary PAN, venovan\u00fd te\u00f3rii literat\u00fary, kritike a interpret\u00e1cii<\/p>\n<p style=\"text-align: left\"><span style=\"text-decoration: underline\"><strong>\u0160TVR\u0164RO\u010cN\u00cdKY<\/strong>:<\/span><\/p>\n<p><a href=\"http:\/\/www.karta.org.pl\/Wydawnictwo\/Kwartalnik__Karta_\/38\">Karta<\/a>, historick\u00fd \u010dasopis<\/p>\n<p><a href=\"http:\/\/ibl.waw.pl\/pl\/o-instytucie\/redakcje-czasopism\/pamietnik-literacki\">Pami\u0119tnik Literacki<\/a>, \u0161tvr\u0165ro\u010dn\u00edk V\u00fdskumn\u00e9ho in\u0161tit\u00fatu literat\u00faru PAN, venovan\u00fd dejin\u00e1m a\u00a0kritike po\u013eskej literat\u00fary<\/p>\n<p><a href=\"http:\/\/www.zeszytyliterackie.pl\/\">Zeszyty Literackie<\/a>, umelecko-liter\u00e1rny \u0161tvr\u0165ro\u010dn\u00edk<\/p>\n<p style=\"text-align: left\"><span style=\"text-decoration: underline\"><strong>IN\u00c9<\/strong><\/span><\/p>\n<p><a href=\"http:\/\/www.glosludu.cz\/\">G\u0142os Ludu<\/a>,\u00a0\u010dasopis Poliakov \u017eij\u00facich v \u010ceskej republike, vyd\u00e1van\u00fd v utorky, \u0161tvrtky a soboty<\/p>\n<p>\u00a0<br \/>Okrem t\u00fdchto nov\u00edn a \u010dasopisov m\u00f4\u017eete u n\u00e1s n\u00e1js\u0165 aj star\u0161ie \u010d\u00edsla nasledovn\u00fdch period\u00edk:<\/p>\n<p><a href=\"http:\/\/www.film.com.pl\/\">Film<\/a>, recenzie filmov, rozhovory s\u00a0hercami, spr\u00e1vy z\u00a0filmov\u00fdch festivalov a in\u00e9<\/p>\n<p><a href=\"http:\/\/www.wiez.pl\/czasopismo\/\">Wi\u0119\u017a<\/a>, katol\u00edcky spolo\u010densko-kult\u00farny mesa\u010dn\u00edk<\/p>\n<p><a href=\"http:\/\/ipn.gov.pl\/zasoby-cyfrowe\/biuletyn-instytutu-pamieci-narodowej\">Biuletyn Instytutu Pami\u0119ci Narodowej<\/a>, mesa\u010dn\u00edk In\u0161tit\u00fatu n\u00e1rodnej pam\u00e4te<\/p>\n<p><a href=\"http:\/\/www.konteksty.pl\/\">Konteksty<\/a>, \u010dasopis venovan\u00fd kult\u00farnej antropol\u00f3gii, etnografii a umeniu<\/p>\n<p><a href=\"http:\/\/www.sejm.gov.pl\/sejm7.nsf\/przegladSejm.xsp\">Przegl\u0105d Sejmowy<\/a>, spr\u00e1vy z\u00a0po\u013esk\u00e9ho parlamentu<\/p>\n","protected":false},"excerpt":{"rendered":"<p>Srde\u010dne poz\u00fdvame v\u0161etk\u00fdch do \u010dit\u00e1rne Po\u013esk\u00e9ho in\u0161tit\u00fatu! N\u00e1jdete tu po\u013esk\u00fa denn\u00fa tla\u010d, t\u00fd\u017edenn\u00edky a\u00a0mesa\u010dn\u00edky najm\u00e4 z\u00a0oblasti kult\u00fary a\u00a0literat\u00fary. V roku 2018 pon\u00fakame tieto noviny a \u010dasopisy: T\u00dd\u017dDENN\u00cdKY: Polityka, naj\u010d\u00edtanej\u0161\u00ed po\u013esk\u00fd t\u00fd\u017edenn\u00edk s\u00a0intelektu\u00e1lnym, soci\u00e1lno-liber\u00e1lnym profilom Tygodnik Powszechny, katol\u00edcky spolo\u010densko-kult\u00farny t\u00fd\u017edenn\u00edk Do Rzeczy, konzervat\u00edvno-liber\u00e1lny t\u00fd\u017edenn\u00edk Sieci Prawdy,\u00a0po\u013esk\u00fd spolo\u010densko-politck\u00fd t\u00fd\u017edenn\u00edk DVOJT\u00dd\u017dDENN\u00cdKY: Ruch Muzyczny, dvojt\u00fd\u017edenn\u00edk o hudbe MESA\u010cN\u00cdKY: Architektura [&hellip;]<\/p>\n","protected":false},"author":1,"featured_media":0,"parent":0,"menu_order":0,"comment_status":"closed","ping_status":"closed","template":"","meta":{"inline_featured_image":false,"_monsterinsights_skip_tracking":false,"_monsterinsights_sitenote_active":false,"_monsterinsights_sitenote_note":"","_monsterinsights_sitenote_category":0,"footnotes":""},"class_list":["post-444","page","type-page","status-publish","hentry"],"yoast_head":"<!-- This site is optimized with the Yoast SEO plugin v24.6 - https:\/\/yoast.com\/wordpress\/plugins\/seo\/ -->\n<title>\u010cit\u00e1re\u0148 - Instytut Polski w Bratys\u0142awie<\/title>\n<meta name=\"robots\" content=\"index, follow, max-snippet:-1, max-image-preview:large, max-video-preview:-1\" \/>\n<link rel=\"canonical\" href=\"https:\/\/instytutpolski.pl\/bratislava\/citaren\/\" \/>\n<meta property=\"og:locale\" content=\"pl_PL\" \/>\n<meta property=\"og:type\" content=\"article\" \/>\n<meta property=\"og:title\" content=\"\u010cit\u00e1re\u0148 - Instytut Polski w Bratys\u0142awie\" \/>\n<meta property=\"og:description\" content=\"Srde\u010dne poz\u00fdvame v\u0161etk\u00fdch do \u010dit\u00e1rne Po\u013esk\u00e9ho in\u0161tit\u00fatu! N\u00e1jdete tu po\u013esk\u00fa denn\u00fa tla\u010d, t\u00fd\u017edenn\u00edky a\u00a0mesa\u010dn\u00edky najm\u00e4 z\u00a0oblasti kult\u00fary a\u00a0literat\u00fary. V roku 2018 pon\u00fakame tieto noviny a \u010dasopisy: T\u00dd\u017dDENN\u00cdKY: Polityka, naj\u010d\u00edtanej\u0161\u00ed po\u013esk\u00fd t\u00fd\u017edenn\u00edk s\u00a0intelektu\u00e1lnym, soci\u00e1lno-liber\u00e1lnym profilom Tygodnik Powszechny, katol\u00edcky spolo\u010densko-kult\u00farny t\u00fd\u017edenn\u00edk Do Rzeczy, konzervat\u00edvno-liber\u00e1lny t\u00fd\u017edenn\u00edk Sieci Prawdy,\u00a0po\u013esk\u00fd spolo\u010densko-politck\u00fd t\u00fd\u017edenn\u00edk DVOJT\u00dd\u017dDENN\u00cdKY: Ruch Muzyczny, dvojt\u00fd\u017edenn\u00edk o hudbe MESA\u010cN\u00cdKY: Architektura [&hellip;]\" \/>\n<meta property=\"og:url\" content=\"https:\/\/instytutpolski.pl\/bratislava\/citaren\/\" \/>\n<meta property=\"og:site_name\" content=\"Instytut Polski w Bratys\u0142awie\" \/>\n<meta property=\"article:modified_time\" content=\"2020-02-06T14:21:35+00:00\" \/>\n<meta name=\"twitter:card\" content=\"summary_large_image\" \/>\n<meta name=\"twitter:label1\" content=\"Szacowany czas czytania\" \/>\n\t<meta name=\"twitter:data1\" content=\"2 minuty\" \/>\n<script type=\"application\/ld+json\" class=\"yoast-schema-graph\">{\"@context\":\"https:\/\/schema.org\",\"@graph\":[{\"@type\":\"WebPage\",\"@id\":\"https:\/\/instytutpolski.pl\/bratislava\/citaren\/\",\"url\":\"https:\/\/instytutpolski.pl\/bratislava\/citaren\/\",\"name\":\"\u010cit\u00e1re\u0148 - Instytut Polski w Bratys\u0142awie\",\"isPartOf\":{\"@id\":\"https:\/\/instytutpolski.pl\/bratislava\/#website\"},\"datePublished\":\"2019-06-06T22:48:55+00:00\",\"dateModified\":\"2020-02-06T14:21:35+00:00\",\"breadcrumb\":{\"@id\":\"https:\/\/instytutpolski.pl\/bratislava\/citaren\/#breadcrumb\"},\"inLanguage\":\"pl-PL\",\"potentialAction\":[{\"@type\":\"ReadAction\",\"target\":[\"https:\/\/instytutpolski.pl\/bratislava\/citaren\/\"]}]},{\"@type\":\"BreadcrumbList\",\"@id\":\"https:\/\/instytutpolski.pl\/bratislava\/citaren\/#breadcrumb\",\"itemListElement\":[{\"@type\":\"ListItem\",\"position\":1,\"name\":\"Home\",\"item\":\"https:\/\/instytutpolski.pl\/bratislava\/\"},{\"@type\":\"ListItem\",\"position\":2,\"name\":\"\u010cit\u00e1re\u0148\"}]},{\"@type\":\"WebSite\",\"@id\":\"https:\/\/instytutpolski.pl\/bratislava\/#website\",\"url\":\"https:\/\/instytutpolski.pl\/bratislava\/\",\"name\":\"Instytut Polski w Bratys\u0142awie\",\"description\":\"Instytuty Polskie\",\"potentialAction\":[{\"@type\":\"SearchAction\",\"target\":{\"@type\":\"EntryPoint\",\"urlTemplate\":\"https:\/\/instytutpolski.pl\/bratislava\/?s={search_term_string}\"},\"query-input\":{\"@type\":\"PropertyValueSpecification\",\"valueRequired\":true,\"valueName\":\"search_term_string\"}}],\"inLanguage\":\"pl-PL\"}]}<\/script>\n<!-- \/ Yoast SEO plugin. -->","yoast_head_json":{"title":"\u010cit\u00e1re\u0148 - Instytut Polski w Bratys\u0142awie","robots":{"index":"index","follow":"follow","max-snippet":"max-snippet:-1","max-image-preview":"max-image-preview:large","max-video-preview":"max-video-preview:-1"},"canonical":"https:\/\/instytutpolski.pl\/bratislava\/citaren\/","og_locale":"pl_PL","og_type":"article","og_title":"\u010cit\u00e1re\u0148 - Instytut Polski w Bratys\u0142awie","og_description":"Srde\u010dne poz\u00fdvame v\u0161etk\u00fdch do \u010dit\u00e1rne Po\u013esk\u00e9ho in\u0161tit\u00fatu! N\u00e1jdete tu po\u013esk\u00fa denn\u00fa tla\u010d, t\u00fd\u017edenn\u00edky a\u00a0mesa\u010dn\u00edky najm\u00e4 z\u00a0oblasti kult\u00fary a\u00a0literat\u00fary. V roku 2018 pon\u00fakame tieto noviny a \u010dasopisy: T\u00dd\u017dDENN\u00cdKY: Polityka, naj\u010d\u00edtanej\u0161\u00ed po\u013esk\u00fd t\u00fd\u017edenn\u00edk s\u00a0intelektu\u00e1lnym, soci\u00e1lno-liber\u00e1lnym profilom Tygodnik Powszechny, katol\u00edcky spolo\u010densko-kult\u00farny t\u00fd\u017edenn\u00edk Do Rzeczy, konzervat\u00edvno-liber\u00e1lny t\u00fd\u017edenn\u00edk Sieci Prawdy,\u00a0po\u013esk\u00fd spolo\u010densko-politck\u00fd t\u00fd\u017edenn\u00edk DVOJT\u00dd\u017dDENN\u00cdKY: Ruch Muzyczny, dvojt\u00fd\u017edenn\u00edk o hudbe MESA\u010cN\u00cdKY: Architektura [&hellip;]","og_url":"https:\/\/instytutpolski.pl\/bratislava\/citaren\/","og_site_name":"Instytut Polski w Bratys\u0142awie","article_modified_time":"2020-02-06T14:21:35+00:00","twitter_card":"summary_large_image","twitter_misc":{"Szacowany czas czytania":"2 minuty"},"schema":{"@context":"https:\/\/schema.org","@graph":[{"@type":"WebPage","@id":"https:\/\/instytutpolski.pl\/bratislava\/citaren\/","url":"https:\/\/instytutpolski.pl\/bratislava\/citaren\/","name":"\u010cit\u00e1re\u0148 - Instytut Polski w Bratys\u0142awie","isPartOf":{"@id":"https:\/\/instytutpolski.pl\/bratislava\/#website"},"datePublished":"2019-06-06T22:48:55+00:00","dateModified":"2020-02-06T14:21:35+00:00","breadcrumb":{"@id":"https:\/\/instytutpolski.pl\/bratislava\/citaren\/#breadcrumb"},"inLanguage":"pl-PL","potentialAction":[{"@type":"ReadAction","target":["https:\/\/instytutpolski.pl\/bratislava\/citaren\/"]}]},{"@type":"BreadcrumbList","@id":"https:\/\/instytutpolski.pl\/bratislava\/citaren\/#breadcrumb","itemListElement":[{"@type":"ListItem","position":1,"name":"Home","item":"https:\/\/instytutpolski.pl\/bratislava\/"},{"@type":"ListItem","position":2,"name":"\u010cit\u00e1re\u0148"}]},{"@type":"WebSite","@id":"https:\/\/instytutpolski.pl\/bratislava\/#website","url":"https:\/\/instytutpolski.pl\/bratislava\/","name":"Instytut Polski w Bratys\u0142awie","description":"Instytuty Polskie","potentialAction":[{"@type":"SearchAction","target":{"@type":"EntryPoint","urlTemplate":"https:\/\/instytutpolski.pl\/bratislava\/?s={search_term_string}"},"query-input":{"@type":"PropertyValueSpecification","valueRequired":true,"valueName":"search_term_string"}}],"inLanguage":"pl-PL"}]}},"_links":{"self":[{"href":"https:\/\/instytutpolski.pl\/bratislava\/wp-json\/wp\/v2\/pages\/444","targetHints":{"allow":["GET"]}}],"collection":[{"href":"https:\/\/instytutpolski.pl\/bratislava\/wp-json\/wp\/v2\/pages"}],"about":[{"href":"https:\/\/instytutpolski.pl\/bratislava\/wp-json\/wp\/v2\/types\/page"}],"author":[{"embeddable":true,"href":"https:\/\/instytutpolski.pl\/bratislava\/wp-json\/wp\/v2\/users\/1"}],"replies":[{"embeddable":true,"href":"https:\/\/instytutpolski.pl\/bratislava\/wp-json\/wp\/v2\/comments?post=444"}],"version-history":[{"count":4,"href":"https:\/\/instytutpolski.pl\/bratislava\/wp-json\/wp\/v2\/pages\/444\/revisions"}],"predecessor-version":[{"id":943,"href":"https:\/\/instytutpolski.pl\/bratislava\/wp-json\/wp\/v2\/pages\/444\/revisions\/943"}],"wp:attachment":[{"href":"https:\/\/instytutpolski.pl\/bratislava\/wp-json\/wp\/v2\/media?parent=444"}],"curies":[{"name":"wp","href":"https:\/\/api.w.org\/{rel}","templated":true}]}}