{"id":446,"date":"2019-06-07T00:48:55","date_gmt":"2019-06-06T22:48:55","guid":{"rendered":"https:\/\/instytutpolski.pl\/bratyslawa\/?page_id=446"},"modified":"2020-02-06T19:14:02","modified_gmt":"2020-02-06T18:14:02","slug":"czytelnia","status":"publish","type":"page","link":"https:\/\/instytutpolski.pl\/bratislava\/pl\/czytelnia\/","title":{"rendered":"Czytelnia"},"content":{"rendered":"\n<p>Interesuje Ci\u0119 sztuka, muzyka czy mo\u017ce historia, polityka, \u017cycie spo\u0142eczne w Polsce? Zapraszamy do naszej czytelni, w kt\u00f3rej znajdziesz aktualne numery polskiej prasy. Mo\u017cesz przejrze\u0107 je tak\u017ce elektronicznie, korzystaj\u0105c z naszego WiFi dost\u0119pnego w ca\u0142ym Instytucie.<\/p>\n<p>\u00a0<\/p>\n<p>W czytelni mo\u017cesz w spokoju przeczyta\u0107 pras\u0119 spo\u0142eczno-polityczn\u0105:<\/p>\n<p>Tygodniki:\u00a0<a href=\"http:\/\/www.polityka.pl\/\"><strong>Polityka<\/strong><\/a>, <a href=\"http:\/\/tygodnik.onet.pl\/\"><strong>Tygodnik Powszechny<\/strong><\/a>, <a href=\"https:\/\/dorzeczy.pl\/\"><strong>Do Rzeczy<\/strong><\/a>, <a href=\"https:\/\/www.wsieciprawdy.pl\/\"><strong>Sieci Prawdy<\/strong><\/a><\/p>\n<p>Miesi\u0119czniki i kwartalniki: <a href=\"http:\/\/www.ruchmuzyczny.pl\/\"><strong>Ruch Muzyczny<\/strong><\/a>, <a href=\"http:\/\/www.okis.pl\/site\/odra\/n\/1\/n\/1.html\"><strong>Odra<\/strong><\/a>, <a href=\"http:\/\/www.sejm.gov.pl\/Sejm8.nsf\/przegladSejm.xsp\"><strong>Przegl\u0105d Sejmowy<\/strong><\/a><\/p>\n<p>Paniom (i nie tylko) proponujemy miesi\u0119cznik <a href=\"http:\/\/www.styl.pl\/twoj-styl\"><strong>Tw\u00f3j styl<\/strong><\/a>.<\/p>\n<p>Dla zainteresowanych polsk\u0105 histori\u0105 mamy kwartalnik <a href=\"http:\/\/www.karta.org.pl\/Wydawnictwo\/Kwartalnik__Karta_\/38\"><strong>Karta<\/strong><\/a>.<\/p>\n<p>Interesuj\u0105cym si\u0119 Europ\u0105 \u015arodkow\u0105 polecamy kwartalnik <a href=\"http:\/\/www.herito.pl\/\"><strong>Herito<\/strong><\/a>.<\/p>\n<p>\u00a0<\/p>\n<p>Oferujemy tak\u017ce bogaty wyb\u00f3r czasopism kulturalnych:<\/p>\n<p>Literatura: <a href=\"http:\/\/www.literaturanaswiecie.art.pl\/\"><strong>Literatura na \u015awiecie<\/strong><\/a>, <a href=\"https:\/\/pl.wikipedia.org\/wiki\/Nowe_Ksi%C4%85%C5%BCki\"><strong>Nowe Ksi\u0105\u017cki<\/strong><\/a>, <a href=\"http:\/\/www.instytutksiazki.pl\/p,czasopisma,28024,0,tworczosc.html\"><strong>Tw\u00f3rczo\u015b\u0107<\/strong><\/a>, <a href=\"http:\/\/tekstydrugie.pl\/pl\/\"><strong>Teksty Drugie<\/strong><\/a>, <a href=\"http:\/\/ibl.waw.pl\/pl\/o-instytucie\/redakcje-czasopism\/pamietnik-literacki\"><strong>Pami\u0119tnik Literacki<\/strong><\/a>,<a href=\"http:\/\/www.zeszytyliterackie.pl\/\"> <strong>Zeszyty Literackie<\/strong><\/a><\/p>\n<p>Teatr, dramat: <a href=\"https:\/\/pl.wikipedia.org\/wiki\/Dialog_(miesi%C4%99cznik)\"><strong>Dialog<\/strong><\/a>, <a href=\"http:\/\/www.teatr-pismo.pl\/\"><strong>Teatr<\/strong><\/a><\/p>\n<p>Film, kino: <a href=\"http:\/\/www.kino.org.pl\/\"><strong>Kino<\/strong><\/a><\/p>\n<p>Muzyka: <a href=\"http:\/\/www.ruchmuzyczny.pl\/\"><strong>Ruch Muzyczny<\/strong><\/a>, <a href=\"http:\/\/jazzforum.com.pl\/\"><strong>Jazz Forum<\/strong><\/a><\/p>\n<p>Sztuki plastyczne, architektura, wzornictwo: <a href=\"http:\/\/architektura.muratorplus.pl\/\"><strong>Architektura-Murator<\/strong><\/a><\/p>\n<p>\u00a0<\/p>\n<p>Udost\u0119pniamy tak\u017ce periodyk Polak\u00f3w mieszkaj\u0105cych na S\u0142owacji <a href=\"http:\/\/www.polonia.sk\/\"><strong>Monitor Polonijny<\/strong><\/a>, jak te\u017c magazyn S\u0142owak\u00f3w w Polsce <a href=\"http:\/\/www.tsp.org.pl\/historia,26.html\"><strong>\u017divot<\/strong><\/a>.<\/p>\n<p>\u00a0<\/p>\n","protected":false},"excerpt":{"rendered":"<p>Interesuje Ci\u0119 sztuka, muzyka czy mo\u017ce historia, polityka, \u017cycie spo\u0142eczne w Polsce? Zapraszamy do naszej czytelni, w kt\u00f3rej znajdziesz aktualne numery polskiej prasy. Mo\u017cesz przejrze\u0107 je tak\u017ce elektronicznie, korzystaj\u0105c z naszego WiFi dost\u0119pnego w ca\u0142ym Instytucie. \u00a0 W czytelni mo\u017cesz w spokoju przeczyta\u0107 pras\u0119 spo\u0142eczno-polityczn\u0105: Tygodniki:\u00a0Polityka, Tygodnik Powszechny, Do Rzeczy, Sieci Prawdy Miesi\u0119czniki i kwartalniki: [&hellip;]<\/p>\n","protected":false},"author":1,"featured_media":0,"parent":0,"menu_order":0,"comment_status":"closed","ping_status":"closed","template":"","meta":{"inline_featured_image":false,"_monsterinsights_skip_tracking":false,"_monsterinsights_sitenote_active":false,"_monsterinsights_sitenote_note":"","_monsterinsights_sitenote_category":0,"footnotes":""},"class_list":["post-446","page","type-page","status-publish","hentry"],"yoast_head":"<!-- This site is optimized with the Yoast SEO plugin v24.6 - https:\/\/yoast.com\/wordpress\/plugins\/seo\/ -->\n<title>Czytelnia - Instytut Polski w Bratys\u0142awie<\/title>\n<meta name=\"robots\" content=\"index, follow, max-snippet:-1, max-image-preview:large, max-video-preview:-1\" \/>\n<link rel=\"canonical\" href=\"https:\/\/instytutpolski.pl\/bratislava\/pl\/czytelnia\/\" \/>\n<meta property=\"og:locale\" content=\"pl_PL\" \/>\n<meta property=\"og:type\" content=\"article\" \/>\n<meta property=\"og:title\" content=\"Czytelnia - Instytut Polski w Bratys\u0142awie\" \/>\n<meta property=\"og:description\" content=\"Interesuje Ci\u0119 sztuka, muzyka czy mo\u017ce historia, polityka, \u017cycie spo\u0142eczne w Polsce? Zapraszamy do naszej czytelni, w kt\u00f3rej znajdziesz aktualne numery polskiej prasy. Mo\u017cesz przejrze\u0107 je tak\u017ce elektronicznie, korzystaj\u0105c z naszego WiFi dost\u0119pnego w ca\u0142ym Instytucie. \u00a0 W czytelni mo\u017cesz w spokoju przeczyta\u0107 pras\u0119 spo\u0142eczno-polityczn\u0105: Tygodniki:\u00a0Polityka, Tygodnik Powszechny, Do Rzeczy, Sieci Prawdy Miesi\u0119czniki i kwartalniki: [&hellip;]\" \/>\n<meta property=\"og:url\" content=\"https:\/\/instytutpolski.pl\/bratislava\/pl\/czytelnia\/\" \/>\n<meta property=\"og:site_name\" content=\"Instytut Polski w Bratys\u0142awie\" \/>\n<meta property=\"article:modified_time\" content=\"2020-02-06T18:14:02+00:00\" \/>\n<meta name=\"twitter:card\" content=\"summary_large_image\" \/>\n<meta name=\"twitter:label1\" content=\"Szacowany czas czytania\" \/>\n\t<meta name=\"twitter:data1\" content=\"1 minuta\" \/>\n<script type=\"application\/ld+json\" class=\"yoast-schema-graph\">{\"@context\":\"https:\/\/schema.org\",\"@graph\":[{\"@type\":\"WebPage\",\"@id\":\"https:\/\/instytutpolski.pl\/bratislava\/pl\/czytelnia\/\",\"url\":\"https:\/\/instytutpolski.pl\/bratislava\/pl\/czytelnia\/\",\"name\":\"Czytelnia - Instytut Polski w Bratys\u0142awie\",\"isPartOf\":{\"@id\":\"https:\/\/instytutpolski.pl\/bratislava\/#website\"},\"datePublished\":\"2019-06-06T22:48:55+00:00\",\"dateModified\":\"2020-02-06T18:14:02+00:00\",\"breadcrumb\":{\"@id\":\"https:\/\/instytutpolski.pl\/bratislava\/pl\/czytelnia\/#breadcrumb\"},\"inLanguage\":\"pl-PL\",\"potentialAction\":[{\"@type\":\"ReadAction\",\"target\":[\"https:\/\/instytutpolski.pl\/bratislava\/pl\/czytelnia\/\"]}]},{\"@type\":\"BreadcrumbList\",\"@id\":\"https:\/\/instytutpolski.pl\/bratislava\/pl\/czytelnia\/#breadcrumb\",\"itemListElement\":[{\"@type\":\"ListItem\",\"position\":1,\"name\":\"Home\",\"item\":\"https:\/\/instytutpolski.pl\/bratislava\/\"},{\"@type\":\"ListItem\",\"position\":2,\"name\":\"Czytelnia\"}]},{\"@type\":\"WebSite\",\"@id\":\"https:\/\/instytutpolski.pl\/bratislava\/#website\",\"url\":\"https:\/\/instytutpolski.pl\/bratislava\/\",\"name\":\"Instytut Polski w Bratys\u0142awie\",\"description\":\"Instytuty Polskie\",\"potentialAction\":[{\"@type\":\"SearchAction\",\"target\":{\"@type\":\"EntryPoint\",\"urlTemplate\":\"https:\/\/instytutpolski.pl\/bratislava\/?s={search_term_string}\"},\"query-input\":{\"@type\":\"PropertyValueSpecification\",\"valueRequired\":true,\"valueName\":\"search_term_string\"}}],\"inLanguage\":\"pl-PL\"}]}<\/script>\n<!-- \/ Yoast SEO plugin. -->","yoast_head_json":{"title":"Czytelnia - Instytut Polski w Bratys\u0142awie","robots":{"index":"index","follow":"follow","max-snippet":"max-snippet:-1","max-image-preview":"max-image-preview:large","max-video-preview":"max-video-preview:-1"},"canonical":"https:\/\/instytutpolski.pl\/bratislava\/pl\/czytelnia\/","og_locale":"pl_PL","og_type":"article","og_title":"Czytelnia - Instytut Polski w Bratys\u0142awie","og_description":"Interesuje Ci\u0119 sztuka, muzyka czy mo\u017ce historia, polityka, \u017cycie spo\u0142eczne w Polsce? Zapraszamy do naszej czytelni, w kt\u00f3rej znajdziesz aktualne numery polskiej prasy. Mo\u017cesz przejrze\u0107 je tak\u017ce elektronicznie, korzystaj\u0105c z naszego WiFi dost\u0119pnego w ca\u0142ym Instytucie. \u00a0 W czytelni mo\u017cesz w spokoju przeczyta\u0107 pras\u0119 spo\u0142eczno-polityczn\u0105: Tygodniki:\u00a0Polityka, Tygodnik Powszechny, Do Rzeczy, Sieci Prawdy Miesi\u0119czniki i kwartalniki: [&hellip;]","og_url":"https:\/\/instytutpolski.pl\/bratislava\/pl\/czytelnia\/","og_site_name":"Instytut Polski w Bratys\u0142awie","article_modified_time":"2020-02-06T18:14:02+00:00","twitter_card":"summary_large_image","twitter_misc":{"Szacowany czas czytania":"1 minuta"},"schema":{"@context":"https:\/\/schema.org","@graph":[{"@type":"WebPage","@id":"https:\/\/instytutpolski.pl\/bratislava\/pl\/czytelnia\/","url":"https:\/\/instytutpolski.pl\/bratislava\/pl\/czytelnia\/","name":"Czytelnia - Instytut Polski w Bratys\u0142awie","isPartOf":{"@id":"https:\/\/instytutpolski.pl\/bratislava\/#website"},"datePublished":"2019-06-06T22:48:55+00:00","dateModified":"2020-02-06T18:14:02+00:00","breadcrumb":{"@id":"https:\/\/instytutpolski.pl\/bratislava\/pl\/czytelnia\/#breadcrumb"},"inLanguage":"pl-PL","potentialAction":[{"@type":"ReadAction","target":["https:\/\/instytutpolski.pl\/bratislava\/pl\/czytelnia\/"]}]},{"@type":"BreadcrumbList","@id":"https:\/\/instytutpolski.pl\/bratislava\/pl\/czytelnia\/#breadcrumb","itemListElement":[{"@type":"ListItem","position":1,"name":"Home","item":"https:\/\/instytutpolski.pl\/bratislava\/"},{"@type":"ListItem","position":2,"name":"Czytelnia"}]},{"@type":"WebSite","@id":"https:\/\/instytutpolski.pl\/bratislava\/#website","url":"https:\/\/instytutpolski.pl\/bratislava\/","name":"Instytut Polski w Bratys\u0142awie","description":"Instytuty Polskie","potentialAction":[{"@type":"SearchAction","target":{"@type":"EntryPoint","urlTemplate":"https:\/\/instytutpolski.pl\/bratislava\/?s={search_term_string}"},"query-input":{"@type":"PropertyValueSpecification","valueRequired":true,"valueName":"search_term_string"}}],"inLanguage":"pl-PL"}]}},"_links":{"self":[{"href":"https:\/\/instytutpolski.pl\/bratislava\/wp-json\/wp\/v2\/pages\/446","targetHints":{"allow":["GET"]}}],"collection":[{"href":"https:\/\/instytutpolski.pl\/bratislava\/wp-json\/wp\/v2\/pages"}],"about":[{"href":"https:\/\/instytutpolski.pl\/bratislava\/wp-json\/wp\/v2\/types\/page"}],"author":[{"embeddable":true,"href":"https:\/\/instytutpolski.pl\/bratislava\/wp-json\/wp\/v2\/users\/1"}],"replies":[{"embeddable":true,"href":"https:\/\/instytutpolski.pl\/bratislava\/wp-json\/wp\/v2\/comments?post=446"}],"version-history":[{"count":4,"href":"https:\/\/instytutpolski.pl\/bratislava\/wp-json\/wp\/v2\/pages\/446\/revisions"}],"predecessor-version":[{"id":948,"href":"https:\/\/instytutpolski.pl\/bratislava\/wp-json\/wp\/v2\/pages\/446\/revisions\/948"}],"wp:attachment":[{"href":"https:\/\/instytutpolski.pl\/bratislava\/wp-json\/wp\/v2\/media?parent=446"}],"curies":[{"name":"wp","href":"https:\/\/api.w.org\/{rel}","templated":true}]}}