{"id":455,"date":"2019-06-07T00:53:22","date_gmt":"2019-06-06T22:53:22","guid":{"rendered":"https:\/\/instytutpolski.pl\/bratyslawa\/?page_id=455"},"modified":"2019-06-07T00:53:22","modified_gmt":"2019-06-06T22:53:22","slug":"nowe-publikacje-2","status":"publish","type":"page","link":"https:\/\/instytutpolski.pl\/bratislava\/pl\/nowe-publikacje-2\/","title":{"rendered":"Nowe publikacje"},"content":{"rendered":"\n<h3><strong>\u0141ukasz Lewkowicz:&nbsp;<\/strong><strong>Euroregi\u00f3ny na po\u013esko-slovenskom pohrani\u010d\u00ed<\/strong><\/h3>\n<p><a href=\"http:\/\/uniwersytecka.pl\/produkt\/171125\/euroregiony-na-pograniczu-polsko-slowackim-geneza-i-funkcjonowanie\"><img loading=\"lazy\" decoding=\"async\" class=\"alignnone wp-image-449 size-full\" src=\"https:\/\/instytutpolski.pl\/bratyslawa\/wp-content\/uploads\/sites\/13\/2019\/06\/euroregiony-lewkowicz.jpg\" alt=\"\" width=\"213\" height=\"300\"><\/a><\/p>\n<p>Cie\u013eom tejto publik\u00e1cie bola politologick\u00e1 anal\u00fdza organiz\u00e1cie a&nbsp;fungovania euroregi\u00f3nov na spolo\u010dnom pohrani\u010d\u00ed Po\u013eska a&nbsp;Slovenska. Nach\u00e1dzaj\u00fa sa v nej teoretick\u00e9 \u00favahy o&nbsp;d\u00f4le\u017eitosti euroregion\u00e1lnej spolupr\u00e1ce v&nbsp;kontexte eur\u00f3pskej integr\u00e1cie. Publik\u00e1cia predstavuje formy, rozsah a&nbsp;v\u00fdsledky cezhrani\u010dnej spolupr\u00e1ce, ako aj historick\u00fa, \u0161truktur\u00e1lnu a&nbsp;funk\u010dn\u00fa anal\u00fdzu po\u013esko-slovensk\u00fdch euroregi\u00f3nov. V\u00fdskumu boli podroben\u00e9 tri roviny spolupr\u00e1ce v&nbsp;r\u00e1mci doteraj\u0161ieho fungovania euroregi\u00f3nov: spolo\u010densko-kult\u00farna, hospod\u00e1rska a&nbsp;ekologick\u00e1 rovina s&nbsp;oh\u013eadom na projekty uskuto\u010dnen\u00e9 v\u00fdlu\u010dne po\u013esk\u00fdmi a&nbsp;slovensk\u00fdmi partnermi.<\/p>\n<p>Viac inform\u00e1ci\u00ed:&nbsp;<a href=\"http:\/\/wydawnictwo.umcs.lublin.pl\/index2.php?id=292\" target=\"_blank\" rel=\"noopener noreferrer\"><strong>wydawnictwo.umcs.lublin.pl\/index2.php?id=292<\/strong><\/a><\/p>\n<h3><strong>Du\u0161an Sege\u0161: Dvojkr\u00ed\u017e v silo\u010diarach Bieleho orla&nbsp;<\/strong>(prekl.<strong>&nbsp;Partnerzy czy petenci?<\/strong>)<\/h3>\n<p><a href=\"http:\/\/www.polinst.sk\/images\/stories\/Nove_publikacie\/d.%20seges%20v%20silociarach.jpg\"><img loading=\"lazy\" decoding=\"async\" class=\"alignnone wp-image-450 size-full\" src=\"https:\/\/instytutpolski.pl\/bratyslawa\/wp-content\/uploads\/sites\/13\/2019\/06\/d.-seges-v-silociarach.jpg\" alt=\"\" width=\"213\" height=\"300\"><\/a> <a href=\"http:\/\/www.dsh.waw.pl\/pl\/4_1734\"><img loading=\"lazy\" decoding=\"async\" class=\"alignnone wp-image-451 size-full\" src=\"https:\/\/instytutpolski.pl\/bratyslawa\/wp-content\/uploads\/sites\/13\/2019\/06\/seges-tlumaczenie.jpg\" alt=\"\" width=\"213\" height=\"314\" srcset=\"https:\/\/instytutpolski.pl\/bratislava\/wp-content\/uploads\/sites\/13\/2019\/06\/seges-tlumaczenie.jpg 213w, https:\/\/instytutpolski.pl\/bratislava\/wp-content\/uploads\/sites\/13\/2019\/06\/seges-tlumaczenie-204x300.jpg 204w\" sizes=\"auto, (max-width: 213px) 100vw, 213px\" \/><\/a><\/p>\n<p>Cie\u013eom prezentovanej pr\u00e1ce je objasni\u0165 nazeranie po\u013eskej exilovej vl\u00e1dy v Lond\u00fdne na slovensk\u00fa ot\u00e1zku za druhej svetovej vojny. Na objasnenie term\u00ednu slovensk\u00e1 ot\u00e1zka poznamen\u00e1vam hne\u010f v \u00favode, \u017ee je \u0161ir\u0161\u00edm pojmom, pod ktor\u00fdm zah\u0155\u0148am viacero t\u00e9m s\u00favisiacich so slovensk\u00fdm aspektom po\u013eskej zahrani\u010dnej politiky. Prvorado ide o kontakty po\u013esk\u00e9ho ministerstva zahrani\u010dn\u00fdch vec\u00ed so slovensk\u00fdmi politikmi, monitorovanie aktiv\u00edt slovensk\u00fdch krajansk\u00fdch spolkov a organiz\u00e1ci\u00ed v Spojen\u00fdch \u0161t\u00e1toch americk\u00fdch po\u013esk\u00fdmi zastupite\u013esk\u00fdmi \u00faradmi, anal\u00fdzu vn\u00fatropolitickej situ\u00e1cie na Slovensku a r\u00f4zne formy po\u013esk\u00fdch federa\u010dn\u00fdch pl\u00e1nov povojnov\u00e9ho usporiadania stredov\u00fdchodnej Eur\u00f3py, v ktor\u00fdch figurovalo Slovensko v r\u00f4znych podob\u00e1ch a kon\u0161tel\u00e1ci\u00e1ch.<\/p>\n<p>Viac inform\u00e1ci\u00ed:&nbsp;<a href=\"http:\/\/www.kubon-sagner.de\/opac.html?record=4921630\" target=\"_blank\" rel=\"noopener noreferrer\"><strong>www.kubon-sagner.de\/opac.html?record=4921630<\/strong><\/a><\/p>\n<h3>Martin Lacko: Proti Po\u013esku&nbsp;(prekl.&nbsp;<strong>Dwuramienny krzy\u017c w cieniu swastyki<\/strong>)<\/h3>\n<p><a href=\"http:\/\/www.upn.gov.sk\/publikacie_web\/proti-polsku.pdf\"><img loading=\"lazy\" decoding=\"async\" class=\"alignnone wp-image-452 size-full\" src=\"https:\/\/instytutpolski.pl\/bratyslawa\/wp-content\/uploads\/sites\/13\/2019\/06\/martin-lacko-proti-polsku.jpg\" alt=\"\" width=\"213\" height=\"306\" srcset=\"https:\/\/instytutpolski.pl\/bratislava\/wp-content\/uploads\/sites\/13\/2019\/06\/martin-lacko-proti-polsku.jpg 213w, https:\/\/instytutpolski.pl\/bratislava\/wp-content\/uploads\/sites\/13\/2019\/06\/martin-lacko-proti-polsku-209x300.jpg 209w\" sizes=\"auto, (max-width: 213px) 100vw, 213px\" \/><\/a> <a href=\"http:\/\/www.rp.pl\/artykul\/954549.html\"><img loading=\"lazy\" decoding=\"async\" class=\"alignnone wp-image-453 size-full\" src=\"https:\/\/instytutpolski.pl\/bratyslawa\/wp-content\/uploads\/sites\/13\/2019\/06\/martin-lacko-tlumaczenie.jpg\" alt=\"\" width=\"213\" height=\"284\"><\/a><\/p>\n<p>Jednou z najv\u00fdraznej\u0161\u00edch udalost\u00ed na prahu obdobia neslobody bola \u00fa\u010das\u0165 Slovenska vo vojne proti Po\u013esku. Do protipo\u013esk\u00e9ho \u0165a\u017eenia v septembri 1939 zmobilizovala \u013eud\u00e1cka vl\u00e1da viac ne\u017e 50 tis\u00edc mu\u017eov. Priamych bojov sa v\u0161ak Slov\u00e1ci z\u00fa\u010dastnili len ojedinele, v prv\u00fd septembrov\u00fd t\u00fd\u017ede\u0148.<\/p>\n<p>Slovensk\u00e1 republika sa t\u00fdmto stala jedin\u00fdm spojencom Nemecka v protipo\u013eskej vojne, \u010d\u00edm svojou mierou prispela k za\u010diatku druhej svetovej vojny a s\u00fa\u010dasne sa skompromitovala v o\u010diach demokratick\u00fdch ve\u013emoc\u00ed. Na druhej strane bola \u00fa\u010das\u0165 Slovenska vo vojne i reakciou na predch\u00e1dzaj\u00facu expanz\u00edvnu politiku Po\u013eska, ktor\u00e9 sa v roku 1938 sna\u017eilo o anexiu \u010dasti Slovenska a vytvorenie spolo\u010dnej hranice s hortyovsk\u00fdm Ma\u010farskom. Marxistick\u00e1 propaganda takisto zaml\u010dovala fakt, \u017ee interven\u010dn\u00e9 slovensk\u00e9 jednotky boli vo viacer\u00fdch ukrajinsk\u00fdch, rus\u00ednskych i b\u00fdval\u00fdch slovensk\u00fdch obciach pohrani\u010dia ich obyvate\u013estvom srde\u010dne v\u00edtan\u00e9.<\/p>\n<p>Viac inform\u00e1ci\u00ed:&nbsp;<a href=\"http:\/\/www.druhasvetova.sk\/OLD\/view.php?cisloclanku=2008010006\"><strong>www.druhasvetova.sk\/OLD\/view.php?cisloclanku=2008010006<\/strong><\/a><\/p>\n<p>Cel\u00e1 publik\u00e1cia:&nbsp;<a href=\"http:\/\/www.upn.gov.sk\/publikacie_web\/proti-polsku.pdf\"><strong>www.upn.gov.sk\/publikacie_web\/proti-polsku.pdf<\/strong><\/a><\/p>\n","protected":false},"excerpt":{"rendered":"<p>\u0141ukasz Lewkowicz:&nbsp;Euroregi\u00f3ny na po\u013esko-slovenskom pohrani\u010d\u00ed Cie\u013eom tejto publik\u00e1cie bola politologick\u00e1 anal\u00fdza organiz\u00e1cie a&nbsp;fungovania euroregi\u00f3nov na spolo\u010dnom pohrani\u010d\u00ed Po\u013eska a&nbsp;Slovenska. Nach\u00e1dzaj\u00fa sa v nej teoretick\u00e9 \u00favahy o&nbsp;d\u00f4le\u017eitosti euroregion\u00e1lnej spolupr\u00e1ce v&nbsp;kontexte eur\u00f3pskej integr\u00e1cie. Publik\u00e1cia predstavuje formy, rozsah a&nbsp;v\u00fdsledky cezhrani\u010dnej spolupr\u00e1ce, ako aj historick\u00fa, \u0161truktur\u00e1lnu a&nbsp;funk\u010dn\u00fa anal\u00fdzu po\u013esko-slovensk\u00fdch euroregi\u00f3nov. V\u00fdskumu boli podroben\u00e9 tri roviny spolupr\u00e1ce v&nbsp;r\u00e1mci doteraj\u0161ieho fungovania [&hellip;]<\/p>\n","protected":false},"author":1,"featured_media":0,"parent":0,"menu_order":0,"comment_status":"closed","ping_status":"closed","template":"","meta":{"inline_featured_image":false,"_monsterinsights_skip_tracking":false,"_monsterinsights_sitenote_active":false,"_monsterinsights_sitenote_note":"","_monsterinsights_sitenote_category":0,"footnotes":""},"class_list":["post-455","page","type-page","status-publish","hentry"],"yoast_head":"<!-- This site is optimized with the Yoast SEO plugin v24.6 - https:\/\/yoast.com\/wordpress\/plugins\/seo\/ -->\n<title>Nowe publikacje - Instytut Polski w Bratys\u0142awie<\/title>\n<meta name=\"robots\" content=\"index, follow, max-snippet:-1, max-image-preview:large, max-video-preview:-1\" \/>\n<link rel=\"canonical\" href=\"https:\/\/instytutpolski.pl\/bratislava\/pl\/nowe-publikacje-2\/\" \/>\n<meta property=\"og:locale\" content=\"pl_PL\" \/>\n<meta property=\"og:type\" content=\"article\" \/>\n<meta property=\"og:title\" content=\"Nowe publikacje - Instytut Polski w Bratys\u0142awie\" \/>\n<meta property=\"og:description\" content=\"\u0141ukasz Lewkowicz:&nbsp;Euroregi\u00f3ny na po\u013esko-slovenskom pohrani\u010d\u00ed Cie\u013eom tejto publik\u00e1cie bola politologick\u00e1 anal\u00fdza organiz\u00e1cie a&nbsp;fungovania euroregi\u00f3nov na spolo\u010dnom pohrani\u010d\u00ed Po\u013eska a&nbsp;Slovenska. Nach\u00e1dzaj\u00fa sa v nej teoretick\u00e9 \u00favahy o&nbsp;d\u00f4le\u017eitosti euroregion\u00e1lnej spolupr\u00e1ce v&nbsp;kontexte eur\u00f3pskej integr\u00e1cie. Publik\u00e1cia predstavuje formy, rozsah a&nbsp;v\u00fdsledky cezhrani\u010dnej spolupr\u00e1ce, ako aj historick\u00fa, \u0161truktur\u00e1lnu a&nbsp;funk\u010dn\u00fa anal\u00fdzu po\u013esko-slovensk\u00fdch euroregi\u00f3nov. V\u00fdskumu boli podroben\u00e9 tri roviny spolupr\u00e1ce v&nbsp;r\u00e1mci doteraj\u0161ieho fungovania [&hellip;]\" \/>\n<meta property=\"og:url\" content=\"https:\/\/instytutpolski.pl\/bratislava\/pl\/nowe-publikacje-2\/\" \/>\n<meta property=\"og:site_name\" content=\"Instytut Polski w Bratys\u0142awie\" \/>\n<meta property=\"og:image\" content=\"https:\/\/instytutpolski.pl\/bratyslawa\/wp-content\/uploads\/sites\/13\/2019\/06\/euroregiony-lewkowicz.jpg\" \/>\n<meta name=\"twitter:card\" content=\"summary_large_image\" \/>\n<meta name=\"twitter:label1\" content=\"Szacowany czas czytania\" \/>\n\t<meta name=\"twitter:data1\" content=\"3 minuty\" \/>\n<script type=\"application\/ld+json\" class=\"yoast-schema-graph\">{\"@context\":\"https:\/\/schema.org\",\"@graph\":[{\"@type\":\"WebPage\",\"@id\":\"https:\/\/instytutpolski.pl\/bratislava\/pl\/nowe-publikacje-2\/\",\"url\":\"https:\/\/instytutpolski.pl\/bratislava\/pl\/nowe-publikacje-2\/\",\"name\":\"Nowe publikacje - Instytut Polski w Bratys\u0142awie\",\"isPartOf\":{\"@id\":\"https:\/\/instytutpolski.pl\/bratislava\/#website\"},\"primaryImageOfPage\":{\"@id\":\"https:\/\/instytutpolski.pl\/bratislava\/pl\/nowe-publikacje-2\/#primaryimage\"},\"image\":{\"@id\":\"https:\/\/instytutpolski.pl\/bratislava\/pl\/nowe-publikacje-2\/#primaryimage\"},\"thumbnailUrl\":\"https:\/\/instytutpolski.pl\/bratyslawa\/wp-content\/uploads\/sites\/13\/2019\/06\/euroregiony-lewkowicz.jpg\",\"datePublished\":\"2019-06-06T22:53:22+00:00\",\"breadcrumb\":{\"@id\":\"https:\/\/instytutpolski.pl\/bratislava\/pl\/nowe-publikacje-2\/#breadcrumb\"},\"inLanguage\":\"pl-PL\",\"potentialAction\":[{\"@type\":\"ReadAction\",\"target\":[\"https:\/\/instytutpolski.pl\/bratislava\/pl\/nowe-publikacje-2\/\"]}]},{\"@type\":\"ImageObject\",\"inLanguage\":\"pl-PL\",\"@id\":\"https:\/\/instytutpolski.pl\/bratislava\/pl\/nowe-publikacje-2\/#primaryimage\",\"url\":\"https:\/\/instytutpolski.pl\/bratyslawa\/wp-content\/uploads\/sites\/13\/2019\/06\/euroregiony-lewkowicz.jpg\",\"contentUrl\":\"https:\/\/instytutpolski.pl\/bratyslawa\/wp-content\/uploads\/sites\/13\/2019\/06\/euroregiony-lewkowicz.jpg\"},{\"@type\":\"BreadcrumbList\",\"@id\":\"https:\/\/instytutpolski.pl\/bratislava\/pl\/nowe-publikacje-2\/#breadcrumb\",\"itemListElement\":[{\"@type\":\"ListItem\",\"position\":1,\"name\":\"Home\",\"item\":\"https:\/\/instytutpolski.pl\/bratislava\/\"},{\"@type\":\"ListItem\",\"position\":2,\"name\":\"Nowe publikacje\"}]},{\"@type\":\"WebSite\",\"@id\":\"https:\/\/instytutpolski.pl\/bratislava\/#website\",\"url\":\"https:\/\/instytutpolski.pl\/bratislava\/\",\"name\":\"Instytut Polski w Bratys\u0142awie\",\"description\":\"Instytuty Polskie\",\"potentialAction\":[{\"@type\":\"SearchAction\",\"target\":{\"@type\":\"EntryPoint\",\"urlTemplate\":\"https:\/\/instytutpolski.pl\/bratislava\/?s={search_term_string}\"},\"query-input\":{\"@type\":\"PropertyValueSpecification\",\"valueRequired\":true,\"valueName\":\"search_term_string\"}}],\"inLanguage\":\"pl-PL\"}]}<\/script>\n<!-- \/ Yoast SEO plugin. -->","yoast_head_json":{"title":"Nowe publikacje - Instytut Polski w Bratys\u0142awie","robots":{"index":"index","follow":"follow","max-snippet":"max-snippet:-1","max-image-preview":"max-image-preview:large","max-video-preview":"max-video-preview:-1"},"canonical":"https:\/\/instytutpolski.pl\/bratislava\/pl\/nowe-publikacje-2\/","og_locale":"pl_PL","og_type":"article","og_title":"Nowe publikacje - Instytut Polski w Bratys\u0142awie","og_description":"\u0141ukasz Lewkowicz:&nbsp;Euroregi\u00f3ny na po\u013esko-slovenskom pohrani\u010d\u00ed Cie\u013eom tejto publik\u00e1cie bola politologick\u00e1 anal\u00fdza organiz\u00e1cie a&nbsp;fungovania euroregi\u00f3nov na spolo\u010dnom pohrani\u010d\u00ed Po\u013eska a&nbsp;Slovenska. Nach\u00e1dzaj\u00fa sa v nej teoretick\u00e9 \u00favahy o&nbsp;d\u00f4le\u017eitosti euroregion\u00e1lnej spolupr\u00e1ce v&nbsp;kontexte eur\u00f3pskej integr\u00e1cie. Publik\u00e1cia predstavuje formy, rozsah a&nbsp;v\u00fdsledky cezhrani\u010dnej spolupr\u00e1ce, ako aj historick\u00fa, \u0161truktur\u00e1lnu a&nbsp;funk\u010dn\u00fa anal\u00fdzu po\u013esko-slovensk\u00fdch euroregi\u00f3nov. V\u00fdskumu boli podroben\u00e9 tri roviny spolupr\u00e1ce v&nbsp;r\u00e1mci doteraj\u0161ieho fungovania [&hellip;]","og_url":"https:\/\/instytutpolski.pl\/bratislava\/pl\/nowe-publikacje-2\/","og_site_name":"Instytut Polski w Bratys\u0142awie","og_image":[{"url":"https:\/\/instytutpolski.pl\/bratyslawa\/wp-content\/uploads\/sites\/13\/2019\/06\/euroregiony-lewkowicz.jpg","type":"","width":"","height":""}],"twitter_card":"summary_large_image","twitter_misc":{"Szacowany czas czytania":"3 minuty"},"schema":{"@context":"https:\/\/schema.org","@graph":[{"@type":"WebPage","@id":"https:\/\/instytutpolski.pl\/bratislava\/pl\/nowe-publikacje-2\/","url":"https:\/\/instytutpolski.pl\/bratislava\/pl\/nowe-publikacje-2\/","name":"Nowe publikacje - Instytut Polski w Bratys\u0142awie","isPartOf":{"@id":"https:\/\/instytutpolski.pl\/bratislava\/#website"},"primaryImageOfPage":{"@id":"https:\/\/instytutpolski.pl\/bratislava\/pl\/nowe-publikacje-2\/#primaryimage"},"image":{"@id":"https:\/\/instytutpolski.pl\/bratislava\/pl\/nowe-publikacje-2\/#primaryimage"},"thumbnailUrl":"https:\/\/instytutpolski.pl\/bratyslawa\/wp-content\/uploads\/sites\/13\/2019\/06\/euroregiony-lewkowicz.jpg","datePublished":"2019-06-06T22:53:22+00:00","breadcrumb":{"@id":"https:\/\/instytutpolski.pl\/bratislava\/pl\/nowe-publikacje-2\/#breadcrumb"},"inLanguage":"pl-PL","potentialAction":[{"@type":"ReadAction","target":["https:\/\/instytutpolski.pl\/bratislava\/pl\/nowe-publikacje-2\/"]}]},{"@type":"ImageObject","inLanguage":"pl-PL","@id":"https:\/\/instytutpolski.pl\/bratislava\/pl\/nowe-publikacje-2\/#primaryimage","url":"https:\/\/instytutpolski.pl\/bratyslawa\/wp-content\/uploads\/sites\/13\/2019\/06\/euroregiony-lewkowicz.jpg","contentUrl":"https:\/\/instytutpolski.pl\/bratyslawa\/wp-content\/uploads\/sites\/13\/2019\/06\/euroregiony-lewkowicz.jpg"},{"@type":"BreadcrumbList","@id":"https:\/\/instytutpolski.pl\/bratislava\/pl\/nowe-publikacje-2\/#breadcrumb","itemListElement":[{"@type":"ListItem","position":1,"name":"Home","item":"https:\/\/instytutpolski.pl\/bratislava\/"},{"@type":"ListItem","position":2,"name":"Nowe publikacje"}]},{"@type":"WebSite","@id":"https:\/\/instytutpolski.pl\/bratislava\/#website","url":"https:\/\/instytutpolski.pl\/bratislava\/","name":"Instytut Polski w Bratys\u0142awie","description":"Instytuty Polskie","potentialAction":[{"@type":"SearchAction","target":{"@type":"EntryPoint","urlTemplate":"https:\/\/instytutpolski.pl\/bratislava\/?s={search_term_string}"},"query-input":{"@type":"PropertyValueSpecification","valueRequired":true,"valueName":"search_term_string"}}],"inLanguage":"pl-PL"}]}},"_links":{"self":[{"href":"https:\/\/instytutpolski.pl\/bratislava\/wp-json\/wp\/v2\/pages\/455","targetHints":{"allow":["GET"]}}],"collection":[{"href":"https:\/\/instytutpolski.pl\/bratislava\/wp-json\/wp\/v2\/pages"}],"about":[{"href":"https:\/\/instytutpolski.pl\/bratislava\/wp-json\/wp\/v2\/types\/page"}],"author":[{"embeddable":true,"href":"https:\/\/instytutpolski.pl\/bratislava\/wp-json\/wp\/v2\/users\/1"}],"replies":[{"embeddable":true,"href":"https:\/\/instytutpolski.pl\/bratislava\/wp-json\/wp\/v2\/comments?post=455"}],"version-history":[{"count":1,"href":"https:\/\/instytutpolski.pl\/bratislava\/wp-json\/wp\/v2\/pages\/455\/revisions"}],"predecessor-version":[{"id":456,"href":"https:\/\/instytutpolski.pl\/bratislava\/wp-json\/wp\/v2\/pages\/455\/revisions\/456"}],"wp:attachment":[{"href":"https:\/\/instytutpolski.pl\/bratislava\/wp-json\/wp\/v2\/media?parent=455"}],"curies":[{"name":"wp","href":"https:\/\/api.w.org\/{rel}","templated":true}]}}