{"id":460,"date":"2019-06-07T00:56:21","date_gmt":"2019-06-06T22:56:21","guid":{"rendered":"https:\/\/instytutpolski.pl\/bratyslawa\/?page_id=460"},"modified":"2019-06-07T00:56:21","modified_gmt":"2019-06-06T22:56:21","slug":"kursy-jezyka-polskiego","status":"publish","type":"page","link":"https:\/\/instytutpolski.pl\/bratislava\/pl\/kursy-jezyka-polskiego\/","title":{"rendered":"Kursy j\u0119zyka polskiego"},"content":{"rendered":"\n<p><strong>Ro\u010dn\u00e9 (dvojsemestr\u00e1lne) kurzy po\u013e\u0161tiny 2018\/2019<\/strong><br>&nbsp;<em>\u201eBezwzgl\u0119dny Grzegorz Brz\u0119czyszczykiewicz wyruszy\u0142 ze Szczebrzeszyna przez Szymankowszczyzn\u0119 do Pszczyny. I cho\u0107 nieraz zalewa\u0142a go \u017c\u00f3\u0142\u0107, niepomny nast\u0119pstw znalaz\u0142 ostatecznie szcz\u0119\u015bcie w \u017ad\u017able trawy.\u201c<\/em><\/p>\n<p>&nbsp;<\/p>\n<p>Aj vy chcete vedie\u0165 vyslovi\u0165 tento z\u00e1bavn\u00fd jazykolam plynulou po\u013e\u0161tinou? Tak nev\u00e1hajte, a&nbsp;prihl\u00e1ste sa na ro\u010dn\u00e9 kurzy po\u013esk\u00e9ho jazyka v&nbsp;Po\u013eskom in\u0161tit\u00fate v&nbsp;Bratislave!<\/p>\n<p>&nbsp;<\/p>\n<p>Po\u013esk\u00fd in\u0161tit\u00fat u\u017e tradi\u010dne organizuje ro\u010dn\u00e9 \u2013 dvojsemestr\u00e1lne kurzy po\u013esk\u00e9ho jazyka pre Slov\u00e1kov. Kurz pre ka\u017ed\u00fa skupinu sa sklad\u00e1 z&nbsp;<strong>30 vyu\u010dovac\u00edch hod\u00edn<\/strong>&nbsp;za semester, lekcie sa konaj\u00fa raz do t\u00fd\u017ed\u0148a (po dve hodiny). Cena kurzu je&nbsp;<strong>85 \u20ac<\/strong>&nbsp;za semester a plat\u00ed sa pred prvou hodinou. Pri z\u00e1pise do pokro\u010dilej skupiny bud\u00fa uprednostnen\u00ed uch\u00e1dza\u010di, ktor\u00ed maj\u00fa z\u00e1ujem zv\u00fd\u0161i\u0165 svoju \u00farove\u0148 jazykovej kompetencie.<\/p>\n<p>&nbsp;<\/p>\n<p><span style=\"text-decoration: underline\">Harmonogram semestr\u00e1lnych kurzov 2018\/2019:<\/span><\/p>\n<p>Prv\u00e1 hodina sa bude kona\u0165 v utorok&nbsp;<strong>2. okt\u00f3bra<\/strong>&nbsp;a v stredu&nbsp;<strong>3. okt\u00f3bra 2018<\/strong>&nbsp;pod\u013ea nasleduj\u00faceho rozvrhu:<\/p>\n<p><strong>skupina A1<\/strong>&nbsp;(za\u010diato\u010dn\u00edci)&nbsp;\u2013<strong>&nbsp;utorok 17:00<\/strong><br><strong>skupina A1<\/strong>&nbsp;(za\u010diato\u010dn\u00edci)&nbsp;\u2013&nbsp;<strong>streda 17:00<\/strong><br><strong>skupina A2\/B1<\/strong>&nbsp;(mierne pokro\u010dil\u00ed)&nbsp;\u2013&nbsp;<strong>utorok 17:00<\/strong>&nbsp;<br><strong>skupina B2&nbsp;<\/strong>(pokro\u010dil\u00ed)&nbsp;\u2013&nbsp;<strong>streda 17:00<\/strong><\/p>\n<p>&nbsp;<\/p>\n<p>&nbsp;<\/p>\n<p>Z\u00e1ujemcovia sa m\u00f4\u017eu hl\u00e1si\u0165 na telef\u00f3nnom \u010d\u00edsle&nbsp;02 544 320 15&nbsp;alebo prostredn\u00edctvom e-mailovej adresy&nbsp;teresa.lukacova@instytutpolski.org.&nbsp;<\/p>\n<p>____________________<\/p>\n<p>T\u00ed, ktor\u00ed u\u017e vedia po po\u013esky a maj\u00fa z\u00e1ujem o z\u00edskanie medzin\u00e1rodne uzn\u00e1van\u00e9ho jazykov\u00e9ho certifik\u00e1tu z po\u013e\u0161tiny, z\u00edskaj\u00fa viac inform\u00e1ci\u00ed na str\u00e1nke:&nbsp;<a href=\"http:\/\/www.buwiwm.edu.pl\/certyfikacja\">www.buwiwm.edu.pl\/certyfikacja<\/a>&nbsp;alebo&nbsp;<a href=\"http:\/\/certyfikatpolski.pl\/\">http:\/\/certyfikatpolski.pl\/<\/a>.<\/p>\n","protected":false},"excerpt":{"rendered":"<p>Ro\u010dn\u00e9 (dvojsemestr\u00e1lne) kurzy po\u013e\u0161tiny 2018\/2019&nbsp;\u201eBezwzgl\u0119dny Grzegorz Brz\u0119czyszczykiewicz wyruszy\u0142 ze Szczebrzeszyna przez Szymankowszczyzn\u0119 do Pszczyny. I cho\u0107 nieraz zalewa\u0142a go \u017c\u00f3\u0142\u0107, niepomny nast\u0119pstw znalaz\u0142 ostatecznie szcz\u0119\u015bcie w \u017ad\u017able trawy.\u201c &nbsp; Aj vy chcete vedie\u0165 vyslovi\u0165 tento z\u00e1bavn\u00fd jazykolam plynulou po\u013e\u0161tinou? Tak nev\u00e1hajte, a&nbsp;prihl\u00e1ste sa na ro\u010dn\u00e9 kurzy po\u013esk\u00e9ho jazyka v&nbsp;Po\u013eskom in\u0161tit\u00fate v&nbsp;Bratislave! &nbsp; Po\u013esk\u00fd in\u0161tit\u00fat u\u017e [&hellip;]<\/p>\n","protected":false},"author":1,"featured_media":0,"parent":0,"menu_order":0,"comment_status":"closed","ping_status":"closed","template":"","meta":{"inline_featured_image":false,"_monsterinsights_skip_tracking":false,"_monsterinsights_sitenote_active":false,"_monsterinsights_sitenote_note":"","_monsterinsights_sitenote_category":0,"footnotes":""},"class_list":["post-460","page","type-page","status-publish","hentry"],"yoast_head":"<!-- This site is optimized with the Yoast SEO plugin v24.6 - https:\/\/yoast.com\/wordpress\/plugins\/seo\/ -->\n<title>Kursy j\u0119zyka polskiego - Instytut Polski w Bratys\u0142awie<\/title>\n<meta name=\"robots\" content=\"index, follow, max-snippet:-1, max-image-preview:large, max-video-preview:-1\" \/>\n<link rel=\"canonical\" href=\"https:\/\/instytutpolski.pl\/bratislava\/pl\/kursy-jezyka-polskiego\/\" \/>\n<meta property=\"og:locale\" content=\"pl_PL\" \/>\n<meta property=\"og:type\" content=\"article\" \/>\n<meta property=\"og:title\" content=\"Kursy j\u0119zyka polskiego - Instytut Polski w Bratys\u0142awie\" \/>\n<meta property=\"og:description\" content=\"Ro\u010dn\u00e9 (dvojsemestr\u00e1lne) kurzy po\u013e\u0161tiny 2018\/2019&nbsp;\u201eBezwzgl\u0119dny Grzegorz Brz\u0119czyszczykiewicz wyruszy\u0142 ze Szczebrzeszyna przez Szymankowszczyzn\u0119 do Pszczyny. I cho\u0107 nieraz zalewa\u0142a go \u017c\u00f3\u0142\u0107, niepomny nast\u0119pstw znalaz\u0142 ostatecznie szcz\u0119\u015bcie w \u017ad\u017able trawy.\u201c &nbsp; Aj vy chcete vedie\u0165 vyslovi\u0165 tento z\u00e1bavn\u00fd jazykolam plynulou po\u013e\u0161tinou? Tak nev\u00e1hajte, a&nbsp;prihl\u00e1ste sa na ro\u010dn\u00e9 kurzy po\u013esk\u00e9ho jazyka v&nbsp;Po\u013eskom in\u0161tit\u00fate v&nbsp;Bratislave! &nbsp; Po\u013esk\u00fd in\u0161tit\u00fat u\u017e [&hellip;]\" \/>\n<meta property=\"og:url\" content=\"https:\/\/instytutpolski.pl\/bratislava\/pl\/kursy-jezyka-polskiego\/\" \/>\n<meta property=\"og:site_name\" content=\"Instytut Polski w Bratys\u0142awie\" \/>\n<meta name=\"twitter:card\" content=\"summary_large_image\" \/>\n<meta name=\"twitter:label1\" content=\"Szacowany czas czytania\" \/>\n\t<meta name=\"twitter:data1\" content=\"2 minuty\" \/>\n<script type=\"application\/ld+json\" class=\"yoast-schema-graph\">{\"@context\":\"https:\/\/schema.org\",\"@graph\":[{\"@type\":\"WebPage\",\"@id\":\"https:\/\/instytutpolski.pl\/bratislava\/pl\/kursy-jezyka-polskiego\/\",\"url\":\"https:\/\/instytutpolski.pl\/bratislava\/pl\/kursy-jezyka-polskiego\/\",\"name\":\"Kursy j\u0119zyka polskiego - Instytut Polski w Bratys\u0142awie\",\"isPartOf\":{\"@id\":\"https:\/\/instytutpolski.pl\/bratislava\/#website\"},\"datePublished\":\"2019-06-06T22:56:21+00:00\",\"breadcrumb\":{\"@id\":\"https:\/\/instytutpolski.pl\/bratislava\/pl\/kursy-jezyka-polskiego\/#breadcrumb\"},\"inLanguage\":\"pl-PL\",\"potentialAction\":[{\"@type\":\"ReadAction\",\"target\":[\"https:\/\/instytutpolski.pl\/bratislava\/pl\/kursy-jezyka-polskiego\/\"]}]},{\"@type\":\"BreadcrumbList\",\"@id\":\"https:\/\/instytutpolski.pl\/bratislava\/pl\/kursy-jezyka-polskiego\/#breadcrumb\",\"itemListElement\":[{\"@type\":\"ListItem\",\"position\":1,\"name\":\"Home\",\"item\":\"https:\/\/instytutpolski.pl\/bratislava\/\"},{\"@type\":\"ListItem\",\"position\":2,\"name\":\"Kursy j\u0119zyka polskiego\"}]},{\"@type\":\"WebSite\",\"@id\":\"https:\/\/instytutpolski.pl\/bratislava\/#website\",\"url\":\"https:\/\/instytutpolski.pl\/bratislava\/\",\"name\":\"Instytut Polski w Bratys\u0142awie\",\"description\":\"Instytuty Polskie\",\"potentialAction\":[{\"@type\":\"SearchAction\",\"target\":{\"@type\":\"EntryPoint\",\"urlTemplate\":\"https:\/\/instytutpolski.pl\/bratislava\/?s={search_term_string}\"},\"query-input\":{\"@type\":\"PropertyValueSpecification\",\"valueRequired\":true,\"valueName\":\"search_term_string\"}}],\"inLanguage\":\"pl-PL\"}]}<\/script>\n<!-- \/ Yoast SEO plugin. -->","yoast_head_json":{"title":"Kursy j\u0119zyka polskiego - Instytut Polski w Bratys\u0142awie","robots":{"index":"index","follow":"follow","max-snippet":"max-snippet:-1","max-image-preview":"max-image-preview:large","max-video-preview":"max-video-preview:-1"},"canonical":"https:\/\/instytutpolski.pl\/bratislava\/pl\/kursy-jezyka-polskiego\/","og_locale":"pl_PL","og_type":"article","og_title":"Kursy j\u0119zyka polskiego - Instytut Polski w Bratys\u0142awie","og_description":"Ro\u010dn\u00e9 (dvojsemestr\u00e1lne) kurzy po\u013e\u0161tiny 2018\/2019&nbsp;\u201eBezwzgl\u0119dny Grzegorz Brz\u0119czyszczykiewicz wyruszy\u0142 ze Szczebrzeszyna przez Szymankowszczyzn\u0119 do Pszczyny. I cho\u0107 nieraz zalewa\u0142a go \u017c\u00f3\u0142\u0107, niepomny nast\u0119pstw znalaz\u0142 ostatecznie szcz\u0119\u015bcie w \u017ad\u017able trawy.\u201c &nbsp; Aj vy chcete vedie\u0165 vyslovi\u0165 tento z\u00e1bavn\u00fd jazykolam plynulou po\u013e\u0161tinou? Tak nev\u00e1hajte, a&nbsp;prihl\u00e1ste sa na ro\u010dn\u00e9 kurzy po\u013esk\u00e9ho jazyka v&nbsp;Po\u013eskom in\u0161tit\u00fate v&nbsp;Bratislave! &nbsp; Po\u013esk\u00fd in\u0161tit\u00fat u\u017e [&hellip;]","og_url":"https:\/\/instytutpolski.pl\/bratislava\/pl\/kursy-jezyka-polskiego\/","og_site_name":"Instytut Polski w Bratys\u0142awie","twitter_card":"summary_large_image","twitter_misc":{"Szacowany czas czytania":"2 minuty"},"schema":{"@context":"https:\/\/schema.org","@graph":[{"@type":"WebPage","@id":"https:\/\/instytutpolski.pl\/bratislava\/pl\/kursy-jezyka-polskiego\/","url":"https:\/\/instytutpolski.pl\/bratislava\/pl\/kursy-jezyka-polskiego\/","name":"Kursy j\u0119zyka polskiego - Instytut Polski w Bratys\u0142awie","isPartOf":{"@id":"https:\/\/instytutpolski.pl\/bratislava\/#website"},"datePublished":"2019-06-06T22:56:21+00:00","breadcrumb":{"@id":"https:\/\/instytutpolski.pl\/bratislava\/pl\/kursy-jezyka-polskiego\/#breadcrumb"},"inLanguage":"pl-PL","potentialAction":[{"@type":"ReadAction","target":["https:\/\/instytutpolski.pl\/bratislava\/pl\/kursy-jezyka-polskiego\/"]}]},{"@type":"BreadcrumbList","@id":"https:\/\/instytutpolski.pl\/bratislava\/pl\/kursy-jezyka-polskiego\/#breadcrumb","itemListElement":[{"@type":"ListItem","position":1,"name":"Home","item":"https:\/\/instytutpolski.pl\/bratislava\/"},{"@type":"ListItem","position":2,"name":"Kursy j\u0119zyka polskiego"}]},{"@type":"WebSite","@id":"https:\/\/instytutpolski.pl\/bratislava\/#website","url":"https:\/\/instytutpolski.pl\/bratislava\/","name":"Instytut Polski w Bratys\u0142awie","description":"Instytuty Polskie","potentialAction":[{"@type":"SearchAction","target":{"@type":"EntryPoint","urlTemplate":"https:\/\/instytutpolski.pl\/bratislava\/?s={search_term_string}"},"query-input":{"@type":"PropertyValueSpecification","valueRequired":true,"valueName":"search_term_string"}}],"inLanguage":"pl-PL"}]}},"_links":{"self":[{"href":"https:\/\/instytutpolski.pl\/bratislava\/wp-json\/wp\/v2\/pages\/460","targetHints":{"allow":["GET"]}}],"collection":[{"href":"https:\/\/instytutpolski.pl\/bratislava\/wp-json\/wp\/v2\/pages"}],"about":[{"href":"https:\/\/instytutpolski.pl\/bratislava\/wp-json\/wp\/v2\/types\/page"}],"author":[{"embeddable":true,"href":"https:\/\/instytutpolski.pl\/bratislava\/wp-json\/wp\/v2\/users\/1"}],"replies":[{"embeddable":true,"href":"https:\/\/instytutpolski.pl\/bratislava\/wp-json\/wp\/v2\/comments?post=460"}],"version-history":[{"count":1,"href":"https:\/\/instytutpolski.pl\/bratislava\/wp-json\/wp\/v2\/pages\/460\/revisions"}],"predecessor-version":[{"id":461,"href":"https:\/\/instytutpolski.pl\/bratislava\/wp-json\/wp\/v2\/pages\/460\/revisions\/461"}],"wp:attachment":[{"href":"https:\/\/instytutpolski.pl\/bratislava\/wp-json\/wp\/v2\/media?parent=460"}],"curies":[{"name":"wp","href":"https:\/\/api.w.org\/{rel}","templated":true}]}}