{"id":542,"date":"2019-06-27T12:09:27","date_gmt":"2019-06-27T10:09:27","guid":{"rendered":"https:\/\/instytutpolski.pl\/bratyslawa\/?page_id=542"},"modified":"2022-09-28T14:05:46","modified_gmt":"2022-09-28T12:05:46","slug":"spoznajte-polsko","status":"publish","type":"page","link":"https:\/\/instytutpolski.pl\/bratislava\/spoznajte-polsko\/","title":{"rendered":"Spoznajte Po\u013esko"},"content":{"rendered":"\n<p><strong>Po\u013esko sa m\u00f4\u017ee pochv\u00e1li\u0165 jedn\u00fdm z geometrick\u00fdch stredov Eur\u00f3py: nach\u00e1dza sa v bl\u00edzkosti hlavn\u00e9ho mesta Po\u013eska, Var\u0161avy. Po\u010das svojej viac ako tis\u00edcro\u010dnej hist\u00f3rie sa Po\u013esko stalo eur\u00f3pskou ve\u013emocou, ale za\u017eilo aj obdobie straty nez\u00e1vislosti. V s\u00fa\u010dasnosti je jednou zo s\u013eubne sa rozv\u00edjaj\u00facich ekonom\u00edk strednej a v\u00fdchodnej Eur\u00f3py, a Poliaci s\u00fa zn\u00e1mi svoj\u00edm podnikate\u013esk\u00fdm duchom, ktor\u00fd v sebe sp\u00e1ja v\u00e1\u0161e\u0148 pre inov\u00e1cie a kreativitu. Rok 1989 bol d\u00f4le\u017eit\u00fdm medzn\u00edkom: komunistick\u00fd re\u017eim pomohlo porazi\u0165 odhodlanie, ktor\u00e9 steles\u0148ovalo hnutie Solidarita, podporovan\u00e9 duchovnou autoritou p\u00e1pe\u017ea J\u00e1na Pavla II. Dnes je Po\u013esko slobodnou krajinou, ktorej trad\u00edcie, pamiatky a pr\u00edroda l\u00e1kaj\u00fa mili\u00f3ny turistov z cel\u00e9ho sveta.<\/strong><\/p>\n\n\n\n<figure class=\"wp-block-embed is-type-video is-provider-youtube wp-block-embed-youtube wp-embed-aspect-16-9 wp-has-aspect-ratio\"><div class=\"wp-block-embed__wrapper\">\nhttps:\/\/www.youtube.com\/watch?v=yhYKtPEB16E\n<\/div><\/figure>\n\n\n\n<p><strong>Kult\u00fara a umenie<\/strong> sp\u00e1jaj\u00fa Poliakov u\u017e st\u00e1ro\u010dia a pom\u00e1haj\u00fa im pre\u017ei\u0165 naj\u0165a\u017e\u0161ie chv\u00edle dej\u00edn. Po\u013esk\u00ed umelci dodnes in\u0161piruj\u00fa svetov\u00e9 publikum. V Po\u013esku sa narodil aj <strong>Fryderyk Chopin<\/strong>, jeden z najv\u00fdznamnej\u0161\u00edch skladate\u013eov a klaviristov. Jeho hudbe je venovan\u00e1 aj jedna z najv\u00fdznamnej\u0161\u00edch medzin\u00e1rodn\u00fdch hudobn\u00fdch s\u00fa\u0165a\u017e\u00ed: <strong>Medzin\u00e1rodn\u00e1 klav\u00edrna s\u00fa\u0165a\u017e Fryderyka Chopina<\/strong>, ktor\u00e1 sa od roku 1927 kon\u00e1 ka\u017ed\u00fdch p\u00e4\u0165 rokov vo Var\u0161ave. Z Po\u013eska poch\u00e1dza mnoho nosite\u013eov Nobelovej ceny \u010di dr\u017eite\u013eov Oscarov a Grammy. Aj v\u010faka nosite\u013eom Nobelovej ceny za literat\u00faru <strong>Wis\u0142awe Szymborskej<\/strong>, <strong>Czeslawovi Mi\u0142oszovi <\/strong>a <strong>Olge Tokarczuk <\/strong>z\u00edskalo Po\u013esko poves\u0165 krajiny b\u00e1snikov a spisovate\u013eov. V\u010faka nim sa rozv\u00edja aj po\u013e\u0161tina, ktorou hovor\u00ed viac ako 40 mili\u00f3nov \u013eud\u00ed v Po\u013esku a v zahrani\u010d\u00ed. Svoje filmy tu nakr\u00facal <strong>Andrzej Wajda<\/strong>, dr\u017eite\u013e mnoh\u00fdch prest\u00ed\u017enych filmov\u00fdch ocenen\u00ed a okrem in\u00e9ho aj Oscara za celo\u017eivotn\u00e9 dielo. A aj <strong>Krzysztof Penderecki<\/strong>, v\u00fdnimo\u010dn\u00fd skladate\u013e a \u0161tvorn\u00e1sobn\u00fd dr\u017eite\u013e Grammy, poch\u00e1dza z Po\u013eska.<\/p>\n\n\n\n<p><strong>Po\u013esk\u00ed vedci <\/strong>stoja za mnoh\u00fdmi v\u00fdznamn\u00fdmi vyn\u00e1lezmi a objavmi, ktor\u00e9 zmenili svet. Vo Var\u0161ave sa narodila sl\u00e1vna <strong>Marie Curie-Sk\u0142odowska<\/strong>, ktor\u00e1 je dodnes jedinou \u017eenou, ktor\u00e1 dvakr\u00e1t z\u00edskala Nobelovu cenu (v rokoch 1903 a 1911), ale aj jedin\u00e1 vedky\u0148a, ktor\u00e1 ju z\u00edskala v dvoch r\u00f4znych vedn\u00fdch odboroch. Bola prvou \u017eenou, ktor\u00e1 z\u00edskala Nobelovu cenu za ch\u00e9miu (za objav pol\u00f3nia a r\u00e1dia), prvou \u017eenou, ktor\u00e1 bola vymenovan\u00e1 za profesorku na par\u00ed\u017eskej Sorbonne, a prvou \u017eenou, ktor\u00e1 bola prijat\u00e1 na lek\u00e1rsku fakultu. A viete, kto vyna\u0161iel proces pestovania monokry\u0161t\u00e1lov, ktor\u00fd je z\u00e1kladom modernej elektroniky? Po\u013esk\u00fd fyzik <strong>Jan Czochralski<\/strong>. Z krem\u00edkov\u00fdch monokry\u0161t\u00e1lov z\u00edskan\u00fdch Czochralsk\u00e9ho met\u00f3dou sa dnes vyr\u00e1baj\u00fa polovodi\u010de. V\u010faka nim funguj\u00fa po\u010d\u00edta\u010de, tablety, mobiln\u00e9 telef\u00f3ny, digit\u00e1lne fotoapar\u00e1ty, mp3 prehr\u00e1va\u010de a \u010fal\u0161ie elektronick\u00e9 zariadenia. Zase po\u013esk\u00ed matematici <strong>Marian Rejewski<\/strong>, <strong>Jerzy R\u00f3\u017cycki <\/strong>a <strong>Henryk Zygalski<\/strong> rozl\u00fa\u0161tili k\u00f3d najzn\u00e1mej\u0161ieho \u0161ifrovacieho zariadenia v hist\u00f3rii &#8211; nemeckej Enigmy. Ich \u00faspech prispel k ukon\u010deniu druhej svetovej vojny.<\/p>\n\n\n\n<p><strong>N\u00e1dhern\u00fa pr\u00edrodu<\/strong> n\u00e1jdete v celom Po\u013esku, od Baltsk\u00e9ho mora a Maz\u00farskych jazier na severe a\u017e po horsk\u00e9 mas\u00edvy na juhu krajiny. Nav\u0161t\u00edvi\u0165 m\u00f4\u017eete 23 n\u00e1rodn\u00fdch parkov, 1 500 pr\u00edrodn\u00fdch rezerv\u00e1ci\u00ed a 145 chr\u00e1nen\u00fdch krajinn\u00fdch oblast\u00ed. Po\u013esko pon\u00faka \u0161irok\u00e9 mo\u017enosti akt\u00edvnej dovolenky: horsk\u00e9 t\u00fary, cyklov\u00fdlety, splavovanie riek a jazier na kajaku, plachtenie, surfovanie, jazdu na koni alebo pozorovanie vz\u00e1cnych druhov vt\u00e1kov v ich prirodzenom prostred\u00ed.<\/p>\n\n\n\n<p><strong>Po\u013esko je v\u0161ak aj domovom popul\u00e1rnych kult\u00farnych podujat\u00ed, hudobn\u00fdch, filmov\u00fdch a divadeln\u00fdch festivalov<\/strong>, a to \u010dasto v architektonick\u00fdch skvostoch ocenen\u00fdch v medzin\u00e1rodn\u00fdch s\u00fa\u0165a\u017eiach. Pr\u00edkladom je n\u00e1dhern\u00e1 budova <strong>Filharm\u00f3nie M. Kar\u0142owicza v \u0160tet\u00edne<\/strong>, prv\u00e1 budova v Po\u013esku, ktor\u00e1 z\u00edskala eur\u00f3psku cenu Miesa van der Roheho, alebo aj <strong>N\u00e1rodn\u00e9 m\u00fazeum v \u0160tet\u00edne &#8211; Centrum dial\u00f3gu Prze\u0142omy<\/strong>, najlep\u0161ia budova sveta roku 2016 pod\u013ea Svetov\u00e9ho festivalu architekt\u00fary v Berl\u00edne. Medzi \u010fal\u0161ie v\u00fdnimo\u010dn\u00e9 stavby na kult\u00farne \u00fa\u010dely na mape svetovej architekt\u00fary patr\u00ed <strong>Shakespearovsk\u00e9 divadlo <\/strong>alebo <strong>Eur\u00f3pske centrum solidarity v Gdansku<\/strong>, <strong>Sliezske m\u00fazeum v Katoviciach<\/strong>, postaven\u00e9 na mieste b\u00fdvalej uho\u013enej bane, s\u00eddlo N\u00e1rodn\u00e9ho symfonick\u00e9ho orchestra Po\u013esk\u00e9ho rozhlasu v Katoviciach, <strong>Hudobn\u00e9 centrum Krzysztofa Pendereck\u00e9ho v Lus\u0142awiciach<\/strong>, <strong>Cricoteca <\/strong>(M\u00fazeum Tadeusza Kantora) v Krakove, <strong>M\u00fazeum Var\u0161avsk\u00e9ho povstania<\/strong> a <strong>M\u00fazeum hist\u00f3rie po\u013esk\u00fdch \u017didov POLIN<\/strong> vo Var\u0161ave.<\/p>\n\n\n\n<p>Pri n\u00e1v\u0161teve t\u00fdchto jedine\u010dn\u00fdch objektov sa m\u00f4\u017eete zozn\u00e1mi\u0165 aj s hist\u00f3riou Po\u013eska a spozna\u0165 \u010dasto tragick\u00e9 osudy jeho obyvate\u013eov, ktor\u00e9 zmenila a ovplyvnila najm\u00e4 druh\u00e1 svetov\u00e1 vojna. V posledn\u00fdch desa\u0165ro\u010diach sa Po\u013esko intenz\u00edvne usiluje o obnovu zni\u010den\u00fdch pamiatok a chr\u00e1ni\u0165 svetov\u00e9 dedi\u010dstvo \u017eidovskej kult\u00fary. Po\u013esko podporuje aj rozvoj s\u00fa\u010dasnej \u017eidovskej obce; najlep\u0161\u00edm pr\u00edkladom je popul\u00e1rny <strong>Festival \u017eidovskej kult\u00fary v Krakove<\/strong>, ktor\u00fd m\u00e1 viac ako 30-ro\u010dn\u00fa trad\u00edciu. Pre svoju v\u00fdnimo\u010dn\u00fa atmosf\u00e9ru a multikult\u00farny program ho nav\u0161tevuj\u00fa desa\u0165tis\u00edce turistov.<\/p>\n\n\n\n<p><strong>Po\u013esko l\u00e1ka aj milovn\u00edkov filmu, divadla a hudby.<\/strong> Hviezdy s\u00fa\u010dasnej hudby m\u00f4\u017eete stretn\u00fa\u0165 na medzin\u00e1rodnom festivale <strong>Var\u0161avsk\u00e1 jese\u0148<\/strong>, zase sl\u00e1vnych re\u017eis\u00e9rov a kameramanov na festivale <strong>EnergaCAMERIMAGE<\/strong> v Toruni, a nez\u00e1visl\u00fdch film\u00e1rov z cel\u00e9ho sveta napr\u00edklad na festivale <strong>Nowe Horyzonty vo Vroclave<\/strong>, kde n\u00e1v\u0161tevn\u00edci n\u00e1jdu s\u00fa\u010dasn\u00fa umeleck\u00fa, vizion\u00e1rsku a experiment\u00e1lnu kinematografia.<\/p>\n\n\n\n<p><strong>Existuje mnoho d\u00f4vodov, pre\u010do pr\u00eds\u0165 a spozna\u0165 skuto\u010dn\u00e9 Po\u013esko &#8211; a nie je to \u010faleko: z Bratislavy do Var\u0161avy je to 650 km!<\/strong><\/p>\n\n\n\n<p><strong><a href=\"http:\/\/Poland.pl\">Poland.pl<\/a><\/strong><\/p>\n\n\n\n<p><a href=\"http:\/\/Culture.pl\"><strong>Culture.pl<\/strong><\/a><\/p>\n\n\n\n<p>Najnov\u0161ie spr\u00e1vy z Po\u013eska v r\u00f4znych jazykoch &#8211; <a href=\"https:\/\/www.polskieradio.pl\/395\"><strong>Po\u013esk\u00fd rozhlas &#8211; Oddelenie zahrani\u010dn\u00e9ho vysielania<\/strong><\/a><\/p>\n","protected":false},"excerpt":{"rendered":"<p>Po\u013esko sa m\u00f4\u017ee pochv\u00e1li\u0165 jedn\u00fdm z geometrick\u00fdch stredov Eur\u00f3py: nach\u00e1dza sa v bl\u00edzkosti hlavn\u00e9ho mesta Po\u013eska, Var\u0161avy. Po\u010das svojej viac ako tis\u00edcro\u010dnej hist\u00f3rie sa Po\u013esko stalo eur\u00f3pskou ve\u013emocou, ale za\u017eilo aj obdobie straty nez\u00e1vislosti. V s\u00fa\u010dasnosti je jednou zo s\u013eubne sa rozv\u00edjaj\u00facich ekonom\u00edk strednej a v\u00fdchodnej Eur\u00f3py, a Poliaci s\u00fa zn\u00e1mi svoj\u00edm podnikate\u013esk\u00fdm duchom, ktor\u00fd [&hellip;]<\/p>\n","protected":false},"author":1,"featured_media":543,"parent":0,"menu_order":0,"comment_status":"closed","ping_status":"closed","template":"","meta":{"inline_featured_image":false,"_monsterinsights_skip_tracking":false,"_monsterinsights_sitenote_active":false,"_monsterinsights_sitenote_note":"","_monsterinsights_sitenote_category":0,"footnotes":""},"class_list":["post-542","page","type-page","status-publish","has-post-thumbnail","hentry"],"yoast_head":"<!-- This site is optimized with the Yoast SEO plugin v24.6 - https:\/\/yoast.com\/wordpress\/plugins\/seo\/ -->\n<title>Spoznajte Po\u013esko - Instytut Polski w Bratys\u0142awie<\/title>\n<meta name=\"robots\" content=\"index, follow, max-snippet:-1, max-image-preview:large, max-video-preview:-1\" \/>\n<link rel=\"canonical\" href=\"https:\/\/instytutpolski.pl\/bratislava\/spoznajte-polsko\/\" \/>\n<meta property=\"og:locale\" content=\"pl_PL\" \/>\n<meta property=\"og:type\" content=\"article\" \/>\n<meta property=\"og:title\" content=\"Spoznajte Po\u013esko - Instytut Polski w Bratys\u0142awie\" \/>\n<meta property=\"og:description\" content=\"Po\u013esko sa m\u00f4\u017ee pochv\u00e1li\u0165 jedn\u00fdm z geometrick\u00fdch stredov Eur\u00f3py: nach\u00e1dza sa v bl\u00edzkosti hlavn\u00e9ho mesta Po\u013eska, Var\u0161avy. Po\u010das svojej viac ako tis\u00edcro\u010dnej hist\u00f3rie sa Po\u013esko stalo eur\u00f3pskou ve\u013emocou, ale za\u017eilo aj obdobie straty nez\u00e1vislosti. V s\u00fa\u010dasnosti je jednou zo s\u013eubne sa rozv\u00edjaj\u00facich ekonom\u00edk strednej a v\u00fdchodnej Eur\u00f3py, a Poliaci s\u00fa zn\u00e1mi svoj\u00edm podnikate\u013esk\u00fdm duchom, ktor\u00fd [&hellip;]\" \/>\n<meta property=\"og:url\" content=\"https:\/\/instytutpolski.pl\/bratislava\/spoznajte-polsko\/\" \/>\n<meta property=\"og:site_name\" content=\"Instytut Polski w Bratys\u0142awie\" \/>\n<meta property=\"article:modified_time\" content=\"2022-09-28T12:05:46+00:00\" \/>\n<meta property=\"og:image\" content=\"https:\/\/instytutpolski.pl\/bratislava\/wp-content\/uploads\/sites\/13\/2019\/06\/poznaj-polske.jpg\" \/>\n\t<meta property=\"og:image:width\" content=\"1920\" \/>\n\t<meta property=\"og:image:height\" content=\"700\" \/>\n\t<meta property=\"og:image:type\" content=\"image\/jpeg\" \/>\n<meta name=\"twitter:card\" content=\"summary_large_image\" \/>\n<meta name=\"twitter:label1\" content=\"Szacowany czas czytania\" \/>\n\t<meta name=\"twitter:data1\" content=\"5 minut\" \/>\n<script type=\"application\/ld+json\" class=\"yoast-schema-graph\">{\"@context\":\"https:\/\/schema.org\",\"@graph\":[{\"@type\":\"WebPage\",\"@id\":\"https:\/\/instytutpolski.pl\/bratislava\/spoznajte-polsko\/\",\"url\":\"https:\/\/instytutpolski.pl\/bratislava\/spoznajte-polsko\/\",\"name\":\"Spoznajte Po\u013esko - Instytut Polski w Bratys\u0142awie\",\"isPartOf\":{\"@id\":\"https:\/\/instytutpolski.pl\/bratislava\/#website\"},\"primaryImageOfPage\":{\"@id\":\"https:\/\/instytutpolski.pl\/bratislava\/spoznajte-polsko\/#primaryimage\"},\"image\":{\"@id\":\"https:\/\/instytutpolski.pl\/bratislava\/spoznajte-polsko\/#primaryimage\"},\"thumbnailUrl\":\"https:\/\/instytutpolski.pl\/bratislava\/wp-content\/uploads\/sites\/13\/2019\/06\/poznaj-polske.jpg\",\"datePublished\":\"2019-06-27T10:09:27+00:00\",\"dateModified\":\"2022-09-28T12:05:46+00:00\",\"breadcrumb\":{\"@id\":\"https:\/\/instytutpolski.pl\/bratislava\/spoznajte-polsko\/#breadcrumb\"},\"inLanguage\":\"pl-PL\",\"potentialAction\":[{\"@type\":\"ReadAction\",\"target\":[\"https:\/\/instytutpolski.pl\/bratislava\/spoznajte-polsko\/\"]}]},{\"@type\":\"ImageObject\",\"inLanguage\":\"pl-PL\",\"@id\":\"https:\/\/instytutpolski.pl\/bratislava\/spoznajte-polsko\/#primaryimage\",\"url\":\"https:\/\/instytutpolski.pl\/bratislava\/wp-content\/uploads\/sites\/13\/2019\/06\/poznaj-polske.jpg\",\"contentUrl\":\"https:\/\/instytutpolski.pl\/bratislava\/wp-content\/uploads\/sites\/13\/2019\/06\/poznaj-polske.jpg\",\"width\":1920,\"height\":700},{\"@type\":\"BreadcrumbList\",\"@id\":\"https:\/\/instytutpolski.pl\/bratislava\/spoznajte-polsko\/#breadcrumb\",\"itemListElement\":[{\"@type\":\"ListItem\",\"position\":1,\"name\":\"Home\",\"item\":\"https:\/\/instytutpolski.pl\/bratislava\/\"},{\"@type\":\"ListItem\",\"position\":2,\"name\":\"Spoznajte Po\u013esko\"}]},{\"@type\":\"WebSite\",\"@id\":\"https:\/\/instytutpolski.pl\/bratislava\/#website\",\"url\":\"https:\/\/instytutpolski.pl\/bratislava\/\",\"name\":\"Instytut Polski w Bratys\u0142awie\",\"description\":\"Instytuty Polskie\",\"potentialAction\":[{\"@type\":\"SearchAction\",\"target\":{\"@type\":\"EntryPoint\",\"urlTemplate\":\"https:\/\/instytutpolski.pl\/bratislava\/?s={search_term_string}\"},\"query-input\":{\"@type\":\"PropertyValueSpecification\",\"valueRequired\":true,\"valueName\":\"search_term_string\"}}],\"inLanguage\":\"pl-PL\"}]}<\/script>\n<!-- \/ Yoast SEO plugin. -->","yoast_head_json":{"title":"Spoznajte Po\u013esko - Instytut Polski w Bratys\u0142awie","robots":{"index":"index","follow":"follow","max-snippet":"max-snippet:-1","max-image-preview":"max-image-preview:large","max-video-preview":"max-video-preview:-1"},"canonical":"https:\/\/instytutpolski.pl\/bratislava\/spoznajte-polsko\/","og_locale":"pl_PL","og_type":"article","og_title":"Spoznajte Po\u013esko - Instytut Polski w Bratys\u0142awie","og_description":"Po\u013esko sa m\u00f4\u017ee pochv\u00e1li\u0165 jedn\u00fdm z geometrick\u00fdch stredov Eur\u00f3py: nach\u00e1dza sa v bl\u00edzkosti hlavn\u00e9ho mesta Po\u013eska, Var\u0161avy. Po\u010das svojej viac ako tis\u00edcro\u010dnej hist\u00f3rie sa Po\u013esko stalo eur\u00f3pskou ve\u013emocou, ale za\u017eilo aj obdobie straty nez\u00e1vislosti. V s\u00fa\u010dasnosti je jednou zo s\u013eubne sa rozv\u00edjaj\u00facich ekonom\u00edk strednej a v\u00fdchodnej Eur\u00f3py, a Poliaci s\u00fa zn\u00e1mi svoj\u00edm podnikate\u013esk\u00fdm duchom, ktor\u00fd [&hellip;]","og_url":"https:\/\/instytutpolski.pl\/bratislava\/spoznajte-polsko\/","og_site_name":"Instytut Polski w Bratys\u0142awie","article_modified_time":"2022-09-28T12:05:46+00:00","og_image":[{"width":1920,"height":700,"url":"https:\/\/instytutpolski.pl\/bratislava\/wp-content\/uploads\/sites\/13\/2019\/06\/poznaj-polske.jpg","type":"image\/jpeg"}],"twitter_card":"summary_large_image","twitter_misc":{"Szacowany czas czytania":"5 minut"},"schema":{"@context":"https:\/\/schema.org","@graph":[{"@type":"WebPage","@id":"https:\/\/instytutpolski.pl\/bratislava\/spoznajte-polsko\/","url":"https:\/\/instytutpolski.pl\/bratislava\/spoznajte-polsko\/","name":"Spoznajte Po\u013esko - Instytut Polski w Bratys\u0142awie","isPartOf":{"@id":"https:\/\/instytutpolski.pl\/bratislava\/#website"},"primaryImageOfPage":{"@id":"https:\/\/instytutpolski.pl\/bratislava\/spoznajte-polsko\/#primaryimage"},"image":{"@id":"https:\/\/instytutpolski.pl\/bratislava\/spoznajte-polsko\/#primaryimage"},"thumbnailUrl":"https:\/\/instytutpolski.pl\/bratislava\/wp-content\/uploads\/sites\/13\/2019\/06\/poznaj-polske.jpg","datePublished":"2019-06-27T10:09:27+00:00","dateModified":"2022-09-28T12:05:46+00:00","breadcrumb":{"@id":"https:\/\/instytutpolski.pl\/bratislava\/spoznajte-polsko\/#breadcrumb"},"inLanguage":"pl-PL","potentialAction":[{"@type":"ReadAction","target":["https:\/\/instytutpolski.pl\/bratislava\/spoznajte-polsko\/"]}]},{"@type":"ImageObject","inLanguage":"pl-PL","@id":"https:\/\/instytutpolski.pl\/bratislava\/spoznajte-polsko\/#primaryimage","url":"https:\/\/instytutpolski.pl\/bratislava\/wp-content\/uploads\/sites\/13\/2019\/06\/poznaj-polske.jpg","contentUrl":"https:\/\/instytutpolski.pl\/bratislava\/wp-content\/uploads\/sites\/13\/2019\/06\/poznaj-polske.jpg","width":1920,"height":700},{"@type":"BreadcrumbList","@id":"https:\/\/instytutpolski.pl\/bratislava\/spoznajte-polsko\/#breadcrumb","itemListElement":[{"@type":"ListItem","position":1,"name":"Home","item":"https:\/\/instytutpolski.pl\/bratislava\/"},{"@type":"ListItem","position":2,"name":"Spoznajte Po\u013esko"}]},{"@type":"WebSite","@id":"https:\/\/instytutpolski.pl\/bratislava\/#website","url":"https:\/\/instytutpolski.pl\/bratislava\/","name":"Instytut Polski w Bratys\u0142awie","description":"Instytuty Polskie","potentialAction":[{"@type":"SearchAction","target":{"@type":"EntryPoint","urlTemplate":"https:\/\/instytutpolski.pl\/bratislava\/?s={search_term_string}"},"query-input":{"@type":"PropertyValueSpecification","valueRequired":true,"valueName":"search_term_string"}}],"inLanguage":"pl-PL"}]}},"_links":{"self":[{"href":"https:\/\/instytutpolski.pl\/bratislava\/wp-json\/wp\/v2\/pages\/542","targetHints":{"allow":["GET"]}}],"collection":[{"href":"https:\/\/instytutpolski.pl\/bratislava\/wp-json\/wp\/v2\/pages"}],"about":[{"href":"https:\/\/instytutpolski.pl\/bratislava\/wp-json\/wp\/v2\/types\/page"}],"author":[{"embeddable":true,"href":"https:\/\/instytutpolski.pl\/bratislava\/wp-json\/wp\/v2\/users\/1"}],"replies":[{"embeddable":true,"href":"https:\/\/instytutpolski.pl\/bratislava\/wp-json\/wp\/v2\/comments?post=542"}],"version-history":[{"count":8,"href":"https:\/\/instytutpolski.pl\/bratislava\/wp-json\/wp\/v2\/pages\/542\/revisions"}],"predecessor-version":[{"id":5270,"href":"https:\/\/instytutpolski.pl\/bratislava\/wp-json\/wp\/v2\/pages\/542\/revisions\/5270"}],"wp:featuredmedia":[{"embeddable":true,"href":"https:\/\/instytutpolski.pl\/bratislava\/wp-json\/wp\/v2\/media\/543"}],"wp:attachment":[{"href":"https:\/\/instytutpolski.pl\/bratislava\/wp-json\/wp\/v2\/media?parent=542"}],"curies":[{"name":"wp","href":"https:\/\/api.w.org\/{rel}","templated":true}]}}