{"id":548,"date":"2019-06-27T12:10:31","date_gmt":"2019-06-27T10:10:31","guid":{"rendered":"https:\/\/instytutpolski.pl\/bratyslawa\/?page_id=548"},"modified":"2022-09-28T14:07:06","modified_gmt":"2022-09-28T12:07:06","slug":"o-polsku","status":"publish","type":"page","link":"https:\/\/instytutpolski.pl\/bratislava\/spoznajte-polsko\/o-polsku\/","title":{"rendered":"Po\u013esko v \u010d\u00edslach"},"content":{"rendered":"\n<figure class=\"wp-block-table\"><table><tbody><tr><td>Rozloha<\/td><td>312 679 km<sup>2<\/sup><\/td><\/tr><tr><td>Popul\u00e1cia<\/td><td>38.4 mln<\/td><\/tr><tr><td>Za\u013eudnenie\/km2<\/td><td>123 osoby<\/td><\/tr><tr><td>Hlavn\u00e9 mesto<\/td><td>Var\u0161ava (English: Warsaw), 1,78 mil. obyvate\u013eov<\/td><\/tr><tr><td>Administrat\u00edvne \u010dlenenie<\/td><td>16 vojvodstiev<\/td><\/tr><tr><td>Mena<\/td><td>1 Z\u0142oty (PLN) = 100 Gro\u0161ov (1 EUR = cca 4,70 PLN)<\/td><\/tr><tr><td>\u010casov\u00e9 p\u00e1smo<\/td><td>GMT+1h<\/td><\/tr><tr><td>N\u00e1bo\u017eenstvo<\/td><td>Katol\u00edci 92,9%, Ortodox. 0,7%, in\u00e9 6,4%<\/td><\/tr><tr><td>N\u00e1rodnosti<\/td><td>Poliaci 97,09%, Nemci 1,3%, Ukrajinci 0,8%, in\u00e9 0,8%<\/td><\/tr><tr><td>Priemern\u00e1 d\u013a\u017eka \u017eivota<\/td><td>mu\u017ei \u2013 74 rokov, \u017eeny \u2013 82 rokov<\/td><\/tr><tr><td>Vyu\u017eitie \u00fazemia<\/td><td>65%<\/td><\/tr><tr><td>Gramotnos\u0165<\/td><td>99%<\/td><\/tr><tr><td>Cestovn\u00fd ruch<\/td><td>V roku 2019 nav\u0161t\u00edvilo Po\u013esko 19 mil. zahrani\u010dn\u00fdch turistov, v\u010faka \u010domu sa na\u0161a krajina umiestnila na 14. mieste v zozname najnav\u0161tevovanej\u0161\u00edch \u0161t\u00e1tov na svete<\/td><\/tr><tr><td>Susedn\u00e9 krajiny<\/td><td>Nemecko (467 km), \u010cesk\u00e1 republika (790 km), Slovensko (538 km), Ukrajina (529 km), Bielorusko (416 km), Rusko (210 km), Litva (103 km), pobre\u017eie Baltiku (788km)<\/td><\/tr><tr><td>Povrch<\/td><td>najm\u00e4 n\u00ed\u017einy, najni\u017e\u0161\u00ed bod: obec Raczki Elbl\u0105skie (1,8 m pod \u00farov\u0148ou mora)<\/td><\/tr><tr><td>Hory<\/td><td>na juhu \u2013 Vysok\u00e9 Tatry (najvy\u0161\u0161\u00ed vrchol: Rysy 2499 m), Bieszczady, Beskid, Karkonosze, G\u00f3ry Sto\u0142owe<\/td><\/tr><tr><td>Rieky<\/td><td>Wis\u0142a (1047 km), Odra, Bug, Warta<\/td><\/tr><tr><td>Jazer\u00e1<\/td><td>\u015aniardwy (Mazury) 113,8 km<sup>2<\/sup><\/td><\/tr><\/tbody><\/table><\/figure>\n\n\n\n<p>Zdroj:&nbsp;<a href=\"https:\/\/www.staypoland.com\/\">https:\/\/www.staypoland.com\/<\/a><\/p>\n","protected":false},"excerpt":{"rendered":"<p>Rozloha 312 679 km2 Popul\u00e1cia 38.4 mln Za\u013eudnenie\/km2 123 osoby Hlavn\u00e9 mesto Var\u0161ava (English: Warsaw), 1,78 mil. obyvate\u013eov Administrat\u00edvne \u010dlenenie 16 vojvodstiev Mena 1 Z\u0142oty (PLN) = 100 Gro\u0161ov (1 EUR = cca 4,70 PLN) \u010casov\u00e9 p\u00e1smo GMT+1h N\u00e1bo\u017eenstvo Katol\u00edci 92,9%, Ortodox. 0,7%, in\u00e9 6,4% N\u00e1rodnosti Poliaci 97,09%, Nemci 1,3%, Ukrajinci 0,8%, in\u00e9 0,8% Priemern\u00e1 [&hellip;]<\/p>\n","protected":false},"author":1,"featured_media":549,"parent":542,"menu_order":0,"comment_status":"closed","ping_status":"closed","template":"","meta":{"inline_featured_image":false,"_monsterinsights_skip_tracking":false,"_monsterinsights_sitenote_active":false,"_monsterinsights_sitenote_note":"","_monsterinsights_sitenote_category":0,"footnotes":""},"class_list":["post-548","page","type-page","status-publish","has-post-thumbnail","hentry"],"yoast_head":"<!-- This site is optimized with the Yoast SEO plugin v24.6 - https:\/\/yoast.com\/wordpress\/plugins\/seo\/ -->\n<title>Po\u013esko v \u010d\u00edslach - Instytut Polski w Bratys\u0142awie<\/title>\n<meta name=\"robots\" content=\"index, follow, max-snippet:-1, max-image-preview:large, max-video-preview:-1\" \/>\n<link rel=\"canonical\" href=\"https:\/\/instytutpolski.pl\/bratislava\/spoznajte-polsko\/o-polsku\/\" \/>\n<meta property=\"og:locale\" content=\"pl_PL\" \/>\n<meta property=\"og:type\" content=\"article\" \/>\n<meta property=\"og:title\" content=\"Po\u013esko v \u010d\u00edslach - Instytut Polski w Bratys\u0142awie\" \/>\n<meta property=\"og:description\" content=\"Rozloha 312 679 km2 Popul\u00e1cia 38.4 mln Za\u013eudnenie\/km2 123 osoby Hlavn\u00e9 mesto Var\u0161ava (English: Warsaw), 1,78 mil. obyvate\u013eov Administrat\u00edvne \u010dlenenie 16 vojvodstiev Mena 1 Z\u0142oty (PLN) = 100 Gro\u0161ov (1 EUR = cca 4,70 PLN) \u010casov\u00e9 p\u00e1smo GMT+1h N\u00e1bo\u017eenstvo Katol\u00edci 92,9%, Ortodox. 0,7%, in\u00e9 6,4% N\u00e1rodnosti Poliaci 97,09%, Nemci 1,3%, Ukrajinci 0,8%, in\u00e9 0,8% Priemern\u00e1 [&hellip;]\" \/>\n<meta property=\"og:url\" content=\"https:\/\/instytutpolski.pl\/bratislava\/spoznajte-polsko\/o-polsku\/\" \/>\n<meta property=\"og:site_name\" content=\"Instytut Polski w Bratys\u0142awie\" \/>\n<meta property=\"article:modified_time\" content=\"2022-09-28T12:07:06+00:00\" \/>\n<meta property=\"og:image\" content=\"https:\/\/instytutpolski.pl\/bratislava\/wp-content\/uploads\/sites\/13\/2019\/06\/o-polsce.jpg\" \/>\n\t<meta property=\"og:image:width\" content=\"1920\" \/>\n\t<meta property=\"og:image:height\" content=\"700\" \/>\n\t<meta property=\"og:image:type\" content=\"image\/jpeg\" \/>\n<meta name=\"twitter:card\" content=\"summary_large_image\" \/>\n<meta name=\"twitter:label1\" content=\"Szacowany czas czytania\" \/>\n\t<meta name=\"twitter:data1\" content=\"1 minuta\" \/>\n<script type=\"application\/ld+json\" class=\"yoast-schema-graph\">{\"@context\":\"https:\/\/schema.org\",\"@graph\":[{\"@type\":\"WebPage\",\"@id\":\"https:\/\/instytutpolski.pl\/bratislava\/spoznajte-polsko\/o-polsku\/\",\"url\":\"https:\/\/instytutpolski.pl\/bratislava\/spoznajte-polsko\/o-polsku\/\",\"name\":\"Po\u013esko v \u010d\u00edslach - Instytut Polski w Bratys\u0142awie\",\"isPartOf\":{\"@id\":\"https:\/\/instytutpolski.pl\/bratislava\/#website\"},\"primaryImageOfPage\":{\"@id\":\"https:\/\/instytutpolski.pl\/bratislava\/spoznajte-polsko\/o-polsku\/#primaryimage\"},\"image\":{\"@id\":\"https:\/\/instytutpolski.pl\/bratislava\/spoznajte-polsko\/o-polsku\/#primaryimage\"},\"thumbnailUrl\":\"https:\/\/instytutpolski.pl\/bratislava\/wp-content\/uploads\/sites\/13\/2019\/06\/o-polsce.jpg\",\"datePublished\":\"2019-06-27T10:10:31+00:00\",\"dateModified\":\"2022-09-28T12:07:06+00:00\",\"breadcrumb\":{\"@id\":\"https:\/\/instytutpolski.pl\/bratislava\/spoznajte-polsko\/o-polsku\/#breadcrumb\"},\"inLanguage\":\"pl-PL\",\"potentialAction\":[{\"@type\":\"ReadAction\",\"target\":[\"https:\/\/instytutpolski.pl\/bratislava\/spoznajte-polsko\/o-polsku\/\"]}]},{\"@type\":\"ImageObject\",\"inLanguage\":\"pl-PL\",\"@id\":\"https:\/\/instytutpolski.pl\/bratislava\/spoznajte-polsko\/o-polsku\/#primaryimage\",\"url\":\"https:\/\/instytutpolski.pl\/bratislava\/wp-content\/uploads\/sites\/13\/2019\/06\/o-polsce.jpg\",\"contentUrl\":\"https:\/\/instytutpolski.pl\/bratislava\/wp-content\/uploads\/sites\/13\/2019\/06\/o-polsce.jpg\",\"width\":1920,\"height\":700},{\"@type\":\"BreadcrumbList\",\"@id\":\"https:\/\/instytutpolski.pl\/bratislava\/spoznajte-polsko\/o-polsku\/#breadcrumb\",\"itemListElement\":[{\"@type\":\"ListItem\",\"position\":1,\"name\":\"Home\",\"item\":\"https:\/\/instytutpolski.pl\/bratislava\/\"},{\"@type\":\"ListItem\",\"position\":2,\"name\":\"Spoznajte Po\u013esko\",\"item\":\"https:\/\/instytutpolski.pl\/bratislava\/spoznajte-polsko\/\"},{\"@type\":\"ListItem\",\"position\":3,\"name\":\"Po\u013esko v \u010d\u00edslach\"}]},{\"@type\":\"WebSite\",\"@id\":\"https:\/\/instytutpolski.pl\/bratislava\/#website\",\"url\":\"https:\/\/instytutpolski.pl\/bratislava\/\",\"name\":\"Instytut Polski w Bratys\u0142awie\",\"description\":\"Instytuty Polskie\",\"potentialAction\":[{\"@type\":\"SearchAction\",\"target\":{\"@type\":\"EntryPoint\",\"urlTemplate\":\"https:\/\/instytutpolski.pl\/bratislava\/?s={search_term_string}\"},\"query-input\":{\"@type\":\"PropertyValueSpecification\",\"valueRequired\":true,\"valueName\":\"search_term_string\"}}],\"inLanguage\":\"pl-PL\"}]}<\/script>\n<!-- \/ Yoast SEO plugin. -->","yoast_head_json":{"title":"Po\u013esko v \u010d\u00edslach - Instytut Polski w Bratys\u0142awie","robots":{"index":"index","follow":"follow","max-snippet":"max-snippet:-1","max-image-preview":"max-image-preview:large","max-video-preview":"max-video-preview:-1"},"canonical":"https:\/\/instytutpolski.pl\/bratislava\/spoznajte-polsko\/o-polsku\/","og_locale":"pl_PL","og_type":"article","og_title":"Po\u013esko v \u010d\u00edslach - Instytut Polski w Bratys\u0142awie","og_description":"Rozloha 312 679 km2 Popul\u00e1cia 38.4 mln Za\u013eudnenie\/km2 123 osoby Hlavn\u00e9 mesto Var\u0161ava (English: Warsaw), 1,78 mil. obyvate\u013eov Administrat\u00edvne \u010dlenenie 16 vojvodstiev Mena 1 Z\u0142oty (PLN) = 100 Gro\u0161ov (1 EUR = cca 4,70 PLN) \u010casov\u00e9 p\u00e1smo GMT+1h N\u00e1bo\u017eenstvo Katol\u00edci 92,9%, Ortodox. 0,7%, in\u00e9 6,4% N\u00e1rodnosti Poliaci 97,09%, Nemci 1,3%, Ukrajinci 0,8%, in\u00e9 0,8% Priemern\u00e1 [&hellip;]","og_url":"https:\/\/instytutpolski.pl\/bratislava\/spoznajte-polsko\/o-polsku\/","og_site_name":"Instytut Polski w Bratys\u0142awie","article_modified_time":"2022-09-28T12:07:06+00:00","og_image":[{"width":1920,"height":700,"url":"https:\/\/instytutpolski.pl\/bratislava\/wp-content\/uploads\/sites\/13\/2019\/06\/o-polsce.jpg","type":"image\/jpeg"}],"twitter_card":"summary_large_image","twitter_misc":{"Szacowany czas czytania":"1 minuta"},"schema":{"@context":"https:\/\/schema.org","@graph":[{"@type":"WebPage","@id":"https:\/\/instytutpolski.pl\/bratislava\/spoznajte-polsko\/o-polsku\/","url":"https:\/\/instytutpolski.pl\/bratislava\/spoznajte-polsko\/o-polsku\/","name":"Po\u013esko v \u010d\u00edslach - Instytut Polski w Bratys\u0142awie","isPartOf":{"@id":"https:\/\/instytutpolski.pl\/bratislava\/#website"},"primaryImageOfPage":{"@id":"https:\/\/instytutpolski.pl\/bratislava\/spoznajte-polsko\/o-polsku\/#primaryimage"},"image":{"@id":"https:\/\/instytutpolski.pl\/bratislava\/spoznajte-polsko\/o-polsku\/#primaryimage"},"thumbnailUrl":"https:\/\/instytutpolski.pl\/bratislava\/wp-content\/uploads\/sites\/13\/2019\/06\/o-polsce.jpg","datePublished":"2019-06-27T10:10:31+00:00","dateModified":"2022-09-28T12:07:06+00:00","breadcrumb":{"@id":"https:\/\/instytutpolski.pl\/bratislava\/spoznajte-polsko\/o-polsku\/#breadcrumb"},"inLanguage":"pl-PL","potentialAction":[{"@type":"ReadAction","target":["https:\/\/instytutpolski.pl\/bratislava\/spoznajte-polsko\/o-polsku\/"]}]},{"@type":"ImageObject","inLanguage":"pl-PL","@id":"https:\/\/instytutpolski.pl\/bratislava\/spoznajte-polsko\/o-polsku\/#primaryimage","url":"https:\/\/instytutpolski.pl\/bratislava\/wp-content\/uploads\/sites\/13\/2019\/06\/o-polsce.jpg","contentUrl":"https:\/\/instytutpolski.pl\/bratislava\/wp-content\/uploads\/sites\/13\/2019\/06\/o-polsce.jpg","width":1920,"height":700},{"@type":"BreadcrumbList","@id":"https:\/\/instytutpolski.pl\/bratislava\/spoznajte-polsko\/o-polsku\/#breadcrumb","itemListElement":[{"@type":"ListItem","position":1,"name":"Home","item":"https:\/\/instytutpolski.pl\/bratislava\/"},{"@type":"ListItem","position":2,"name":"Spoznajte Po\u013esko","item":"https:\/\/instytutpolski.pl\/bratislava\/spoznajte-polsko\/"},{"@type":"ListItem","position":3,"name":"Po\u013esko v \u010d\u00edslach"}]},{"@type":"WebSite","@id":"https:\/\/instytutpolski.pl\/bratislava\/#website","url":"https:\/\/instytutpolski.pl\/bratislava\/","name":"Instytut Polski w Bratys\u0142awie","description":"Instytuty Polskie","potentialAction":[{"@type":"SearchAction","target":{"@type":"EntryPoint","urlTemplate":"https:\/\/instytutpolski.pl\/bratislava\/?s={search_term_string}"},"query-input":{"@type":"PropertyValueSpecification","valueRequired":true,"valueName":"search_term_string"}}],"inLanguage":"pl-PL"}]}},"_links":{"self":[{"href":"https:\/\/instytutpolski.pl\/bratislava\/wp-json\/wp\/v2\/pages\/548","targetHints":{"allow":["GET"]}}],"collection":[{"href":"https:\/\/instytutpolski.pl\/bratislava\/wp-json\/wp\/v2\/pages"}],"about":[{"href":"https:\/\/instytutpolski.pl\/bratislava\/wp-json\/wp\/v2\/types\/page"}],"author":[{"embeddable":true,"href":"https:\/\/instytutpolski.pl\/bratislava\/wp-json\/wp\/v2\/users\/1"}],"replies":[{"embeddable":true,"href":"https:\/\/instytutpolski.pl\/bratislava\/wp-json\/wp\/v2\/comments?post=548"}],"version-history":[{"count":6,"href":"https:\/\/instytutpolski.pl\/bratislava\/wp-json\/wp\/v2\/pages\/548\/revisions"}],"predecessor-version":[{"id":5272,"href":"https:\/\/instytutpolski.pl\/bratislava\/wp-json\/wp\/v2\/pages\/548\/revisions\/5272"}],"up":[{"embeddable":true,"href":"https:\/\/instytutpolski.pl\/bratislava\/wp-json\/wp\/v2\/pages\/542"}],"wp:featuredmedia":[{"embeddable":true,"href":"https:\/\/instytutpolski.pl\/bratislava\/wp-json\/wp\/v2\/media\/549"}],"wp:attachment":[{"href":"https:\/\/instytutpolski.pl\/bratislava\/wp-json\/wp\/v2\/media?parent=548"}],"curies":[{"name":"wp","href":"https:\/\/api.w.org\/{rel}","templated":true}]}}