{"id":552,"date":"2019-06-27T12:10:31","date_gmt":"2019-06-27T10:10:31","guid":{"rendered":"https:\/\/instytutpolski.pl\/bratyslawa\/?page_id=552"},"modified":"2020-02-07T13:09:05","modified_gmt":"2020-02-07T12:09:05","slug":"o-polsce","status":"publish","type":"page","link":"https:\/\/instytutpolski.pl\/bratislava\/pl\/poznaj-polske\/o-polsce\/","title":{"rendered":"O Polsce"},"content":{"rendered":"\n<p>Polska w liczbach<\/p>\n\n\n\n<figure class=\"wp-block-table\"><table class=\"\"><tbody><tr><td>Powierzchnia<\/td><td>312 679 km<sup>2<\/sup><\/td><\/tr><tr><td>Populacja<\/td><td>38.4 mln<\/td><\/tr><tr><td>Zaludnienie\/km2<\/td><td>123 osoby<\/td><\/tr><tr><td>Stolica<\/td><td>Warszawa (English: Warsaw), 1.78 mln mieszka\u0144c\u00f3w<\/td><\/tr><tr><td>Podzia\u0142 Administracyjny<\/td><td>16 wojew\u00f3dztw<\/td><\/tr><tr><td>Waluta<\/td><td>1 Zloty (PLN) = 100 Groszy (1 EUR = approx. 4,20 PLN)<\/td><\/tr><tr><td>Strefa Czasowa<\/td><td>GMT+1h<\/td><\/tr><tr><td>Religie<\/td><td>Katolicy 92.9%, Ortodoks 0.7%, inne 6.4%<\/td><\/tr><tr><td>Narodowo\u015bci<\/td><td>Polacy 97.09%, Niemcy 1,3%, Ukrai\u0144cy 0.8%, inne 0.8%<\/td><\/tr><tr><td>Przeci\u0119tna d\u0142ugo\u015b\u0107 \u017cycia<\/td><td>m\u0119\u017cczy\u017ani \u2013 74 lat, kobiety \u2013 82 lata<\/td><\/tr><tr><td>Zagospodarowanie przestrzenne<\/td><td>65%<\/td><\/tr><tr><td>Czytanie<\/td><td>99%<\/td><\/tr><tr><td>Turystyka<\/td><td>W 2019 roku Polsk\u0119 odwiedzi\u0142o 19 mln turyst\u00f3w zagranicznych, co sytuuje nasz kraj na 14. miejscu na li\u015bcie najch\u0119tniej odwiedzanych pa\u0144stw na \u015bwiecie<\/td><\/tr><tr><td>Kraje s\u0105siaduj\u0105ce<\/td><td>Niemcy (467km), Republika Czeska (790km), S\u0142owacja (538km), Ukraina (529km), Bia\u0142oru\u015b (416km), Rosja (210km), Litwa (103km), wybrze\u017ce Ba\u0142tyku (788km)<\/td><\/tr><tr><td>Powierzchnia<\/td><td>g\u0142\u00f3wnie niziny, najni\u017cszy punkt \u2013 wie\u015b Raczki Elbl\u0105skie (1.8m poni\u017cej poziomu morza)<\/td><\/tr><tr><td>G\u00f3ry<\/td><td>na po\u0142udniu \u2013 Tatry Wysokie (najwy\u017cszy szczyt Rysy 2499m), Bieszczady, Beskid, Karkonosze, G\u00f3ry Sto\u0142owe<\/td><\/tr><tr><td>Rzeki<\/td><td>Wis\u0142a (1047km), Odra, Bug, Warta<\/td><\/tr><tr><td>Jeziora<\/td><td>\u015aniardwy (Mazury) 113.8 km<sup>2<\/sup><\/td><\/tr><\/tbody><\/table><\/figure>\n\n\n\n<p>\u0179r\u00f3d\u0142o:&nbsp;<a href=\"https:\/\/www.staypoland.com\/\">https:\/\/www.staypoland.com\/<\/a><\/p>\n","protected":false},"excerpt":{"rendered":"<p>Polska w liczbach Powierzchnia 312 679 km2 Populacja 38.4 mln Zaludnienie\/km2 123 osoby Stolica Warszawa (English: Warsaw), 1.78 mln mieszka\u0144c\u00f3w Podzia\u0142 Administracyjny 16 wojew\u00f3dztw Waluta 1 Zloty (PLN) = 100 Groszy (1 EUR = approx. 4,20 PLN) Strefa Czasowa GMT+1h Religie Katolicy 92.9%, Ortodoks 0.7%, inne 6.4% Narodowo\u015bci Polacy 97.09%, Niemcy 1,3%, Ukrai\u0144cy 0.8%, inne [&hellip;]<\/p>\n","protected":false},"author":1,"featured_media":549,"parent":546,"menu_order":0,"comment_status":"closed","ping_status":"closed","template":"","meta":{"inline_featured_image":false,"_monsterinsights_skip_tracking":false,"_monsterinsights_sitenote_active":false,"_monsterinsights_sitenote_note":"","_monsterinsights_sitenote_category":0,"footnotes":""},"class_list":["post-552","page","type-page","status-publish","has-post-thumbnail","hentry"],"yoast_head":"<!-- This site is optimized with the Yoast SEO plugin v24.6 - https:\/\/yoast.com\/wordpress\/plugins\/seo\/ -->\n<title>O Polsce - Instytut Polski w Bratys\u0142awie<\/title>\n<meta name=\"robots\" content=\"index, follow, max-snippet:-1, max-image-preview:large, max-video-preview:-1\" \/>\n<link rel=\"canonical\" href=\"https:\/\/instytutpolski.pl\/bratislava\/pl\/poznaj-polske\/o-polsce\/\" \/>\n<meta property=\"og:locale\" content=\"pl_PL\" \/>\n<meta property=\"og:type\" content=\"article\" \/>\n<meta property=\"og:title\" content=\"O Polsce - Instytut Polski w Bratys\u0142awie\" \/>\n<meta property=\"og:description\" content=\"Polska w liczbach Powierzchnia 312 679 km2 Populacja 38.4 mln Zaludnienie\/km2 123 osoby Stolica Warszawa (English: Warsaw), 1.78 mln mieszka\u0144c\u00f3w Podzia\u0142 Administracyjny 16 wojew\u00f3dztw Waluta 1 Zloty (PLN) = 100 Groszy (1 EUR = approx. 4,20 PLN) Strefa Czasowa GMT+1h Religie Katolicy 92.9%, Ortodoks 0.7%, inne 6.4% Narodowo\u015bci Polacy 97.09%, Niemcy 1,3%, Ukrai\u0144cy 0.8%, inne [&hellip;]\" \/>\n<meta property=\"og:url\" content=\"https:\/\/instytutpolski.pl\/bratislava\/pl\/poznaj-polske\/o-polsce\/\" \/>\n<meta property=\"og:site_name\" content=\"Instytut Polski w Bratys\u0142awie\" \/>\n<meta property=\"article:modified_time\" content=\"2020-02-07T12:09:05+00:00\" \/>\n<meta property=\"og:image\" content=\"https:\/\/instytutpolski.pl\/bratislava\/wp-content\/uploads\/sites\/13\/2019\/06\/o-polsce.jpg\" \/>\n\t<meta property=\"og:image:width\" content=\"1920\" \/>\n\t<meta property=\"og:image:height\" content=\"700\" \/>\n\t<meta property=\"og:image:type\" content=\"image\/jpeg\" \/>\n<meta name=\"twitter:card\" content=\"summary_large_image\" \/>\n<meta name=\"twitter:label1\" content=\"Szacowany czas czytania\" \/>\n\t<meta name=\"twitter:data1\" content=\"1 minuta\" \/>\n<script type=\"application\/ld+json\" class=\"yoast-schema-graph\">{\"@context\":\"https:\/\/schema.org\",\"@graph\":[{\"@type\":\"WebPage\",\"@id\":\"https:\/\/instytutpolski.pl\/bratislava\/pl\/poznaj-polske\/o-polsce\/\",\"url\":\"https:\/\/instytutpolski.pl\/bratislava\/pl\/poznaj-polske\/o-polsce\/\",\"name\":\"O Polsce - Instytut Polski w Bratys\u0142awie\",\"isPartOf\":{\"@id\":\"https:\/\/instytutpolski.pl\/bratislava\/#website\"},\"primaryImageOfPage\":{\"@id\":\"https:\/\/instytutpolski.pl\/bratislava\/pl\/poznaj-polske\/o-polsce\/#primaryimage\"},\"image\":{\"@id\":\"https:\/\/instytutpolski.pl\/bratislava\/pl\/poznaj-polske\/o-polsce\/#primaryimage\"},\"thumbnailUrl\":\"https:\/\/instytutpolski.pl\/bratislava\/wp-content\/uploads\/sites\/13\/2019\/06\/o-polsce.jpg\",\"datePublished\":\"2019-06-27T10:10:31+00:00\",\"dateModified\":\"2020-02-07T12:09:05+00:00\",\"breadcrumb\":{\"@id\":\"https:\/\/instytutpolski.pl\/bratislava\/pl\/poznaj-polske\/o-polsce\/#breadcrumb\"},\"inLanguage\":\"pl-PL\",\"potentialAction\":[{\"@type\":\"ReadAction\",\"target\":[\"https:\/\/instytutpolski.pl\/bratislava\/pl\/poznaj-polske\/o-polsce\/\"]}]},{\"@type\":\"ImageObject\",\"inLanguage\":\"pl-PL\",\"@id\":\"https:\/\/instytutpolski.pl\/bratislava\/pl\/poznaj-polske\/o-polsce\/#primaryimage\",\"url\":\"https:\/\/instytutpolski.pl\/bratislava\/wp-content\/uploads\/sites\/13\/2019\/06\/o-polsce.jpg\",\"contentUrl\":\"https:\/\/instytutpolski.pl\/bratislava\/wp-content\/uploads\/sites\/13\/2019\/06\/o-polsce.jpg\",\"width\":1920,\"height\":700},{\"@type\":\"BreadcrumbList\",\"@id\":\"https:\/\/instytutpolski.pl\/bratislava\/pl\/poznaj-polske\/o-polsce\/#breadcrumb\",\"itemListElement\":[{\"@type\":\"ListItem\",\"position\":1,\"name\":\"Home\",\"item\":\"https:\/\/instytutpolski.pl\/bratislava\/\"},{\"@type\":\"ListItem\",\"position\":2,\"name\":\"Poznaj Polsk\u0119\",\"item\":\"https:\/\/instytutpolski.pl\/bratislava\/pl\/poznaj-polske\/\"},{\"@type\":\"ListItem\",\"position\":3,\"name\":\"O Polsce\"}]},{\"@type\":\"WebSite\",\"@id\":\"https:\/\/instytutpolski.pl\/bratislava\/#website\",\"url\":\"https:\/\/instytutpolski.pl\/bratislava\/\",\"name\":\"Instytut Polski w Bratys\u0142awie\",\"description\":\"Instytuty Polskie\",\"potentialAction\":[{\"@type\":\"SearchAction\",\"target\":{\"@type\":\"EntryPoint\",\"urlTemplate\":\"https:\/\/instytutpolski.pl\/bratislava\/?s={search_term_string}\"},\"query-input\":{\"@type\":\"PropertyValueSpecification\",\"valueRequired\":true,\"valueName\":\"search_term_string\"}}],\"inLanguage\":\"pl-PL\"}]}<\/script>\n<!-- \/ Yoast SEO plugin. -->","yoast_head_json":{"title":"O Polsce - Instytut Polski w Bratys\u0142awie","robots":{"index":"index","follow":"follow","max-snippet":"max-snippet:-1","max-image-preview":"max-image-preview:large","max-video-preview":"max-video-preview:-1"},"canonical":"https:\/\/instytutpolski.pl\/bratislava\/pl\/poznaj-polske\/o-polsce\/","og_locale":"pl_PL","og_type":"article","og_title":"O Polsce - Instytut Polski w Bratys\u0142awie","og_description":"Polska w liczbach Powierzchnia 312 679 km2 Populacja 38.4 mln Zaludnienie\/km2 123 osoby Stolica Warszawa (English: Warsaw), 1.78 mln mieszka\u0144c\u00f3w Podzia\u0142 Administracyjny 16 wojew\u00f3dztw Waluta 1 Zloty (PLN) = 100 Groszy (1 EUR = approx. 4,20 PLN) Strefa Czasowa GMT+1h Religie Katolicy 92.9%, Ortodoks 0.7%, inne 6.4% Narodowo\u015bci Polacy 97.09%, Niemcy 1,3%, Ukrai\u0144cy 0.8%, inne [&hellip;]","og_url":"https:\/\/instytutpolski.pl\/bratislava\/pl\/poznaj-polske\/o-polsce\/","og_site_name":"Instytut Polski w Bratys\u0142awie","article_modified_time":"2020-02-07T12:09:05+00:00","og_image":[{"width":1920,"height":700,"url":"https:\/\/instytutpolski.pl\/bratislava\/wp-content\/uploads\/sites\/13\/2019\/06\/o-polsce.jpg","type":"image\/jpeg"}],"twitter_card":"summary_large_image","twitter_misc":{"Szacowany czas czytania":"1 minuta"},"schema":{"@context":"https:\/\/schema.org","@graph":[{"@type":"WebPage","@id":"https:\/\/instytutpolski.pl\/bratislava\/pl\/poznaj-polske\/o-polsce\/","url":"https:\/\/instytutpolski.pl\/bratislava\/pl\/poznaj-polske\/o-polsce\/","name":"O Polsce - Instytut Polski w Bratys\u0142awie","isPartOf":{"@id":"https:\/\/instytutpolski.pl\/bratislava\/#website"},"primaryImageOfPage":{"@id":"https:\/\/instytutpolski.pl\/bratislava\/pl\/poznaj-polske\/o-polsce\/#primaryimage"},"image":{"@id":"https:\/\/instytutpolski.pl\/bratislava\/pl\/poznaj-polske\/o-polsce\/#primaryimage"},"thumbnailUrl":"https:\/\/instytutpolski.pl\/bratislava\/wp-content\/uploads\/sites\/13\/2019\/06\/o-polsce.jpg","datePublished":"2019-06-27T10:10:31+00:00","dateModified":"2020-02-07T12:09:05+00:00","breadcrumb":{"@id":"https:\/\/instytutpolski.pl\/bratislava\/pl\/poznaj-polske\/o-polsce\/#breadcrumb"},"inLanguage":"pl-PL","potentialAction":[{"@type":"ReadAction","target":["https:\/\/instytutpolski.pl\/bratislava\/pl\/poznaj-polske\/o-polsce\/"]}]},{"@type":"ImageObject","inLanguage":"pl-PL","@id":"https:\/\/instytutpolski.pl\/bratislava\/pl\/poznaj-polske\/o-polsce\/#primaryimage","url":"https:\/\/instytutpolski.pl\/bratislava\/wp-content\/uploads\/sites\/13\/2019\/06\/o-polsce.jpg","contentUrl":"https:\/\/instytutpolski.pl\/bratislava\/wp-content\/uploads\/sites\/13\/2019\/06\/o-polsce.jpg","width":1920,"height":700},{"@type":"BreadcrumbList","@id":"https:\/\/instytutpolski.pl\/bratislava\/pl\/poznaj-polske\/o-polsce\/#breadcrumb","itemListElement":[{"@type":"ListItem","position":1,"name":"Home","item":"https:\/\/instytutpolski.pl\/bratislava\/"},{"@type":"ListItem","position":2,"name":"Poznaj Polsk\u0119","item":"https:\/\/instytutpolski.pl\/bratislava\/pl\/poznaj-polske\/"},{"@type":"ListItem","position":3,"name":"O Polsce"}]},{"@type":"WebSite","@id":"https:\/\/instytutpolski.pl\/bratislava\/#website","url":"https:\/\/instytutpolski.pl\/bratislava\/","name":"Instytut Polski w Bratys\u0142awie","description":"Instytuty Polskie","potentialAction":[{"@type":"SearchAction","target":{"@type":"EntryPoint","urlTemplate":"https:\/\/instytutpolski.pl\/bratislava\/?s={search_term_string}"},"query-input":{"@type":"PropertyValueSpecification","valueRequired":true,"valueName":"search_term_string"}}],"inLanguage":"pl-PL"}]}},"_links":{"self":[{"href":"https:\/\/instytutpolski.pl\/bratislava\/wp-json\/wp\/v2\/pages\/552","targetHints":{"allow":["GET"]}}],"collection":[{"href":"https:\/\/instytutpolski.pl\/bratislava\/wp-json\/wp\/v2\/pages"}],"about":[{"href":"https:\/\/instytutpolski.pl\/bratislava\/wp-json\/wp\/v2\/types\/page"}],"author":[{"embeddable":true,"href":"https:\/\/instytutpolski.pl\/bratislava\/wp-json\/wp\/v2\/users\/1"}],"replies":[{"embeddable":true,"href":"https:\/\/instytutpolski.pl\/bratislava\/wp-json\/wp\/v2\/comments?post=552"}],"version-history":[{"count":2,"href":"https:\/\/instytutpolski.pl\/bratislava\/wp-json\/wp\/v2\/pages\/552\/revisions"}],"predecessor-version":[{"id":980,"href":"https:\/\/instytutpolski.pl\/bratislava\/wp-json\/wp\/v2\/pages\/552\/revisions\/980"}],"up":[{"embeddable":true,"href":"https:\/\/instytutpolski.pl\/bratislava\/wp-json\/wp\/v2\/pages\/546"}],"wp:featuredmedia":[{"embeddable":true,"href":"https:\/\/instytutpolski.pl\/bratislava\/wp-json\/wp\/v2\/media\/549"}],"wp:attachment":[{"href":"https:\/\/instytutpolski.pl\/bratislava\/wp-json\/wp\/v2\/media?parent=552"}],"curies":[{"name":"wp","href":"https:\/\/api.w.org\/{rel}","templated":true}]}}