{"id":554,"date":"2019-06-27T12:10:58","date_gmt":"2019-06-27T10:10:58","guid":{"rendered":"https:\/\/instytutpolski.pl\/bratyslawa\/?page_id=554"},"modified":"2022-10-01T12:10:10","modified_gmt":"2022-10-01T10:10:10","slug":"stipendia-v-polsku","status":"publish","type":"page","link":"https:\/\/instytutpolski.pl\/bratislava\/spoznajte-polsko\/stipendia-v-polsku\/","title":{"rendered":"\u0160tipendi\u00e1 v Po\u013esku"},"content":{"rendered":"\n<p>Po\u013esko pon\u00faka nieko\u013eko druhov \u0161tipendi\u00ed pre cudzincov, ktor\u00ed chc\u00fa v Po\u013esku \u0161tudova\u0165 a realizova\u0165 tu v\u00fdskum.<\/p>\n\n\n\n<p>Z\u00e1ujemcovia maj\u00fa dispoz\u00edcii napr.: Erasmus+, \u0161tipendi\u00e1 v r\u00e1mci bilater\u00e1lnych doh\u00f4d, stredoeur\u00f3psky program v\u00fdmenn\u00fdch pobytov CEEPUS, vy\u0161ehradsk\u00fd \u0161tipendijn\u00fd program, \u0161tipendi\u00e1 pre \u0161tudentov z kraj\u00edn V\u00fdchodn\u00e9ho partnerstva a postsovietskych kraj\u00edn, \u0161tipendi\u00e1 pre ob\u010danov rozvojov\u00fdch kraj\u00edn, Fulbrightov program, \u0161tipendijn\u00fd program Lanea Kirklanda, program \u0161tipendi\u00ed UNESCO\/Poland Co-Sponsored Fellowships Programme in Engineering, Programme of Fellowships under the Polish National Commission for UNESCO.<\/p>\n\n\n\n<p><strong><a href=\"https:\/\/instytutpolski.pl\/bratislava\/spoznajte-polsko\/stipendia-v-polsku\/vedecke-stipendia\/\">VEDECK\u00c9 \u0160TIPENDI\u00c1<\/a><\/strong> (rozklikn\u00fa\u0165)<\/p>\n\n\n\n<p><strong><a href=\"https:\/\/instytutpolski.pl\/bratislava\/spoznajte-polsko\/stipendia-v-polsku\/stipendia-v-ramci-bilateralnych-zmluv\/\">\u0160TIPENDI\u00c1 V R\u00c1MCI BILATER\u00c1LNYCH ZML\u00daV<\/a><\/strong> (rozklikn\u00fa\u0165)<\/p>\n","protected":false},"excerpt":{"rendered":"<p>Po\u013esko pon\u00faka nieko\u013eko druhov \u0161tipendi\u00ed pre cudzincov, ktor\u00ed chc\u00fa v Po\u013esku \u0161tudova\u0165 a realizova\u0165 tu v\u00fdskum. Z\u00e1ujemcovia maj\u00fa dispoz\u00edcii napr.: Erasmus+, \u0161tipendi\u00e1 v r\u00e1mci bilater\u00e1lnych doh\u00f4d, stredoeur\u00f3psky program v\u00fdmenn\u00fdch pobytov CEEPUS, vy\u0161ehradsk\u00fd \u0161tipendijn\u00fd program, \u0161tipendi\u00e1 pre \u0161tudentov z kraj\u00edn V\u00fdchodn\u00e9ho partnerstva a postsovietskych kraj\u00edn, \u0161tipendi\u00e1 pre ob\u010danov rozvojov\u00fdch kraj\u00edn, Fulbrightov program, \u0161tipendijn\u00fd program Lanea Kirklanda, [&hellip;]<\/p>\n","protected":false},"author":1,"featured_media":555,"parent":542,"menu_order":0,"comment_status":"closed","ping_status":"closed","template":"","meta":{"inline_featured_image":false,"_monsterinsights_skip_tracking":false,"_monsterinsights_sitenote_active":false,"_monsterinsights_sitenote_note":"","_monsterinsights_sitenote_category":0,"footnotes":""},"class_list":["post-554","page","type-page","status-publish","has-post-thumbnail","hentry"],"yoast_head":"<!-- This site is optimized with the Yoast SEO plugin v24.6 - https:\/\/yoast.com\/wordpress\/plugins\/seo\/ -->\n<title>\u0160tipendi\u00e1 v Po\u013esku - Instytut Polski w Bratys\u0142awie<\/title>\n<meta name=\"robots\" content=\"index, follow, max-snippet:-1, max-image-preview:large, max-video-preview:-1\" \/>\n<link rel=\"canonical\" href=\"https:\/\/instytutpolski.pl\/bratislava\/spoznajte-polsko\/stipendia-v-polsku\/\" \/>\n<meta property=\"og:locale\" content=\"pl_PL\" \/>\n<meta property=\"og:type\" content=\"article\" \/>\n<meta property=\"og:title\" content=\"\u0160tipendi\u00e1 v Po\u013esku - Instytut Polski w Bratys\u0142awie\" \/>\n<meta property=\"og:description\" content=\"Po\u013esko pon\u00faka nieko\u013eko druhov \u0161tipendi\u00ed pre cudzincov, ktor\u00ed chc\u00fa v Po\u013esku \u0161tudova\u0165 a realizova\u0165 tu v\u00fdskum. Z\u00e1ujemcovia maj\u00fa dispoz\u00edcii napr.: Erasmus+, \u0161tipendi\u00e1 v r\u00e1mci bilater\u00e1lnych doh\u00f4d, stredoeur\u00f3psky program v\u00fdmenn\u00fdch pobytov CEEPUS, vy\u0161ehradsk\u00fd \u0161tipendijn\u00fd program, \u0161tipendi\u00e1 pre \u0161tudentov z kraj\u00edn V\u00fdchodn\u00e9ho partnerstva a postsovietskych kraj\u00edn, \u0161tipendi\u00e1 pre ob\u010danov rozvojov\u00fdch kraj\u00edn, Fulbrightov program, \u0161tipendijn\u00fd program Lanea Kirklanda, [&hellip;]\" \/>\n<meta property=\"og:url\" content=\"https:\/\/instytutpolski.pl\/bratislava\/spoznajte-polsko\/stipendia-v-polsku\/\" \/>\n<meta property=\"og:site_name\" content=\"Instytut Polski w Bratys\u0142awie\" \/>\n<meta property=\"article:modified_time\" content=\"2022-10-01T10:10:10+00:00\" \/>\n<meta property=\"og:image\" content=\"https:\/\/instytutpolski.pl\/bratislava\/wp-content\/uploads\/sites\/13\/2019\/06\/stypendia-w-polsce.jpg\" \/>\n\t<meta property=\"og:image:width\" content=\"1920\" \/>\n\t<meta property=\"og:image:height\" content=\"700\" \/>\n\t<meta property=\"og:image:type\" content=\"image\/jpeg\" \/>\n<meta name=\"twitter:card\" content=\"summary_large_image\" \/>\n<meta name=\"twitter:label1\" content=\"Szacowany czas czytania\" \/>\n\t<meta name=\"twitter:data1\" content=\"1 minuta\" \/>\n<script type=\"application\/ld+json\" class=\"yoast-schema-graph\">{\"@context\":\"https:\/\/schema.org\",\"@graph\":[{\"@type\":\"WebPage\",\"@id\":\"https:\/\/instytutpolski.pl\/bratislava\/spoznajte-polsko\/stipendia-v-polsku\/\",\"url\":\"https:\/\/instytutpolski.pl\/bratislava\/spoznajte-polsko\/stipendia-v-polsku\/\",\"name\":\"\u0160tipendi\u00e1 v Po\u013esku - Instytut Polski w Bratys\u0142awie\",\"isPartOf\":{\"@id\":\"https:\/\/instytutpolski.pl\/bratislava\/#website\"},\"primaryImageOfPage\":{\"@id\":\"https:\/\/instytutpolski.pl\/bratislava\/spoznajte-polsko\/stipendia-v-polsku\/#primaryimage\"},\"image\":{\"@id\":\"https:\/\/instytutpolski.pl\/bratislava\/spoznajte-polsko\/stipendia-v-polsku\/#primaryimage\"},\"thumbnailUrl\":\"https:\/\/instytutpolski.pl\/bratislava\/wp-content\/uploads\/sites\/13\/2019\/06\/stypendia-w-polsce.jpg\",\"datePublished\":\"2019-06-27T10:10:58+00:00\",\"dateModified\":\"2022-10-01T10:10:10+00:00\",\"breadcrumb\":{\"@id\":\"https:\/\/instytutpolski.pl\/bratislava\/spoznajte-polsko\/stipendia-v-polsku\/#breadcrumb\"},\"inLanguage\":\"pl-PL\",\"potentialAction\":[{\"@type\":\"ReadAction\",\"target\":[\"https:\/\/instytutpolski.pl\/bratislava\/spoznajte-polsko\/stipendia-v-polsku\/\"]}]},{\"@type\":\"ImageObject\",\"inLanguage\":\"pl-PL\",\"@id\":\"https:\/\/instytutpolski.pl\/bratislava\/spoznajte-polsko\/stipendia-v-polsku\/#primaryimage\",\"url\":\"https:\/\/instytutpolski.pl\/bratislava\/wp-content\/uploads\/sites\/13\/2019\/06\/stypendia-w-polsce.jpg\",\"contentUrl\":\"https:\/\/instytutpolski.pl\/bratislava\/wp-content\/uploads\/sites\/13\/2019\/06\/stypendia-w-polsce.jpg\",\"width\":1920,\"height\":700},{\"@type\":\"BreadcrumbList\",\"@id\":\"https:\/\/instytutpolski.pl\/bratislava\/spoznajte-polsko\/stipendia-v-polsku\/#breadcrumb\",\"itemListElement\":[{\"@type\":\"ListItem\",\"position\":1,\"name\":\"Home\",\"item\":\"https:\/\/instytutpolski.pl\/bratislava\/\"},{\"@type\":\"ListItem\",\"position\":2,\"name\":\"Spoznajte Po\u013esko\",\"item\":\"https:\/\/instytutpolski.pl\/bratislava\/spoznajte-polsko\/\"},{\"@type\":\"ListItem\",\"position\":3,\"name\":\"\u0160tipendi\u00e1 v Po\u013esku\"}]},{\"@type\":\"WebSite\",\"@id\":\"https:\/\/instytutpolski.pl\/bratislava\/#website\",\"url\":\"https:\/\/instytutpolski.pl\/bratislava\/\",\"name\":\"Instytut Polski w Bratys\u0142awie\",\"description\":\"Instytuty Polskie\",\"potentialAction\":[{\"@type\":\"SearchAction\",\"target\":{\"@type\":\"EntryPoint\",\"urlTemplate\":\"https:\/\/instytutpolski.pl\/bratislava\/?s={search_term_string}\"},\"query-input\":{\"@type\":\"PropertyValueSpecification\",\"valueRequired\":true,\"valueName\":\"search_term_string\"}}],\"inLanguage\":\"pl-PL\"}]}<\/script>\n<!-- \/ Yoast SEO plugin. -->","yoast_head_json":{"title":"\u0160tipendi\u00e1 v Po\u013esku - Instytut Polski w Bratys\u0142awie","robots":{"index":"index","follow":"follow","max-snippet":"max-snippet:-1","max-image-preview":"max-image-preview:large","max-video-preview":"max-video-preview:-1"},"canonical":"https:\/\/instytutpolski.pl\/bratislava\/spoznajte-polsko\/stipendia-v-polsku\/","og_locale":"pl_PL","og_type":"article","og_title":"\u0160tipendi\u00e1 v Po\u013esku - Instytut Polski w Bratys\u0142awie","og_description":"Po\u013esko pon\u00faka nieko\u013eko druhov \u0161tipendi\u00ed pre cudzincov, ktor\u00ed chc\u00fa v Po\u013esku \u0161tudova\u0165 a realizova\u0165 tu v\u00fdskum. Z\u00e1ujemcovia maj\u00fa dispoz\u00edcii napr.: Erasmus+, \u0161tipendi\u00e1 v r\u00e1mci bilater\u00e1lnych doh\u00f4d, stredoeur\u00f3psky program v\u00fdmenn\u00fdch pobytov CEEPUS, vy\u0161ehradsk\u00fd \u0161tipendijn\u00fd program, \u0161tipendi\u00e1 pre \u0161tudentov z kraj\u00edn V\u00fdchodn\u00e9ho partnerstva a postsovietskych kraj\u00edn, \u0161tipendi\u00e1 pre ob\u010danov rozvojov\u00fdch kraj\u00edn, Fulbrightov program, \u0161tipendijn\u00fd program Lanea Kirklanda, [&hellip;]","og_url":"https:\/\/instytutpolski.pl\/bratislava\/spoznajte-polsko\/stipendia-v-polsku\/","og_site_name":"Instytut Polski w Bratys\u0142awie","article_modified_time":"2022-10-01T10:10:10+00:00","og_image":[{"width":1920,"height":700,"url":"https:\/\/instytutpolski.pl\/bratislava\/wp-content\/uploads\/sites\/13\/2019\/06\/stypendia-w-polsce.jpg","type":"image\/jpeg"}],"twitter_card":"summary_large_image","twitter_misc":{"Szacowany czas czytania":"1 minuta"},"schema":{"@context":"https:\/\/schema.org","@graph":[{"@type":"WebPage","@id":"https:\/\/instytutpolski.pl\/bratislava\/spoznajte-polsko\/stipendia-v-polsku\/","url":"https:\/\/instytutpolski.pl\/bratislava\/spoznajte-polsko\/stipendia-v-polsku\/","name":"\u0160tipendi\u00e1 v Po\u013esku - Instytut Polski w Bratys\u0142awie","isPartOf":{"@id":"https:\/\/instytutpolski.pl\/bratislava\/#website"},"primaryImageOfPage":{"@id":"https:\/\/instytutpolski.pl\/bratislava\/spoznajte-polsko\/stipendia-v-polsku\/#primaryimage"},"image":{"@id":"https:\/\/instytutpolski.pl\/bratislava\/spoznajte-polsko\/stipendia-v-polsku\/#primaryimage"},"thumbnailUrl":"https:\/\/instytutpolski.pl\/bratislava\/wp-content\/uploads\/sites\/13\/2019\/06\/stypendia-w-polsce.jpg","datePublished":"2019-06-27T10:10:58+00:00","dateModified":"2022-10-01T10:10:10+00:00","breadcrumb":{"@id":"https:\/\/instytutpolski.pl\/bratislava\/spoznajte-polsko\/stipendia-v-polsku\/#breadcrumb"},"inLanguage":"pl-PL","potentialAction":[{"@type":"ReadAction","target":["https:\/\/instytutpolski.pl\/bratislava\/spoznajte-polsko\/stipendia-v-polsku\/"]}]},{"@type":"ImageObject","inLanguage":"pl-PL","@id":"https:\/\/instytutpolski.pl\/bratislava\/spoznajte-polsko\/stipendia-v-polsku\/#primaryimage","url":"https:\/\/instytutpolski.pl\/bratislava\/wp-content\/uploads\/sites\/13\/2019\/06\/stypendia-w-polsce.jpg","contentUrl":"https:\/\/instytutpolski.pl\/bratislava\/wp-content\/uploads\/sites\/13\/2019\/06\/stypendia-w-polsce.jpg","width":1920,"height":700},{"@type":"BreadcrumbList","@id":"https:\/\/instytutpolski.pl\/bratislava\/spoznajte-polsko\/stipendia-v-polsku\/#breadcrumb","itemListElement":[{"@type":"ListItem","position":1,"name":"Home","item":"https:\/\/instytutpolski.pl\/bratislava\/"},{"@type":"ListItem","position":2,"name":"Spoznajte Po\u013esko","item":"https:\/\/instytutpolski.pl\/bratislava\/spoznajte-polsko\/"},{"@type":"ListItem","position":3,"name":"\u0160tipendi\u00e1 v Po\u013esku"}]},{"@type":"WebSite","@id":"https:\/\/instytutpolski.pl\/bratislava\/#website","url":"https:\/\/instytutpolski.pl\/bratislava\/","name":"Instytut Polski w Bratys\u0142awie","description":"Instytuty Polskie","potentialAction":[{"@type":"SearchAction","target":{"@type":"EntryPoint","urlTemplate":"https:\/\/instytutpolski.pl\/bratislava\/?s={search_term_string}"},"query-input":{"@type":"PropertyValueSpecification","valueRequired":true,"valueName":"search_term_string"}}],"inLanguage":"pl-PL"}]}},"_links":{"self":[{"href":"https:\/\/instytutpolski.pl\/bratislava\/wp-json\/wp\/v2\/pages\/554","targetHints":{"allow":["GET"]}}],"collection":[{"href":"https:\/\/instytutpolski.pl\/bratislava\/wp-json\/wp\/v2\/pages"}],"about":[{"href":"https:\/\/instytutpolski.pl\/bratislava\/wp-json\/wp\/v2\/types\/page"}],"author":[{"embeddable":true,"href":"https:\/\/instytutpolski.pl\/bratislava\/wp-json\/wp\/v2\/users\/1"}],"replies":[{"embeddable":true,"href":"https:\/\/instytutpolski.pl\/bratislava\/wp-json\/wp\/v2\/comments?post=554"}],"version-history":[{"count":5,"href":"https:\/\/instytutpolski.pl\/bratislava\/wp-json\/wp\/v2\/pages\/554\/revisions"}],"predecessor-version":[{"id":5313,"href":"https:\/\/instytutpolski.pl\/bratislava\/wp-json\/wp\/v2\/pages\/554\/revisions\/5313"}],"up":[{"embeddable":true,"href":"https:\/\/instytutpolski.pl\/bratislava\/wp-json\/wp\/v2\/pages\/542"}],"wp:featuredmedia":[{"embeddable":true,"href":"https:\/\/instytutpolski.pl\/bratislava\/wp-json\/wp\/v2\/media\/555"}],"wp:attachment":[{"href":"https:\/\/instytutpolski.pl\/bratislava\/wp-json\/wp\/v2\/media?parent=554"}],"curies":[{"name":"wp","href":"https:\/\/api.w.org\/{rel}","templated":true}]}}