{"id":560,"date":"2019-06-27T12:14:09","date_gmt":"2019-06-27T10:14:09","guid":{"rendered":"https:\/\/instytutpolski.pl\/bratyslawa\/?page_id=560"},"modified":"2022-09-27T17:36:25","modified_gmt":"2022-09-27T15:36:25","slug":"vedecke-stipendia","status":"publish","type":"page","link":"https:\/\/instytutpolski.pl\/bratislava\/spoznajte-polsko\/stipendia-v-polsku\/vedecke-stipendia\/","title":{"rendered":"Vedeck\u00e9 \u0161tipendi\u00e1"},"content":{"rendered":"\n<p>Vybran\u00e9 projekty pre vedcov a doktorandov:<\/p>\n\n\n\n<ul class=\"wp-block-list\"><li><strong><a href=\"https:\/\/nawa.gov.pl\/studenci\/studenci-zagraniczni\/program-poland-my-first-choice\">Program Poland My First Choice<\/a><\/strong> &#8211; program ur\u010den\u00fd pre zahrani\u010dn\u00fdch \u0161tudentov, ktor\u00ed chc\u00fa \u0161tudova\u0165 magistersk\u00fd stupe\u0148 v Po\u013esku.<\/li><li><strong><a href=\"https:\/\/nawa.gov.pl\/naukowcy\/polskie-powroty\">Polskie Powroty<\/a><\/strong> &#8211; program na podporu n\u00e1vratu vynikaj\u00facich po\u013esk\u00fdch vedcov do Po\u013eska. Je ur\u010den\u00fd pre po\u013esk\u00fdch vedcov pracuj\u00facich v zahrani\u010dn\u00fdch vedeck\u00fdch in\u0161tit\u00faci\u00e1ch, ktor\u00ed chc\u00fa po n\u00e1vrate do Po\u013eska vyu\u017ei\u0165 vedomosti a sk\u00fasenosti z\u00edskan\u00e9 v zahrani\u010d\u00ed, napr. vytvori\u0165 vlastn\u00fd v\u00fdskumn\u00fd t\u00edm alebo sa podie\u013ea\u0165 na v\u00fdskume v existuj\u00facich v\u00fdskumn\u00fdch skupin\u00e1ch.<\/li><li><strong><a href=\"https:\/\/nawa.gov.pl\/naukowcy\/program-im-ulama\">Program Stanis\u0142awa Ulama<\/a><\/strong> &#8211; \u0161tipendium umo\u017e\u0148uje realizova\u0165 v\u00fdskumn\u00e9 aktivity vr\u00e1tane v\u00fdskumu v spolupr\u00e1ci s po\u013esk\u00fdmi vedcami alebo vedeck\u00fdmi t\u00edmami; postgradu\u00e1lne st\u00e1\u017ee; z\u00edskavanie materi\u00e1lov pre v\u00fdskum alebo pre vedeck\u00e9 publik\u00e1cie; pedagogick\u00fa \u010dinnos\u0165 v hos\u0165uj\u00facej in\u0161tit\u00facii.<\/li><li><strong><a href=\"https:\/\/nawa.gov.pl\/studenci\/studenci-zagraniczni\/program-im-gen-andersa\">\u0160tipendijn\u00fd program Gen. W. Andersa<\/a><\/strong> pre po\u013esk\u00fdch krajanov \u017eij\u00facich v zahrani\u010d\u00ed &#8211; \u0161tipendium sa ude\u013euje mlad\u00fdm \u013eu\u010fom po\u013esk\u00e9ho p\u00f4vodu, ob\u010danom t\u00fdchto kraj\u00edn: Alb\u00e1nsko, Arm\u00e9nsko, Azerbajd\u017ean, Bielorusko, Bulharsko, \u010cesko, Chorv\u00e1tsko, Est\u00f3nsko, Gruz\u00ednsko, Kazachstan, Kirgizstan, Litva, Loty\u0161sko, Severn\u00e9 Maced\u00f3nsko, Moldavsko, Rusko, Rumunsko, Srbsko, Slovensko, Tad\u017eikistan, Turkmenistan, Ukrajina, USA, Uzbekistan, Ma\u010farsko a \u0161t\u00e1ty ju\u017enej a strednej Ameriky a Afriky.<\/li><li><strong><a href=\"https:\/\/nawa.gov.pl\/studenci\/studenci-zagraniczni\/program-stypendialny-im-stefana-banacha\">\u0160tipendijn\u00fd program Stefana Banacha<\/a><\/strong> &#8211; vznikol z iniciat\u00edvy Ministerstva zahrani\u010dn\u00fdch vec\u00ed Po\u013eskej republiky a N\u00e1rodnej agent\u00fary pre akademick\u00fa v\u00fdmenu (NAWA). Cie\u013eom programu, ktor\u00fd je ur\u010den\u00fd ob\u010danom kraj\u00edn V\u00fdchodn\u00e9ho partnerstva, Strednej \u00c1zie a z\u00e1padn\u00e9ho Balk\u00e1nu, je podpori\u0165 rozvoj t\u00fdchto kraj\u00edn prostredn\u00edctvom zvy\u0161ovania \u00farovne vzdel\u00e1vania.<\/li><li><strong><a href=\"https:\/\/nawa.gov.pl\/studenci\/studenci-zagraniczni\/programy-zakonczone\/program-stypendialny-im-ignacego-lukasiewicza\">\u0160tipendijn\u00fd program Ignacyho \u0141ukasiewicza<\/a><\/strong> &#8211; jeho vznik tie\u017e iniciovali spolo\u010dne Ministerstvo zahrani\u010dn\u00fdch vec\u00ed Po\u013eskej republiky a NAWA v r\u00e1mci po\u013eskej rozvojovej pomoci. Podobne ako \u0161tipendijn\u00fd program Stefana Banacha podporuje hospod\u00e1rsky a soci\u00e1lny rozvoj rozvojov\u00fdch kraj\u00edn (neplat\u00ed pre eur\u00f3pske a stredo\u00e1zijsk\u00e9 krajiny). Prednos\u0165 maj\u00fa uch\u00e1dza\u010di z t\u00fdchto kraj\u00edn: Angola, Eti\u00f3pia, Filip\u00edny, India, Indon\u00e9zia, Ke\u0148a, Kolumbia, Libanon, Mexiko, Mjanmarsko, Nig\u00e9ria, Palest\u00edna, Peru, Ju\u017en\u00e1 Afrika, Senegal, Tanz\u00e1nia, Uganda, Vietnam.<\/li><\/ul>\n\n\n\n<p>Viac inform\u00e1ci\u00ed o aktu\u00e1lnych programoch NAWA n\u00e1jdete <strong><a href=\"https:\/\/nawa.gov.pl\/programy-nawa\/programy-nawa-alias\/trwajace\">tu<\/a><\/strong>.<\/p>\n","protected":false},"excerpt":{"rendered":"<p>Vybran\u00e9 projekty pre vedcov a doktorandov: Program Poland My First Choice &#8211; program ur\u010den\u00fd pre zahrani\u010dn\u00fdch \u0161tudentov, ktor\u00ed chc\u00fa \u0161tudova\u0165 magistersk\u00fd stupe\u0148 v Po\u013esku. Polskie Powroty &#8211; program na podporu n\u00e1vratu vynikaj\u00facich po\u013esk\u00fdch vedcov do Po\u013eska. Je ur\u010den\u00fd pre po\u013esk\u00fdch vedcov pracuj\u00facich v zahrani\u010dn\u00fdch vedeck\u00fdch in\u0161tit\u00faci\u00e1ch, ktor\u00ed chc\u00fa po n\u00e1vrate do Po\u013eska vyu\u017ei\u0165 vedomosti a [&hellip;]<\/p>\n","protected":false},"author":1,"featured_media":0,"parent":554,"menu_order":0,"comment_status":"closed","ping_status":"closed","template":"","meta":{"inline_featured_image":false,"_monsterinsights_skip_tracking":false,"_monsterinsights_sitenote_active":false,"_monsterinsights_sitenote_note":"","_monsterinsights_sitenote_category":0,"footnotes":""},"class_list":["post-560","page","type-page","status-publish","hentry"],"yoast_head":"<!-- This site is optimized with the Yoast SEO plugin v24.6 - https:\/\/yoast.com\/wordpress\/plugins\/seo\/ -->\n<title>Vedeck\u00e9 \u0161tipendi\u00e1 - Instytut Polski w Bratys\u0142awie<\/title>\n<meta name=\"robots\" content=\"index, follow, max-snippet:-1, max-image-preview:large, max-video-preview:-1\" \/>\n<link rel=\"canonical\" href=\"https:\/\/instytutpolski.pl\/bratislava\/spoznajte-polsko\/stipendia-v-polsku\/vedecke-stipendia\/\" \/>\n<meta property=\"og:locale\" content=\"pl_PL\" \/>\n<meta property=\"og:type\" content=\"article\" \/>\n<meta property=\"og:title\" content=\"Vedeck\u00e9 \u0161tipendi\u00e1 - Instytut Polski w Bratys\u0142awie\" \/>\n<meta property=\"og:description\" content=\"Vybran\u00e9 projekty pre vedcov a doktorandov: Program Poland My First Choice &#8211; program ur\u010den\u00fd pre zahrani\u010dn\u00fdch \u0161tudentov, ktor\u00ed chc\u00fa \u0161tudova\u0165 magistersk\u00fd stupe\u0148 v Po\u013esku. Polskie Powroty &#8211; program na podporu n\u00e1vratu vynikaj\u00facich po\u013esk\u00fdch vedcov do Po\u013eska. Je ur\u010den\u00fd pre po\u013esk\u00fdch vedcov pracuj\u00facich v zahrani\u010dn\u00fdch vedeck\u00fdch in\u0161tit\u00faci\u00e1ch, ktor\u00ed chc\u00fa po n\u00e1vrate do Po\u013eska vyu\u017ei\u0165 vedomosti a [&hellip;]\" \/>\n<meta property=\"og:url\" content=\"https:\/\/instytutpolski.pl\/bratislava\/spoznajte-polsko\/stipendia-v-polsku\/vedecke-stipendia\/\" \/>\n<meta property=\"og:site_name\" content=\"Instytut Polski w Bratys\u0142awie\" \/>\n<meta property=\"article:modified_time\" content=\"2022-09-27T15:36:25+00:00\" \/>\n<meta name=\"twitter:card\" content=\"summary_large_image\" \/>\n<meta name=\"twitter:label1\" content=\"Szacowany czas czytania\" \/>\n\t<meta name=\"twitter:data1\" content=\"2 minuty\" \/>\n<script type=\"application\/ld+json\" class=\"yoast-schema-graph\">{\"@context\":\"https:\/\/schema.org\",\"@graph\":[{\"@type\":\"WebPage\",\"@id\":\"https:\/\/instytutpolski.pl\/bratislava\/spoznajte-polsko\/stipendia-v-polsku\/vedecke-stipendia\/\",\"url\":\"https:\/\/instytutpolski.pl\/bratislava\/spoznajte-polsko\/stipendia-v-polsku\/vedecke-stipendia\/\",\"name\":\"Vedeck\u00e9 \u0161tipendi\u00e1 - Instytut Polski w Bratys\u0142awie\",\"isPartOf\":{\"@id\":\"https:\/\/instytutpolski.pl\/bratislava\/#website\"},\"datePublished\":\"2019-06-27T10:14:09+00:00\",\"dateModified\":\"2022-09-27T15:36:25+00:00\",\"breadcrumb\":{\"@id\":\"https:\/\/instytutpolski.pl\/bratislava\/spoznajte-polsko\/stipendia-v-polsku\/vedecke-stipendia\/#breadcrumb\"},\"inLanguage\":\"pl-PL\",\"potentialAction\":[{\"@type\":\"ReadAction\",\"target\":[\"https:\/\/instytutpolski.pl\/bratislava\/spoznajte-polsko\/stipendia-v-polsku\/vedecke-stipendia\/\"]}]},{\"@type\":\"BreadcrumbList\",\"@id\":\"https:\/\/instytutpolski.pl\/bratislava\/spoznajte-polsko\/stipendia-v-polsku\/vedecke-stipendia\/#breadcrumb\",\"itemListElement\":[{\"@type\":\"ListItem\",\"position\":1,\"name\":\"Home\",\"item\":\"https:\/\/instytutpolski.pl\/bratislava\/\"},{\"@type\":\"ListItem\",\"position\":2,\"name\":\"Spoznajte Po\u013esko\",\"item\":\"https:\/\/instytutpolski.pl\/bratislava\/spoznajte-polsko\/\"},{\"@type\":\"ListItem\",\"position\":3,\"name\":\"\u0160tipendi\u00e1 v Po\u013esku\",\"item\":\"https:\/\/instytutpolski.pl\/bratislava\/spoznajte-polsko\/stipendia-v-polsku\/\"},{\"@type\":\"ListItem\",\"position\":4,\"name\":\"Vedeck\u00e9 \u0161tipendi\u00e1\"}]},{\"@type\":\"WebSite\",\"@id\":\"https:\/\/instytutpolski.pl\/bratislava\/#website\",\"url\":\"https:\/\/instytutpolski.pl\/bratislava\/\",\"name\":\"Instytut Polski w Bratys\u0142awie\",\"description\":\"Instytuty Polskie\",\"potentialAction\":[{\"@type\":\"SearchAction\",\"target\":{\"@type\":\"EntryPoint\",\"urlTemplate\":\"https:\/\/instytutpolski.pl\/bratislava\/?s={search_term_string}\"},\"query-input\":{\"@type\":\"PropertyValueSpecification\",\"valueRequired\":true,\"valueName\":\"search_term_string\"}}],\"inLanguage\":\"pl-PL\"}]}<\/script>\n<!-- \/ Yoast SEO plugin. -->","yoast_head_json":{"title":"Vedeck\u00e9 \u0161tipendi\u00e1 - Instytut Polski w Bratys\u0142awie","robots":{"index":"index","follow":"follow","max-snippet":"max-snippet:-1","max-image-preview":"max-image-preview:large","max-video-preview":"max-video-preview:-1"},"canonical":"https:\/\/instytutpolski.pl\/bratislava\/spoznajte-polsko\/stipendia-v-polsku\/vedecke-stipendia\/","og_locale":"pl_PL","og_type":"article","og_title":"Vedeck\u00e9 \u0161tipendi\u00e1 - Instytut Polski w Bratys\u0142awie","og_description":"Vybran\u00e9 projekty pre vedcov a doktorandov: Program Poland My First Choice &#8211; program ur\u010den\u00fd pre zahrani\u010dn\u00fdch \u0161tudentov, ktor\u00ed chc\u00fa \u0161tudova\u0165 magistersk\u00fd stupe\u0148 v Po\u013esku. Polskie Powroty &#8211; program na podporu n\u00e1vratu vynikaj\u00facich po\u013esk\u00fdch vedcov do Po\u013eska. Je ur\u010den\u00fd pre po\u013esk\u00fdch vedcov pracuj\u00facich v zahrani\u010dn\u00fdch vedeck\u00fdch in\u0161tit\u00faci\u00e1ch, ktor\u00ed chc\u00fa po n\u00e1vrate do Po\u013eska vyu\u017ei\u0165 vedomosti a [&hellip;]","og_url":"https:\/\/instytutpolski.pl\/bratislava\/spoznajte-polsko\/stipendia-v-polsku\/vedecke-stipendia\/","og_site_name":"Instytut Polski w Bratys\u0142awie","article_modified_time":"2022-09-27T15:36:25+00:00","twitter_card":"summary_large_image","twitter_misc":{"Szacowany czas czytania":"2 minuty"},"schema":{"@context":"https:\/\/schema.org","@graph":[{"@type":"WebPage","@id":"https:\/\/instytutpolski.pl\/bratislava\/spoznajte-polsko\/stipendia-v-polsku\/vedecke-stipendia\/","url":"https:\/\/instytutpolski.pl\/bratislava\/spoznajte-polsko\/stipendia-v-polsku\/vedecke-stipendia\/","name":"Vedeck\u00e9 \u0161tipendi\u00e1 - Instytut Polski w Bratys\u0142awie","isPartOf":{"@id":"https:\/\/instytutpolski.pl\/bratislava\/#website"},"datePublished":"2019-06-27T10:14:09+00:00","dateModified":"2022-09-27T15:36:25+00:00","breadcrumb":{"@id":"https:\/\/instytutpolski.pl\/bratislava\/spoznajte-polsko\/stipendia-v-polsku\/vedecke-stipendia\/#breadcrumb"},"inLanguage":"pl-PL","potentialAction":[{"@type":"ReadAction","target":["https:\/\/instytutpolski.pl\/bratislava\/spoznajte-polsko\/stipendia-v-polsku\/vedecke-stipendia\/"]}]},{"@type":"BreadcrumbList","@id":"https:\/\/instytutpolski.pl\/bratislava\/spoznajte-polsko\/stipendia-v-polsku\/vedecke-stipendia\/#breadcrumb","itemListElement":[{"@type":"ListItem","position":1,"name":"Home","item":"https:\/\/instytutpolski.pl\/bratislava\/"},{"@type":"ListItem","position":2,"name":"Spoznajte Po\u013esko","item":"https:\/\/instytutpolski.pl\/bratislava\/spoznajte-polsko\/"},{"@type":"ListItem","position":3,"name":"\u0160tipendi\u00e1 v Po\u013esku","item":"https:\/\/instytutpolski.pl\/bratislava\/spoznajte-polsko\/stipendia-v-polsku\/"},{"@type":"ListItem","position":4,"name":"Vedeck\u00e9 \u0161tipendi\u00e1"}]},{"@type":"WebSite","@id":"https:\/\/instytutpolski.pl\/bratislava\/#website","url":"https:\/\/instytutpolski.pl\/bratislava\/","name":"Instytut Polski w Bratys\u0142awie","description":"Instytuty Polskie","potentialAction":[{"@type":"SearchAction","target":{"@type":"EntryPoint","urlTemplate":"https:\/\/instytutpolski.pl\/bratislava\/?s={search_term_string}"},"query-input":{"@type":"PropertyValueSpecification","valueRequired":true,"valueName":"search_term_string"}}],"inLanguage":"pl-PL"}]}},"_links":{"self":[{"href":"https:\/\/instytutpolski.pl\/bratislava\/wp-json\/wp\/v2\/pages\/560","targetHints":{"allow":["GET"]}}],"collection":[{"href":"https:\/\/instytutpolski.pl\/bratislava\/wp-json\/wp\/v2\/pages"}],"about":[{"href":"https:\/\/instytutpolski.pl\/bratislava\/wp-json\/wp\/v2\/types\/page"}],"author":[{"embeddable":true,"href":"https:\/\/instytutpolski.pl\/bratislava\/wp-json\/wp\/v2\/users\/1"}],"replies":[{"embeddable":true,"href":"https:\/\/instytutpolski.pl\/bratislava\/wp-json\/wp\/v2\/comments?post=560"}],"version-history":[{"count":3,"href":"https:\/\/instytutpolski.pl\/bratislava\/wp-json\/wp\/v2\/pages\/560\/revisions"}],"predecessor-version":[{"id":5232,"href":"https:\/\/instytutpolski.pl\/bratislava\/wp-json\/wp\/v2\/pages\/560\/revisions\/5232"}],"up":[{"embeddable":true,"href":"https:\/\/instytutpolski.pl\/bratislava\/wp-json\/wp\/v2\/pages\/554"}],"wp:attachment":[{"href":"https:\/\/instytutpolski.pl\/bratislava\/wp-json\/wp\/v2\/media?parent=560"}],"curies":[{"name":"wp","href":"https:\/\/api.w.org\/{rel}","templated":true}]}}