{"id":562,"date":"2019-06-27T12:14:09","date_gmt":"2019-06-27T10:14:09","guid":{"rendered":"https:\/\/instytutpolski.pl\/bratyslawa\/?page_id=562"},"modified":"2022-10-01T12:11:06","modified_gmt":"2022-10-01T10:11:06","slug":"stypendia-naukowe","status":"publish","type":"page","link":"https:\/\/instytutpolski.pl\/bratislava\/pl\/poznaj-polske\/stypendia-w-polsce\/stypendia-naukowe\/","title":{"rendered":"Stypendia naukowe"},"content":{"rendered":"\n<p>W\u015br\u00f3d projekt\u00f3w dedykowanych naukowcom i doktorantom znajduj\u0105 si\u0119:<\/p>\n\n\n\n<ul class=\"wp-block-list\"><li><strong>Program Poland My First Choice&nbsp;<\/strong>\u2013 skierowany do student\u00f3w zagranicznych zainteresowanych odbyciem studi\u00f3w II stopnia i uzyskaniem tytu\u0142u magistra na polskiej uczelni.<\/li><\/ul>\n\n\n\n<p><strong><em>Wi\u0119cej informacji o programie oraz pe\u0142na lista kraj\u00f3w partnerskich<\/em><\/strong><strong>:&nbsp;<\/strong><a href=\"https:\/\/www.nawa.gov.pl\/studenci\/studenci-zagraniczni\/program-poland-my-first-choice\">https:\/\/www.nawa.gov.pl\/studenci\/studenci-zagraniczni\/program-poland-my-first-choice<\/a><\/p>\n\n\n\n<ul class=\"wp-block-list\"><li><strong>Polskie Powroty<\/strong>&nbsp;\u2013&nbsp;&nbsp;program wspiera wyr\u00f3\u017cniaj\u0105cych si\u0119 polskich naukowc\u00f3w w powrocie do kraju. Skierowany do polskich naukowc\u00f3w pracuj\u0105cych w&nbsp;zagranicznych instytucjach naukowych, kt\u00f3rzy zdobyt\u0105 poza krajem wiedz\u0119 i&nbsp;do\u015bwiadczenie chc\u0105 wykorzysta\u0107 po powrocie do Polski, rozwijaj\u0105c w\u0142asn\u0105 grup\u0119 badawcz\u0105 b\u0105d\u017a w\u0142\u0105czaj\u0105c si\u0119 w&nbsp;badania prowadzone w&nbsp;ju\u017c dzia\u0142aj\u0105cych zespo\u0142ach naukowych.<\/li><\/ul>\n\n\n\n<p><em>Wi\u0119cej informacji o programie<\/em>:&nbsp;<a href=\"https:\/\/nawa.gov.pl\/naukowcy\/polskie-powroty\">https:\/\/nawa.gov.pl\/naukowcy\/polskie-powroty<\/a><\/p>\n\n\n\n<ul class=\"wp-block-list\"><li><strong>Program im. Ulama<\/strong>&nbsp;\u2013 Stypendium umo\u017cliwia prowadzenie bada\u0144 naukowych, w tym we wsp\u00f3\u0142pracy z polskimi naukowcami lub grupami badawczymi; odbycie sta\u017cu podoktorskiego; pozyskanie materia\u0142\u00f3w do bada\u0144 lub publikacji naukowej; prowadzenie zaj\u0119\u0107 dydaktycznych w o\u015brodku goszcz\u0105cym.&nbsp;<\/li><\/ul>\n\n\n\n<p><em>Wi\u0119cej informacji o programie<\/em>:&nbsp;<a href=\"https:\/\/nawa.gov.pl\/naukowcy\/program-im-ulama\">https:\/\/nawa.gov.pl\/naukowcy\/program-im-ulama<\/a><\/p>\n\n\n\n<ul class=\"wp-block-list\"><li><strong>Program Stypendialny dla Polonii im. gen. W\u0142. Andersa<\/strong>&nbsp;\u2013<strong>&nbsp;<\/strong>stypendium<strong>&nbsp;<\/strong>oferowane m\u0142odzie\u017cy polskiego pochodzenia, obywateli jednego z nast\u0119puj\u0105cych pa\u0144stw: Albania, Armenia, Azerbejd\u017can, Bia\u0142oru\u015b, Bu\u0142garia, Czechy, Chorwacja, Estonia, Gruzja, Kazachstan, Kirgistan, Litwa, \u0141otwa, Macedonia, Mo\u0142dawia, Rosja, Rumunia, Serbia, S\u0142owacja, Tad\u017cykistan, Turkmenistan, Ukraina, USA, Uzbekistan, W\u0119gry oraz pa\u0144stw Ameryki Po\u0142udniowej, Ameryki \u015arodkowej i Afryki.&nbsp;<\/li><li><strong>Program Stypendialny im. Stefana Banacha \u2013&nbsp;<\/strong>powsta\u0142 z inicjatywy Ministerstwa Spraw Zagranicznych oraz Narodowej Agencji Wymiany Akademickiej. Celem programu skierowanego do obywateli pa\u0144stw Partnerstwa Wschodniego, Azji Centralnej oraz kraj\u00f3w Ba\u0142kan\u00f3w Zachodnich, jest wspieranie rozwoju spo\u0142eczno-gospodarczego kraj\u00f3w rozwijaj\u0105cych si\u0119 poprzez podnoszenie poziomu wiedzy i&nbsp;wykszta\u0142cenia obywateli.&nbsp;<\/li><\/ul>\n\n\n\n<p><strong><em>Wi\u0119cej informacji o programie<\/em><\/strong><strong>:&nbsp;<\/strong><a href=\"https:\/\/www.nawa.gov.pl\/studenci\/studenci-zagraniczni\/program-stypendialny-im-stefana-banacha\">https:\/\/www.nawa.gov.pl\/studenci\/studenci-zagraniczni\/program-stypendialny-im-stefana-banacha<\/a><\/p>\n\n\n\n<ul class=\"wp-block-list\"><li><strong>Program Stypendialny im. Ignacego \u0141ukasiewicza \u2013&nbsp;<\/strong>zainicjowany wsp\u00f3lnie przez MSZ oraz NAWA w ramach polskiej pomocy rozwojowej, podobnie jak w przypadku Programu Stypendialnego im. Stefana Banacha, wspiera on rozw\u00f3j spo\u0142eczno-gospodarczy kraj\u00f3w rozwijaj\u0105cych si\u0119 (bez kraj\u00f3w Europy i Azji Centralnej). Pierwsze\u0144stwo maj\u0105 aplikanci z nast\u0119puj\u0105cych kraj\u00f3w:&nbsp;<strong>Angola, Etiopia, Filipiny, Indie, Indonezja, Kenia, Kolumbia, Liban, Meksyk, Mjanma, Nigeria, Palestyna, Peru, RPA, Senegal, Tanzania, Uganda, Wietnam<\/strong><strong>.<\/strong><\/li><\/ul>\n\n\n\n<p><strong><em>Wi\u0119cej informacji o programie<\/em><\/strong><strong>:&nbsp;<\/strong><a href=\"https:\/\/www.nawa.gov.pl\/studenci\/studenci-zagraniczni\/program-stypendialny-im-ignacego-lukasiewicza\">https:\/\/www.nawa.gov.pl\/studenci\/studenci-zagraniczni\/program-stypendialny-im-ignacego-lukasiewicza<\/a><\/p>\n\n\n\n<p>Wi\u0119cej o programach NAWA:&nbsp;<a href=\"https:\/\/www.nawa.gov.pl\/programy-nawa\/programy-nawa-alias\/trwajace\">https:\/\/www.nawa.gov.pl\/programy-nawa\/programy-nawa-alias\/trwajace<\/a><br><br>\u2013 Trzymiesi\u0119czny program stypendialny Ministra Kultury, Dziedzictwa Narodowego i Sportu: Thesaurus Poloniae<br><a href=\"https:\/\/mck.krakow.pl\/thesaurus-poloniae\" target=\"_blank\" rel=\"noreferrer noopener\">https:\/\/mck.krakow.pl\/thesaurus-poloniae<\/a><\/p>\n","protected":false},"excerpt":{"rendered":"<p>W\u015br\u00f3d projekt\u00f3w dedykowanych naukowcom i doktorantom znajduj\u0105 si\u0119: Program Poland My First Choice&nbsp;\u2013 skierowany do student\u00f3w zagranicznych zainteresowanych odbyciem studi\u00f3w II stopnia i uzyskaniem tytu\u0142u magistra na polskiej uczelni. Wi\u0119cej informacji o programie oraz pe\u0142na lista kraj\u00f3w partnerskich:&nbsp;https:\/\/www.nawa.gov.pl\/studenci\/studenci-zagraniczni\/program-poland-my-first-choice Polskie Powroty&nbsp;\u2013&nbsp;&nbsp;program wspiera wyr\u00f3\u017cniaj\u0105cych si\u0119 polskich naukowc\u00f3w w powrocie do kraju. Skierowany do polskich naukowc\u00f3w pracuj\u0105cych w&nbsp;zagranicznych [&hellip;]<\/p>\n","protected":false},"author":1,"featured_media":0,"parent":558,"menu_order":0,"comment_status":"closed","ping_status":"closed","template":"","meta":{"inline_featured_image":false,"_monsterinsights_skip_tracking":false,"_monsterinsights_sitenote_active":false,"_monsterinsights_sitenote_note":"","_monsterinsights_sitenote_category":0,"footnotes":""},"class_list":["post-562","page","type-page","status-publish","hentry"],"yoast_head":"<!-- This site is optimized with the Yoast SEO plugin v24.6 - https:\/\/yoast.com\/wordpress\/plugins\/seo\/ -->\n<title>Stypendia naukowe - Instytut Polski w Bratys\u0142awie<\/title>\n<meta name=\"robots\" content=\"index, follow, max-snippet:-1, max-image-preview:large, max-video-preview:-1\" \/>\n<link rel=\"canonical\" href=\"https:\/\/instytutpolski.pl\/bratislava\/pl\/poznaj-polske\/stypendia-w-polsce\/stypendia-naukowe\/\" \/>\n<meta property=\"og:locale\" content=\"pl_PL\" \/>\n<meta property=\"og:type\" content=\"article\" \/>\n<meta property=\"og:title\" content=\"Stypendia naukowe - Instytut Polski w Bratys\u0142awie\" \/>\n<meta property=\"og:description\" content=\"W\u015br\u00f3d projekt\u00f3w dedykowanych naukowcom i doktorantom znajduj\u0105 si\u0119: Program Poland My First Choice&nbsp;\u2013 skierowany do student\u00f3w zagranicznych zainteresowanych odbyciem studi\u00f3w II stopnia i uzyskaniem tytu\u0142u magistra na polskiej uczelni. Wi\u0119cej informacji o programie oraz pe\u0142na lista kraj\u00f3w partnerskich:&nbsp;https:\/\/www.nawa.gov.pl\/studenci\/studenci-zagraniczni\/program-poland-my-first-choice Polskie Powroty&nbsp;\u2013&nbsp;&nbsp;program wspiera wyr\u00f3\u017cniaj\u0105cych si\u0119 polskich naukowc\u00f3w w powrocie do kraju. Skierowany do polskich naukowc\u00f3w pracuj\u0105cych w&nbsp;zagranicznych [&hellip;]\" \/>\n<meta property=\"og:url\" content=\"https:\/\/instytutpolski.pl\/bratislava\/pl\/poznaj-polske\/stypendia-w-polsce\/stypendia-naukowe\/\" \/>\n<meta property=\"og:site_name\" content=\"Instytut Polski w Bratys\u0142awie\" \/>\n<meta property=\"article:modified_time\" content=\"2022-10-01T10:11:06+00:00\" \/>\n<meta name=\"twitter:card\" content=\"summary_large_image\" \/>\n<meta name=\"twitter:label1\" content=\"Szacowany czas czytania\" \/>\n\t<meta name=\"twitter:data1\" content=\"2 minuty\" \/>\n<script type=\"application\/ld+json\" class=\"yoast-schema-graph\">{\"@context\":\"https:\/\/schema.org\",\"@graph\":[{\"@type\":\"WebPage\",\"@id\":\"https:\/\/instytutpolski.pl\/bratislava\/pl\/poznaj-polske\/stypendia-w-polsce\/stypendia-naukowe\/\",\"url\":\"https:\/\/instytutpolski.pl\/bratislava\/pl\/poznaj-polske\/stypendia-w-polsce\/stypendia-naukowe\/\",\"name\":\"Stypendia naukowe - Instytut Polski w Bratys\u0142awie\",\"isPartOf\":{\"@id\":\"https:\/\/instytutpolski.pl\/bratislava\/#website\"},\"datePublished\":\"2019-06-27T10:14:09+00:00\",\"dateModified\":\"2022-10-01T10:11:06+00:00\",\"breadcrumb\":{\"@id\":\"https:\/\/instytutpolski.pl\/bratislava\/pl\/poznaj-polske\/stypendia-w-polsce\/stypendia-naukowe\/#breadcrumb\"},\"inLanguage\":\"pl-PL\",\"potentialAction\":[{\"@type\":\"ReadAction\",\"target\":[\"https:\/\/instytutpolski.pl\/bratislava\/pl\/poznaj-polske\/stypendia-w-polsce\/stypendia-naukowe\/\"]}]},{\"@type\":\"BreadcrumbList\",\"@id\":\"https:\/\/instytutpolski.pl\/bratislava\/pl\/poznaj-polske\/stypendia-w-polsce\/stypendia-naukowe\/#breadcrumb\",\"itemListElement\":[{\"@type\":\"ListItem\",\"position\":1,\"name\":\"Home\",\"item\":\"https:\/\/instytutpolski.pl\/bratislava\/\"},{\"@type\":\"ListItem\",\"position\":2,\"name\":\"Poznaj Polsk\u0119\",\"item\":\"https:\/\/instytutpolski.pl\/bratislava\/pl\/poznaj-polske\/\"},{\"@type\":\"ListItem\",\"position\":3,\"name\":\"Stypendia w Polsce\",\"item\":\"https:\/\/instytutpolski.pl\/bratislava\/pl\/poznaj-polske\/stypendia-w-polsce\/\"},{\"@type\":\"ListItem\",\"position\":4,\"name\":\"Stypendia naukowe\"}]},{\"@type\":\"WebSite\",\"@id\":\"https:\/\/instytutpolski.pl\/bratislava\/#website\",\"url\":\"https:\/\/instytutpolski.pl\/bratislava\/\",\"name\":\"Instytut Polski w Bratys\u0142awie\",\"description\":\"Instytuty Polskie\",\"potentialAction\":[{\"@type\":\"SearchAction\",\"target\":{\"@type\":\"EntryPoint\",\"urlTemplate\":\"https:\/\/instytutpolski.pl\/bratislava\/?s={search_term_string}\"},\"query-input\":{\"@type\":\"PropertyValueSpecification\",\"valueRequired\":true,\"valueName\":\"search_term_string\"}}],\"inLanguage\":\"pl-PL\"}]}<\/script>\n<!-- \/ Yoast SEO plugin. -->","yoast_head_json":{"title":"Stypendia naukowe - Instytut Polski w Bratys\u0142awie","robots":{"index":"index","follow":"follow","max-snippet":"max-snippet:-1","max-image-preview":"max-image-preview:large","max-video-preview":"max-video-preview:-1"},"canonical":"https:\/\/instytutpolski.pl\/bratislava\/pl\/poznaj-polske\/stypendia-w-polsce\/stypendia-naukowe\/","og_locale":"pl_PL","og_type":"article","og_title":"Stypendia naukowe - Instytut Polski w Bratys\u0142awie","og_description":"W\u015br\u00f3d projekt\u00f3w dedykowanych naukowcom i doktorantom znajduj\u0105 si\u0119: Program Poland My First Choice&nbsp;\u2013 skierowany do student\u00f3w zagranicznych zainteresowanych odbyciem studi\u00f3w II stopnia i uzyskaniem tytu\u0142u magistra na polskiej uczelni. Wi\u0119cej informacji o programie oraz pe\u0142na lista kraj\u00f3w partnerskich:&nbsp;https:\/\/www.nawa.gov.pl\/studenci\/studenci-zagraniczni\/program-poland-my-first-choice Polskie Powroty&nbsp;\u2013&nbsp;&nbsp;program wspiera wyr\u00f3\u017cniaj\u0105cych si\u0119 polskich naukowc\u00f3w w powrocie do kraju. Skierowany do polskich naukowc\u00f3w pracuj\u0105cych w&nbsp;zagranicznych [&hellip;]","og_url":"https:\/\/instytutpolski.pl\/bratislava\/pl\/poznaj-polske\/stypendia-w-polsce\/stypendia-naukowe\/","og_site_name":"Instytut Polski w Bratys\u0142awie","article_modified_time":"2022-10-01T10:11:06+00:00","twitter_card":"summary_large_image","twitter_misc":{"Szacowany czas czytania":"2 minuty"},"schema":{"@context":"https:\/\/schema.org","@graph":[{"@type":"WebPage","@id":"https:\/\/instytutpolski.pl\/bratislava\/pl\/poznaj-polske\/stypendia-w-polsce\/stypendia-naukowe\/","url":"https:\/\/instytutpolski.pl\/bratislava\/pl\/poznaj-polske\/stypendia-w-polsce\/stypendia-naukowe\/","name":"Stypendia naukowe - Instytut Polski w Bratys\u0142awie","isPartOf":{"@id":"https:\/\/instytutpolski.pl\/bratislava\/#website"},"datePublished":"2019-06-27T10:14:09+00:00","dateModified":"2022-10-01T10:11:06+00:00","breadcrumb":{"@id":"https:\/\/instytutpolski.pl\/bratislava\/pl\/poznaj-polske\/stypendia-w-polsce\/stypendia-naukowe\/#breadcrumb"},"inLanguage":"pl-PL","potentialAction":[{"@type":"ReadAction","target":["https:\/\/instytutpolski.pl\/bratislava\/pl\/poznaj-polske\/stypendia-w-polsce\/stypendia-naukowe\/"]}]},{"@type":"BreadcrumbList","@id":"https:\/\/instytutpolski.pl\/bratislava\/pl\/poznaj-polske\/stypendia-w-polsce\/stypendia-naukowe\/#breadcrumb","itemListElement":[{"@type":"ListItem","position":1,"name":"Home","item":"https:\/\/instytutpolski.pl\/bratislava\/"},{"@type":"ListItem","position":2,"name":"Poznaj Polsk\u0119","item":"https:\/\/instytutpolski.pl\/bratislava\/pl\/poznaj-polske\/"},{"@type":"ListItem","position":3,"name":"Stypendia w Polsce","item":"https:\/\/instytutpolski.pl\/bratislava\/pl\/poznaj-polske\/stypendia-w-polsce\/"},{"@type":"ListItem","position":4,"name":"Stypendia naukowe"}]},{"@type":"WebSite","@id":"https:\/\/instytutpolski.pl\/bratislava\/#website","url":"https:\/\/instytutpolski.pl\/bratislava\/","name":"Instytut Polski w Bratys\u0142awie","description":"Instytuty Polskie","potentialAction":[{"@type":"SearchAction","target":{"@type":"EntryPoint","urlTemplate":"https:\/\/instytutpolski.pl\/bratislava\/?s={search_term_string}"},"query-input":{"@type":"PropertyValueSpecification","valueRequired":true,"valueName":"search_term_string"}}],"inLanguage":"pl-PL"}]}},"_links":{"self":[{"href":"https:\/\/instytutpolski.pl\/bratislava\/wp-json\/wp\/v2\/pages\/562","targetHints":{"allow":["GET"]}}],"collection":[{"href":"https:\/\/instytutpolski.pl\/bratislava\/wp-json\/wp\/v2\/pages"}],"about":[{"href":"https:\/\/instytutpolski.pl\/bratislava\/wp-json\/wp\/v2\/types\/page"}],"author":[{"embeddable":true,"href":"https:\/\/instytutpolski.pl\/bratislava\/wp-json\/wp\/v2\/users\/1"}],"replies":[{"embeddable":true,"href":"https:\/\/instytutpolski.pl\/bratislava\/wp-json\/wp\/v2\/comments?post=562"}],"version-history":[{"count":2,"href":"https:\/\/instytutpolski.pl\/bratislava\/wp-json\/wp\/v2\/pages\/562\/revisions"}],"predecessor-version":[{"id":5314,"href":"https:\/\/instytutpolski.pl\/bratislava\/wp-json\/wp\/v2\/pages\/562\/revisions\/5314"}],"up":[{"embeddable":true,"href":"https:\/\/instytutpolski.pl\/bratislava\/wp-json\/wp\/v2\/pages\/558"}],"wp:attachment":[{"href":"https:\/\/instytutpolski.pl\/bratislava\/wp-json\/wp\/v2\/media?parent=562"}],"curies":[{"name":"wp","href":"https:\/\/api.w.org\/{rel}","templated":true}]}}